{"id":51402,"date":"2025-09-30T09:41:35","date_gmt":"2025-09-30T09:41:35","guid":{"rendered":"https:\/\/lovme.pt\/?post_type=product&#038;p=51402"},"modified":"2026-02-19T20:01:42","modified_gmt":"2026-02-19T20:01:42","slug":"bijoux-lubrificante-pessoal-base-aquosa-75-ml","status":"publish","type":"product","link":"https:\/\/lovme.pt\/index.php\/produto\/bijoux-lubrificante-pessoal-base-aquosa-75-ml\/","title":{"rendered":"BIJOUX &#8211; LUBRIFICANTE \u00cdNTIMO \u00c0 BASE DE \u00c1GUA 75 ML"},"content":{"rendered":"<p><u><strong><span style=\"font-size: 13px;\">LUBRIFICANTE \u00cdNTIMO \u00c0 BASE DE \u00c1GUA<\/span><\/strong><\/u><\/p>\n<p> Este lubrificante \u00edntimo promove a lubrifica\u00e7\u00e3o natural e contribui para um microbioma saud\u00e1vel.<\/p>\n<p> Esta f\u00f3rmula mant\u00e9m os tecidos hidratados e macios, melhorando a hidrata\u00e7\u00e3o e a elasticidade para m\u00e1ximo conforto.<\/p>\n<p> Desfrute de prazeres ilimitados!<\/p>\n<p> <strong>Os principais destaques da nossa f\u00f3rmula:<\/strong><\/p>\n<ul>\n<li> \u00c0 BASE DE \u00c1GUA, a solu\u00e7\u00e3o mais pr\u00f3xima da lubrifica\u00e7\u00e3o natural.<\/li>\n<li> Favorece um microbioma saud\u00e1vel, pois um microbioma equilibrado ajuda a prevenir infec\u00e7\u00f5es bacterianas e f\u00fangicas.<\/li>\n<li> BAIXA OSMOLALIDADE 380 mOsm\/kg, correspondente \u00e0 osmolalidade dos fluidos vaginais (370 \u00b1 40 mOsm\/kg).<\/li>\n<li> Sem glicerina ou parabenos, para manter o equil\u00edbrio da flora vaginal.<\/li>\n<li> Sem fragr\u00e2ncias ou corantes, para minimizar o risco de alergias.<\/li>\n<li> pH \u00c1CIDO, id\u00eantico ao pH da vagina: 4,5.<\/li>\n<li> VEGANO, porque acreditamos em um mundo onde os animais n\u00e3o s\u00e3o explorados nem usados como ingredientes.<\/li>\n<\/ul>\n<p> Al\u00e9m dos muitos fatores que podem contribuir para a falta de lubrifica\u00e7\u00e3o (como dieta e n\u00edvel de estresse, por exemplo), os lubrificantes n\u00e3o s\u00e3o exclusivos de pessoas com vulva.<\/p>\n<p> S\u00e3o os aliados perfeitos para a masturba\u00e7\u00e3o, independentemente do sexo. Combinam perfeitamente com o seu brinquedo favorito e, acima de tudo, acompanham-nos quando precisamos de lubrificar zonas do corpo que n\u00e3o lubrificam naturalmente, tornando a experi\u00eancia segura, indolor e prazerosa.<br \/> Um lubrificante n\u00e3o \u00e9 apenas uma solu\u00e7\u00e3o para problemas, \u00e9 essencial para o prazer sexual.<\/p>\n<p> <strong>COMO?<\/strong><br \/> Ao escolher um lubrificante \u00e0 base de \u00e1gua de grau m\u00e9dico, formulado com ingredientes de alta qualidade para combinar com sua lubrifica\u00e7\u00e3o natural, sem fragr\u00e2ncia, corantes ou adi\u00e7\u00e3o de a\u00e7\u00facar.<\/p>\n<p> <strong>POR QUE?<\/strong><\/p>\n<ul>\n<li> \u00c0 BASE DE \u00c1GUA, a op\u00e7\u00e3o mais pr\u00f3xima da lubrifica\u00e7\u00e3o natural.<\/li>\n<li> PROMOVE UM MICROBIOMA SAUD\u00c1VEL, porque um microbioma saud\u00e1vel previne infec\u00e7\u00f5es causadas por bact\u00e9rias e fungos.<\/li>\n<li> BAIXA OSMOLALIDADE* 380 MOSM\/KG, pois a osmolalidade dos fluidos vaginais \u00e9 de 370 \u00b1 40 mOsm\/kg.<\/li>\n<li> Sem glicerina ou parabenos, para manter o equil\u00edbrio da flora vaginal.<\/li>\n<li> SEM FRAGR\u00c2NCIAS OU CORANTES, para evitar alergias.<\/li>\n<li> pH \u00e1cido, igual ao pH da vagina: 4,5. Um pH \u00e1cido.<\/li>\n<li> VEGANO, porque acreditamos em um mundo onde os animais n\u00e3o s\u00e3o testados e n\u00e3o s\u00e3o usados como ingrediente.<\/li>\n<li> <strong>Ingredientes<\/strong> : \u00c1GUA, GOMA XANTANA, BENZOATO DE S\u00d3DIO, PANTENOL, ALFA-GLUCANA OLIGOSSACAR\u00cdDEO, \u00c1CIDO L\u00c1CTICO, HIALURONATO DE S\u00d3DIO, SUCO DE FOLHA DE ALOE BARBADENSIS EM P\u00d3<\/li>\n<\/ul>\n","protected":false},"excerpt":{"rendered":"<p>BIJOUX &#8211; LUBRIFICANTE \u00cdNTIMO \u00c0 BASE DE \u00c1GUA 75 ML<\/p>\n","protected":false},"featured_media":55843,"template":"","meta":{"_acf_changed":false},"product_brand":[],"product_cat":[49,53],"product_tag":[],"class_list":{"0":"post-51402","1":"product","2":"type-product","3":"status-publish","4":"has-post-thumbnail","6":"product_cat-cosmeticos","7":"product_cat-lubrificantes-intimos","8":"yith_product_brand-bijoux-indiscretsbijoux-au-naturel","9":"yith_product_brand-bijoux-indiscrets","11":"first","12":"instock","13":"taxable","14":"shipping-taxable","15":"purchasable","16":"product-type-simple"},"acf":[],"yoast_head":"<!-- This site is optimized with the Yoast SEO plugin v27.4 - https:\/\/yoast.com\/product\/yoast-seo-wordpress\/ -->\n<title>BIJOUX - LUBRIFICANTE \u00cdNTIMO \u00c0 BASE DE \u00c1GUA 75 ML - Lovme<\/title>\n<meta name=\"robots\" content=\"index, follow, max-snippet:-1, max-image-preview:large, max-video-preview:-1\" \/>\n<link rel=\"canonical\" href=\"https:\/\/lovme.pt\/index.php\/produto\/bijoux-lubrificante-pessoal-base-aquosa-75-ml\/\" \/>\n<meta property=\"og:locale\" content=\"pt_PT\" \/>\n<meta property=\"og:type\" content=\"article\" \/>\n<meta property=\"og:title\" content=\"BIJOUX - LUBRIFICANTE \u00cdNTIMO \u00c0 BASE DE \u00c1GUA 75 ML - Lovme\" \/>\n<meta property=\"og:description\" content=\"BIJOUX - LUBRIFICANTE \u00cdNTIMO \u00c0 BASE DE \u00c1GUA 75 ML\" \/>\n<meta property=\"og:url\" content=\"https:\/\/lovme.pt\/index.php\/produto\/bijoux-lubrificante-pessoal-base-aquosa-75-ml\/\" \/>\n<meta property=\"og:site_name\" content=\"Lovme\" \/>\n<meta property=\"article:modified_time\" content=\"2026-02-19T20:01:42+00:00\" \/>\n<meta property=\"og:image\" content=\"https:\/\/erki24nd3ub.exactdn.com\/wp-content\/uploads\/dream\/img\/img_199902_b013812919c9c0c1794db8ac7a58392a_1.jpg?strip=all\" \/>\n\t<meta property=\"og:image:width\" content=\"800\" \/>\n\t<meta property=\"og:image:height\" content=\"800\" \/>\n\t<meta property=\"og:image:type\" content=\"image\/jpeg\" \/>\n<meta name=\"twitter:card\" content=\"summary_large_image\" \/>\n<meta name=\"twitter:label1\" content=\"Tempo estimado de leitura\" \/>\n\t<meta name=\"twitter:data1\" content=\"2 minutos\" \/>\n<script type=\"application\/ld+json\" class=\"yoast-schema-graph\">{\"@context\":\"https:\\\/\\\/schema.org\",\"@graph\":[{\"@type\":\"WebPage\",\"@id\":\"https:\\\/\\\/lovme.pt\\\/index.php\\\/produto\\\/bijoux-lubrificante-pessoal-base-aquosa-75-ml\\\/\",\"url\":\"https:\\\/\\\/lovme.pt\\\/index.php\\\/produto\\\/bijoux-lubrificante-pessoal-base-aquosa-75-ml\\\/\",\"name\":\"BIJOUX - LUBRIFICANTE \u00cdNTIMO \u00c0 BASE DE \u00c1GUA 75 ML - Lovme\",\"isPartOf\":{\"@id\":\"https:\\\/\\\/lovme.pt\\\/#website\"},\"primaryImageOfPage\":{\"@id\":\"https:\\\/\\\/lovme.pt\\\/index.php\\\/produto\\\/bijoux-lubrificante-pessoal-base-aquosa-75-ml\\\/#primaryimage\"},\"image\":{\"@id\":\"https:\\\/\\\/lovme.pt\\\/index.php\\\/produto\\\/bijoux-lubrificante-pessoal-base-aquosa-75-ml\\\/#primaryimage\"},\"thumbnailUrl\":\"https:\\\/\\\/erki24nd3ub.exactdn.com\\\/wp-content\\\/uploads\\\/dream\\\/img\\\/img_199902_b013812919c9c0c1794db8ac7a58392a_1.jpg?strip=all\",\"datePublished\":\"2025-09-30T09:41:35+00:00\",\"dateModified\":\"2026-02-19T20:01:42+00:00\",\"breadcrumb\":{\"@id\":\"https:\\\/\\\/lovme.pt\\\/index.php\\\/produto\\\/bijoux-lubrificante-pessoal-base-aquosa-75-ml\\\/#breadcrumb\"},\"inLanguage\":\"pt-PT\",\"potentialAction\":[{\"@type\":\"ReadAction\",\"target\":[\"https:\\\/\\\/lovme.pt\\\/index.php\\\/produto\\\/bijoux-lubrificante-pessoal-base-aquosa-75-ml\\\/\"]}]},{\"@type\":\"ImageObject\",\"inLanguage\":\"pt-PT\",\"@id\":\"https:\\\/\\\/lovme.pt\\\/index.php\\\/produto\\\/bijoux-lubrificante-pessoal-base-aquosa-75-ml\\\/#primaryimage\",\"url\":\"https:\\\/\\\/erki24nd3ub.exactdn.com\\\/wp-content\\\/uploads\\\/dream\\\/img\\\/img_199902_b013812919c9c0c1794db8ac7a58392a_1.jpg?strip=all\",\"contentUrl\":\"https:\\\/\\\/erki24nd3ub.exactdn.com\\\/wp-content\\\/uploads\\\/dream\\\/img\\\/img_199902_b013812919c9c0c1794db8ac7a58392a_1.jpg?strip=all\",\"width\":800,\"height\":800},{\"@type\":\"BreadcrumbList\",\"@id\":\"https:\\\/\\\/lovme.pt\\\/index.php\\\/produto\\\/bijoux-lubrificante-pessoal-base-aquosa-75-ml\\\/#breadcrumb\",\"itemListElement\":[{\"@type\":\"ListItem\",\"position\":1,\"name\":\"In\u00edcio\",\"item\":\"https:\\\/\\\/lovme.pt\\\/\"},{\"@type\":\"ListItem\",\"position\":2,\"name\":\"Loja\",\"item\":\"https:\\\/\\\/lovme.pt\\\/index.php\\\/loja\\\/\"},{\"@type\":\"ListItem\",\"position\":3,\"name\":\"BIJOUX &#8211; LUBRIFICANTE \u00cdNTIMO \u00c0 BASE DE \u00c1GUA 75 ML\"}]},{\"@type\":\"WebSite\",\"@id\":\"https:\\\/\\\/lovme.pt\\\/#website\",\"url\":\"https:\\\/\\\/lovme.pt\\\/\",\"name\":\"Lovme Loja Er\u00f3tica N\u00ba1 em Portugal\",\"description\":\"A melhor loja er\u00f3tica de Portugal.\",\"alternateName\":\"Loja Er\u00f3tica Lovme\",\"potentialAction\":[{\"@type\":\"SearchAction\",\"target\":{\"@type\":\"EntryPoint\",\"urlTemplate\":\"https:\\\/\\\/lovme.pt\\\/?s={search_term_string}\"},\"query-input\":{\"@type\":\"PropertyValueSpecification\",\"valueRequired\":true,\"valueName\":\"search_term_string\"}}],\"inLanguage\":\"pt-PT\"}]}<\/script>\n<!-- \/ Yoast SEO plugin. -->","yoast_head_json":{"title":"BIJOUX - LUBRIFICANTE \u00cdNTIMO \u00c0 BASE DE \u00c1GUA 75 ML - Lovme","robots":{"index":"index","follow":"follow","max-snippet":"max-snippet:-1","max-image-preview":"max-image-preview:large","max-video-preview":"max-video-preview:-1"},"canonical":"https:\/\/lovme.pt\/index.php\/produto\/bijoux-lubrificante-pessoal-base-aquosa-75-ml\/","og_locale":"pt_PT","og_type":"article","og_title":"BIJOUX - LUBRIFICANTE \u00cdNTIMO \u00c0 BASE DE \u00c1GUA 75 ML - Lovme","og_description":"BIJOUX - LUBRIFICANTE \u00cdNTIMO \u00c0 BASE DE \u00c1GUA 75 ML","og_url":"https:\/\/lovme.pt\/index.php\/produto\/bijoux-lubrificante-pessoal-base-aquosa-75-ml\/","og_site_name":"Lovme","article_modified_time":"2026-02-19T20:01:42+00:00","og_image":[{"width":800,"height":800,"url":"https:\/\/erki24nd3ub.exactdn.com\/wp-content\/uploads\/dream\/img\/img_199902_b013812919c9c0c1794db8ac7a58392a_1.jpg?strip=all","type":"image\/jpeg"}],"twitter_card":"summary_large_image","twitter_misc":{"Tempo estimado de leitura":"2 minutos"},"schema":{"@context":"https:\/\/schema.org","@graph":[{"@type":"WebPage","@id":"https:\/\/lovme.pt\/index.php\/produto\/bijoux-lubrificante-pessoal-base-aquosa-75-ml\/","url":"https:\/\/lovme.pt\/index.php\/produto\/bijoux-lubrificante-pessoal-base-aquosa-75-ml\/","name":"BIJOUX - LUBRIFICANTE \u00cdNTIMO \u00c0 BASE DE \u00c1GUA 75 ML - Lovme","isPartOf":{"@id":"https:\/\/lovme.pt\/#website"},"primaryImageOfPage":{"@id":"https:\/\/lovme.pt\/index.php\/produto\/bijoux-lubrificante-pessoal-base-aquosa-75-ml\/#primaryimage"},"image":{"@id":"https:\/\/lovme.pt\/index.php\/produto\/bijoux-lubrificante-pessoal-base-aquosa-75-ml\/#primaryimage"},"thumbnailUrl":"https:\/\/erki24nd3ub.exactdn.com\/wp-content\/uploads\/dream\/img\/img_199902_b013812919c9c0c1794db8ac7a58392a_1.jpg?strip=all","datePublished":"2025-09-30T09:41:35+00:00","dateModified":"2026-02-19T20:01:42+00:00","breadcrumb":{"@id":"https:\/\/lovme.pt\/index.php\/produto\/bijoux-lubrificante-pessoal-base-aquosa-75-ml\/#breadcrumb"},"inLanguage":"pt-PT","potentialAction":[{"@type":"ReadAction","target":["https:\/\/lovme.pt\/index.php\/produto\/bijoux-lubrificante-pessoal-base-aquosa-75-ml\/"]}]},{"@type":"ImageObject","inLanguage":"pt-PT","@id":"https:\/\/lovme.pt\/index.php\/produto\/bijoux-lubrificante-pessoal-base-aquosa-75-ml\/#primaryimage","url":"https:\/\/erki24nd3ub.exactdn.com\/wp-content\/uploads\/dream\/img\/img_199902_b013812919c9c0c1794db8ac7a58392a_1.jpg?strip=all","contentUrl":"https:\/\/erki24nd3ub.exactdn.com\/wp-content\/uploads\/dream\/img\/img_199902_b013812919c9c0c1794db8ac7a58392a_1.jpg?strip=all","width":800,"height":800},{"@type":"BreadcrumbList","@id":"https:\/\/lovme.pt\/index.php\/produto\/bijoux-lubrificante-pessoal-base-aquosa-75-ml\/#breadcrumb","itemListElement":[{"@type":"ListItem","position":1,"name":"In\u00edcio","item":"https:\/\/lovme.pt\/"},{"@type":"ListItem","position":2,"name":"Loja","item":"https:\/\/lovme.pt\/index.php\/loja\/"},{"@type":"ListItem","position":3,"name":"BIJOUX &#8211; LUBRIFICANTE \u00cdNTIMO \u00c0 BASE DE \u00c1GUA 75 ML"}]},{"@type":"WebSite","@id":"https:\/\/lovme.pt\/#website","url":"https:\/\/lovme.pt\/","name":"Lovme Loja Er\u00f3tica N\u00ba1 em Portugal","description":"A melhor loja er\u00f3tica de Portugal.","alternateName":"Loja Er\u00f3tica Lovme","potentialAction":[{"@type":"SearchAction","target":{"@type":"EntryPoint","urlTemplate":"https:\/\/lovme.pt\/?s={search_term_string}"},"query-input":{"@type":"PropertyValueSpecification","valueRequired":true,"valueName":"search_term_string"}}],"inLanguage":"pt-PT"}]}},"_links":{"self":[{"href":"https:\/\/lovme.pt\/index.php\/wp-json\/wp\/v2\/product\/51402","targetHints":{"allow":["GET"]}}],"collection":[{"href":"https:\/\/lovme.pt\/index.php\/wp-json\/wp\/v2\/product"}],"about":[{"href":"https:\/\/lovme.pt\/index.php\/wp-json\/wp\/v2\/types\/product"}],"wp:featuredmedia":[{"embeddable":true,"href":"https:\/\/lovme.pt\/index.php\/wp-json\/wp\/v2\/media\/55843"}],"wp:attachment":[{"href":"https:\/\/lovme.pt\/index.php\/wp-json\/wp\/v2\/media?parent=51402"}],"wp:term":[{"taxonomy":"product_brand","embeddable":true,"href":"https:\/\/lovme.pt\/index.php\/wp-json\/wp\/v2\/product_brand?post=51402"},{"taxonomy":"product_cat","embeddable":true,"href":"https:\/\/lovme.pt\/index.php\/wp-json\/wp\/v2\/product_cat?post=51402"},{"taxonomy":"product_tag","embeddable":true,"href":"https:\/\/lovme.pt\/index.php\/wp-json\/wp\/v2\/product_tag?post=51402"}],"curies":[{"name":"wp","href":"https:\/\/api.w.org\/{rel}","templated":true}]}}