{"id":51401,"date":"2025-10-01T02:38:52","date_gmt":"2025-10-01T02:38:52","guid":{"rendered":"https:\/\/lovme.pt\/?post_type=product&p=51401"},"modified":"2026-02-19T20:19:39","modified_gmt":"2026-02-19T20:19:39","slug":"pherostrong-elixir-de-feromonios-para-homens-50-ml","status":"publish","type":"product","link":"https:\/\/lovme.pt\/index.php\/produto\/pherostrong-elixir-de-feromonios-para-homens-50-ml\/","title":{"rendered":"PHEROSTRONG &#8211; ELIXIR DE FEROM\u00d4NIOS PARA HOMENS 50 ML"},"content":{"rendered":"<p><strong>Elixir de ferom\u00f4nio PheroStrong para homens<\/strong><br \/>Perfumes premium exclusivos para personalidades \u00fanicas<br \/>PheroStrong Pheromone Elixir for Men \u00e9 uma linha de perfumes da se\u00e7\u00e3o premium que real\u00e7a o charme natural e a autoconfian\u00e7a. Cada composi\u00e7\u00e3o foi criada para pessoas que querem atrair aten\u00e7\u00e3o e fascinar com sua aura sensual. Esta fragr\u00e2ncia masculina oferece uma combina\u00e7\u00e3o \u00fanica de notas que enfatiza sua personalidade \u00fanica e deixa uma impress\u00e3o magn\u00e9tica muito duradoura.<\/p>\n<p><strong>Todos n\u00f3s queremos:<\/strong><\/p>\n<p>Desperte o desejo do sexo oposto, chame a aten\u00e7\u00e3o, atraia com apelo sexual.<br \/>Seja um amante apaixonado, eletrifique seus sentidos, satisfa\u00e7a seus anseios e desejos sem inibi\u00e7\u00f5es.<br \/>Cause uma primeira impress\u00e3o positiva e inesquec\u00edvel, esteja no c\u00edrculo de interesses.<br \/>Gere confian\u00e7a, abertura e gentileza nas pessoas que voc\u00ea conhece.<br \/>Alcance o sucesso profissional e aumente a efic\u00e1cia do seu trabalho, obtenha promo\u00e7\u00f5es<br \/>Desfrute do respeito e reconhecimento das pessoas ao seu redor, seja uma autoridade em casa e entre seus amigos<br \/>Seja um homem e uma mulher feliz, amado e realizado: seja uma PESSOA DE SUCESSO!<\/p>\n<p><strong>Nota de fragr\u00e2ncia<\/strong><\/p>\n<ul>\n<li>Nota de topo<\/li>\n<li>Ylang-Ylang, Bergamota<\/li>\n<li>Nota de cora\u00e7\u00e3o<\/li>\n<li>Heliotr\u00f3pio, Hediona da Rosa B\u00falgara<\/li>\n<li>Nota de base<\/li>\n<li>Mirra, S\u00e2ndalo<\/li>\n<\/ul>\n<p>PheroStrong Pheromone Elixir for Men \u00e9 uma fragr\u00e2ncia que o mergulha no fascinante mundo dos sentidos, agindo como uma for\u00e7a invis\u00edvel de atra\u00e7\u00e3o. \u00c9 uma composi\u00e7\u00e3o \u00fanica, criada para homens que querem expressar sua autoconfian\u00e7a e charme irresist\u00edvel a cada momento.<\/p>\n<p>A fragr\u00e2ncia abre com notas t\u00e3o leves quanto o vento da manh\u00e3: uma delicada Hedione que introduz frescor e uma euforia agrad\u00e1vel, lembrando voc\u00ea de todo o potencial de um novo dia. Esses acordes fugazes criam espa\u00e7o para os sentidos, anunciando experi\u00eancias mais intensas.<\/p>\n<p>No cora\u00e7\u00e3o da fragr\u00e2ncia est\u00e1 um buqu\u00ea refinado e cheio de paix\u00e3o. \u00cdris e heliotr\u00f3pio trabalham juntos nessa harmonia, adicionando mist\u00e9rio e profundidade. Essas s\u00e3o notas que n\u00e3o apenas tentam, mas tamb\u00e9m estimulam a reflex\u00e3o, trazendo \u00e0 mente seus desejos mais profundos.<\/p>\n<p>A base deste elixir \u00e9 a verdadeira ess\u00eancia da for\u00e7a e magnetismo masculino. As notas quentes e terrosas do patchouli se entrela\u00e7am com a riqueza da mirra, criando uma impress\u00e3o \u00fanica de durabilidade e intensidade. A baunilha complementa suavemente a composi\u00e7\u00e3o, dando-lhe um toque de eleg\u00e2ncia doce e sutil.<\/p>\n<p>PheroStrong Pheromone Elixir for Men \u00e9 uma fragr\u00e2ncia que n\u00e3o s\u00f3 enfatiza a masculinidade, mas tamb\u00e9m convida aqueles ao seu redor a descobrir sua personalidade magn\u00e9tica. Perfeito para ocasi\u00f5es especiais, noites ou reuni\u00f5es onde voc\u00ea quer deixar uma impress\u00e3o inesquec\u00edvel. Esta \u00e9 uma escolha para homens autoconfiantes, prontos para viver experi\u00eancias sensuais e inesquec\u00edveis.<\/p>\n","protected":false},"excerpt":{"rendered":"<p>PHEROSTRONG &#8211; ELIXIR DE FEROM\u00d4NIOS PARA HOMENS 50 ML<\/p>\n","protected":false},"featured_media":98220,"template":"","meta":{"_acf_changed":false},"product_brand":[],"product_cat":[49],"product_tag":[],"class_list":{"0":"post-51401","1":"product","2":"type-product","3":"status-publish","4":"has-post-thumbnail","6":"product_cat-cosmeticos","7":"yith_product_brand-pherostrong","9":"first","10":"instock","11":"taxable","12":"shipping-taxable","13":"purchasable","14":"product-type-simple"},"acf":[],"yoast_head":"<!-- This site is optimized with the Yoast SEO plugin v27.4 - https:\/\/yoast.com\/product\/yoast-seo-wordpress\/ -->\n<title>PHEROSTRONG - ELIXIR DE FEROM\u00d4NIOS PARA HOMENS 50 ML - Lovme<\/title>\n<meta name=\"robots\" content=\"index, follow, max-snippet:-1, max-image-preview:large, max-video-preview:-1\" \/>\n<link rel=\"canonical\" href=\"https:\/\/lovme.pt\/index.php\/produto\/pherostrong-elixir-de-feromonios-para-homens-50-ml\/\" \/>\n<meta property=\"og:locale\" content=\"pt_PT\" \/>\n<meta property=\"og:type\" content=\"article\" \/>\n<meta property=\"og:title\" content=\"PHEROSTRONG - ELIXIR DE FEROM\u00d4NIOS PARA HOMENS 50 ML - Lovme\" \/>\n<meta property=\"og:description\" content=\"PHEROSTRONG - ELIXIR DE FEROM\u00d4NIOS PARA HOMENS 50 ML\" \/>\n<meta property=\"og:url\" content=\"https:\/\/lovme.pt\/index.php\/produto\/pherostrong-elixir-de-feromonios-para-homens-50-ml\/\" \/>\n<meta property=\"og:site_name\" content=\"Lovme\" \/>\n<meta property=\"article:modified_time\" content=\"2026-02-19T20:19:39+00:00\" \/>\n<meta property=\"og:image\" content=\"https:\/\/erki24nd3ub.exactdn.com\/wp-content\/uploads\/dream\/img\/img_202270_53242729dd7ef72a5cb36974774c7e50_1.jpg?strip=all\" \/>\n\t<meta property=\"og:image:width\" content=\"900\" \/>\n\t<meta property=\"og:image:height\" content=\"900\" \/>\n\t<meta property=\"og:image:type\" content=\"image\/jpeg\" \/>\n<meta name=\"twitter:card\" content=\"summary_large_image\" \/>\n<meta name=\"twitter:label1\" content=\"Tempo estimado de leitura\" \/>\n\t<meta name=\"twitter:data1\" content=\"2 minutos\" \/>\n<script type=\"application\/ld+json\" class=\"yoast-schema-graph\">{\"@context\":\"https:\\\/\\\/schema.org\",\"@graph\":[{\"@type\":\"WebPage\",\"@id\":\"https:\\\/\\\/lovme.pt\\\/index.php\\\/produto\\\/pherostrong-elixir-de-feromonios-para-homens-50-ml\\\/\",\"url\":\"https:\\\/\\\/lovme.pt\\\/index.php\\\/produto\\\/pherostrong-elixir-de-feromonios-para-homens-50-ml\\\/\",\"name\":\"PHEROSTRONG - ELIXIR DE FEROM\u00d4NIOS PARA HOMENS 50 ML - Lovme\",\"isPartOf\":{\"@id\":\"https:\\\/\\\/lovme.pt\\\/#website\"},\"primaryImageOfPage\":{\"@id\":\"https:\\\/\\\/lovme.pt\\\/index.php\\\/produto\\\/pherostrong-elixir-de-feromonios-para-homens-50-ml\\\/#primaryimage\"},\"image\":{\"@id\":\"https:\\\/\\\/lovme.pt\\\/index.php\\\/produto\\\/pherostrong-elixir-de-feromonios-para-homens-50-ml\\\/#primaryimage\"},\"thumbnailUrl\":\"https:\\\/\\\/erki24nd3ub.exactdn.com\\\/wp-content\\\/uploads\\\/dream\\\/img\\\/img_202270_53242729dd7ef72a5cb36974774c7e50_1.jpg?strip=all\",\"datePublished\":\"2025-10-01T02:38:52+00:00\",\"dateModified\":\"2026-02-19T20:19:39+00:00\",\"breadcrumb\":{\"@id\":\"https:\\\/\\\/lovme.pt\\\/index.php\\\/produto\\\/pherostrong-elixir-de-feromonios-para-homens-50-ml\\\/#breadcrumb\"},\"inLanguage\":\"pt-PT\",\"potentialAction\":[{\"@type\":\"ReadAction\",\"target\":[\"https:\\\/\\\/lovme.pt\\\/index.php\\\/produto\\\/pherostrong-elixir-de-feromonios-para-homens-50-ml\\\/\"]}]},{\"@type\":\"ImageObject\",\"inLanguage\":\"pt-PT\",\"@id\":\"https:\\\/\\\/lovme.pt\\\/index.php\\\/produto\\\/pherostrong-elixir-de-feromonios-para-homens-50-ml\\\/#primaryimage\",\"url\":\"https:\\\/\\\/erki24nd3ub.exactdn.com\\\/wp-content\\\/uploads\\\/dream\\\/img\\\/img_202270_53242729dd7ef72a5cb36974774c7e50_1.jpg?strip=all\",\"contentUrl\":\"https:\\\/\\\/erki24nd3ub.exactdn.com\\\/wp-content\\\/uploads\\\/dream\\\/img\\\/img_202270_53242729dd7ef72a5cb36974774c7e50_1.jpg?strip=all\",\"width\":900,\"height\":900},{\"@type\":\"BreadcrumbList\",\"@id\":\"https:\\\/\\\/lovme.pt\\\/index.php\\\/produto\\\/pherostrong-elixir-de-feromonios-para-homens-50-ml\\\/#breadcrumb\",\"itemListElement\":[{\"@type\":\"ListItem\",\"position\":1,\"name\":\"In\u00edcio\",\"item\":\"https:\\\/\\\/lovme.pt\\\/\"},{\"@type\":\"ListItem\",\"position\":2,\"name\":\"Loja\",\"item\":\"https:\\\/\\\/lovme.pt\\\/index.php\\\/loja\\\/\"},{\"@type\":\"ListItem\",\"position\":3,\"name\":\"PHEROSTRONG &#8211; ELIXIR DE FEROM\u00d4NIOS PARA HOMENS 50 ML\"}]},{\"@type\":\"WebSite\",\"@id\":\"https:\\\/\\\/lovme.pt\\\/#website\",\"url\":\"https:\\\/\\\/lovme.pt\\\/\",\"name\":\"Lovme Loja Er\u00f3tica N\u00ba1 em Portugal\",\"description\":\"A melhor loja er\u00f3tica de Portugal.\",\"alternateName\":\"Loja Er\u00f3tica Lovme\",\"potentialAction\":[{\"@type\":\"SearchAction\",\"target\":{\"@type\":\"EntryPoint\",\"urlTemplate\":\"https:\\\/\\\/lovme.pt\\\/?s={search_term_string}\"},\"query-input\":{\"@type\":\"PropertyValueSpecification\",\"valueRequired\":true,\"valueName\":\"search_term_string\"}}],\"inLanguage\":\"pt-PT\"}]}<\/script>\n<!-- \/ Yoast SEO plugin. -->","yoast_head_json":{"title":"PHEROSTRONG - ELIXIR DE FEROM\u00d4NIOS PARA HOMENS 50 ML - Lovme","robots":{"index":"index","follow":"follow","max-snippet":"max-snippet:-1","max-image-preview":"max-image-preview:large","max-video-preview":"max-video-preview:-1"},"canonical":"https:\/\/lovme.pt\/index.php\/produto\/pherostrong-elixir-de-feromonios-para-homens-50-ml\/","og_locale":"pt_PT","og_type":"article","og_title":"PHEROSTRONG - ELIXIR DE FEROM\u00d4NIOS PARA HOMENS 50 ML - Lovme","og_description":"PHEROSTRONG - ELIXIR DE FEROM\u00d4NIOS PARA HOMENS 50 ML","og_url":"https:\/\/lovme.pt\/index.php\/produto\/pherostrong-elixir-de-feromonios-para-homens-50-ml\/","og_site_name":"Lovme","article_modified_time":"2026-02-19T20:19:39+00:00","og_image":[{"width":900,"height":900,"url":"https:\/\/erki24nd3ub.exactdn.com\/wp-content\/uploads\/dream\/img\/img_202270_53242729dd7ef72a5cb36974774c7e50_1.jpg?strip=all","type":"image\/jpeg"}],"twitter_card":"summary_large_image","twitter_misc":{"Tempo estimado de leitura":"2 minutos"},"schema":{"@context":"https:\/\/schema.org","@graph":[{"@type":"WebPage","@id":"https:\/\/lovme.pt\/index.php\/produto\/pherostrong-elixir-de-feromonios-para-homens-50-ml\/","url":"https:\/\/lovme.pt\/index.php\/produto\/pherostrong-elixir-de-feromonios-para-homens-50-ml\/","name":"PHEROSTRONG - ELIXIR DE FEROM\u00d4NIOS PARA HOMENS 50 ML - Lovme","isPartOf":{"@id":"https:\/\/lovme.pt\/#website"},"primaryImageOfPage":{"@id":"https:\/\/lovme.pt\/index.php\/produto\/pherostrong-elixir-de-feromonios-para-homens-50-ml\/#primaryimage"},"image":{"@id":"https:\/\/lovme.pt\/index.php\/produto\/pherostrong-elixir-de-feromonios-para-homens-50-ml\/#primaryimage"},"thumbnailUrl":"https:\/\/erki24nd3ub.exactdn.com\/wp-content\/uploads\/dream\/img\/img_202270_53242729dd7ef72a5cb36974774c7e50_1.jpg?strip=all","datePublished":"2025-10-01T02:38:52+00:00","dateModified":"2026-02-19T20:19:39+00:00","breadcrumb":{"@id":"https:\/\/lovme.pt\/index.php\/produto\/pherostrong-elixir-de-feromonios-para-homens-50-ml\/#breadcrumb"},"inLanguage":"pt-PT","potentialAction":[{"@type":"ReadAction","target":["https:\/\/lovme.pt\/index.php\/produto\/pherostrong-elixir-de-feromonios-para-homens-50-ml\/"]}]},{"@type":"ImageObject","inLanguage":"pt-PT","@id":"https:\/\/lovme.pt\/index.php\/produto\/pherostrong-elixir-de-feromonios-para-homens-50-ml\/#primaryimage","url":"https:\/\/erki24nd3ub.exactdn.com\/wp-content\/uploads\/dream\/img\/img_202270_53242729dd7ef72a5cb36974774c7e50_1.jpg?strip=all","contentUrl":"https:\/\/erki24nd3ub.exactdn.com\/wp-content\/uploads\/dream\/img\/img_202270_53242729dd7ef72a5cb36974774c7e50_1.jpg?strip=all","width":900,"height":900},{"@type":"BreadcrumbList","@id":"https:\/\/lovme.pt\/index.php\/produto\/pherostrong-elixir-de-feromonios-para-homens-50-ml\/#breadcrumb","itemListElement":[{"@type":"ListItem","position":1,"name":"In\u00edcio","item":"https:\/\/lovme.pt\/"},{"@type":"ListItem","position":2,"name":"Loja","item":"https:\/\/lovme.pt\/index.php\/loja\/"},{"@type":"ListItem","position":3,"name":"PHEROSTRONG &#8211; ELIXIR DE FEROM\u00d4NIOS PARA HOMENS 50 ML"}]},{"@type":"WebSite","@id":"https:\/\/lovme.pt\/#website","url":"https:\/\/lovme.pt\/","name":"Lovme Loja Er\u00f3tica N\u00ba1 em Portugal","description":"A melhor loja er\u00f3tica de Portugal.","alternateName":"Loja Er\u00f3tica Lovme","potentialAction":[{"@type":"SearchAction","target":{"@type":"EntryPoint","urlTemplate":"https:\/\/lovme.pt\/?s={search_term_string}"},"query-input":{"@type":"PropertyValueSpecification","valueRequired":true,"valueName":"search_term_string"}}],"inLanguage":"pt-PT"}]}},"_links":{"self":[{"href":"https:\/\/lovme.pt\/index.php\/wp-json\/wp\/v2\/product\/51401","targetHints":{"allow":["GET"]}}],"collection":[{"href":"https:\/\/lovme.pt\/index.php\/wp-json\/wp\/v2\/product"}],"about":[{"href":"https:\/\/lovme.pt\/index.php\/wp-json\/wp\/v2\/types\/product"}],"wp:featuredmedia":[{"embeddable":true,"href":"https:\/\/lovme.pt\/index.php\/wp-json\/wp\/v2\/media\/98220"}],"wp:attachment":[{"href":"https:\/\/lovme.pt\/index.php\/wp-json\/wp\/v2\/media?parent=51401"}],"wp:term":[{"taxonomy":"product_brand","embeddable":true,"href":"https:\/\/lovme.pt\/index.php\/wp-json\/wp\/v2\/product_brand?post=51401"},{"taxonomy":"product_cat","embeddable":true,"href":"https:\/\/lovme.pt\/index.php\/wp-json\/wp\/v2\/product_cat?post=51401"},{"taxonomy":"product_tag","embeddable":true,"href":"https:\/\/lovme.pt\/index.php\/wp-json\/wp\/v2\/product_tag?post=51401"}],"curies":[{"name":"wp","href":"https:\/\/api.w.org\/{rel}","templated":true}]}}