{"id":51353,"date":"2025-10-01T03:13:36","date_gmt":"2025-10-01T03:13:36","guid":{"rendered":"https:\/\/lovme.pt\/?post_type=product&p=51353"},"modified":"2026-02-19T20:22:41","modified_gmt":"2026-02-19T20:22:41","slug":"maxell-cr2016-3v-blister-de-celula-de-litio-button5","status":"publish","type":"product","link":"https:\/\/lovme.pt\/index.php\/produto\/maxell-cr2016-3v-blister-de-celula-de-litio-button5\/","title":{"rendered":"MAXELL &#8211; CR2016 3V BLISTER DE C\u00c9LULA DE L\u00cdTIO BUTTON*5"},"content":{"rendered":"<p>A bateria CR2016 \u00e9 usada em rel\u00f3gios, calculadoras, dispositivos PDA, dispositivos m\u00e9dicos e brinquedos, entre outros. Ela \u00e9 frequentemente usada em pares, em vez de 1xCR2032 para dispositivos que exigem mais de 3 V, como em lanternas de LED. Com uma vida \u00fatil de at\u00e9 dez anos, esta bateria \u00e9 uma escolha econ\u00f4mica que permite que voc\u00ea mantenha seu equipamento eletr\u00f4nico funcionando.<\/p>\n<p><strong>CARACTER\u00cdSTICAS T\u00c9CNICAS:<\/strong><\/p>\n<ul>\n<li>Modelo: MXBCR20165<\/li>\n<li>Marca: Maxell<\/li>\n<li>Tipo: CR2016<\/li>\n<li>Tecnologia: L\u00edtio<\/li>\n<li>Voltagem: 3V<\/li>\n<li>Usos: Controles remotos, chaveiros de carro, alarmes de carro, brinquedos, calculadoras, placas-m\u00e3e&#8230;<\/li>\n<\/ul>\n<p><strong>EMBALAGEM:<\/strong><\/p>\n<ul>\n<li>Formato: Blister<\/li>\n<li>Dimens\u00f5es (bateria): Altura: 1,6 mm Di\u00e2metro: 20 mm<\/li>\n<li>Pilhas por blister: 5<\/li>\n<li>Dimens\u00f5es (Blister): 5&#215;0,3&#215;18,5cm<\/li>\n<li>Peso da bolha: 8g<\/li>\n<li>N\u00famero de telefone: 4902580773502<\/li>\n<li>Embalagem: Caixa<\/li>\n<li>Blister por caixa: 20<\/li>\n<li>Dimens\u00f5es (Caixa): &#8211;<\/li>\n<li>Peso da caixa: &#8211;<\/li>\n<li>Ingl\u00eas: &#8211;<\/li>\n<li>*20181107 Os recursos podem variar dependendo da vers\u00e3o.<\/li>\n<\/ul>\n<p>\u00a0<\/p>\n","protected":false},"excerpt":{"rendered":"<p>MAXELL &#8211; CR2016 3V BLISTER DE C\u00c9LULA DE L\u00cdTIO BUTTON*5<\/p>\n","protected":false},"featured_media":102144,"template":"","meta":{"_acf_changed":false},"product_brand":[],"product_cat":[15],"product_tag":[],"class_list":{"0":"post-51353","1":"product","2":"type-product","3":"status-publish","4":"has-post-thumbnail","6":"product_cat-loja","7":"yith_product_brand-maxell","9":"first","10":"instock","11":"taxable","12":"shipping-taxable","13":"purchasable","14":"product-type-simple"},"acf":[],"yoast_head":"<!-- This site is optimized with the Yoast SEO plugin v27.4 - https:\/\/yoast.com\/product\/yoast-seo-wordpress\/ -->\n<title>MAXELL - CR2016 3V BLISTER DE C\u00c9LULA DE L\u00cdTIO BUTTON*5 - Lovme<\/title>\n<meta name=\"robots\" content=\"index, follow, max-snippet:-1, max-image-preview:large, max-video-preview:-1\" \/>\n<link rel=\"canonical\" href=\"https:\/\/lovme.pt\/index.php\/produto\/maxell-cr2016-3v-blister-de-celula-de-litio-button5\/\" \/>\n<meta property=\"og:locale\" content=\"pt_PT\" \/>\n<meta property=\"og:type\" content=\"article\" \/>\n<meta property=\"og:title\" content=\"MAXELL - CR2016 3V BLISTER DE C\u00c9LULA DE L\u00cdTIO BUTTON*5 - Lovme\" \/>\n<meta property=\"og:description\" content=\"MAXELL - CR2016 3V BLISTER DE C\u00c9LULA DE L\u00cdTIO BUTTON*5\" \/>\n<meta property=\"og:url\" content=\"https:\/\/lovme.pt\/index.php\/produto\/maxell-cr2016-3v-blister-de-celula-de-litio-button5\/\" \/>\n<meta property=\"og:site_name\" content=\"Lovme\" \/>\n<meta property=\"article:modified_time\" content=\"2026-02-19T20:22:41+00:00\" \/>\n<meta property=\"og:image\" content=\"https:\/\/erki24nd3ub.exactdn.com\/wp-content\/uploads\/dream\/img\/img_199033_db7b5e4d9a4997f610e4e8a4fa8b5819_1.jpg?strip=all\" \/>\n\t<meta property=\"og:image:width\" content=\"800\" \/>\n\t<meta property=\"og:image:height\" content=\"800\" \/>\n\t<meta property=\"og:image:type\" content=\"image\/jpeg\" \/>\n<meta name=\"twitter:card\" content=\"summary_large_image\" \/>\n<meta name=\"twitter:label1\" content=\"Tempo estimado de leitura\" \/>\n\t<meta name=\"twitter:data1\" content=\"1 minuto\" \/>\n<script type=\"application\/ld+json\" class=\"yoast-schema-graph\">{\"@context\":\"https:\\\/\\\/schema.org\",\"@graph\":[{\"@type\":\"WebPage\",\"@id\":\"https:\\\/\\\/lovme.pt\\\/index.php\\\/produto\\\/maxell-cr2016-3v-blister-de-celula-de-litio-button5\\\/\",\"url\":\"https:\\\/\\\/lovme.pt\\\/index.php\\\/produto\\\/maxell-cr2016-3v-blister-de-celula-de-litio-button5\\\/\",\"name\":\"MAXELL - CR2016 3V BLISTER DE C\u00c9LULA DE L\u00cdTIO BUTTON*5 - Lovme\",\"isPartOf\":{\"@id\":\"https:\\\/\\\/lovme.pt\\\/#website\"},\"primaryImageOfPage\":{\"@id\":\"https:\\\/\\\/lovme.pt\\\/index.php\\\/produto\\\/maxell-cr2016-3v-blister-de-celula-de-litio-button5\\\/#primaryimage\"},\"image\":{\"@id\":\"https:\\\/\\\/lovme.pt\\\/index.php\\\/produto\\\/maxell-cr2016-3v-blister-de-celula-de-litio-button5\\\/#primaryimage\"},\"thumbnailUrl\":\"https:\\\/\\\/erki24nd3ub.exactdn.com\\\/wp-content\\\/uploads\\\/dream\\\/img\\\/img_199033_db7b5e4d9a4997f610e4e8a4fa8b5819_1.jpg?strip=all\",\"datePublished\":\"2025-10-01T03:13:36+00:00\",\"dateModified\":\"2026-02-19T20:22:41+00:00\",\"breadcrumb\":{\"@id\":\"https:\\\/\\\/lovme.pt\\\/index.php\\\/produto\\\/maxell-cr2016-3v-blister-de-celula-de-litio-button5\\\/#breadcrumb\"},\"inLanguage\":\"pt-PT\",\"potentialAction\":[{\"@type\":\"ReadAction\",\"target\":[\"https:\\\/\\\/lovme.pt\\\/index.php\\\/produto\\\/maxell-cr2016-3v-blister-de-celula-de-litio-button5\\\/\"]}]},{\"@type\":\"ImageObject\",\"inLanguage\":\"pt-PT\",\"@id\":\"https:\\\/\\\/lovme.pt\\\/index.php\\\/produto\\\/maxell-cr2016-3v-blister-de-celula-de-litio-button5\\\/#primaryimage\",\"url\":\"https:\\\/\\\/erki24nd3ub.exactdn.com\\\/wp-content\\\/uploads\\\/dream\\\/img\\\/img_199033_db7b5e4d9a4997f610e4e8a4fa8b5819_1.jpg?strip=all\",\"contentUrl\":\"https:\\\/\\\/erki24nd3ub.exactdn.com\\\/wp-content\\\/uploads\\\/dream\\\/img\\\/img_199033_db7b5e4d9a4997f610e4e8a4fa8b5819_1.jpg?strip=all\",\"width\":800,\"height\":800},{\"@type\":\"BreadcrumbList\",\"@id\":\"https:\\\/\\\/lovme.pt\\\/index.php\\\/produto\\\/maxell-cr2016-3v-blister-de-celula-de-litio-button5\\\/#breadcrumb\",\"itemListElement\":[{\"@type\":\"ListItem\",\"position\":1,\"name\":\"In\u00edcio\",\"item\":\"https:\\\/\\\/lovme.pt\\\/\"},{\"@type\":\"ListItem\",\"position\":2,\"name\":\"Loja\",\"item\":\"https:\\\/\\\/lovme.pt\\\/index.php\\\/loja\\\/\"},{\"@type\":\"ListItem\",\"position\":3,\"name\":\"MAXELL &#8211; CR2016 3V BLISTER DE C\u00c9LULA DE L\u00cdTIO BUTTON*5\"}]},{\"@type\":\"WebSite\",\"@id\":\"https:\\\/\\\/lovme.pt\\\/#website\",\"url\":\"https:\\\/\\\/lovme.pt\\\/\",\"name\":\"Lovme Loja Er\u00f3tica N\u00ba1 em Portugal\",\"description\":\"A melhor loja er\u00f3tica de Portugal.\",\"alternateName\":\"Loja Er\u00f3tica Lovme\",\"potentialAction\":[{\"@type\":\"SearchAction\",\"target\":{\"@type\":\"EntryPoint\",\"urlTemplate\":\"https:\\\/\\\/lovme.pt\\\/?s={search_term_string}\"},\"query-input\":{\"@type\":\"PropertyValueSpecification\",\"valueRequired\":true,\"valueName\":\"search_term_string\"}}],\"inLanguage\":\"pt-PT\"}]}<\/script>\n<!-- \/ Yoast SEO plugin. -->","yoast_head_json":{"title":"MAXELL - CR2016 3V BLISTER DE C\u00c9LULA DE L\u00cdTIO BUTTON*5 - Lovme","robots":{"index":"index","follow":"follow","max-snippet":"max-snippet:-1","max-image-preview":"max-image-preview:large","max-video-preview":"max-video-preview:-1"},"canonical":"https:\/\/lovme.pt\/index.php\/produto\/maxell-cr2016-3v-blister-de-celula-de-litio-button5\/","og_locale":"pt_PT","og_type":"article","og_title":"MAXELL - CR2016 3V BLISTER DE C\u00c9LULA DE L\u00cdTIO BUTTON*5 - Lovme","og_description":"MAXELL - CR2016 3V BLISTER DE C\u00c9LULA DE L\u00cdTIO BUTTON*5","og_url":"https:\/\/lovme.pt\/index.php\/produto\/maxell-cr2016-3v-blister-de-celula-de-litio-button5\/","og_site_name":"Lovme","article_modified_time":"2026-02-19T20:22:41+00:00","og_image":[{"width":800,"height":800,"url":"https:\/\/erki24nd3ub.exactdn.com\/wp-content\/uploads\/dream\/img\/img_199033_db7b5e4d9a4997f610e4e8a4fa8b5819_1.jpg?strip=all","type":"image\/jpeg"}],"twitter_card":"summary_large_image","twitter_misc":{"Tempo estimado de leitura":"1 minuto"},"schema":{"@context":"https:\/\/schema.org","@graph":[{"@type":"WebPage","@id":"https:\/\/lovme.pt\/index.php\/produto\/maxell-cr2016-3v-blister-de-celula-de-litio-button5\/","url":"https:\/\/lovme.pt\/index.php\/produto\/maxell-cr2016-3v-blister-de-celula-de-litio-button5\/","name":"MAXELL - CR2016 3V BLISTER DE C\u00c9LULA DE L\u00cdTIO BUTTON*5 - Lovme","isPartOf":{"@id":"https:\/\/lovme.pt\/#website"},"primaryImageOfPage":{"@id":"https:\/\/lovme.pt\/index.php\/produto\/maxell-cr2016-3v-blister-de-celula-de-litio-button5\/#primaryimage"},"image":{"@id":"https:\/\/lovme.pt\/index.php\/produto\/maxell-cr2016-3v-blister-de-celula-de-litio-button5\/#primaryimage"},"thumbnailUrl":"https:\/\/erki24nd3ub.exactdn.com\/wp-content\/uploads\/dream\/img\/img_199033_db7b5e4d9a4997f610e4e8a4fa8b5819_1.jpg?strip=all","datePublished":"2025-10-01T03:13:36+00:00","dateModified":"2026-02-19T20:22:41+00:00","breadcrumb":{"@id":"https:\/\/lovme.pt\/index.php\/produto\/maxell-cr2016-3v-blister-de-celula-de-litio-button5\/#breadcrumb"},"inLanguage":"pt-PT","potentialAction":[{"@type":"ReadAction","target":["https:\/\/lovme.pt\/index.php\/produto\/maxell-cr2016-3v-blister-de-celula-de-litio-button5\/"]}]},{"@type":"ImageObject","inLanguage":"pt-PT","@id":"https:\/\/lovme.pt\/index.php\/produto\/maxell-cr2016-3v-blister-de-celula-de-litio-button5\/#primaryimage","url":"https:\/\/erki24nd3ub.exactdn.com\/wp-content\/uploads\/dream\/img\/img_199033_db7b5e4d9a4997f610e4e8a4fa8b5819_1.jpg?strip=all","contentUrl":"https:\/\/erki24nd3ub.exactdn.com\/wp-content\/uploads\/dream\/img\/img_199033_db7b5e4d9a4997f610e4e8a4fa8b5819_1.jpg?strip=all","width":800,"height":800},{"@type":"BreadcrumbList","@id":"https:\/\/lovme.pt\/index.php\/produto\/maxell-cr2016-3v-blister-de-celula-de-litio-button5\/#breadcrumb","itemListElement":[{"@type":"ListItem","position":1,"name":"In\u00edcio","item":"https:\/\/lovme.pt\/"},{"@type":"ListItem","position":2,"name":"Loja","item":"https:\/\/lovme.pt\/index.php\/loja\/"},{"@type":"ListItem","position":3,"name":"MAXELL &#8211; CR2016 3V BLISTER DE C\u00c9LULA DE L\u00cdTIO BUTTON*5"}]},{"@type":"WebSite","@id":"https:\/\/lovme.pt\/#website","url":"https:\/\/lovme.pt\/","name":"Lovme Loja Er\u00f3tica N\u00ba1 em Portugal","description":"A melhor loja er\u00f3tica de Portugal.","alternateName":"Loja Er\u00f3tica Lovme","potentialAction":[{"@type":"SearchAction","target":{"@type":"EntryPoint","urlTemplate":"https:\/\/lovme.pt\/?s={search_term_string}"},"query-input":{"@type":"PropertyValueSpecification","valueRequired":true,"valueName":"search_term_string"}}],"inLanguage":"pt-PT"}]}},"_links":{"self":[{"href":"https:\/\/lovme.pt\/index.php\/wp-json\/wp\/v2\/product\/51353","targetHints":{"allow":["GET"]}}],"collection":[{"href":"https:\/\/lovme.pt\/index.php\/wp-json\/wp\/v2\/product"}],"about":[{"href":"https:\/\/lovme.pt\/index.php\/wp-json\/wp\/v2\/types\/product"}],"wp:featuredmedia":[{"embeddable":true,"href":"https:\/\/lovme.pt\/index.php\/wp-json\/wp\/v2\/media\/102144"}],"wp:attachment":[{"href":"https:\/\/lovme.pt\/index.php\/wp-json\/wp\/v2\/media?parent=51353"}],"wp:term":[{"taxonomy":"product_brand","embeddable":true,"href":"https:\/\/lovme.pt\/index.php\/wp-json\/wp\/v2\/product_brand?post=51353"},{"taxonomy":"product_cat","embeddable":true,"href":"https:\/\/lovme.pt\/index.php\/wp-json\/wp\/v2\/product_cat?post=51353"},{"taxonomy":"product_tag","embeddable":true,"href":"https:\/\/lovme.pt\/index.php\/wp-json\/wp\/v2\/product_tag?post=51353"}],"curies":[{"name":"wp","href":"https:\/\/api.w.org\/{rel}","templated":true}]}}