{"id":51352,"date":"2025-10-01T03:13:35","date_gmt":"2025-10-01T03:13:35","guid":{"rendered":"https:\/\/lovme.pt\/?post_type=product&p=51352"},"modified":"2026-02-19T20:22:41","modified_gmt":"2026-02-19T20:22:41","slug":"maxell-bateria-de-litio-botao-cr1220-3v-blister1","status":"publish","type":"product","link":"https:\/\/lovme.pt\/index.php\/produto\/maxell-bateria-de-litio-botao-cr1220-3v-blister1\/","title":{"rendered":"MAXELL &#8211; BATERIA DE L\u00cdTIO BOT\u00c3O CR1220 3V BLISTER*1"},"content":{"rendered":"<p>A bateria CR1220 funciona em marcas de rel\u00f3gios Seiko e em alguns modelos de c\u00e2meras Sony. Esta bateria tamb\u00e9m \u00e9 usada em c\u00e2meras de vigil\u00e2ncia Toshiba. Temperatura de opera\u00e7\u00e3o de -20 a 60\u00b0C Taxa de descarga: 100uA<\/p>\n<p> <strong>CARACTER\u00cdSTICAS T\u00c9CNICAS:<\/strong><\/p>\n<ul>\n<li> Modelo: MXBCR1220<\/li>\n<li> Marca: Maxell<\/li>\n<li> Tipo: CR1220<\/li>\n<li> Tecnologia: L\u00edtio<\/li>\n<li> Voltagem: 3V<\/li>\n<li> Usos: Calculadoras, chaveiros de carro, dispositivos m\u00e9dicos, rel\u00f3gios de pulso&#8230;<\/li>\n<\/ul>\n<p> <strong>EMBALAGEM:<\/strong><\/p>\n<ul>\n<li> Formato: Blister<\/li>\n<li> Dimens\u00f5es (bateria): Altura: 2 mm Di\u00e2metro: 12 mm<\/li>\n<li> Pilhas por blister: 1<\/li>\n<li> Dimens\u00f5es (Blister): 4,5&#215;0,5&#215;6,5cm<\/li>\n<li> Peso da bolha: 3g<\/li>\n<li> N\u00famero de identifica\u00e7\u00e3o: 4902580102982<\/li>\n<li> Embalagem: Caixa<\/li>\n<li> Blister por caixa: 10<\/li>\n<li> Dimens\u00f5es (Caixa): &#8211;<\/li>\n<li> Peso da caixa: &#8211;<\/li>\n<li> Ingl\u00eas: &#8211;<\/li>\n<li> *20181108 Os recursos podem variar dependendo da vers\u00e3o.<\/li>\n<\/ul>\n","protected":false},"excerpt":{"rendered":"<p>MAXELL &#8211; BATERIA DE L\u00cdTIO BOT\u00c3O CR1220 3V BLISTER*1<\/p>\n","protected":false},"featured_media":102143,"template":"","meta":{"_acf_changed":false},"product_brand":[],"product_cat":[15],"product_tag":[],"class_list":{"0":"post-51352","1":"product","2":"type-product","3":"status-publish","4":"has-post-thumbnail","6":"product_cat-loja","7":"yith_product_brand-maxell","9":"first","10":"instock","11":"taxable","12":"shipping-taxable","13":"purchasable","14":"product-type-simple"},"acf":[],"yoast_head":"<!-- This site is optimized with the Yoast SEO plugin v27.4 - https:\/\/yoast.com\/product\/yoast-seo-wordpress\/ -->\n<title>MAXELL - BATERIA DE L\u00cdTIO BOT\u00c3O CR1220 3V BLISTER*1 - Lovme<\/title>\n<meta name=\"robots\" content=\"index, follow, max-snippet:-1, max-image-preview:large, max-video-preview:-1\" \/>\n<link rel=\"canonical\" href=\"https:\/\/lovme.pt\/index.php\/produto\/maxell-bateria-de-litio-botao-cr1220-3v-blister1\/\" \/>\n<meta property=\"og:locale\" content=\"pt_PT\" \/>\n<meta property=\"og:type\" content=\"article\" \/>\n<meta property=\"og:title\" content=\"MAXELL - BATERIA DE L\u00cdTIO BOT\u00c3O CR1220 3V BLISTER*1 - Lovme\" \/>\n<meta property=\"og:description\" content=\"MAXELL - BATERIA DE L\u00cdTIO BOT\u00c3O CR1220 3V BLISTER*1\" \/>\n<meta property=\"og:url\" content=\"https:\/\/lovme.pt\/index.php\/produto\/maxell-bateria-de-litio-botao-cr1220-3v-blister1\/\" \/>\n<meta property=\"og:site_name\" content=\"Lovme\" \/>\n<meta property=\"article:modified_time\" content=\"2026-02-19T20:22:41+00:00\" \/>\n<meta property=\"og:image\" content=\"https:\/\/erki24nd3ub.exactdn.com\/wp-content\/uploads\/dream\/img\/img_199017_59dd485746b40337f618ae5ea7df821c_1.jpg?strip=all\" \/>\n\t<meta property=\"og:image:width\" content=\"800\" \/>\n\t<meta property=\"og:image:height\" content=\"800\" \/>\n\t<meta property=\"og:image:type\" content=\"image\/jpeg\" \/>\n<meta name=\"twitter:card\" content=\"summary_large_image\" \/>\n<meta name=\"twitter:label1\" content=\"Tempo estimado de leitura\" \/>\n\t<meta name=\"twitter:data1\" content=\"1 minuto\" \/>\n<script type=\"application\/ld+json\" class=\"yoast-schema-graph\">{\"@context\":\"https:\\\/\\\/schema.org\",\"@graph\":[{\"@type\":\"WebPage\",\"@id\":\"https:\\\/\\\/lovme.pt\\\/index.php\\\/produto\\\/maxell-bateria-de-litio-botao-cr1220-3v-blister1\\\/\",\"url\":\"https:\\\/\\\/lovme.pt\\\/index.php\\\/produto\\\/maxell-bateria-de-litio-botao-cr1220-3v-blister1\\\/\",\"name\":\"MAXELL - BATERIA DE L\u00cdTIO BOT\u00c3O CR1220 3V BLISTER*1 - Lovme\",\"isPartOf\":{\"@id\":\"https:\\\/\\\/lovme.pt\\\/#website\"},\"primaryImageOfPage\":{\"@id\":\"https:\\\/\\\/lovme.pt\\\/index.php\\\/produto\\\/maxell-bateria-de-litio-botao-cr1220-3v-blister1\\\/#primaryimage\"},\"image\":{\"@id\":\"https:\\\/\\\/lovme.pt\\\/index.php\\\/produto\\\/maxell-bateria-de-litio-botao-cr1220-3v-blister1\\\/#primaryimage\"},\"thumbnailUrl\":\"https:\\\/\\\/erki24nd3ub.exactdn.com\\\/wp-content\\\/uploads\\\/dream\\\/img\\\/img_199017_59dd485746b40337f618ae5ea7df821c_1.jpg?strip=all\",\"datePublished\":\"2025-10-01T03:13:35+00:00\",\"dateModified\":\"2026-02-19T20:22:41+00:00\",\"breadcrumb\":{\"@id\":\"https:\\\/\\\/lovme.pt\\\/index.php\\\/produto\\\/maxell-bateria-de-litio-botao-cr1220-3v-blister1\\\/#breadcrumb\"},\"inLanguage\":\"pt-PT\",\"potentialAction\":[{\"@type\":\"ReadAction\",\"target\":[\"https:\\\/\\\/lovme.pt\\\/index.php\\\/produto\\\/maxell-bateria-de-litio-botao-cr1220-3v-blister1\\\/\"]}]},{\"@type\":\"ImageObject\",\"inLanguage\":\"pt-PT\",\"@id\":\"https:\\\/\\\/lovme.pt\\\/index.php\\\/produto\\\/maxell-bateria-de-litio-botao-cr1220-3v-blister1\\\/#primaryimage\",\"url\":\"https:\\\/\\\/erki24nd3ub.exactdn.com\\\/wp-content\\\/uploads\\\/dream\\\/img\\\/img_199017_59dd485746b40337f618ae5ea7df821c_1.jpg?strip=all\",\"contentUrl\":\"https:\\\/\\\/erki24nd3ub.exactdn.com\\\/wp-content\\\/uploads\\\/dream\\\/img\\\/img_199017_59dd485746b40337f618ae5ea7df821c_1.jpg?strip=all\",\"width\":800,\"height\":800},{\"@type\":\"BreadcrumbList\",\"@id\":\"https:\\\/\\\/lovme.pt\\\/index.php\\\/produto\\\/maxell-bateria-de-litio-botao-cr1220-3v-blister1\\\/#breadcrumb\",\"itemListElement\":[{\"@type\":\"ListItem\",\"position\":1,\"name\":\"In\u00edcio\",\"item\":\"https:\\\/\\\/lovme.pt\\\/\"},{\"@type\":\"ListItem\",\"position\":2,\"name\":\"Loja\",\"item\":\"https:\\\/\\\/lovme.pt\\\/index.php\\\/loja\\\/\"},{\"@type\":\"ListItem\",\"position\":3,\"name\":\"MAXELL &#8211; BATERIA DE L\u00cdTIO BOT\u00c3O CR1220 3V BLISTER*1\"}]},{\"@type\":\"WebSite\",\"@id\":\"https:\\\/\\\/lovme.pt\\\/#website\",\"url\":\"https:\\\/\\\/lovme.pt\\\/\",\"name\":\"Lovme Loja Er\u00f3tica N\u00ba1 em Portugal\",\"description\":\"A melhor loja er\u00f3tica de Portugal.\",\"alternateName\":\"Loja Er\u00f3tica Lovme\",\"potentialAction\":[{\"@type\":\"SearchAction\",\"target\":{\"@type\":\"EntryPoint\",\"urlTemplate\":\"https:\\\/\\\/lovme.pt\\\/?s={search_term_string}\"},\"query-input\":{\"@type\":\"PropertyValueSpecification\",\"valueRequired\":true,\"valueName\":\"search_term_string\"}}],\"inLanguage\":\"pt-PT\"}]}<\/script>\n<!-- \/ Yoast SEO plugin. -->","yoast_head_json":{"title":"MAXELL - BATERIA DE L\u00cdTIO BOT\u00c3O CR1220 3V BLISTER*1 - Lovme","robots":{"index":"index","follow":"follow","max-snippet":"max-snippet:-1","max-image-preview":"max-image-preview:large","max-video-preview":"max-video-preview:-1"},"canonical":"https:\/\/lovme.pt\/index.php\/produto\/maxell-bateria-de-litio-botao-cr1220-3v-blister1\/","og_locale":"pt_PT","og_type":"article","og_title":"MAXELL - BATERIA DE L\u00cdTIO BOT\u00c3O CR1220 3V BLISTER*1 - Lovme","og_description":"MAXELL - BATERIA DE L\u00cdTIO BOT\u00c3O CR1220 3V BLISTER*1","og_url":"https:\/\/lovme.pt\/index.php\/produto\/maxell-bateria-de-litio-botao-cr1220-3v-blister1\/","og_site_name":"Lovme","article_modified_time":"2026-02-19T20:22:41+00:00","og_image":[{"width":800,"height":800,"url":"https:\/\/erki24nd3ub.exactdn.com\/wp-content\/uploads\/dream\/img\/img_199017_59dd485746b40337f618ae5ea7df821c_1.jpg?strip=all","type":"image\/jpeg"}],"twitter_card":"summary_large_image","twitter_misc":{"Tempo estimado de leitura":"1 minuto"},"schema":{"@context":"https:\/\/schema.org","@graph":[{"@type":"WebPage","@id":"https:\/\/lovme.pt\/index.php\/produto\/maxell-bateria-de-litio-botao-cr1220-3v-blister1\/","url":"https:\/\/lovme.pt\/index.php\/produto\/maxell-bateria-de-litio-botao-cr1220-3v-blister1\/","name":"MAXELL - BATERIA DE L\u00cdTIO BOT\u00c3O CR1220 3V BLISTER*1 - Lovme","isPartOf":{"@id":"https:\/\/lovme.pt\/#website"},"primaryImageOfPage":{"@id":"https:\/\/lovme.pt\/index.php\/produto\/maxell-bateria-de-litio-botao-cr1220-3v-blister1\/#primaryimage"},"image":{"@id":"https:\/\/lovme.pt\/index.php\/produto\/maxell-bateria-de-litio-botao-cr1220-3v-blister1\/#primaryimage"},"thumbnailUrl":"https:\/\/erki24nd3ub.exactdn.com\/wp-content\/uploads\/dream\/img\/img_199017_59dd485746b40337f618ae5ea7df821c_1.jpg?strip=all","datePublished":"2025-10-01T03:13:35+00:00","dateModified":"2026-02-19T20:22:41+00:00","breadcrumb":{"@id":"https:\/\/lovme.pt\/index.php\/produto\/maxell-bateria-de-litio-botao-cr1220-3v-blister1\/#breadcrumb"},"inLanguage":"pt-PT","potentialAction":[{"@type":"ReadAction","target":["https:\/\/lovme.pt\/index.php\/produto\/maxell-bateria-de-litio-botao-cr1220-3v-blister1\/"]}]},{"@type":"ImageObject","inLanguage":"pt-PT","@id":"https:\/\/lovme.pt\/index.php\/produto\/maxell-bateria-de-litio-botao-cr1220-3v-blister1\/#primaryimage","url":"https:\/\/erki24nd3ub.exactdn.com\/wp-content\/uploads\/dream\/img\/img_199017_59dd485746b40337f618ae5ea7df821c_1.jpg?strip=all","contentUrl":"https:\/\/erki24nd3ub.exactdn.com\/wp-content\/uploads\/dream\/img\/img_199017_59dd485746b40337f618ae5ea7df821c_1.jpg?strip=all","width":800,"height":800},{"@type":"BreadcrumbList","@id":"https:\/\/lovme.pt\/index.php\/produto\/maxell-bateria-de-litio-botao-cr1220-3v-blister1\/#breadcrumb","itemListElement":[{"@type":"ListItem","position":1,"name":"In\u00edcio","item":"https:\/\/lovme.pt\/"},{"@type":"ListItem","position":2,"name":"Loja","item":"https:\/\/lovme.pt\/index.php\/loja\/"},{"@type":"ListItem","position":3,"name":"MAXELL &#8211; BATERIA DE L\u00cdTIO BOT\u00c3O CR1220 3V BLISTER*1"}]},{"@type":"WebSite","@id":"https:\/\/lovme.pt\/#website","url":"https:\/\/lovme.pt\/","name":"Lovme Loja Er\u00f3tica N\u00ba1 em Portugal","description":"A melhor loja er\u00f3tica de Portugal.","alternateName":"Loja Er\u00f3tica Lovme","potentialAction":[{"@type":"SearchAction","target":{"@type":"EntryPoint","urlTemplate":"https:\/\/lovme.pt\/?s={search_term_string}"},"query-input":{"@type":"PropertyValueSpecification","valueRequired":true,"valueName":"search_term_string"}}],"inLanguage":"pt-PT"}]}},"_links":{"self":[{"href":"https:\/\/lovme.pt\/index.php\/wp-json\/wp\/v2\/product\/51352","targetHints":{"allow":["GET"]}}],"collection":[{"href":"https:\/\/lovme.pt\/index.php\/wp-json\/wp\/v2\/product"}],"about":[{"href":"https:\/\/lovme.pt\/index.php\/wp-json\/wp\/v2\/types\/product"}],"wp:featuredmedia":[{"embeddable":true,"href":"https:\/\/lovme.pt\/index.php\/wp-json\/wp\/v2\/media\/102143"}],"wp:attachment":[{"href":"https:\/\/lovme.pt\/index.php\/wp-json\/wp\/v2\/media?parent=51352"}],"wp:term":[{"taxonomy":"product_brand","embeddable":true,"href":"https:\/\/lovme.pt\/index.php\/wp-json\/wp\/v2\/product_brand?post=51352"},{"taxonomy":"product_cat","embeddable":true,"href":"https:\/\/lovme.pt\/index.php\/wp-json\/wp\/v2\/product_cat?post=51352"},{"taxonomy":"product_tag","embeddable":true,"href":"https:\/\/lovme.pt\/index.php\/wp-json\/wp\/v2\/product_tag?post=51352"}],"curies":[{"name":"wp","href":"https:\/\/api.w.org\/{rel}","templated":true}]}}