{"id":51326,"date":"2025-10-01T00:33:57","date_gmt":"2025-10-01T00:33:57","guid":{"rendered":"https:\/\/lovme.pt\/?post_type=product&p=51326"},"modified":"2026-02-19T20:15:53","modified_gmt":"2026-02-19T20:15:53","slug":"chilirose-cr-4844-calca-vermelha-m","status":"publish","type":"product","link":"https:\/\/lovme.pt\/index.php\/produto\/chilirose-cr-4844-calca-vermelha-m\/","title":{"rendered":"CHILIROSE &#8211; CR 4844 CAL\u00c7A VERMELHA M"},"content":{"rendered":"<p>CR4844 <\/p>\n<p>Essas calcinhas s\u00e3o um verdadeiro deleite para os sentidos!<\/p>\n<ul>\n<li><strong>Design delicado em renda e tule:<\/strong> Decorado com elegantes rosas azuis ou vermelhas que acrescentam um toque de sofistica\u00e7\u00e3o e sensualidade.<\/li>\n<li><strong>Detalhe frontal:<\/strong> Um la\u00e7o sedutor adornado com um detalhe de joia elegante que n\u00e3o passar\u00e1 despercebido e chamar\u00e1 a aten\u00e7\u00e3o para o seu sorriso em qualquer rosto.<\/li>\n<li><strong>Abertura frontal<\/strong> : projetada para deixar a imagina\u00e7\u00e3o voar, com um toque ousado que n\u00e3o limita o desejo.<\/li>\n<li><strong>Charme irresist\u00edvel<\/strong> : uma pe\u00e7a \u00edntima sensual que encantar\u00e1 tanto quem a veste quanto quem a admira.<\/li>\n<\/ul>\n<p>Material: 90% poliamida, 10% elastano.<br \/>Cores dispon\u00edveis: Vermelho e azul.<br \/><strong>Tamanhos dispon\u00edveis: P, M, G, GG.<\/strong><\/p>\n<p>Essas calcinhas combinam eleg\u00e2ncia e travessura em uma pe\u00e7a que \u00e9 pura tenta\u00e7\u00e3o.<\/p>\n<p>\u00a0<\/p>\n<p>A marca <strong>CHILIROSE<\/strong> foi criada em 2008 e nossa miss\u00e3o \u00e9 oferecer lingerie sensual e excitante para nossos clientes a um pre\u00e7o competitivo. Agora em 2022, depois de 14 anos, somos uma das principais empresas de lingerie ex\u00f3tica e temos uma grande cole\u00e7\u00e3o de pijamas, vestidos, robes, espartilhos, vestidos, roupas para balada e muito mais. Nosso rigoroso controle de qualidade garante a satisfa\u00e7\u00e3o total de nossos clientes e torna a venda um prazer. Tomamos cuidado especial na sele\u00e7\u00e3o de nossos materiais e m\u00e3o de obra. Oferecemos muitos novos estilos fant\u00e1sticos regularmente e esperamos surpreend\u00ea-lo positivamente todas as vezes.<\/p>\n<p>\u00a0<\/p>\n<table border=\"1\" cellpadding=\"0\" cellspacing=\"0\" width=\"832\">\n<tbody>\n<tr 1px=\"\" height=\"23\" solid=\"\">\n<td 1px=\"\" border:=\"\" class=\"xl72\" colspan=\"8\" height=\"23\" solid=\"\" width=\"832\"><b>GUIA DE TAMANHOS<\/b><\/td>\n<\/tr>\n<tr 1px=\"\" height=\"23\" solid=\"\">\n<td 1px=\"\" border:=\"\" class=\"xl73\" colspan=\"2\" height=\"23\" solid=\"\"><strong>TAMANHO<\/strong><\/td>\n<td 1px=\"\" border:=\"\" class=\"xl71\" solid=\"\" width=\"104\"><strong>S<\/strong><\/td>\n<td 1px=\"\" border:=\"\" class=\"xl71\" solid=\"\" width=\"104\"><strong>M<\/strong><\/td>\n<td 1px=\"\" border:=\"\" class=\"xl71\" solid=\"\" width=\"104\"><strong>eu<\/strong><\/td>\n<td 1px=\"\" border:=\"\" class=\"xl71\" solid=\"\" width=\"104\"><strong>GG<\/strong><\/td>\n<td 1px=\"\" border:=\"\" class=\"xl71\" solid=\"\" width=\"104\"><strong>XXG<\/strong><\/td>\n<td 1px=\"\" border:=\"\" class=\"xl71\" solid=\"\" width=\"104\"><strong>P\/M  G\/GG<\/strong><\/td>\n<\/tr>\n<tr>\n<td 1px=\"\" border:=\"\" class=\"xl74\" colspan=\"2\" height=\"23\" solid=\"\" width=\"208\"><strong>Busto cm<\/strong><\/td>\n<td 1px=\"\" border:=\"\" class=\"xl72\" solid=\"\" width=\"104\">85-89<\/td>\n<td 1px=\"\" border:=\"\" class=\"xl72\" solid=\"\" width=\"104\">90-94<\/td>\n<td 1px=\"\" border:=\"\" class=\"xl71\" solid=\"\" width=\"104\">95-99<\/td>\n<td 1px=\"\" border:=\"\" class=\"xl71\" solid=\"\" width=\"104\">100-104<\/td>\n<td 1px=\"\" border:=\"\" class=\"xl71\" solid=\"\" width=\"104\">105-109<\/td>\n<td 1px=\"\" border:=\"\" class=\"xl71\" solid=\"\" width=\"104\">85-94  95-104<\/td>\n<\/tr>\n<tr>\n<td 1px=\"\" border:=\"\" class=\"xl74\" colspan=\"2\" height=\"23\" solid=\"\" width=\"208\"><strong>Sob o busto cm<\/strong><\/td>\n<td 1px=\"\" border:=\"\" class=\"xl72\" solid=\"\" width=\"104\"><span font-family:=\"\">69-72<\/span><\/td>\n<td 1px=\"\" border:=\"\" class=\"xl72\" solid=\"\" width=\"104\"><span font-family:=\"\">73-77<\/span><\/td>\n<td 1px=\"\" border:=\"\" class=\"xl71\" solid=\"\" width=\"104\"><span font-family:=\"\">78-81<\/span><\/td>\n<td 1px=\"\" border:=\"\" class=\"xl71\" solid=\"\" width=\"104\"><span font-family:=\"\">82-86<\/span><\/td>\n<td 1px=\"\" border:=\"\" class=\"xl71\" solid=\"\" width=\"104\"><span font-family:=\"\">87-90<\/span><\/td>\n<td 1px=\"\" border:=\"\" class=\"xl71\" solid=\"\" width=\"104\"><span font-family:=\"\">69-77  78-86<\/span><\/td>\n<\/tr>\n<tr 1px=\"\" height=\"23\" solid=\"\">\n<td 1px=\"\" border:=\"\" class=\"xl74\" colspan=\"2\" height=\"23\" solid=\"\" width=\"208\"><strong>Cintura cm<\/strong><\/td>\n<td 1px=\"\" border:=\"\" class=\"xl72\" solid=\"\" width=\"104\">68-72<\/td>\n<td 1px=\"\" border:=\"\" class=\"xl72\" solid=\"\" width=\"104\">73-77<\/td>\n<td 1px=\"\" border:=\"\" class=\"xl71\" solid=\"\" width=\"104\">78-82<\/td>\n<td 1px=\"\" border:=\"\" class=\"xl71\" solid=\"\" width=\"104\">83-87<\/td>\n<td 1px=\"\" border:=\"\" class=\"xl71\" solid=\"\" width=\"104\">88-93<\/td>\n<td 1px=\"\" border:=\"\" class=\"xl71\" solid=\"\" width=\"104\">68-77  78-87<\/td>\n<\/tr>\n<tr 1px=\"\" height=\"23\" solid=\"\">\n<td 1px=\"\" border:=\"\" class=\"xl74\" colspan=\"2\" height=\"23\" solid=\"\" width=\"208\"><strong>Quadris cm<\/strong><\/td>\n<td 1px=\"\" border:=\"\" class=\"xl72\" solid=\"\" width=\"104\">90-94<\/td>\n<td 1px=\"\" border:=\"\" class=\"xl72\" solid=\"\" width=\"104\">95-100<\/td>\n<td 1px=\"\" border:=\"\" class=\"xl71\" solid=\"\" width=\"104\">101-105<\/td>\n<td 1px=\"\" border:=\"\" class=\"xl71\" solid=\"\" width=\"104\">106-111<\/td>\n<td 1px=\"\" border:=\"\" class=\"xl71\" solid=\"\" width=\"104\">112-116<\/td>\n<td 1px=\"\" border:=\"\" class=\"xl71\" solid=\"\" width=\"104\">90-100  101-111<\/td>\n<\/tr>\n<\/tbody>\n<\/table>\n<p>\u00a0<\/p>\n","protected":false},"excerpt":{"rendered":"<p>CHILIROSE &#8211; CR 4844 CAL\u00c7A VERMELHA M<\/p>\n","protected":false},"featured_media":88959,"template":"","meta":{"_acf_changed":false},"product_brand":[],"product_cat":[47,66],"product_tag":[],"class_list":{"0":"post-51326","1":"product","2":"type-product","3":"status-publish","4":"has-post-thumbnail","6":"product_cat-lingerie","7":"product_cat-lingerie-feminina","8":"yith_product_brand-chilirose","9":"yith_product_brand-chilirosechilirose-panties-thongs","11":"first","12":"instock","13":"taxable","14":"shipping-taxable","15":"purchasable","16":"product-type-simple"},"acf":[],"yoast_head":"<!-- This site is optimized with the Yoast SEO plugin v27.4 - https:\/\/yoast.com\/product\/yoast-seo-wordpress\/ -->\n<title>CHILIROSE - CR 4844 CAL\u00c7A VERMELHA M - Lovme<\/title>\n<meta name=\"robots\" content=\"index, follow, max-snippet:-1, max-image-preview:large, max-video-preview:-1\" \/>\n<link rel=\"canonical\" href=\"https:\/\/lovme.pt\/index.php\/produto\/chilirose-cr-4844-calca-vermelha-m\/\" \/>\n<meta property=\"og:locale\" content=\"pt_PT\" \/>\n<meta property=\"og:type\" content=\"article\" \/>\n<meta property=\"og:title\" content=\"CHILIROSE - CR 4844 CAL\u00c7A VERMELHA M - Lovme\" \/>\n<meta property=\"og:description\" content=\"CHILIROSE - CR 4844 CAL\u00c7A VERMELHA M\" \/>\n<meta property=\"og:url\" content=\"https:\/\/lovme.pt\/index.php\/produto\/chilirose-cr-4844-calca-vermelha-m\/\" \/>\n<meta property=\"og:site_name\" content=\"Lovme\" \/>\n<meta property=\"article:modified_time\" content=\"2026-02-19T20:15:53+00:00\" \/>\n<meta property=\"og:image\" content=\"https:\/\/erki24nd3ub.exactdn.com\/wp-content\/uploads\/dream\/img\/img_199693_0c172b8e34106c469a8c67be5fe16fd0_1.jpg?strip=all\" \/>\n\t<meta property=\"og:image:width\" content=\"800\" \/>\n\t<meta property=\"og:image:height\" content=\"800\" \/>\n\t<meta property=\"og:image:type\" content=\"image\/jpeg\" \/>\n<meta name=\"twitter:card\" content=\"summary_large_image\" \/>\n<meta name=\"twitter:label1\" content=\"Tempo estimado de leitura\" \/>\n\t<meta name=\"twitter:data1\" content=\"1 minuto\" \/>\n<script type=\"application\/ld+json\" class=\"yoast-schema-graph\">{\"@context\":\"https:\\\/\\\/schema.org\",\"@graph\":[{\"@type\":\"WebPage\",\"@id\":\"https:\\\/\\\/lovme.pt\\\/index.php\\\/produto\\\/chilirose-cr-4844-calca-vermelha-m\\\/\",\"url\":\"https:\\\/\\\/lovme.pt\\\/index.php\\\/produto\\\/chilirose-cr-4844-calca-vermelha-m\\\/\",\"name\":\"CHILIROSE - CR 4844 CAL\u00c7A VERMELHA M - Lovme\",\"isPartOf\":{\"@id\":\"https:\\\/\\\/lovme.pt\\\/#website\"},\"primaryImageOfPage\":{\"@id\":\"https:\\\/\\\/lovme.pt\\\/index.php\\\/produto\\\/chilirose-cr-4844-calca-vermelha-m\\\/#primaryimage\"},\"image\":{\"@id\":\"https:\\\/\\\/lovme.pt\\\/index.php\\\/produto\\\/chilirose-cr-4844-calca-vermelha-m\\\/#primaryimage\"},\"thumbnailUrl\":\"https:\\\/\\\/erki24nd3ub.exactdn.com\\\/wp-content\\\/uploads\\\/dream\\\/img\\\/img_199693_0c172b8e34106c469a8c67be5fe16fd0_1.jpg?strip=all\",\"datePublished\":\"2025-10-01T00:33:57+00:00\",\"dateModified\":\"2026-02-19T20:15:53+00:00\",\"breadcrumb\":{\"@id\":\"https:\\\/\\\/lovme.pt\\\/index.php\\\/produto\\\/chilirose-cr-4844-calca-vermelha-m\\\/#breadcrumb\"},\"inLanguage\":\"pt-PT\",\"potentialAction\":[{\"@type\":\"ReadAction\",\"target\":[\"https:\\\/\\\/lovme.pt\\\/index.php\\\/produto\\\/chilirose-cr-4844-calca-vermelha-m\\\/\"]}]},{\"@type\":\"ImageObject\",\"inLanguage\":\"pt-PT\",\"@id\":\"https:\\\/\\\/lovme.pt\\\/index.php\\\/produto\\\/chilirose-cr-4844-calca-vermelha-m\\\/#primaryimage\",\"url\":\"https:\\\/\\\/erki24nd3ub.exactdn.com\\\/wp-content\\\/uploads\\\/dream\\\/img\\\/img_199693_0c172b8e34106c469a8c67be5fe16fd0_1.jpg?strip=all\",\"contentUrl\":\"https:\\\/\\\/erki24nd3ub.exactdn.com\\\/wp-content\\\/uploads\\\/dream\\\/img\\\/img_199693_0c172b8e34106c469a8c67be5fe16fd0_1.jpg?strip=all\",\"width\":800,\"height\":800},{\"@type\":\"BreadcrumbList\",\"@id\":\"https:\\\/\\\/lovme.pt\\\/index.php\\\/produto\\\/chilirose-cr-4844-calca-vermelha-m\\\/#breadcrumb\",\"itemListElement\":[{\"@type\":\"ListItem\",\"position\":1,\"name\":\"In\u00edcio\",\"item\":\"https:\\\/\\\/lovme.pt\\\/\"},{\"@type\":\"ListItem\",\"position\":2,\"name\":\"Loja\",\"item\":\"https:\\\/\\\/lovme.pt\\\/index.php\\\/loja\\\/\"},{\"@type\":\"ListItem\",\"position\":3,\"name\":\"CHILIROSE &#8211; CR 4844 CAL\u00c7A VERMELHA M\"}]},{\"@type\":\"WebSite\",\"@id\":\"https:\\\/\\\/lovme.pt\\\/#website\",\"url\":\"https:\\\/\\\/lovme.pt\\\/\",\"name\":\"Lovme Loja Er\u00f3tica N\u00ba1 em Portugal\",\"description\":\"A melhor loja er\u00f3tica de Portugal.\",\"alternateName\":\"Loja Er\u00f3tica Lovme\",\"potentialAction\":[{\"@type\":\"SearchAction\",\"target\":{\"@type\":\"EntryPoint\",\"urlTemplate\":\"https:\\\/\\\/lovme.pt\\\/?s={search_term_string}\"},\"query-input\":{\"@type\":\"PropertyValueSpecification\",\"valueRequired\":true,\"valueName\":\"search_term_string\"}}],\"inLanguage\":\"pt-PT\"}]}<\/script>\n<!-- \/ Yoast SEO plugin. -->","yoast_head_json":{"title":"CHILIROSE - CR 4844 CAL\u00c7A VERMELHA M - Lovme","robots":{"index":"index","follow":"follow","max-snippet":"max-snippet:-1","max-image-preview":"max-image-preview:large","max-video-preview":"max-video-preview:-1"},"canonical":"https:\/\/lovme.pt\/index.php\/produto\/chilirose-cr-4844-calca-vermelha-m\/","og_locale":"pt_PT","og_type":"article","og_title":"CHILIROSE - CR 4844 CAL\u00c7A VERMELHA M - Lovme","og_description":"CHILIROSE - CR 4844 CAL\u00c7A VERMELHA M","og_url":"https:\/\/lovme.pt\/index.php\/produto\/chilirose-cr-4844-calca-vermelha-m\/","og_site_name":"Lovme","article_modified_time":"2026-02-19T20:15:53+00:00","og_image":[{"width":800,"height":800,"url":"https:\/\/erki24nd3ub.exactdn.com\/wp-content\/uploads\/dream\/img\/img_199693_0c172b8e34106c469a8c67be5fe16fd0_1.jpg?strip=all","type":"image\/jpeg"}],"twitter_card":"summary_large_image","twitter_misc":{"Tempo estimado de leitura":"1 minuto"},"schema":{"@context":"https:\/\/schema.org","@graph":[{"@type":"WebPage","@id":"https:\/\/lovme.pt\/index.php\/produto\/chilirose-cr-4844-calca-vermelha-m\/","url":"https:\/\/lovme.pt\/index.php\/produto\/chilirose-cr-4844-calca-vermelha-m\/","name":"CHILIROSE - CR 4844 CAL\u00c7A VERMELHA M - Lovme","isPartOf":{"@id":"https:\/\/lovme.pt\/#website"},"primaryImageOfPage":{"@id":"https:\/\/lovme.pt\/index.php\/produto\/chilirose-cr-4844-calca-vermelha-m\/#primaryimage"},"image":{"@id":"https:\/\/lovme.pt\/index.php\/produto\/chilirose-cr-4844-calca-vermelha-m\/#primaryimage"},"thumbnailUrl":"https:\/\/erki24nd3ub.exactdn.com\/wp-content\/uploads\/dream\/img\/img_199693_0c172b8e34106c469a8c67be5fe16fd0_1.jpg?strip=all","datePublished":"2025-10-01T00:33:57+00:00","dateModified":"2026-02-19T20:15:53+00:00","breadcrumb":{"@id":"https:\/\/lovme.pt\/index.php\/produto\/chilirose-cr-4844-calca-vermelha-m\/#breadcrumb"},"inLanguage":"pt-PT","potentialAction":[{"@type":"ReadAction","target":["https:\/\/lovme.pt\/index.php\/produto\/chilirose-cr-4844-calca-vermelha-m\/"]}]},{"@type":"ImageObject","inLanguage":"pt-PT","@id":"https:\/\/lovme.pt\/index.php\/produto\/chilirose-cr-4844-calca-vermelha-m\/#primaryimage","url":"https:\/\/erki24nd3ub.exactdn.com\/wp-content\/uploads\/dream\/img\/img_199693_0c172b8e34106c469a8c67be5fe16fd0_1.jpg?strip=all","contentUrl":"https:\/\/erki24nd3ub.exactdn.com\/wp-content\/uploads\/dream\/img\/img_199693_0c172b8e34106c469a8c67be5fe16fd0_1.jpg?strip=all","width":800,"height":800},{"@type":"BreadcrumbList","@id":"https:\/\/lovme.pt\/index.php\/produto\/chilirose-cr-4844-calca-vermelha-m\/#breadcrumb","itemListElement":[{"@type":"ListItem","position":1,"name":"In\u00edcio","item":"https:\/\/lovme.pt\/"},{"@type":"ListItem","position":2,"name":"Loja","item":"https:\/\/lovme.pt\/index.php\/loja\/"},{"@type":"ListItem","position":3,"name":"CHILIROSE &#8211; CR 4844 CAL\u00c7A VERMELHA M"}]},{"@type":"WebSite","@id":"https:\/\/lovme.pt\/#website","url":"https:\/\/lovme.pt\/","name":"Lovme Loja Er\u00f3tica N\u00ba1 em Portugal","description":"A melhor loja er\u00f3tica de Portugal.","alternateName":"Loja Er\u00f3tica Lovme","potentialAction":[{"@type":"SearchAction","target":{"@type":"EntryPoint","urlTemplate":"https:\/\/lovme.pt\/?s={search_term_string}"},"query-input":{"@type":"PropertyValueSpecification","valueRequired":true,"valueName":"search_term_string"}}],"inLanguage":"pt-PT"}]}},"_links":{"self":[{"href":"https:\/\/lovme.pt\/index.php\/wp-json\/wp\/v2\/product\/51326","targetHints":{"allow":["GET"]}}],"collection":[{"href":"https:\/\/lovme.pt\/index.php\/wp-json\/wp\/v2\/product"}],"about":[{"href":"https:\/\/lovme.pt\/index.php\/wp-json\/wp\/v2\/types\/product"}],"wp:featuredmedia":[{"embeddable":true,"href":"https:\/\/lovme.pt\/index.php\/wp-json\/wp\/v2\/media\/88959"}],"wp:attachment":[{"href":"https:\/\/lovme.pt\/index.php\/wp-json\/wp\/v2\/media?parent=51326"}],"wp:term":[{"taxonomy":"product_brand","embeddable":true,"href":"https:\/\/lovme.pt\/index.php\/wp-json\/wp\/v2\/product_brand?post=51326"},{"taxonomy":"product_cat","embeddable":true,"href":"https:\/\/lovme.pt\/index.php\/wp-json\/wp\/v2\/product_cat?post=51326"},{"taxonomy":"product_tag","embeddable":true,"href":"https:\/\/lovme.pt\/index.php\/wp-json\/wp\/v2\/product_tag?post=51326"}],"curies":[{"name":"wp","href":"https:\/\/api.w.org\/{rel}","templated":true}]}}