{"id":51307,"date":"2025-10-01T03:13:24","date_gmt":"2025-10-01T03:13:24","guid":{"rendered":"https:\/\/lovme.pt\/?post_type=product&p=51307"},"modified":"2026-02-19T20:22:40","modified_gmt":"2026-02-19T20:22:40","slug":"varta-pilha-alcalina-energetica-aaa-lr03-blister4","status":"publish","type":"product","link":"https:\/\/lovme.pt\/index.php\/produto\/varta-pilha-alcalina-energetica-aaa-lr03-blister4\/","title":{"rendered":"VARTA &#8211; PILHA ALCALINA ENERG\u00c9TICA AAA LR03 BLISTER*4"},"content":{"rendered":"<p>\u00a0<\/p>\n<p>Pilhas AAA s\u00e3o comumente usadas em pequenos dispositivos eletr\u00f4nicos, como controles remotos de TV, tocadores de MP3 e c\u00e2meras digitais. Dispositivos que operam na mesma voltagem, mas exigem maiores consumos de corrente, usam pilhas AA maiores. Pilhas AA t\u00eam tr\u00eas vezes a capacidade das pilhas AAA. No entanto, com o aumento da efici\u00eancia e miniaturiza\u00e7\u00e3o da eletr\u00f4nica moderna, muitos produtos que foram projetados para usar pilhas AA est\u00e3o sendo substitu\u00eddos por modelos que aceitam pilhas AAA. Uma pilha AAA tem 44,5 mm de comprimento e 10,5 mm de di\u00e2metro. Pilhas alcalinas AAA pesam cerca de 11,5 gramas cada, enquanto pilhas AAA de l\u00edtio pesam cerca de 7,6 gramas, e pilhas recarreg\u00e1veis (Ni-MH) normalmente pesam entre 14 e 15 gramas. A voltagem nominal das pilhas alcalinas AAA e de l\u00edtio \u00e9 de 1,5 V, enquanto pilhas Ni-MH ou NiCd s\u00e3o de 1,2 V. A capacidade das pilhas alcalinas AAA \u00e9 normalmente de 900 a 1155 mAh (3240 a 4158 coulombs).<\/p>\n<p><strong>CARACTER\u00cdSTICAS T\u00c9CNICAS:<\/strong><\/p>\n<ul>\n<li>Modelo: VELR03B4<\/li>\n<li>Marca: VARTA<\/li>\n<li>Tipo: AAA LR03<\/li>\n<li>Tecnologia: Alcalina<\/li>\n<li>Voltagem: 1,5 V<\/li>\n<li>Usos: Rel\u00f3gios de parede, barbeadores Gillette, teclados e mouses, controles remotos, lanternas, brinquedos<\/li>\n<\/ul>\n<p><strong>EMBALAGEM:<\/strong><\/p>\n<ul>\n<li>Formato: Blister<\/li>\n<li>Dimens\u00f5es (bateria): Altura: 44,5 mm Di\u00e2metro: 10,5 mm<\/li>\n<li>Pilhas por blister: 4<\/li>\n<li>Dimens\u00f5es (Blister): 8x1x12cm<\/li>\n<li>Peso da bolha: -51g<\/li>\n<li>N\u00famero de identifica\u00e7\u00e3o: 4008496626458<\/li>\n<li>Embalagem: Caixa<\/li>\n<li>Blister por caixa: 10<\/li>\n<li>Dimens\u00f5es (Caixa): &#8211;<\/li>\n<li>Peso da caixa: &#8211;<\/li>\n<li>Ingl\u00eas: &#8211;<\/li>\n<li>*As caracter\u00edsticas podem variar dependendo da vers\u00e3o.<\/li>\n<\/ul>\n","protected":false},"excerpt":{"rendered":"<p>VARTA &#8211; PILHA ALCALINA ENERG\u00c9TICA AAA LR03 BLISTER*4<\/p>\n","protected":false},"featured_media":102132,"template":"","meta":{"_acf_changed":false},"product_brand":[],"product_cat":[15],"product_tag":[],"class_list":{"0":"post-51307","1":"product","2":"type-product","3":"status-publish","4":"has-post-thumbnail","6":"product_cat-loja","7":"yith_product_brand-varta","9":"first","10":"instock","11":"taxable","12":"shipping-taxable","13":"purchasable","14":"product-type-simple"},"acf":[],"yoast_head":"<!-- This site is optimized with the Yoast SEO plugin v27.4 - https:\/\/yoast.com\/product\/yoast-seo-wordpress\/ -->\n<title>VARTA - PILHA ALCALINA ENERG\u00c9TICA AAA LR03 BLISTER*4 - Lovme<\/title>\n<meta name=\"robots\" content=\"index, follow, max-snippet:-1, max-image-preview:large, max-video-preview:-1\" \/>\n<link rel=\"canonical\" href=\"https:\/\/lovme.pt\/index.php\/produto\/varta-pilha-alcalina-energetica-aaa-lr03-blister4\/\" \/>\n<meta property=\"og:locale\" content=\"pt_PT\" \/>\n<meta property=\"og:type\" content=\"article\" \/>\n<meta property=\"og:title\" content=\"VARTA - PILHA ALCALINA ENERG\u00c9TICA AAA LR03 BLISTER*4 - Lovme\" \/>\n<meta property=\"og:description\" content=\"VARTA - PILHA ALCALINA ENERG\u00c9TICA AAA LR03 BLISTER*4\" \/>\n<meta property=\"og:url\" content=\"https:\/\/lovme.pt\/index.php\/produto\/varta-pilha-alcalina-energetica-aaa-lr03-blister4\/\" \/>\n<meta property=\"og:site_name\" content=\"Lovme\" \/>\n<meta property=\"article:modified_time\" content=\"2026-02-19T20:22:40+00:00\" \/>\n<meta property=\"og:image\" content=\"https:\/\/erki24nd3ub.exactdn.com\/wp-content\/uploads\/dream\/img\/img_198883_810dd0bb4cc489e0131095a65d7a94a7_1.jpg?strip=all\" \/>\n\t<meta property=\"og:image:width\" content=\"800\" \/>\n\t<meta property=\"og:image:height\" content=\"800\" \/>\n\t<meta property=\"og:image:type\" content=\"image\/jpeg\" \/>\n<meta name=\"twitter:card\" content=\"summary_large_image\" \/>\n<meta name=\"twitter:label1\" content=\"Tempo estimado de leitura\" \/>\n\t<meta name=\"twitter:data1\" content=\"1 minuto\" \/>\n<script type=\"application\/ld+json\" class=\"yoast-schema-graph\">{\"@context\":\"https:\\\/\\\/schema.org\",\"@graph\":[{\"@type\":\"WebPage\",\"@id\":\"https:\\\/\\\/lovme.pt\\\/index.php\\\/produto\\\/varta-pilha-alcalina-energetica-aaa-lr03-blister4\\\/\",\"url\":\"https:\\\/\\\/lovme.pt\\\/index.php\\\/produto\\\/varta-pilha-alcalina-energetica-aaa-lr03-blister4\\\/\",\"name\":\"VARTA - PILHA ALCALINA ENERG\u00c9TICA AAA LR03 BLISTER*4 - Lovme\",\"isPartOf\":{\"@id\":\"https:\\\/\\\/lovme.pt\\\/#website\"},\"primaryImageOfPage\":{\"@id\":\"https:\\\/\\\/lovme.pt\\\/index.php\\\/produto\\\/varta-pilha-alcalina-energetica-aaa-lr03-blister4\\\/#primaryimage\"},\"image\":{\"@id\":\"https:\\\/\\\/lovme.pt\\\/index.php\\\/produto\\\/varta-pilha-alcalina-energetica-aaa-lr03-blister4\\\/#primaryimage\"},\"thumbnailUrl\":\"https:\\\/\\\/erki24nd3ub.exactdn.com\\\/wp-content\\\/uploads\\\/dream\\\/img\\\/img_198883_810dd0bb4cc489e0131095a65d7a94a7_1.jpg?strip=all\",\"datePublished\":\"2025-10-01T03:13:24+00:00\",\"dateModified\":\"2026-02-19T20:22:40+00:00\",\"breadcrumb\":{\"@id\":\"https:\\\/\\\/lovme.pt\\\/index.php\\\/produto\\\/varta-pilha-alcalina-energetica-aaa-lr03-blister4\\\/#breadcrumb\"},\"inLanguage\":\"pt-PT\",\"potentialAction\":[{\"@type\":\"ReadAction\",\"target\":[\"https:\\\/\\\/lovme.pt\\\/index.php\\\/produto\\\/varta-pilha-alcalina-energetica-aaa-lr03-blister4\\\/\"]}]},{\"@type\":\"ImageObject\",\"inLanguage\":\"pt-PT\",\"@id\":\"https:\\\/\\\/lovme.pt\\\/index.php\\\/produto\\\/varta-pilha-alcalina-energetica-aaa-lr03-blister4\\\/#primaryimage\",\"url\":\"https:\\\/\\\/erki24nd3ub.exactdn.com\\\/wp-content\\\/uploads\\\/dream\\\/img\\\/img_198883_810dd0bb4cc489e0131095a65d7a94a7_1.jpg?strip=all\",\"contentUrl\":\"https:\\\/\\\/erki24nd3ub.exactdn.com\\\/wp-content\\\/uploads\\\/dream\\\/img\\\/img_198883_810dd0bb4cc489e0131095a65d7a94a7_1.jpg?strip=all\",\"width\":800,\"height\":800},{\"@type\":\"BreadcrumbList\",\"@id\":\"https:\\\/\\\/lovme.pt\\\/index.php\\\/produto\\\/varta-pilha-alcalina-energetica-aaa-lr03-blister4\\\/#breadcrumb\",\"itemListElement\":[{\"@type\":\"ListItem\",\"position\":1,\"name\":\"In\u00edcio\",\"item\":\"https:\\\/\\\/lovme.pt\\\/\"},{\"@type\":\"ListItem\",\"position\":2,\"name\":\"Loja\",\"item\":\"https:\\\/\\\/lovme.pt\\\/index.php\\\/loja\\\/\"},{\"@type\":\"ListItem\",\"position\":3,\"name\":\"VARTA &#8211; PILHA ALCALINA ENERG\u00c9TICA AAA LR03 BLISTER*4\"}]},{\"@type\":\"WebSite\",\"@id\":\"https:\\\/\\\/lovme.pt\\\/#website\",\"url\":\"https:\\\/\\\/lovme.pt\\\/\",\"name\":\"Lovme Loja Er\u00f3tica N\u00ba1 em Portugal\",\"description\":\"A melhor loja er\u00f3tica de Portugal.\",\"alternateName\":\"Loja Er\u00f3tica Lovme\",\"potentialAction\":[{\"@type\":\"SearchAction\",\"target\":{\"@type\":\"EntryPoint\",\"urlTemplate\":\"https:\\\/\\\/lovme.pt\\\/?s={search_term_string}\"},\"query-input\":{\"@type\":\"PropertyValueSpecification\",\"valueRequired\":true,\"valueName\":\"search_term_string\"}}],\"inLanguage\":\"pt-PT\"}]}<\/script>\n<!-- \/ Yoast SEO plugin. -->","yoast_head_json":{"title":"VARTA - PILHA ALCALINA ENERG\u00c9TICA AAA LR03 BLISTER*4 - Lovme","robots":{"index":"index","follow":"follow","max-snippet":"max-snippet:-1","max-image-preview":"max-image-preview:large","max-video-preview":"max-video-preview:-1"},"canonical":"https:\/\/lovme.pt\/index.php\/produto\/varta-pilha-alcalina-energetica-aaa-lr03-blister4\/","og_locale":"pt_PT","og_type":"article","og_title":"VARTA - PILHA ALCALINA ENERG\u00c9TICA AAA LR03 BLISTER*4 - Lovme","og_description":"VARTA - PILHA ALCALINA ENERG\u00c9TICA AAA LR03 BLISTER*4","og_url":"https:\/\/lovme.pt\/index.php\/produto\/varta-pilha-alcalina-energetica-aaa-lr03-blister4\/","og_site_name":"Lovme","article_modified_time":"2026-02-19T20:22:40+00:00","og_image":[{"width":800,"height":800,"url":"https:\/\/erki24nd3ub.exactdn.com\/wp-content\/uploads\/dream\/img\/img_198883_810dd0bb4cc489e0131095a65d7a94a7_1.jpg?strip=all","type":"image\/jpeg"}],"twitter_card":"summary_large_image","twitter_misc":{"Tempo estimado de leitura":"1 minuto"},"schema":{"@context":"https:\/\/schema.org","@graph":[{"@type":"WebPage","@id":"https:\/\/lovme.pt\/index.php\/produto\/varta-pilha-alcalina-energetica-aaa-lr03-blister4\/","url":"https:\/\/lovme.pt\/index.php\/produto\/varta-pilha-alcalina-energetica-aaa-lr03-blister4\/","name":"VARTA - PILHA ALCALINA ENERG\u00c9TICA AAA LR03 BLISTER*4 - Lovme","isPartOf":{"@id":"https:\/\/lovme.pt\/#website"},"primaryImageOfPage":{"@id":"https:\/\/lovme.pt\/index.php\/produto\/varta-pilha-alcalina-energetica-aaa-lr03-blister4\/#primaryimage"},"image":{"@id":"https:\/\/lovme.pt\/index.php\/produto\/varta-pilha-alcalina-energetica-aaa-lr03-blister4\/#primaryimage"},"thumbnailUrl":"https:\/\/erki24nd3ub.exactdn.com\/wp-content\/uploads\/dream\/img\/img_198883_810dd0bb4cc489e0131095a65d7a94a7_1.jpg?strip=all","datePublished":"2025-10-01T03:13:24+00:00","dateModified":"2026-02-19T20:22:40+00:00","breadcrumb":{"@id":"https:\/\/lovme.pt\/index.php\/produto\/varta-pilha-alcalina-energetica-aaa-lr03-blister4\/#breadcrumb"},"inLanguage":"pt-PT","potentialAction":[{"@type":"ReadAction","target":["https:\/\/lovme.pt\/index.php\/produto\/varta-pilha-alcalina-energetica-aaa-lr03-blister4\/"]}]},{"@type":"ImageObject","inLanguage":"pt-PT","@id":"https:\/\/lovme.pt\/index.php\/produto\/varta-pilha-alcalina-energetica-aaa-lr03-blister4\/#primaryimage","url":"https:\/\/erki24nd3ub.exactdn.com\/wp-content\/uploads\/dream\/img\/img_198883_810dd0bb4cc489e0131095a65d7a94a7_1.jpg?strip=all","contentUrl":"https:\/\/erki24nd3ub.exactdn.com\/wp-content\/uploads\/dream\/img\/img_198883_810dd0bb4cc489e0131095a65d7a94a7_1.jpg?strip=all","width":800,"height":800},{"@type":"BreadcrumbList","@id":"https:\/\/lovme.pt\/index.php\/produto\/varta-pilha-alcalina-energetica-aaa-lr03-blister4\/#breadcrumb","itemListElement":[{"@type":"ListItem","position":1,"name":"In\u00edcio","item":"https:\/\/lovme.pt\/"},{"@type":"ListItem","position":2,"name":"Loja","item":"https:\/\/lovme.pt\/index.php\/loja\/"},{"@type":"ListItem","position":3,"name":"VARTA &#8211; PILHA ALCALINA ENERG\u00c9TICA AAA LR03 BLISTER*4"}]},{"@type":"WebSite","@id":"https:\/\/lovme.pt\/#website","url":"https:\/\/lovme.pt\/","name":"Lovme Loja Er\u00f3tica N\u00ba1 em Portugal","description":"A melhor loja er\u00f3tica de Portugal.","alternateName":"Loja Er\u00f3tica Lovme","potentialAction":[{"@type":"SearchAction","target":{"@type":"EntryPoint","urlTemplate":"https:\/\/lovme.pt\/?s={search_term_string}"},"query-input":{"@type":"PropertyValueSpecification","valueRequired":true,"valueName":"search_term_string"}}],"inLanguage":"pt-PT"}]}},"_links":{"self":[{"href":"https:\/\/lovme.pt\/index.php\/wp-json\/wp\/v2\/product\/51307","targetHints":{"allow":["GET"]}}],"collection":[{"href":"https:\/\/lovme.pt\/index.php\/wp-json\/wp\/v2\/product"}],"about":[{"href":"https:\/\/lovme.pt\/index.php\/wp-json\/wp\/v2\/types\/product"}],"wp:featuredmedia":[{"embeddable":true,"href":"https:\/\/lovme.pt\/index.php\/wp-json\/wp\/v2\/media\/102132"}],"wp:attachment":[{"href":"https:\/\/lovme.pt\/index.php\/wp-json\/wp\/v2\/media?parent=51307"}],"wp:term":[{"taxonomy":"product_brand","embeddable":true,"href":"https:\/\/lovme.pt\/index.php\/wp-json\/wp\/v2\/product_brand?post=51307"},{"taxonomy":"product_cat","embeddable":true,"href":"https:\/\/lovme.pt\/index.php\/wp-json\/wp\/v2\/product_cat?post=51307"},{"taxonomy":"product_tag","embeddable":true,"href":"https:\/\/lovme.pt\/index.php\/wp-json\/wp\/v2\/product_tag?post=51307"}],"curies":[{"name":"wp","href":"https:\/\/api.w.org\/{rel}","templated":true}]}}