{"id":51288,"date":"2025-10-01T03:13:11","date_gmt":"2025-10-01T03:13:11","guid":{"rendered":"https:\/\/lovme.pt\/?post_type=product&p=51288"},"modified":"2026-02-19T20:22:39","modified_gmt":"2026-02-19T20:22:39","slug":"energizer-alkaline-power-pilha-aaa-alcalina-lr03-caixa24-3-caixas8-baterias","status":"publish","type":"product","link":"https:\/\/lovme.pt\/index.php\/produto\/energizer-alkaline-power-pilha-aaa-alcalina-lr03-caixa24-3-caixas8-baterias\/","title":{"rendered":"ENERGIZER &#8211; ALKALINE POWER PILHA AAA ALCALINA LR03 CAIXA*24 (3 CAIXAS*8 BATERIAS)"},"content":{"rendered":"<p><strong>Pilhas AAA: energia compacta e vers\u00e1til para seus dispositivos do dia a dia<\/strong><\/p>\n<p>Pilhas AAA, tamb\u00e9m conhecidas como baterias triplo A, s\u00e3o uma solu\u00e7\u00e3o de energia essencial para uma ampla variedade de dispositivos eletr\u00f4nicos de pequeno e m\u00e9dio porte. Com seu design compacto e leve, essas baterias s\u00e3o ideais para alimentar dispositivos que exigem energia confi\u00e1vel em um pequeno fator de forma. Fabricadas usando tecnologias avan\u00e7adas, como alcalina, n\u00edquel-hidreto met\u00e1lico recarreg\u00e1vel (NiMH) ou l\u00edtio, elas oferecem uma excelente combina\u00e7\u00e3o de vida e desempenho.<\/p>\n<p><strong>Usos e aplica\u00e7\u00f5es<\/strong><br \/>Pilhas AAA s\u00e3o amplamente usadas em casa, no escrit\u00f3rio e em atividades ao ar livre. Gra\u00e7as ao seu tamanho padr\u00e3o e compatibilidade universal, elas s\u00e3o a fonte de energia preferida para dispositivos como:<\/p>\n<ul>\n<li>Controles remotos: De televisores a sistemas de \u00e1udio e dispositivos de streaming.<\/li>\n<li>Rel\u00f3gios de parede: Eles garantem a precis\u00e3o no funcionamento di\u00e1rio dos seus rel\u00f3gios.<\/li>\n<li>Brinquedos eletr\u00f4nicos: Ideais para jogos interativos, bonecas falantes e outros brinquedos pequenos.<\/li>\n<li>Lanternas e luzes de LED: Proporcionam ilumina\u00e7\u00e3o eficiente em equipamentos port\u00e1teis e de emerg\u00eancia.<\/li>\n<li>Equipamentos de cuidados pessoais: como barbeadores, escovas de dentes el\u00e9tricas e depiladores.<\/li>\n<li>Dispositivos m\u00e9dicos: term\u00f4metros digitais, glicos\u00edmetros e outros equipamentos de monitoramento pessoal.<\/li>\n<li>Eletr\u00f4nicos port\u00e1teis: c\u00e2meras digitais compactas, microfones e tocadores de m\u00fasica.<\/li>\n<\/ul>\n<p><strong>Principais benef\u00edcios<\/strong><\/p>\n<ul>\n<li>Portabilidade: Seu tamanho pequeno os torna perfeitos para dispositivos leves e port\u00e1teis.<\/li>\n<li>Durabilidade confi\u00e1vel: fornecem energia consistente por longos per\u00edodos.<\/li>\n<li>Op\u00e7\u00f5es recarreg\u00e1veis: As vers\u00f5es recarreg\u00e1veis s\u00e3o ideais para reduzir o impacto ambiental e economizar a longo prazo.<\/li>\n<li>Versatilidade: Compat\u00edvel com uma ampla variedade de dispositivos, o que os torna um componente essencial em qualquer casa ou escrit\u00f3rio.<\/li>\n<\/ul>\n<p>Quer voc\u00ea precise de energia para dispositivos do dia a dia ou para equipamentos essenciais em situa\u00e7\u00f5es de emerg\u00eancia, as pilhas AAA s\u00e3o a escolha perfeita pela combina\u00e7\u00e3o de desempenho, pre\u00e7o acess\u00edvel e tamanho compacto. Certifique-se de ter sempre um pacote \u00e0 m\u00e3o para manter todos os seus dispositivos essenciais funcionando.<\/p>\n","protected":false},"excerpt":{"rendered":"<p>ENERGIZER &#8211; ALKALINE POWER PILHA AAA ALCALINA LR03 CAIXA*24 (3 CAIXAS*8 BATERIAS)<\/p>\n","protected":false},"featured_media":102117,"template":"","meta":{"_acf_changed":false},"product_brand":[],"product_cat":[15],"product_tag":[],"class_list":{"0":"post-51288","1":"product","2":"type-product","3":"status-publish","4":"has-post-thumbnail","6":"product_cat-loja","7":"yith_product_brand-energizer","9":"first","10":"instock","11":"taxable","12":"shipping-taxable","13":"purchasable","14":"product-type-simple"},"acf":[],"yoast_head":"<!-- This site is optimized with the Yoast SEO plugin v27.4 - https:\/\/yoast.com\/product\/yoast-seo-wordpress\/ -->\n<title>ENERGIZER - ALKALINE POWER PILHA AAA ALCALINA LR03 CAIXA*24 (3 CAIXAS*8 BATERIAS) - Lovme<\/title>\n<meta name=\"robots\" content=\"index, follow, max-snippet:-1, max-image-preview:large, max-video-preview:-1\" \/>\n<link rel=\"canonical\" href=\"https:\/\/lovme.pt\/index.php\/produto\/energizer-alkaline-power-pilha-aaa-alcalina-lr03-caixa24-3-caixas8-baterias\/\" \/>\n<meta property=\"og:locale\" content=\"pt_PT\" \/>\n<meta property=\"og:type\" content=\"article\" \/>\n<meta property=\"og:title\" content=\"ENERGIZER - ALKALINE POWER PILHA AAA ALCALINA LR03 CAIXA*24 (3 CAIXAS*8 BATERIAS) - Lovme\" \/>\n<meta property=\"og:description\" content=\"ENERGIZER - ALKALINE POWER PILHA AAA ALCALINA LR03 CAIXA*24 (3 CAIXAS*8 BATERIAS)\" \/>\n<meta property=\"og:url\" content=\"https:\/\/lovme.pt\/index.php\/produto\/energizer-alkaline-power-pilha-aaa-alcalina-lr03-caixa24-3-caixas8-baterias\/\" \/>\n<meta property=\"og:site_name\" content=\"Lovme\" \/>\n<meta property=\"article:modified_time\" content=\"2026-02-19T20:22:39+00:00\" \/>\n<meta property=\"og:image\" content=\"https:\/\/erki24nd3ub.exactdn.com\/wp-content\/uploads\/dream\/img\/img_198736_9dd874eb6f7b1f32bcbc9df3a1d50f93_1.jpg?strip=all\" \/>\n\t<meta property=\"og:image:width\" content=\"800\" \/>\n\t<meta property=\"og:image:height\" content=\"800\" \/>\n\t<meta property=\"og:image:type\" content=\"image\/jpeg\" \/>\n<meta name=\"twitter:card\" content=\"summary_large_image\" \/>\n<meta name=\"twitter:label1\" content=\"Tempo estimado de leitura\" \/>\n\t<meta name=\"twitter:data1\" content=\"2 minutos\" \/>\n<script type=\"application\/ld+json\" class=\"yoast-schema-graph\">{\"@context\":\"https:\\\/\\\/schema.org\",\"@graph\":[{\"@type\":\"WebPage\",\"@id\":\"https:\\\/\\\/lovme.pt\\\/index.php\\\/produto\\\/energizer-alkaline-power-pilha-aaa-alcalina-lr03-caixa24-3-caixas8-baterias\\\/\",\"url\":\"https:\\\/\\\/lovme.pt\\\/index.php\\\/produto\\\/energizer-alkaline-power-pilha-aaa-alcalina-lr03-caixa24-3-caixas8-baterias\\\/\",\"name\":\"ENERGIZER - ALKALINE POWER PILHA AAA ALCALINA LR03 CAIXA*24 (3 CAIXAS*8 BATERIAS) - Lovme\",\"isPartOf\":{\"@id\":\"https:\\\/\\\/lovme.pt\\\/#website\"},\"primaryImageOfPage\":{\"@id\":\"https:\\\/\\\/lovme.pt\\\/index.php\\\/produto\\\/energizer-alkaline-power-pilha-aaa-alcalina-lr03-caixa24-3-caixas8-baterias\\\/#primaryimage\"},\"image\":{\"@id\":\"https:\\\/\\\/lovme.pt\\\/index.php\\\/produto\\\/energizer-alkaline-power-pilha-aaa-alcalina-lr03-caixa24-3-caixas8-baterias\\\/#primaryimage\"},\"thumbnailUrl\":\"https:\\\/\\\/erki24nd3ub.exactdn.com\\\/wp-content\\\/uploads\\\/dream\\\/img\\\/img_198736_9dd874eb6f7b1f32bcbc9df3a1d50f93_1.jpg?strip=all\",\"datePublished\":\"2025-10-01T03:13:11+00:00\",\"dateModified\":\"2026-02-19T20:22:39+00:00\",\"breadcrumb\":{\"@id\":\"https:\\\/\\\/lovme.pt\\\/index.php\\\/produto\\\/energizer-alkaline-power-pilha-aaa-alcalina-lr03-caixa24-3-caixas8-baterias\\\/#breadcrumb\"},\"inLanguage\":\"pt-PT\",\"potentialAction\":[{\"@type\":\"ReadAction\",\"target\":[\"https:\\\/\\\/lovme.pt\\\/index.php\\\/produto\\\/energizer-alkaline-power-pilha-aaa-alcalina-lr03-caixa24-3-caixas8-baterias\\\/\"]}]},{\"@type\":\"ImageObject\",\"inLanguage\":\"pt-PT\",\"@id\":\"https:\\\/\\\/lovme.pt\\\/index.php\\\/produto\\\/energizer-alkaline-power-pilha-aaa-alcalina-lr03-caixa24-3-caixas8-baterias\\\/#primaryimage\",\"url\":\"https:\\\/\\\/erki24nd3ub.exactdn.com\\\/wp-content\\\/uploads\\\/dream\\\/img\\\/img_198736_9dd874eb6f7b1f32bcbc9df3a1d50f93_1.jpg?strip=all\",\"contentUrl\":\"https:\\\/\\\/erki24nd3ub.exactdn.com\\\/wp-content\\\/uploads\\\/dream\\\/img\\\/img_198736_9dd874eb6f7b1f32bcbc9df3a1d50f93_1.jpg?strip=all\",\"width\":800,\"height\":800},{\"@type\":\"BreadcrumbList\",\"@id\":\"https:\\\/\\\/lovme.pt\\\/index.php\\\/produto\\\/energizer-alkaline-power-pilha-aaa-alcalina-lr03-caixa24-3-caixas8-baterias\\\/#breadcrumb\",\"itemListElement\":[{\"@type\":\"ListItem\",\"position\":1,\"name\":\"In\u00edcio\",\"item\":\"https:\\\/\\\/lovme.pt\\\/\"},{\"@type\":\"ListItem\",\"position\":2,\"name\":\"Loja\",\"item\":\"https:\\\/\\\/lovme.pt\\\/index.php\\\/loja\\\/\"},{\"@type\":\"ListItem\",\"position\":3,\"name\":\"ENERGIZER &#8211; ALKALINE POWER PILHA AAA ALCALINA LR03 CAIXA*24 (3 CAIXAS*8 BATERIAS)\"}]},{\"@type\":\"WebSite\",\"@id\":\"https:\\\/\\\/lovme.pt\\\/#website\",\"url\":\"https:\\\/\\\/lovme.pt\\\/\",\"name\":\"Lovme Loja Er\u00f3tica N\u00ba1 em Portugal\",\"description\":\"A melhor loja er\u00f3tica de Portugal.\",\"alternateName\":\"Loja Er\u00f3tica Lovme\",\"potentialAction\":[{\"@type\":\"SearchAction\",\"target\":{\"@type\":\"EntryPoint\",\"urlTemplate\":\"https:\\\/\\\/lovme.pt\\\/?s={search_term_string}\"},\"query-input\":{\"@type\":\"PropertyValueSpecification\",\"valueRequired\":true,\"valueName\":\"search_term_string\"}}],\"inLanguage\":\"pt-PT\"}]}<\/script>\n<!-- \/ Yoast SEO plugin. -->","yoast_head_json":{"title":"ENERGIZER - ALKALINE POWER PILHA AAA ALCALINA LR03 CAIXA*24 (3 CAIXAS*8 BATERIAS) - Lovme","robots":{"index":"index","follow":"follow","max-snippet":"max-snippet:-1","max-image-preview":"max-image-preview:large","max-video-preview":"max-video-preview:-1"},"canonical":"https:\/\/lovme.pt\/index.php\/produto\/energizer-alkaline-power-pilha-aaa-alcalina-lr03-caixa24-3-caixas8-baterias\/","og_locale":"pt_PT","og_type":"article","og_title":"ENERGIZER - ALKALINE POWER PILHA AAA ALCALINA LR03 CAIXA*24 (3 CAIXAS*8 BATERIAS) - Lovme","og_description":"ENERGIZER - ALKALINE POWER PILHA AAA ALCALINA LR03 CAIXA*24 (3 CAIXAS*8 BATERIAS)","og_url":"https:\/\/lovme.pt\/index.php\/produto\/energizer-alkaline-power-pilha-aaa-alcalina-lr03-caixa24-3-caixas8-baterias\/","og_site_name":"Lovme","article_modified_time":"2026-02-19T20:22:39+00:00","og_image":[{"width":800,"height":800,"url":"https:\/\/erki24nd3ub.exactdn.com\/wp-content\/uploads\/dream\/img\/img_198736_9dd874eb6f7b1f32bcbc9df3a1d50f93_1.jpg?strip=all","type":"image\/jpeg"}],"twitter_card":"summary_large_image","twitter_misc":{"Tempo estimado de leitura":"2 minutos"},"schema":{"@context":"https:\/\/schema.org","@graph":[{"@type":"WebPage","@id":"https:\/\/lovme.pt\/index.php\/produto\/energizer-alkaline-power-pilha-aaa-alcalina-lr03-caixa24-3-caixas8-baterias\/","url":"https:\/\/lovme.pt\/index.php\/produto\/energizer-alkaline-power-pilha-aaa-alcalina-lr03-caixa24-3-caixas8-baterias\/","name":"ENERGIZER - ALKALINE POWER PILHA AAA ALCALINA LR03 CAIXA*24 (3 CAIXAS*8 BATERIAS) - Lovme","isPartOf":{"@id":"https:\/\/lovme.pt\/#website"},"primaryImageOfPage":{"@id":"https:\/\/lovme.pt\/index.php\/produto\/energizer-alkaline-power-pilha-aaa-alcalina-lr03-caixa24-3-caixas8-baterias\/#primaryimage"},"image":{"@id":"https:\/\/lovme.pt\/index.php\/produto\/energizer-alkaline-power-pilha-aaa-alcalina-lr03-caixa24-3-caixas8-baterias\/#primaryimage"},"thumbnailUrl":"https:\/\/erki24nd3ub.exactdn.com\/wp-content\/uploads\/dream\/img\/img_198736_9dd874eb6f7b1f32bcbc9df3a1d50f93_1.jpg?strip=all","datePublished":"2025-10-01T03:13:11+00:00","dateModified":"2026-02-19T20:22:39+00:00","breadcrumb":{"@id":"https:\/\/lovme.pt\/index.php\/produto\/energizer-alkaline-power-pilha-aaa-alcalina-lr03-caixa24-3-caixas8-baterias\/#breadcrumb"},"inLanguage":"pt-PT","potentialAction":[{"@type":"ReadAction","target":["https:\/\/lovme.pt\/index.php\/produto\/energizer-alkaline-power-pilha-aaa-alcalina-lr03-caixa24-3-caixas8-baterias\/"]}]},{"@type":"ImageObject","inLanguage":"pt-PT","@id":"https:\/\/lovme.pt\/index.php\/produto\/energizer-alkaline-power-pilha-aaa-alcalina-lr03-caixa24-3-caixas8-baterias\/#primaryimage","url":"https:\/\/erki24nd3ub.exactdn.com\/wp-content\/uploads\/dream\/img\/img_198736_9dd874eb6f7b1f32bcbc9df3a1d50f93_1.jpg?strip=all","contentUrl":"https:\/\/erki24nd3ub.exactdn.com\/wp-content\/uploads\/dream\/img\/img_198736_9dd874eb6f7b1f32bcbc9df3a1d50f93_1.jpg?strip=all","width":800,"height":800},{"@type":"BreadcrumbList","@id":"https:\/\/lovme.pt\/index.php\/produto\/energizer-alkaline-power-pilha-aaa-alcalina-lr03-caixa24-3-caixas8-baterias\/#breadcrumb","itemListElement":[{"@type":"ListItem","position":1,"name":"In\u00edcio","item":"https:\/\/lovme.pt\/"},{"@type":"ListItem","position":2,"name":"Loja","item":"https:\/\/lovme.pt\/index.php\/loja\/"},{"@type":"ListItem","position":3,"name":"ENERGIZER &#8211; ALKALINE POWER PILHA AAA ALCALINA LR03 CAIXA*24 (3 CAIXAS*8 BATERIAS)"}]},{"@type":"WebSite","@id":"https:\/\/lovme.pt\/#website","url":"https:\/\/lovme.pt\/","name":"Lovme Loja Er\u00f3tica N\u00ba1 em Portugal","description":"A melhor loja er\u00f3tica de Portugal.","alternateName":"Loja Er\u00f3tica Lovme","potentialAction":[{"@type":"SearchAction","target":{"@type":"EntryPoint","urlTemplate":"https:\/\/lovme.pt\/?s={search_term_string}"},"query-input":{"@type":"PropertyValueSpecification","valueRequired":true,"valueName":"search_term_string"}}],"inLanguage":"pt-PT"}]}},"_links":{"self":[{"href":"https:\/\/lovme.pt\/index.php\/wp-json\/wp\/v2\/product\/51288","targetHints":{"allow":["GET"]}}],"collection":[{"href":"https:\/\/lovme.pt\/index.php\/wp-json\/wp\/v2\/product"}],"about":[{"href":"https:\/\/lovme.pt\/index.php\/wp-json\/wp\/v2\/types\/product"}],"wp:featuredmedia":[{"embeddable":true,"href":"https:\/\/lovme.pt\/index.php\/wp-json\/wp\/v2\/media\/102117"}],"wp:attachment":[{"href":"https:\/\/lovme.pt\/index.php\/wp-json\/wp\/v2\/media?parent=51288"}],"wp:term":[{"taxonomy":"product_brand","embeddable":true,"href":"https:\/\/lovme.pt\/index.php\/wp-json\/wp\/v2\/product_brand?post=51288"},{"taxonomy":"product_cat","embeddable":true,"href":"https:\/\/lovme.pt\/index.php\/wp-json\/wp\/v2\/product_cat?post=51288"},{"taxonomy":"product_tag","embeddable":true,"href":"https:\/\/lovme.pt\/index.php\/wp-json\/wp\/v2\/product_tag?post=51288"}],"curies":[{"name":"wp","href":"https:\/\/api.w.org\/{rel}","templated":true}]}}