{"id":51240,"date":"2025-09-30T20:07:58","date_gmt":"2025-09-30T20:07:58","guid":{"rendered":"https:\/\/lovme.pt\/?post_type=product&p=51240"},"modified":"2026-02-19T20:07:05","modified_gmt":"2026-02-19T20:07:05","slug":"pretty-love-anel-penis-emoni-plug-anal-12-vibracoes-preto","status":"publish","type":"product","link":"https:\/\/lovme.pt\/index.php\/produto\/pretty-love-anel-penis-emoni-plug-anal-12-vibracoes-preto\/","title":{"rendered":"PRETTY LOVE &#8211; ANEL PENIS EMONI + PLUG ANAL 12 VIBRA\u00c7\u00d5ES PRETO"},"content":{"rendered":"<p><strong>LINDO AMOR BI-210341<\/strong><br \/> Este anel peniano com plug anal \u00e9 um anel peniano\/esfera combinado com um plug anal vibro firmemente preso. Os an\u00e9is combinados seguram o p\u00eanis e os test\u00edculos firmemente e podem suportar a ere\u00e7\u00e3o efetivamente por causa do efeito de congest\u00e3o sangu\u00ednea. O plug anal vibro inserido com seu design de bola especial e 12 modos diferentes de vibra\u00e7\u00e3o e batida dupla pode fornecer estimula\u00e7\u00e3o intensa de backdoor. \u00c9 coberto de silicone que tem uma textura de toque suave que \u00e9 \u00f3tima para a pele. Deixa o p\u00eanis forte e d\u00e1 prazer ao seu backdoor ao mesmo tempo! Pode ser recarregado com o cabo USB inclu\u00eddo.<\/p>\n<\/p>\n<p> <strong><u>CARACTER\u00cdSTICAS<\/u> :<\/strong><\/p>\n<ul>\n<li> Fun\u00e7\u00e3o: 12 fun\u00e7\u00f5es de vibra\u00e7\u00e3o 12 configura\u00e7\u00f5es de impulso Fun\u00e7\u00e3o de mem\u00f3ria<\/li>\n<li> Material:Silicone<\/li>\n<li> Pot\u00eancia: USB recarreg\u00e1vel<\/li>\n<\/ul>\n","protected":false},"excerpt":{"rendered":"<p>PRETTY LOVE &#8211; ANEL PENIS EMONI + PLUG ANAL 12 VIBRA\u00c7\u00d5ES PRETO<\/p>\n","protected":false},"featured_media":64926,"template":"","meta":{"_acf_changed":false},"product_brand":[],"product_cat":[17,59,60],"product_tag":[],"class_list":{"0":"post-51240","1":"product","2":"type-product","3":"status-publish","4":"has-post-thumbnail","6":"product_cat-brinquedos-de-bem-estar-sexual","7":"product_cat-para-casais","8":"product_cat-para-eles","9":"yith_product_brand-pretty-love","11":"first","12":"instock","13":"taxable","14":"shipping-taxable","15":"purchasable","16":"product-type-simple"},"acf":[],"yoast_head":"<!-- This site is optimized with the Yoast SEO plugin v27.4 - https:\/\/yoast.com\/product\/yoast-seo-wordpress\/ -->\n<title>PRETTY LOVE - ANEL PENIS EMONI + PLUG ANAL 12 VIBRA\u00c7\u00d5ES PRETO - Lovme<\/title>\n<meta name=\"robots\" content=\"index, follow, max-snippet:-1, max-image-preview:large, max-video-preview:-1\" \/>\n<link rel=\"canonical\" href=\"https:\/\/lovme.pt\/index.php\/produto\/pretty-love-anel-penis-emoni-plug-anal-12-vibracoes-preto\/\" \/>\n<meta property=\"og:locale\" content=\"pt_PT\" \/>\n<meta property=\"og:type\" content=\"article\" \/>\n<meta property=\"og:title\" content=\"PRETTY LOVE - ANEL PENIS EMONI + PLUG ANAL 12 VIBRA\u00c7\u00d5ES PRETO - Lovme\" \/>\n<meta property=\"og:description\" content=\"PRETTY LOVE - ANEL PENIS EMONI + PLUG ANAL 12 VIBRA\u00c7\u00d5ES PRETO\" \/>\n<meta property=\"og:url\" content=\"https:\/\/lovme.pt\/index.php\/produto\/pretty-love-anel-penis-emoni-plug-anal-12-vibracoes-preto\/\" \/>\n<meta property=\"og:site_name\" content=\"Lovme\" \/>\n<meta property=\"article:modified_time\" content=\"2026-02-19T20:07:05+00:00\" \/>\n<meta property=\"og:image\" content=\"https:\/\/erki24nd3ub.exactdn.com\/wp-content\/uploads\/dream\/img\/img_198296_9bc840fa8951b19a5b8e20a68b87f638_1.jpg?strip=all\" \/>\n\t<meta property=\"og:image:width\" content=\"800\" \/>\n\t<meta property=\"og:image:height\" content=\"800\" \/>\n\t<meta property=\"og:image:type\" content=\"image\/jpeg\" \/>\n<meta name=\"twitter:card\" content=\"summary_large_image\" \/>\n<meta name=\"twitter:label1\" content=\"Tempo estimado de leitura\" \/>\n\t<meta name=\"twitter:data1\" content=\"1 minuto\" \/>\n<script type=\"application\/ld+json\" class=\"yoast-schema-graph\">{\"@context\":\"https:\\\/\\\/schema.org\",\"@graph\":[{\"@type\":\"WebPage\",\"@id\":\"https:\\\/\\\/lovme.pt\\\/index.php\\\/produto\\\/pretty-love-anel-penis-emoni-plug-anal-12-vibracoes-preto\\\/\",\"url\":\"https:\\\/\\\/lovme.pt\\\/index.php\\\/produto\\\/pretty-love-anel-penis-emoni-plug-anal-12-vibracoes-preto\\\/\",\"name\":\"PRETTY LOVE - ANEL PENIS EMONI + PLUG ANAL 12 VIBRA\u00c7\u00d5ES PRETO - Lovme\",\"isPartOf\":{\"@id\":\"https:\\\/\\\/lovme.pt\\\/#website\"},\"primaryImageOfPage\":{\"@id\":\"https:\\\/\\\/lovme.pt\\\/index.php\\\/produto\\\/pretty-love-anel-penis-emoni-plug-anal-12-vibracoes-preto\\\/#primaryimage\"},\"image\":{\"@id\":\"https:\\\/\\\/lovme.pt\\\/index.php\\\/produto\\\/pretty-love-anel-penis-emoni-plug-anal-12-vibracoes-preto\\\/#primaryimage\"},\"thumbnailUrl\":\"https:\\\/\\\/erki24nd3ub.exactdn.com\\\/wp-content\\\/uploads\\\/dream\\\/img\\\/img_198296_9bc840fa8951b19a5b8e20a68b87f638_1.jpg?strip=all\",\"datePublished\":\"2025-09-30T20:07:58+00:00\",\"dateModified\":\"2026-02-19T20:07:05+00:00\",\"breadcrumb\":{\"@id\":\"https:\\\/\\\/lovme.pt\\\/index.php\\\/produto\\\/pretty-love-anel-penis-emoni-plug-anal-12-vibracoes-preto\\\/#breadcrumb\"},\"inLanguage\":\"pt-PT\",\"potentialAction\":[{\"@type\":\"ReadAction\",\"target\":[\"https:\\\/\\\/lovme.pt\\\/index.php\\\/produto\\\/pretty-love-anel-penis-emoni-plug-anal-12-vibracoes-preto\\\/\"]}]},{\"@type\":\"ImageObject\",\"inLanguage\":\"pt-PT\",\"@id\":\"https:\\\/\\\/lovme.pt\\\/index.php\\\/produto\\\/pretty-love-anel-penis-emoni-plug-anal-12-vibracoes-preto\\\/#primaryimage\",\"url\":\"https:\\\/\\\/erki24nd3ub.exactdn.com\\\/wp-content\\\/uploads\\\/dream\\\/img\\\/img_198296_9bc840fa8951b19a5b8e20a68b87f638_1.jpg?strip=all\",\"contentUrl\":\"https:\\\/\\\/erki24nd3ub.exactdn.com\\\/wp-content\\\/uploads\\\/dream\\\/img\\\/img_198296_9bc840fa8951b19a5b8e20a68b87f638_1.jpg?strip=all\",\"width\":800,\"height\":800},{\"@type\":\"BreadcrumbList\",\"@id\":\"https:\\\/\\\/lovme.pt\\\/index.php\\\/produto\\\/pretty-love-anel-penis-emoni-plug-anal-12-vibracoes-preto\\\/#breadcrumb\",\"itemListElement\":[{\"@type\":\"ListItem\",\"position\":1,\"name\":\"In\u00edcio\",\"item\":\"https:\\\/\\\/lovme.pt\\\/\"},{\"@type\":\"ListItem\",\"position\":2,\"name\":\"Loja\",\"item\":\"https:\\\/\\\/lovme.pt\\\/index.php\\\/loja\\\/\"},{\"@type\":\"ListItem\",\"position\":3,\"name\":\"PRETTY LOVE &#8211; ANEL PENIS EMONI + PLUG ANAL 12 VIBRA\u00c7\u00d5ES PRETO\"}]},{\"@type\":\"WebSite\",\"@id\":\"https:\\\/\\\/lovme.pt\\\/#website\",\"url\":\"https:\\\/\\\/lovme.pt\\\/\",\"name\":\"Lovme Loja Er\u00f3tica N\u00ba1 em Portugal\",\"description\":\"A melhor loja er\u00f3tica de Portugal.\",\"alternateName\":\"Loja Er\u00f3tica Lovme\",\"potentialAction\":[{\"@type\":\"SearchAction\",\"target\":{\"@type\":\"EntryPoint\",\"urlTemplate\":\"https:\\\/\\\/lovme.pt\\\/?s={search_term_string}\"},\"query-input\":{\"@type\":\"PropertyValueSpecification\",\"valueRequired\":true,\"valueName\":\"search_term_string\"}}],\"inLanguage\":\"pt-PT\"}]}<\/script>\n<!-- \/ Yoast SEO plugin. -->","yoast_head_json":{"title":"PRETTY LOVE - ANEL PENIS EMONI + PLUG ANAL 12 VIBRA\u00c7\u00d5ES PRETO - Lovme","robots":{"index":"index","follow":"follow","max-snippet":"max-snippet:-1","max-image-preview":"max-image-preview:large","max-video-preview":"max-video-preview:-1"},"canonical":"https:\/\/lovme.pt\/index.php\/produto\/pretty-love-anel-penis-emoni-plug-anal-12-vibracoes-preto\/","og_locale":"pt_PT","og_type":"article","og_title":"PRETTY LOVE - ANEL PENIS EMONI + PLUG ANAL 12 VIBRA\u00c7\u00d5ES PRETO - Lovme","og_description":"PRETTY LOVE - ANEL PENIS EMONI + PLUG ANAL 12 VIBRA\u00c7\u00d5ES PRETO","og_url":"https:\/\/lovme.pt\/index.php\/produto\/pretty-love-anel-penis-emoni-plug-anal-12-vibracoes-preto\/","og_site_name":"Lovme","article_modified_time":"2026-02-19T20:07:05+00:00","og_image":[{"width":800,"height":800,"url":"https:\/\/erki24nd3ub.exactdn.com\/wp-content\/uploads\/dream\/img\/img_198296_9bc840fa8951b19a5b8e20a68b87f638_1.jpg?strip=all","type":"image\/jpeg"}],"twitter_card":"summary_large_image","twitter_misc":{"Tempo estimado de leitura":"1 minuto"},"schema":{"@context":"https:\/\/schema.org","@graph":[{"@type":"WebPage","@id":"https:\/\/lovme.pt\/index.php\/produto\/pretty-love-anel-penis-emoni-plug-anal-12-vibracoes-preto\/","url":"https:\/\/lovme.pt\/index.php\/produto\/pretty-love-anel-penis-emoni-plug-anal-12-vibracoes-preto\/","name":"PRETTY LOVE - ANEL PENIS EMONI + PLUG ANAL 12 VIBRA\u00c7\u00d5ES PRETO - Lovme","isPartOf":{"@id":"https:\/\/lovme.pt\/#website"},"primaryImageOfPage":{"@id":"https:\/\/lovme.pt\/index.php\/produto\/pretty-love-anel-penis-emoni-plug-anal-12-vibracoes-preto\/#primaryimage"},"image":{"@id":"https:\/\/lovme.pt\/index.php\/produto\/pretty-love-anel-penis-emoni-plug-anal-12-vibracoes-preto\/#primaryimage"},"thumbnailUrl":"https:\/\/erki24nd3ub.exactdn.com\/wp-content\/uploads\/dream\/img\/img_198296_9bc840fa8951b19a5b8e20a68b87f638_1.jpg?strip=all","datePublished":"2025-09-30T20:07:58+00:00","dateModified":"2026-02-19T20:07:05+00:00","breadcrumb":{"@id":"https:\/\/lovme.pt\/index.php\/produto\/pretty-love-anel-penis-emoni-plug-anal-12-vibracoes-preto\/#breadcrumb"},"inLanguage":"pt-PT","potentialAction":[{"@type":"ReadAction","target":["https:\/\/lovme.pt\/index.php\/produto\/pretty-love-anel-penis-emoni-plug-anal-12-vibracoes-preto\/"]}]},{"@type":"ImageObject","inLanguage":"pt-PT","@id":"https:\/\/lovme.pt\/index.php\/produto\/pretty-love-anel-penis-emoni-plug-anal-12-vibracoes-preto\/#primaryimage","url":"https:\/\/erki24nd3ub.exactdn.com\/wp-content\/uploads\/dream\/img\/img_198296_9bc840fa8951b19a5b8e20a68b87f638_1.jpg?strip=all","contentUrl":"https:\/\/erki24nd3ub.exactdn.com\/wp-content\/uploads\/dream\/img\/img_198296_9bc840fa8951b19a5b8e20a68b87f638_1.jpg?strip=all","width":800,"height":800},{"@type":"BreadcrumbList","@id":"https:\/\/lovme.pt\/index.php\/produto\/pretty-love-anel-penis-emoni-plug-anal-12-vibracoes-preto\/#breadcrumb","itemListElement":[{"@type":"ListItem","position":1,"name":"In\u00edcio","item":"https:\/\/lovme.pt\/"},{"@type":"ListItem","position":2,"name":"Loja","item":"https:\/\/lovme.pt\/index.php\/loja\/"},{"@type":"ListItem","position":3,"name":"PRETTY LOVE &#8211; ANEL PENIS EMONI + PLUG ANAL 12 VIBRA\u00c7\u00d5ES PRETO"}]},{"@type":"WebSite","@id":"https:\/\/lovme.pt\/#website","url":"https:\/\/lovme.pt\/","name":"Lovme Loja Er\u00f3tica N\u00ba1 em Portugal","description":"A melhor loja er\u00f3tica de Portugal.","alternateName":"Loja Er\u00f3tica Lovme","potentialAction":[{"@type":"SearchAction","target":{"@type":"EntryPoint","urlTemplate":"https:\/\/lovme.pt\/?s={search_term_string}"},"query-input":{"@type":"PropertyValueSpecification","valueRequired":true,"valueName":"search_term_string"}}],"inLanguage":"pt-PT"}]}},"_links":{"self":[{"href":"https:\/\/lovme.pt\/index.php\/wp-json\/wp\/v2\/product\/51240","targetHints":{"allow":["GET"]}}],"collection":[{"href":"https:\/\/lovme.pt\/index.php\/wp-json\/wp\/v2\/product"}],"about":[{"href":"https:\/\/lovme.pt\/index.php\/wp-json\/wp\/v2\/types\/product"}],"wp:featuredmedia":[{"embeddable":true,"href":"https:\/\/lovme.pt\/index.php\/wp-json\/wp\/v2\/media\/64926"}],"wp:attachment":[{"href":"https:\/\/lovme.pt\/index.php\/wp-json\/wp\/v2\/media?parent=51240"}],"wp:term":[{"taxonomy":"product_brand","embeddable":true,"href":"https:\/\/lovme.pt\/index.php\/wp-json\/wp\/v2\/product_brand?post=51240"},{"taxonomy":"product_cat","embeddable":true,"href":"https:\/\/lovme.pt\/index.php\/wp-json\/wp\/v2\/product_cat?post=51240"},{"taxonomy":"product_tag","embeddable":true,"href":"https:\/\/lovme.pt\/index.php\/wp-json\/wp\/v2\/product_tag?post=51240"}],"curies":[{"name":"wp","href":"https:\/\/api.w.org\/{rel}","templated":true}]}}