{"id":51217,"date":"2025-09-30T20:07:50","date_gmt":"2025-09-30T20:07:50","guid":{"rendered":"https:\/\/lovme.pt\/?post_type=product&p=51217"},"modified":"2026-02-19T20:07:04","modified_gmt":"2026-02-19T20:07:04","slug":"crazy-bull-vibrador-mila-butt-com-controle-realista-de-vagina-e-anus-remoto","status":"publish","type":"product","link":"https:\/\/lovme.pt\/index.php\/produto\/crazy-bull-vibrador-mila-butt-com-controle-realista-de-vagina-e-anus-remoto\/","title":{"rendered":"CRAZY BULL &#8211; VIBRADOR MILA BUTT COM CONTROLE REALISTA DE VAGINA E \u00c2NUS REMOTO"},"content":{"rendered":"<p><strong>TOURO LOUCO BM-009243Z-1<\/strong><br \/> Escolha entre a vagina ou o \u00e2nus realistas deste masturbador de dupla entrada. Projetado para ter a mesma apar\u00eancia e a mesma sensa\u00e7\u00e3o de um objeto real, voc\u00ea ter\u00e1 dificuldade em distinguir entre esses lindos orif\u00edcios e os orif\u00edcios de penetra\u00e7\u00e3o anterior. Ao penetrar qualquer um dos orif\u00edcios apertados e tentadores, voc\u00ea se deparar\u00e1 com texturas gloriosas que seduzir\u00e3o e estimular\u00e3o da ponta \u00e0 base. Insira o vibrador bullet que acompanha o produto para ter sua mente e seu p\u00eanis completamente explodidos enquanto voc\u00ea penetra profundamente.<\/p>\n<\/p>\n<p> <u><strong>CARACTER\u00cdSTICAS<\/strong><\/u> :<\/p>\n<ul>\n<li> Fun\u00e7\u00e3o: Vibra\u00e7\u00e3o de furos duplos<\/li>\n<li> Material: TPR<\/li>\n<li> Alimenta\u00e7\u00e3o: 2 pilhas AA<\/li>\n<\/ul>\n","protected":false},"excerpt":{"rendered":"<p>CRAZY BULL &#8211; VIBRADOR MILA BUTT COM CONTROLE REALISTA DE VAGINA E \u00c2NUS REMOTO<\/p>\n","protected":false},"featured_media":64886,"template":"","meta":{"_acf_changed":false},"product_brand":[],"product_cat":[17,58,60],"product_tag":[],"class_list":{"0":"post-51217","1":"product","2":"type-product","3":"status-publish","4":"has-post-thumbnail","6":"product_cat-brinquedos-de-bem-estar-sexual","7":"product_cat-masturbadores-para-penis","8":"product_cat-para-eles","9":"yith_product_brand-crazy-bull","11":"first","12":"instock","13":"taxable","14":"shipping-taxable","15":"purchasable","16":"product-type-simple"},"acf":[],"yoast_head":"<!-- This site is optimized with the Yoast SEO plugin v27.4 - https:\/\/yoast.com\/product\/yoast-seo-wordpress\/ -->\n<title>CRAZY BULL - VIBRADOR MILA BUTT COM CONTROLE REALISTA DE VAGINA E \u00c2NUS REMOTO - Lovme<\/title>\n<meta name=\"robots\" content=\"index, follow, max-snippet:-1, max-image-preview:large, max-video-preview:-1\" \/>\n<link rel=\"canonical\" href=\"https:\/\/lovme.pt\/index.php\/produto\/crazy-bull-vibrador-mila-butt-com-controle-realista-de-vagina-e-anus-remoto\/\" \/>\n<meta property=\"og:locale\" content=\"pt_PT\" \/>\n<meta property=\"og:type\" content=\"article\" \/>\n<meta property=\"og:title\" content=\"CRAZY BULL - VIBRADOR MILA BUTT COM CONTROLE REALISTA DE VAGINA E \u00c2NUS REMOTO - Lovme\" \/>\n<meta property=\"og:description\" content=\"CRAZY BULL - VIBRADOR MILA BUTT COM CONTROLE REALISTA DE VAGINA E \u00c2NUS REMOTO\" \/>\n<meta property=\"og:url\" content=\"https:\/\/lovme.pt\/index.php\/produto\/crazy-bull-vibrador-mila-butt-com-controle-realista-de-vagina-e-anus-remoto\/\" \/>\n<meta property=\"og:site_name\" content=\"Lovme\" \/>\n<meta property=\"article:modified_time\" content=\"2026-02-19T20:07:04+00:00\" \/>\n<meta property=\"og:image\" content=\"https:\/\/erki24nd3ub.exactdn.com\/wp-content\/uploads\/dream\/img\/img_215345_f41496661ce38b525fcd46268737bb74_1.jpg?strip=all\" \/>\n\t<meta property=\"og:image:width\" content=\"900\" \/>\n\t<meta property=\"og:image:height\" content=\"900\" \/>\n\t<meta property=\"og:image:type\" content=\"image\/jpeg\" \/>\n<meta name=\"twitter:card\" content=\"summary_large_image\" \/>\n<meta name=\"twitter:label1\" content=\"Tempo estimado de leitura\" \/>\n\t<meta name=\"twitter:data1\" content=\"1 minuto\" \/>\n<script type=\"application\/ld+json\" class=\"yoast-schema-graph\">{\"@context\":\"https:\\\/\\\/schema.org\",\"@graph\":[{\"@type\":\"WebPage\",\"@id\":\"https:\\\/\\\/lovme.pt\\\/index.php\\\/produto\\\/crazy-bull-vibrador-mila-butt-com-controle-realista-de-vagina-e-anus-remoto\\\/\",\"url\":\"https:\\\/\\\/lovme.pt\\\/index.php\\\/produto\\\/crazy-bull-vibrador-mila-butt-com-controle-realista-de-vagina-e-anus-remoto\\\/\",\"name\":\"CRAZY BULL - VIBRADOR MILA BUTT COM CONTROLE REALISTA DE VAGINA E \u00c2NUS REMOTO - Lovme\",\"isPartOf\":{\"@id\":\"https:\\\/\\\/lovme.pt\\\/#website\"},\"primaryImageOfPage\":{\"@id\":\"https:\\\/\\\/lovme.pt\\\/index.php\\\/produto\\\/crazy-bull-vibrador-mila-butt-com-controle-realista-de-vagina-e-anus-remoto\\\/#primaryimage\"},\"image\":{\"@id\":\"https:\\\/\\\/lovme.pt\\\/index.php\\\/produto\\\/crazy-bull-vibrador-mila-butt-com-controle-realista-de-vagina-e-anus-remoto\\\/#primaryimage\"},\"thumbnailUrl\":\"https:\\\/\\\/erki24nd3ub.exactdn.com\\\/wp-content\\\/uploads\\\/dream\\\/img\\\/img_215345_f41496661ce38b525fcd46268737bb74_1.jpg?strip=all\",\"datePublished\":\"2025-09-30T20:07:50+00:00\",\"dateModified\":\"2026-02-19T20:07:04+00:00\",\"breadcrumb\":{\"@id\":\"https:\\\/\\\/lovme.pt\\\/index.php\\\/produto\\\/crazy-bull-vibrador-mila-butt-com-controle-realista-de-vagina-e-anus-remoto\\\/#breadcrumb\"},\"inLanguage\":\"pt-PT\",\"potentialAction\":[{\"@type\":\"ReadAction\",\"target\":[\"https:\\\/\\\/lovme.pt\\\/index.php\\\/produto\\\/crazy-bull-vibrador-mila-butt-com-controle-realista-de-vagina-e-anus-remoto\\\/\"]}]},{\"@type\":\"ImageObject\",\"inLanguage\":\"pt-PT\",\"@id\":\"https:\\\/\\\/lovme.pt\\\/index.php\\\/produto\\\/crazy-bull-vibrador-mila-butt-com-controle-realista-de-vagina-e-anus-remoto\\\/#primaryimage\",\"url\":\"https:\\\/\\\/erki24nd3ub.exactdn.com\\\/wp-content\\\/uploads\\\/dream\\\/img\\\/img_215345_f41496661ce38b525fcd46268737bb74_1.jpg?strip=all\",\"contentUrl\":\"https:\\\/\\\/erki24nd3ub.exactdn.com\\\/wp-content\\\/uploads\\\/dream\\\/img\\\/img_215345_f41496661ce38b525fcd46268737bb74_1.jpg?strip=all\",\"width\":900,\"height\":900},{\"@type\":\"BreadcrumbList\",\"@id\":\"https:\\\/\\\/lovme.pt\\\/index.php\\\/produto\\\/crazy-bull-vibrador-mila-butt-com-controle-realista-de-vagina-e-anus-remoto\\\/#breadcrumb\",\"itemListElement\":[{\"@type\":\"ListItem\",\"position\":1,\"name\":\"In\u00edcio\",\"item\":\"https:\\\/\\\/lovme.pt\\\/\"},{\"@type\":\"ListItem\",\"position\":2,\"name\":\"Loja\",\"item\":\"https:\\\/\\\/lovme.pt\\\/index.php\\\/loja\\\/\"},{\"@type\":\"ListItem\",\"position\":3,\"name\":\"CRAZY BULL &#8211; VIBRADOR MILA BUTT COM CONTROLE REALISTA DE VAGINA E \u00c2NUS REMOTO\"}]},{\"@type\":\"WebSite\",\"@id\":\"https:\\\/\\\/lovme.pt\\\/#website\",\"url\":\"https:\\\/\\\/lovme.pt\\\/\",\"name\":\"Lovme Loja Er\u00f3tica N\u00ba1 em Portugal\",\"description\":\"A melhor loja er\u00f3tica de Portugal.\",\"alternateName\":\"Loja Er\u00f3tica Lovme\",\"potentialAction\":[{\"@type\":\"SearchAction\",\"target\":{\"@type\":\"EntryPoint\",\"urlTemplate\":\"https:\\\/\\\/lovme.pt\\\/?s={search_term_string}\"},\"query-input\":{\"@type\":\"PropertyValueSpecification\",\"valueRequired\":true,\"valueName\":\"search_term_string\"}}],\"inLanguage\":\"pt-PT\"}]}<\/script>\n<!-- \/ Yoast SEO plugin. -->","yoast_head_json":{"title":"CRAZY BULL - VIBRADOR MILA BUTT COM CONTROLE REALISTA DE VAGINA E \u00c2NUS REMOTO - Lovme","robots":{"index":"index","follow":"follow","max-snippet":"max-snippet:-1","max-image-preview":"max-image-preview:large","max-video-preview":"max-video-preview:-1"},"canonical":"https:\/\/lovme.pt\/index.php\/produto\/crazy-bull-vibrador-mila-butt-com-controle-realista-de-vagina-e-anus-remoto\/","og_locale":"pt_PT","og_type":"article","og_title":"CRAZY BULL - VIBRADOR MILA BUTT COM CONTROLE REALISTA DE VAGINA E \u00c2NUS REMOTO - Lovme","og_description":"CRAZY BULL - VIBRADOR MILA BUTT COM CONTROLE REALISTA DE VAGINA E \u00c2NUS REMOTO","og_url":"https:\/\/lovme.pt\/index.php\/produto\/crazy-bull-vibrador-mila-butt-com-controle-realista-de-vagina-e-anus-remoto\/","og_site_name":"Lovme","article_modified_time":"2026-02-19T20:07:04+00:00","og_image":[{"width":900,"height":900,"url":"https:\/\/erki24nd3ub.exactdn.com\/wp-content\/uploads\/dream\/img\/img_215345_f41496661ce38b525fcd46268737bb74_1.jpg?strip=all","type":"image\/jpeg"}],"twitter_card":"summary_large_image","twitter_misc":{"Tempo estimado de leitura":"1 minuto"},"schema":{"@context":"https:\/\/schema.org","@graph":[{"@type":"WebPage","@id":"https:\/\/lovme.pt\/index.php\/produto\/crazy-bull-vibrador-mila-butt-com-controle-realista-de-vagina-e-anus-remoto\/","url":"https:\/\/lovme.pt\/index.php\/produto\/crazy-bull-vibrador-mila-butt-com-controle-realista-de-vagina-e-anus-remoto\/","name":"CRAZY BULL - VIBRADOR MILA BUTT COM CONTROLE REALISTA DE VAGINA E \u00c2NUS REMOTO - Lovme","isPartOf":{"@id":"https:\/\/lovme.pt\/#website"},"primaryImageOfPage":{"@id":"https:\/\/lovme.pt\/index.php\/produto\/crazy-bull-vibrador-mila-butt-com-controle-realista-de-vagina-e-anus-remoto\/#primaryimage"},"image":{"@id":"https:\/\/lovme.pt\/index.php\/produto\/crazy-bull-vibrador-mila-butt-com-controle-realista-de-vagina-e-anus-remoto\/#primaryimage"},"thumbnailUrl":"https:\/\/erki24nd3ub.exactdn.com\/wp-content\/uploads\/dream\/img\/img_215345_f41496661ce38b525fcd46268737bb74_1.jpg?strip=all","datePublished":"2025-09-30T20:07:50+00:00","dateModified":"2026-02-19T20:07:04+00:00","breadcrumb":{"@id":"https:\/\/lovme.pt\/index.php\/produto\/crazy-bull-vibrador-mila-butt-com-controle-realista-de-vagina-e-anus-remoto\/#breadcrumb"},"inLanguage":"pt-PT","potentialAction":[{"@type":"ReadAction","target":["https:\/\/lovme.pt\/index.php\/produto\/crazy-bull-vibrador-mila-butt-com-controle-realista-de-vagina-e-anus-remoto\/"]}]},{"@type":"ImageObject","inLanguage":"pt-PT","@id":"https:\/\/lovme.pt\/index.php\/produto\/crazy-bull-vibrador-mila-butt-com-controle-realista-de-vagina-e-anus-remoto\/#primaryimage","url":"https:\/\/erki24nd3ub.exactdn.com\/wp-content\/uploads\/dream\/img\/img_215345_f41496661ce38b525fcd46268737bb74_1.jpg?strip=all","contentUrl":"https:\/\/erki24nd3ub.exactdn.com\/wp-content\/uploads\/dream\/img\/img_215345_f41496661ce38b525fcd46268737bb74_1.jpg?strip=all","width":900,"height":900},{"@type":"BreadcrumbList","@id":"https:\/\/lovme.pt\/index.php\/produto\/crazy-bull-vibrador-mila-butt-com-controle-realista-de-vagina-e-anus-remoto\/#breadcrumb","itemListElement":[{"@type":"ListItem","position":1,"name":"In\u00edcio","item":"https:\/\/lovme.pt\/"},{"@type":"ListItem","position":2,"name":"Loja","item":"https:\/\/lovme.pt\/index.php\/loja\/"},{"@type":"ListItem","position":3,"name":"CRAZY BULL &#8211; VIBRADOR MILA BUTT COM CONTROLE REALISTA DE VAGINA E \u00c2NUS REMOTO"}]},{"@type":"WebSite","@id":"https:\/\/lovme.pt\/#website","url":"https:\/\/lovme.pt\/","name":"Lovme Loja Er\u00f3tica N\u00ba1 em Portugal","description":"A melhor loja er\u00f3tica de Portugal.","alternateName":"Loja Er\u00f3tica Lovme","potentialAction":[{"@type":"SearchAction","target":{"@type":"EntryPoint","urlTemplate":"https:\/\/lovme.pt\/?s={search_term_string}"},"query-input":{"@type":"PropertyValueSpecification","valueRequired":true,"valueName":"search_term_string"}}],"inLanguage":"pt-PT"}]}},"_links":{"self":[{"href":"https:\/\/lovme.pt\/index.php\/wp-json\/wp\/v2\/product\/51217","targetHints":{"allow":["GET"]}}],"collection":[{"href":"https:\/\/lovme.pt\/index.php\/wp-json\/wp\/v2\/product"}],"about":[{"href":"https:\/\/lovme.pt\/index.php\/wp-json\/wp\/v2\/types\/product"}],"wp:featuredmedia":[{"embeddable":true,"href":"https:\/\/lovme.pt\/index.php\/wp-json\/wp\/v2\/media\/64886"}],"wp:attachment":[{"href":"https:\/\/lovme.pt\/index.php\/wp-json\/wp\/v2\/media?parent=51217"}],"wp:term":[{"taxonomy":"product_brand","embeddable":true,"href":"https:\/\/lovme.pt\/index.php\/wp-json\/wp\/v2\/product_brand?post=51217"},{"taxonomy":"product_cat","embeddable":true,"href":"https:\/\/lovme.pt\/index.php\/wp-json\/wp\/v2\/product_cat?post=51217"},{"taxonomy":"product_tag","embeddable":true,"href":"https:\/\/lovme.pt\/index.php\/wp-json\/wp\/v2\/product_tag?post=51217"}],"curies":[{"name":"wp","href":"https:\/\/api.w.org\/{rel}","templated":true}]}}