{"id":51176,"date":"2025-09-30T09:37:35","date_gmt":"2025-09-30T09:37:35","guid":{"rendered":"https:\/\/lovme.pt\/?post_type=product&p=51176"},"modified":"2026-02-19T20:01:13","modified_gmt":"2026-02-19T20:01:13","slug":"pretty-love-vibra-butt-plug-2-anal-plug-10-vibracoes-preto","status":"publish","type":"product","link":"https:\/\/lovme.pt\/index.php\/produto\/pretty-love-vibra-butt-plug-2-anal-plug-10-vibracoes-preto\/","title":{"rendered":"PRETTY LOVE &#8211; VIBRA BUTT PLUG 2 ANAL PLUG 10 VIBRA\u00c7\u00d5ES PRETO"},"content":{"rendered":"<p><strong>LINDO AMOR BI-040107<\/strong><br \/> Voc\u00ea n\u00e3o vai dormir esta noite com este plug anal vibrat\u00f3rio de 10 fun\u00e7\u00f5es apertado dentro de voc\u00ea. Prepare-se para receber pingando uma quantidade generosa de lubrificante \u00e0 base de \u00e1gua sobre o plug anal e esfregando lentamente ao redor do seu \u00e2nus. Calma, minha querida, n\u00e3o tenha medo, minha querida, a ponta c\u00f4nica vai relaxar e excitar voc\u00ea enquanto o eixo macio de silicone desliza suavemente para dentro. Assim que a confort\u00e1vel al\u00e7a alargada estiver no lugar, saboreie as estimulantes vibra\u00e7\u00f5es de 10 velocidades estremecendo atrav\u00e9s do seu \u00e2nus. Dependendo do seu n\u00edvel de experi\u00eancia anal, comece devagar ou v\u00e1 direto para o para\u00edso org\u00e1stico e de tremer o bumbum.<\/p>\n<\/p>\n<p> <u><strong>CARACTER\u00cdSTICAS<\/strong><\/u> :<\/p>\n<ul>\n<li> Fun\u00e7\u00e3o: 10 fun\u00e7\u00f5es de vibra\u00e7\u00e3o<\/li>\n<li> Material:Silicone<\/li>\n<li> Alimenta\u00e7\u00e3o: 1 pilha AAA<\/li>\n<\/ul>\n","protected":false},"excerpt":{"rendered":"<p>PRETTY LOVE &#8211; VIBRA BUTT PLUG 2 ANAL PLUG 10 VIBRA\u00c7\u00d5ES PRETO<\/p>\n","protected":false},"featured_media":54934,"template":"","meta":{"_acf_changed":false},"product_brand":[],"product_cat":[17,62,63],"product_tag":[],"class_list":{"0":"post-51176","1":"product","2":"type-product","3":"status-publish","4":"has-post-thumbnail","6":"product_cat-brinquedos-de-bem-estar-sexual","7":"product_cat-plugues-e-correntes-anais","8":"product_cat-sexo-anal","9":"yith_product_brand-pretty-love","11":"first","12":"instock","13":"taxable","14":"shipping-taxable","15":"purchasable","16":"product-type-simple"},"acf":[],"yoast_head":"<!-- This site is optimized with the Yoast SEO plugin v27.4 - https:\/\/yoast.com\/product\/yoast-seo-wordpress\/ -->\n<title>PRETTY LOVE - VIBRA BUTT PLUG 2 ANAL PLUG 10 VIBRA\u00c7\u00d5ES PRETO - Lovme<\/title>\n<meta name=\"robots\" content=\"index, follow, max-snippet:-1, max-image-preview:large, max-video-preview:-1\" \/>\n<link rel=\"canonical\" href=\"https:\/\/lovme.pt\/index.php\/produto\/pretty-love-vibra-butt-plug-2-anal-plug-10-vibracoes-preto\/\" \/>\n<meta property=\"og:locale\" content=\"pt_PT\" \/>\n<meta property=\"og:type\" content=\"article\" \/>\n<meta property=\"og:title\" content=\"PRETTY LOVE - VIBRA BUTT PLUG 2 ANAL PLUG 10 VIBRA\u00c7\u00d5ES PRETO - Lovme\" \/>\n<meta property=\"og:description\" content=\"PRETTY LOVE - VIBRA BUTT PLUG 2 ANAL PLUG 10 VIBRA\u00c7\u00d5ES PRETO\" \/>\n<meta property=\"og:url\" content=\"https:\/\/lovme.pt\/index.php\/produto\/pretty-love-vibra-butt-plug-2-anal-plug-10-vibracoes-preto\/\" \/>\n<meta property=\"og:site_name\" content=\"Lovme\" \/>\n<meta property=\"article:modified_time\" content=\"2026-02-19T20:01:13+00:00\" \/>\n<meta property=\"og:image\" content=\"https:\/\/erki24nd3ub.exactdn.com\/wp-content\/uploads\/dream\/img\/img_197355_261c7b5aedfad9fed0e07e21396a925b_1.jpg?strip=all\" \/>\n\t<meta property=\"og:image:width\" content=\"800\" \/>\n\t<meta property=\"og:image:height\" content=\"800\" \/>\n\t<meta property=\"og:image:type\" content=\"image\/jpeg\" \/>\n<meta name=\"twitter:card\" content=\"summary_large_image\" \/>\n<meta name=\"twitter:label1\" content=\"Tempo estimado de leitura\" \/>\n\t<meta name=\"twitter:data1\" content=\"1 minuto\" \/>\n<script type=\"application\/ld+json\" class=\"yoast-schema-graph\">{\"@context\":\"https:\\\/\\\/schema.org\",\"@graph\":[{\"@type\":\"WebPage\",\"@id\":\"https:\\\/\\\/lovme.pt\\\/index.php\\\/produto\\\/pretty-love-vibra-butt-plug-2-anal-plug-10-vibracoes-preto\\\/\",\"url\":\"https:\\\/\\\/lovme.pt\\\/index.php\\\/produto\\\/pretty-love-vibra-butt-plug-2-anal-plug-10-vibracoes-preto\\\/\",\"name\":\"PRETTY LOVE - VIBRA BUTT PLUG 2 ANAL PLUG 10 VIBRA\u00c7\u00d5ES PRETO - Lovme\",\"isPartOf\":{\"@id\":\"https:\\\/\\\/lovme.pt\\\/#website\"},\"primaryImageOfPage\":{\"@id\":\"https:\\\/\\\/lovme.pt\\\/index.php\\\/produto\\\/pretty-love-vibra-butt-plug-2-anal-plug-10-vibracoes-preto\\\/#primaryimage\"},\"image\":{\"@id\":\"https:\\\/\\\/lovme.pt\\\/index.php\\\/produto\\\/pretty-love-vibra-butt-plug-2-anal-plug-10-vibracoes-preto\\\/#primaryimage\"},\"thumbnailUrl\":\"https:\\\/\\\/erki24nd3ub.exactdn.com\\\/wp-content\\\/uploads\\\/dream\\\/img\\\/img_197355_261c7b5aedfad9fed0e07e21396a925b_1.jpg?strip=all\",\"datePublished\":\"2025-09-30T09:37:35+00:00\",\"dateModified\":\"2026-02-19T20:01:13+00:00\",\"breadcrumb\":{\"@id\":\"https:\\\/\\\/lovme.pt\\\/index.php\\\/produto\\\/pretty-love-vibra-butt-plug-2-anal-plug-10-vibracoes-preto\\\/#breadcrumb\"},\"inLanguage\":\"pt-PT\",\"potentialAction\":[{\"@type\":\"ReadAction\",\"target\":[\"https:\\\/\\\/lovme.pt\\\/index.php\\\/produto\\\/pretty-love-vibra-butt-plug-2-anal-plug-10-vibracoes-preto\\\/\"]}]},{\"@type\":\"ImageObject\",\"inLanguage\":\"pt-PT\",\"@id\":\"https:\\\/\\\/lovme.pt\\\/index.php\\\/produto\\\/pretty-love-vibra-butt-plug-2-anal-plug-10-vibracoes-preto\\\/#primaryimage\",\"url\":\"https:\\\/\\\/erki24nd3ub.exactdn.com\\\/wp-content\\\/uploads\\\/dream\\\/img\\\/img_197355_261c7b5aedfad9fed0e07e21396a925b_1.jpg?strip=all\",\"contentUrl\":\"https:\\\/\\\/erki24nd3ub.exactdn.com\\\/wp-content\\\/uploads\\\/dream\\\/img\\\/img_197355_261c7b5aedfad9fed0e07e21396a925b_1.jpg?strip=all\",\"width\":800,\"height\":800},{\"@type\":\"BreadcrumbList\",\"@id\":\"https:\\\/\\\/lovme.pt\\\/index.php\\\/produto\\\/pretty-love-vibra-butt-plug-2-anal-plug-10-vibracoes-preto\\\/#breadcrumb\",\"itemListElement\":[{\"@type\":\"ListItem\",\"position\":1,\"name\":\"In\u00edcio\",\"item\":\"https:\\\/\\\/lovme.pt\\\/\"},{\"@type\":\"ListItem\",\"position\":2,\"name\":\"Loja\",\"item\":\"https:\\\/\\\/lovme.pt\\\/index.php\\\/loja\\\/\"},{\"@type\":\"ListItem\",\"position\":3,\"name\":\"PRETTY LOVE &#8211; VIBRA BUTT PLUG 2 ANAL PLUG 10 VIBRA\u00c7\u00d5ES PRETO\"}]},{\"@type\":\"WebSite\",\"@id\":\"https:\\\/\\\/lovme.pt\\\/#website\",\"url\":\"https:\\\/\\\/lovme.pt\\\/\",\"name\":\"Lovme Loja Er\u00f3tica N\u00ba1 em Portugal\",\"description\":\"A melhor loja er\u00f3tica de Portugal.\",\"alternateName\":\"Loja Er\u00f3tica Lovme\",\"potentialAction\":[{\"@type\":\"SearchAction\",\"target\":{\"@type\":\"EntryPoint\",\"urlTemplate\":\"https:\\\/\\\/lovme.pt\\\/?s={search_term_string}\"},\"query-input\":{\"@type\":\"PropertyValueSpecification\",\"valueRequired\":true,\"valueName\":\"search_term_string\"}}],\"inLanguage\":\"pt-PT\"}]}<\/script>\n<!-- \/ Yoast SEO plugin. -->","yoast_head_json":{"title":"PRETTY LOVE - VIBRA BUTT PLUG 2 ANAL PLUG 10 VIBRA\u00c7\u00d5ES PRETO - Lovme","robots":{"index":"index","follow":"follow","max-snippet":"max-snippet:-1","max-image-preview":"max-image-preview:large","max-video-preview":"max-video-preview:-1"},"canonical":"https:\/\/lovme.pt\/index.php\/produto\/pretty-love-vibra-butt-plug-2-anal-plug-10-vibracoes-preto\/","og_locale":"pt_PT","og_type":"article","og_title":"PRETTY LOVE - VIBRA BUTT PLUG 2 ANAL PLUG 10 VIBRA\u00c7\u00d5ES PRETO - Lovme","og_description":"PRETTY LOVE - VIBRA BUTT PLUG 2 ANAL PLUG 10 VIBRA\u00c7\u00d5ES PRETO","og_url":"https:\/\/lovme.pt\/index.php\/produto\/pretty-love-vibra-butt-plug-2-anal-plug-10-vibracoes-preto\/","og_site_name":"Lovme","article_modified_time":"2026-02-19T20:01:13+00:00","og_image":[{"width":800,"height":800,"url":"https:\/\/erki24nd3ub.exactdn.com\/wp-content\/uploads\/dream\/img\/img_197355_261c7b5aedfad9fed0e07e21396a925b_1.jpg?strip=all","type":"image\/jpeg"}],"twitter_card":"summary_large_image","twitter_misc":{"Tempo estimado de leitura":"1 minuto"},"schema":{"@context":"https:\/\/schema.org","@graph":[{"@type":"WebPage","@id":"https:\/\/lovme.pt\/index.php\/produto\/pretty-love-vibra-butt-plug-2-anal-plug-10-vibracoes-preto\/","url":"https:\/\/lovme.pt\/index.php\/produto\/pretty-love-vibra-butt-plug-2-anal-plug-10-vibracoes-preto\/","name":"PRETTY LOVE - VIBRA BUTT PLUG 2 ANAL PLUG 10 VIBRA\u00c7\u00d5ES PRETO - Lovme","isPartOf":{"@id":"https:\/\/lovme.pt\/#website"},"primaryImageOfPage":{"@id":"https:\/\/lovme.pt\/index.php\/produto\/pretty-love-vibra-butt-plug-2-anal-plug-10-vibracoes-preto\/#primaryimage"},"image":{"@id":"https:\/\/lovme.pt\/index.php\/produto\/pretty-love-vibra-butt-plug-2-anal-plug-10-vibracoes-preto\/#primaryimage"},"thumbnailUrl":"https:\/\/erki24nd3ub.exactdn.com\/wp-content\/uploads\/dream\/img\/img_197355_261c7b5aedfad9fed0e07e21396a925b_1.jpg?strip=all","datePublished":"2025-09-30T09:37:35+00:00","dateModified":"2026-02-19T20:01:13+00:00","breadcrumb":{"@id":"https:\/\/lovme.pt\/index.php\/produto\/pretty-love-vibra-butt-plug-2-anal-plug-10-vibracoes-preto\/#breadcrumb"},"inLanguage":"pt-PT","potentialAction":[{"@type":"ReadAction","target":["https:\/\/lovme.pt\/index.php\/produto\/pretty-love-vibra-butt-plug-2-anal-plug-10-vibracoes-preto\/"]}]},{"@type":"ImageObject","inLanguage":"pt-PT","@id":"https:\/\/lovme.pt\/index.php\/produto\/pretty-love-vibra-butt-plug-2-anal-plug-10-vibracoes-preto\/#primaryimage","url":"https:\/\/erki24nd3ub.exactdn.com\/wp-content\/uploads\/dream\/img\/img_197355_261c7b5aedfad9fed0e07e21396a925b_1.jpg?strip=all","contentUrl":"https:\/\/erki24nd3ub.exactdn.com\/wp-content\/uploads\/dream\/img\/img_197355_261c7b5aedfad9fed0e07e21396a925b_1.jpg?strip=all","width":800,"height":800},{"@type":"BreadcrumbList","@id":"https:\/\/lovme.pt\/index.php\/produto\/pretty-love-vibra-butt-plug-2-anal-plug-10-vibracoes-preto\/#breadcrumb","itemListElement":[{"@type":"ListItem","position":1,"name":"In\u00edcio","item":"https:\/\/lovme.pt\/"},{"@type":"ListItem","position":2,"name":"Loja","item":"https:\/\/lovme.pt\/index.php\/loja\/"},{"@type":"ListItem","position":3,"name":"PRETTY LOVE &#8211; VIBRA BUTT PLUG 2 ANAL PLUG 10 VIBRA\u00c7\u00d5ES PRETO"}]},{"@type":"WebSite","@id":"https:\/\/lovme.pt\/#website","url":"https:\/\/lovme.pt\/","name":"Lovme Loja Er\u00f3tica N\u00ba1 em Portugal","description":"A melhor loja er\u00f3tica de Portugal.","alternateName":"Loja Er\u00f3tica Lovme","potentialAction":[{"@type":"SearchAction","target":{"@type":"EntryPoint","urlTemplate":"https:\/\/lovme.pt\/?s={search_term_string}"},"query-input":{"@type":"PropertyValueSpecification","valueRequired":true,"valueName":"search_term_string"}}],"inLanguage":"pt-PT"}]}},"_links":{"self":[{"href":"https:\/\/lovme.pt\/index.php\/wp-json\/wp\/v2\/product\/51176","targetHints":{"allow":["GET"]}}],"collection":[{"href":"https:\/\/lovme.pt\/index.php\/wp-json\/wp\/v2\/product"}],"about":[{"href":"https:\/\/lovme.pt\/index.php\/wp-json\/wp\/v2\/types\/product"}],"wp:featuredmedia":[{"embeddable":true,"href":"https:\/\/lovme.pt\/index.php\/wp-json\/wp\/v2\/media\/54934"}],"wp:attachment":[{"href":"https:\/\/lovme.pt\/index.php\/wp-json\/wp\/v2\/media?parent=51176"}],"wp:term":[{"taxonomy":"product_brand","embeddable":true,"href":"https:\/\/lovme.pt\/index.php\/wp-json\/wp\/v2\/product_brand?post=51176"},{"taxonomy":"product_cat","embeddable":true,"href":"https:\/\/lovme.pt\/index.php\/wp-json\/wp\/v2\/product_cat?post=51176"},{"taxonomy":"product_tag","embeddable":true,"href":"https:\/\/lovme.pt\/index.php\/wp-json\/wp\/v2\/product_tag?post=51176"}],"curies":[{"name":"wp","href":"https:\/\/api.w.org\/{rel}","templated":true}]}}