{"id":51169,"date":"2025-09-30T22:05:21","date_gmt":"2025-09-30T22:05:21","guid":{"rendered":"https:\/\/lovme.pt\/?post_type=product&p=51169"},"modified":"2026-02-19T20:09:09","modified_gmt":"2026-02-19T20:09:09","slug":"pretty-love-ovo-vibrador-daisy-lingua-estimulante-de-clitoris-rosa","status":"publish","type":"product","link":"https:\/\/lovme.pt\/index.php\/produto\/pretty-love-ovo-vibrador-daisy-lingua-estimulante-de-clitoris-rosa\/","title":{"rendered":"PRETTY LOVE &#8211; OVO VIBRADOR DAISY + L\u00cdNGUA ESTIMULANTE DE CLIT\u00d3RIS ROSA"},"content":{"rendered":"<p><strong>LINDO AMOR BI-014749-1<\/strong><br \/> Projetado para lhe dar estimula\u00e7\u00e3o dupla com 12 fun\u00e7\u00f5es de vibra\u00e7\u00e3o e 3 fun\u00e7\u00f5es de lambida, este ovo vibrat\u00f3rio \u00e9 uma for\u00e7a a ser reconhecida. Delicie-se com o dobro do prazer simultaneamente para sua satisfa\u00e7\u00e3o m\u00e1xima. A fun\u00e7\u00e3o de mem\u00f3ria manter\u00e1 o controle de suas configura\u00e7\u00f5es favoritas e, com 12 fun\u00e7\u00f5es de vibra\u00e7\u00e3o, voc\u00ea n\u00e3o ter\u00e1 problemas para encontrar aquela que o levar\u00e1 ao limite. Feito de silicone lindo, este brinquedo parece t\u00e3o incr\u00edvel em suas m\u00e3os quanto dentro de voc\u00ea.<\/p>\n<\/p>\n<p> <strong><u>CARACTER\u00cdSTICAS<\/u> :<\/strong><\/p>\n<ul>\n<li> Fun\u00e7\u00e3o: 12 fun\u00e7\u00f5es de vibra\u00e7\u00e3o 3 configura\u00e7\u00f5es de lambida Fun\u00e7\u00e3o de mem\u00f3ria<\/li>\n<li> Material: Silicone<\/li>\n<li> Pot\u00eancia: USB recarreg\u00e1vel<\/li>\n<\/ul>\n","protected":false},"excerpt":{"rendered":"<p>PRETTY LOVE &#8211; OVO VIBRADOR DAISY + L\u00cdNGUA ESTIMULANTE DE CLIT\u00d3RIS ROSA<\/p>\n","protected":false},"featured_media":73772,"template":"","meta":{"_acf_changed":false},"product_brand":[],"product_cat":[17,61,76],"product_tag":[],"class_list":{"0":"post-51169","1":"product","2":"type-product","3":"status-publish","4":"has-post-thumbnail","6":"product_cat-brinquedos-de-bem-estar-sexual","7":"product_cat-para-elas","8":"product_cat-vibradores","9":"yith_product_brand-pretty-love","11":"first","12":"instock","13":"taxable","14":"shipping-taxable","15":"purchasable","16":"product-type-simple"},"acf":[],"yoast_head":"<!-- This site is optimized with the Yoast SEO plugin v27.4 - https:\/\/yoast.com\/product\/yoast-seo-wordpress\/ -->\n<title>PRETTY LOVE - OVO VIBRADOR DAISY + L\u00cdNGUA ESTIMULANTE DE CLIT\u00d3RIS ROSA - Lovme<\/title>\n<meta name=\"robots\" content=\"index, follow, max-snippet:-1, max-image-preview:large, max-video-preview:-1\" \/>\n<link rel=\"canonical\" href=\"https:\/\/lovme.pt\/index.php\/produto\/pretty-love-ovo-vibrador-daisy-lingua-estimulante-de-clitoris-rosa\/\" \/>\n<meta property=\"og:locale\" content=\"pt_PT\" \/>\n<meta property=\"og:type\" content=\"article\" \/>\n<meta property=\"og:title\" content=\"PRETTY LOVE - OVO VIBRADOR DAISY + L\u00cdNGUA ESTIMULANTE DE CLIT\u00d3RIS ROSA - Lovme\" \/>\n<meta property=\"og:description\" content=\"PRETTY LOVE - OVO VIBRADOR DAISY + L\u00cdNGUA ESTIMULANTE DE CLIT\u00d3RIS ROSA\" \/>\n<meta property=\"og:url\" content=\"https:\/\/lovme.pt\/index.php\/produto\/pretty-love-ovo-vibrador-daisy-lingua-estimulante-de-clitoris-rosa\/\" \/>\n<meta property=\"og:site_name\" content=\"Lovme\" \/>\n<meta property=\"article:modified_time\" content=\"2026-02-19T20:09:09+00:00\" \/>\n<meta property=\"og:image\" content=\"https:\/\/erki24nd3ub.exactdn.com\/wp-content\/uploads\/dream\/img\/img_197269_5bcffb5b9b03a74bdb6e1038a845d87b_1.jpg?strip=all\" \/>\n\t<meta property=\"og:image:width\" content=\"800\" \/>\n\t<meta property=\"og:image:height\" content=\"800\" \/>\n\t<meta property=\"og:image:type\" content=\"image\/jpeg\" \/>\n<meta name=\"twitter:card\" content=\"summary_large_image\" \/>\n<meta name=\"twitter:label1\" content=\"Tempo estimado de leitura\" \/>\n\t<meta name=\"twitter:data1\" content=\"1 minuto\" \/>\n<script type=\"application\/ld+json\" class=\"yoast-schema-graph\">{\"@context\":\"https:\\\/\\\/schema.org\",\"@graph\":[{\"@type\":\"WebPage\",\"@id\":\"https:\\\/\\\/lovme.pt\\\/index.php\\\/produto\\\/pretty-love-ovo-vibrador-daisy-lingua-estimulante-de-clitoris-rosa\\\/\",\"url\":\"https:\\\/\\\/lovme.pt\\\/index.php\\\/produto\\\/pretty-love-ovo-vibrador-daisy-lingua-estimulante-de-clitoris-rosa\\\/\",\"name\":\"PRETTY LOVE - OVO VIBRADOR DAISY + L\u00cdNGUA ESTIMULANTE DE CLIT\u00d3RIS ROSA - Lovme\",\"isPartOf\":{\"@id\":\"https:\\\/\\\/lovme.pt\\\/#website\"},\"primaryImageOfPage\":{\"@id\":\"https:\\\/\\\/lovme.pt\\\/index.php\\\/produto\\\/pretty-love-ovo-vibrador-daisy-lingua-estimulante-de-clitoris-rosa\\\/#primaryimage\"},\"image\":{\"@id\":\"https:\\\/\\\/lovme.pt\\\/index.php\\\/produto\\\/pretty-love-ovo-vibrador-daisy-lingua-estimulante-de-clitoris-rosa\\\/#primaryimage\"},\"thumbnailUrl\":\"https:\\\/\\\/erki24nd3ub.exactdn.com\\\/wp-content\\\/uploads\\\/dream\\\/img\\\/img_197269_5bcffb5b9b03a74bdb6e1038a845d87b_1.jpg?strip=all\",\"datePublished\":\"2025-09-30T22:05:21+00:00\",\"dateModified\":\"2026-02-19T20:09:09+00:00\",\"breadcrumb\":{\"@id\":\"https:\\\/\\\/lovme.pt\\\/index.php\\\/produto\\\/pretty-love-ovo-vibrador-daisy-lingua-estimulante-de-clitoris-rosa\\\/#breadcrumb\"},\"inLanguage\":\"pt-PT\",\"potentialAction\":[{\"@type\":\"ReadAction\",\"target\":[\"https:\\\/\\\/lovme.pt\\\/index.php\\\/produto\\\/pretty-love-ovo-vibrador-daisy-lingua-estimulante-de-clitoris-rosa\\\/\"]}]},{\"@type\":\"ImageObject\",\"inLanguage\":\"pt-PT\",\"@id\":\"https:\\\/\\\/lovme.pt\\\/index.php\\\/produto\\\/pretty-love-ovo-vibrador-daisy-lingua-estimulante-de-clitoris-rosa\\\/#primaryimage\",\"url\":\"https:\\\/\\\/erki24nd3ub.exactdn.com\\\/wp-content\\\/uploads\\\/dream\\\/img\\\/img_197269_5bcffb5b9b03a74bdb6e1038a845d87b_1.jpg?strip=all\",\"contentUrl\":\"https:\\\/\\\/erki24nd3ub.exactdn.com\\\/wp-content\\\/uploads\\\/dream\\\/img\\\/img_197269_5bcffb5b9b03a74bdb6e1038a845d87b_1.jpg?strip=all\",\"width\":800,\"height\":800},{\"@type\":\"BreadcrumbList\",\"@id\":\"https:\\\/\\\/lovme.pt\\\/index.php\\\/produto\\\/pretty-love-ovo-vibrador-daisy-lingua-estimulante-de-clitoris-rosa\\\/#breadcrumb\",\"itemListElement\":[{\"@type\":\"ListItem\",\"position\":1,\"name\":\"In\u00edcio\",\"item\":\"https:\\\/\\\/lovme.pt\\\/\"},{\"@type\":\"ListItem\",\"position\":2,\"name\":\"Loja\",\"item\":\"https:\\\/\\\/lovme.pt\\\/index.php\\\/loja\\\/\"},{\"@type\":\"ListItem\",\"position\":3,\"name\":\"PRETTY LOVE &#8211; OVO VIBRADOR DAISY + L\u00cdNGUA ESTIMULANTE DE CLIT\u00d3RIS ROSA\"}]},{\"@type\":\"WebSite\",\"@id\":\"https:\\\/\\\/lovme.pt\\\/#website\",\"url\":\"https:\\\/\\\/lovme.pt\\\/\",\"name\":\"Lovme Loja Er\u00f3tica N\u00ba1 em Portugal\",\"description\":\"A melhor loja er\u00f3tica de Portugal.\",\"alternateName\":\"Loja Er\u00f3tica Lovme\",\"potentialAction\":[{\"@type\":\"SearchAction\",\"target\":{\"@type\":\"EntryPoint\",\"urlTemplate\":\"https:\\\/\\\/lovme.pt\\\/?s={search_term_string}\"},\"query-input\":{\"@type\":\"PropertyValueSpecification\",\"valueRequired\":true,\"valueName\":\"search_term_string\"}}],\"inLanguage\":\"pt-PT\"}]}<\/script>\n<!-- \/ Yoast SEO plugin. -->","yoast_head_json":{"title":"PRETTY LOVE - OVO VIBRADOR DAISY + L\u00cdNGUA ESTIMULANTE DE CLIT\u00d3RIS ROSA - Lovme","robots":{"index":"index","follow":"follow","max-snippet":"max-snippet:-1","max-image-preview":"max-image-preview:large","max-video-preview":"max-video-preview:-1"},"canonical":"https:\/\/lovme.pt\/index.php\/produto\/pretty-love-ovo-vibrador-daisy-lingua-estimulante-de-clitoris-rosa\/","og_locale":"pt_PT","og_type":"article","og_title":"PRETTY LOVE - OVO VIBRADOR DAISY + L\u00cdNGUA ESTIMULANTE DE CLIT\u00d3RIS ROSA - Lovme","og_description":"PRETTY LOVE - OVO VIBRADOR DAISY + L\u00cdNGUA ESTIMULANTE DE CLIT\u00d3RIS ROSA","og_url":"https:\/\/lovme.pt\/index.php\/produto\/pretty-love-ovo-vibrador-daisy-lingua-estimulante-de-clitoris-rosa\/","og_site_name":"Lovme","article_modified_time":"2026-02-19T20:09:09+00:00","og_image":[{"width":800,"height":800,"url":"https:\/\/erki24nd3ub.exactdn.com\/wp-content\/uploads\/dream\/img\/img_197269_5bcffb5b9b03a74bdb6e1038a845d87b_1.jpg?strip=all","type":"image\/jpeg"}],"twitter_card":"summary_large_image","twitter_misc":{"Tempo estimado de leitura":"1 minuto"},"schema":{"@context":"https:\/\/schema.org","@graph":[{"@type":"WebPage","@id":"https:\/\/lovme.pt\/index.php\/produto\/pretty-love-ovo-vibrador-daisy-lingua-estimulante-de-clitoris-rosa\/","url":"https:\/\/lovme.pt\/index.php\/produto\/pretty-love-ovo-vibrador-daisy-lingua-estimulante-de-clitoris-rosa\/","name":"PRETTY LOVE - OVO VIBRADOR DAISY + L\u00cdNGUA ESTIMULANTE DE CLIT\u00d3RIS ROSA - Lovme","isPartOf":{"@id":"https:\/\/lovme.pt\/#website"},"primaryImageOfPage":{"@id":"https:\/\/lovme.pt\/index.php\/produto\/pretty-love-ovo-vibrador-daisy-lingua-estimulante-de-clitoris-rosa\/#primaryimage"},"image":{"@id":"https:\/\/lovme.pt\/index.php\/produto\/pretty-love-ovo-vibrador-daisy-lingua-estimulante-de-clitoris-rosa\/#primaryimage"},"thumbnailUrl":"https:\/\/erki24nd3ub.exactdn.com\/wp-content\/uploads\/dream\/img\/img_197269_5bcffb5b9b03a74bdb6e1038a845d87b_1.jpg?strip=all","datePublished":"2025-09-30T22:05:21+00:00","dateModified":"2026-02-19T20:09:09+00:00","breadcrumb":{"@id":"https:\/\/lovme.pt\/index.php\/produto\/pretty-love-ovo-vibrador-daisy-lingua-estimulante-de-clitoris-rosa\/#breadcrumb"},"inLanguage":"pt-PT","potentialAction":[{"@type":"ReadAction","target":["https:\/\/lovme.pt\/index.php\/produto\/pretty-love-ovo-vibrador-daisy-lingua-estimulante-de-clitoris-rosa\/"]}]},{"@type":"ImageObject","inLanguage":"pt-PT","@id":"https:\/\/lovme.pt\/index.php\/produto\/pretty-love-ovo-vibrador-daisy-lingua-estimulante-de-clitoris-rosa\/#primaryimage","url":"https:\/\/erki24nd3ub.exactdn.com\/wp-content\/uploads\/dream\/img\/img_197269_5bcffb5b9b03a74bdb6e1038a845d87b_1.jpg?strip=all","contentUrl":"https:\/\/erki24nd3ub.exactdn.com\/wp-content\/uploads\/dream\/img\/img_197269_5bcffb5b9b03a74bdb6e1038a845d87b_1.jpg?strip=all","width":800,"height":800},{"@type":"BreadcrumbList","@id":"https:\/\/lovme.pt\/index.php\/produto\/pretty-love-ovo-vibrador-daisy-lingua-estimulante-de-clitoris-rosa\/#breadcrumb","itemListElement":[{"@type":"ListItem","position":1,"name":"In\u00edcio","item":"https:\/\/lovme.pt\/"},{"@type":"ListItem","position":2,"name":"Loja","item":"https:\/\/lovme.pt\/index.php\/loja\/"},{"@type":"ListItem","position":3,"name":"PRETTY LOVE &#8211; OVO VIBRADOR DAISY + L\u00cdNGUA ESTIMULANTE DE CLIT\u00d3RIS ROSA"}]},{"@type":"WebSite","@id":"https:\/\/lovme.pt\/#website","url":"https:\/\/lovme.pt\/","name":"Lovme Loja Er\u00f3tica N\u00ba1 em Portugal","description":"A melhor loja er\u00f3tica de Portugal.","alternateName":"Loja Er\u00f3tica Lovme","potentialAction":[{"@type":"SearchAction","target":{"@type":"EntryPoint","urlTemplate":"https:\/\/lovme.pt\/?s={search_term_string}"},"query-input":{"@type":"PropertyValueSpecification","valueRequired":true,"valueName":"search_term_string"}}],"inLanguage":"pt-PT"}]}},"_links":{"self":[{"href":"https:\/\/lovme.pt\/index.php\/wp-json\/wp\/v2\/product\/51169","targetHints":{"allow":["GET"]}}],"collection":[{"href":"https:\/\/lovme.pt\/index.php\/wp-json\/wp\/v2\/product"}],"about":[{"href":"https:\/\/lovme.pt\/index.php\/wp-json\/wp\/v2\/types\/product"}],"wp:featuredmedia":[{"embeddable":true,"href":"https:\/\/lovme.pt\/index.php\/wp-json\/wp\/v2\/media\/73772"}],"wp:attachment":[{"href":"https:\/\/lovme.pt\/index.php\/wp-json\/wp\/v2\/media?parent=51169"}],"wp:term":[{"taxonomy":"product_brand","embeddable":true,"href":"https:\/\/lovme.pt\/index.php\/wp-json\/wp\/v2\/product_brand?post=51169"},{"taxonomy":"product_cat","embeddable":true,"href":"https:\/\/lovme.pt\/index.php\/wp-json\/wp\/v2\/product_cat?post=51169"},{"taxonomy":"product_tag","embeddable":true,"href":"https:\/\/lovme.pt\/index.php\/wp-json\/wp\/v2\/product_tag?post=51169"}],"curies":[{"name":"wp","href":"https:\/\/api.w.org\/{rel}","templated":true}]}}