{"id":51154,"date":"2025-09-30T22:06:26","date_gmt":"2025-09-30T22:06:26","guid":{"rendered":"https:\/\/lovme.pt\/?post_type=product&p=51154"},"modified":"2026-02-19T20:09:12","modified_gmt":"2026-02-19T20:09:12","slug":"kiiroo-vibrador-em-forma-de-u-spot-kiss-me-rosa","status":"publish","type":"product","link":"https:\/\/lovme.pt\/index.php\/produto\/kiiroo-vibrador-em-forma-de-u-spot-kiss-me-rosa\/","title":{"rendered":"KIIROO &#8211; VIBRADOR EM FORMA DE U SPOT KISS ME ROSA"},"content":{"rendered":"<p>Transforme sua experi\u00eancia \u00edntima com <strong>SPOT KISS ME PINK<\/strong> . Este vibrador inovador foi projetado para oferecer uma combina\u00e7\u00e3o \u00fanica de estimula\u00e7\u00e3o visual e f\u00edsica, levando voc\u00ea aos limites do prazer.<\/p>\n<p>\u00a0<\/p>\n<p>Desfrute de um prazer elevado com o KIIROO SPOT KISS ME, um vibrador ergon\u00f4mico projetado para lhe oferecer uma experi\u00eancia \u00fanica e inesquec\u00edvel. Sua cor rosa marcante e seu inovador formato em U o tornam um produto sofisticado e elegante, enquanto seu design \u00e9 pensado para se adaptar perfeitamente \u00e0s curvas naturais do seu corpo, garantindo uma estimula\u00e7\u00e3o precisa e eficaz nas \u00e1reas mais sens\u00edveis.<\/p>\n<p>O SPOT KISS ME tem v\u00e1rios modos de vibra\u00e7\u00e3o, permitindo que voc\u00ea explore diferentes intensidades e ritmos at\u00e9 encontrar o ajuste perfeito para voc\u00ea. Quer voc\u00ea prefira vibra\u00e7\u00f5es suaves e delicadas ou poderosas e envolventes, este vibrador se adapta aos seus desejos, proporcionando uma experi\u00eancia personalizada e satisfat\u00f3ria a cada uso.<\/p>\n<p>Gra\u00e7as ao seu design ergon\u00f4mico, o SPOT KISS ME \u00e9 incrivelmente f\u00e1cil de manusear, permitindo que voc\u00ea desfrute de controle total durante o uso. Seu formato em U exclusivo \u00e9 ideal para oferecer estimula\u00e7\u00e3o interna e externa, garantindo que voc\u00ea possa experimentar prazer completo, sem esfor\u00e7o.<\/p>\n<p>Feito de materiais de alta qualidade e seguros para o corpo, o SPOT KISS ME \u00e9 \u00e0 prova d\u00e1gua, permitindo que voc\u00ea o use no chuveiro ou na banheira, adicionando um toque extra de sensualidade e divers\u00e3o. Quer voc\u00ea o use sozinho ou com um parceiro, este vibrador foi projetado para acompanh\u00e1-lo em sua explora\u00e7\u00e3o da sensualidade, oferecendo novas maneiras de desfrutar do prazer.<\/p>\n<p>Com o SPOT KISS ME da KIIROO, cada momento \u00edntimo se torna uma oportunidade de descobrir novas sensa\u00e7\u00f5es, alcan\u00e7ando um n\u00edvel de satisfa\u00e7\u00e3o que voc\u00ea nunca experimentou antes. Deixe-se levar e sinta como a tecnologia e o design se unem para lhe dar uma experi\u00eancia de prazer total!<\/p>\n<p>\u00a0<\/p>\n<p>Explore um mundo de sensa\u00e7\u00f5es como nunca antes com Kiiroo.<\/p>\n","protected":false},"excerpt":{"rendered":"<p>KIIROO &#8211; VIBRADOR EM FORMA DE U SPOT KISS ME ROSA<\/p>\n","protected":false},"featured_media":73997,"template":"","meta":{"_acf_changed":false},"product_brand":[],"product_cat":[17,61,76],"product_tag":[],"class_list":{"0":"post-51154","1":"product","2":"type-product","3":"status-publish","4":"has-post-thumbnail","6":"product_cat-brinquedos-de-bem-estar-sexual","7":"product_cat-para-elas","8":"product_cat-vibradores","9":"yith_product_brand-kiiroo","11":"first","12":"instock","13":"taxable","14":"shipping-taxable","15":"purchasable","16":"product-type-simple"},"acf":[],"yoast_head":"<!-- This site is optimized with the Yoast SEO plugin v27.4 - https:\/\/yoast.com\/product\/yoast-seo-wordpress\/ -->\n<title>KIIROO - VIBRADOR EM FORMA DE U SPOT KISS ME ROSA - Lovme<\/title>\n<meta name=\"robots\" content=\"index, follow, max-snippet:-1, max-image-preview:large, max-video-preview:-1\" \/>\n<link rel=\"canonical\" href=\"https:\/\/lovme.pt\/index.php\/produto\/kiiroo-vibrador-em-forma-de-u-spot-kiss-me-rosa\/\" \/>\n<meta property=\"og:locale\" content=\"pt_PT\" \/>\n<meta property=\"og:type\" content=\"article\" \/>\n<meta property=\"og:title\" content=\"KIIROO - VIBRADOR EM FORMA DE U SPOT KISS ME ROSA - Lovme\" \/>\n<meta property=\"og:description\" content=\"KIIROO - VIBRADOR EM FORMA DE U SPOT KISS ME ROSA\" \/>\n<meta property=\"og:url\" content=\"https:\/\/lovme.pt\/index.php\/produto\/kiiroo-vibrador-em-forma-de-u-spot-kiss-me-rosa\/\" \/>\n<meta property=\"og:site_name\" content=\"Lovme\" \/>\n<meta property=\"article:modified_time\" content=\"2026-02-19T20:09:12+00:00\" \/>\n<meta property=\"og:image\" content=\"https:\/\/erki24nd3ub.exactdn.com\/wp-content\/uploads\/dream\/img\/img_205531_6b5c64728b563b814f82ba089b51aa85_1.jpg?strip=all\" \/>\n\t<meta property=\"og:image:width\" content=\"900\" \/>\n\t<meta property=\"og:image:height\" content=\"900\" \/>\n\t<meta property=\"og:image:type\" content=\"image\/jpeg\" \/>\n<meta name=\"twitter:card\" content=\"summary_large_image\" \/>\n<meta name=\"twitter:label1\" content=\"Tempo estimado de leitura\" \/>\n\t<meta name=\"twitter:data1\" content=\"2 minutos\" \/>\n<script type=\"application\/ld+json\" class=\"yoast-schema-graph\">{\"@context\":\"https:\\\/\\\/schema.org\",\"@graph\":[{\"@type\":\"WebPage\",\"@id\":\"https:\\\/\\\/lovme.pt\\\/index.php\\\/produto\\\/kiiroo-vibrador-em-forma-de-u-spot-kiss-me-rosa\\\/\",\"url\":\"https:\\\/\\\/lovme.pt\\\/index.php\\\/produto\\\/kiiroo-vibrador-em-forma-de-u-spot-kiss-me-rosa\\\/\",\"name\":\"KIIROO - VIBRADOR EM FORMA DE U SPOT KISS ME ROSA - Lovme\",\"isPartOf\":{\"@id\":\"https:\\\/\\\/lovme.pt\\\/#website\"},\"primaryImageOfPage\":{\"@id\":\"https:\\\/\\\/lovme.pt\\\/index.php\\\/produto\\\/kiiroo-vibrador-em-forma-de-u-spot-kiss-me-rosa\\\/#primaryimage\"},\"image\":{\"@id\":\"https:\\\/\\\/lovme.pt\\\/index.php\\\/produto\\\/kiiroo-vibrador-em-forma-de-u-spot-kiss-me-rosa\\\/#primaryimage\"},\"thumbnailUrl\":\"https:\\\/\\\/erki24nd3ub.exactdn.com\\\/wp-content\\\/uploads\\\/dream\\\/img\\\/img_205531_6b5c64728b563b814f82ba089b51aa85_1.jpg?strip=all\",\"datePublished\":\"2025-09-30T22:06:26+00:00\",\"dateModified\":\"2026-02-19T20:09:12+00:00\",\"breadcrumb\":{\"@id\":\"https:\\\/\\\/lovme.pt\\\/index.php\\\/produto\\\/kiiroo-vibrador-em-forma-de-u-spot-kiss-me-rosa\\\/#breadcrumb\"},\"inLanguage\":\"pt-PT\",\"potentialAction\":[{\"@type\":\"ReadAction\",\"target\":[\"https:\\\/\\\/lovme.pt\\\/index.php\\\/produto\\\/kiiroo-vibrador-em-forma-de-u-spot-kiss-me-rosa\\\/\"]}]},{\"@type\":\"ImageObject\",\"inLanguage\":\"pt-PT\",\"@id\":\"https:\\\/\\\/lovme.pt\\\/index.php\\\/produto\\\/kiiroo-vibrador-em-forma-de-u-spot-kiss-me-rosa\\\/#primaryimage\",\"url\":\"https:\\\/\\\/erki24nd3ub.exactdn.com\\\/wp-content\\\/uploads\\\/dream\\\/img\\\/img_205531_6b5c64728b563b814f82ba089b51aa85_1.jpg?strip=all\",\"contentUrl\":\"https:\\\/\\\/erki24nd3ub.exactdn.com\\\/wp-content\\\/uploads\\\/dream\\\/img\\\/img_205531_6b5c64728b563b814f82ba089b51aa85_1.jpg?strip=all\",\"width\":900,\"height\":900},{\"@type\":\"BreadcrumbList\",\"@id\":\"https:\\\/\\\/lovme.pt\\\/index.php\\\/produto\\\/kiiroo-vibrador-em-forma-de-u-spot-kiss-me-rosa\\\/#breadcrumb\",\"itemListElement\":[{\"@type\":\"ListItem\",\"position\":1,\"name\":\"In\u00edcio\",\"item\":\"https:\\\/\\\/lovme.pt\\\/\"},{\"@type\":\"ListItem\",\"position\":2,\"name\":\"Loja\",\"item\":\"https:\\\/\\\/lovme.pt\\\/index.php\\\/loja\\\/\"},{\"@type\":\"ListItem\",\"position\":3,\"name\":\"KIIROO &#8211; VIBRADOR EM FORMA DE U SPOT KISS ME ROSA\"}]},{\"@type\":\"WebSite\",\"@id\":\"https:\\\/\\\/lovme.pt\\\/#website\",\"url\":\"https:\\\/\\\/lovme.pt\\\/\",\"name\":\"Lovme Loja Er\u00f3tica N\u00ba1 em Portugal\",\"description\":\"A melhor loja er\u00f3tica de Portugal.\",\"alternateName\":\"Loja Er\u00f3tica Lovme\",\"potentialAction\":[{\"@type\":\"SearchAction\",\"target\":{\"@type\":\"EntryPoint\",\"urlTemplate\":\"https:\\\/\\\/lovme.pt\\\/?s={search_term_string}\"},\"query-input\":{\"@type\":\"PropertyValueSpecification\",\"valueRequired\":true,\"valueName\":\"search_term_string\"}}],\"inLanguage\":\"pt-PT\"}]}<\/script>\n<!-- \/ Yoast SEO plugin. -->","yoast_head_json":{"title":"KIIROO - VIBRADOR EM FORMA DE U SPOT KISS ME ROSA - Lovme","robots":{"index":"index","follow":"follow","max-snippet":"max-snippet:-1","max-image-preview":"max-image-preview:large","max-video-preview":"max-video-preview:-1"},"canonical":"https:\/\/lovme.pt\/index.php\/produto\/kiiroo-vibrador-em-forma-de-u-spot-kiss-me-rosa\/","og_locale":"pt_PT","og_type":"article","og_title":"KIIROO - VIBRADOR EM FORMA DE U SPOT KISS ME ROSA - Lovme","og_description":"KIIROO - VIBRADOR EM FORMA DE U SPOT KISS ME ROSA","og_url":"https:\/\/lovme.pt\/index.php\/produto\/kiiroo-vibrador-em-forma-de-u-spot-kiss-me-rosa\/","og_site_name":"Lovme","article_modified_time":"2026-02-19T20:09:12+00:00","og_image":[{"width":900,"height":900,"url":"https:\/\/erki24nd3ub.exactdn.com\/wp-content\/uploads\/dream\/img\/img_205531_6b5c64728b563b814f82ba089b51aa85_1.jpg?strip=all","type":"image\/jpeg"}],"twitter_card":"summary_large_image","twitter_misc":{"Tempo estimado de leitura":"2 minutos"},"schema":{"@context":"https:\/\/schema.org","@graph":[{"@type":"WebPage","@id":"https:\/\/lovme.pt\/index.php\/produto\/kiiroo-vibrador-em-forma-de-u-spot-kiss-me-rosa\/","url":"https:\/\/lovme.pt\/index.php\/produto\/kiiroo-vibrador-em-forma-de-u-spot-kiss-me-rosa\/","name":"KIIROO - VIBRADOR EM FORMA DE U SPOT KISS ME ROSA - Lovme","isPartOf":{"@id":"https:\/\/lovme.pt\/#website"},"primaryImageOfPage":{"@id":"https:\/\/lovme.pt\/index.php\/produto\/kiiroo-vibrador-em-forma-de-u-spot-kiss-me-rosa\/#primaryimage"},"image":{"@id":"https:\/\/lovme.pt\/index.php\/produto\/kiiroo-vibrador-em-forma-de-u-spot-kiss-me-rosa\/#primaryimage"},"thumbnailUrl":"https:\/\/erki24nd3ub.exactdn.com\/wp-content\/uploads\/dream\/img\/img_205531_6b5c64728b563b814f82ba089b51aa85_1.jpg?strip=all","datePublished":"2025-09-30T22:06:26+00:00","dateModified":"2026-02-19T20:09:12+00:00","breadcrumb":{"@id":"https:\/\/lovme.pt\/index.php\/produto\/kiiroo-vibrador-em-forma-de-u-spot-kiss-me-rosa\/#breadcrumb"},"inLanguage":"pt-PT","potentialAction":[{"@type":"ReadAction","target":["https:\/\/lovme.pt\/index.php\/produto\/kiiroo-vibrador-em-forma-de-u-spot-kiss-me-rosa\/"]}]},{"@type":"ImageObject","inLanguage":"pt-PT","@id":"https:\/\/lovme.pt\/index.php\/produto\/kiiroo-vibrador-em-forma-de-u-spot-kiss-me-rosa\/#primaryimage","url":"https:\/\/erki24nd3ub.exactdn.com\/wp-content\/uploads\/dream\/img\/img_205531_6b5c64728b563b814f82ba089b51aa85_1.jpg?strip=all","contentUrl":"https:\/\/erki24nd3ub.exactdn.com\/wp-content\/uploads\/dream\/img\/img_205531_6b5c64728b563b814f82ba089b51aa85_1.jpg?strip=all","width":900,"height":900},{"@type":"BreadcrumbList","@id":"https:\/\/lovme.pt\/index.php\/produto\/kiiroo-vibrador-em-forma-de-u-spot-kiss-me-rosa\/#breadcrumb","itemListElement":[{"@type":"ListItem","position":1,"name":"In\u00edcio","item":"https:\/\/lovme.pt\/"},{"@type":"ListItem","position":2,"name":"Loja","item":"https:\/\/lovme.pt\/index.php\/loja\/"},{"@type":"ListItem","position":3,"name":"KIIROO &#8211; VIBRADOR EM FORMA DE U SPOT KISS ME ROSA"}]},{"@type":"WebSite","@id":"https:\/\/lovme.pt\/#website","url":"https:\/\/lovme.pt\/","name":"Lovme Loja Er\u00f3tica N\u00ba1 em Portugal","description":"A melhor loja er\u00f3tica de Portugal.","alternateName":"Loja Er\u00f3tica Lovme","potentialAction":[{"@type":"SearchAction","target":{"@type":"EntryPoint","urlTemplate":"https:\/\/lovme.pt\/?s={search_term_string}"},"query-input":{"@type":"PropertyValueSpecification","valueRequired":true,"valueName":"search_term_string"}}],"inLanguage":"pt-PT"}]}},"_links":{"self":[{"href":"https:\/\/lovme.pt\/index.php\/wp-json\/wp\/v2\/product\/51154","targetHints":{"allow":["GET"]}}],"collection":[{"href":"https:\/\/lovme.pt\/index.php\/wp-json\/wp\/v2\/product"}],"about":[{"href":"https:\/\/lovme.pt\/index.php\/wp-json\/wp\/v2\/types\/product"}],"wp:featuredmedia":[{"embeddable":true,"href":"https:\/\/lovme.pt\/index.php\/wp-json\/wp\/v2\/media\/73997"}],"wp:attachment":[{"href":"https:\/\/lovme.pt\/index.php\/wp-json\/wp\/v2\/media?parent=51154"}],"wp:term":[{"taxonomy":"product_brand","embeddable":true,"href":"https:\/\/lovme.pt\/index.php\/wp-json\/wp\/v2\/product_brand?post=51154"},{"taxonomy":"product_cat","embeddable":true,"href":"https:\/\/lovme.pt\/index.php\/wp-json\/wp\/v2\/product_cat?post=51154"},{"taxonomy":"product_tag","embeddable":true,"href":"https:\/\/lovme.pt\/index.php\/wp-json\/wp\/v2\/product_tag?post=51154"}],"curies":[{"name":"wp","href":"https:\/\/api.w.org\/{rel}","templated":true}]}}