{"id":51140,"date":"2025-09-30T22:28:40","date_gmt":"2025-09-30T22:28:40","guid":{"rendered":"https:\/\/lovme.pt\/?post_type=product&p=51140"},"modified":"2026-02-19T20:12:31","modified_gmt":"2026-02-19T20:12:31","slug":"diablo-picante-canudo-dourado-em-formato-de-penis","status":"publish","type":"product","link":"https:\/\/lovme.pt\/index.php\/produto\/diablo-picante-canudo-dourado-em-formato-de-penis\/","title":{"rendered":"DIABLO PICANTE &#8211; CANUDO DOURADO EM FORMATO DE P\u00caNIS"},"content":{"rendered":"<p>D\u00ea um toque ousado e divertido \u00e0s suas bebidas com este canudo que inclui um boneco peniano dourado. Perfeito para despedidas de solteiro(a), festas tem\u00e1ticas ou eventos com um toque de humor, este canudo combina funcionalidade com um design \u00fanico e provocativo que n\u00e3o passar\u00e1 despercebido.<\/p>\n<p> O canudo cuidadosamente moldado com um elegante acabamento dourado adiciona um toque sofisticado e picante ao mesmo tempo. Feito com materiais resistentes e reutiliz\u00e1veis, este canudo n\u00e3o \u00e9 apenas pr\u00e1tico para qualquer tipo de bebida, mas tamb\u00e9m um acess\u00f3rio divertido que animar\u00e1 o ambiente da sua festa.<\/p>\n<p> Ideal para decora\u00e7\u00e3o de mesa, para brincadeiras de festa ou como lembrancinha original para convidados, este canudo \u00e9 o acess\u00f3rio perfeito para trazer risadas e divers\u00e3o a qualquer ocasi\u00e3o. Surpreenda seus amigos e crie momentos inesquec\u00edveis com este canudo com um boneco peniano dourado embutido!<\/p>\n","protected":false},"excerpt":{"rendered":"<p>DIABLO PICANTE &#8211; CANUDO DOURADO EM FORMATO DE P\u00caNIS<\/p>\n","protected":false},"featured_media":78089,"template":"","meta":{"_acf_changed":false},"product_brand":[],"product_cat":[69,15],"product_tag":[],"class_list":{"0":"post-51140","1":"product","2":"type-product","3":"status-publish","4":"has-post-thumbnail","6":"product_cat-jogos-eroticos","7":"product_cat-loja","8":"yith_product_brand-diverty-sexdiablo-picante","9":"yith_product_brand-diverty-sex","11":"first","12":"instock","13":"taxable","14":"shipping-taxable","15":"purchasable","16":"product-type-simple"},"acf":[],"yoast_head":"<!-- This site is optimized with the Yoast SEO plugin v27.3 - https:\/\/yoast.com\/product\/yoast-seo-wordpress\/ -->\n<title>DIABLO PICANTE - CANUDO DOURADO EM FORMATO DE P\u00caNIS - Lovme<\/title>\n<meta name=\"robots\" content=\"index, follow, max-snippet:-1, max-image-preview:large, max-video-preview:-1\" \/>\n<link rel=\"canonical\" href=\"https:\/\/lovme.pt\/index.php\/produto\/diablo-picante-canudo-dourado-em-formato-de-penis\/\" \/>\n<meta property=\"og:locale\" content=\"pt_PT\" \/>\n<meta property=\"og:type\" content=\"article\" \/>\n<meta property=\"og:title\" content=\"DIABLO PICANTE - CANUDO DOURADO EM FORMATO DE P\u00caNIS - Lovme\" \/>\n<meta property=\"og:description\" content=\"DIABLO PICANTE - CANUDO DOURADO EM FORMATO DE P\u00caNIS\" \/>\n<meta property=\"og:url\" content=\"https:\/\/lovme.pt\/index.php\/produto\/diablo-picante-canudo-dourado-em-formato-de-penis\/\" \/>\n<meta property=\"og:site_name\" content=\"Lovme\" \/>\n<meta property=\"article:modified_time\" content=\"2026-02-19T20:12:31+00:00\" \/>\n<meta property=\"og:image\" content=\"https:\/\/erki24nd3ub.exactdn.com\/wp-content\/uploads\/dream\/img\/img_196778_561d5c9e20a947b9346a2a34aa712789_1.jpg?strip=all\" \/>\n\t<meta property=\"og:image:width\" content=\"800\" \/>\n\t<meta property=\"og:image:height\" content=\"800\" \/>\n\t<meta property=\"og:image:type\" content=\"image\/jpeg\" \/>\n<meta name=\"twitter:card\" content=\"summary_large_image\" \/>\n<meta name=\"twitter:label1\" content=\"Tempo estimado de leitura\" \/>\n\t<meta name=\"twitter:data1\" content=\"1 minuto\" \/>\n<script type=\"application\/ld+json\" class=\"yoast-schema-graph\">{\"@context\":\"https:\\\/\\\/schema.org\",\"@graph\":[{\"@type\":\"WebPage\",\"@id\":\"https:\\\/\\\/lovme.pt\\\/index.php\\\/produto\\\/diablo-picante-canudo-dourado-em-formato-de-penis\\\/\",\"url\":\"https:\\\/\\\/lovme.pt\\\/index.php\\\/produto\\\/diablo-picante-canudo-dourado-em-formato-de-penis\\\/\",\"name\":\"DIABLO PICANTE - CANUDO DOURADO EM FORMATO DE P\u00caNIS - Lovme\",\"isPartOf\":{\"@id\":\"https:\\\/\\\/lovme.pt\\\/#website\"},\"primaryImageOfPage\":{\"@id\":\"https:\\\/\\\/lovme.pt\\\/index.php\\\/produto\\\/diablo-picante-canudo-dourado-em-formato-de-penis\\\/#primaryimage\"},\"image\":{\"@id\":\"https:\\\/\\\/lovme.pt\\\/index.php\\\/produto\\\/diablo-picante-canudo-dourado-em-formato-de-penis\\\/#primaryimage\"},\"thumbnailUrl\":\"https:\\\/\\\/erki24nd3ub.exactdn.com\\\/wp-content\\\/uploads\\\/dream\\\/img\\\/img_196778_561d5c9e20a947b9346a2a34aa712789_1.jpg?strip=all\",\"datePublished\":\"2025-09-30T22:28:40+00:00\",\"dateModified\":\"2026-02-19T20:12:31+00:00\",\"breadcrumb\":{\"@id\":\"https:\\\/\\\/lovme.pt\\\/index.php\\\/produto\\\/diablo-picante-canudo-dourado-em-formato-de-penis\\\/#breadcrumb\"},\"inLanguage\":\"pt-PT\",\"potentialAction\":[{\"@type\":\"ReadAction\",\"target\":[\"https:\\\/\\\/lovme.pt\\\/index.php\\\/produto\\\/diablo-picante-canudo-dourado-em-formato-de-penis\\\/\"]}]},{\"@type\":\"ImageObject\",\"inLanguage\":\"pt-PT\",\"@id\":\"https:\\\/\\\/lovme.pt\\\/index.php\\\/produto\\\/diablo-picante-canudo-dourado-em-formato-de-penis\\\/#primaryimage\",\"url\":\"https:\\\/\\\/erki24nd3ub.exactdn.com\\\/wp-content\\\/uploads\\\/dream\\\/img\\\/img_196778_561d5c9e20a947b9346a2a34aa712789_1.jpg?strip=all\",\"contentUrl\":\"https:\\\/\\\/erki24nd3ub.exactdn.com\\\/wp-content\\\/uploads\\\/dream\\\/img\\\/img_196778_561d5c9e20a947b9346a2a34aa712789_1.jpg?strip=all\",\"width\":800,\"height\":800},{\"@type\":\"BreadcrumbList\",\"@id\":\"https:\\\/\\\/lovme.pt\\\/index.php\\\/produto\\\/diablo-picante-canudo-dourado-em-formato-de-penis\\\/#breadcrumb\",\"itemListElement\":[{\"@type\":\"ListItem\",\"position\":1,\"name\":\"In\u00edcio\",\"item\":\"https:\\\/\\\/lovme.pt\\\/\"},{\"@type\":\"ListItem\",\"position\":2,\"name\":\"Loja\",\"item\":\"https:\\\/\\\/lovme.pt\\\/index.php\\\/loja\\\/\"},{\"@type\":\"ListItem\",\"position\":3,\"name\":\"DIABLO PICANTE &#8211; CANUDO DOURADO EM FORMATO DE P\u00caNIS\"}]},{\"@type\":\"WebSite\",\"@id\":\"https:\\\/\\\/lovme.pt\\\/#website\",\"url\":\"https:\\\/\\\/lovme.pt\\\/\",\"name\":\"Lovme Loja Er\u00f3tica N\u00ba1 em Portugal\",\"description\":\"A melhor loja er\u00f3tica de Portugal.\",\"alternateName\":\"Loja Er\u00f3tica Lovme\",\"potentialAction\":[{\"@type\":\"SearchAction\",\"target\":{\"@type\":\"EntryPoint\",\"urlTemplate\":\"https:\\\/\\\/lovme.pt\\\/?s={search_term_string}\"},\"query-input\":{\"@type\":\"PropertyValueSpecification\",\"valueRequired\":true,\"valueName\":\"search_term_string\"}}],\"inLanguage\":\"pt-PT\"}]}<\/script>\n<!-- \/ Yoast SEO plugin. -->","yoast_head_json":{"title":"DIABLO PICANTE - CANUDO DOURADO EM FORMATO DE P\u00caNIS - Lovme","robots":{"index":"index","follow":"follow","max-snippet":"max-snippet:-1","max-image-preview":"max-image-preview:large","max-video-preview":"max-video-preview:-1"},"canonical":"https:\/\/lovme.pt\/index.php\/produto\/diablo-picante-canudo-dourado-em-formato-de-penis\/","og_locale":"pt_PT","og_type":"article","og_title":"DIABLO PICANTE - CANUDO DOURADO EM FORMATO DE P\u00caNIS - Lovme","og_description":"DIABLO PICANTE - CANUDO DOURADO EM FORMATO DE P\u00caNIS","og_url":"https:\/\/lovme.pt\/index.php\/produto\/diablo-picante-canudo-dourado-em-formato-de-penis\/","og_site_name":"Lovme","article_modified_time":"2026-02-19T20:12:31+00:00","og_image":[{"width":800,"height":800,"url":"https:\/\/erki24nd3ub.exactdn.com\/wp-content\/uploads\/dream\/img\/img_196778_561d5c9e20a947b9346a2a34aa712789_1.jpg?strip=all","type":"image\/jpeg"}],"twitter_card":"summary_large_image","twitter_misc":{"Tempo estimado de leitura":"1 minuto"},"schema":{"@context":"https:\/\/schema.org","@graph":[{"@type":"WebPage","@id":"https:\/\/lovme.pt\/index.php\/produto\/diablo-picante-canudo-dourado-em-formato-de-penis\/","url":"https:\/\/lovme.pt\/index.php\/produto\/diablo-picante-canudo-dourado-em-formato-de-penis\/","name":"DIABLO PICANTE - CANUDO DOURADO EM FORMATO DE P\u00caNIS - Lovme","isPartOf":{"@id":"https:\/\/lovme.pt\/#website"},"primaryImageOfPage":{"@id":"https:\/\/lovme.pt\/index.php\/produto\/diablo-picante-canudo-dourado-em-formato-de-penis\/#primaryimage"},"image":{"@id":"https:\/\/lovme.pt\/index.php\/produto\/diablo-picante-canudo-dourado-em-formato-de-penis\/#primaryimage"},"thumbnailUrl":"https:\/\/erki24nd3ub.exactdn.com\/wp-content\/uploads\/dream\/img\/img_196778_561d5c9e20a947b9346a2a34aa712789_1.jpg?strip=all","datePublished":"2025-09-30T22:28:40+00:00","dateModified":"2026-02-19T20:12:31+00:00","breadcrumb":{"@id":"https:\/\/lovme.pt\/index.php\/produto\/diablo-picante-canudo-dourado-em-formato-de-penis\/#breadcrumb"},"inLanguage":"pt-PT","potentialAction":[{"@type":"ReadAction","target":["https:\/\/lovme.pt\/index.php\/produto\/diablo-picante-canudo-dourado-em-formato-de-penis\/"]}]},{"@type":"ImageObject","inLanguage":"pt-PT","@id":"https:\/\/lovme.pt\/index.php\/produto\/diablo-picante-canudo-dourado-em-formato-de-penis\/#primaryimage","url":"https:\/\/erki24nd3ub.exactdn.com\/wp-content\/uploads\/dream\/img\/img_196778_561d5c9e20a947b9346a2a34aa712789_1.jpg?strip=all","contentUrl":"https:\/\/erki24nd3ub.exactdn.com\/wp-content\/uploads\/dream\/img\/img_196778_561d5c9e20a947b9346a2a34aa712789_1.jpg?strip=all","width":800,"height":800},{"@type":"BreadcrumbList","@id":"https:\/\/lovme.pt\/index.php\/produto\/diablo-picante-canudo-dourado-em-formato-de-penis\/#breadcrumb","itemListElement":[{"@type":"ListItem","position":1,"name":"In\u00edcio","item":"https:\/\/lovme.pt\/"},{"@type":"ListItem","position":2,"name":"Loja","item":"https:\/\/lovme.pt\/index.php\/loja\/"},{"@type":"ListItem","position":3,"name":"DIABLO PICANTE &#8211; CANUDO DOURADO EM FORMATO DE P\u00caNIS"}]},{"@type":"WebSite","@id":"https:\/\/lovme.pt\/#website","url":"https:\/\/lovme.pt\/","name":"Lovme Loja Er\u00f3tica N\u00ba1 em Portugal","description":"A melhor loja er\u00f3tica de Portugal.","alternateName":"Loja Er\u00f3tica Lovme","potentialAction":[{"@type":"SearchAction","target":{"@type":"EntryPoint","urlTemplate":"https:\/\/lovme.pt\/?s={search_term_string}"},"query-input":{"@type":"PropertyValueSpecification","valueRequired":true,"valueName":"search_term_string"}}],"inLanguage":"pt-PT"}]}},"_links":{"self":[{"href":"https:\/\/lovme.pt\/index.php\/wp-json\/wp\/v2\/product\/51140","targetHints":{"allow":["GET"]}}],"collection":[{"href":"https:\/\/lovme.pt\/index.php\/wp-json\/wp\/v2\/product"}],"about":[{"href":"https:\/\/lovme.pt\/index.php\/wp-json\/wp\/v2\/types\/product"}],"wp:featuredmedia":[{"embeddable":true,"href":"https:\/\/lovme.pt\/index.php\/wp-json\/wp\/v2\/media\/78089"}],"wp:attachment":[{"href":"https:\/\/lovme.pt\/index.php\/wp-json\/wp\/v2\/media?parent=51140"}],"wp:term":[{"taxonomy":"product_brand","embeddable":true,"href":"https:\/\/lovme.pt\/index.php\/wp-json\/wp\/v2\/product_brand?post=51140"},{"taxonomy":"product_cat","embeddable":true,"href":"https:\/\/lovme.pt\/index.php\/wp-json\/wp\/v2\/product_cat?post=51140"},{"taxonomy":"product_tag","embeddable":true,"href":"https:\/\/lovme.pt\/index.php\/wp-json\/wp\/v2\/product_tag?post=51140"}],"curies":[{"name":"wp","href":"https:\/\/api.w.org\/{rel}","templated":true}]}}