{"id":51132,"date":"2025-09-30T22:28:37","date_gmt":"2025-09-30T22:28:37","guid":{"rendered":"https:\/\/lovme.pt\/?post_type=product&p=51132"},"modified":"2026-02-19T20:12:31","modified_gmt":"2026-02-19T20:12:31","slug":"diablo-picante-6-velas-em-forma-de-penis-de-carne","status":"publish","type":"product","link":"https:\/\/lovme.pt\/index.php\/produto\/diablo-picante-6-velas-em-forma-de-penis-de-carne\/","title":{"rendered":"DIABLO PICANTE &#8211; 6 VELAS EM FORMA DE P\u00caNIS DE CARNE"},"content":{"rendered":"<p>Torne a sua despedida de solteiro(a) ou festa tem\u00e1tica inesquec\u00edvel com este conjunto de 6 velas em formato de p\u00eanis, em um atraente tom de pele. Perfeitas para adicionar um toque picante, bem-humorado e original ao seu evento, estas velas s\u00e3o ideais para decorar, divertir e surpreender os seus convidados.<\/p>\n<p> Cada vela \u00e9 feita de cera de alta qualidade, projetada para oferecer uma chama suave e duradoura, proporcionando um ambiente acolhedor e acolhedor. Seu formato \u00fanico e cores realistas as tornam um detalhe chamativo que far\u00e1 todos rirem e comentarem sobre elas.<\/p>\n<p> Essas velas podem ser usadas para decorar mesas de doces, criar um clima divertido na festa ou como parte de jogos e atividades tem\u00e1ticas. S\u00e3o tamb\u00e9m um presente original e divertido que adiciona um toque de humor \u00e0 celebra\u00e7\u00e3o.<\/p>\n<p> D\u00ea ao seu evento um toque de divers\u00e3o e originalidade com este conjunto de velas em formato de p\u00eanis na cor da pele e fa\u00e7a da sua festa uma experi\u00eancia que todos ir\u00e3o lembrar!<\/p>\n","protected":false},"excerpt":{"rendered":"<p>DIABLO PICANTE &#8211; 6 VELAS EM FORMA DE P\u00caNIS DE CARNE<\/p>\n","protected":false},"featured_media":78081,"template":"","meta":{"_acf_changed":false},"product_brand":[],"product_cat":[69,15],"product_tag":[],"class_list":{"0":"post-51132","1":"product","2":"type-product","3":"status-publish","4":"has-post-thumbnail","6":"product_cat-jogos-eroticos","7":"product_cat-loja","8":"yith_product_brand-diverty-sexdiablo-picante","9":"yith_product_brand-diverty-sex","11":"first","12":"instock","13":"taxable","14":"shipping-taxable","15":"purchasable","16":"product-type-simple"},"acf":[],"yoast_head":"<!-- This site is optimized with the Yoast SEO plugin v27.3 - https:\/\/yoast.com\/product\/yoast-seo-wordpress\/ -->\n<title>DIABLO PICANTE - 6 VELAS EM FORMA DE P\u00caNIS DE CARNE - Lovme<\/title>\n<meta name=\"robots\" content=\"index, follow, max-snippet:-1, max-image-preview:large, max-video-preview:-1\" \/>\n<link rel=\"canonical\" href=\"https:\/\/lovme.pt\/index.php\/produto\/diablo-picante-6-velas-em-forma-de-penis-de-carne\/\" \/>\n<meta property=\"og:locale\" content=\"pt_PT\" \/>\n<meta property=\"og:type\" content=\"article\" \/>\n<meta property=\"og:title\" content=\"DIABLO PICANTE - 6 VELAS EM FORMA DE P\u00caNIS DE CARNE - Lovme\" \/>\n<meta property=\"og:description\" content=\"DIABLO PICANTE - 6 VELAS EM FORMA DE P\u00caNIS DE CARNE\" \/>\n<meta property=\"og:url\" content=\"https:\/\/lovme.pt\/index.php\/produto\/diablo-picante-6-velas-em-forma-de-penis-de-carne\/\" \/>\n<meta property=\"og:site_name\" content=\"Lovme\" \/>\n<meta property=\"article:modified_time\" content=\"2026-02-19T20:12:31+00:00\" \/>\n<meta property=\"og:image\" content=\"https:\/\/erki24nd3ub.exactdn.com\/wp-content\/uploads\/dream\/img\/img_196621_7227e54329e41570b44ced51cc668808_1.jpg?strip=all\" \/>\n\t<meta property=\"og:image:width\" content=\"800\" \/>\n\t<meta property=\"og:image:height\" content=\"800\" \/>\n\t<meta property=\"og:image:type\" content=\"image\/jpeg\" \/>\n<meta name=\"twitter:card\" content=\"summary_large_image\" \/>\n<meta name=\"twitter:label1\" content=\"Tempo estimado de leitura\" \/>\n\t<meta name=\"twitter:data1\" content=\"1 minuto\" \/>\n<script type=\"application\/ld+json\" class=\"yoast-schema-graph\">{\"@context\":\"https:\\\/\\\/schema.org\",\"@graph\":[{\"@type\":\"WebPage\",\"@id\":\"https:\\\/\\\/lovme.pt\\\/index.php\\\/produto\\\/diablo-picante-6-velas-em-forma-de-penis-de-carne\\\/\",\"url\":\"https:\\\/\\\/lovme.pt\\\/index.php\\\/produto\\\/diablo-picante-6-velas-em-forma-de-penis-de-carne\\\/\",\"name\":\"DIABLO PICANTE - 6 VELAS EM FORMA DE P\u00caNIS DE CARNE - Lovme\",\"isPartOf\":{\"@id\":\"https:\\\/\\\/lovme.pt\\\/#website\"},\"primaryImageOfPage\":{\"@id\":\"https:\\\/\\\/lovme.pt\\\/index.php\\\/produto\\\/diablo-picante-6-velas-em-forma-de-penis-de-carne\\\/#primaryimage\"},\"image\":{\"@id\":\"https:\\\/\\\/lovme.pt\\\/index.php\\\/produto\\\/diablo-picante-6-velas-em-forma-de-penis-de-carne\\\/#primaryimage\"},\"thumbnailUrl\":\"https:\\\/\\\/erki24nd3ub.exactdn.com\\\/wp-content\\\/uploads\\\/dream\\\/img\\\/img_196621_7227e54329e41570b44ced51cc668808_1.jpg?strip=all\",\"datePublished\":\"2025-09-30T22:28:37+00:00\",\"dateModified\":\"2026-02-19T20:12:31+00:00\",\"breadcrumb\":{\"@id\":\"https:\\\/\\\/lovme.pt\\\/index.php\\\/produto\\\/diablo-picante-6-velas-em-forma-de-penis-de-carne\\\/#breadcrumb\"},\"inLanguage\":\"pt-PT\",\"potentialAction\":[{\"@type\":\"ReadAction\",\"target\":[\"https:\\\/\\\/lovme.pt\\\/index.php\\\/produto\\\/diablo-picante-6-velas-em-forma-de-penis-de-carne\\\/\"]}]},{\"@type\":\"ImageObject\",\"inLanguage\":\"pt-PT\",\"@id\":\"https:\\\/\\\/lovme.pt\\\/index.php\\\/produto\\\/diablo-picante-6-velas-em-forma-de-penis-de-carne\\\/#primaryimage\",\"url\":\"https:\\\/\\\/erki24nd3ub.exactdn.com\\\/wp-content\\\/uploads\\\/dream\\\/img\\\/img_196621_7227e54329e41570b44ced51cc668808_1.jpg?strip=all\",\"contentUrl\":\"https:\\\/\\\/erki24nd3ub.exactdn.com\\\/wp-content\\\/uploads\\\/dream\\\/img\\\/img_196621_7227e54329e41570b44ced51cc668808_1.jpg?strip=all\",\"width\":800,\"height\":800},{\"@type\":\"BreadcrumbList\",\"@id\":\"https:\\\/\\\/lovme.pt\\\/index.php\\\/produto\\\/diablo-picante-6-velas-em-forma-de-penis-de-carne\\\/#breadcrumb\",\"itemListElement\":[{\"@type\":\"ListItem\",\"position\":1,\"name\":\"In\u00edcio\",\"item\":\"https:\\\/\\\/lovme.pt\\\/\"},{\"@type\":\"ListItem\",\"position\":2,\"name\":\"Loja\",\"item\":\"https:\\\/\\\/lovme.pt\\\/index.php\\\/loja\\\/\"},{\"@type\":\"ListItem\",\"position\":3,\"name\":\"DIABLO PICANTE &#8211; 6 VELAS EM FORMA DE P\u00caNIS DE CARNE\"}]},{\"@type\":\"WebSite\",\"@id\":\"https:\\\/\\\/lovme.pt\\\/#website\",\"url\":\"https:\\\/\\\/lovme.pt\\\/\",\"name\":\"Lovme Loja Er\u00f3tica N\u00ba1 em Portugal\",\"description\":\"A melhor loja er\u00f3tica de Portugal.\",\"alternateName\":\"Loja Er\u00f3tica Lovme\",\"potentialAction\":[{\"@type\":\"SearchAction\",\"target\":{\"@type\":\"EntryPoint\",\"urlTemplate\":\"https:\\\/\\\/lovme.pt\\\/?s={search_term_string}\"},\"query-input\":{\"@type\":\"PropertyValueSpecification\",\"valueRequired\":true,\"valueName\":\"search_term_string\"}}],\"inLanguage\":\"pt-PT\"}]}<\/script>\n<!-- \/ Yoast SEO plugin. -->","yoast_head_json":{"title":"DIABLO PICANTE - 6 VELAS EM FORMA DE P\u00caNIS DE CARNE - Lovme","robots":{"index":"index","follow":"follow","max-snippet":"max-snippet:-1","max-image-preview":"max-image-preview:large","max-video-preview":"max-video-preview:-1"},"canonical":"https:\/\/lovme.pt\/index.php\/produto\/diablo-picante-6-velas-em-forma-de-penis-de-carne\/","og_locale":"pt_PT","og_type":"article","og_title":"DIABLO PICANTE - 6 VELAS EM FORMA DE P\u00caNIS DE CARNE - Lovme","og_description":"DIABLO PICANTE - 6 VELAS EM FORMA DE P\u00caNIS DE CARNE","og_url":"https:\/\/lovme.pt\/index.php\/produto\/diablo-picante-6-velas-em-forma-de-penis-de-carne\/","og_site_name":"Lovme","article_modified_time":"2026-02-19T20:12:31+00:00","og_image":[{"width":800,"height":800,"url":"https:\/\/erki24nd3ub.exactdn.com\/wp-content\/uploads\/dream\/img\/img_196621_7227e54329e41570b44ced51cc668808_1.jpg?strip=all","type":"image\/jpeg"}],"twitter_card":"summary_large_image","twitter_misc":{"Tempo estimado de leitura":"1 minuto"},"schema":{"@context":"https:\/\/schema.org","@graph":[{"@type":"WebPage","@id":"https:\/\/lovme.pt\/index.php\/produto\/diablo-picante-6-velas-em-forma-de-penis-de-carne\/","url":"https:\/\/lovme.pt\/index.php\/produto\/diablo-picante-6-velas-em-forma-de-penis-de-carne\/","name":"DIABLO PICANTE - 6 VELAS EM FORMA DE P\u00caNIS DE CARNE - Lovme","isPartOf":{"@id":"https:\/\/lovme.pt\/#website"},"primaryImageOfPage":{"@id":"https:\/\/lovme.pt\/index.php\/produto\/diablo-picante-6-velas-em-forma-de-penis-de-carne\/#primaryimage"},"image":{"@id":"https:\/\/lovme.pt\/index.php\/produto\/diablo-picante-6-velas-em-forma-de-penis-de-carne\/#primaryimage"},"thumbnailUrl":"https:\/\/erki24nd3ub.exactdn.com\/wp-content\/uploads\/dream\/img\/img_196621_7227e54329e41570b44ced51cc668808_1.jpg?strip=all","datePublished":"2025-09-30T22:28:37+00:00","dateModified":"2026-02-19T20:12:31+00:00","breadcrumb":{"@id":"https:\/\/lovme.pt\/index.php\/produto\/diablo-picante-6-velas-em-forma-de-penis-de-carne\/#breadcrumb"},"inLanguage":"pt-PT","potentialAction":[{"@type":"ReadAction","target":["https:\/\/lovme.pt\/index.php\/produto\/diablo-picante-6-velas-em-forma-de-penis-de-carne\/"]}]},{"@type":"ImageObject","inLanguage":"pt-PT","@id":"https:\/\/lovme.pt\/index.php\/produto\/diablo-picante-6-velas-em-forma-de-penis-de-carne\/#primaryimage","url":"https:\/\/erki24nd3ub.exactdn.com\/wp-content\/uploads\/dream\/img\/img_196621_7227e54329e41570b44ced51cc668808_1.jpg?strip=all","contentUrl":"https:\/\/erki24nd3ub.exactdn.com\/wp-content\/uploads\/dream\/img\/img_196621_7227e54329e41570b44ced51cc668808_1.jpg?strip=all","width":800,"height":800},{"@type":"BreadcrumbList","@id":"https:\/\/lovme.pt\/index.php\/produto\/diablo-picante-6-velas-em-forma-de-penis-de-carne\/#breadcrumb","itemListElement":[{"@type":"ListItem","position":1,"name":"In\u00edcio","item":"https:\/\/lovme.pt\/"},{"@type":"ListItem","position":2,"name":"Loja","item":"https:\/\/lovme.pt\/index.php\/loja\/"},{"@type":"ListItem","position":3,"name":"DIABLO PICANTE &#8211; 6 VELAS EM FORMA DE P\u00caNIS DE CARNE"}]},{"@type":"WebSite","@id":"https:\/\/lovme.pt\/#website","url":"https:\/\/lovme.pt\/","name":"Lovme Loja Er\u00f3tica N\u00ba1 em Portugal","description":"A melhor loja er\u00f3tica de Portugal.","alternateName":"Loja Er\u00f3tica Lovme","potentialAction":[{"@type":"SearchAction","target":{"@type":"EntryPoint","urlTemplate":"https:\/\/lovme.pt\/?s={search_term_string}"},"query-input":{"@type":"PropertyValueSpecification","valueRequired":true,"valueName":"search_term_string"}}],"inLanguage":"pt-PT"}]}},"_links":{"self":[{"href":"https:\/\/lovme.pt\/index.php\/wp-json\/wp\/v2\/product\/51132","targetHints":{"allow":["GET"]}}],"collection":[{"href":"https:\/\/lovme.pt\/index.php\/wp-json\/wp\/v2\/product"}],"about":[{"href":"https:\/\/lovme.pt\/index.php\/wp-json\/wp\/v2\/types\/product"}],"wp:featuredmedia":[{"embeddable":true,"href":"https:\/\/lovme.pt\/index.php\/wp-json\/wp\/v2\/media\/78081"}],"wp:attachment":[{"href":"https:\/\/lovme.pt\/index.php\/wp-json\/wp\/v2\/media?parent=51132"}],"wp:term":[{"taxonomy":"product_brand","embeddable":true,"href":"https:\/\/lovme.pt\/index.php\/wp-json\/wp\/v2\/product_brand?post=51132"},{"taxonomy":"product_cat","embeddable":true,"href":"https:\/\/lovme.pt\/index.php\/wp-json\/wp\/v2\/product_cat?post=51132"},{"taxonomy":"product_tag","embeddable":true,"href":"https:\/\/lovme.pt\/index.php\/wp-json\/wp\/v2\/product_tag?post=51132"}],"curies":[{"name":"wp","href":"https:\/\/api.w.org\/{rel}","templated":true}]}}