{"id":51123,"date":"2025-09-30T22:28:32","date_gmt":"2025-09-30T22:28:32","guid":{"rendered":"https:\/\/lovme.pt\/?post_type=product&p=51123"},"modified":"2026-02-19T20:12:31","modified_gmt":"2026-02-19T20:12:31","slug":"diablo-picante-mame-em-forma-de-penis-360-ml-vermelho","status":"publish","type":"product","link":"https:\/\/lovme.pt\/index.php\/produto\/diablo-picante-mame-em-forma-de-penis-360-ml-vermelho\/","title":{"rendered":"DIABLO PICANTE &#8211; MAME EM FORMA DE P\u00caNIS 360 ML VERMELHO"},"content":{"rendered":"<p>Adicione um toque de humor e originalidade \u00e0 sua despedida de solteiro\/solteira, festa tem\u00e1tica ou evento picante com esta mamadeira vermelha com bico de mamadeira em formato de p\u00eanis. Ideal para quebrar o gelo e fazer seus convidados rirem, esta mamadeira \u00e9 um presente divertido e \u00fanico que se tornar\u00e1 o centro das aten\u00e7\u00f5es em qualquer celebra\u00e7\u00e3o.<\/p>\n<p> Feita de materiais de qualidade, esta mamadeira \u00e9 funcional e resistente, projetada para segurar l\u00edquidos com seguran\u00e7a. A ponta em formato de p\u00eanis n\u00e3o \u00e9 apenas um detalhe l\u00fadico e provocativo, mas tamb\u00e9m d\u00e1 um toque divertido \u00e0 ideia tradicional de mamadeira.<\/p>\n<p> Este acess\u00f3rio \u00e9 perfeito para uso em jogos de festa, como parte da decora\u00e7\u00e3o da mesa de bebidas ou simplesmente como um presente que surpreender\u00e1 e divertir\u00e1 a todos. Torne seu evento inesquec\u00edvel com esta mamadeira com bico de mamadeira vermelha em formato de p\u00eanis e prepare-se para uma noite cheia de risadas e divers\u00e3o!<\/p>\n","protected":false},"excerpt":{"rendered":"<p>DIABLO PICANTE &#8211; MAME EM FORMA DE P\u00caNIS 360 ML VERMELHO<\/p>\n","protected":false},"featured_media":78074,"template":"","meta":{"_acf_changed":false},"product_brand":[],"product_cat":[69,15],"product_tag":[],"class_list":{"0":"post-51123","1":"product","2":"type-product","3":"status-publish","4":"has-post-thumbnail","6":"product_cat-jogos-eroticos","7":"product_cat-loja","8":"yith_product_brand-diverty-sexdiablo-picante","9":"yith_product_brand-diverty-sex","11":"first","12":"instock","13":"taxable","14":"shipping-taxable","15":"purchasable","16":"product-type-simple"},"acf":[],"yoast_head":"<!-- This site is optimized with the Yoast SEO plugin v27.3 - https:\/\/yoast.com\/product\/yoast-seo-wordpress\/ -->\n<title>DIABLO PICANTE - MAME EM FORMA DE P\u00caNIS 360 ML VERMELHO - Lovme<\/title>\n<meta name=\"robots\" content=\"index, follow, max-snippet:-1, max-image-preview:large, max-video-preview:-1\" \/>\n<link rel=\"canonical\" href=\"https:\/\/lovme.pt\/index.php\/produto\/diablo-picante-mame-em-forma-de-penis-360-ml-vermelho\/\" \/>\n<meta property=\"og:locale\" content=\"pt_PT\" \/>\n<meta property=\"og:type\" content=\"article\" \/>\n<meta property=\"og:title\" content=\"DIABLO PICANTE - MAME EM FORMA DE P\u00caNIS 360 ML VERMELHO - Lovme\" \/>\n<meta property=\"og:description\" content=\"DIABLO PICANTE - MAME EM FORMA DE P\u00caNIS 360 ML VERMELHO\" \/>\n<meta property=\"og:url\" content=\"https:\/\/lovme.pt\/index.php\/produto\/diablo-picante-mame-em-forma-de-penis-360-ml-vermelho\/\" \/>\n<meta property=\"og:site_name\" content=\"Lovme\" \/>\n<meta property=\"article:modified_time\" content=\"2026-02-19T20:12:31+00:00\" \/>\n<meta property=\"og:image\" content=\"https:\/\/erki24nd3ub.exactdn.com\/wp-content\/uploads\/dream\/img\/img_196761_479a5a002da6a30f16a900f4f237db1d_1.jpg?strip=all\" \/>\n\t<meta property=\"og:image:width\" content=\"800\" \/>\n\t<meta property=\"og:image:height\" content=\"800\" \/>\n\t<meta property=\"og:image:type\" content=\"image\/jpeg\" \/>\n<meta name=\"twitter:card\" content=\"summary_large_image\" \/>\n<meta name=\"twitter:label1\" content=\"Tempo estimado de leitura\" \/>\n\t<meta name=\"twitter:data1\" content=\"1 minuto\" \/>\n<script type=\"application\/ld+json\" class=\"yoast-schema-graph\">{\"@context\":\"https:\\\/\\\/schema.org\",\"@graph\":[{\"@type\":\"WebPage\",\"@id\":\"https:\\\/\\\/lovme.pt\\\/index.php\\\/produto\\\/diablo-picante-mame-em-forma-de-penis-360-ml-vermelho\\\/\",\"url\":\"https:\\\/\\\/lovme.pt\\\/index.php\\\/produto\\\/diablo-picante-mame-em-forma-de-penis-360-ml-vermelho\\\/\",\"name\":\"DIABLO PICANTE - MAME EM FORMA DE P\u00caNIS 360 ML VERMELHO - Lovme\",\"isPartOf\":{\"@id\":\"https:\\\/\\\/lovme.pt\\\/#website\"},\"primaryImageOfPage\":{\"@id\":\"https:\\\/\\\/lovme.pt\\\/index.php\\\/produto\\\/diablo-picante-mame-em-forma-de-penis-360-ml-vermelho\\\/#primaryimage\"},\"image\":{\"@id\":\"https:\\\/\\\/lovme.pt\\\/index.php\\\/produto\\\/diablo-picante-mame-em-forma-de-penis-360-ml-vermelho\\\/#primaryimage\"},\"thumbnailUrl\":\"https:\\\/\\\/erki24nd3ub.exactdn.com\\\/wp-content\\\/uploads\\\/dream\\\/img\\\/img_196761_479a5a002da6a30f16a900f4f237db1d_1.jpg?strip=all\",\"datePublished\":\"2025-09-30T22:28:32+00:00\",\"dateModified\":\"2026-02-19T20:12:31+00:00\",\"breadcrumb\":{\"@id\":\"https:\\\/\\\/lovme.pt\\\/index.php\\\/produto\\\/diablo-picante-mame-em-forma-de-penis-360-ml-vermelho\\\/#breadcrumb\"},\"inLanguage\":\"pt-PT\",\"potentialAction\":[{\"@type\":\"ReadAction\",\"target\":[\"https:\\\/\\\/lovme.pt\\\/index.php\\\/produto\\\/diablo-picante-mame-em-forma-de-penis-360-ml-vermelho\\\/\"]}]},{\"@type\":\"ImageObject\",\"inLanguage\":\"pt-PT\",\"@id\":\"https:\\\/\\\/lovme.pt\\\/index.php\\\/produto\\\/diablo-picante-mame-em-forma-de-penis-360-ml-vermelho\\\/#primaryimage\",\"url\":\"https:\\\/\\\/erki24nd3ub.exactdn.com\\\/wp-content\\\/uploads\\\/dream\\\/img\\\/img_196761_479a5a002da6a30f16a900f4f237db1d_1.jpg?strip=all\",\"contentUrl\":\"https:\\\/\\\/erki24nd3ub.exactdn.com\\\/wp-content\\\/uploads\\\/dream\\\/img\\\/img_196761_479a5a002da6a30f16a900f4f237db1d_1.jpg?strip=all\",\"width\":800,\"height\":800},{\"@type\":\"BreadcrumbList\",\"@id\":\"https:\\\/\\\/lovme.pt\\\/index.php\\\/produto\\\/diablo-picante-mame-em-forma-de-penis-360-ml-vermelho\\\/#breadcrumb\",\"itemListElement\":[{\"@type\":\"ListItem\",\"position\":1,\"name\":\"In\u00edcio\",\"item\":\"https:\\\/\\\/lovme.pt\\\/\"},{\"@type\":\"ListItem\",\"position\":2,\"name\":\"Loja\",\"item\":\"https:\\\/\\\/lovme.pt\\\/index.php\\\/loja\\\/\"},{\"@type\":\"ListItem\",\"position\":3,\"name\":\"DIABLO PICANTE &#8211; MAME EM FORMA DE P\u00caNIS 360 ML VERMELHO\"}]},{\"@type\":\"WebSite\",\"@id\":\"https:\\\/\\\/lovme.pt\\\/#website\",\"url\":\"https:\\\/\\\/lovme.pt\\\/\",\"name\":\"Lovme Loja Er\u00f3tica N\u00ba1 em Portugal\",\"description\":\"A melhor loja er\u00f3tica de Portugal.\",\"alternateName\":\"Loja Er\u00f3tica Lovme\",\"potentialAction\":[{\"@type\":\"SearchAction\",\"target\":{\"@type\":\"EntryPoint\",\"urlTemplate\":\"https:\\\/\\\/lovme.pt\\\/?s={search_term_string}\"},\"query-input\":{\"@type\":\"PropertyValueSpecification\",\"valueRequired\":true,\"valueName\":\"search_term_string\"}}],\"inLanguage\":\"pt-PT\"}]}<\/script>\n<!-- \/ Yoast SEO plugin. -->","yoast_head_json":{"title":"DIABLO PICANTE - MAME EM FORMA DE P\u00caNIS 360 ML VERMELHO - Lovme","robots":{"index":"index","follow":"follow","max-snippet":"max-snippet:-1","max-image-preview":"max-image-preview:large","max-video-preview":"max-video-preview:-1"},"canonical":"https:\/\/lovme.pt\/index.php\/produto\/diablo-picante-mame-em-forma-de-penis-360-ml-vermelho\/","og_locale":"pt_PT","og_type":"article","og_title":"DIABLO PICANTE - MAME EM FORMA DE P\u00caNIS 360 ML VERMELHO - Lovme","og_description":"DIABLO PICANTE - MAME EM FORMA DE P\u00caNIS 360 ML VERMELHO","og_url":"https:\/\/lovme.pt\/index.php\/produto\/diablo-picante-mame-em-forma-de-penis-360-ml-vermelho\/","og_site_name":"Lovme","article_modified_time":"2026-02-19T20:12:31+00:00","og_image":[{"width":800,"height":800,"url":"https:\/\/erki24nd3ub.exactdn.com\/wp-content\/uploads\/dream\/img\/img_196761_479a5a002da6a30f16a900f4f237db1d_1.jpg?strip=all","type":"image\/jpeg"}],"twitter_card":"summary_large_image","twitter_misc":{"Tempo estimado de leitura":"1 minuto"},"schema":{"@context":"https:\/\/schema.org","@graph":[{"@type":"WebPage","@id":"https:\/\/lovme.pt\/index.php\/produto\/diablo-picante-mame-em-forma-de-penis-360-ml-vermelho\/","url":"https:\/\/lovme.pt\/index.php\/produto\/diablo-picante-mame-em-forma-de-penis-360-ml-vermelho\/","name":"DIABLO PICANTE - MAME EM FORMA DE P\u00caNIS 360 ML VERMELHO - Lovme","isPartOf":{"@id":"https:\/\/lovme.pt\/#website"},"primaryImageOfPage":{"@id":"https:\/\/lovme.pt\/index.php\/produto\/diablo-picante-mame-em-forma-de-penis-360-ml-vermelho\/#primaryimage"},"image":{"@id":"https:\/\/lovme.pt\/index.php\/produto\/diablo-picante-mame-em-forma-de-penis-360-ml-vermelho\/#primaryimage"},"thumbnailUrl":"https:\/\/erki24nd3ub.exactdn.com\/wp-content\/uploads\/dream\/img\/img_196761_479a5a002da6a30f16a900f4f237db1d_1.jpg?strip=all","datePublished":"2025-09-30T22:28:32+00:00","dateModified":"2026-02-19T20:12:31+00:00","breadcrumb":{"@id":"https:\/\/lovme.pt\/index.php\/produto\/diablo-picante-mame-em-forma-de-penis-360-ml-vermelho\/#breadcrumb"},"inLanguage":"pt-PT","potentialAction":[{"@type":"ReadAction","target":["https:\/\/lovme.pt\/index.php\/produto\/diablo-picante-mame-em-forma-de-penis-360-ml-vermelho\/"]}]},{"@type":"ImageObject","inLanguage":"pt-PT","@id":"https:\/\/lovme.pt\/index.php\/produto\/diablo-picante-mame-em-forma-de-penis-360-ml-vermelho\/#primaryimage","url":"https:\/\/erki24nd3ub.exactdn.com\/wp-content\/uploads\/dream\/img\/img_196761_479a5a002da6a30f16a900f4f237db1d_1.jpg?strip=all","contentUrl":"https:\/\/erki24nd3ub.exactdn.com\/wp-content\/uploads\/dream\/img\/img_196761_479a5a002da6a30f16a900f4f237db1d_1.jpg?strip=all","width":800,"height":800},{"@type":"BreadcrumbList","@id":"https:\/\/lovme.pt\/index.php\/produto\/diablo-picante-mame-em-forma-de-penis-360-ml-vermelho\/#breadcrumb","itemListElement":[{"@type":"ListItem","position":1,"name":"In\u00edcio","item":"https:\/\/lovme.pt\/"},{"@type":"ListItem","position":2,"name":"Loja","item":"https:\/\/lovme.pt\/index.php\/loja\/"},{"@type":"ListItem","position":3,"name":"DIABLO PICANTE &#8211; MAME EM FORMA DE P\u00caNIS 360 ML VERMELHO"}]},{"@type":"WebSite","@id":"https:\/\/lovme.pt\/#website","url":"https:\/\/lovme.pt\/","name":"Lovme Loja Er\u00f3tica N\u00ba1 em Portugal","description":"A melhor loja er\u00f3tica de Portugal.","alternateName":"Loja Er\u00f3tica Lovme","potentialAction":[{"@type":"SearchAction","target":{"@type":"EntryPoint","urlTemplate":"https:\/\/lovme.pt\/?s={search_term_string}"},"query-input":{"@type":"PropertyValueSpecification","valueRequired":true,"valueName":"search_term_string"}}],"inLanguage":"pt-PT"}]}},"_links":{"self":[{"href":"https:\/\/lovme.pt\/index.php\/wp-json\/wp\/v2\/product\/51123","targetHints":{"allow":["GET"]}}],"collection":[{"href":"https:\/\/lovme.pt\/index.php\/wp-json\/wp\/v2\/product"}],"about":[{"href":"https:\/\/lovme.pt\/index.php\/wp-json\/wp\/v2\/types\/product"}],"wp:featuredmedia":[{"embeddable":true,"href":"https:\/\/lovme.pt\/index.php\/wp-json\/wp\/v2\/media\/78074"}],"wp:attachment":[{"href":"https:\/\/lovme.pt\/index.php\/wp-json\/wp\/v2\/media?parent=51123"}],"wp:term":[{"taxonomy":"product_brand","embeddable":true,"href":"https:\/\/lovme.pt\/index.php\/wp-json\/wp\/v2\/product_brand?post=51123"},{"taxonomy":"product_cat","embeddable":true,"href":"https:\/\/lovme.pt\/index.php\/wp-json\/wp\/v2\/product_cat?post=51123"},{"taxonomy":"product_tag","embeddable":true,"href":"https:\/\/lovme.pt\/index.php\/wp-json\/wp\/v2\/product_tag?post=51123"}],"curies":[{"name":"wp","href":"https:\/\/api.w.org\/{rel}","templated":true}]}}