{"id":51108,"date":"2025-09-30T22:28:25","date_gmt":"2025-09-30T22:28:25","guid":{"rendered":"https:\/\/lovme.pt\/?post_type=product&p=51108"},"modified":"2026-02-19T20:12:30","modified_gmt":"2026-02-19T20:12:30","slug":"diablo-picante-decantador-de-vinho-em-formato-de-penis-dourado","status":"publish","type":"product","link":"https:\/\/lovme.pt\/index.php\/produto\/diablo-picante-decantador-de-vinho-em-formato-de-penis-dourado\/","title":{"rendered":"DIABLO PICANTE &#8211; DECANTADOR DE VINHO EM FORMATO DE P\u00caNIS DOURADO"},"content":{"rendered":"<p>Torne sua despedida de solteiro\/solteira ainda mais inesquec\u00edvel com este decantador de vinho em formato de p\u00eanis dourado! Este decantador elegante e divertido n\u00e3o \u00e9 apenas um acess\u00f3rio perfeito para servir vinho, mas tamb\u00e9m um objeto de conversa \u00fanico que roubar\u00e1 toda a aten\u00e7\u00e3o na sua festa. Com seu acabamento dourado brilhante, este decantador combina humor e sofistica\u00e7\u00e3o de uma forma ousada e original, trazendo um toque l\u00fadico a qualquer evento.<\/p>\n<p> Feito com materiais de alta qualidade e um design detalhado, este decantador \u00e9 ideal para quem busca algo fora do comum. Seu formato provocativo adiciona um toque ousado \u00e0 celebra\u00e7\u00e3o, enquanto seu acabamento dourado lhe d\u00e1 um ar elegante, tornando-o perfeito para uma festa tem\u00e1tica, uma despedida de solteiro\/solteira ou qualquer evento onde o humor e o bom gosto se misturam.<\/p>\n<p> Este decantador de p\u00eanis dourado n\u00e3o \u00e9 apenas funcional, mas tamb\u00e9m uma pe\u00e7a \u00fanica de decora\u00e7\u00e3o. Imagine como ele se tornar\u00e1 o centro das aten\u00e7\u00f5es enquanto voc\u00ea serve o vinho e todos os seus amigos riem do detalhe original. Al\u00e9m disso, seu design o torna o presente perfeito para seus convidados ou uma maneira divertida de adicionar um toque personalizado \u00e0 sua celebra\u00e7\u00e3o.<\/p>\n<p> Perfeito para quem quer surpreender os amigos com algo completamente diferente, este decantador ser\u00e1 o detalhe mais falado e apreciado na sua festa. Com seu toque de humor, glamour dourado e funcionalidade, ser\u00e1 uma lembran\u00e7a inesquec\u00edvel que far\u00e1 do seu evento o mais original e divertido de todos!<\/p>\n","protected":false},"excerpt":{"rendered":"<p>DIABLO PICANTE &#8211; DECANTADOR DE VINHO GOLDEN PENIS<\/p>\n","protected":false},"featured_media":78060,"template":"","meta":{"_acf_changed":false},"product_brand":[],"product_cat":[69,15],"product_tag":[],"class_list":{"0":"post-51108","1":"product","2":"type-product","3":"status-publish","4":"has-post-thumbnail","6":"product_cat-jogos-eroticos","7":"product_cat-loja","8":"yith_product_brand-diverty-sexdiablo-picante","9":"yith_product_brand-diverty-sex","11":"first","12":"instock","13":"taxable","14":"shipping-taxable","15":"purchasable","16":"product-type-simple"},"acf":[],"yoast_head":"<!-- This site is optimized with the Yoast SEO plugin v27.3 - https:\/\/yoast.com\/product\/yoast-seo-wordpress\/ -->\n<title>DIABLO PICANTE - DECANTADOR DE VINHO EM FORMATO DE P\u00caNIS DOURADO - Lovme<\/title>\n<meta name=\"robots\" content=\"index, follow, max-snippet:-1, max-image-preview:large, max-video-preview:-1\" \/>\n<link rel=\"canonical\" href=\"https:\/\/lovme.pt\/index.php\/produto\/diablo-picante-decantador-de-vinho-em-formato-de-penis-dourado\/\" \/>\n<meta property=\"og:locale\" content=\"pt_PT\" \/>\n<meta property=\"og:type\" content=\"article\" \/>\n<meta property=\"og:title\" content=\"DIABLO PICANTE - DECANTADOR DE VINHO EM FORMATO DE P\u00caNIS DOURADO - Lovme\" \/>\n<meta property=\"og:description\" content=\"DIABLO PICANTE - DECANTADOR DE VINHO GOLDEN PENIS\" \/>\n<meta property=\"og:url\" content=\"https:\/\/lovme.pt\/index.php\/produto\/diablo-picante-decantador-de-vinho-em-formato-de-penis-dourado\/\" \/>\n<meta property=\"og:site_name\" content=\"Lovme\" \/>\n<meta property=\"article:modified_time\" content=\"2026-02-19T20:12:30+00:00\" \/>\n<meta property=\"og:image\" content=\"https:\/\/erki24nd3ub.exactdn.com\/wp-content\/uploads\/dream\/img\/img_196821_bb31ab72776b43c7461ed328d9dffa0d_1.jpg?strip=all\" \/>\n\t<meta property=\"og:image:width\" content=\"800\" \/>\n\t<meta property=\"og:image:height\" content=\"800\" \/>\n\t<meta property=\"og:image:type\" content=\"image\/jpeg\" \/>\n<meta name=\"twitter:card\" content=\"summary_large_image\" \/>\n<meta name=\"twitter:label1\" content=\"Tempo estimado de leitura\" \/>\n\t<meta name=\"twitter:data1\" content=\"1 minuto\" \/>\n<script type=\"application\/ld+json\" class=\"yoast-schema-graph\">{\"@context\":\"https:\\\/\\\/schema.org\",\"@graph\":[{\"@type\":\"WebPage\",\"@id\":\"https:\\\/\\\/lovme.pt\\\/index.php\\\/produto\\\/diablo-picante-decantador-de-vinho-em-formato-de-penis-dourado\\\/\",\"url\":\"https:\\\/\\\/lovme.pt\\\/index.php\\\/produto\\\/diablo-picante-decantador-de-vinho-em-formato-de-penis-dourado\\\/\",\"name\":\"DIABLO PICANTE - DECANTADOR DE VINHO EM FORMATO DE P\u00caNIS DOURADO - Lovme\",\"isPartOf\":{\"@id\":\"https:\\\/\\\/lovme.pt\\\/#website\"},\"primaryImageOfPage\":{\"@id\":\"https:\\\/\\\/lovme.pt\\\/index.php\\\/produto\\\/diablo-picante-decantador-de-vinho-em-formato-de-penis-dourado\\\/#primaryimage\"},\"image\":{\"@id\":\"https:\\\/\\\/lovme.pt\\\/index.php\\\/produto\\\/diablo-picante-decantador-de-vinho-em-formato-de-penis-dourado\\\/#primaryimage\"},\"thumbnailUrl\":\"https:\\\/\\\/erki24nd3ub.exactdn.com\\\/wp-content\\\/uploads\\\/dream\\\/img\\\/img_196821_bb31ab72776b43c7461ed328d9dffa0d_1.jpg?strip=all\",\"datePublished\":\"2025-09-30T22:28:25+00:00\",\"dateModified\":\"2026-02-19T20:12:30+00:00\",\"breadcrumb\":{\"@id\":\"https:\\\/\\\/lovme.pt\\\/index.php\\\/produto\\\/diablo-picante-decantador-de-vinho-em-formato-de-penis-dourado\\\/#breadcrumb\"},\"inLanguage\":\"pt-PT\",\"potentialAction\":[{\"@type\":\"ReadAction\",\"target\":[\"https:\\\/\\\/lovme.pt\\\/index.php\\\/produto\\\/diablo-picante-decantador-de-vinho-em-formato-de-penis-dourado\\\/\"]}]},{\"@type\":\"ImageObject\",\"inLanguage\":\"pt-PT\",\"@id\":\"https:\\\/\\\/lovme.pt\\\/index.php\\\/produto\\\/diablo-picante-decantador-de-vinho-em-formato-de-penis-dourado\\\/#primaryimage\",\"url\":\"https:\\\/\\\/erki24nd3ub.exactdn.com\\\/wp-content\\\/uploads\\\/dream\\\/img\\\/img_196821_bb31ab72776b43c7461ed328d9dffa0d_1.jpg?strip=all\",\"contentUrl\":\"https:\\\/\\\/erki24nd3ub.exactdn.com\\\/wp-content\\\/uploads\\\/dream\\\/img\\\/img_196821_bb31ab72776b43c7461ed328d9dffa0d_1.jpg?strip=all\",\"width\":800,\"height\":800},{\"@type\":\"BreadcrumbList\",\"@id\":\"https:\\\/\\\/lovme.pt\\\/index.php\\\/produto\\\/diablo-picante-decantador-de-vinho-em-formato-de-penis-dourado\\\/#breadcrumb\",\"itemListElement\":[{\"@type\":\"ListItem\",\"position\":1,\"name\":\"In\u00edcio\",\"item\":\"https:\\\/\\\/lovme.pt\\\/\"},{\"@type\":\"ListItem\",\"position\":2,\"name\":\"Loja\",\"item\":\"https:\\\/\\\/lovme.pt\\\/index.php\\\/loja\\\/\"},{\"@type\":\"ListItem\",\"position\":3,\"name\":\"DIABLO PICANTE &#8211; DECANTADOR DE VINHO EM FORMATO DE P\u00caNIS DOURADO\"}]},{\"@type\":\"WebSite\",\"@id\":\"https:\\\/\\\/lovme.pt\\\/#website\",\"url\":\"https:\\\/\\\/lovme.pt\\\/\",\"name\":\"Lovme Loja Er\u00f3tica N\u00ba1 em Portugal\",\"description\":\"A melhor loja er\u00f3tica de Portugal.\",\"alternateName\":\"Loja Er\u00f3tica Lovme\",\"potentialAction\":[{\"@type\":\"SearchAction\",\"target\":{\"@type\":\"EntryPoint\",\"urlTemplate\":\"https:\\\/\\\/lovme.pt\\\/?s={search_term_string}\"},\"query-input\":{\"@type\":\"PropertyValueSpecification\",\"valueRequired\":true,\"valueName\":\"search_term_string\"}}],\"inLanguage\":\"pt-PT\"}]}<\/script>\n<!-- \/ Yoast SEO plugin. -->","yoast_head_json":{"title":"DIABLO PICANTE - DECANTADOR DE VINHO EM FORMATO DE P\u00caNIS DOURADO - Lovme","robots":{"index":"index","follow":"follow","max-snippet":"max-snippet:-1","max-image-preview":"max-image-preview:large","max-video-preview":"max-video-preview:-1"},"canonical":"https:\/\/lovme.pt\/index.php\/produto\/diablo-picante-decantador-de-vinho-em-formato-de-penis-dourado\/","og_locale":"pt_PT","og_type":"article","og_title":"DIABLO PICANTE - DECANTADOR DE VINHO EM FORMATO DE P\u00caNIS DOURADO - Lovme","og_description":"DIABLO PICANTE - DECANTADOR DE VINHO GOLDEN PENIS","og_url":"https:\/\/lovme.pt\/index.php\/produto\/diablo-picante-decantador-de-vinho-em-formato-de-penis-dourado\/","og_site_name":"Lovme","article_modified_time":"2026-02-19T20:12:30+00:00","og_image":[{"width":800,"height":800,"url":"https:\/\/erki24nd3ub.exactdn.com\/wp-content\/uploads\/dream\/img\/img_196821_bb31ab72776b43c7461ed328d9dffa0d_1.jpg?strip=all","type":"image\/jpeg"}],"twitter_card":"summary_large_image","twitter_misc":{"Tempo estimado de leitura":"1 minuto"},"schema":{"@context":"https:\/\/schema.org","@graph":[{"@type":"WebPage","@id":"https:\/\/lovme.pt\/index.php\/produto\/diablo-picante-decantador-de-vinho-em-formato-de-penis-dourado\/","url":"https:\/\/lovme.pt\/index.php\/produto\/diablo-picante-decantador-de-vinho-em-formato-de-penis-dourado\/","name":"DIABLO PICANTE - DECANTADOR DE VINHO EM FORMATO DE P\u00caNIS DOURADO - Lovme","isPartOf":{"@id":"https:\/\/lovme.pt\/#website"},"primaryImageOfPage":{"@id":"https:\/\/lovme.pt\/index.php\/produto\/diablo-picante-decantador-de-vinho-em-formato-de-penis-dourado\/#primaryimage"},"image":{"@id":"https:\/\/lovme.pt\/index.php\/produto\/diablo-picante-decantador-de-vinho-em-formato-de-penis-dourado\/#primaryimage"},"thumbnailUrl":"https:\/\/erki24nd3ub.exactdn.com\/wp-content\/uploads\/dream\/img\/img_196821_bb31ab72776b43c7461ed328d9dffa0d_1.jpg?strip=all","datePublished":"2025-09-30T22:28:25+00:00","dateModified":"2026-02-19T20:12:30+00:00","breadcrumb":{"@id":"https:\/\/lovme.pt\/index.php\/produto\/diablo-picante-decantador-de-vinho-em-formato-de-penis-dourado\/#breadcrumb"},"inLanguage":"pt-PT","potentialAction":[{"@type":"ReadAction","target":["https:\/\/lovme.pt\/index.php\/produto\/diablo-picante-decantador-de-vinho-em-formato-de-penis-dourado\/"]}]},{"@type":"ImageObject","inLanguage":"pt-PT","@id":"https:\/\/lovme.pt\/index.php\/produto\/diablo-picante-decantador-de-vinho-em-formato-de-penis-dourado\/#primaryimage","url":"https:\/\/erki24nd3ub.exactdn.com\/wp-content\/uploads\/dream\/img\/img_196821_bb31ab72776b43c7461ed328d9dffa0d_1.jpg?strip=all","contentUrl":"https:\/\/erki24nd3ub.exactdn.com\/wp-content\/uploads\/dream\/img\/img_196821_bb31ab72776b43c7461ed328d9dffa0d_1.jpg?strip=all","width":800,"height":800},{"@type":"BreadcrumbList","@id":"https:\/\/lovme.pt\/index.php\/produto\/diablo-picante-decantador-de-vinho-em-formato-de-penis-dourado\/#breadcrumb","itemListElement":[{"@type":"ListItem","position":1,"name":"In\u00edcio","item":"https:\/\/lovme.pt\/"},{"@type":"ListItem","position":2,"name":"Loja","item":"https:\/\/lovme.pt\/index.php\/loja\/"},{"@type":"ListItem","position":3,"name":"DIABLO PICANTE &#8211; DECANTADOR DE VINHO EM FORMATO DE P\u00caNIS DOURADO"}]},{"@type":"WebSite","@id":"https:\/\/lovme.pt\/#website","url":"https:\/\/lovme.pt\/","name":"Lovme Loja Er\u00f3tica N\u00ba1 em Portugal","description":"A melhor loja er\u00f3tica de Portugal.","alternateName":"Loja Er\u00f3tica Lovme","potentialAction":[{"@type":"SearchAction","target":{"@type":"EntryPoint","urlTemplate":"https:\/\/lovme.pt\/?s={search_term_string}"},"query-input":{"@type":"PropertyValueSpecification","valueRequired":true,"valueName":"search_term_string"}}],"inLanguage":"pt-PT"}]}},"_links":{"self":[{"href":"https:\/\/lovme.pt\/index.php\/wp-json\/wp\/v2\/product\/51108","targetHints":{"allow":["GET"]}}],"collection":[{"href":"https:\/\/lovme.pt\/index.php\/wp-json\/wp\/v2\/product"}],"about":[{"href":"https:\/\/lovme.pt\/index.php\/wp-json\/wp\/v2\/types\/product"}],"wp:featuredmedia":[{"embeddable":true,"href":"https:\/\/lovme.pt\/index.php\/wp-json\/wp\/v2\/media\/78060"}],"wp:attachment":[{"href":"https:\/\/lovme.pt\/index.php\/wp-json\/wp\/v2\/media?parent=51108"}],"wp:term":[{"taxonomy":"product_brand","embeddable":true,"href":"https:\/\/lovme.pt\/index.php\/wp-json\/wp\/v2\/product_brand?post=51108"},{"taxonomy":"product_cat","embeddable":true,"href":"https:\/\/lovme.pt\/index.php\/wp-json\/wp\/v2\/product_cat?post=51108"},{"taxonomy":"product_tag","embeddable":true,"href":"https:\/\/lovme.pt\/index.php\/wp-json\/wp\/v2\/product_tag?post=51108"}],"curies":[{"name":"wp","href":"https:\/\/api.w.org\/{rel}","templated":true}]}}