{"id":51100,"date":"2025-09-30T22:28:21","date_gmt":"2025-09-30T22:28:21","guid":{"rendered":"https:\/\/lovme.pt\/?post_type=product&p=51100"},"modified":"2026-02-19T20:12:30","modified_gmt":"2026-02-19T20:12:30","slug":"diablo-picante-12-doces-joy-em-forma-de-penis-morango-cereja","status":"publish","type":"product","link":"https:\/\/lovme.pt\/index.php\/produto\/diablo-picante-12-doces-joy-em-forma-de-penis-morango-cereja\/","title":{"rendered":"DIABLO PICANTE &#8211; 12 DOCES JOY EM FORMA DE P\u00caNIS MORANGO\/CEREJA"},"content":{"rendered":"<p>Adicione um toque divertido e doce \u00e0 sua festa com esses doces de alegria em formato de p\u00eanis, com um delicioso sabor de morango e cereja. Perfeitos para despedidas de solteiro\/solteira e celebra\u00e7\u00f5es safadas, esses doces n\u00e3o s\u00e3o apenas um deleite irresist\u00edvel, mas tamb\u00e9m um detalhe picante que traz sorrisos e risadas aos seus convidados.<\/p>\n<p> Cada doce \u00e9 projetado com um formato \u00fanico e l\u00fadico que os torna o assunto de conversa ideal. Seu sabor frutado e textura macia far\u00e3o com que todos queiram mais, enquanto desfrutam de um toque de humor e do\u00e7ura em cada mordida.<\/p>\n<p> Apresentados em embalagens atraentes, esses doces s\u00e3o perfeitos para presentear, decorar mesas de sobremesas, inclusive em jogos ou simplesmente curtir com os amigos. Adoce sua festa e torne a comemora\u00e7\u00e3o memor\u00e1vel com esses doces de amor que combinam sabor e divers\u00e3o em uma s\u00f3 mordida!<\/p>\n","protected":false},"excerpt":{"rendered":"<p>DIABLO PICANTE &#8211; 12 DOCES JOY EM FORMA DE P\u00caNIS MORANGO\/CEREJA<\/p>\n","protected":false},"featured_media":78052,"template":"","meta":{"_acf_changed":false},"product_brand":[],"product_cat":[69,15],"product_tag":[],"class_list":{"0":"post-51100","1":"product","2":"type-product","3":"status-publish","4":"has-post-thumbnail","6":"product_cat-jogos-eroticos","7":"product_cat-loja","8":"yith_product_brand-diverty-sexdiablo-picante","9":"yith_product_brand-diverty-sex","11":"first","12":"instock","13":"taxable","14":"shipping-taxable","15":"purchasable","16":"product-type-simple"},"acf":[],"yoast_head":"<!-- This site is optimized with the Yoast SEO plugin v27.3 - https:\/\/yoast.com\/product\/yoast-seo-wordpress\/ -->\n<title>DIABLO PICANTE - 12 DOCES JOY EM FORMA DE P\u00caNIS MORANGO\/CEREJA - Lovme<\/title>\n<meta name=\"robots\" content=\"index, follow, max-snippet:-1, max-image-preview:large, max-video-preview:-1\" \/>\n<link rel=\"canonical\" href=\"https:\/\/lovme.pt\/index.php\/produto\/diablo-picante-12-doces-joy-em-forma-de-penis-morango-cereja\/\" \/>\n<meta property=\"og:locale\" content=\"pt_PT\" \/>\n<meta property=\"og:type\" content=\"article\" \/>\n<meta property=\"og:title\" content=\"DIABLO PICANTE - 12 DOCES JOY EM FORMA DE P\u00caNIS MORANGO\/CEREJA - Lovme\" \/>\n<meta property=\"og:description\" content=\"DIABLO PICANTE - 12 DOCES JOY EM FORMA DE P\u00caNIS MORANGO\/CEREJA\" \/>\n<meta property=\"og:url\" content=\"https:\/\/lovme.pt\/index.php\/produto\/diablo-picante-12-doces-joy-em-forma-de-penis-morango-cereja\/\" \/>\n<meta property=\"og:site_name\" content=\"Lovme\" \/>\n<meta property=\"article:modified_time\" content=\"2026-02-19T20:12:30+00:00\" \/>\n<meta property=\"og:image\" content=\"https:\/\/erki24nd3ub.exactdn.com\/wp-content\/uploads\/dream\/img\/img_196605_bf56148e2896ae719af1c8c003b0428c_1.jpg?strip=all\" \/>\n\t<meta property=\"og:image:width\" content=\"800\" \/>\n\t<meta property=\"og:image:height\" content=\"800\" \/>\n\t<meta property=\"og:image:type\" content=\"image\/jpeg\" \/>\n<meta name=\"twitter:card\" content=\"summary_large_image\" \/>\n<meta name=\"twitter:label1\" content=\"Tempo estimado de leitura\" \/>\n\t<meta name=\"twitter:data1\" content=\"1 minuto\" \/>\n<script type=\"application\/ld+json\" class=\"yoast-schema-graph\">{\"@context\":\"https:\\\/\\\/schema.org\",\"@graph\":[{\"@type\":\"WebPage\",\"@id\":\"https:\\\/\\\/lovme.pt\\\/index.php\\\/produto\\\/diablo-picante-12-doces-joy-em-forma-de-penis-morango-cereja\\\/\",\"url\":\"https:\\\/\\\/lovme.pt\\\/index.php\\\/produto\\\/diablo-picante-12-doces-joy-em-forma-de-penis-morango-cereja\\\/\",\"name\":\"DIABLO PICANTE - 12 DOCES JOY EM FORMA DE P\u00caNIS MORANGO\\\/CEREJA - Lovme\",\"isPartOf\":{\"@id\":\"https:\\\/\\\/lovme.pt\\\/#website\"},\"primaryImageOfPage\":{\"@id\":\"https:\\\/\\\/lovme.pt\\\/index.php\\\/produto\\\/diablo-picante-12-doces-joy-em-forma-de-penis-morango-cereja\\\/#primaryimage\"},\"image\":{\"@id\":\"https:\\\/\\\/lovme.pt\\\/index.php\\\/produto\\\/diablo-picante-12-doces-joy-em-forma-de-penis-morango-cereja\\\/#primaryimage\"},\"thumbnailUrl\":\"https:\\\/\\\/erki24nd3ub.exactdn.com\\\/wp-content\\\/uploads\\\/dream\\\/img\\\/img_196605_bf56148e2896ae719af1c8c003b0428c_1.jpg?strip=all\",\"datePublished\":\"2025-09-30T22:28:21+00:00\",\"dateModified\":\"2026-02-19T20:12:30+00:00\",\"breadcrumb\":{\"@id\":\"https:\\\/\\\/lovme.pt\\\/index.php\\\/produto\\\/diablo-picante-12-doces-joy-em-forma-de-penis-morango-cereja\\\/#breadcrumb\"},\"inLanguage\":\"pt-PT\",\"potentialAction\":[{\"@type\":\"ReadAction\",\"target\":[\"https:\\\/\\\/lovme.pt\\\/index.php\\\/produto\\\/diablo-picante-12-doces-joy-em-forma-de-penis-morango-cereja\\\/\"]}]},{\"@type\":\"ImageObject\",\"inLanguage\":\"pt-PT\",\"@id\":\"https:\\\/\\\/lovme.pt\\\/index.php\\\/produto\\\/diablo-picante-12-doces-joy-em-forma-de-penis-morango-cereja\\\/#primaryimage\",\"url\":\"https:\\\/\\\/erki24nd3ub.exactdn.com\\\/wp-content\\\/uploads\\\/dream\\\/img\\\/img_196605_bf56148e2896ae719af1c8c003b0428c_1.jpg?strip=all\",\"contentUrl\":\"https:\\\/\\\/erki24nd3ub.exactdn.com\\\/wp-content\\\/uploads\\\/dream\\\/img\\\/img_196605_bf56148e2896ae719af1c8c003b0428c_1.jpg?strip=all\",\"width\":800,\"height\":800},{\"@type\":\"BreadcrumbList\",\"@id\":\"https:\\\/\\\/lovme.pt\\\/index.php\\\/produto\\\/diablo-picante-12-doces-joy-em-forma-de-penis-morango-cereja\\\/#breadcrumb\",\"itemListElement\":[{\"@type\":\"ListItem\",\"position\":1,\"name\":\"In\u00edcio\",\"item\":\"https:\\\/\\\/lovme.pt\\\/\"},{\"@type\":\"ListItem\",\"position\":2,\"name\":\"Loja\",\"item\":\"https:\\\/\\\/lovme.pt\\\/index.php\\\/loja\\\/\"},{\"@type\":\"ListItem\",\"position\":3,\"name\":\"DIABLO PICANTE &#8211; 12 DOCES JOY EM FORMA DE P\u00caNIS MORANGO\\\/CEREJA\"}]},{\"@type\":\"WebSite\",\"@id\":\"https:\\\/\\\/lovme.pt\\\/#website\",\"url\":\"https:\\\/\\\/lovme.pt\\\/\",\"name\":\"Lovme Loja Er\u00f3tica N\u00ba1 em Portugal\",\"description\":\"A melhor loja er\u00f3tica de Portugal.\",\"alternateName\":\"Loja Er\u00f3tica Lovme\",\"potentialAction\":[{\"@type\":\"SearchAction\",\"target\":{\"@type\":\"EntryPoint\",\"urlTemplate\":\"https:\\\/\\\/lovme.pt\\\/?s={search_term_string}\"},\"query-input\":{\"@type\":\"PropertyValueSpecification\",\"valueRequired\":true,\"valueName\":\"search_term_string\"}}],\"inLanguage\":\"pt-PT\"}]}<\/script>\n<!-- \/ Yoast SEO plugin. -->","yoast_head_json":{"title":"DIABLO PICANTE - 12 DOCES JOY EM FORMA DE P\u00caNIS MORANGO\/CEREJA - Lovme","robots":{"index":"index","follow":"follow","max-snippet":"max-snippet:-1","max-image-preview":"max-image-preview:large","max-video-preview":"max-video-preview:-1"},"canonical":"https:\/\/lovme.pt\/index.php\/produto\/diablo-picante-12-doces-joy-em-forma-de-penis-morango-cereja\/","og_locale":"pt_PT","og_type":"article","og_title":"DIABLO PICANTE - 12 DOCES JOY EM FORMA DE P\u00caNIS MORANGO\/CEREJA - Lovme","og_description":"DIABLO PICANTE - 12 DOCES JOY EM FORMA DE P\u00caNIS MORANGO\/CEREJA","og_url":"https:\/\/lovme.pt\/index.php\/produto\/diablo-picante-12-doces-joy-em-forma-de-penis-morango-cereja\/","og_site_name":"Lovme","article_modified_time":"2026-02-19T20:12:30+00:00","og_image":[{"width":800,"height":800,"url":"https:\/\/erki24nd3ub.exactdn.com\/wp-content\/uploads\/dream\/img\/img_196605_bf56148e2896ae719af1c8c003b0428c_1.jpg?strip=all","type":"image\/jpeg"}],"twitter_card":"summary_large_image","twitter_misc":{"Tempo estimado de leitura":"1 minuto"},"schema":{"@context":"https:\/\/schema.org","@graph":[{"@type":"WebPage","@id":"https:\/\/lovme.pt\/index.php\/produto\/diablo-picante-12-doces-joy-em-forma-de-penis-morango-cereja\/","url":"https:\/\/lovme.pt\/index.php\/produto\/diablo-picante-12-doces-joy-em-forma-de-penis-morango-cereja\/","name":"DIABLO PICANTE - 12 DOCES JOY EM FORMA DE P\u00caNIS MORANGO\/CEREJA - Lovme","isPartOf":{"@id":"https:\/\/lovme.pt\/#website"},"primaryImageOfPage":{"@id":"https:\/\/lovme.pt\/index.php\/produto\/diablo-picante-12-doces-joy-em-forma-de-penis-morango-cereja\/#primaryimage"},"image":{"@id":"https:\/\/lovme.pt\/index.php\/produto\/diablo-picante-12-doces-joy-em-forma-de-penis-morango-cereja\/#primaryimage"},"thumbnailUrl":"https:\/\/erki24nd3ub.exactdn.com\/wp-content\/uploads\/dream\/img\/img_196605_bf56148e2896ae719af1c8c003b0428c_1.jpg?strip=all","datePublished":"2025-09-30T22:28:21+00:00","dateModified":"2026-02-19T20:12:30+00:00","breadcrumb":{"@id":"https:\/\/lovme.pt\/index.php\/produto\/diablo-picante-12-doces-joy-em-forma-de-penis-morango-cereja\/#breadcrumb"},"inLanguage":"pt-PT","potentialAction":[{"@type":"ReadAction","target":["https:\/\/lovme.pt\/index.php\/produto\/diablo-picante-12-doces-joy-em-forma-de-penis-morango-cereja\/"]}]},{"@type":"ImageObject","inLanguage":"pt-PT","@id":"https:\/\/lovme.pt\/index.php\/produto\/diablo-picante-12-doces-joy-em-forma-de-penis-morango-cereja\/#primaryimage","url":"https:\/\/erki24nd3ub.exactdn.com\/wp-content\/uploads\/dream\/img\/img_196605_bf56148e2896ae719af1c8c003b0428c_1.jpg?strip=all","contentUrl":"https:\/\/erki24nd3ub.exactdn.com\/wp-content\/uploads\/dream\/img\/img_196605_bf56148e2896ae719af1c8c003b0428c_1.jpg?strip=all","width":800,"height":800},{"@type":"BreadcrumbList","@id":"https:\/\/lovme.pt\/index.php\/produto\/diablo-picante-12-doces-joy-em-forma-de-penis-morango-cereja\/#breadcrumb","itemListElement":[{"@type":"ListItem","position":1,"name":"In\u00edcio","item":"https:\/\/lovme.pt\/"},{"@type":"ListItem","position":2,"name":"Loja","item":"https:\/\/lovme.pt\/index.php\/loja\/"},{"@type":"ListItem","position":3,"name":"DIABLO PICANTE &#8211; 12 DOCES JOY EM FORMA DE P\u00caNIS MORANGO\/CEREJA"}]},{"@type":"WebSite","@id":"https:\/\/lovme.pt\/#website","url":"https:\/\/lovme.pt\/","name":"Lovme Loja Er\u00f3tica N\u00ba1 em Portugal","description":"A melhor loja er\u00f3tica de Portugal.","alternateName":"Loja Er\u00f3tica Lovme","potentialAction":[{"@type":"SearchAction","target":{"@type":"EntryPoint","urlTemplate":"https:\/\/lovme.pt\/?s={search_term_string}"},"query-input":{"@type":"PropertyValueSpecification","valueRequired":true,"valueName":"search_term_string"}}],"inLanguage":"pt-PT"}]}},"_links":{"self":[{"href":"https:\/\/lovme.pt\/index.php\/wp-json\/wp\/v2\/product\/51100","targetHints":{"allow":["GET"]}}],"collection":[{"href":"https:\/\/lovme.pt\/index.php\/wp-json\/wp\/v2\/product"}],"about":[{"href":"https:\/\/lovme.pt\/index.php\/wp-json\/wp\/v2\/types\/product"}],"wp:featuredmedia":[{"embeddable":true,"href":"https:\/\/lovme.pt\/index.php\/wp-json\/wp\/v2\/media\/78052"}],"wp:attachment":[{"href":"https:\/\/lovme.pt\/index.php\/wp-json\/wp\/v2\/media?parent=51100"}],"wp:term":[{"taxonomy":"product_brand","embeddable":true,"href":"https:\/\/lovme.pt\/index.php\/wp-json\/wp\/v2\/product_brand?post=51100"},{"taxonomy":"product_cat","embeddable":true,"href":"https:\/\/lovme.pt\/index.php\/wp-json\/wp\/v2\/product_cat?post=51100"},{"taxonomy":"product_tag","embeddable":true,"href":"https:\/\/lovme.pt\/index.php\/wp-json\/wp\/v2\/product_tag?post=51100"}],"curies":[{"name":"wp","href":"https:\/\/api.w.org\/{rel}","templated":true}]}}