{"id":51069,"date":"2025-10-01T01:07:22","date_gmt":"2025-10-01T01:07:22","guid":{"rendered":"https:\/\/lovme.pt\/?post_type=product&p=51069"},"modified":"2026-02-19T20:17:42","modified_gmt":"2026-02-19T20:17:42","slug":"chilirose-cr-4838-wildcat-conjunto-algemas-sutia-meias-tanga-leopard-xl","status":"publish","type":"product","link":"https:\/\/lovme.pt\/index.php\/produto\/chilirose-cr-4838-wildcat-conjunto-algemas-sutia-meias-tanga-leopard-xl\/","title":{"rendered":"CHILIROSE &#8211; CR 4838 WILDCAT CONJUNTO ALGEMAS + SUTI\u00c3 + MEIAS + TANGA LEOPARD XL"},"content":{"rendered":"<p><strong>CR4838<\/strong><\/p>\n<p> Um conjunto com estampa de leopardo feroz que vai liberar o seu gato selvagem interior! \ud83d\udd25<br \/> O conjunto inclui um suti\u00e3 com al\u00e7as laterais ajust\u00e1veis, uma cinta-liga com ajustes nas costas, calcinha fio dental e meias.<br \/> Mas o verdadeiro destaque? Algemas conectadas a uma tira de pesco\u00e7o, adicionando um toque irresist\u00edvel de tempero \u00e0s suas preliminares.<br \/> Feito de material el\u00e1stico e levemente brilhante com estampa de leopardo que abra\u00e7a suas curvas e destaca suas melhores caracter\u00edsticas.<\/p>\n<p> Este conjunto \u00e9 o seu ingresso para momentos inesquec\u00edveis e tentadores!<\/p>\n<p> Tamanhos: S, M, L, XL<br \/> Material: 90% poliamida 10% elastano<\/p>\n<\/p>\n<p> A marca <strong>CHILIROSE<\/strong> foi criada em 2008 e nossa miss\u00e3o \u00e9 oferecer lingerie sensual e excitante para nossos clientes a um pre\u00e7o competitivo. Agora em 2022, depois de 14 anos, somos uma das principais empresas de lingerie ex\u00f3tica e temos uma grande cole\u00e7\u00e3o de pijamas, vestidos, robes, espartilhos, vestidos, roupas para balada e muito mais. Nosso rigoroso controle de qualidade garante a satisfa\u00e7\u00e3o total de nossos clientes e torna a venda um prazer. Tomamos cuidado especial na sele\u00e7\u00e3o de nossos materiais e m\u00e3o de obra. Oferecemos muitos novos estilos fant\u00e1sticos regularmente e esperamos surpreend\u00ea-lo positivamente todas as vezes. <\/p>\n<\/p>\n<table border=\"1\" cellpadding=\"0\" cellspacing=\"0\" width=\"832\">\n<tbody>\n<tr 1px=\"\" height=\"23\" solid=\"\" style=\"border:\">\n<td 1px=\"\" border:=\"\" class=\"xl72\" colspan=\"8\" height=\"23\" solid=\"\" style=\"text-align:\" width=\"832\"><b>GUIA DE TAMANHOS<\/b> <\/td>\n<\/tr>\n<tr 1px=\"\" height=\"23\" solid=\"\" style=\"border:\">\n<td 1px=\"\" border:=\"\" class=\"xl73\" colspan=\"2\" height=\"23\" solid=\"\" style=\"text-align:\"> <strong>TAMANHO<\/strong><\/td>\n<td 1px=\"\" border:=\"\" class=\"xl71\" solid=\"\" style=\"text-align:\" width=\"104\"> <strong>S<\/strong><\/td>\n<td 1px=\"\" border:=\"\" class=\"xl71\" solid=\"\" style=\"text-align:\" width=\"104\"> <strong>M<\/strong><\/td>\n<td 1px=\"\" border:=\"\" class=\"xl71\" solid=\"\" style=\"text-align:\" width=\"104\"> <strong>eu<\/strong><\/td>\n<td 1px=\"\" border:=\"\" class=\"xl71\" solid=\"\" style=\"text-align:\" width=\"104\"> <strong>GG<\/strong><\/td>\n<td 1px=\"\" border:=\"\" class=\"xl71\" solid=\"\" style=\"text-align:\" width=\"104\"> <strong>XXG<\/strong><\/td>\n<td 1px=\"\" border:=\"\" class=\"xl71\" solid=\"\" style=\"text-align:\" width=\"104\"> <strong>P\/M  G\/GG<\/strong> <\/td>\n<\/tr>\n<tr>\n<td 1px=\"\" border:=\"\" class=\"xl74\" colspan=\"2\" height=\"23\" solid=\"\" style=\"text-align:\" width=\"208\"><strong>Busto cm<\/strong><\/td>\n<td 1px=\"\" border:=\"\" class=\"xl72\" solid=\"\" style=\"text-align:\" width=\"104\"> 85-89<\/td>\n<td 1px=\"\" border:=\"\" class=\"xl72\" solid=\"\" style=\"text-align:\" width=\"104\"> 90-94<\/td>\n<td 1px=\"\" border:=\"\" class=\"xl71\" solid=\"\" style=\"text-align:\" width=\"104\"> 95-99<\/td>\n<td 1px=\"\" border:=\"\" class=\"xl71\" solid=\"\" style=\"text-align:\" width=\"104\"> 100-104<\/td>\n<td 1px=\"\" border:=\"\" class=\"xl71\" solid=\"\" style=\"text-align:\" width=\"104\"> 105-109<\/td>\n<td 1px=\"\" border:=\"\" class=\"xl71\" solid=\"\" style=\"text-align:\" width=\"104\"> 85-94  95-104 <\/td>\n<\/tr>\n<tr>\n<td 1px=\"\" border:=\"\" class=\"xl74\" colspan=\"2\" height=\"23\" solid=\"\" style=\"text-align:\" width=\"208\"><strong>Sob o busto cm<\/strong><\/td>\n<td 1px=\"\" border:=\"\" class=\"xl72\" solid=\"\" style=\"text-align:\" width=\"104\"> <span font-family:=\"\" style=\"color:\">69-72<\/span><\/td>\n<td 1px=\"\" border:=\"\" class=\"xl72\" solid=\"\" style=\"text-align:\" width=\"104\"> <span font-family:=\"\" style=\"color:\">73-77<\/span><\/td>\n<td 1px=\"\" border:=\"\" class=\"xl71\" solid=\"\" style=\"text-align:\" width=\"104\"> <span font-family:=\"\" style=\"color:\">78-81<\/span><\/td>\n<td 1px=\"\" border:=\"\" class=\"xl71\" solid=\"\" style=\"text-align:\" width=\"104\"> <span font-family:=\"\" style=\"color:\">82-86<\/span><\/td>\n<td 1px=\"\" border:=\"\" class=\"xl71\" solid=\"\" style=\"text-align:\" width=\"104\"> <span font-family:=\"\" style=\"color:\">87-90<\/span><\/td>\n<td 1px=\"\" border:=\"\" class=\"xl71\" solid=\"\" style=\"text-align:\" width=\"104\"> <span font-family:=\"\" style=\"color:\">69-77  78-86<\/span> <\/td>\n<\/tr>\n<tr 1px=\"\" height=\"23\" solid=\"\" style=\"border:\">\n<td 1px=\"\" border:=\"\" class=\"xl74\" colspan=\"2\" height=\"23\" solid=\"\" style=\"text-align:\" width=\"208\"><strong>Cintura cm<\/strong><\/td>\n<td 1px=\"\" border:=\"\" class=\"xl72\" solid=\"\" style=\"text-align:\" width=\"104\"> 68-72<\/td>\n<td 1px=\"\" border:=\"\" class=\"xl72\" solid=\"\" style=\"text-align:\" width=\"104\"> 73-77<\/td>\n<td 1px=\"\" border:=\"\" class=\"xl71\" solid=\"\" style=\"text-align:\" width=\"104\"> 78-82<\/td>\n<td 1px=\"\" border:=\"\" class=\"xl71\" solid=\"\" style=\"text-align:\" width=\"104\"> 83-87<\/td>\n<td 1px=\"\" border:=\"\" class=\"xl71\" solid=\"\" style=\"text-align:\" width=\"104\"> 88-93<\/td>\n<td 1px=\"\" border:=\"\" class=\"xl71\" solid=\"\" style=\"text-align:\" width=\"104\"> 68-77  78-87 <\/td>\n<\/tr>\n<tr 1px=\"\" height=\"23\" solid=\"\" style=\"border:\">\n<td 1px=\"\" border:=\"\" class=\"xl74\" colspan=\"2\" height=\"23\" solid=\"\" style=\"text-align:\" width=\"208\"><strong>Quadris cm<\/strong><\/td>\n<td 1px=\"\" border:=\"\" class=\"xl72\" solid=\"\" style=\"text-align:\" width=\"104\"> 90-94<\/td>\n<td 1px=\"\" border:=\"\" class=\"xl72\" solid=\"\" style=\"text-align:\" width=\"104\"> 95-100<\/td>\n<td 1px=\"\" border:=\"\" class=\"xl71\" solid=\"\" style=\"text-align:\" width=\"104\"> 101-105<\/td>\n<td 1px=\"\" border:=\"\" class=\"xl71\" solid=\"\" style=\"text-align:\" width=\"104\"> 106-111<\/td>\n<td 1px=\"\" border:=\"\" class=\"xl71\" solid=\"\" style=\"text-align:\" width=\"104\"> 112-116<\/td>\n<td 1px=\"\" border:=\"\" class=\"xl71\" solid=\"\" style=\"text-align:\" width=\"104\"> 90-100  101-111<\/td>\n<\/tr>\n<\/tbody>\n<\/table>\n","protected":false},"excerpt":{"rendered":"<p>CHILIROSE &#8211; CR 4838 WILDCAT CONJUNTO ALGEMAS + SUTI\u00c3 + MEIAS + TANGA LEOPARD XL<\/p>\n","protected":false},"featured_media":93716,"template":"","meta":{"_acf_changed":false},"product_brand":[],"product_cat":[47,66],"product_tag":[],"class_list":{"0":"post-51069","1":"product","2":"type-product","3":"status-publish","4":"has-post-thumbnail","6":"product_cat-lingerie","7":"product_cat-lingerie-feminina","8":"yith_product_brand-chilirose","9":"yith_product_brand-chilirosechilirose-sets","11":"first","12":"instock","13":"taxable","14":"shipping-taxable","15":"purchasable","16":"product-type-simple"},"acf":[],"yoast_head":"<!-- This site is optimized with the Yoast SEO plugin v27.4 - https:\/\/yoast.com\/product\/yoast-seo-wordpress\/ -->\n<title>CHILIROSE - CR 4838 WILDCAT CONJUNTO ALGEMAS + SUTI\u00c3 + MEIAS + TANGA LEOPARD XL - Lovme<\/title>\n<meta name=\"robots\" content=\"index, follow, max-snippet:-1, max-image-preview:large, max-video-preview:-1\" \/>\n<link rel=\"canonical\" href=\"https:\/\/lovme.pt\/index.php\/produto\/chilirose-cr-4838-wildcat-conjunto-algemas-sutia-meias-tanga-leopard-xl\/\" \/>\n<meta property=\"og:locale\" content=\"pt_PT\" \/>\n<meta property=\"og:type\" content=\"article\" \/>\n<meta property=\"og:title\" content=\"CHILIROSE - CR 4838 WILDCAT CONJUNTO ALGEMAS + SUTI\u00c3 + MEIAS + TANGA LEOPARD XL - Lovme\" \/>\n<meta property=\"og:description\" content=\"CHILIROSE - CR 4838 WILDCAT CONJUNTO ALGEMAS + SUTI\u00c3 + MEIAS + TANGA LEOPARD XL\" \/>\n<meta property=\"og:url\" content=\"https:\/\/lovme.pt\/index.php\/produto\/chilirose-cr-4838-wildcat-conjunto-algemas-sutia-meias-tanga-leopard-xl\/\" \/>\n<meta property=\"og:site_name\" content=\"Lovme\" \/>\n<meta property=\"article:modified_time\" content=\"2026-02-19T20:17:42+00:00\" \/>\n<meta property=\"og:image\" content=\"https:\/\/erki24nd3ub.exactdn.com\/wp-content\/uploads\/dream\/img\/img_196384_5193746d9f4f923a62474ab79e7f23f5_1.jpg?strip=all\" \/>\n\t<meta property=\"og:image:width\" content=\"800\" \/>\n\t<meta property=\"og:image:height\" content=\"800\" \/>\n\t<meta property=\"og:image:type\" content=\"image\/jpeg\" \/>\n<meta name=\"twitter:card\" content=\"summary_large_image\" \/>\n<meta name=\"twitter:label1\" content=\"Tempo estimado de leitura\" \/>\n\t<meta name=\"twitter:data1\" content=\"1 minuto\" \/>\n<script type=\"application\/ld+json\" class=\"yoast-schema-graph\">{\"@context\":\"https:\\\/\\\/schema.org\",\"@graph\":[{\"@type\":\"WebPage\",\"@id\":\"https:\\\/\\\/lovme.pt\\\/index.php\\\/produto\\\/chilirose-cr-4838-wildcat-conjunto-algemas-sutia-meias-tanga-leopard-xl\\\/\",\"url\":\"https:\\\/\\\/lovme.pt\\\/index.php\\\/produto\\\/chilirose-cr-4838-wildcat-conjunto-algemas-sutia-meias-tanga-leopard-xl\\\/\",\"name\":\"CHILIROSE - CR 4838 WILDCAT CONJUNTO ALGEMAS + SUTI\u00c3 + MEIAS + TANGA LEOPARD XL - Lovme\",\"isPartOf\":{\"@id\":\"https:\\\/\\\/lovme.pt\\\/#website\"},\"primaryImageOfPage\":{\"@id\":\"https:\\\/\\\/lovme.pt\\\/index.php\\\/produto\\\/chilirose-cr-4838-wildcat-conjunto-algemas-sutia-meias-tanga-leopard-xl\\\/#primaryimage\"},\"image\":{\"@id\":\"https:\\\/\\\/lovme.pt\\\/index.php\\\/produto\\\/chilirose-cr-4838-wildcat-conjunto-algemas-sutia-meias-tanga-leopard-xl\\\/#primaryimage\"},\"thumbnailUrl\":\"https:\\\/\\\/erki24nd3ub.exactdn.com\\\/wp-content\\\/uploads\\\/dream\\\/img\\\/img_196384_5193746d9f4f923a62474ab79e7f23f5_1.jpg?strip=all\",\"datePublished\":\"2025-10-01T01:07:22+00:00\",\"dateModified\":\"2026-02-19T20:17:42+00:00\",\"breadcrumb\":{\"@id\":\"https:\\\/\\\/lovme.pt\\\/index.php\\\/produto\\\/chilirose-cr-4838-wildcat-conjunto-algemas-sutia-meias-tanga-leopard-xl\\\/#breadcrumb\"},\"inLanguage\":\"pt-PT\",\"potentialAction\":[{\"@type\":\"ReadAction\",\"target\":[\"https:\\\/\\\/lovme.pt\\\/index.php\\\/produto\\\/chilirose-cr-4838-wildcat-conjunto-algemas-sutia-meias-tanga-leopard-xl\\\/\"]}]},{\"@type\":\"ImageObject\",\"inLanguage\":\"pt-PT\",\"@id\":\"https:\\\/\\\/lovme.pt\\\/index.php\\\/produto\\\/chilirose-cr-4838-wildcat-conjunto-algemas-sutia-meias-tanga-leopard-xl\\\/#primaryimage\",\"url\":\"https:\\\/\\\/erki24nd3ub.exactdn.com\\\/wp-content\\\/uploads\\\/dream\\\/img\\\/img_196384_5193746d9f4f923a62474ab79e7f23f5_1.jpg?strip=all\",\"contentUrl\":\"https:\\\/\\\/erki24nd3ub.exactdn.com\\\/wp-content\\\/uploads\\\/dream\\\/img\\\/img_196384_5193746d9f4f923a62474ab79e7f23f5_1.jpg?strip=all\",\"width\":800,\"height\":800},{\"@type\":\"BreadcrumbList\",\"@id\":\"https:\\\/\\\/lovme.pt\\\/index.php\\\/produto\\\/chilirose-cr-4838-wildcat-conjunto-algemas-sutia-meias-tanga-leopard-xl\\\/#breadcrumb\",\"itemListElement\":[{\"@type\":\"ListItem\",\"position\":1,\"name\":\"In\u00edcio\",\"item\":\"https:\\\/\\\/lovme.pt\\\/\"},{\"@type\":\"ListItem\",\"position\":2,\"name\":\"Loja\",\"item\":\"https:\\\/\\\/lovme.pt\\\/index.php\\\/loja\\\/\"},{\"@type\":\"ListItem\",\"position\":3,\"name\":\"CHILIROSE &#8211; CR 4838 WILDCAT CONJUNTO ALGEMAS + SUTI\u00c3 + MEIAS + TANGA LEOPARD XL\"}]},{\"@type\":\"WebSite\",\"@id\":\"https:\\\/\\\/lovme.pt\\\/#website\",\"url\":\"https:\\\/\\\/lovme.pt\\\/\",\"name\":\"Lovme Loja Er\u00f3tica N\u00ba1 em Portugal\",\"description\":\"A melhor loja er\u00f3tica de Portugal.\",\"alternateName\":\"Loja Er\u00f3tica Lovme\",\"potentialAction\":[{\"@type\":\"SearchAction\",\"target\":{\"@type\":\"EntryPoint\",\"urlTemplate\":\"https:\\\/\\\/lovme.pt\\\/?s={search_term_string}\"},\"query-input\":{\"@type\":\"PropertyValueSpecification\",\"valueRequired\":true,\"valueName\":\"search_term_string\"}}],\"inLanguage\":\"pt-PT\"}]}<\/script>\n<!-- \/ Yoast SEO plugin. -->","yoast_head_json":{"title":"CHILIROSE - CR 4838 WILDCAT CONJUNTO ALGEMAS + SUTI\u00c3 + MEIAS + TANGA LEOPARD XL - Lovme","robots":{"index":"index","follow":"follow","max-snippet":"max-snippet:-1","max-image-preview":"max-image-preview:large","max-video-preview":"max-video-preview:-1"},"canonical":"https:\/\/lovme.pt\/index.php\/produto\/chilirose-cr-4838-wildcat-conjunto-algemas-sutia-meias-tanga-leopard-xl\/","og_locale":"pt_PT","og_type":"article","og_title":"CHILIROSE - CR 4838 WILDCAT CONJUNTO ALGEMAS + SUTI\u00c3 + MEIAS + TANGA LEOPARD XL - Lovme","og_description":"CHILIROSE - CR 4838 WILDCAT CONJUNTO ALGEMAS + SUTI\u00c3 + MEIAS + TANGA LEOPARD XL","og_url":"https:\/\/lovme.pt\/index.php\/produto\/chilirose-cr-4838-wildcat-conjunto-algemas-sutia-meias-tanga-leopard-xl\/","og_site_name":"Lovme","article_modified_time":"2026-02-19T20:17:42+00:00","og_image":[{"width":800,"height":800,"url":"https:\/\/erki24nd3ub.exactdn.com\/wp-content\/uploads\/dream\/img\/img_196384_5193746d9f4f923a62474ab79e7f23f5_1.jpg?strip=all","type":"image\/jpeg"}],"twitter_card":"summary_large_image","twitter_misc":{"Tempo estimado de leitura":"1 minuto"},"schema":{"@context":"https:\/\/schema.org","@graph":[{"@type":"WebPage","@id":"https:\/\/lovme.pt\/index.php\/produto\/chilirose-cr-4838-wildcat-conjunto-algemas-sutia-meias-tanga-leopard-xl\/","url":"https:\/\/lovme.pt\/index.php\/produto\/chilirose-cr-4838-wildcat-conjunto-algemas-sutia-meias-tanga-leopard-xl\/","name":"CHILIROSE - CR 4838 WILDCAT CONJUNTO ALGEMAS + SUTI\u00c3 + MEIAS + TANGA LEOPARD XL - Lovme","isPartOf":{"@id":"https:\/\/lovme.pt\/#website"},"primaryImageOfPage":{"@id":"https:\/\/lovme.pt\/index.php\/produto\/chilirose-cr-4838-wildcat-conjunto-algemas-sutia-meias-tanga-leopard-xl\/#primaryimage"},"image":{"@id":"https:\/\/lovme.pt\/index.php\/produto\/chilirose-cr-4838-wildcat-conjunto-algemas-sutia-meias-tanga-leopard-xl\/#primaryimage"},"thumbnailUrl":"https:\/\/erki24nd3ub.exactdn.com\/wp-content\/uploads\/dream\/img\/img_196384_5193746d9f4f923a62474ab79e7f23f5_1.jpg?strip=all","datePublished":"2025-10-01T01:07:22+00:00","dateModified":"2026-02-19T20:17:42+00:00","breadcrumb":{"@id":"https:\/\/lovme.pt\/index.php\/produto\/chilirose-cr-4838-wildcat-conjunto-algemas-sutia-meias-tanga-leopard-xl\/#breadcrumb"},"inLanguage":"pt-PT","potentialAction":[{"@type":"ReadAction","target":["https:\/\/lovme.pt\/index.php\/produto\/chilirose-cr-4838-wildcat-conjunto-algemas-sutia-meias-tanga-leopard-xl\/"]}]},{"@type":"ImageObject","inLanguage":"pt-PT","@id":"https:\/\/lovme.pt\/index.php\/produto\/chilirose-cr-4838-wildcat-conjunto-algemas-sutia-meias-tanga-leopard-xl\/#primaryimage","url":"https:\/\/erki24nd3ub.exactdn.com\/wp-content\/uploads\/dream\/img\/img_196384_5193746d9f4f923a62474ab79e7f23f5_1.jpg?strip=all","contentUrl":"https:\/\/erki24nd3ub.exactdn.com\/wp-content\/uploads\/dream\/img\/img_196384_5193746d9f4f923a62474ab79e7f23f5_1.jpg?strip=all","width":800,"height":800},{"@type":"BreadcrumbList","@id":"https:\/\/lovme.pt\/index.php\/produto\/chilirose-cr-4838-wildcat-conjunto-algemas-sutia-meias-tanga-leopard-xl\/#breadcrumb","itemListElement":[{"@type":"ListItem","position":1,"name":"In\u00edcio","item":"https:\/\/lovme.pt\/"},{"@type":"ListItem","position":2,"name":"Loja","item":"https:\/\/lovme.pt\/index.php\/loja\/"},{"@type":"ListItem","position":3,"name":"CHILIROSE &#8211; CR 4838 WILDCAT CONJUNTO ALGEMAS + SUTI\u00c3 + MEIAS + TANGA LEOPARD XL"}]},{"@type":"WebSite","@id":"https:\/\/lovme.pt\/#website","url":"https:\/\/lovme.pt\/","name":"Lovme Loja Er\u00f3tica N\u00ba1 em Portugal","description":"A melhor loja er\u00f3tica de Portugal.","alternateName":"Loja Er\u00f3tica Lovme","potentialAction":[{"@type":"SearchAction","target":{"@type":"EntryPoint","urlTemplate":"https:\/\/lovme.pt\/?s={search_term_string}"},"query-input":{"@type":"PropertyValueSpecification","valueRequired":true,"valueName":"search_term_string"}}],"inLanguage":"pt-PT"}]}},"_links":{"self":[{"href":"https:\/\/lovme.pt\/index.php\/wp-json\/wp\/v2\/product\/51069","targetHints":{"allow":["GET"]}}],"collection":[{"href":"https:\/\/lovme.pt\/index.php\/wp-json\/wp\/v2\/product"}],"about":[{"href":"https:\/\/lovme.pt\/index.php\/wp-json\/wp\/v2\/types\/product"}],"wp:featuredmedia":[{"embeddable":true,"href":"https:\/\/lovme.pt\/index.php\/wp-json\/wp\/v2\/media\/93716"}],"wp:attachment":[{"href":"https:\/\/lovme.pt\/index.php\/wp-json\/wp\/v2\/media?parent=51069"}],"wp:term":[{"taxonomy":"product_brand","embeddable":true,"href":"https:\/\/lovme.pt\/index.php\/wp-json\/wp\/v2\/product_brand?post=51069"},{"taxonomy":"product_cat","embeddable":true,"href":"https:\/\/lovme.pt\/index.php\/wp-json\/wp\/v2\/product_cat?post=51069"},{"taxonomy":"product_tag","embeddable":true,"href":"https:\/\/lovme.pt\/index.php\/wp-json\/wp\/v2\/product_tag?post=51069"}],"curies":[{"name":"wp","href":"https:\/\/api.w.org\/{rel}","templated":true}]}}