{"id":51051,"date":"2025-10-01T00:33:26","date_gmt":"2025-10-01T00:33:26","guid":{"rendered":"https:\/\/lovme.pt\/?post_type=product&p=51051"},"modified":"2026-02-19T20:15:52","modified_gmt":"2026-02-19T20:15:52","slug":"passion-tiopen-026-calca-crotchless-preta-3-4-40-den","status":"publish","type":"product","link":"https:\/\/lovme.pt\/index.php\/produto\/passion-tiopen-026-calca-crotchless-preta-3-4-40-den\/","title":{"rendered":"PASSION &#8211; TIOPEN 026 CAL\u00c7A CROTCHLESS PRETA 3\/4 40 DEN"},"content":{"rendered":"<p><b>TIOPEN 026<\/b><\/p>\n<p> Destaque-se com estas requintadas meias sem virilha da prestigiada marca <strong>PASSION<\/strong> , concebidas para real\u00e7ar a sua feminilidade com um toque ousado e elegante. Numa sedutora <strong>cor preta<\/strong> , estas meias apresentam um <strong>encantador design de la\u00e7o<\/strong> na parte de tr\u00e1s das pernas, que acrescenta um detalhe sedutor e sofisticado.<\/p>\n<p> Ideais para complementar um conjunto de lingerie ou para ser o centro das aten\u00e7\u00f5es em uma ocasi\u00e3o especial, s\u00e3o feitos com materiais de alta qualidade que oferecem um ajuste confort\u00e1vel e elegante, moldando-se perfeitamente \u00e0s suas pernas.<\/p>\n<p> O <strong>design sem virilha<\/strong> d\u00e1 um toque ousado e provocante, enquanto os la\u00e7os nas costas adicionam um ar rom\u00e2ntico e sensual. Essas meias s\u00e3o perfeitas para quem quer combinar sofistica\u00e7\u00e3o e travessura em uma \u00fanica pe\u00e7a.<\/p>\n<p> Seduza com eleg\u00e2ncia e estilo com estas meias da PASSION. Um acess\u00f3rio irresist\u00edvel que tornar\u00e1 cada momento inesquec\u00edvel!<\/p>\n<\/p>\n<p> <span style=\"line-height: 16.64px;\"><strong>Passion<\/strong> \u00e9 uma lingerie fabricada na Uni\u00e3o Europeia com rigorosos controles de qualidade, cuidando do m\u00e1ximo detalhe tanto na fabrica\u00e7\u00e3o quanto nos seus elementos decorativos, pensada para o mundo de hoje, pessoas din\u00e2micas com vontade de inovar e se sentirem sempre atualizadas.<\/span><\/p>\n<p> <span style=\"line-height: 16.64px;\"><img decoding=\"async\" alt=\"\" src=\"https:\/\/interno.dreamlove.es\/UserFiles\/images\/banderas.png\" style=\"width: 121px; height: 35px;\" \/><\/span> <\/p>\n<table border=\"1\" cellpadding=\"1\" cellspacing=\"1\" font-family:=\"\" font-size:=\"\" trebuchet=\"\" width:=\"\">\n<thead>\n<tr>\n<th scope=\"col\"> TAMANHO<\/th>\n<th scope=\"col\"> TAMANHO DAS CAL\u00c7AS<\/th>\n<th scope=\"col\"> ALTURA<\/th>\n<th scope=\"col\"> TAMANHO DA F\u00c1BRICA<\/th>\n<\/tr>\n<\/thead>\n<tbody>\n<tr>\n<td style=\"text-align: center;\"> XS<\/td>\n<td style=\"text-align: center;\"> 34\/36<\/td>\n<td style=\"text-align: center;\"> M\u00c1X. 155<\/td>\n<td style=\"text-align: center;\"> 1<\/td>\n<\/tr>\n<tr>\n<td style=\"text-align: center;\"> S<\/td>\n<td style=\"text-align: center;\"> 36\/38<\/td>\n<td style=\"text-align: center;\"> M\u00c1X. 165<\/td>\n<td style=\"text-align: center;\"> 2<\/td>\n<\/tr>\n<tr>\n<td style=\"text-align: center;\"> M<\/td>\n<td style=\"text-align: center;\"> 40\/42<\/td>\n<td style=\"text-align: center;\"> M\u00c1X. 175<\/td>\n<td style=\"text-align: center;\"> 3<\/td>\n<\/tr>\n<tr>\n<td style=\"text-align: center;\"> eu<\/td>\n<td style=\"text-align: center;\"> 44\/46<\/td>\n<td style=\"text-align: center;\"> M\u00c1X. 185<\/td>\n<td>\n<p style=\"text-align: center;\"> 4<\/p>\n<\/td>\n<\/tr>\n<\/tbody>\n<\/table>\n<p> <strong>* O que \u00e9 um NEGADOR?<\/strong><\/p>\n<p> DENIER \u00e9 a unidade de medida para a espessura do fio com o qual meias e collants s\u00e3o feitos.<\/p>\n<p> Quanto menor o n\u00famero de DENIERS 8, 10, 15, 20, etc. Mais fina e transparente \u00e9 a meia ou calcinha. Ao contr\u00e1rio, quanto maior o n\u00famero 40, 70, etc. \u00c9 mais grossa e a pele fica menos vis\u00edvel.<\/p>\n<p> Por outro lado, h\u00e1 meias-cal\u00e7as e collants de microfibra opaca, em 50 e 100 den, nas quais a pele fica pouco vis\u00edvel. Seu uso \u00e9 comum no outono-inverno.<\/p>\n<p> Meias-cal\u00e7as e collants com n\u00famero DEN baixo s\u00e3o normalmente usados para a temporada primavera-ver\u00e3o. O resto pode ser usado durante todo o ano, por exemplo para cerim\u00f4nias, j\u00e1 que a finura das meias as torna mais elegantes.<\/p>\n","protected":false},"excerpt":{"rendered":"<p>PASSION &#8211; TIOPEN 026 CAL\u00c7A CROTCHLESS PRETA 3\/4 40 DEN<\/p>\n","protected":false},"featured_media":88883,"template":"","meta":{"_acf_changed":false},"product_brand":[],"product_cat":[47,66],"product_tag":[],"class_list":{"0":"post-51051","1":"product","2":"type-product","3":"status-publish","4":"has-post-thumbnail","6":"product_cat-lingerie","7":"product_cat-lingerie-feminina","8":"yith_product_brand-passion","9":"yith_product_brand-passionpassion-woman","11":"first","12":"instock","13":"taxable","14":"shipping-taxable","15":"purchasable","16":"product-type-simple"},"acf":[],"yoast_head":"<!-- This site is optimized with the Yoast SEO plugin v27.4 - https:\/\/yoast.com\/product\/yoast-seo-wordpress\/ -->\n<title>PASSION - TIOPEN 026 CAL\u00c7A CROTCHLESS PRETA 3\/4 40 DEN - Lovme<\/title>\n<meta name=\"robots\" content=\"index, follow, max-snippet:-1, max-image-preview:large, max-video-preview:-1\" \/>\n<link rel=\"canonical\" href=\"https:\/\/lovme.pt\/index.php\/produto\/passion-tiopen-026-calca-crotchless-preta-3-4-40-den\/\" \/>\n<meta property=\"og:locale\" content=\"pt_PT\" \/>\n<meta property=\"og:type\" content=\"article\" \/>\n<meta property=\"og:title\" content=\"PASSION - TIOPEN 026 CAL\u00c7A CROTCHLESS PRETA 3\/4 40 DEN - Lovme\" \/>\n<meta property=\"og:description\" content=\"PASSION - TIOPEN 026 CAL\u00c7A CROTCHLESS PRETA 3\/4 40 DEN\" \/>\n<meta property=\"og:url\" content=\"https:\/\/lovme.pt\/index.php\/produto\/passion-tiopen-026-calca-crotchless-preta-3-4-40-den\/\" \/>\n<meta property=\"og:site_name\" content=\"Lovme\" \/>\n<meta property=\"article:modified_time\" content=\"2026-02-19T20:15:52+00:00\" \/>\n<meta property=\"og:image\" content=\"https:\/\/erki24nd3ub.exactdn.com\/wp-content\/uploads\/dream\/img\/img_196165_f54a021c3678d4ef758d297cdddb0a70_1.jpg?strip=all\" \/>\n\t<meta property=\"og:image:width\" content=\"800\" \/>\n\t<meta property=\"og:image:height\" content=\"800\" \/>\n\t<meta property=\"og:image:type\" content=\"image\/jpeg\" \/>\n<meta name=\"twitter:card\" content=\"summary_large_image\" \/>\n<meta name=\"twitter:label1\" content=\"Tempo estimado de leitura\" \/>\n\t<meta name=\"twitter:data1\" content=\"2 minutos\" \/>\n<script type=\"application\/ld+json\" class=\"yoast-schema-graph\">{\"@context\":\"https:\\\/\\\/schema.org\",\"@graph\":[{\"@type\":\"WebPage\",\"@id\":\"https:\\\/\\\/lovme.pt\\\/index.php\\\/produto\\\/passion-tiopen-026-calca-crotchless-preta-3-4-40-den\\\/\",\"url\":\"https:\\\/\\\/lovme.pt\\\/index.php\\\/produto\\\/passion-tiopen-026-calca-crotchless-preta-3-4-40-den\\\/\",\"name\":\"PASSION - TIOPEN 026 CAL\u00c7A CROTCHLESS PRETA 3\\\/4 40 DEN - Lovme\",\"isPartOf\":{\"@id\":\"https:\\\/\\\/lovme.pt\\\/#website\"},\"primaryImageOfPage\":{\"@id\":\"https:\\\/\\\/lovme.pt\\\/index.php\\\/produto\\\/passion-tiopen-026-calca-crotchless-preta-3-4-40-den\\\/#primaryimage\"},\"image\":{\"@id\":\"https:\\\/\\\/lovme.pt\\\/index.php\\\/produto\\\/passion-tiopen-026-calca-crotchless-preta-3-4-40-den\\\/#primaryimage\"},\"thumbnailUrl\":\"https:\\\/\\\/erki24nd3ub.exactdn.com\\\/wp-content\\\/uploads\\\/dream\\\/img\\\/img_196165_f54a021c3678d4ef758d297cdddb0a70_1.jpg?strip=all\",\"datePublished\":\"2025-10-01T00:33:26+00:00\",\"dateModified\":\"2026-02-19T20:15:52+00:00\",\"breadcrumb\":{\"@id\":\"https:\\\/\\\/lovme.pt\\\/index.php\\\/produto\\\/passion-tiopen-026-calca-crotchless-preta-3-4-40-den\\\/#breadcrumb\"},\"inLanguage\":\"pt-PT\",\"potentialAction\":[{\"@type\":\"ReadAction\",\"target\":[\"https:\\\/\\\/lovme.pt\\\/index.php\\\/produto\\\/passion-tiopen-026-calca-crotchless-preta-3-4-40-den\\\/\"]}]},{\"@type\":\"ImageObject\",\"inLanguage\":\"pt-PT\",\"@id\":\"https:\\\/\\\/lovme.pt\\\/index.php\\\/produto\\\/passion-tiopen-026-calca-crotchless-preta-3-4-40-den\\\/#primaryimage\",\"url\":\"https:\\\/\\\/erki24nd3ub.exactdn.com\\\/wp-content\\\/uploads\\\/dream\\\/img\\\/img_196165_f54a021c3678d4ef758d297cdddb0a70_1.jpg?strip=all\",\"contentUrl\":\"https:\\\/\\\/erki24nd3ub.exactdn.com\\\/wp-content\\\/uploads\\\/dream\\\/img\\\/img_196165_f54a021c3678d4ef758d297cdddb0a70_1.jpg?strip=all\",\"width\":800,\"height\":800},{\"@type\":\"BreadcrumbList\",\"@id\":\"https:\\\/\\\/lovme.pt\\\/index.php\\\/produto\\\/passion-tiopen-026-calca-crotchless-preta-3-4-40-den\\\/#breadcrumb\",\"itemListElement\":[{\"@type\":\"ListItem\",\"position\":1,\"name\":\"In\u00edcio\",\"item\":\"https:\\\/\\\/lovme.pt\\\/\"},{\"@type\":\"ListItem\",\"position\":2,\"name\":\"Loja\",\"item\":\"https:\\\/\\\/lovme.pt\\\/index.php\\\/loja\\\/\"},{\"@type\":\"ListItem\",\"position\":3,\"name\":\"PASSION &#8211; TIOPEN 026 CAL\u00c7A CROTCHLESS PRETA 3\\\/4 40 DEN\"}]},{\"@type\":\"WebSite\",\"@id\":\"https:\\\/\\\/lovme.pt\\\/#website\",\"url\":\"https:\\\/\\\/lovme.pt\\\/\",\"name\":\"Lovme Loja Er\u00f3tica N\u00ba1 em Portugal\",\"description\":\"A melhor loja er\u00f3tica de Portugal.\",\"alternateName\":\"Loja Er\u00f3tica Lovme\",\"potentialAction\":[{\"@type\":\"SearchAction\",\"target\":{\"@type\":\"EntryPoint\",\"urlTemplate\":\"https:\\\/\\\/lovme.pt\\\/?s={search_term_string}\"},\"query-input\":{\"@type\":\"PropertyValueSpecification\",\"valueRequired\":true,\"valueName\":\"search_term_string\"}}],\"inLanguage\":\"pt-PT\"}]}<\/script>\n<!-- \/ Yoast SEO plugin. -->","yoast_head_json":{"title":"PASSION - TIOPEN 026 CAL\u00c7A CROTCHLESS PRETA 3\/4 40 DEN - Lovme","robots":{"index":"index","follow":"follow","max-snippet":"max-snippet:-1","max-image-preview":"max-image-preview:large","max-video-preview":"max-video-preview:-1"},"canonical":"https:\/\/lovme.pt\/index.php\/produto\/passion-tiopen-026-calca-crotchless-preta-3-4-40-den\/","og_locale":"pt_PT","og_type":"article","og_title":"PASSION - TIOPEN 026 CAL\u00c7A CROTCHLESS PRETA 3\/4 40 DEN - Lovme","og_description":"PASSION - TIOPEN 026 CAL\u00c7A CROTCHLESS PRETA 3\/4 40 DEN","og_url":"https:\/\/lovme.pt\/index.php\/produto\/passion-tiopen-026-calca-crotchless-preta-3-4-40-den\/","og_site_name":"Lovme","article_modified_time":"2026-02-19T20:15:52+00:00","og_image":[{"width":800,"height":800,"url":"https:\/\/erki24nd3ub.exactdn.com\/wp-content\/uploads\/dream\/img\/img_196165_f54a021c3678d4ef758d297cdddb0a70_1.jpg?strip=all","type":"image\/jpeg"}],"twitter_card":"summary_large_image","twitter_misc":{"Tempo estimado de leitura":"2 minutos"},"schema":{"@context":"https:\/\/schema.org","@graph":[{"@type":"WebPage","@id":"https:\/\/lovme.pt\/index.php\/produto\/passion-tiopen-026-calca-crotchless-preta-3-4-40-den\/","url":"https:\/\/lovme.pt\/index.php\/produto\/passion-tiopen-026-calca-crotchless-preta-3-4-40-den\/","name":"PASSION - TIOPEN 026 CAL\u00c7A CROTCHLESS PRETA 3\/4 40 DEN - Lovme","isPartOf":{"@id":"https:\/\/lovme.pt\/#website"},"primaryImageOfPage":{"@id":"https:\/\/lovme.pt\/index.php\/produto\/passion-tiopen-026-calca-crotchless-preta-3-4-40-den\/#primaryimage"},"image":{"@id":"https:\/\/lovme.pt\/index.php\/produto\/passion-tiopen-026-calca-crotchless-preta-3-4-40-den\/#primaryimage"},"thumbnailUrl":"https:\/\/erki24nd3ub.exactdn.com\/wp-content\/uploads\/dream\/img\/img_196165_f54a021c3678d4ef758d297cdddb0a70_1.jpg?strip=all","datePublished":"2025-10-01T00:33:26+00:00","dateModified":"2026-02-19T20:15:52+00:00","breadcrumb":{"@id":"https:\/\/lovme.pt\/index.php\/produto\/passion-tiopen-026-calca-crotchless-preta-3-4-40-den\/#breadcrumb"},"inLanguage":"pt-PT","potentialAction":[{"@type":"ReadAction","target":["https:\/\/lovme.pt\/index.php\/produto\/passion-tiopen-026-calca-crotchless-preta-3-4-40-den\/"]}]},{"@type":"ImageObject","inLanguage":"pt-PT","@id":"https:\/\/lovme.pt\/index.php\/produto\/passion-tiopen-026-calca-crotchless-preta-3-4-40-den\/#primaryimage","url":"https:\/\/erki24nd3ub.exactdn.com\/wp-content\/uploads\/dream\/img\/img_196165_f54a021c3678d4ef758d297cdddb0a70_1.jpg?strip=all","contentUrl":"https:\/\/erki24nd3ub.exactdn.com\/wp-content\/uploads\/dream\/img\/img_196165_f54a021c3678d4ef758d297cdddb0a70_1.jpg?strip=all","width":800,"height":800},{"@type":"BreadcrumbList","@id":"https:\/\/lovme.pt\/index.php\/produto\/passion-tiopen-026-calca-crotchless-preta-3-4-40-den\/#breadcrumb","itemListElement":[{"@type":"ListItem","position":1,"name":"In\u00edcio","item":"https:\/\/lovme.pt\/"},{"@type":"ListItem","position":2,"name":"Loja","item":"https:\/\/lovme.pt\/index.php\/loja\/"},{"@type":"ListItem","position":3,"name":"PASSION &#8211; TIOPEN 026 CAL\u00c7A CROTCHLESS PRETA 3\/4 40 DEN"}]},{"@type":"WebSite","@id":"https:\/\/lovme.pt\/#website","url":"https:\/\/lovme.pt\/","name":"Lovme Loja Er\u00f3tica N\u00ba1 em Portugal","description":"A melhor loja er\u00f3tica de Portugal.","alternateName":"Loja Er\u00f3tica Lovme","potentialAction":[{"@type":"SearchAction","target":{"@type":"EntryPoint","urlTemplate":"https:\/\/lovme.pt\/?s={search_term_string}"},"query-input":{"@type":"PropertyValueSpecification","valueRequired":true,"valueName":"search_term_string"}}],"inLanguage":"pt-PT"}]}},"_links":{"self":[{"href":"https:\/\/lovme.pt\/index.php\/wp-json\/wp\/v2\/product\/51051","targetHints":{"allow":["GET"]}}],"collection":[{"href":"https:\/\/lovme.pt\/index.php\/wp-json\/wp\/v2\/product"}],"about":[{"href":"https:\/\/lovme.pt\/index.php\/wp-json\/wp\/v2\/types\/product"}],"wp:featuredmedia":[{"embeddable":true,"href":"https:\/\/lovme.pt\/index.php\/wp-json\/wp\/v2\/media\/88883"}],"wp:attachment":[{"href":"https:\/\/lovme.pt\/index.php\/wp-json\/wp\/v2\/media?parent=51051"}],"wp:term":[{"taxonomy":"product_brand","embeddable":true,"href":"https:\/\/lovme.pt\/index.php\/wp-json\/wp\/v2\/product_brand?post=51051"},{"taxonomy":"product_cat","embeddable":true,"href":"https:\/\/lovme.pt\/index.php\/wp-json\/wp\/v2\/product_cat?post=51051"},{"taxonomy":"product_tag","embeddable":true,"href":"https:\/\/lovme.pt\/index.php\/wp-json\/wp\/v2\/product_tag?post=51051"}],"curies":[{"name":"wp","href":"https:\/\/api.w.org\/{rel}","templated":true}]}}