{"id":51043,"date":"2025-10-01T01:06:49","date_gmt":"2025-10-01T01:06:49","guid":{"rendered":"https:\/\/lovme.pt\/?post_type=product&p=51043"},"modified":"2026-02-19T20:17:41","modified_gmt":"2026-02-19T20:17:41","slug":"passion-denelia-conjunto-tanga-sutia-vermelho-l-xl","status":"publish","type":"product","link":"https:\/\/lovme.pt\/index.php\/produto\/passion-denelia-conjunto-tanga-sutia-vermelho-l-xl\/","title":{"rendered":"PASSION &#8211; DENELIA CONJUNTO TANGA + SUTI\u00c3 VERMELHO L\/XL"},"content":{"rendered":"<p><b>DEN\u00c9LIA<\/b><\/p>\n<p> O <strong>conjunto DENELIA<\/strong> da renomada marca <strong>PASSION<\/strong> \u00e9 a escolha perfeita para quem quer destacar seu lado mais sensual com um design ousado e cativante. Este conjunto inclui um suti\u00e3 e uma tanga, ambos feitos para proporcionar um ajuste perfeito e real\u00e7ar a beleza natural do corpo.<\/p>\n<p> Feito com uma mistura de materiais de alta qualidade (85% poli\u00e9ster e 15% poliamida), este conjunto oferece maciez ao toque, durabilidade e conforto, ideal para aqueles momentos especiais em que voc\u00ea quer estar espetacular.<\/p>\n<p> A <strong>cor vermelha vibrante<\/strong> , s\u00edmbolo de paix\u00e3o e desejo, faz do conjunto DENELIA uma pe\u00e7a essencial para quem busca seduzir com confian\u00e7a e estilo. Seu design sofisticado e sensual garante que cada detalhe seja pensado para valorizar sua silhueta.<\/p>\n<p> Deixe-se envolver pelo charme do conjunto DENELIA da PASSION e torne cada momento inesquec\u00edvel. O acess\u00f3rio perfeito para liberar seu lado mais apaixonado!<\/p>\n<\/p>\n<p> <span style=\"line-height: 16.64px;\"><strong>Passion<\/strong> \u00e9 uma lingerie fabricada na Uni\u00e3o Europeia com rigorosos controles de qualidade, cuidando do m\u00e1ximo detalhe tanto na fabrica\u00e7\u00e3o quanto nos seus elementos decorativos, pensada para o mundo de hoje, pessoas din\u00e2micas com vontade de inovar e se sentirem sempre atualizadas.<\/span><\/p>\n<p> <span style=\"line-height: 16.64px;\"><img decoding=\"async\" alt=\"\" src=\"https:\/\/interno.dreamlove.es\/UserFiles\/images\/banderas.png\" style=\"width: 121px; height: 35px;\" \/><\/span><\/p>\n<table border=\"1\" cellpadding=\"1\" cellspacing=\"1\" style=\"width: 500px;\">\n<tbody>\n<tr>\n<td><\/td>\n<td><span style=\"font-size: 13px;\">P\/M<\/span><\/td>\n<td> <span style=\"font-size: 13px;\">Tamanho G\/GG<\/span><\/td>\n<\/tr>\n<tr>\n<td> <span style=\"font-size: 13px;\">Crescimiento<\/span><\/td>\n<td> <span style=\"font-size: 13px;\">158-164<\/span><\/td>\n<td> <span style=\"font-size: 13px;\">164-170<\/span><\/td>\n<\/tr>\n<tr>\n<td> <span style=\"font-size: 13px;\">Busto<\/span><\/td>\n<td> <span style=\"font-size: 13px;\">CA<\/span><\/td>\n<td> <span style=\"font-size: 13px;\">BD<\/span><\/td>\n<\/tr>\n<tr>\n<td> <span style=\"font-size: 13px;\">Cintura<\/span><\/td>\n<td> <span style=\"font-size: 13px;\">60-72<\/span><\/td>\n<td> <span style=\"font-size: 13px;\">72-84<\/span><\/td>\n<\/tr>\n<tr>\n<td> <span style=\"font-size: 13px;\">Caderas<\/span><\/td>\n<td> <span style=\"font-size: 13px;\">88-100<\/span><\/td>\n<td> <span style=\"font-size: 13px;\">100-112<\/span><\/td>\n<\/tr>\n<\/tbody>\n<\/table>\n","protected":false},"excerpt":{"rendered":"<p>PASSION &#8211; DENELIA CONJUNTO TANGA + SUTI\u00c3 VERMELHO L\/XL<\/p>\n","protected":false},"featured_media":93655,"template":"","meta":{"_acf_changed":false},"product_brand":[],"product_cat":[47,66],"product_tag":[],"class_list":{"0":"post-51043","1":"product","2":"type-product","3":"status-publish","4":"has-post-thumbnail","6":"product_cat-lingerie","7":"product_cat-lingerie-feminina","8":"yith_product_brand-passion","9":"yith_product_brand-passionpassion-woman","10":"yith_product_brand-passionpassion-womanpassion-woman-sets","12":"first","13":"instock","14":"taxable","15":"shipping-taxable","16":"purchasable","17":"product-type-simple"},"acf":[],"yoast_head":"<!-- This site is optimized with the Yoast SEO plugin v27.4 - https:\/\/yoast.com\/product\/yoast-seo-wordpress\/ -->\n<title>PASSION - DENELIA CONJUNTO TANGA + SUTI\u00c3 VERMELHO L\/XL - Lovme<\/title>\n<meta name=\"robots\" content=\"index, follow, max-snippet:-1, max-image-preview:large, max-video-preview:-1\" \/>\n<link rel=\"canonical\" href=\"https:\/\/lovme.pt\/index.php\/produto\/passion-denelia-conjunto-tanga-sutia-vermelho-l-xl\/\" \/>\n<meta property=\"og:locale\" content=\"pt_PT\" \/>\n<meta property=\"og:type\" content=\"article\" \/>\n<meta property=\"og:title\" content=\"PASSION - DENELIA CONJUNTO TANGA + SUTI\u00c3 VERMELHO L\/XL - Lovme\" \/>\n<meta property=\"og:description\" content=\"PASSION - DENELIA CONJUNTO TANGA + SUTI\u00c3 VERMELHO L\/XL\" \/>\n<meta property=\"og:url\" content=\"https:\/\/lovme.pt\/index.php\/produto\/passion-denelia-conjunto-tanga-sutia-vermelho-l-xl\/\" \/>\n<meta property=\"og:site_name\" content=\"Lovme\" \/>\n<meta property=\"article:modified_time\" content=\"2026-02-19T20:17:41+00:00\" \/>\n<meta property=\"og:image\" content=\"https:\/\/erki24nd3ub.exactdn.com\/wp-content\/uploads\/dream\/img\/img_196141_5e3d10d8e71d6ebebc99354223b3797e_1.jpg?strip=all\" \/>\n\t<meta property=\"og:image:width\" content=\"800\" \/>\n\t<meta property=\"og:image:height\" content=\"800\" \/>\n\t<meta property=\"og:image:type\" content=\"image\/jpeg\" \/>\n<meta name=\"twitter:card\" content=\"summary_large_image\" \/>\n<meta name=\"twitter:label1\" content=\"Tempo estimado de leitura\" \/>\n\t<meta name=\"twitter:data1\" content=\"1 minuto\" \/>\n<script type=\"application\/ld+json\" class=\"yoast-schema-graph\">{\"@context\":\"https:\\\/\\\/schema.org\",\"@graph\":[{\"@type\":\"WebPage\",\"@id\":\"https:\\\/\\\/lovme.pt\\\/index.php\\\/produto\\\/passion-denelia-conjunto-tanga-sutia-vermelho-l-xl\\\/\",\"url\":\"https:\\\/\\\/lovme.pt\\\/index.php\\\/produto\\\/passion-denelia-conjunto-tanga-sutia-vermelho-l-xl\\\/\",\"name\":\"PASSION - DENELIA CONJUNTO TANGA + SUTI\u00c3 VERMELHO L\\\/XL - Lovme\",\"isPartOf\":{\"@id\":\"https:\\\/\\\/lovme.pt\\\/#website\"},\"primaryImageOfPage\":{\"@id\":\"https:\\\/\\\/lovme.pt\\\/index.php\\\/produto\\\/passion-denelia-conjunto-tanga-sutia-vermelho-l-xl\\\/#primaryimage\"},\"image\":{\"@id\":\"https:\\\/\\\/lovme.pt\\\/index.php\\\/produto\\\/passion-denelia-conjunto-tanga-sutia-vermelho-l-xl\\\/#primaryimage\"},\"thumbnailUrl\":\"https:\\\/\\\/erki24nd3ub.exactdn.com\\\/wp-content\\\/uploads\\\/dream\\\/img\\\/img_196141_5e3d10d8e71d6ebebc99354223b3797e_1.jpg?strip=all\",\"datePublished\":\"2025-10-01T01:06:49+00:00\",\"dateModified\":\"2026-02-19T20:17:41+00:00\",\"breadcrumb\":{\"@id\":\"https:\\\/\\\/lovme.pt\\\/index.php\\\/produto\\\/passion-denelia-conjunto-tanga-sutia-vermelho-l-xl\\\/#breadcrumb\"},\"inLanguage\":\"pt-PT\",\"potentialAction\":[{\"@type\":\"ReadAction\",\"target\":[\"https:\\\/\\\/lovme.pt\\\/index.php\\\/produto\\\/passion-denelia-conjunto-tanga-sutia-vermelho-l-xl\\\/\"]}]},{\"@type\":\"ImageObject\",\"inLanguage\":\"pt-PT\",\"@id\":\"https:\\\/\\\/lovme.pt\\\/index.php\\\/produto\\\/passion-denelia-conjunto-tanga-sutia-vermelho-l-xl\\\/#primaryimage\",\"url\":\"https:\\\/\\\/erki24nd3ub.exactdn.com\\\/wp-content\\\/uploads\\\/dream\\\/img\\\/img_196141_5e3d10d8e71d6ebebc99354223b3797e_1.jpg?strip=all\",\"contentUrl\":\"https:\\\/\\\/erki24nd3ub.exactdn.com\\\/wp-content\\\/uploads\\\/dream\\\/img\\\/img_196141_5e3d10d8e71d6ebebc99354223b3797e_1.jpg?strip=all\",\"width\":800,\"height\":800},{\"@type\":\"BreadcrumbList\",\"@id\":\"https:\\\/\\\/lovme.pt\\\/index.php\\\/produto\\\/passion-denelia-conjunto-tanga-sutia-vermelho-l-xl\\\/#breadcrumb\",\"itemListElement\":[{\"@type\":\"ListItem\",\"position\":1,\"name\":\"In\u00edcio\",\"item\":\"https:\\\/\\\/lovme.pt\\\/\"},{\"@type\":\"ListItem\",\"position\":2,\"name\":\"Loja\",\"item\":\"https:\\\/\\\/lovme.pt\\\/index.php\\\/loja\\\/\"},{\"@type\":\"ListItem\",\"position\":3,\"name\":\"PASSION &#8211; DENELIA CONJUNTO TANGA + SUTI\u00c3 VERMELHO L\\\/XL\"}]},{\"@type\":\"WebSite\",\"@id\":\"https:\\\/\\\/lovme.pt\\\/#website\",\"url\":\"https:\\\/\\\/lovme.pt\\\/\",\"name\":\"Lovme Loja Er\u00f3tica N\u00ba1 em Portugal\",\"description\":\"A melhor loja er\u00f3tica de Portugal.\",\"alternateName\":\"Loja Er\u00f3tica Lovme\",\"potentialAction\":[{\"@type\":\"SearchAction\",\"target\":{\"@type\":\"EntryPoint\",\"urlTemplate\":\"https:\\\/\\\/lovme.pt\\\/?s={search_term_string}\"},\"query-input\":{\"@type\":\"PropertyValueSpecification\",\"valueRequired\":true,\"valueName\":\"search_term_string\"}}],\"inLanguage\":\"pt-PT\"}]}<\/script>\n<!-- \/ Yoast SEO plugin. -->","yoast_head_json":{"title":"PASSION - DENELIA CONJUNTO TANGA + SUTI\u00c3 VERMELHO L\/XL - Lovme","robots":{"index":"index","follow":"follow","max-snippet":"max-snippet:-1","max-image-preview":"max-image-preview:large","max-video-preview":"max-video-preview:-1"},"canonical":"https:\/\/lovme.pt\/index.php\/produto\/passion-denelia-conjunto-tanga-sutia-vermelho-l-xl\/","og_locale":"pt_PT","og_type":"article","og_title":"PASSION - DENELIA CONJUNTO TANGA + SUTI\u00c3 VERMELHO L\/XL - Lovme","og_description":"PASSION - DENELIA CONJUNTO TANGA + SUTI\u00c3 VERMELHO L\/XL","og_url":"https:\/\/lovme.pt\/index.php\/produto\/passion-denelia-conjunto-tanga-sutia-vermelho-l-xl\/","og_site_name":"Lovme","article_modified_time":"2026-02-19T20:17:41+00:00","og_image":[{"width":800,"height":800,"url":"https:\/\/erki24nd3ub.exactdn.com\/wp-content\/uploads\/dream\/img\/img_196141_5e3d10d8e71d6ebebc99354223b3797e_1.jpg?strip=all","type":"image\/jpeg"}],"twitter_card":"summary_large_image","twitter_misc":{"Tempo estimado de leitura":"1 minuto"},"schema":{"@context":"https:\/\/schema.org","@graph":[{"@type":"WebPage","@id":"https:\/\/lovme.pt\/index.php\/produto\/passion-denelia-conjunto-tanga-sutia-vermelho-l-xl\/","url":"https:\/\/lovme.pt\/index.php\/produto\/passion-denelia-conjunto-tanga-sutia-vermelho-l-xl\/","name":"PASSION - DENELIA CONJUNTO TANGA + SUTI\u00c3 VERMELHO L\/XL - Lovme","isPartOf":{"@id":"https:\/\/lovme.pt\/#website"},"primaryImageOfPage":{"@id":"https:\/\/lovme.pt\/index.php\/produto\/passion-denelia-conjunto-tanga-sutia-vermelho-l-xl\/#primaryimage"},"image":{"@id":"https:\/\/lovme.pt\/index.php\/produto\/passion-denelia-conjunto-tanga-sutia-vermelho-l-xl\/#primaryimage"},"thumbnailUrl":"https:\/\/erki24nd3ub.exactdn.com\/wp-content\/uploads\/dream\/img\/img_196141_5e3d10d8e71d6ebebc99354223b3797e_1.jpg?strip=all","datePublished":"2025-10-01T01:06:49+00:00","dateModified":"2026-02-19T20:17:41+00:00","breadcrumb":{"@id":"https:\/\/lovme.pt\/index.php\/produto\/passion-denelia-conjunto-tanga-sutia-vermelho-l-xl\/#breadcrumb"},"inLanguage":"pt-PT","potentialAction":[{"@type":"ReadAction","target":["https:\/\/lovme.pt\/index.php\/produto\/passion-denelia-conjunto-tanga-sutia-vermelho-l-xl\/"]}]},{"@type":"ImageObject","inLanguage":"pt-PT","@id":"https:\/\/lovme.pt\/index.php\/produto\/passion-denelia-conjunto-tanga-sutia-vermelho-l-xl\/#primaryimage","url":"https:\/\/erki24nd3ub.exactdn.com\/wp-content\/uploads\/dream\/img\/img_196141_5e3d10d8e71d6ebebc99354223b3797e_1.jpg?strip=all","contentUrl":"https:\/\/erki24nd3ub.exactdn.com\/wp-content\/uploads\/dream\/img\/img_196141_5e3d10d8e71d6ebebc99354223b3797e_1.jpg?strip=all","width":800,"height":800},{"@type":"BreadcrumbList","@id":"https:\/\/lovme.pt\/index.php\/produto\/passion-denelia-conjunto-tanga-sutia-vermelho-l-xl\/#breadcrumb","itemListElement":[{"@type":"ListItem","position":1,"name":"In\u00edcio","item":"https:\/\/lovme.pt\/"},{"@type":"ListItem","position":2,"name":"Loja","item":"https:\/\/lovme.pt\/index.php\/loja\/"},{"@type":"ListItem","position":3,"name":"PASSION &#8211; DENELIA CONJUNTO TANGA + SUTI\u00c3 VERMELHO L\/XL"}]},{"@type":"WebSite","@id":"https:\/\/lovme.pt\/#website","url":"https:\/\/lovme.pt\/","name":"Lovme Loja Er\u00f3tica N\u00ba1 em Portugal","description":"A melhor loja er\u00f3tica de Portugal.","alternateName":"Loja Er\u00f3tica Lovme","potentialAction":[{"@type":"SearchAction","target":{"@type":"EntryPoint","urlTemplate":"https:\/\/lovme.pt\/?s={search_term_string}"},"query-input":{"@type":"PropertyValueSpecification","valueRequired":true,"valueName":"search_term_string"}}],"inLanguage":"pt-PT"}]}},"_links":{"self":[{"href":"https:\/\/lovme.pt\/index.php\/wp-json\/wp\/v2\/product\/51043","targetHints":{"allow":["GET"]}}],"collection":[{"href":"https:\/\/lovme.pt\/index.php\/wp-json\/wp\/v2\/product"}],"about":[{"href":"https:\/\/lovme.pt\/index.php\/wp-json\/wp\/v2\/types\/product"}],"wp:featuredmedia":[{"embeddable":true,"href":"https:\/\/lovme.pt\/index.php\/wp-json\/wp\/v2\/media\/93655"}],"wp:attachment":[{"href":"https:\/\/lovme.pt\/index.php\/wp-json\/wp\/v2\/media?parent=51043"}],"wp:term":[{"taxonomy":"product_brand","embeddable":true,"href":"https:\/\/lovme.pt\/index.php\/wp-json\/wp\/v2\/product_brand?post=51043"},{"taxonomy":"product_cat","embeddable":true,"href":"https:\/\/lovme.pt\/index.php\/wp-json\/wp\/v2\/product_cat?post=51043"},{"taxonomy":"product_tag","embeddable":true,"href":"https:\/\/lovme.pt\/index.php\/wp-json\/wp\/v2\/product_tag?post=51043"}],"curies":[{"name":"wp","href":"https:\/\/api.w.org\/{rel}","templated":true}]}}