{"id":51027,"date":"2025-09-30T22:24:33","date_gmt":"2025-09-30T22:24:33","guid":{"rendered":"https:\/\/lovme.pt\/?post_type=product&p=51027"},"modified":"2026-02-19T20:11:50","modified_gmt":"2026-02-19T20:11:50","slug":"mister-size-biolubrificante-100-ml","status":"publish","type":"product","link":"https:\/\/lovme.pt\/index.php\/produto\/mister-size-biolubrificante-100-ml\/","title":{"rendered":"MISTER SIZE &#8211; BIOLUBRIFICANTE 100 ML"},"content":{"rendered":"<p>Lubrificante org\u00e2nico MISTER SIZE Descubra agora: o lubrificante org\u00e2nico \u00e0 base de \u00e1gua Mister Size \u00e9 a combina\u00e7\u00e3o perfeita para o preservativo, assim como o preservativo \u00e9 para voc\u00ea.<\/p>\n<p><u><strong>Destaques:<\/strong><\/u><\/p>\n<ul>\n<li>F\u00f3rmula \u00e0 base de \u00e1gua<\/li>\n<li>Lubrifica\u00e7\u00e3o de longa dura\u00e7\u00e3o<\/li>\n<\/ul>\n<p><u><strong>Por que usar lubrificante?<\/strong><\/u><br \/>Porque \u00e9 divertido O carro funciona melhor quando \u00e9 lubrificado recentemente. O mesmo vale para o lubrificante na cama! Cada movimento se torna<br \/>uma experi\u00eancia excitante e sedosa. Conven\u00e7a-se do efeito duradouro do lubrificante biol\u00f3gico MISTER SIZE e desfrute de horas infinitas de paix\u00e3o.<br \/>Gra\u00e7as \u00e0 sua f\u00f3rmula \u00e0 base de \u00e1gua, o lubrificante tamb\u00e9m \u00e9 adequado para peles sens\u00edveis e pode ser simplesmente enxaguado com \u00e1gua normal ap\u00f3s o uso.<br \/>O gel lubrificante biol\u00f3gico MISTER SIZE cont\u00e9m apenas ingredientes biol\u00f3gicos de alta qualidade para compatibilidade ideal com a pele. O gel lubrificante biol\u00f3gico MISTER SIZE \u00e9 dermatologicamente testado, sem gordura, incolor, inodoro e ins\u00edpido.<\/p>\n<p>O gel lubrificante MISTER SIZE Bio \u00e9 um produto vers\u00e1til que pode ser usado com brinquedos e preservativos e n\u00e3o deixa manchas permanentes nos tecidos.<\/p>\n<p>O tubo de 100 ml tem o tamanho perfeito para uso ocasional ou regular e \u00e9 visualmente convincente devido ao seu design moderno de embalagem. Assim como cremes para as m\u00e3os, a tampa pode ser aberta num piscar de olhos atrav\u00e9s do fecho flip-top, caso voc\u00ea precise de uma recarga r\u00e1pida &#8220;enquanto isso&#8221;.<br \/>A consist\u00eancia cristalina espalha-se facilmente nas \u00e1reas desejadas e proporciona hidrata\u00e7\u00e3o intensa para a melhor experi\u00eancia sensorial poss\u00edvel.<\/p>\n<p><strong>Aplica\u00e7\u00e3o e armazenamento<\/strong><br \/>Basta aplicar uma pequena quantidade do gel lubrificante MISTER SIZE Bio na parte desejada do corpo e mergulhar na fant\u00e1stica aventura da hidrata\u00e7\u00e3o. Repita a opera\u00e7\u00e3o conforme necess\u00e1rio. Mantenha fora do alcance de crian\u00e7as. Recomendamos armazen\u00e1-lo em local fresco e escuro.<\/p>\n<p><strong>Lista completa de ingredientes:<\/strong><br \/>\u00c1gua, Glicerina, Hidroxietilcelulose, \u00c1cido C\u00edtrico, Benzoato de S\u00f3dio, Sorbato de Pot\u00e1ssio, Pentilenoglicol, Sorbitol, Lactato de S\u00f3dio, Ureia, \u00c1cido L\u00e1tico, Serina, Hidr\u00f3xido de S\u00f3dio, Cloreto de S\u00f3dio, Alanto\u00edna<\/p>\n","protected":false},"excerpt":{"rendered":"<p>MISTER SIZE &#8211; BIOLUBRIFICANTE 100 ML<\/p>\n","protected":false},"featured_media":77534,"template":"","meta":{"_acf_changed":false},"product_brand":[],"product_cat":[49,53],"product_tag":[],"class_list":{"0":"post-51027","1":"product","2":"type-product","3":"status-publish","4":"has-post-thumbnail","6":"product_cat-cosmeticos","7":"product_cat-lubrificantes-intimos","8":"yith_product_brand-mister-size","10":"first","11":"instock","12":"taxable","13":"shipping-taxable","14":"purchasable","15":"product-type-simple"},"acf":[],"yoast_head":"<!-- This site is optimized with the Yoast SEO plugin v27.4 - https:\/\/yoast.com\/product\/yoast-seo-wordpress\/ -->\n<title>MISTER SIZE - BIOLUBRIFICANTE 100 ML - Lovme<\/title>\n<meta name=\"robots\" content=\"index, follow, max-snippet:-1, max-image-preview:large, max-video-preview:-1\" \/>\n<link rel=\"canonical\" href=\"https:\/\/lovme.pt\/index.php\/produto\/mister-size-biolubrificante-100-ml\/\" \/>\n<meta property=\"og:locale\" content=\"pt_PT\" \/>\n<meta property=\"og:type\" content=\"article\" \/>\n<meta property=\"og:title\" content=\"MISTER SIZE - BIOLUBRIFICANTE 100 ML - Lovme\" \/>\n<meta property=\"og:description\" content=\"MISTER SIZE - BIOLUBRIFICANTE 100 ML\" \/>\n<meta property=\"og:url\" content=\"https:\/\/lovme.pt\/index.php\/produto\/mister-size-biolubrificante-100-ml\/\" \/>\n<meta property=\"og:site_name\" content=\"Lovme\" \/>\n<meta property=\"article:modified_time\" content=\"2026-02-19T20:11:50+00:00\" \/>\n<meta property=\"og:image\" content=\"https:\/\/erki24nd3ub.exactdn.com\/wp-content\/uploads\/dream\/img\/img_196092_16a1ce30709b4af50fd54e4b8ba0e637_1.jpg?strip=all\" \/>\n\t<meta property=\"og:image:width\" content=\"800\" \/>\n\t<meta property=\"og:image:height\" content=\"800\" \/>\n\t<meta property=\"og:image:type\" content=\"image\/jpeg\" \/>\n<meta name=\"twitter:card\" content=\"summary_large_image\" \/>\n<meta name=\"twitter:label1\" content=\"Tempo estimado de leitura\" \/>\n\t<meta name=\"twitter:data1\" content=\"2 minutos\" \/>\n<script type=\"application\/ld+json\" class=\"yoast-schema-graph\">{\"@context\":\"https:\\\/\\\/schema.org\",\"@graph\":[{\"@type\":\"WebPage\",\"@id\":\"https:\\\/\\\/lovme.pt\\\/index.php\\\/produto\\\/mister-size-biolubrificante-100-ml\\\/\",\"url\":\"https:\\\/\\\/lovme.pt\\\/index.php\\\/produto\\\/mister-size-biolubrificante-100-ml\\\/\",\"name\":\"MISTER SIZE - BIOLUBRIFICANTE 100 ML - Lovme\",\"isPartOf\":{\"@id\":\"https:\\\/\\\/lovme.pt\\\/#website\"},\"primaryImageOfPage\":{\"@id\":\"https:\\\/\\\/lovme.pt\\\/index.php\\\/produto\\\/mister-size-biolubrificante-100-ml\\\/#primaryimage\"},\"image\":{\"@id\":\"https:\\\/\\\/lovme.pt\\\/index.php\\\/produto\\\/mister-size-biolubrificante-100-ml\\\/#primaryimage\"},\"thumbnailUrl\":\"https:\\\/\\\/erki24nd3ub.exactdn.com\\\/wp-content\\\/uploads\\\/dream\\\/img\\\/img_196092_16a1ce30709b4af50fd54e4b8ba0e637_1.jpg?strip=all\",\"datePublished\":\"2025-09-30T22:24:33+00:00\",\"dateModified\":\"2026-02-19T20:11:50+00:00\",\"breadcrumb\":{\"@id\":\"https:\\\/\\\/lovme.pt\\\/index.php\\\/produto\\\/mister-size-biolubrificante-100-ml\\\/#breadcrumb\"},\"inLanguage\":\"pt-PT\",\"potentialAction\":[{\"@type\":\"ReadAction\",\"target\":[\"https:\\\/\\\/lovme.pt\\\/index.php\\\/produto\\\/mister-size-biolubrificante-100-ml\\\/\"]}]},{\"@type\":\"ImageObject\",\"inLanguage\":\"pt-PT\",\"@id\":\"https:\\\/\\\/lovme.pt\\\/index.php\\\/produto\\\/mister-size-biolubrificante-100-ml\\\/#primaryimage\",\"url\":\"https:\\\/\\\/erki24nd3ub.exactdn.com\\\/wp-content\\\/uploads\\\/dream\\\/img\\\/img_196092_16a1ce30709b4af50fd54e4b8ba0e637_1.jpg?strip=all\",\"contentUrl\":\"https:\\\/\\\/erki24nd3ub.exactdn.com\\\/wp-content\\\/uploads\\\/dream\\\/img\\\/img_196092_16a1ce30709b4af50fd54e4b8ba0e637_1.jpg?strip=all\",\"width\":800,\"height\":800},{\"@type\":\"BreadcrumbList\",\"@id\":\"https:\\\/\\\/lovme.pt\\\/index.php\\\/produto\\\/mister-size-biolubrificante-100-ml\\\/#breadcrumb\",\"itemListElement\":[{\"@type\":\"ListItem\",\"position\":1,\"name\":\"In\u00edcio\",\"item\":\"https:\\\/\\\/lovme.pt\\\/\"},{\"@type\":\"ListItem\",\"position\":2,\"name\":\"Loja\",\"item\":\"https:\\\/\\\/lovme.pt\\\/index.php\\\/loja\\\/\"},{\"@type\":\"ListItem\",\"position\":3,\"name\":\"MISTER SIZE &#8211; BIOLUBRIFICANTE 100 ML\"}]},{\"@type\":\"WebSite\",\"@id\":\"https:\\\/\\\/lovme.pt\\\/#website\",\"url\":\"https:\\\/\\\/lovme.pt\\\/\",\"name\":\"Lovme Loja Er\u00f3tica N\u00ba1 em Portugal\",\"description\":\"A melhor loja er\u00f3tica de Portugal.\",\"alternateName\":\"Loja Er\u00f3tica Lovme\",\"potentialAction\":[{\"@type\":\"SearchAction\",\"target\":{\"@type\":\"EntryPoint\",\"urlTemplate\":\"https:\\\/\\\/lovme.pt\\\/?s={search_term_string}\"},\"query-input\":{\"@type\":\"PropertyValueSpecification\",\"valueRequired\":true,\"valueName\":\"search_term_string\"}}],\"inLanguage\":\"pt-PT\"}]}<\/script>\n<!-- \/ Yoast SEO plugin. -->","yoast_head_json":{"title":"MISTER SIZE - BIOLUBRIFICANTE 100 ML - Lovme","robots":{"index":"index","follow":"follow","max-snippet":"max-snippet:-1","max-image-preview":"max-image-preview:large","max-video-preview":"max-video-preview:-1"},"canonical":"https:\/\/lovme.pt\/index.php\/produto\/mister-size-biolubrificante-100-ml\/","og_locale":"pt_PT","og_type":"article","og_title":"MISTER SIZE - BIOLUBRIFICANTE 100 ML - Lovme","og_description":"MISTER SIZE - BIOLUBRIFICANTE 100 ML","og_url":"https:\/\/lovme.pt\/index.php\/produto\/mister-size-biolubrificante-100-ml\/","og_site_name":"Lovme","article_modified_time":"2026-02-19T20:11:50+00:00","og_image":[{"width":800,"height":800,"url":"https:\/\/erki24nd3ub.exactdn.com\/wp-content\/uploads\/dream\/img\/img_196092_16a1ce30709b4af50fd54e4b8ba0e637_1.jpg?strip=all","type":"image\/jpeg"}],"twitter_card":"summary_large_image","twitter_misc":{"Tempo estimado de leitura":"2 minutos"},"schema":{"@context":"https:\/\/schema.org","@graph":[{"@type":"WebPage","@id":"https:\/\/lovme.pt\/index.php\/produto\/mister-size-biolubrificante-100-ml\/","url":"https:\/\/lovme.pt\/index.php\/produto\/mister-size-biolubrificante-100-ml\/","name":"MISTER SIZE - BIOLUBRIFICANTE 100 ML - Lovme","isPartOf":{"@id":"https:\/\/lovme.pt\/#website"},"primaryImageOfPage":{"@id":"https:\/\/lovme.pt\/index.php\/produto\/mister-size-biolubrificante-100-ml\/#primaryimage"},"image":{"@id":"https:\/\/lovme.pt\/index.php\/produto\/mister-size-biolubrificante-100-ml\/#primaryimage"},"thumbnailUrl":"https:\/\/erki24nd3ub.exactdn.com\/wp-content\/uploads\/dream\/img\/img_196092_16a1ce30709b4af50fd54e4b8ba0e637_1.jpg?strip=all","datePublished":"2025-09-30T22:24:33+00:00","dateModified":"2026-02-19T20:11:50+00:00","breadcrumb":{"@id":"https:\/\/lovme.pt\/index.php\/produto\/mister-size-biolubrificante-100-ml\/#breadcrumb"},"inLanguage":"pt-PT","potentialAction":[{"@type":"ReadAction","target":["https:\/\/lovme.pt\/index.php\/produto\/mister-size-biolubrificante-100-ml\/"]}]},{"@type":"ImageObject","inLanguage":"pt-PT","@id":"https:\/\/lovme.pt\/index.php\/produto\/mister-size-biolubrificante-100-ml\/#primaryimage","url":"https:\/\/erki24nd3ub.exactdn.com\/wp-content\/uploads\/dream\/img\/img_196092_16a1ce30709b4af50fd54e4b8ba0e637_1.jpg?strip=all","contentUrl":"https:\/\/erki24nd3ub.exactdn.com\/wp-content\/uploads\/dream\/img\/img_196092_16a1ce30709b4af50fd54e4b8ba0e637_1.jpg?strip=all","width":800,"height":800},{"@type":"BreadcrumbList","@id":"https:\/\/lovme.pt\/index.php\/produto\/mister-size-biolubrificante-100-ml\/#breadcrumb","itemListElement":[{"@type":"ListItem","position":1,"name":"In\u00edcio","item":"https:\/\/lovme.pt\/"},{"@type":"ListItem","position":2,"name":"Loja","item":"https:\/\/lovme.pt\/index.php\/loja\/"},{"@type":"ListItem","position":3,"name":"MISTER SIZE &#8211; BIOLUBRIFICANTE 100 ML"}]},{"@type":"WebSite","@id":"https:\/\/lovme.pt\/#website","url":"https:\/\/lovme.pt\/","name":"Lovme Loja Er\u00f3tica N\u00ba1 em Portugal","description":"A melhor loja er\u00f3tica de Portugal.","alternateName":"Loja Er\u00f3tica Lovme","potentialAction":[{"@type":"SearchAction","target":{"@type":"EntryPoint","urlTemplate":"https:\/\/lovme.pt\/?s={search_term_string}"},"query-input":{"@type":"PropertyValueSpecification","valueRequired":true,"valueName":"search_term_string"}}],"inLanguage":"pt-PT"}]}},"_links":{"self":[{"href":"https:\/\/lovme.pt\/index.php\/wp-json\/wp\/v2\/product\/51027","targetHints":{"allow":["GET"]}}],"collection":[{"href":"https:\/\/lovme.pt\/index.php\/wp-json\/wp\/v2\/product"}],"about":[{"href":"https:\/\/lovme.pt\/index.php\/wp-json\/wp\/v2\/types\/product"}],"wp:featuredmedia":[{"embeddable":true,"href":"https:\/\/lovme.pt\/index.php\/wp-json\/wp\/v2\/media\/77534"}],"wp:attachment":[{"href":"https:\/\/lovme.pt\/index.php\/wp-json\/wp\/v2\/media?parent=51027"}],"wp:term":[{"taxonomy":"product_brand","embeddable":true,"href":"https:\/\/lovme.pt\/index.php\/wp-json\/wp\/v2\/product_brand?post=51027"},{"taxonomy":"product_cat","embeddable":true,"href":"https:\/\/lovme.pt\/index.php\/wp-json\/wp\/v2\/product_cat?post=51027"},{"taxonomy":"product_tag","embeddable":true,"href":"https:\/\/lovme.pt\/index.php\/wp-json\/wp\/v2\/product_tag?post=51027"}],"curies":[{"name":"wp","href":"https:\/\/api.w.org\/{rel}","templated":true}]}}