{"id":50999,"date":"2025-10-01T02:11:16","date_gmt":"2025-10-01T02:11:16","guid":{"rendered":"https:\/\/lovme.pt\/?post_type=product&p=50999"},"modified":"2026-02-19T20:18:43","modified_gmt":"2026-02-19T20:18:43","slug":"mister-size-preservativos-tamanho-xs-47-mm-3-unidades","status":"publish","type":"product","link":"https:\/\/lovme.pt\/index.php\/produto\/mister-size-preservativos-tamanho-xs-47-mm-3-unidades\/","title":{"rendered":"MISTER SIZE &#8211; PRESERVATIVOS TAMANHO XS 47 MM (3 UNIDADES)"},"content":{"rendered":"<p>O MISTER SIZE 47 \u00e9 o menor dos nossos sete tamanhos. No entanto, isso n\u00e3o precisa ser desconfort\u00e1vel para voc\u00ea. O p\u00eanis mais fino permite mais flexibilidade durante o sexo e pode lhe dar as melhores sensa\u00e7\u00f5es; especialmente com a prepara\u00e7\u00e3o correta.<br \/>Seu preservativo pessoal \u00e9 como um terno feito sob medida para ocasi\u00f5es especiais: tudo se encaixa perfeitamente e voc\u00ea pode estar no seu melhor. De agora em diante, voc\u00ea pode aproveitar essa sensa\u00e7\u00e3o em todas as suas experi\u00eancias de fazer amor.<br \/>O tamanho do seu preservativo para uma sensa\u00e7\u00e3o melhor<br \/>Muitos homens tiveram experi\u00eancias ruins com preservativos, que geralmente s\u00e3o devido ao tamanho errado. Depois de encontrar seu tamanho ideal e individual de preservativo, voc\u00ea sentir\u00e1 a diferen\u00e7a imediatamente. Tudo se encaixar\u00e1 perfeitamente e voc\u00ea poder\u00e1 se concentrar na coisa mais linda do mundo.<\/p>\n<p><u><strong>Recursos em destaque<\/strong><\/u><br \/>\u2022 Afina\u00e7\u00e3o<br \/>\u2022 Ajuste seguro e antiderrapante, mesmo para p\u00eanis bastante estreitos<br \/>\u2022 Ultrafino (0,05 mm) para intensidade pura<br \/>\u2022 Feito de l\u00e1tex de borracha natural<br \/>\u2022 Transparente e suave<br \/>\u2022 Largura nominal de 47 mm<\/p>\n<p>O MISTER SIZE proporciona uma sensa\u00e7\u00e3o completamente nova durante o sexo, ao mesmo tempo em que oferece seguran\u00e7a ideal. Todos os nossos preservativos MISTER SIZE atendem \u00e0 norma DIN EN ISO 4074:2002 e s\u00e3o submetidos a testes rigorosos. Ter um preservativo com seguran\u00e7a ideal cria confian\u00e7a e seguran\u00e7a que permite que ambos relaxem e se deixem levar completamente durante o sexo.<\/p>\n<p>\u00a0<\/p>\n","protected":false},"excerpt":{"rendered":"<p>MISTER SIZE &#8211; PRESERVATIVO TAMANHO XS 47 MM (3 UNIDADES)<\/p>\n","protected":false},"featured_media":95349,"template":"","meta":{"_acf_changed":false},"product_brand":[],"product_cat":[73],"product_tag":[],"class_list":{"0":"post-50999","1":"product","2":"type-product","3":"status-publish","4":"has-post-thumbnail","6":"product_cat-preservativos","7":"yith_product_brand-mister-size","9":"first","10":"instock","11":"taxable","12":"shipping-taxable","13":"purchasable","14":"product-type-simple"},"acf":[],"yoast_head":"<!-- This site is optimized with the Yoast SEO plugin v27.4 - https:\/\/yoast.com\/product\/yoast-seo-wordpress\/ -->\n<title>MISTER SIZE - PRESERVATIVOS TAMANHO XS 47 MM (3 UNIDADES) - Lovme<\/title>\n<meta name=\"robots\" content=\"index, follow, max-snippet:-1, max-image-preview:large, max-video-preview:-1\" \/>\n<link rel=\"canonical\" href=\"https:\/\/lovme.pt\/index.php\/produto\/mister-size-preservativos-tamanho-xs-47-mm-3-unidades\/\" \/>\n<meta property=\"og:locale\" content=\"pt_PT\" \/>\n<meta property=\"og:type\" content=\"article\" \/>\n<meta property=\"og:title\" content=\"MISTER SIZE - PRESERVATIVOS TAMANHO XS 47 MM (3 UNIDADES) - Lovme\" \/>\n<meta property=\"og:description\" content=\"MISTER SIZE - PRESERVATIVO TAMANHO XS 47 MM (3 UNIDADES)\" \/>\n<meta property=\"og:url\" content=\"https:\/\/lovme.pt\/index.php\/produto\/mister-size-preservativos-tamanho-xs-47-mm-3-unidades\/\" \/>\n<meta property=\"og:site_name\" content=\"Lovme\" \/>\n<meta property=\"article:modified_time\" content=\"2026-02-19T20:18:43+00:00\" \/>\n<meta property=\"og:image\" content=\"https:\/\/erki24nd3ub.exactdn.com\/wp-content\/uploads\/dream\/img\/img_196016_120fe96ec9366a1eee331de31e25994a_1.jpg?strip=all\" \/>\n\t<meta property=\"og:image:width\" content=\"800\" \/>\n\t<meta property=\"og:image:height\" content=\"800\" \/>\n\t<meta property=\"og:image:type\" content=\"image\/jpeg\" \/>\n<meta name=\"twitter:card\" content=\"summary_large_image\" \/>\n<meta name=\"twitter:label1\" content=\"Tempo estimado de leitura\" \/>\n\t<meta name=\"twitter:data1\" content=\"1 minuto\" \/>\n<script type=\"application\/ld+json\" class=\"yoast-schema-graph\">{\"@context\":\"https:\\\/\\\/schema.org\",\"@graph\":[{\"@type\":\"WebPage\",\"@id\":\"https:\\\/\\\/lovme.pt\\\/index.php\\\/produto\\\/mister-size-preservativos-tamanho-xs-47-mm-3-unidades\\\/\",\"url\":\"https:\\\/\\\/lovme.pt\\\/index.php\\\/produto\\\/mister-size-preservativos-tamanho-xs-47-mm-3-unidades\\\/\",\"name\":\"MISTER SIZE - PRESERVATIVOS TAMANHO XS 47 MM (3 UNIDADES) - Lovme\",\"isPartOf\":{\"@id\":\"https:\\\/\\\/lovme.pt\\\/#website\"},\"primaryImageOfPage\":{\"@id\":\"https:\\\/\\\/lovme.pt\\\/index.php\\\/produto\\\/mister-size-preservativos-tamanho-xs-47-mm-3-unidades\\\/#primaryimage\"},\"image\":{\"@id\":\"https:\\\/\\\/lovme.pt\\\/index.php\\\/produto\\\/mister-size-preservativos-tamanho-xs-47-mm-3-unidades\\\/#primaryimage\"},\"thumbnailUrl\":\"https:\\\/\\\/erki24nd3ub.exactdn.com\\\/wp-content\\\/uploads\\\/dream\\\/img\\\/img_196016_120fe96ec9366a1eee331de31e25994a_1.jpg?strip=all\",\"datePublished\":\"2025-10-01T02:11:16+00:00\",\"dateModified\":\"2026-02-19T20:18:43+00:00\",\"breadcrumb\":{\"@id\":\"https:\\\/\\\/lovme.pt\\\/index.php\\\/produto\\\/mister-size-preservativos-tamanho-xs-47-mm-3-unidades\\\/#breadcrumb\"},\"inLanguage\":\"pt-PT\",\"potentialAction\":[{\"@type\":\"ReadAction\",\"target\":[\"https:\\\/\\\/lovme.pt\\\/index.php\\\/produto\\\/mister-size-preservativos-tamanho-xs-47-mm-3-unidades\\\/\"]}]},{\"@type\":\"ImageObject\",\"inLanguage\":\"pt-PT\",\"@id\":\"https:\\\/\\\/lovme.pt\\\/index.php\\\/produto\\\/mister-size-preservativos-tamanho-xs-47-mm-3-unidades\\\/#primaryimage\",\"url\":\"https:\\\/\\\/erki24nd3ub.exactdn.com\\\/wp-content\\\/uploads\\\/dream\\\/img\\\/img_196016_120fe96ec9366a1eee331de31e25994a_1.jpg?strip=all\",\"contentUrl\":\"https:\\\/\\\/erki24nd3ub.exactdn.com\\\/wp-content\\\/uploads\\\/dream\\\/img\\\/img_196016_120fe96ec9366a1eee331de31e25994a_1.jpg?strip=all\",\"width\":800,\"height\":800},{\"@type\":\"BreadcrumbList\",\"@id\":\"https:\\\/\\\/lovme.pt\\\/index.php\\\/produto\\\/mister-size-preservativos-tamanho-xs-47-mm-3-unidades\\\/#breadcrumb\",\"itemListElement\":[{\"@type\":\"ListItem\",\"position\":1,\"name\":\"In\u00edcio\",\"item\":\"https:\\\/\\\/lovme.pt\\\/\"},{\"@type\":\"ListItem\",\"position\":2,\"name\":\"Loja\",\"item\":\"https:\\\/\\\/lovme.pt\\\/index.php\\\/loja\\\/\"},{\"@type\":\"ListItem\",\"position\":3,\"name\":\"MISTER SIZE &#8211; PRESERVATIVOS TAMANHO XS 47 MM (3 UNIDADES)\"}]},{\"@type\":\"WebSite\",\"@id\":\"https:\\\/\\\/lovme.pt\\\/#website\",\"url\":\"https:\\\/\\\/lovme.pt\\\/\",\"name\":\"Lovme Loja Er\u00f3tica N\u00ba1 em Portugal\",\"description\":\"A melhor loja er\u00f3tica de Portugal.\",\"alternateName\":\"Loja Er\u00f3tica Lovme\",\"potentialAction\":[{\"@type\":\"SearchAction\",\"target\":{\"@type\":\"EntryPoint\",\"urlTemplate\":\"https:\\\/\\\/lovme.pt\\\/?s={search_term_string}\"},\"query-input\":{\"@type\":\"PropertyValueSpecification\",\"valueRequired\":true,\"valueName\":\"search_term_string\"}}],\"inLanguage\":\"pt-PT\"}]}<\/script>\n<!-- \/ Yoast SEO plugin. -->","yoast_head_json":{"title":"MISTER SIZE - PRESERVATIVOS TAMANHO XS 47 MM (3 UNIDADES) - Lovme","robots":{"index":"index","follow":"follow","max-snippet":"max-snippet:-1","max-image-preview":"max-image-preview:large","max-video-preview":"max-video-preview:-1"},"canonical":"https:\/\/lovme.pt\/index.php\/produto\/mister-size-preservativos-tamanho-xs-47-mm-3-unidades\/","og_locale":"pt_PT","og_type":"article","og_title":"MISTER SIZE - PRESERVATIVOS TAMANHO XS 47 MM (3 UNIDADES) - Lovme","og_description":"MISTER SIZE - PRESERVATIVO TAMANHO XS 47 MM (3 UNIDADES)","og_url":"https:\/\/lovme.pt\/index.php\/produto\/mister-size-preservativos-tamanho-xs-47-mm-3-unidades\/","og_site_name":"Lovme","article_modified_time":"2026-02-19T20:18:43+00:00","og_image":[{"width":800,"height":800,"url":"https:\/\/erki24nd3ub.exactdn.com\/wp-content\/uploads\/dream\/img\/img_196016_120fe96ec9366a1eee331de31e25994a_1.jpg?strip=all","type":"image\/jpeg"}],"twitter_card":"summary_large_image","twitter_misc":{"Tempo estimado de leitura":"1 minuto"},"schema":{"@context":"https:\/\/schema.org","@graph":[{"@type":"WebPage","@id":"https:\/\/lovme.pt\/index.php\/produto\/mister-size-preservativos-tamanho-xs-47-mm-3-unidades\/","url":"https:\/\/lovme.pt\/index.php\/produto\/mister-size-preservativos-tamanho-xs-47-mm-3-unidades\/","name":"MISTER SIZE - PRESERVATIVOS TAMANHO XS 47 MM (3 UNIDADES) - Lovme","isPartOf":{"@id":"https:\/\/lovme.pt\/#website"},"primaryImageOfPage":{"@id":"https:\/\/lovme.pt\/index.php\/produto\/mister-size-preservativos-tamanho-xs-47-mm-3-unidades\/#primaryimage"},"image":{"@id":"https:\/\/lovme.pt\/index.php\/produto\/mister-size-preservativos-tamanho-xs-47-mm-3-unidades\/#primaryimage"},"thumbnailUrl":"https:\/\/erki24nd3ub.exactdn.com\/wp-content\/uploads\/dream\/img\/img_196016_120fe96ec9366a1eee331de31e25994a_1.jpg?strip=all","datePublished":"2025-10-01T02:11:16+00:00","dateModified":"2026-02-19T20:18:43+00:00","breadcrumb":{"@id":"https:\/\/lovme.pt\/index.php\/produto\/mister-size-preservativos-tamanho-xs-47-mm-3-unidades\/#breadcrumb"},"inLanguage":"pt-PT","potentialAction":[{"@type":"ReadAction","target":["https:\/\/lovme.pt\/index.php\/produto\/mister-size-preservativos-tamanho-xs-47-mm-3-unidades\/"]}]},{"@type":"ImageObject","inLanguage":"pt-PT","@id":"https:\/\/lovme.pt\/index.php\/produto\/mister-size-preservativos-tamanho-xs-47-mm-3-unidades\/#primaryimage","url":"https:\/\/erki24nd3ub.exactdn.com\/wp-content\/uploads\/dream\/img\/img_196016_120fe96ec9366a1eee331de31e25994a_1.jpg?strip=all","contentUrl":"https:\/\/erki24nd3ub.exactdn.com\/wp-content\/uploads\/dream\/img\/img_196016_120fe96ec9366a1eee331de31e25994a_1.jpg?strip=all","width":800,"height":800},{"@type":"BreadcrumbList","@id":"https:\/\/lovme.pt\/index.php\/produto\/mister-size-preservativos-tamanho-xs-47-mm-3-unidades\/#breadcrumb","itemListElement":[{"@type":"ListItem","position":1,"name":"In\u00edcio","item":"https:\/\/lovme.pt\/"},{"@type":"ListItem","position":2,"name":"Loja","item":"https:\/\/lovme.pt\/index.php\/loja\/"},{"@type":"ListItem","position":3,"name":"MISTER SIZE &#8211; PRESERVATIVOS TAMANHO XS 47 MM (3 UNIDADES)"}]},{"@type":"WebSite","@id":"https:\/\/lovme.pt\/#website","url":"https:\/\/lovme.pt\/","name":"Lovme Loja Er\u00f3tica N\u00ba1 em Portugal","description":"A melhor loja er\u00f3tica de Portugal.","alternateName":"Loja Er\u00f3tica Lovme","potentialAction":[{"@type":"SearchAction","target":{"@type":"EntryPoint","urlTemplate":"https:\/\/lovme.pt\/?s={search_term_string}"},"query-input":{"@type":"PropertyValueSpecification","valueRequired":true,"valueName":"search_term_string"}}],"inLanguage":"pt-PT"}]}},"_links":{"self":[{"href":"https:\/\/lovme.pt\/index.php\/wp-json\/wp\/v2\/product\/50999","targetHints":{"allow":["GET"]}}],"collection":[{"href":"https:\/\/lovme.pt\/index.php\/wp-json\/wp\/v2\/product"}],"about":[{"href":"https:\/\/lovme.pt\/index.php\/wp-json\/wp\/v2\/types\/product"}],"wp:featuredmedia":[{"embeddable":true,"href":"https:\/\/lovme.pt\/index.php\/wp-json\/wp\/v2\/media\/95349"}],"wp:attachment":[{"href":"https:\/\/lovme.pt\/index.php\/wp-json\/wp\/v2\/media?parent=50999"}],"wp:term":[{"taxonomy":"product_brand","embeddable":true,"href":"https:\/\/lovme.pt\/index.php\/wp-json\/wp\/v2\/product_brand?post=50999"},{"taxonomy":"product_cat","embeddable":true,"href":"https:\/\/lovme.pt\/index.php\/wp-json\/wp\/v2\/product_cat?post=50999"},{"taxonomy":"product_tag","embeddable":true,"href":"https:\/\/lovme.pt\/index.php\/wp-json\/wp\/v2\/product_tag?post=50999"}],"curies":[{"name":"wp","href":"https:\/\/api.w.org\/{rel}","templated":true}]}}