{"id":50996,"date":"2025-09-30T09:45:14","date_gmt":"2025-09-30T09:45:14","guid":{"rendered":"https:\/\/lovme.pt\/?post_type=product&p=50996"},"modified":"2026-02-19T20:04:02","modified_gmt":"2026-02-19T20:04:02","slug":"intimateline-luxuria-oleo-de-massagem-chocolate-150-ml","status":"publish","type":"product","link":"https:\/\/lovme.pt\/index.php\/produto\/intimateline-luxuria-oleo-de-massagem-chocolate-150-ml\/","title":{"rendered":"INTIMATELINE LUXURIA &#8211; \u00d3LEO DE MASSAGEM CHOCOLATE 150 ML"},"content":{"rendered":"<p>\u00d3leo de Massagem Quintessence, Chocolate Este \u00e9 um \u00f3leo de massagem natural e refinado, enriquecido com formula\u00e7\u00f5es exclusivas \u00e0 base de \u00f3leos de alta qualidade e ess\u00eancias estimulantes cuidadosamente selecionadas. Sua f\u00f3rmula nutritiva, feita com \u00f3leos vegetais completamente naturais, combinada com aromas sensuais, proporciona hidrata\u00e7\u00e3o intensa, deixando a pele macia e perfumada. Livre de parafina, o \u00d3leo de Massagem Quintessence respeitar\u00e1 e proteger\u00e1 a pele. sua pele gra\u00e7as \u00e0 presen\u00e7a de \u00f3leo de semente de c\u00e2nhamo, estimulando seus sentidos com notas suaves de a\u00e7\u00facar de confeiteiro que o acompanhar\u00e3o durante toda a massagem, guiando-o em dire\u00e7\u00e3o \u00e0 Quintess\u00eancia do prazer.<\/p>\n<ul>\n<li><u><strong>\u00d3leo com aroma sensual<\/strong><\/u><\/li>\n<\/ul>\n<p>&#8211; Para acender a paix\u00e3o<\/p>\n<p>&#8211; O aroma sensual levar\u00e1 o casal a uma dimens\u00e3o er\u00f3tica e sensual, estimulando a libido do casal gra\u00e7as tamb\u00e9m \u00e0s suas fragr\u00e2ncias envolventes e sedutoras.<\/p>\n<p>&#8211; F\u00f3rmula natural com \u00f3leos vegetais naturais. Os novos \u00f3leos Quintessence s\u00e3o formulados sem adi\u00e7\u00e3o de ingredientes agressivos para a pele. Sua composi\u00e7\u00e3o \u00e9 baseada unicamente em ingredientes naturais da mais alta qualidade que respeitam o bem-estar do corpo.<\/p>\n<p>&#8211; Ideal para o corpo. Para uma pele macia e sedosa. Gra\u00e7as \u00e0 sua formula\u00e7\u00e3o exclusiva \u00e0 base de \u00f3leos de alta qualidade, o \u00d3leo de Massagem Quintessence garante a m\u00e1xima compatibilidade mesmo com as peles mais sens\u00edveis, deixando-as macias e sedosas ap\u00f3s cada uso. Al\u00e9m disso, pode ser usado como \u00f3leo p\u00f3s-banho para manter a pele hidratada e perfumada.<\/p>\n<p>&#8211; Sem parafina e sem corantes. O \u00d3leo de Massagem Quintessence n\u00e3o cont\u00e9m parafina ou corantes, permitindo que voc\u00ea aproveite totalmente cada momento de prazer com total seguran\u00e7a. Sua f\u00f3rmula foi projetada para deslizar suavemente sobre sua pele, mantendo-a sempre segura e livre de desconforto.<\/p>\n<p>&#8211; Com \u00f3leo de semente de c\u00e2nhamo. Propriedades calmantes e hidratantes. A presen\u00e7a do \u00f3leo de c\u00e2nhamo confere aos \u00f3leos Quintessence propriedades ultra-hidratantes e calmantes, garantindo a m\u00e1xima prote\u00e7\u00e3o para a pele.<\/p>\n<p>\u00a0<\/p>\n<ul>\n<li><u><strong>Como usar<\/strong><\/u><\/li>\n<\/ul>\n<p>Aplique a quantidade desejada de \u00d3leo Luxuria no corpo e massageie.<\/p>\n","protected":false},"excerpt":{"rendered":"<p>INTIMATELINE LUXURIA &#8211; \u00d3LEO DE MASSAGEM CHOCOLATE 150 ML<\/p>\n","protected":false},"featured_media":56571,"template":"","meta":{"_acf_changed":false},"product_brand":[],"product_cat":[49,51],"product_tag":[],"class_list":{"0":"post-50996","1":"product","2":"type-product","3":"status-publish","4":"has-post-thumbnail","6":"product_cat-cosmeticos","7":"product_cat-oleos-de-massagem","8":"yith_product_brand-intimateline","10":"first","11":"instock","12":"taxable","13":"shipping-taxable","14":"purchasable","15":"product-type-simple"},"acf":[],"yoast_head":"<!-- This site is optimized with the Yoast SEO plugin v27.4 - https:\/\/yoast.com\/product\/yoast-seo-wordpress\/ -->\n<title>INTIMATELINE LUXURIA - \u00d3LEO DE MASSAGEM CHOCOLATE 150 ML - Lovme<\/title>\n<meta name=\"robots\" content=\"index, follow, max-snippet:-1, max-image-preview:large, max-video-preview:-1\" \/>\n<link rel=\"canonical\" href=\"https:\/\/lovme.pt\/index.php\/produto\/intimateline-luxuria-oleo-de-massagem-chocolate-150-ml\/\" \/>\n<meta property=\"og:locale\" content=\"pt_PT\" \/>\n<meta property=\"og:type\" content=\"article\" \/>\n<meta property=\"og:title\" content=\"INTIMATELINE LUXURIA - \u00d3LEO DE MASSAGEM CHOCOLATE 150 ML - Lovme\" \/>\n<meta property=\"og:description\" content=\"INTIMATELINE LUXURIA - \u00d3LEO DE MASSAGEM CHOCOLATE 150 ML\" \/>\n<meta property=\"og:url\" content=\"https:\/\/lovme.pt\/index.php\/produto\/intimateline-luxuria-oleo-de-massagem-chocolate-150-ml\/\" \/>\n<meta property=\"og:site_name\" content=\"Lovme\" \/>\n<meta property=\"article:modified_time\" content=\"2026-02-19T20:04:02+00:00\" \/>\n<meta property=\"og:image\" content=\"https:\/\/erki24nd3ub.exactdn.com\/wp-content\/uploads\/dream\/img\/img_195838_c8876187b26442c1ef38e076e2c745b4_1.jpg?strip=all\" \/>\n\t<meta property=\"og:image:width\" content=\"800\" \/>\n\t<meta property=\"og:image:height\" content=\"800\" \/>\n\t<meta property=\"og:image:type\" content=\"image\/jpeg\" \/>\n<meta name=\"twitter:card\" content=\"summary_large_image\" \/>\n<meta name=\"twitter:label1\" content=\"Tempo estimado de leitura\" \/>\n\t<meta name=\"twitter:data1\" content=\"2 minutos\" \/>\n<script type=\"application\/ld+json\" class=\"yoast-schema-graph\">{\"@context\":\"https:\\\/\\\/schema.org\",\"@graph\":[{\"@type\":\"WebPage\",\"@id\":\"https:\\\/\\\/lovme.pt\\\/index.php\\\/produto\\\/intimateline-luxuria-oleo-de-massagem-chocolate-150-ml\\\/\",\"url\":\"https:\\\/\\\/lovme.pt\\\/index.php\\\/produto\\\/intimateline-luxuria-oleo-de-massagem-chocolate-150-ml\\\/\",\"name\":\"INTIMATELINE LUXURIA - \u00d3LEO DE MASSAGEM CHOCOLATE 150 ML - Lovme\",\"isPartOf\":{\"@id\":\"https:\\\/\\\/lovme.pt\\\/#website\"},\"primaryImageOfPage\":{\"@id\":\"https:\\\/\\\/lovme.pt\\\/index.php\\\/produto\\\/intimateline-luxuria-oleo-de-massagem-chocolate-150-ml\\\/#primaryimage\"},\"image\":{\"@id\":\"https:\\\/\\\/lovme.pt\\\/index.php\\\/produto\\\/intimateline-luxuria-oleo-de-massagem-chocolate-150-ml\\\/#primaryimage\"},\"thumbnailUrl\":\"https:\\\/\\\/erki24nd3ub.exactdn.com\\\/wp-content\\\/uploads\\\/dream\\\/img\\\/img_195838_c8876187b26442c1ef38e076e2c745b4_1.jpg?strip=all\",\"datePublished\":\"2025-09-30T09:45:14+00:00\",\"dateModified\":\"2026-02-19T20:04:02+00:00\",\"breadcrumb\":{\"@id\":\"https:\\\/\\\/lovme.pt\\\/index.php\\\/produto\\\/intimateline-luxuria-oleo-de-massagem-chocolate-150-ml\\\/#breadcrumb\"},\"inLanguage\":\"pt-PT\",\"potentialAction\":[{\"@type\":\"ReadAction\",\"target\":[\"https:\\\/\\\/lovme.pt\\\/index.php\\\/produto\\\/intimateline-luxuria-oleo-de-massagem-chocolate-150-ml\\\/\"]}]},{\"@type\":\"ImageObject\",\"inLanguage\":\"pt-PT\",\"@id\":\"https:\\\/\\\/lovme.pt\\\/index.php\\\/produto\\\/intimateline-luxuria-oleo-de-massagem-chocolate-150-ml\\\/#primaryimage\",\"url\":\"https:\\\/\\\/erki24nd3ub.exactdn.com\\\/wp-content\\\/uploads\\\/dream\\\/img\\\/img_195838_c8876187b26442c1ef38e076e2c745b4_1.jpg?strip=all\",\"contentUrl\":\"https:\\\/\\\/erki24nd3ub.exactdn.com\\\/wp-content\\\/uploads\\\/dream\\\/img\\\/img_195838_c8876187b26442c1ef38e076e2c745b4_1.jpg?strip=all\",\"width\":800,\"height\":800},{\"@type\":\"BreadcrumbList\",\"@id\":\"https:\\\/\\\/lovme.pt\\\/index.php\\\/produto\\\/intimateline-luxuria-oleo-de-massagem-chocolate-150-ml\\\/#breadcrumb\",\"itemListElement\":[{\"@type\":\"ListItem\",\"position\":1,\"name\":\"In\u00edcio\",\"item\":\"https:\\\/\\\/lovme.pt\\\/\"},{\"@type\":\"ListItem\",\"position\":2,\"name\":\"Loja\",\"item\":\"https:\\\/\\\/lovme.pt\\\/index.php\\\/loja\\\/\"},{\"@type\":\"ListItem\",\"position\":3,\"name\":\"INTIMATELINE LUXURIA &#8211; \u00d3LEO DE MASSAGEM CHOCOLATE 150 ML\"}]},{\"@type\":\"WebSite\",\"@id\":\"https:\\\/\\\/lovme.pt\\\/#website\",\"url\":\"https:\\\/\\\/lovme.pt\\\/\",\"name\":\"Lovme Loja Er\u00f3tica N\u00ba1 em Portugal\",\"description\":\"A melhor loja er\u00f3tica de Portugal.\",\"alternateName\":\"Loja Er\u00f3tica Lovme\",\"potentialAction\":[{\"@type\":\"SearchAction\",\"target\":{\"@type\":\"EntryPoint\",\"urlTemplate\":\"https:\\\/\\\/lovme.pt\\\/?s={search_term_string}\"},\"query-input\":{\"@type\":\"PropertyValueSpecification\",\"valueRequired\":true,\"valueName\":\"search_term_string\"}}],\"inLanguage\":\"pt-PT\"}]}<\/script>\n<!-- \/ Yoast SEO plugin. -->","yoast_head_json":{"title":"INTIMATELINE LUXURIA - \u00d3LEO DE MASSAGEM CHOCOLATE 150 ML - Lovme","robots":{"index":"index","follow":"follow","max-snippet":"max-snippet:-1","max-image-preview":"max-image-preview:large","max-video-preview":"max-video-preview:-1"},"canonical":"https:\/\/lovme.pt\/index.php\/produto\/intimateline-luxuria-oleo-de-massagem-chocolate-150-ml\/","og_locale":"pt_PT","og_type":"article","og_title":"INTIMATELINE LUXURIA - \u00d3LEO DE MASSAGEM CHOCOLATE 150 ML - Lovme","og_description":"INTIMATELINE LUXURIA - \u00d3LEO DE MASSAGEM CHOCOLATE 150 ML","og_url":"https:\/\/lovme.pt\/index.php\/produto\/intimateline-luxuria-oleo-de-massagem-chocolate-150-ml\/","og_site_name":"Lovme","article_modified_time":"2026-02-19T20:04:02+00:00","og_image":[{"width":800,"height":800,"url":"https:\/\/erki24nd3ub.exactdn.com\/wp-content\/uploads\/dream\/img\/img_195838_c8876187b26442c1ef38e076e2c745b4_1.jpg?strip=all","type":"image\/jpeg"}],"twitter_card":"summary_large_image","twitter_misc":{"Tempo estimado de leitura":"2 minutos"},"schema":{"@context":"https:\/\/schema.org","@graph":[{"@type":"WebPage","@id":"https:\/\/lovme.pt\/index.php\/produto\/intimateline-luxuria-oleo-de-massagem-chocolate-150-ml\/","url":"https:\/\/lovme.pt\/index.php\/produto\/intimateline-luxuria-oleo-de-massagem-chocolate-150-ml\/","name":"INTIMATELINE LUXURIA - \u00d3LEO DE MASSAGEM CHOCOLATE 150 ML - Lovme","isPartOf":{"@id":"https:\/\/lovme.pt\/#website"},"primaryImageOfPage":{"@id":"https:\/\/lovme.pt\/index.php\/produto\/intimateline-luxuria-oleo-de-massagem-chocolate-150-ml\/#primaryimage"},"image":{"@id":"https:\/\/lovme.pt\/index.php\/produto\/intimateline-luxuria-oleo-de-massagem-chocolate-150-ml\/#primaryimage"},"thumbnailUrl":"https:\/\/erki24nd3ub.exactdn.com\/wp-content\/uploads\/dream\/img\/img_195838_c8876187b26442c1ef38e076e2c745b4_1.jpg?strip=all","datePublished":"2025-09-30T09:45:14+00:00","dateModified":"2026-02-19T20:04:02+00:00","breadcrumb":{"@id":"https:\/\/lovme.pt\/index.php\/produto\/intimateline-luxuria-oleo-de-massagem-chocolate-150-ml\/#breadcrumb"},"inLanguage":"pt-PT","potentialAction":[{"@type":"ReadAction","target":["https:\/\/lovme.pt\/index.php\/produto\/intimateline-luxuria-oleo-de-massagem-chocolate-150-ml\/"]}]},{"@type":"ImageObject","inLanguage":"pt-PT","@id":"https:\/\/lovme.pt\/index.php\/produto\/intimateline-luxuria-oleo-de-massagem-chocolate-150-ml\/#primaryimage","url":"https:\/\/erki24nd3ub.exactdn.com\/wp-content\/uploads\/dream\/img\/img_195838_c8876187b26442c1ef38e076e2c745b4_1.jpg?strip=all","contentUrl":"https:\/\/erki24nd3ub.exactdn.com\/wp-content\/uploads\/dream\/img\/img_195838_c8876187b26442c1ef38e076e2c745b4_1.jpg?strip=all","width":800,"height":800},{"@type":"BreadcrumbList","@id":"https:\/\/lovme.pt\/index.php\/produto\/intimateline-luxuria-oleo-de-massagem-chocolate-150-ml\/#breadcrumb","itemListElement":[{"@type":"ListItem","position":1,"name":"In\u00edcio","item":"https:\/\/lovme.pt\/"},{"@type":"ListItem","position":2,"name":"Loja","item":"https:\/\/lovme.pt\/index.php\/loja\/"},{"@type":"ListItem","position":3,"name":"INTIMATELINE LUXURIA &#8211; \u00d3LEO DE MASSAGEM CHOCOLATE 150 ML"}]},{"@type":"WebSite","@id":"https:\/\/lovme.pt\/#website","url":"https:\/\/lovme.pt\/","name":"Lovme Loja Er\u00f3tica N\u00ba1 em Portugal","description":"A melhor loja er\u00f3tica de Portugal.","alternateName":"Loja Er\u00f3tica Lovme","potentialAction":[{"@type":"SearchAction","target":{"@type":"EntryPoint","urlTemplate":"https:\/\/lovme.pt\/?s={search_term_string}"},"query-input":{"@type":"PropertyValueSpecification","valueRequired":true,"valueName":"search_term_string"}}],"inLanguage":"pt-PT"}]}},"_links":{"self":[{"href":"https:\/\/lovme.pt\/index.php\/wp-json\/wp\/v2\/product\/50996","targetHints":{"allow":["GET"]}}],"collection":[{"href":"https:\/\/lovme.pt\/index.php\/wp-json\/wp\/v2\/product"}],"about":[{"href":"https:\/\/lovme.pt\/index.php\/wp-json\/wp\/v2\/types\/product"}],"wp:featuredmedia":[{"embeddable":true,"href":"https:\/\/lovme.pt\/index.php\/wp-json\/wp\/v2\/media\/56571"}],"wp:attachment":[{"href":"https:\/\/lovme.pt\/index.php\/wp-json\/wp\/v2\/media?parent=50996"}],"wp:term":[{"taxonomy":"product_brand","embeddable":true,"href":"https:\/\/lovme.pt\/index.php\/wp-json\/wp\/v2\/product_brand?post=50996"},{"taxonomy":"product_cat","embeddable":true,"href":"https:\/\/lovme.pt\/index.php\/wp-json\/wp\/v2\/product_cat?post=50996"},{"taxonomy":"product_tag","embeddable":true,"href":"https:\/\/lovme.pt\/index.php\/wp-json\/wp\/v2\/product_tag?post=50996"}],"curies":[{"name":"wp","href":"https:\/\/api.w.org\/{rel}","templated":true}]}}