{"id":50858,"date":"2025-09-30T10:15:12","date_gmt":"2025-09-30T10:15:12","guid":{"rendered":"https:\/\/lovme.pt\/?post_type=product&p=50858"},"modified":"2026-02-19T20:07:03","modified_gmt":"2026-02-19T20:07:03","slug":"kiiroo-controle-interativo-preto","status":"publish","type":"product","link":"https:\/\/lovme.pt\/index.php\/produto\/kiiroo-controle-interativo-preto\/","title":{"rendered":"KIIROO &#8211; CONTROLE INTERATIVO PRETO"},"content":{"rendered":"<div>\n<p>Descubra o poder do <strong>Kiiroo CONTROL<\/strong> , o dispositivo revolucion\u00e1rio que transformar\u00e1 a maneira como voc\u00ea aproveita a intimidade.<\/p>\n<p> Gra\u00e7as \u00e0 sua tecnologia avan\u00e7ada, ele permite que voc\u00ea controle remotamente os dispositivos do seu parceiro, bem como sincronize seus movimentos com v\u00eddeos dos seus sites adultos favoritos, tudo na ponta dos seus dedos.<\/p>\n<\/p>\n<p> <u><strong>CARACTER\u00cdSTICAS<\/strong><\/u> :<\/p>\n<ul>\n<li> <strong>Controle remoto absoluto<\/strong> : conecte e controle masturbadores Kiiroo e dispositivos compat\u00edveis de outras marcas, levando o prazer a novas dimens\u00f5es.<\/li>\n<li> <strong>Sincroniza\u00e7\u00e3o interativa<\/strong> : experimente uma conex\u00e3o \u00fanica sincronizando seus movimentos com os v\u00eddeos er\u00f3ticos que mais o excitam, para um n\u00edvel de realismo nunca visto antes.<\/li>\n<li> <strong>Compatibilidade total<\/strong> : compat\u00edvel com todos os masturbadores Kiiroo e uma ampla variedade de dispositivos de outras marcas, para que voc\u00ea possa personalizar sua experi\u00eancia ao m\u00e1ximo.<\/li>\n<\/ul>\n<p> O Kiiroo CONTROL foi desenvolvido para quem busca inovar em seus momentos \u00edntimos e explorar novas formas de prazer com o parceiro ou sozinho. Ouse experimentar o controle total e mergulhe em uma viagem sensorial como nunca antes!<\/p>\n<p> Explore o futuro do prazer com o Kiiroo CONTROL.<\/p>\n<\/div>\n","protected":false},"excerpt":{"rendered":"<p>KIIROO &#8211; CONTROLE INTERATIVO PRETO<\/p>\n","protected":false},"featured_media":64767,"template":"","meta":{"_acf_changed":false},"product_brand":[],"product_cat":[17,58,60],"product_tag":[],"class_list":{"0":"post-50858","1":"product","2":"type-product","3":"status-publish","4":"has-post-thumbnail","6":"product_cat-brinquedos-de-bem-estar-sexual","7":"product_cat-masturbadores-para-penis","8":"product_cat-para-eles","9":"yith_product_brand-kiiroo","11":"first","12":"instock","13":"taxable","14":"shipping-taxable","15":"purchasable","16":"product-type-simple"},"acf":[],"yoast_head":"<!-- This site is optimized with the Yoast SEO plugin v27.4 - https:\/\/yoast.com\/product\/yoast-seo-wordpress\/ -->\n<title>KIIROO - CONTROLE INTERATIVO PRETO - Lovme<\/title>\n<meta name=\"robots\" content=\"index, follow, max-snippet:-1, max-image-preview:large, max-video-preview:-1\" \/>\n<link rel=\"canonical\" href=\"https:\/\/lovme.pt\/index.php\/produto\/kiiroo-controle-interativo-preto\/\" \/>\n<meta property=\"og:locale\" content=\"pt_PT\" \/>\n<meta property=\"og:type\" content=\"article\" \/>\n<meta property=\"og:title\" content=\"KIIROO - CONTROLE INTERATIVO PRETO - Lovme\" \/>\n<meta property=\"og:description\" content=\"KIIROO - CONTROLE INTERATIVO PRETO\" \/>\n<meta property=\"og:url\" content=\"https:\/\/lovme.pt\/index.php\/produto\/kiiroo-controle-interativo-preto\/\" \/>\n<meta property=\"og:site_name\" content=\"Lovme\" \/>\n<meta property=\"article:modified_time\" content=\"2026-02-19T20:07:03+00:00\" \/>\n<meta property=\"og:image\" content=\"https:\/\/erki24nd3ub.exactdn.com\/wp-content\/uploads\/dream\/img\/img_193792_789fa8dfb39e4740ee10753beb2506ae_1.jpg?strip=all\" \/>\n\t<meta property=\"og:image:width\" content=\"800\" \/>\n\t<meta property=\"og:image:height\" content=\"800\" \/>\n\t<meta property=\"og:image:type\" content=\"image\/jpeg\" \/>\n<meta name=\"twitter:card\" content=\"summary_large_image\" \/>\n<meta name=\"twitter:label1\" content=\"Tempo estimado de leitura\" \/>\n\t<meta name=\"twitter:data1\" content=\"1 minuto\" \/>\n<script type=\"application\/ld+json\" class=\"yoast-schema-graph\">{\"@context\":\"https:\\\/\\\/schema.org\",\"@graph\":[{\"@type\":\"WebPage\",\"@id\":\"https:\\\/\\\/lovme.pt\\\/index.php\\\/produto\\\/kiiroo-controle-interativo-preto\\\/\",\"url\":\"https:\\\/\\\/lovme.pt\\\/index.php\\\/produto\\\/kiiroo-controle-interativo-preto\\\/\",\"name\":\"KIIROO - CONTROLE INTERATIVO PRETO - Lovme\",\"isPartOf\":{\"@id\":\"https:\\\/\\\/lovme.pt\\\/#website\"},\"primaryImageOfPage\":{\"@id\":\"https:\\\/\\\/lovme.pt\\\/index.php\\\/produto\\\/kiiroo-controle-interativo-preto\\\/#primaryimage\"},\"image\":{\"@id\":\"https:\\\/\\\/lovme.pt\\\/index.php\\\/produto\\\/kiiroo-controle-interativo-preto\\\/#primaryimage\"},\"thumbnailUrl\":\"https:\\\/\\\/erki24nd3ub.exactdn.com\\\/wp-content\\\/uploads\\\/dream\\\/img\\\/img_193792_789fa8dfb39e4740ee10753beb2506ae_1.jpg?strip=all\",\"datePublished\":\"2025-09-30T10:15:12+00:00\",\"dateModified\":\"2026-02-19T20:07:03+00:00\",\"breadcrumb\":{\"@id\":\"https:\\\/\\\/lovme.pt\\\/index.php\\\/produto\\\/kiiroo-controle-interativo-preto\\\/#breadcrumb\"},\"inLanguage\":\"pt-PT\",\"potentialAction\":[{\"@type\":\"ReadAction\",\"target\":[\"https:\\\/\\\/lovme.pt\\\/index.php\\\/produto\\\/kiiroo-controle-interativo-preto\\\/\"]}]},{\"@type\":\"ImageObject\",\"inLanguage\":\"pt-PT\",\"@id\":\"https:\\\/\\\/lovme.pt\\\/index.php\\\/produto\\\/kiiroo-controle-interativo-preto\\\/#primaryimage\",\"url\":\"https:\\\/\\\/erki24nd3ub.exactdn.com\\\/wp-content\\\/uploads\\\/dream\\\/img\\\/img_193792_789fa8dfb39e4740ee10753beb2506ae_1.jpg?strip=all\",\"contentUrl\":\"https:\\\/\\\/erki24nd3ub.exactdn.com\\\/wp-content\\\/uploads\\\/dream\\\/img\\\/img_193792_789fa8dfb39e4740ee10753beb2506ae_1.jpg?strip=all\",\"width\":800,\"height\":800},{\"@type\":\"BreadcrumbList\",\"@id\":\"https:\\\/\\\/lovme.pt\\\/index.php\\\/produto\\\/kiiroo-controle-interativo-preto\\\/#breadcrumb\",\"itemListElement\":[{\"@type\":\"ListItem\",\"position\":1,\"name\":\"In\u00edcio\",\"item\":\"https:\\\/\\\/lovme.pt\\\/\"},{\"@type\":\"ListItem\",\"position\":2,\"name\":\"Loja\",\"item\":\"https:\\\/\\\/lovme.pt\\\/index.php\\\/loja\\\/\"},{\"@type\":\"ListItem\",\"position\":3,\"name\":\"KIIROO &#8211; CONTROLE INTERATIVO PRETO\"}]},{\"@type\":\"WebSite\",\"@id\":\"https:\\\/\\\/lovme.pt\\\/#website\",\"url\":\"https:\\\/\\\/lovme.pt\\\/\",\"name\":\"Lovme Loja Er\u00f3tica N\u00ba1 em Portugal\",\"description\":\"A melhor loja er\u00f3tica de Portugal.\",\"alternateName\":\"Loja Er\u00f3tica Lovme\",\"potentialAction\":[{\"@type\":\"SearchAction\",\"target\":{\"@type\":\"EntryPoint\",\"urlTemplate\":\"https:\\\/\\\/lovme.pt\\\/?s={search_term_string}\"},\"query-input\":{\"@type\":\"PropertyValueSpecification\",\"valueRequired\":true,\"valueName\":\"search_term_string\"}}],\"inLanguage\":\"pt-PT\"}]}<\/script>\n<!-- \/ Yoast SEO plugin. -->","yoast_head_json":{"title":"KIIROO - CONTROLE INTERATIVO PRETO - Lovme","robots":{"index":"index","follow":"follow","max-snippet":"max-snippet:-1","max-image-preview":"max-image-preview:large","max-video-preview":"max-video-preview:-1"},"canonical":"https:\/\/lovme.pt\/index.php\/produto\/kiiroo-controle-interativo-preto\/","og_locale":"pt_PT","og_type":"article","og_title":"KIIROO - CONTROLE INTERATIVO PRETO - Lovme","og_description":"KIIROO - CONTROLE INTERATIVO PRETO","og_url":"https:\/\/lovme.pt\/index.php\/produto\/kiiroo-controle-interativo-preto\/","og_site_name":"Lovme","article_modified_time":"2026-02-19T20:07:03+00:00","og_image":[{"width":800,"height":800,"url":"https:\/\/erki24nd3ub.exactdn.com\/wp-content\/uploads\/dream\/img\/img_193792_789fa8dfb39e4740ee10753beb2506ae_1.jpg?strip=all","type":"image\/jpeg"}],"twitter_card":"summary_large_image","twitter_misc":{"Tempo estimado de leitura":"1 minuto"},"schema":{"@context":"https:\/\/schema.org","@graph":[{"@type":"WebPage","@id":"https:\/\/lovme.pt\/index.php\/produto\/kiiroo-controle-interativo-preto\/","url":"https:\/\/lovme.pt\/index.php\/produto\/kiiroo-controle-interativo-preto\/","name":"KIIROO - CONTROLE INTERATIVO PRETO - Lovme","isPartOf":{"@id":"https:\/\/lovme.pt\/#website"},"primaryImageOfPage":{"@id":"https:\/\/lovme.pt\/index.php\/produto\/kiiroo-controle-interativo-preto\/#primaryimage"},"image":{"@id":"https:\/\/lovme.pt\/index.php\/produto\/kiiroo-controle-interativo-preto\/#primaryimage"},"thumbnailUrl":"https:\/\/erki24nd3ub.exactdn.com\/wp-content\/uploads\/dream\/img\/img_193792_789fa8dfb39e4740ee10753beb2506ae_1.jpg?strip=all","datePublished":"2025-09-30T10:15:12+00:00","dateModified":"2026-02-19T20:07:03+00:00","breadcrumb":{"@id":"https:\/\/lovme.pt\/index.php\/produto\/kiiroo-controle-interativo-preto\/#breadcrumb"},"inLanguage":"pt-PT","potentialAction":[{"@type":"ReadAction","target":["https:\/\/lovme.pt\/index.php\/produto\/kiiroo-controle-interativo-preto\/"]}]},{"@type":"ImageObject","inLanguage":"pt-PT","@id":"https:\/\/lovme.pt\/index.php\/produto\/kiiroo-controle-interativo-preto\/#primaryimage","url":"https:\/\/erki24nd3ub.exactdn.com\/wp-content\/uploads\/dream\/img\/img_193792_789fa8dfb39e4740ee10753beb2506ae_1.jpg?strip=all","contentUrl":"https:\/\/erki24nd3ub.exactdn.com\/wp-content\/uploads\/dream\/img\/img_193792_789fa8dfb39e4740ee10753beb2506ae_1.jpg?strip=all","width":800,"height":800},{"@type":"BreadcrumbList","@id":"https:\/\/lovme.pt\/index.php\/produto\/kiiroo-controle-interativo-preto\/#breadcrumb","itemListElement":[{"@type":"ListItem","position":1,"name":"In\u00edcio","item":"https:\/\/lovme.pt\/"},{"@type":"ListItem","position":2,"name":"Loja","item":"https:\/\/lovme.pt\/index.php\/loja\/"},{"@type":"ListItem","position":3,"name":"KIIROO &#8211; CONTROLE INTERATIVO PRETO"}]},{"@type":"WebSite","@id":"https:\/\/lovme.pt\/#website","url":"https:\/\/lovme.pt\/","name":"Lovme Loja Er\u00f3tica N\u00ba1 em Portugal","description":"A melhor loja er\u00f3tica de Portugal.","alternateName":"Loja Er\u00f3tica Lovme","potentialAction":[{"@type":"SearchAction","target":{"@type":"EntryPoint","urlTemplate":"https:\/\/lovme.pt\/?s={search_term_string}"},"query-input":{"@type":"PropertyValueSpecification","valueRequired":true,"valueName":"search_term_string"}}],"inLanguage":"pt-PT"}]}},"_links":{"self":[{"href":"https:\/\/lovme.pt\/index.php\/wp-json\/wp\/v2\/product\/50858","targetHints":{"allow":["GET"]}}],"collection":[{"href":"https:\/\/lovme.pt\/index.php\/wp-json\/wp\/v2\/product"}],"about":[{"href":"https:\/\/lovme.pt\/index.php\/wp-json\/wp\/v2\/types\/product"}],"wp:featuredmedia":[{"embeddable":true,"href":"https:\/\/lovme.pt\/index.php\/wp-json\/wp\/v2\/media\/64767"}],"wp:attachment":[{"href":"https:\/\/lovme.pt\/index.php\/wp-json\/wp\/v2\/media?parent=50858"}],"wp:term":[{"taxonomy":"product_brand","embeddable":true,"href":"https:\/\/lovme.pt\/index.php\/wp-json\/wp\/v2\/product_brand?post=50858"},{"taxonomy":"product_cat","embeddable":true,"href":"https:\/\/lovme.pt\/index.php\/wp-json\/wp\/v2\/product_cat?post=50858"},{"taxonomy":"product_tag","embeddable":true,"href":"https:\/\/lovme.pt\/index.php\/wp-json\/wp\/v2\/product_tag?post=50858"}],"curies":[{"name":"wp","href":"https:\/\/api.w.org\/{rel}","templated":true}]}}