{"id":50847,"date":"2025-09-30T09:48:31","date_gmt":"2025-09-30T09:48:31","guid":{"rendered":"https:\/\/lovme.pt\/?post_type=product&p=50847"},"modified":"2026-02-19T20:05:24","modified_gmt":"2026-02-19T20:05:24","slug":"fetish-submissive-bongo-urso-de-pelucia-bdsm-modelo-4","status":"publish","type":"product","link":"https:\/\/lovme.pt\/index.php\/produto\/fetish-submissive-bongo-urso-de-pelucia-bdsm-modelo-4\/","title":{"rendered":"FETISH SUBMISSIVE &#8211; BONGO URSO DE PEL\u00daCIA BDSM MODELO 4"},"content":{"rendered":"<p>Imagine uma cole\u00e7\u00e3o de ursinhos de pel\u00facia que redefinem o que \u00e9 ador\u00e1vel com um toque ousado: fofos por fora, aventureiros por dentro.<\/p>\n<p>Estes s\u00e3o os ursos <strong>FETISH SUBMISSIVE<\/strong> , projetados para desafiar estere\u00f3tipos com estilo e um toque de ousadia. Com seis personagens \u00fanicos  <strong>Yogi, Ted, Fozzie, Bongo, Mishka e Winnie<\/strong>  cada um tem uma personalidade e visual inconfund\u00edveis, tornando-os verdadeiros \u00edcones desta cole\u00e7\u00e3o imperd\u00edvel.<\/p>\n<p>Cada ursinho de pel\u00facia \u00e9 feito de materiais de alta qualidade e apresenta um visual que varia de fofo a rebelde. Seus detalhes e acess\u00f3rios capturam um estilo provocante, combinando do\u00e7ura e atitude ousada. Os arreios s\u00e3o feitos de couro macio e tiras de renda, ajustando-se perfeitamente \u00e0s suas pequenas figuras. Eles usam m\u00e1scaras que cobrem parte de seus rostos, dando-lhes um ar misterioso e charmoso. As morda\u00e7as, em tons vibrantes, adicionam um toque ousado e l\u00fadico, enquanto pequenas correntes envolvem seus corpos de pel\u00facia, adicionando textura e um efeito visual marcante.<\/p>\n<p><span style=\"font-size: 13px;\">Um ursinho de pel\u00facia com um estilo ousado e original, que inclui um cabide para que voc\u00ea possa lev\u00e1-lo com voc\u00ea em sua bolsa, mochila ou acess\u00f3rio favorito. Perfeito para quem busca algo diferente e com personalidade. Fa\u00e7a deste ursinho de pel\u00facia um companheiro \u00fanico em qualquer lugar!<\/span><\/p>\n<p>Cada um dos ursos tem um acess\u00f3rio espec\u00edfico: <em>Yogi<\/em> usa algemas com uma corrente; <em>Ted<\/em> se destaca por seu chicote, m\u00e1scara e seu arreio personalizado; <em>Fozzie<\/em> , o mais rebelde, ostenta uma morda\u00e7a escura e detalhes met\u00e1licos em suas roupas; <em>Bongo<\/em> usa um elegante arreio de argola; <em>Mishka<\/em> , usando uma m\u00e1scara com orelhas de coelho com correntes nas pernas e arreios combinando, representa suavidade e estilo; e <em>Winnie<\/em> , sempre pronta para a aventura, carrega seu corpo pequeno em cordas.<\/p>\n<p>Esses seis modelos s\u00e3o colecion\u00e1veis, ent\u00e3o voc\u00ea pode fazer com que cada um deles fa\u00e7a parte do seu mundo e ter a cole\u00e7\u00e3o completa <strong>FETISH SUBMISSIVE<\/strong> , onde o &#8220;fofo&#8221; e o rebelde se encontram em perfeito equil\u00edbrio.<\/p>\n","protected":false},"excerpt":{"rendered":"<p>FETISH SUBMISSIVE &#8211; BONGO URSO DE PEL\u00daCIA BDSM MODELO 4<\/p>\n","protected":false},"featured_media":57342,"template":"","meta":{"_acf_changed":false},"product_brand":[],"product_cat":[69,15],"product_tag":[],"class_list":{"0":"post-50847","1":"product","2":"type-product","3":"status-publish","4":"has-post-thumbnail","6":"product_cat-jogos-eroticos","7":"product_cat-loja","8":"yith_product_brand-fetish-submissive","9":"yith_product_brand-fetish-submissivefetish-submissive-rebel-toys","11":"first","12":"instock","13":"taxable","14":"shipping-taxable","15":"purchasable","16":"product-type-simple"},"acf":[],"yoast_head":"<!-- This site is optimized with the Yoast SEO plugin v27.4 - https:\/\/yoast.com\/product\/yoast-seo-wordpress\/ -->\n<title>FETISH SUBMISSIVE - BONGO URSO DE PEL\u00daCIA BDSM MODELO 4 - Lovme<\/title>\n<meta name=\"robots\" content=\"index, follow, max-snippet:-1, max-image-preview:large, max-video-preview:-1\" \/>\n<link rel=\"canonical\" href=\"https:\/\/lovme.pt\/index.php\/produto\/fetish-submissive-bongo-urso-de-pelucia-bdsm-modelo-4\/\" \/>\n<meta property=\"og:locale\" content=\"pt_PT\" \/>\n<meta property=\"og:type\" content=\"article\" \/>\n<meta property=\"og:title\" content=\"FETISH SUBMISSIVE - BONGO URSO DE PEL\u00daCIA BDSM MODELO 4 - Lovme\" \/>\n<meta property=\"og:description\" content=\"FETISH SUBMISSIVE - BONGO URSO DE PEL\u00daCIA BDSM MODELO 4\" \/>\n<meta property=\"og:url\" content=\"https:\/\/lovme.pt\/index.php\/produto\/fetish-submissive-bongo-urso-de-pelucia-bdsm-modelo-4\/\" \/>\n<meta property=\"og:site_name\" content=\"Lovme\" \/>\n<meta property=\"article:modified_time\" content=\"2026-02-19T20:05:24+00:00\" \/>\n<meta property=\"og:image\" content=\"https:\/\/erki24nd3ub.exactdn.com\/wp-content\/uploads\/dream\/img\/img_195596_a5d287dfa8e6aebe87114454296a4c22_1.png?strip=all\" \/>\n\t<meta property=\"og:image:width\" content=\"800\" \/>\n\t<meta property=\"og:image:height\" content=\"800\" \/>\n\t<meta property=\"og:image:type\" content=\"image\/png\" \/>\n<meta name=\"twitter:card\" content=\"summary_large_image\" \/>\n<meta name=\"twitter:label1\" content=\"Tempo estimado de leitura\" \/>\n\t<meta name=\"twitter:data1\" content=\"2 minutos\" \/>\n<script type=\"application\/ld+json\" class=\"yoast-schema-graph\">{\"@context\":\"https:\\\/\\\/schema.org\",\"@graph\":[{\"@type\":\"WebPage\",\"@id\":\"https:\\\/\\\/lovme.pt\\\/index.php\\\/produto\\\/fetish-submissive-bongo-urso-de-pelucia-bdsm-modelo-4\\\/\",\"url\":\"https:\\\/\\\/lovme.pt\\\/index.php\\\/produto\\\/fetish-submissive-bongo-urso-de-pelucia-bdsm-modelo-4\\\/\",\"name\":\"FETISH SUBMISSIVE - BONGO URSO DE PEL\u00daCIA BDSM MODELO 4 - Lovme\",\"isPartOf\":{\"@id\":\"https:\\\/\\\/lovme.pt\\\/#website\"},\"primaryImageOfPage\":{\"@id\":\"https:\\\/\\\/lovme.pt\\\/index.php\\\/produto\\\/fetish-submissive-bongo-urso-de-pelucia-bdsm-modelo-4\\\/#primaryimage\"},\"image\":{\"@id\":\"https:\\\/\\\/lovme.pt\\\/index.php\\\/produto\\\/fetish-submissive-bongo-urso-de-pelucia-bdsm-modelo-4\\\/#primaryimage\"},\"thumbnailUrl\":\"https:\\\/\\\/erki24nd3ub.exactdn.com\\\/wp-content\\\/uploads\\\/dream\\\/img\\\/img_195596_a5d287dfa8e6aebe87114454296a4c22_1.png?strip=all\",\"datePublished\":\"2025-09-30T09:48:31+00:00\",\"dateModified\":\"2026-02-19T20:05:24+00:00\",\"breadcrumb\":{\"@id\":\"https:\\\/\\\/lovme.pt\\\/index.php\\\/produto\\\/fetish-submissive-bongo-urso-de-pelucia-bdsm-modelo-4\\\/#breadcrumb\"},\"inLanguage\":\"pt-PT\",\"potentialAction\":[{\"@type\":\"ReadAction\",\"target\":[\"https:\\\/\\\/lovme.pt\\\/index.php\\\/produto\\\/fetish-submissive-bongo-urso-de-pelucia-bdsm-modelo-4\\\/\"]}]},{\"@type\":\"ImageObject\",\"inLanguage\":\"pt-PT\",\"@id\":\"https:\\\/\\\/lovme.pt\\\/index.php\\\/produto\\\/fetish-submissive-bongo-urso-de-pelucia-bdsm-modelo-4\\\/#primaryimage\",\"url\":\"https:\\\/\\\/erki24nd3ub.exactdn.com\\\/wp-content\\\/uploads\\\/dream\\\/img\\\/img_195596_a5d287dfa8e6aebe87114454296a4c22_1.png?strip=all\",\"contentUrl\":\"https:\\\/\\\/erki24nd3ub.exactdn.com\\\/wp-content\\\/uploads\\\/dream\\\/img\\\/img_195596_a5d287dfa8e6aebe87114454296a4c22_1.png?strip=all\",\"width\":800,\"height\":800},{\"@type\":\"BreadcrumbList\",\"@id\":\"https:\\\/\\\/lovme.pt\\\/index.php\\\/produto\\\/fetish-submissive-bongo-urso-de-pelucia-bdsm-modelo-4\\\/#breadcrumb\",\"itemListElement\":[{\"@type\":\"ListItem\",\"position\":1,\"name\":\"In\u00edcio\",\"item\":\"https:\\\/\\\/lovme.pt\\\/\"},{\"@type\":\"ListItem\",\"position\":2,\"name\":\"Loja\",\"item\":\"https:\\\/\\\/lovme.pt\\\/index.php\\\/loja\\\/\"},{\"@type\":\"ListItem\",\"position\":3,\"name\":\"FETISH SUBMISSIVE &#8211; BONGO URSO DE PEL\u00daCIA BDSM MODELO 4\"}]},{\"@type\":\"WebSite\",\"@id\":\"https:\\\/\\\/lovme.pt\\\/#website\",\"url\":\"https:\\\/\\\/lovme.pt\\\/\",\"name\":\"Lovme Loja Er\u00f3tica N\u00ba1 em Portugal\",\"description\":\"A melhor loja er\u00f3tica de Portugal.\",\"alternateName\":\"Loja Er\u00f3tica Lovme\",\"potentialAction\":[{\"@type\":\"SearchAction\",\"target\":{\"@type\":\"EntryPoint\",\"urlTemplate\":\"https:\\\/\\\/lovme.pt\\\/?s={search_term_string}\"},\"query-input\":{\"@type\":\"PropertyValueSpecification\",\"valueRequired\":true,\"valueName\":\"search_term_string\"}}],\"inLanguage\":\"pt-PT\"}]}<\/script>\n<!-- \/ Yoast SEO plugin. -->","yoast_head_json":{"title":"FETISH SUBMISSIVE - BONGO URSO DE PEL\u00daCIA BDSM MODELO 4 - Lovme","robots":{"index":"index","follow":"follow","max-snippet":"max-snippet:-1","max-image-preview":"max-image-preview:large","max-video-preview":"max-video-preview:-1"},"canonical":"https:\/\/lovme.pt\/index.php\/produto\/fetish-submissive-bongo-urso-de-pelucia-bdsm-modelo-4\/","og_locale":"pt_PT","og_type":"article","og_title":"FETISH SUBMISSIVE - BONGO URSO DE PEL\u00daCIA BDSM MODELO 4 - Lovme","og_description":"FETISH SUBMISSIVE - BONGO URSO DE PEL\u00daCIA BDSM MODELO 4","og_url":"https:\/\/lovme.pt\/index.php\/produto\/fetish-submissive-bongo-urso-de-pelucia-bdsm-modelo-4\/","og_site_name":"Lovme","article_modified_time":"2026-02-19T20:05:24+00:00","og_image":[{"width":800,"height":800,"url":"https:\/\/erki24nd3ub.exactdn.com\/wp-content\/uploads\/dream\/img\/img_195596_a5d287dfa8e6aebe87114454296a4c22_1.png?strip=all","type":"image\/png"}],"twitter_card":"summary_large_image","twitter_misc":{"Tempo estimado de leitura":"2 minutos"},"schema":{"@context":"https:\/\/schema.org","@graph":[{"@type":"WebPage","@id":"https:\/\/lovme.pt\/index.php\/produto\/fetish-submissive-bongo-urso-de-pelucia-bdsm-modelo-4\/","url":"https:\/\/lovme.pt\/index.php\/produto\/fetish-submissive-bongo-urso-de-pelucia-bdsm-modelo-4\/","name":"FETISH SUBMISSIVE - BONGO URSO DE PEL\u00daCIA BDSM MODELO 4 - Lovme","isPartOf":{"@id":"https:\/\/lovme.pt\/#website"},"primaryImageOfPage":{"@id":"https:\/\/lovme.pt\/index.php\/produto\/fetish-submissive-bongo-urso-de-pelucia-bdsm-modelo-4\/#primaryimage"},"image":{"@id":"https:\/\/lovme.pt\/index.php\/produto\/fetish-submissive-bongo-urso-de-pelucia-bdsm-modelo-4\/#primaryimage"},"thumbnailUrl":"https:\/\/erki24nd3ub.exactdn.com\/wp-content\/uploads\/dream\/img\/img_195596_a5d287dfa8e6aebe87114454296a4c22_1.png?strip=all","datePublished":"2025-09-30T09:48:31+00:00","dateModified":"2026-02-19T20:05:24+00:00","breadcrumb":{"@id":"https:\/\/lovme.pt\/index.php\/produto\/fetish-submissive-bongo-urso-de-pelucia-bdsm-modelo-4\/#breadcrumb"},"inLanguage":"pt-PT","potentialAction":[{"@type":"ReadAction","target":["https:\/\/lovme.pt\/index.php\/produto\/fetish-submissive-bongo-urso-de-pelucia-bdsm-modelo-4\/"]}]},{"@type":"ImageObject","inLanguage":"pt-PT","@id":"https:\/\/lovme.pt\/index.php\/produto\/fetish-submissive-bongo-urso-de-pelucia-bdsm-modelo-4\/#primaryimage","url":"https:\/\/erki24nd3ub.exactdn.com\/wp-content\/uploads\/dream\/img\/img_195596_a5d287dfa8e6aebe87114454296a4c22_1.png?strip=all","contentUrl":"https:\/\/erki24nd3ub.exactdn.com\/wp-content\/uploads\/dream\/img\/img_195596_a5d287dfa8e6aebe87114454296a4c22_1.png?strip=all","width":800,"height":800},{"@type":"BreadcrumbList","@id":"https:\/\/lovme.pt\/index.php\/produto\/fetish-submissive-bongo-urso-de-pelucia-bdsm-modelo-4\/#breadcrumb","itemListElement":[{"@type":"ListItem","position":1,"name":"In\u00edcio","item":"https:\/\/lovme.pt\/"},{"@type":"ListItem","position":2,"name":"Loja","item":"https:\/\/lovme.pt\/index.php\/loja\/"},{"@type":"ListItem","position":3,"name":"FETISH SUBMISSIVE &#8211; BONGO URSO DE PEL\u00daCIA BDSM MODELO 4"}]},{"@type":"WebSite","@id":"https:\/\/lovme.pt\/#website","url":"https:\/\/lovme.pt\/","name":"Lovme Loja Er\u00f3tica N\u00ba1 em Portugal","description":"A melhor loja er\u00f3tica de Portugal.","alternateName":"Loja Er\u00f3tica Lovme","potentialAction":[{"@type":"SearchAction","target":{"@type":"EntryPoint","urlTemplate":"https:\/\/lovme.pt\/?s={search_term_string}"},"query-input":{"@type":"PropertyValueSpecification","valueRequired":true,"valueName":"search_term_string"}}],"inLanguage":"pt-PT"}]}},"_links":{"self":[{"href":"https:\/\/lovme.pt\/index.php\/wp-json\/wp\/v2\/product\/50847","targetHints":{"allow":["GET"]}}],"collection":[{"href":"https:\/\/lovme.pt\/index.php\/wp-json\/wp\/v2\/product"}],"about":[{"href":"https:\/\/lovme.pt\/index.php\/wp-json\/wp\/v2\/types\/product"}],"wp:featuredmedia":[{"embeddable":true,"href":"https:\/\/lovme.pt\/index.php\/wp-json\/wp\/v2\/media\/57342"}],"wp:attachment":[{"href":"https:\/\/lovme.pt\/index.php\/wp-json\/wp\/v2\/media?parent=50847"}],"wp:term":[{"taxonomy":"product_brand","embeddable":true,"href":"https:\/\/lovme.pt\/index.php\/wp-json\/wp\/v2\/product_brand?post=50847"},{"taxonomy":"product_cat","embeddable":true,"href":"https:\/\/lovme.pt\/index.php\/wp-json\/wp\/v2\/product_cat?post=50847"},{"taxonomy":"product_tag","embeddable":true,"href":"https:\/\/lovme.pt\/index.php\/wp-json\/wp\/v2\/product_tag?post=50847"}],"curies":[{"name":"wp","href":"https:\/\/api.w.org\/{rel}","templated":true}]}}