{"id":50833,"date":"2025-09-30T22:04:45","date_gmt":"2025-09-30T22:04:45","guid":{"rendered":"https:\/\/lovme.pt\/?post_type=product&p=50833"},"modified":"2026-02-19T20:09:08","modified_gmt":"2026-02-19T20:09:08","slug":"intense-paty-vibrador-19-cm-flexivel-10-vibracoes-modelo-2-rosa","status":"publish","type":"product","link":"https:\/\/lovme.pt\/index.php\/produto\/intense-paty-vibrador-19-cm-flexivel-10-vibracoes-modelo-2-rosa\/","title":{"rendered":"INTENSE &#8211; PATY VIBRADOR 19 CM FLEX\u00cdVEL 10 VIBRA\u00c7\u00d5ES MODELO 2 ROSA"},"content":{"rendered":"<p>Mergulhe em um mundo de prazer com <strong>PATY<\/strong> , o vibrador elegante e funcional, criado para lhe proporcionar experi\u00eancias sensuais inesquec\u00edveis. Com 19 cm de comprimento e flexibilidade ideal, este vibrador \u00e9 perfeito para quem deseja uma estimula\u00e7\u00e3o precisa e potente.<\/p>\n<p><u><strong>CARACTER\u00cdSTICAS<\/strong><\/u> :<\/p>\n<ul>\n<li><strong>10 modos de vibra\u00e7\u00e3o<\/strong> que permitem que voc\u00ea personalize sua experi\u00eancia, desde pulsa\u00e7\u00f5es suaves at\u00e9 vibra\u00e7\u00f5es intensas, para satisfazer todos os seus desejos.<\/li>\n<li><strong>Haste flex\u00edvel<\/strong> , que se adapta \u00e0 sua anatomia para atingir seus pontos mais sens\u00edveis com facilidade, oferecendo uma sensa\u00e7\u00e3o natural e prazerosa.<\/li>\n<li><strong>Textura sedosa<\/strong> gra\u00e7as ao seu <strong>silicone premium de grau m\u00e9dico<\/strong> , que \u00e9 macio ao toque, seguro para o corpo, hipoalerg\u00eanico e f\u00e1cil de limpar.<\/li>\n<li><strong>Design ergon\u00f4mico<\/strong> que facilita a pegada e o controle durante o uso, proporcionando uma experi\u00eancia confort\u00e1vel e prazerosa.<\/li>\n<li><strong>Motor silencioso<\/strong> , ideal para momentos \u00edntimos e discretos, seja sozinho ou acompanhado.<\/li>\n<li><strong>\u00c0 prova d\u00e1gua<\/strong> (IPX6), permitindo que voc\u00ea aproveite o prazer at\u00e9 mesmo no chuveiro, e recarreg\u00e1vel por USB para maior conveni\u00eancia.<\/li>\n<\/ul>\n<p>\u00a0<\/p>\n<p><strong>Por que escolher a PATY?<\/strong><br \/>PATY \u00e9 a combina\u00e7\u00e3o perfeita de eleg\u00e2ncia e pot\u00eancia, projetado para quem busca explorar novas sensa\u00e7\u00f5es e desfrutar de orgasmos mais intensos. Seu design flex\u00edvel e variedade de vibra\u00e7\u00f5es levar\u00e3o voc\u00ea a descobrir um prazer que voc\u00ea nunca imaginou.<\/p>\n<p>Descubra novas maneiras de aproveitar com PATY e deixe-se envolver por suas vibra\u00e7\u00f5es irresist\u00edveis. Voc\u00ea est\u00e1 pronto para atingir o cl\u00edmax?<\/p>\n","protected":false},"excerpt":{"rendered":"<p>INTENSE &#8211; PATY VIBRADOR 19 CM FLEX\u00cdVEL 10 VIBRA\u00c7\u00d5ES MODELO 2 ROSA<\/p>\n","protected":false},"featured_media":73672,"template":"","meta":{"_acf_changed":false},"product_brand":[],"product_cat":[17,115,61,63,76],"product_tag":[],"class_list":{"0":"post-50833","1":"product","2":"type-product","3":"status-publish","4":"has-post-thumbnail","6":"product_cat-brinquedos-de-bem-estar-sexual","7":"product_cat-ofertas","8":"product_cat-para-elas","9":"product_cat-sexo-anal","10":"product_cat-vibradores","11":"yith_product_brand-intense","12":"yith_product_brand-intenseintense-toysintense-fun","13":"yith_product_brand-intenseintense-toys","15":"first","16":"instock","17":"taxable","18":"shipping-taxable","19":"purchasable","20":"product-type-simple"},"acf":[],"yoast_head":"<!-- This site is optimized with the Yoast SEO plugin v27.4 - https:\/\/yoast.com\/product\/yoast-seo-wordpress\/ -->\n<title>INTENSE - PATY VIBRADOR 19 CM FLEX\u00cdVEL 10 VIBRA\u00c7\u00d5ES MODELO 2 ROSA - Lovme<\/title>\n<meta name=\"robots\" content=\"index, follow, max-snippet:-1, max-image-preview:large, max-video-preview:-1\" \/>\n<link rel=\"canonical\" href=\"https:\/\/lovme.pt\/index.php\/produto\/intense-paty-vibrador-19-cm-flexivel-10-vibracoes-modelo-2-rosa\/\" \/>\n<meta property=\"og:locale\" content=\"pt_PT\" \/>\n<meta property=\"og:type\" content=\"article\" \/>\n<meta property=\"og:title\" content=\"INTENSE - PATY VIBRADOR 19 CM FLEX\u00cdVEL 10 VIBRA\u00c7\u00d5ES MODELO 2 ROSA - Lovme\" \/>\n<meta property=\"og:description\" content=\"INTENSE - PATY VIBRADOR 19 CM FLEX\u00cdVEL 10 VIBRA\u00c7\u00d5ES MODELO 2 ROSA\" \/>\n<meta property=\"og:url\" content=\"https:\/\/lovme.pt\/index.php\/produto\/intense-paty-vibrador-19-cm-flexivel-10-vibracoes-modelo-2-rosa\/\" \/>\n<meta property=\"og:site_name\" content=\"Lovme\" \/>\n<meta property=\"article:modified_time\" content=\"2026-02-19T20:09:08+00:00\" \/>\n<meta property=\"og:image\" content=\"https:\/\/erki24nd3ub.exactdn.com\/wp-content\/uploads\/dream\/img\/img_195717_b980b32d11f279b30a09ebf1fe975f06_1.png?strip=all\" \/>\n\t<meta property=\"og:image:width\" content=\"800\" \/>\n\t<meta property=\"og:image:height\" content=\"800\" \/>\n\t<meta property=\"og:image:type\" content=\"image\/png\" \/>\n<meta name=\"twitter:card\" content=\"summary_large_image\" \/>\n<meta name=\"twitter:label1\" content=\"Tempo estimado de leitura\" \/>\n\t<meta name=\"twitter:data1\" content=\"1 minuto\" \/>\n<script type=\"application\/ld+json\" class=\"yoast-schema-graph\">{\"@context\":\"https:\\\/\\\/schema.org\",\"@graph\":[{\"@type\":\"WebPage\",\"@id\":\"https:\\\/\\\/lovme.pt\\\/index.php\\\/produto\\\/intense-paty-vibrador-19-cm-flexivel-10-vibracoes-modelo-2-rosa\\\/\",\"url\":\"https:\\\/\\\/lovme.pt\\\/index.php\\\/produto\\\/intense-paty-vibrador-19-cm-flexivel-10-vibracoes-modelo-2-rosa\\\/\",\"name\":\"INTENSE - PATY VIBRADOR 19 CM FLEX\u00cdVEL 10 VIBRA\u00c7\u00d5ES MODELO 2 ROSA - Lovme\",\"isPartOf\":{\"@id\":\"https:\\\/\\\/lovme.pt\\\/#website\"},\"primaryImageOfPage\":{\"@id\":\"https:\\\/\\\/lovme.pt\\\/index.php\\\/produto\\\/intense-paty-vibrador-19-cm-flexivel-10-vibracoes-modelo-2-rosa\\\/#primaryimage\"},\"image\":{\"@id\":\"https:\\\/\\\/lovme.pt\\\/index.php\\\/produto\\\/intense-paty-vibrador-19-cm-flexivel-10-vibracoes-modelo-2-rosa\\\/#primaryimage\"},\"thumbnailUrl\":\"https:\\\/\\\/erki24nd3ub.exactdn.com\\\/wp-content\\\/uploads\\\/dream\\\/img\\\/img_195717_b980b32d11f279b30a09ebf1fe975f06_1.png?strip=all\",\"datePublished\":\"2025-09-30T22:04:45+00:00\",\"dateModified\":\"2026-02-19T20:09:08+00:00\",\"breadcrumb\":{\"@id\":\"https:\\\/\\\/lovme.pt\\\/index.php\\\/produto\\\/intense-paty-vibrador-19-cm-flexivel-10-vibracoes-modelo-2-rosa\\\/#breadcrumb\"},\"inLanguage\":\"pt-PT\",\"potentialAction\":[{\"@type\":\"ReadAction\",\"target\":[\"https:\\\/\\\/lovme.pt\\\/index.php\\\/produto\\\/intense-paty-vibrador-19-cm-flexivel-10-vibracoes-modelo-2-rosa\\\/\"]}]},{\"@type\":\"ImageObject\",\"inLanguage\":\"pt-PT\",\"@id\":\"https:\\\/\\\/lovme.pt\\\/index.php\\\/produto\\\/intense-paty-vibrador-19-cm-flexivel-10-vibracoes-modelo-2-rosa\\\/#primaryimage\",\"url\":\"https:\\\/\\\/erki24nd3ub.exactdn.com\\\/wp-content\\\/uploads\\\/dream\\\/img\\\/img_195717_b980b32d11f279b30a09ebf1fe975f06_1.png?strip=all\",\"contentUrl\":\"https:\\\/\\\/erki24nd3ub.exactdn.com\\\/wp-content\\\/uploads\\\/dream\\\/img\\\/img_195717_b980b32d11f279b30a09ebf1fe975f06_1.png?strip=all\",\"width\":800,\"height\":800},{\"@type\":\"BreadcrumbList\",\"@id\":\"https:\\\/\\\/lovme.pt\\\/index.php\\\/produto\\\/intense-paty-vibrador-19-cm-flexivel-10-vibracoes-modelo-2-rosa\\\/#breadcrumb\",\"itemListElement\":[{\"@type\":\"ListItem\",\"position\":1,\"name\":\"In\u00edcio\",\"item\":\"https:\\\/\\\/lovme.pt\\\/\"},{\"@type\":\"ListItem\",\"position\":2,\"name\":\"Loja\",\"item\":\"https:\\\/\\\/lovme.pt\\\/index.php\\\/loja\\\/\"},{\"@type\":\"ListItem\",\"position\":3,\"name\":\"INTENSE &#8211; PATY VIBRADOR 19 CM FLEX\u00cdVEL 10 VIBRA\u00c7\u00d5ES MODELO 2 ROSA\"}]},{\"@type\":\"WebSite\",\"@id\":\"https:\\\/\\\/lovme.pt\\\/#website\",\"url\":\"https:\\\/\\\/lovme.pt\\\/\",\"name\":\"Lovme Loja Er\u00f3tica N\u00ba1 em Portugal\",\"description\":\"A melhor loja er\u00f3tica de Portugal.\",\"alternateName\":\"Loja Er\u00f3tica Lovme\",\"potentialAction\":[{\"@type\":\"SearchAction\",\"target\":{\"@type\":\"EntryPoint\",\"urlTemplate\":\"https:\\\/\\\/lovme.pt\\\/?s={search_term_string}\"},\"query-input\":{\"@type\":\"PropertyValueSpecification\",\"valueRequired\":true,\"valueName\":\"search_term_string\"}}],\"inLanguage\":\"pt-PT\"}]}<\/script>\n<!-- \/ Yoast SEO plugin. -->","yoast_head_json":{"title":"INTENSE - PATY VIBRADOR 19 CM FLEX\u00cdVEL 10 VIBRA\u00c7\u00d5ES MODELO 2 ROSA - Lovme","robots":{"index":"index","follow":"follow","max-snippet":"max-snippet:-1","max-image-preview":"max-image-preview:large","max-video-preview":"max-video-preview:-1"},"canonical":"https:\/\/lovme.pt\/index.php\/produto\/intense-paty-vibrador-19-cm-flexivel-10-vibracoes-modelo-2-rosa\/","og_locale":"pt_PT","og_type":"article","og_title":"INTENSE - PATY VIBRADOR 19 CM FLEX\u00cdVEL 10 VIBRA\u00c7\u00d5ES MODELO 2 ROSA - Lovme","og_description":"INTENSE - PATY VIBRADOR 19 CM FLEX\u00cdVEL 10 VIBRA\u00c7\u00d5ES MODELO 2 ROSA","og_url":"https:\/\/lovme.pt\/index.php\/produto\/intense-paty-vibrador-19-cm-flexivel-10-vibracoes-modelo-2-rosa\/","og_site_name":"Lovme","article_modified_time":"2026-02-19T20:09:08+00:00","og_image":[{"width":800,"height":800,"url":"https:\/\/erki24nd3ub.exactdn.com\/wp-content\/uploads\/dream\/img\/img_195717_b980b32d11f279b30a09ebf1fe975f06_1.png?strip=all","type":"image\/png"}],"twitter_card":"summary_large_image","twitter_misc":{"Tempo estimado de leitura":"1 minuto"},"schema":{"@context":"https:\/\/schema.org","@graph":[{"@type":"WebPage","@id":"https:\/\/lovme.pt\/index.php\/produto\/intense-paty-vibrador-19-cm-flexivel-10-vibracoes-modelo-2-rosa\/","url":"https:\/\/lovme.pt\/index.php\/produto\/intense-paty-vibrador-19-cm-flexivel-10-vibracoes-modelo-2-rosa\/","name":"INTENSE - PATY VIBRADOR 19 CM FLEX\u00cdVEL 10 VIBRA\u00c7\u00d5ES MODELO 2 ROSA - Lovme","isPartOf":{"@id":"https:\/\/lovme.pt\/#website"},"primaryImageOfPage":{"@id":"https:\/\/lovme.pt\/index.php\/produto\/intense-paty-vibrador-19-cm-flexivel-10-vibracoes-modelo-2-rosa\/#primaryimage"},"image":{"@id":"https:\/\/lovme.pt\/index.php\/produto\/intense-paty-vibrador-19-cm-flexivel-10-vibracoes-modelo-2-rosa\/#primaryimage"},"thumbnailUrl":"https:\/\/erki24nd3ub.exactdn.com\/wp-content\/uploads\/dream\/img\/img_195717_b980b32d11f279b30a09ebf1fe975f06_1.png?strip=all","datePublished":"2025-09-30T22:04:45+00:00","dateModified":"2026-02-19T20:09:08+00:00","breadcrumb":{"@id":"https:\/\/lovme.pt\/index.php\/produto\/intense-paty-vibrador-19-cm-flexivel-10-vibracoes-modelo-2-rosa\/#breadcrumb"},"inLanguage":"pt-PT","potentialAction":[{"@type":"ReadAction","target":["https:\/\/lovme.pt\/index.php\/produto\/intense-paty-vibrador-19-cm-flexivel-10-vibracoes-modelo-2-rosa\/"]}]},{"@type":"ImageObject","inLanguage":"pt-PT","@id":"https:\/\/lovme.pt\/index.php\/produto\/intense-paty-vibrador-19-cm-flexivel-10-vibracoes-modelo-2-rosa\/#primaryimage","url":"https:\/\/erki24nd3ub.exactdn.com\/wp-content\/uploads\/dream\/img\/img_195717_b980b32d11f279b30a09ebf1fe975f06_1.png?strip=all","contentUrl":"https:\/\/erki24nd3ub.exactdn.com\/wp-content\/uploads\/dream\/img\/img_195717_b980b32d11f279b30a09ebf1fe975f06_1.png?strip=all","width":800,"height":800},{"@type":"BreadcrumbList","@id":"https:\/\/lovme.pt\/index.php\/produto\/intense-paty-vibrador-19-cm-flexivel-10-vibracoes-modelo-2-rosa\/#breadcrumb","itemListElement":[{"@type":"ListItem","position":1,"name":"In\u00edcio","item":"https:\/\/lovme.pt\/"},{"@type":"ListItem","position":2,"name":"Loja","item":"https:\/\/lovme.pt\/index.php\/loja\/"},{"@type":"ListItem","position":3,"name":"INTENSE &#8211; PATY VIBRADOR 19 CM FLEX\u00cdVEL 10 VIBRA\u00c7\u00d5ES MODELO 2 ROSA"}]},{"@type":"WebSite","@id":"https:\/\/lovme.pt\/#website","url":"https:\/\/lovme.pt\/","name":"Lovme Loja Er\u00f3tica N\u00ba1 em Portugal","description":"A melhor loja er\u00f3tica de Portugal.","alternateName":"Loja Er\u00f3tica Lovme","potentialAction":[{"@type":"SearchAction","target":{"@type":"EntryPoint","urlTemplate":"https:\/\/lovme.pt\/?s={search_term_string}"},"query-input":{"@type":"PropertyValueSpecification","valueRequired":true,"valueName":"search_term_string"}}],"inLanguage":"pt-PT"}]}},"_links":{"self":[{"href":"https:\/\/lovme.pt\/index.php\/wp-json\/wp\/v2\/product\/50833","targetHints":{"allow":["GET"]}}],"collection":[{"href":"https:\/\/lovme.pt\/index.php\/wp-json\/wp\/v2\/product"}],"about":[{"href":"https:\/\/lovme.pt\/index.php\/wp-json\/wp\/v2\/types\/product"}],"wp:featuredmedia":[{"embeddable":true,"href":"https:\/\/lovme.pt\/index.php\/wp-json\/wp\/v2\/media\/73672"}],"wp:attachment":[{"href":"https:\/\/lovme.pt\/index.php\/wp-json\/wp\/v2\/media?parent=50833"}],"wp:term":[{"taxonomy":"product_brand","embeddable":true,"href":"https:\/\/lovme.pt\/index.php\/wp-json\/wp\/v2\/product_brand?post=50833"},{"taxonomy":"product_cat","embeddable":true,"href":"https:\/\/lovme.pt\/index.php\/wp-json\/wp\/v2\/product_cat?post=50833"},{"taxonomy":"product_tag","embeddable":true,"href":"https:\/\/lovme.pt\/index.php\/wp-json\/wp\/v2\/product_tag?post=50833"}],"curies":[{"name":"wp","href":"https:\/\/api.w.org\/{rel}","templated":true}]}}