{"id":50816,"date":"2025-10-01T02:34:09","date_gmt":"2025-10-01T02:34:09","guid":{"rendered":"https:\/\/lovme.pt\/?post_type=product&p=50816"},"modified":"2026-02-19T20:19:17","modified_gmt":"2026-02-19T20:19:17","slug":"intense-vibrador-e-estimulador-paulina-em-formato-u-vermelho-2","status":"publish","type":"product","link":"https:\/\/lovme.pt\/index.php\/produto\/intense-vibrador-e-estimulador-paulina-em-formato-u-vermelho-2\/","title":{"rendered":"INTENSE &#8211; VIBRADOR E ESTIMULADOR PAULINA EM FORMATO U VERMELHO"},"content":{"rendered":"<p>Explore um novo n\u00edvel de prazer com <strong>PAULINA<\/strong> , o vibrador e estimulador em formato de U, projetado para proporcionar estimula\u00e7\u00e3o dupla intensa, tanto interna quanto externamente. Perfeito para quem busca experi\u00eancias sensoriais profundas, este brinquedo vers\u00e1til se adapta perfeitamente \u00e0 anatomia feminina.<\/p>\n<p>\u00a0<\/p>\n<p><u><strong>CARACTER\u00cdSTICAS<\/strong><\/u> :<\/p>\n<ul>\n<li>Design em formato de U, que se ajusta ergonomicamente para estimular simultaneamente o clit\u00f3ris e o ponto G, intensificando cada sensa\u00e7\u00e3o.<\/li>\n<li>V\u00e1rios modos de vibra\u00e7\u00e3o potentes para voc\u00ea explorar diferentes n\u00edveis de prazer, desde pulsa\u00e7\u00f5es suaves at\u00e9 vibra\u00e7\u00f5es mais intensas.<\/li>\n<li>Motor duplo silencioso, que permite estimula\u00e7\u00e3o simult\u00e2nea em ambas as extremidades, maximizando sua experi\u00eancia sem interrup\u00e7\u00f5es.<\/li>\n<li>Silicone de grau m\u00e9dico premium, com acabamento suave aveludado, seguro para o corpo, livre de ftalatos e f\u00e1cil de limpar.<\/li>\n<li>Flexibilidade e ajuste perfeito, projetados para se adaptar confortavelmente ao corpo, tanto para brincadeiras solo quanto para dar um toque extra em momentos \u00edntimos com o parceiro.<\/li>\n<li>Recarreg\u00e1vel por USB e \u00e0 prova d\u00e1gua IPX7, tornando-o ideal para uso no chuveiro ou na banheira, expandindo suas possibilidades de prazer.<\/li>\n<\/ul>\n<p>\u00a0<\/p>\n<p>Por que escolher <strong>PAULINA<\/strong> ?<br \/>Com seu formato \u00fanico e m\u00faltiplas fun\u00e7\u00f5es, PAULINA \u00e9 a companheira ideal para quem busca um prazer completo e abrangente. Gra\u00e7as \u00e0 sua dupla estimula\u00e7\u00e3o e modos de vibra\u00e7\u00e3o ajust\u00e1veis, \u00e9 perfeita para levar seus orgasmos a outro n\u00edvel.<\/p>\n<p><strong>PAULINA by INTENSE<\/strong> est\u00e1 pronta para revolucionar seus momentos de intimidade. Voc\u00ea est\u00e1 pronta para experimentar um prazer que a far\u00e1 vibrar?<\/p>\n","protected":false},"excerpt":{"rendered":"<p>EMBALAGEM: BLISTER<\/p>\n","protected":false},"featured_media":97735,"template":"","meta":{"_acf_changed":false},"product_brand":[],"product_cat":[17,61,76],"product_tag":[],"class_list":{"0":"post-50816","1":"product","2":"type-product","3":"status-publish","4":"has-post-thumbnail","6":"product_cat-brinquedos-de-bem-estar-sexual","7":"product_cat-para-elas","8":"product_cat-vibradores","9":"yith_product_brand-intense","10":"yith_product_brand-intenseintense-toysintense-fun","11":"yith_product_brand-intenseintense-toys","13":"first","14":"instock","15":"taxable","16":"shipping-taxable","17":"purchasable","18":"product-type-simple"},"acf":[],"yoast_head":"<!-- This site is optimized with the Yoast SEO plugin v27.4 - https:\/\/yoast.com\/product\/yoast-seo-wordpress\/ -->\n<title>INTENSE - VIBRADOR E ESTIMULADOR PAULINA EM FORMATO U VERMELHO - Lovme<\/title>\n<meta name=\"robots\" content=\"index, follow, max-snippet:-1, max-image-preview:large, max-video-preview:-1\" \/>\n<link rel=\"canonical\" href=\"https:\/\/lovme.pt\/index.php\/produto\/intense-vibrador-e-estimulador-paulina-em-formato-u-vermelho-2\/\" \/>\n<meta property=\"og:locale\" content=\"pt_PT\" \/>\n<meta property=\"og:type\" content=\"article\" \/>\n<meta property=\"og:title\" content=\"INTENSE - VIBRADOR E ESTIMULADOR PAULINA EM FORMATO U VERMELHO - Lovme\" \/>\n<meta property=\"og:description\" content=\"EMBALAGEM: BLISTER\" \/>\n<meta property=\"og:url\" content=\"https:\/\/lovme.pt\/index.php\/produto\/intense-vibrador-e-estimulador-paulina-em-formato-u-vermelho-2\/\" \/>\n<meta property=\"og:site_name\" content=\"Lovme\" \/>\n<meta property=\"article:modified_time\" content=\"2026-02-19T20:19:17+00:00\" \/>\n<meta property=\"og:image\" content=\"https:\/\/erki24nd3ub.exactdn.com\/wp-content\/uploads\/dream\/img\/img_195697_000c02bc190c8359aa90688f4e8308b1_1.png?strip=all\" \/>\n\t<meta property=\"og:image:width\" content=\"800\" \/>\n\t<meta property=\"og:image:height\" content=\"800\" \/>\n\t<meta property=\"og:image:type\" content=\"image\/png\" \/>\n<meta name=\"twitter:card\" content=\"summary_large_image\" \/>\n<meta name=\"twitter:label1\" content=\"Tempo estimado de leitura\" \/>\n\t<meta name=\"twitter:data1\" content=\"1 minuto\" \/>\n<script type=\"application\/ld+json\" class=\"yoast-schema-graph\">{\"@context\":\"https:\\\/\\\/schema.org\",\"@graph\":[{\"@type\":\"WebPage\",\"@id\":\"https:\\\/\\\/lovme.pt\\\/index.php\\\/produto\\\/intense-vibrador-e-estimulador-paulina-em-formato-u-vermelho-2\\\/\",\"url\":\"https:\\\/\\\/lovme.pt\\\/index.php\\\/produto\\\/intense-vibrador-e-estimulador-paulina-em-formato-u-vermelho-2\\\/\",\"name\":\"INTENSE - VIBRADOR E ESTIMULADOR PAULINA EM FORMATO U VERMELHO - Lovme\",\"isPartOf\":{\"@id\":\"https:\\\/\\\/lovme.pt\\\/#website\"},\"primaryImageOfPage\":{\"@id\":\"https:\\\/\\\/lovme.pt\\\/index.php\\\/produto\\\/intense-vibrador-e-estimulador-paulina-em-formato-u-vermelho-2\\\/#primaryimage\"},\"image\":{\"@id\":\"https:\\\/\\\/lovme.pt\\\/index.php\\\/produto\\\/intense-vibrador-e-estimulador-paulina-em-formato-u-vermelho-2\\\/#primaryimage\"},\"thumbnailUrl\":\"https:\\\/\\\/erki24nd3ub.exactdn.com\\\/wp-content\\\/uploads\\\/dream\\\/img\\\/img_195697_000c02bc190c8359aa90688f4e8308b1_1.png?strip=all\",\"datePublished\":\"2025-10-01T02:34:09+00:00\",\"dateModified\":\"2026-02-19T20:19:17+00:00\",\"breadcrumb\":{\"@id\":\"https:\\\/\\\/lovme.pt\\\/index.php\\\/produto\\\/intense-vibrador-e-estimulador-paulina-em-formato-u-vermelho-2\\\/#breadcrumb\"},\"inLanguage\":\"pt-PT\",\"potentialAction\":[{\"@type\":\"ReadAction\",\"target\":[\"https:\\\/\\\/lovme.pt\\\/index.php\\\/produto\\\/intense-vibrador-e-estimulador-paulina-em-formato-u-vermelho-2\\\/\"]}]},{\"@type\":\"ImageObject\",\"inLanguage\":\"pt-PT\",\"@id\":\"https:\\\/\\\/lovme.pt\\\/index.php\\\/produto\\\/intense-vibrador-e-estimulador-paulina-em-formato-u-vermelho-2\\\/#primaryimage\",\"url\":\"https:\\\/\\\/erki24nd3ub.exactdn.com\\\/wp-content\\\/uploads\\\/dream\\\/img\\\/img_195697_000c02bc190c8359aa90688f4e8308b1_1.png?strip=all\",\"contentUrl\":\"https:\\\/\\\/erki24nd3ub.exactdn.com\\\/wp-content\\\/uploads\\\/dream\\\/img\\\/img_195697_000c02bc190c8359aa90688f4e8308b1_1.png?strip=all\",\"width\":800,\"height\":800},{\"@type\":\"BreadcrumbList\",\"@id\":\"https:\\\/\\\/lovme.pt\\\/index.php\\\/produto\\\/intense-vibrador-e-estimulador-paulina-em-formato-u-vermelho-2\\\/#breadcrumb\",\"itemListElement\":[{\"@type\":\"ListItem\",\"position\":1,\"name\":\"In\u00edcio\",\"item\":\"https:\\\/\\\/lovme.pt\\\/\"},{\"@type\":\"ListItem\",\"position\":2,\"name\":\"Loja\",\"item\":\"https:\\\/\\\/lovme.pt\\\/index.php\\\/loja\\\/\"},{\"@type\":\"ListItem\",\"position\":3,\"name\":\"INTENSE &#8211; VIBRADOR E ESTIMULADOR PAULINA EM FORMATO U VERMELHO\"}]},{\"@type\":\"WebSite\",\"@id\":\"https:\\\/\\\/lovme.pt\\\/#website\",\"url\":\"https:\\\/\\\/lovme.pt\\\/\",\"name\":\"Lovme Loja Er\u00f3tica N\u00ba1 em Portugal\",\"description\":\"A melhor loja er\u00f3tica de Portugal.\",\"alternateName\":\"Loja Er\u00f3tica Lovme\",\"potentialAction\":[{\"@type\":\"SearchAction\",\"target\":{\"@type\":\"EntryPoint\",\"urlTemplate\":\"https:\\\/\\\/lovme.pt\\\/?s={search_term_string}\"},\"query-input\":{\"@type\":\"PropertyValueSpecification\",\"valueRequired\":true,\"valueName\":\"search_term_string\"}}],\"inLanguage\":\"pt-PT\"}]}<\/script>\n<!-- \/ Yoast SEO plugin. -->","yoast_head_json":{"title":"INTENSE - VIBRADOR E ESTIMULADOR PAULINA EM FORMATO U VERMELHO - Lovme","robots":{"index":"index","follow":"follow","max-snippet":"max-snippet:-1","max-image-preview":"max-image-preview:large","max-video-preview":"max-video-preview:-1"},"canonical":"https:\/\/lovme.pt\/index.php\/produto\/intense-vibrador-e-estimulador-paulina-em-formato-u-vermelho-2\/","og_locale":"pt_PT","og_type":"article","og_title":"INTENSE - VIBRADOR E ESTIMULADOR PAULINA EM FORMATO U VERMELHO - Lovme","og_description":"EMBALAGEM: BLISTER","og_url":"https:\/\/lovme.pt\/index.php\/produto\/intense-vibrador-e-estimulador-paulina-em-formato-u-vermelho-2\/","og_site_name":"Lovme","article_modified_time":"2026-02-19T20:19:17+00:00","og_image":[{"width":800,"height":800,"url":"https:\/\/erki24nd3ub.exactdn.com\/wp-content\/uploads\/dream\/img\/img_195697_000c02bc190c8359aa90688f4e8308b1_1.png?strip=all","type":"image\/png"}],"twitter_card":"summary_large_image","twitter_misc":{"Tempo estimado de leitura":"1 minuto"},"schema":{"@context":"https:\/\/schema.org","@graph":[{"@type":"WebPage","@id":"https:\/\/lovme.pt\/index.php\/produto\/intense-vibrador-e-estimulador-paulina-em-formato-u-vermelho-2\/","url":"https:\/\/lovme.pt\/index.php\/produto\/intense-vibrador-e-estimulador-paulina-em-formato-u-vermelho-2\/","name":"INTENSE - VIBRADOR E ESTIMULADOR PAULINA EM FORMATO U VERMELHO - Lovme","isPartOf":{"@id":"https:\/\/lovme.pt\/#website"},"primaryImageOfPage":{"@id":"https:\/\/lovme.pt\/index.php\/produto\/intense-vibrador-e-estimulador-paulina-em-formato-u-vermelho-2\/#primaryimage"},"image":{"@id":"https:\/\/lovme.pt\/index.php\/produto\/intense-vibrador-e-estimulador-paulina-em-formato-u-vermelho-2\/#primaryimage"},"thumbnailUrl":"https:\/\/erki24nd3ub.exactdn.com\/wp-content\/uploads\/dream\/img\/img_195697_000c02bc190c8359aa90688f4e8308b1_1.png?strip=all","datePublished":"2025-10-01T02:34:09+00:00","dateModified":"2026-02-19T20:19:17+00:00","breadcrumb":{"@id":"https:\/\/lovme.pt\/index.php\/produto\/intense-vibrador-e-estimulador-paulina-em-formato-u-vermelho-2\/#breadcrumb"},"inLanguage":"pt-PT","potentialAction":[{"@type":"ReadAction","target":["https:\/\/lovme.pt\/index.php\/produto\/intense-vibrador-e-estimulador-paulina-em-formato-u-vermelho-2\/"]}]},{"@type":"ImageObject","inLanguage":"pt-PT","@id":"https:\/\/lovme.pt\/index.php\/produto\/intense-vibrador-e-estimulador-paulina-em-formato-u-vermelho-2\/#primaryimage","url":"https:\/\/erki24nd3ub.exactdn.com\/wp-content\/uploads\/dream\/img\/img_195697_000c02bc190c8359aa90688f4e8308b1_1.png?strip=all","contentUrl":"https:\/\/erki24nd3ub.exactdn.com\/wp-content\/uploads\/dream\/img\/img_195697_000c02bc190c8359aa90688f4e8308b1_1.png?strip=all","width":800,"height":800},{"@type":"BreadcrumbList","@id":"https:\/\/lovme.pt\/index.php\/produto\/intense-vibrador-e-estimulador-paulina-em-formato-u-vermelho-2\/#breadcrumb","itemListElement":[{"@type":"ListItem","position":1,"name":"In\u00edcio","item":"https:\/\/lovme.pt\/"},{"@type":"ListItem","position":2,"name":"Loja","item":"https:\/\/lovme.pt\/index.php\/loja\/"},{"@type":"ListItem","position":3,"name":"INTENSE &#8211; VIBRADOR E ESTIMULADOR PAULINA EM FORMATO U VERMELHO"}]},{"@type":"WebSite","@id":"https:\/\/lovme.pt\/#website","url":"https:\/\/lovme.pt\/","name":"Lovme Loja Er\u00f3tica N\u00ba1 em Portugal","description":"A melhor loja er\u00f3tica de Portugal.","alternateName":"Loja Er\u00f3tica Lovme","potentialAction":[{"@type":"SearchAction","target":{"@type":"EntryPoint","urlTemplate":"https:\/\/lovme.pt\/?s={search_term_string}"},"query-input":{"@type":"PropertyValueSpecification","valueRequired":true,"valueName":"search_term_string"}}],"inLanguage":"pt-PT"}]}},"_links":{"self":[{"href":"https:\/\/lovme.pt\/index.php\/wp-json\/wp\/v2\/product\/50816","targetHints":{"allow":["GET"]}}],"collection":[{"href":"https:\/\/lovme.pt\/index.php\/wp-json\/wp\/v2\/product"}],"about":[{"href":"https:\/\/lovme.pt\/index.php\/wp-json\/wp\/v2\/types\/product"}],"wp:featuredmedia":[{"embeddable":true,"href":"https:\/\/lovme.pt\/index.php\/wp-json\/wp\/v2\/media\/97735"}],"wp:attachment":[{"href":"https:\/\/lovme.pt\/index.php\/wp-json\/wp\/v2\/media?parent=50816"}],"wp:term":[{"taxonomy":"product_brand","embeddable":true,"href":"https:\/\/lovme.pt\/index.php\/wp-json\/wp\/v2\/product_brand?post=50816"},{"taxonomy":"product_cat","embeddable":true,"href":"https:\/\/lovme.pt\/index.php\/wp-json\/wp\/v2\/product_cat?post=50816"},{"taxonomy":"product_tag","embeddable":true,"href":"https:\/\/lovme.pt\/index.php\/wp-json\/wp\/v2\/product_tag?post=50816"}],"curies":[{"name":"wp","href":"https:\/\/api.w.org\/{rel}","templated":true}]}}