{"id":50738,"date":"2025-10-01T00:31:16","date_gmt":"2025-10-01T00:31:16","guid":{"rendered":"https:\/\/lovme.pt\/?post_type=product&p=50738"},"modified":"2026-02-19T20:15:48","modified_gmt":"2026-02-19T20:15:48","slug":"leg-avenue-fantasia-de-lider-de-torcida-verde-s-m","status":"publish","type":"product","link":"https:\/\/lovme.pt\/index.php\/produto\/leg-avenue-fantasia-de-lider-de-torcida-verde-s-m\/","title":{"rendered":"LEG AVENUE &#8211; FANTASIA DE L\u00cdDER DE TORCIDA VERDE S\/M"},"content":{"rendered":"<p>Entre no esp\u00edrito festivo e esportivo com a <strong>fantasia de l\u00edder de torcida<\/strong> verde!<\/p>\n<p>Esta roupa divertida e sedutora \u00e9 perfeita para o Halloween, carnavais ou qualquer evento em que voc\u00ea queira se destacar e animar o ambiente.<\/p>\n<p>\u00a0<\/p>\n<p><u><strong>CARACTER\u00cdSTICAS<\/strong><\/u> :<\/p>\n<ul>\n<li><strong>Crop Top com Logotipo<\/strong> : O cropped top com o logotipo &#8220;Cheer&#8221; \u00e9 confort\u00e1vel e ajustado, destacando sua silhueta e acrescentando um toque aut\u00eantico e jovial.<\/li>\n<li><strong>Saia plissada<\/strong> : a saia plissada \u00e9 leve e permite total liberdade de movimentos, ideal para dan\u00e7ar e torcer com estilo.<\/li>\n<li><strong>Pompons combinando<\/strong> : Inclui pompons que completam o visual e d\u00e3o um toque extra de divers\u00e3o, perfeitos para animar e vibrar em qualquer ocasi\u00e3o.<\/li>\n<li><strong>Use e experimente<\/strong> : esta fantasia \u00e9 ideal para festas \u00e0 fantasia, eventos tem\u00e1ticos ou qualquer celebra\u00e7\u00e3o em que voc\u00ea queira se tornar a estrela. Combine com t\u00eanis brancos ou meias altas para um visual cl\u00e1ssico de l\u00edder de torcida.<\/li>\n<\/ul>\n<p>\u00a0<\/p>\n<p><strong>A Leg Avenue<\/strong> tem os produtos que voc\u00ea procura, comprometida em oferecer aos clientes produtos inovadores, pre\u00e7os competitivos e grande satisfa\u00e7\u00e3o, sempre frescos e com o que h\u00e1 de mais fashion em Los Angeles.<\/p>\n<p>Aqui \u00e9 tudo sobre voc\u00ea! Entendemos que cada corpo \u00e9 \u00fanico e acreditamos que todas as mulheres devem ter uma apar\u00eancia e se sentir fant\u00e1sticas, independentemente do seu tamanho ou forma. Ent\u00e3o, fique tranquila, nossos designs est\u00e3o sempre focados em destacar suas melhores caracter\u00edsticas. E falando s\u00e9rio, falamos s\u00e9rio quando dizemos que valorizamos tecidos supermacios e elasticidade de n\u00edvel superior. Conforto e estilo? Confira duas vezes!<\/p>\n<p>A variedade \u00e9 a chave para o nosso sucesso e voc\u00ea pode ver isso em nossos estilos. Nossos designers misturam e combinam materiais como profissionais, dando \u00e0s nossas cria\u00e7\u00f5es aquele ar de luxo inconfund\u00edvel para que voc\u00ea se sinta absolutamente de primeira classe. Seja uma renda que faz seus sentidos formigarem ou um cetim supermacio que suas m\u00e3os n\u00e3o conseguem resistir, n\u00f3s vamos al\u00e9m para lhe dar algo especial.<\/p>\n<p><strong>A Leg Avenue<\/strong> \u00e9 cheia de paix\u00e3o, divers\u00e3o e autoexpress\u00e3o. Queremos que voc\u00ea seja completamente voc\u00ea mesmo, com um toque de travessura e montanhas de confian\u00e7a. Descubra como nossa lingerie, meias e fantasias levam seu visual para o pr\u00f3ximo n\u00edvel. Juntos, aspiramos ao fant\u00e1stico e provamos que estilo n\u00e3o tem tamanho!<\/p>\n","protected":false},"excerpt":{"rendered":"<p>LEG AVENUE &#8211; FANTASIA DE L\u00cdDER DE TORCIDA VERDE S\/M<\/p>\n","protected":false},"featured_media":88599,"template":"","meta":{"_acf_changed":false},"product_brand":[],"product_cat":[50,47,66],"product_tag":[],"class_list":{"0":"post-50738","1":"product","2":"type-product","3":"status-publish","4":"has-post-thumbnail","6":"product_cat-complementos-e-acessorios","7":"product_cat-lingerie","8":"product_cat-lingerie-feminina","9":"yith_product_brand-leg-avenue","10":"yith_product_brand-leg-avenueleg-avenue-costumes","12":"first","13":"instock","14":"taxable","15":"shipping-taxable","16":"purchasable","17":"product-type-simple"},"acf":[],"yoast_head":"<!-- This site is optimized with the Yoast SEO plugin v27.4 - https:\/\/yoast.com\/product\/yoast-seo-wordpress\/ -->\n<title>LEG AVENUE - FANTASIA DE L\u00cdDER DE TORCIDA VERDE S\/M - Lovme<\/title>\n<meta name=\"robots\" content=\"index, follow, max-snippet:-1, max-image-preview:large, max-video-preview:-1\" \/>\n<link rel=\"canonical\" href=\"https:\/\/lovme.pt\/index.php\/produto\/leg-avenue-fantasia-de-lider-de-torcida-verde-s-m\/\" \/>\n<meta property=\"og:locale\" content=\"pt_PT\" \/>\n<meta property=\"og:type\" content=\"article\" \/>\n<meta property=\"og:title\" content=\"LEG AVENUE - FANTASIA DE L\u00cdDER DE TORCIDA VERDE S\/M - Lovme\" \/>\n<meta property=\"og:description\" content=\"LEG AVENUE - FANTASIA DE L\u00cdDER DE TORCIDA VERDE S\/M\" \/>\n<meta property=\"og:url\" content=\"https:\/\/lovme.pt\/index.php\/produto\/leg-avenue-fantasia-de-lider-de-torcida-verde-s-m\/\" \/>\n<meta property=\"og:site_name\" content=\"Lovme\" \/>\n<meta property=\"article:modified_time\" content=\"2026-02-19T20:15:48+00:00\" \/>\n<meta property=\"og:image\" content=\"https:\/\/erki24nd3ub.exactdn.com\/wp-content\/uploads\/dream\/img\/img_192670_832d3fd24248422a4b8a642a595b6412_1.jpg?strip=all\" \/>\n\t<meta property=\"og:image:width\" content=\"800\" \/>\n\t<meta property=\"og:image:height\" content=\"800\" \/>\n\t<meta property=\"og:image:type\" content=\"image\/jpeg\" \/>\n<meta name=\"twitter:card\" content=\"summary_large_image\" \/>\n<meta name=\"twitter:label1\" content=\"Tempo estimado de leitura\" \/>\n\t<meta name=\"twitter:data1\" content=\"2 minutos\" \/>\n<script type=\"application\/ld+json\" class=\"yoast-schema-graph\">{\"@context\":\"https:\\\/\\\/schema.org\",\"@graph\":[{\"@type\":\"WebPage\",\"@id\":\"https:\\\/\\\/lovme.pt\\\/index.php\\\/produto\\\/leg-avenue-fantasia-de-lider-de-torcida-verde-s-m\\\/\",\"url\":\"https:\\\/\\\/lovme.pt\\\/index.php\\\/produto\\\/leg-avenue-fantasia-de-lider-de-torcida-verde-s-m\\\/\",\"name\":\"LEG AVENUE - FANTASIA DE L\u00cdDER DE TORCIDA VERDE S\\\/M - Lovme\",\"isPartOf\":{\"@id\":\"https:\\\/\\\/lovme.pt\\\/#website\"},\"primaryImageOfPage\":{\"@id\":\"https:\\\/\\\/lovme.pt\\\/index.php\\\/produto\\\/leg-avenue-fantasia-de-lider-de-torcida-verde-s-m\\\/#primaryimage\"},\"image\":{\"@id\":\"https:\\\/\\\/lovme.pt\\\/index.php\\\/produto\\\/leg-avenue-fantasia-de-lider-de-torcida-verde-s-m\\\/#primaryimage\"},\"thumbnailUrl\":\"https:\\\/\\\/erki24nd3ub.exactdn.com\\\/wp-content\\\/uploads\\\/dream\\\/img\\\/img_192670_832d3fd24248422a4b8a642a595b6412_1.jpg?strip=all\",\"datePublished\":\"2025-10-01T00:31:16+00:00\",\"dateModified\":\"2026-02-19T20:15:48+00:00\",\"breadcrumb\":{\"@id\":\"https:\\\/\\\/lovme.pt\\\/index.php\\\/produto\\\/leg-avenue-fantasia-de-lider-de-torcida-verde-s-m\\\/#breadcrumb\"},\"inLanguage\":\"pt-PT\",\"potentialAction\":[{\"@type\":\"ReadAction\",\"target\":[\"https:\\\/\\\/lovme.pt\\\/index.php\\\/produto\\\/leg-avenue-fantasia-de-lider-de-torcida-verde-s-m\\\/\"]}]},{\"@type\":\"ImageObject\",\"inLanguage\":\"pt-PT\",\"@id\":\"https:\\\/\\\/lovme.pt\\\/index.php\\\/produto\\\/leg-avenue-fantasia-de-lider-de-torcida-verde-s-m\\\/#primaryimage\",\"url\":\"https:\\\/\\\/erki24nd3ub.exactdn.com\\\/wp-content\\\/uploads\\\/dream\\\/img\\\/img_192670_832d3fd24248422a4b8a642a595b6412_1.jpg?strip=all\",\"contentUrl\":\"https:\\\/\\\/erki24nd3ub.exactdn.com\\\/wp-content\\\/uploads\\\/dream\\\/img\\\/img_192670_832d3fd24248422a4b8a642a595b6412_1.jpg?strip=all\",\"width\":800,\"height\":800},{\"@type\":\"BreadcrumbList\",\"@id\":\"https:\\\/\\\/lovme.pt\\\/index.php\\\/produto\\\/leg-avenue-fantasia-de-lider-de-torcida-verde-s-m\\\/#breadcrumb\",\"itemListElement\":[{\"@type\":\"ListItem\",\"position\":1,\"name\":\"In\u00edcio\",\"item\":\"https:\\\/\\\/lovme.pt\\\/\"},{\"@type\":\"ListItem\",\"position\":2,\"name\":\"Loja\",\"item\":\"https:\\\/\\\/lovme.pt\\\/index.php\\\/loja\\\/\"},{\"@type\":\"ListItem\",\"position\":3,\"name\":\"LEG AVENUE &#8211; FANTASIA DE L\u00cdDER DE TORCIDA VERDE S\\\/M\"}]},{\"@type\":\"WebSite\",\"@id\":\"https:\\\/\\\/lovme.pt\\\/#website\",\"url\":\"https:\\\/\\\/lovme.pt\\\/\",\"name\":\"Lovme Loja Er\u00f3tica N\u00ba1 em Portugal\",\"description\":\"A melhor loja er\u00f3tica de Portugal.\",\"alternateName\":\"Loja Er\u00f3tica Lovme\",\"potentialAction\":[{\"@type\":\"SearchAction\",\"target\":{\"@type\":\"EntryPoint\",\"urlTemplate\":\"https:\\\/\\\/lovme.pt\\\/?s={search_term_string}\"},\"query-input\":{\"@type\":\"PropertyValueSpecification\",\"valueRequired\":true,\"valueName\":\"search_term_string\"}}],\"inLanguage\":\"pt-PT\"}]}<\/script>\n<!-- \/ Yoast SEO plugin. -->","yoast_head_json":{"title":"LEG AVENUE - FANTASIA DE L\u00cdDER DE TORCIDA VERDE S\/M - Lovme","robots":{"index":"index","follow":"follow","max-snippet":"max-snippet:-1","max-image-preview":"max-image-preview:large","max-video-preview":"max-video-preview:-1"},"canonical":"https:\/\/lovme.pt\/index.php\/produto\/leg-avenue-fantasia-de-lider-de-torcida-verde-s-m\/","og_locale":"pt_PT","og_type":"article","og_title":"LEG AVENUE - FANTASIA DE L\u00cdDER DE TORCIDA VERDE S\/M - Lovme","og_description":"LEG AVENUE - FANTASIA DE L\u00cdDER DE TORCIDA VERDE S\/M","og_url":"https:\/\/lovme.pt\/index.php\/produto\/leg-avenue-fantasia-de-lider-de-torcida-verde-s-m\/","og_site_name":"Lovme","article_modified_time":"2026-02-19T20:15:48+00:00","og_image":[{"width":800,"height":800,"url":"https:\/\/erki24nd3ub.exactdn.com\/wp-content\/uploads\/dream\/img\/img_192670_832d3fd24248422a4b8a642a595b6412_1.jpg?strip=all","type":"image\/jpeg"}],"twitter_card":"summary_large_image","twitter_misc":{"Tempo estimado de leitura":"2 minutos"},"schema":{"@context":"https:\/\/schema.org","@graph":[{"@type":"WebPage","@id":"https:\/\/lovme.pt\/index.php\/produto\/leg-avenue-fantasia-de-lider-de-torcida-verde-s-m\/","url":"https:\/\/lovme.pt\/index.php\/produto\/leg-avenue-fantasia-de-lider-de-torcida-verde-s-m\/","name":"LEG AVENUE - FANTASIA DE L\u00cdDER DE TORCIDA VERDE S\/M - Lovme","isPartOf":{"@id":"https:\/\/lovme.pt\/#website"},"primaryImageOfPage":{"@id":"https:\/\/lovme.pt\/index.php\/produto\/leg-avenue-fantasia-de-lider-de-torcida-verde-s-m\/#primaryimage"},"image":{"@id":"https:\/\/lovme.pt\/index.php\/produto\/leg-avenue-fantasia-de-lider-de-torcida-verde-s-m\/#primaryimage"},"thumbnailUrl":"https:\/\/erki24nd3ub.exactdn.com\/wp-content\/uploads\/dream\/img\/img_192670_832d3fd24248422a4b8a642a595b6412_1.jpg?strip=all","datePublished":"2025-10-01T00:31:16+00:00","dateModified":"2026-02-19T20:15:48+00:00","breadcrumb":{"@id":"https:\/\/lovme.pt\/index.php\/produto\/leg-avenue-fantasia-de-lider-de-torcida-verde-s-m\/#breadcrumb"},"inLanguage":"pt-PT","potentialAction":[{"@type":"ReadAction","target":["https:\/\/lovme.pt\/index.php\/produto\/leg-avenue-fantasia-de-lider-de-torcida-verde-s-m\/"]}]},{"@type":"ImageObject","inLanguage":"pt-PT","@id":"https:\/\/lovme.pt\/index.php\/produto\/leg-avenue-fantasia-de-lider-de-torcida-verde-s-m\/#primaryimage","url":"https:\/\/erki24nd3ub.exactdn.com\/wp-content\/uploads\/dream\/img\/img_192670_832d3fd24248422a4b8a642a595b6412_1.jpg?strip=all","contentUrl":"https:\/\/erki24nd3ub.exactdn.com\/wp-content\/uploads\/dream\/img\/img_192670_832d3fd24248422a4b8a642a595b6412_1.jpg?strip=all","width":800,"height":800},{"@type":"BreadcrumbList","@id":"https:\/\/lovme.pt\/index.php\/produto\/leg-avenue-fantasia-de-lider-de-torcida-verde-s-m\/#breadcrumb","itemListElement":[{"@type":"ListItem","position":1,"name":"In\u00edcio","item":"https:\/\/lovme.pt\/"},{"@type":"ListItem","position":2,"name":"Loja","item":"https:\/\/lovme.pt\/index.php\/loja\/"},{"@type":"ListItem","position":3,"name":"LEG AVENUE &#8211; FANTASIA DE L\u00cdDER DE TORCIDA VERDE S\/M"}]},{"@type":"WebSite","@id":"https:\/\/lovme.pt\/#website","url":"https:\/\/lovme.pt\/","name":"Lovme Loja Er\u00f3tica N\u00ba1 em Portugal","description":"A melhor loja er\u00f3tica de Portugal.","alternateName":"Loja Er\u00f3tica Lovme","potentialAction":[{"@type":"SearchAction","target":{"@type":"EntryPoint","urlTemplate":"https:\/\/lovme.pt\/?s={search_term_string}"},"query-input":{"@type":"PropertyValueSpecification","valueRequired":true,"valueName":"search_term_string"}}],"inLanguage":"pt-PT"}]}},"_links":{"self":[{"href":"https:\/\/lovme.pt\/index.php\/wp-json\/wp\/v2\/product\/50738","targetHints":{"allow":["GET"]}}],"collection":[{"href":"https:\/\/lovme.pt\/index.php\/wp-json\/wp\/v2\/product"}],"about":[{"href":"https:\/\/lovme.pt\/index.php\/wp-json\/wp\/v2\/types\/product"}],"wp:featuredmedia":[{"embeddable":true,"href":"https:\/\/lovme.pt\/index.php\/wp-json\/wp\/v2\/media\/88599"}],"wp:attachment":[{"href":"https:\/\/lovme.pt\/index.php\/wp-json\/wp\/v2\/media?parent=50738"}],"wp:term":[{"taxonomy":"product_brand","embeddable":true,"href":"https:\/\/lovme.pt\/index.php\/wp-json\/wp\/v2\/product_brand?post=50738"},{"taxonomy":"product_cat","embeddable":true,"href":"https:\/\/lovme.pt\/index.php\/wp-json\/wp\/v2\/product_cat?post=50738"},{"taxonomy":"product_tag","embeddable":true,"href":"https:\/\/lovme.pt\/index.php\/wp-json\/wp\/v2\/product_tag?post=50738"}],"curies":[{"name":"wp","href":"https:\/\/api.w.org\/{rel}","templated":true}]}}