{"id":50725,"date":"2025-10-01T00:30:55","date_gmt":"2025-10-01T00:30:55","guid":{"rendered":"https:\/\/lovme.pt\/?post_type=product&p=50725"},"modified":"2026-02-19T20:15:47","modified_gmt":"2026-02-19T20:15:47","slug":"leg-avenue-coroa-malefica-de-couro-sintetico-com-tachas-preto","status":"publish","type":"product","link":"https:\/\/lovme.pt\/index.php\/produto\/leg-avenue-coroa-malefica-de-couro-sintetico-com-tachas-preto\/","title":{"rendered":"LEG AVENUE &#8211; COROA MAL\u00c9FICA DE COURO SINT\u00c9TICO COM TACHAS PRETO"},"content":{"rendered":"<p>Desperte seu lado sombrio com a <strong>Coroa Mal\u00e9vola<\/strong> , o acess\u00f3rio perfeito para sua fantasia de Halloween ou festival.<\/p>\n<p>Esta coroa deslumbrante foi criada para quem quer se destacar em qualquer evento com um toque de maldade e sofistica\u00e7\u00e3o.<\/p>\n<p>\u00a0<\/p>\n<p><u><strong>CARACTER\u00cdSTICAS<\/strong><\/u> :<\/p>\n<ul>\n<li><strong>Material de alta qualidade<\/strong> : Feita de fibra 100% poli\u00e9ster, esta coroa \u00e9 dur\u00e1vel e confort\u00e1vel de usar, ideal para longas noites de festa.<\/li>\n<li><strong>Design marcante<\/strong> : a coroa de couro sint\u00e9tico apresenta tachas que acrescentam um toque ousado e dram\u00e1tico, evocando a ess\u00eancia do vil\u00e3o ic\u00f4nico.<\/li>\n<li><strong>Versatilidade<\/strong> : Perfeito para o Halloween, festas tem\u00e1ticas ou qualquer festival onde voc\u00ea queira brilhar com um estilo inesquec\u00edvel.<\/li>\n<li><strong>Use e experimente<\/strong> : complemente sua fantasia de Mal\u00e9vola ou use-a como um acess\u00f3rio marcante para qualquer roupa escura. Esta coroa transformar\u00e1 seu visual e far\u00e1 voc\u00ea se sentir uma verdadeira rainha das trevas.<\/li>\n<\/ul>\n<p>\u00a0<\/p>\n<p><strong>A Leg Avenue<\/strong> tem os produtos que voc\u00ea procura, comprometida em oferecer aos clientes produtos inovadores, pre\u00e7os competitivos e grande satisfa\u00e7\u00e3o, sempre frescos e com o que h\u00e1 de mais fashion em Los Angeles.<\/p>\n<p>Aqui \u00e9 tudo sobre voc\u00ea! Entendemos que cada corpo \u00e9 \u00fanico e acreditamos que todas as mulheres devem ter uma apar\u00eancia e se sentir fant\u00e1sticas, independentemente do seu tamanho ou forma. Ent\u00e3o, fique tranquila, nossos designs est\u00e3o sempre focados em destacar suas melhores caracter\u00edsticas. E falando s\u00e9rio, falamos s\u00e9rio quando dizemos que valorizamos tecidos supermacios e elasticidade de n\u00edvel superior. Conforto e estilo? Confira duas vezes!<\/p>\n<p>A variedade \u00e9 a chave para o nosso sucesso e voc\u00ea pode ver isso em nossos estilos. Nossos designers misturam e combinam materiais como profissionais, dando \u00e0s nossas cria\u00e7\u00f5es aquele ar de luxo inconfund\u00edvel para que voc\u00ea se sinta absolutamente de primeira classe. Seja uma renda que faz seus sentidos formigarem ou um cetim supermacio que suas m\u00e3os n\u00e3o conseguem resistir, n\u00f3s vamos al\u00e9m para lhe dar algo especial.<\/p>\n<p><strong>A Leg Avenue<\/strong> \u00e9 cheia de paix\u00e3o, divers\u00e3o e autoexpress\u00e3o. Queremos que voc\u00ea seja completamente voc\u00ea mesmo, com um toque de travessura e montanhas de confian\u00e7a. Descubra como nossa lingerie, meias e fantasias levam seu visual para o pr\u00f3ximo n\u00edvel. Juntos, aspiramos ao fant\u00e1stico e provamos que estilo n\u00e3o tem tamanho!<\/p>\n","protected":false},"excerpt":{"rendered":"<p>LEG AVENUE &#8211; COROA MAL\u00c9FICA DE COURO SINT\u00c9TICO COM TACHAS PRETO<\/p>\n","protected":false},"featured_media":88552,"template":"","meta":{"_acf_changed":false},"product_brand":[],"product_cat":[50,47,66],"product_tag":[],"class_list":{"0":"post-50725","1":"product","2":"type-product","3":"status-publish","4":"has-post-thumbnail","6":"product_cat-complementos-e-acessorios","7":"product_cat-lingerie","8":"product_cat-lingerie-feminina","9":"yith_product_brand-leg-avenue","10":"yith_product_brand-leg-avenueleg-avenue-accessories","12":"first","13":"instock","14":"taxable","15":"shipping-taxable","16":"purchasable","17":"product-type-simple"},"acf":[],"yoast_head":"<!-- This site is optimized with the Yoast SEO plugin v27.4 - https:\/\/yoast.com\/product\/yoast-seo-wordpress\/ -->\n<title>LEG AVENUE - COROA MAL\u00c9FICA DE COURO SINT\u00c9TICO COM TACHAS PRETO - Lovme<\/title>\n<meta name=\"robots\" content=\"index, follow, max-snippet:-1, max-image-preview:large, max-video-preview:-1\" \/>\n<link rel=\"canonical\" href=\"https:\/\/lovme.pt\/index.php\/produto\/leg-avenue-coroa-malefica-de-couro-sintetico-com-tachas-preto\/\" \/>\n<meta property=\"og:locale\" content=\"pt_PT\" \/>\n<meta property=\"og:type\" content=\"article\" \/>\n<meta property=\"og:title\" content=\"LEG AVENUE - COROA MAL\u00c9FICA DE COURO SINT\u00c9TICO COM TACHAS PRETO - Lovme\" \/>\n<meta property=\"og:description\" content=\"LEG AVENUE - COROA MAL\u00c9FICA DE COURO SINT\u00c9TICO COM TACHAS PRETO\" \/>\n<meta property=\"og:url\" content=\"https:\/\/lovme.pt\/index.php\/produto\/leg-avenue-coroa-malefica-de-couro-sintetico-com-tachas-preto\/\" \/>\n<meta property=\"og:site_name\" content=\"Lovme\" \/>\n<meta property=\"article:modified_time\" content=\"2026-02-19T20:15:47+00:00\" \/>\n<meta property=\"og:image\" content=\"https:\/\/erki24nd3ub.exactdn.com\/wp-content\/uploads\/dream\/img\/img_192558_e0cd3c42695dfd42fda64ef08d60f1b9_1.jpg?strip=all\" \/>\n\t<meta property=\"og:image:width\" content=\"800\" \/>\n\t<meta property=\"og:image:height\" content=\"800\" \/>\n\t<meta property=\"og:image:type\" content=\"image\/jpeg\" \/>\n<meta name=\"twitter:card\" content=\"summary_large_image\" \/>\n<meta name=\"twitter:label1\" content=\"Tempo estimado de leitura\" \/>\n\t<meta name=\"twitter:data1\" content=\"2 minutos\" \/>\n<script type=\"application\/ld+json\" class=\"yoast-schema-graph\">{\"@context\":\"https:\\\/\\\/schema.org\",\"@graph\":[{\"@type\":\"WebPage\",\"@id\":\"https:\\\/\\\/lovme.pt\\\/index.php\\\/produto\\\/leg-avenue-coroa-malefica-de-couro-sintetico-com-tachas-preto\\\/\",\"url\":\"https:\\\/\\\/lovme.pt\\\/index.php\\\/produto\\\/leg-avenue-coroa-malefica-de-couro-sintetico-com-tachas-preto\\\/\",\"name\":\"LEG AVENUE - COROA MAL\u00c9FICA DE COURO SINT\u00c9TICO COM TACHAS PRETO - Lovme\",\"isPartOf\":{\"@id\":\"https:\\\/\\\/lovme.pt\\\/#website\"},\"primaryImageOfPage\":{\"@id\":\"https:\\\/\\\/lovme.pt\\\/index.php\\\/produto\\\/leg-avenue-coroa-malefica-de-couro-sintetico-com-tachas-preto\\\/#primaryimage\"},\"image\":{\"@id\":\"https:\\\/\\\/lovme.pt\\\/index.php\\\/produto\\\/leg-avenue-coroa-malefica-de-couro-sintetico-com-tachas-preto\\\/#primaryimage\"},\"thumbnailUrl\":\"https:\\\/\\\/erki24nd3ub.exactdn.com\\\/wp-content\\\/uploads\\\/dream\\\/img\\\/img_192558_e0cd3c42695dfd42fda64ef08d60f1b9_1.jpg?strip=all\",\"datePublished\":\"2025-10-01T00:30:55+00:00\",\"dateModified\":\"2026-02-19T20:15:47+00:00\",\"breadcrumb\":{\"@id\":\"https:\\\/\\\/lovme.pt\\\/index.php\\\/produto\\\/leg-avenue-coroa-malefica-de-couro-sintetico-com-tachas-preto\\\/#breadcrumb\"},\"inLanguage\":\"pt-PT\",\"potentialAction\":[{\"@type\":\"ReadAction\",\"target\":[\"https:\\\/\\\/lovme.pt\\\/index.php\\\/produto\\\/leg-avenue-coroa-malefica-de-couro-sintetico-com-tachas-preto\\\/\"]}]},{\"@type\":\"ImageObject\",\"inLanguage\":\"pt-PT\",\"@id\":\"https:\\\/\\\/lovme.pt\\\/index.php\\\/produto\\\/leg-avenue-coroa-malefica-de-couro-sintetico-com-tachas-preto\\\/#primaryimage\",\"url\":\"https:\\\/\\\/erki24nd3ub.exactdn.com\\\/wp-content\\\/uploads\\\/dream\\\/img\\\/img_192558_e0cd3c42695dfd42fda64ef08d60f1b9_1.jpg?strip=all\",\"contentUrl\":\"https:\\\/\\\/erki24nd3ub.exactdn.com\\\/wp-content\\\/uploads\\\/dream\\\/img\\\/img_192558_e0cd3c42695dfd42fda64ef08d60f1b9_1.jpg?strip=all\",\"width\":800,\"height\":800},{\"@type\":\"BreadcrumbList\",\"@id\":\"https:\\\/\\\/lovme.pt\\\/index.php\\\/produto\\\/leg-avenue-coroa-malefica-de-couro-sintetico-com-tachas-preto\\\/#breadcrumb\",\"itemListElement\":[{\"@type\":\"ListItem\",\"position\":1,\"name\":\"In\u00edcio\",\"item\":\"https:\\\/\\\/lovme.pt\\\/\"},{\"@type\":\"ListItem\",\"position\":2,\"name\":\"Loja\",\"item\":\"https:\\\/\\\/lovme.pt\\\/index.php\\\/loja\\\/\"},{\"@type\":\"ListItem\",\"position\":3,\"name\":\"LEG AVENUE &#8211; COROA MAL\u00c9FICA DE COURO SINT\u00c9TICO COM TACHAS PRETO\"}]},{\"@type\":\"WebSite\",\"@id\":\"https:\\\/\\\/lovme.pt\\\/#website\",\"url\":\"https:\\\/\\\/lovme.pt\\\/\",\"name\":\"Lovme Loja Er\u00f3tica N\u00ba1 em Portugal\",\"description\":\"A melhor loja er\u00f3tica de Portugal.\",\"alternateName\":\"Loja Er\u00f3tica Lovme\",\"potentialAction\":[{\"@type\":\"SearchAction\",\"target\":{\"@type\":\"EntryPoint\",\"urlTemplate\":\"https:\\\/\\\/lovme.pt\\\/?s={search_term_string}\"},\"query-input\":{\"@type\":\"PropertyValueSpecification\",\"valueRequired\":true,\"valueName\":\"search_term_string\"}}],\"inLanguage\":\"pt-PT\"}]}<\/script>\n<!-- \/ Yoast SEO plugin. -->","yoast_head_json":{"title":"LEG AVENUE - COROA MAL\u00c9FICA DE COURO SINT\u00c9TICO COM TACHAS PRETO - Lovme","robots":{"index":"index","follow":"follow","max-snippet":"max-snippet:-1","max-image-preview":"max-image-preview:large","max-video-preview":"max-video-preview:-1"},"canonical":"https:\/\/lovme.pt\/index.php\/produto\/leg-avenue-coroa-malefica-de-couro-sintetico-com-tachas-preto\/","og_locale":"pt_PT","og_type":"article","og_title":"LEG AVENUE - COROA MAL\u00c9FICA DE COURO SINT\u00c9TICO COM TACHAS PRETO - Lovme","og_description":"LEG AVENUE - COROA MAL\u00c9FICA DE COURO SINT\u00c9TICO COM TACHAS PRETO","og_url":"https:\/\/lovme.pt\/index.php\/produto\/leg-avenue-coroa-malefica-de-couro-sintetico-com-tachas-preto\/","og_site_name":"Lovme","article_modified_time":"2026-02-19T20:15:47+00:00","og_image":[{"width":800,"height":800,"url":"https:\/\/erki24nd3ub.exactdn.com\/wp-content\/uploads\/dream\/img\/img_192558_e0cd3c42695dfd42fda64ef08d60f1b9_1.jpg?strip=all","type":"image\/jpeg"}],"twitter_card":"summary_large_image","twitter_misc":{"Tempo estimado de leitura":"2 minutos"},"schema":{"@context":"https:\/\/schema.org","@graph":[{"@type":"WebPage","@id":"https:\/\/lovme.pt\/index.php\/produto\/leg-avenue-coroa-malefica-de-couro-sintetico-com-tachas-preto\/","url":"https:\/\/lovme.pt\/index.php\/produto\/leg-avenue-coroa-malefica-de-couro-sintetico-com-tachas-preto\/","name":"LEG AVENUE - COROA MAL\u00c9FICA DE COURO SINT\u00c9TICO COM TACHAS PRETO - Lovme","isPartOf":{"@id":"https:\/\/lovme.pt\/#website"},"primaryImageOfPage":{"@id":"https:\/\/lovme.pt\/index.php\/produto\/leg-avenue-coroa-malefica-de-couro-sintetico-com-tachas-preto\/#primaryimage"},"image":{"@id":"https:\/\/lovme.pt\/index.php\/produto\/leg-avenue-coroa-malefica-de-couro-sintetico-com-tachas-preto\/#primaryimage"},"thumbnailUrl":"https:\/\/erki24nd3ub.exactdn.com\/wp-content\/uploads\/dream\/img\/img_192558_e0cd3c42695dfd42fda64ef08d60f1b9_1.jpg?strip=all","datePublished":"2025-10-01T00:30:55+00:00","dateModified":"2026-02-19T20:15:47+00:00","breadcrumb":{"@id":"https:\/\/lovme.pt\/index.php\/produto\/leg-avenue-coroa-malefica-de-couro-sintetico-com-tachas-preto\/#breadcrumb"},"inLanguage":"pt-PT","potentialAction":[{"@type":"ReadAction","target":["https:\/\/lovme.pt\/index.php\/produto\/leg-avenue-coroa-malefica-de-couro-sintetico-com-tachas-preto\/"]}]},{"@type":"ImageObject","inLanguage":"pt-PT","@id":"https:\/\/lovme.pt\/index.php\/produto\/leg-avenue-coroa-malefica-de-couro-sintetico-com-tachas-preto\/#primaryimage","url":"https:\/\/erki24nd3ub.exactdn.com\/wp-content\/uploads\/dream\/img\/img_192558_e0cd3c42695dfd42fda64ef08d60f1b9_1.jpg?strip=all","contentUrl":"https:\/\/erki24nd3ub.exactdn.com\/wp-content\/uploads\/dream\/img\/img_192558_e0cd3c42695dfd42fda64ef08d60f1b9_1.jpg?strip=all","width":800,"height":800},{"@type":"BreadcrumbList","@id":"https:\/\/lovme.pt\/index.php\/produto\/leg-avenue-coroa-malefica-de-couro-sintetico-com-tachas-preto\/#breadcrumb","itemListElement":[{"@type":"ListItem","position":1,"name":"In\u00edcio","item":"https:\/\/lovme.pt\/"},{"@type":"ListItem","position":2,"name":"Loja","item":"https:\/\/lovme.pt\/index.php\/loja\/"},{"@type":"ListItem","position":3,"name":"LEG AVENUE &#8211; COROA MAL\u00c9FICA DE COURO SINT\u00c9TICO COM TACHAS PRETO"}]},{"@type":"WebSite","@id":"https:\/\/lovme.pt\/#website","url":"https:\/\/lovme.pt\/","name":"Lovme Loja Er\u00f3tica N\u00ba1 em Portugal","description":"A melhor loja er\u00f3tica de Portugal.","alternateName":"Loja Er\u00f3tica Lovme","potentialAction":[{"@type":"SearchAction","target":{"@type":"EntryPoint","urlTemplate":"https:\/\/lovme.pt\/?s={search_term_string}"},"query-input":{"@type":"PropertyValueSpecification","valueRequired":true,"valueName":"search_term_string"}}],"inLanguage":"pt-PT"}]}},"_links":{"self":[{"href":"https:\/\/lovme.pt\/index.php\/wp-json\/wp\/v2\/product\/50725","targetHints":{"allow":["GET"]}}],"collection":[{"href":"https:\/\/lovme.pt\/index.php\/wp-json\/wp\/v2\/product"}],"about":[{"href":"https:\/\/lovme.pt\/index.php\/wp-json\/wp\/v2\/types\/product"}],"wp:featuredmedia":[{"embeddable":true,"href":"https:\/\/lovme.pt\/index.php\/wp-json\/wp\/v2\/media\/88552"}],"wp:attachment":[{"href":"https:\/\/lovme.pt\/index.php\/wp-json\/wp\/v2\/media?parent=50725"}],"wp:term":[{"taxonomy":"product_brand","embeddable":true,"href":"https:\/\/lovme.pt\/index.php\/wp-json\/wp\/v2\/product_brand?post=50725"},{"taxonomy":"product_cat","embeddable":true,"href":"https:\/\/lovme.pt\/index.php\/wp-json\/wp\/v2\/product_cat?post=50725"},{"taxonomy":"product_tag","embeddable":true,"href":"https:\/\/lovme.pt\/index.php\/wp-json\/wp\/v2\/product_tag?post=50725"}],"curies":[{"name":"wp","href":"https:\/\/api.w.org\/{rel}","templated":true}]}}