{"id":50722,"date":"2025-09-30T22:03:57","date_gmt":"2025-09-30T22:03:57","guid":{"rendered":"https:\/\/lovme.pt\/?post_type=product&p=50722"},"modified":"2026-02-19T20:09:07","modified_gmt":"2026-02-19T20:09:07","slug":"intense-monica-rabbit-vibrador-com-estimulador-g-spot-rotativo-azul","status":"publish","type":"product","link":"https:\/\/lovme.pt\/index.php\/produto\/intense-monica-rabbit-vibrador-com-estimulador-g-spot-rotativo-azul\/","title":{"rendered":"INTENSE &#8211; MONICA RABBIT VIBRADOR COM ESTIMULADOR G-SPOT ROTATIVO AZUL"},"content":{"rendered":"<p>O vibrador <strong>MONICA<\/strong> da marca <strong>INTENSE<\/strong> \u00e9 um elegante <strong>vibrador rabbit<\/strong> na atraente cor azul, projetado para oferecer uma experi\u00eancia sensual completa gra\u00e7as \u00e0 sua <strong>dupla estimula\u00e7\u00e3o<\/strong> e ao seu <strong>inovador estimulador girat\u00f3rio para o ponto G.<\/strong><\/p>\n<p>Com um <strong>comprimento total de 22,5 cm<\/strong> e uma <strong>parte inser\u00edvel de 11,5 cm<\/strong> , MONICA combina um design ergon\u00f4mico com uma <strong>espessura de 3,5 cm<\/strong> , ideal para quem busca uma estimula\u00e7\u00e3o profunda e prazerosa.<\/p>\n<p><strong>14 Modos de Vibra\u00e7\u00e3o e Estimula\u00e7\u00e3o Rotativa<\/strong> : MONICA n\u00e3o \u00e9 apenas um vibrador comum. Com 14 modos de vibra\u00e7\u00e3o ajust\u00e1veis e um motor potente, ele permite que voc\u00ea explore uma ampla gama de sensa\u00e7\u00f5es, de suaves a intensas. Al\u00e9m disso, sua fun\u00e7\u00e3o de ponto G rotativo garante que cada movimento seja focado em lhe dar a maior satisfa\u00e7\u00e3o poss\u00edvel, estimulando suas zonas er\u00f3genas com precis\u00e3o.<\/p>\n<p><strong>Silicone supermacio e material ABS<\/strong> : Este vibrador \u00e9 feito de silicone de grau m\u00e9dico e <strong>material ABS<\/strong> seguro para o corpo, totalmente livre de ftalatos. Sua textura \u00e9 supermacia e agrad\u00e1vel ao toque, garantindo conforto e seguran\u00e7a a cada uso. A qualidade dos materiais garante uma experi\u00eancia livre de irrita\u00e7\u00e3o ou desconforto.<\/p>\n<p><strong>\u00c0 prova d\u00e1gua<\/strong> : aproveite seus momentos mais \u00edntimos at\u00e9 mesmo no chuveiro ou na banheira, pois MONICA \u00e9 totalmente \u00e0 prova d\u00e1gua, permitindo que voc\u00ea experimente novas sensa\u00e7\u00f5es em qualquer ambiente.<\/p>\n<p><strong>Recarreg\u00e1vel USB<\/strong> : MONICA \u00e9 f\u00e1cil de usar e est\u00e1 sempre pronta para uso. Pronta para uso gra\u00e7as \u00e0 sua bateria recarreg\u00e1vel USB, que garante longa dura\u00e7\u00e3o e carregamento r\u00e1pido, para que voc\u00ea nunca fique sem energia nos momentos mais importantes.<\/p>\n<p>O vibrador MONICA \u00e9 ideal para quem busca estimula\u00e7\u00e3o completa, combinando vibra\u00e7\u00f5es e rota\u00e7\u00f5es que atingem o ponto G e o clit\u00f3ris com precis\u00e3o.<\/p>\n<p>Eleve seus momentos \u00edntimos com este coelho requintado da marca INTENSE e descubra novas sensa\u00e7\u00f5es!<\/p>\n","protected":false},"excerpt":{"rendered":"<p>INTENSE &#8211; MONICA RABBIT VIBRADOR COM ESTIMULADOR G-SPOT ROTATIVO AZUL<\/p>\n","protected":false},"featured_media":73542,"template":"","meta":{"_acf_changed":false},"product_brand":[],"product_cat":[17,115,61,76],"product_tag":[],"class_list":{"0":"post-50722","1":"product","2":"type-product","3":"status-publish","4":"has-post-thumbnail","6":"product_cat-brinquedos-de-bem-estar-sexual","7":"product_cat-ofertas","8":"product_cat-para-elas","9":"product_cat-vibradores","10":"yith_product_brand-intense","11":"yith_product_brand-intenseintense-toysintense-fun","12":"yith_product_brand-intenseintense-toys","14":"first","15":"instock","16":"taxable","17":"shipping-taxable","18":"purchasable","19":"product-type-simple"},"acf":[],"yoast_head":"<!-- This site is optimized with the Yoast SEO plugin v27.4 - https:\/\/yoast.com\/product\/yoast-seo-wordpress\/ -->\n<title>INTENSE - MONICA RABBIT VIBRADOR COM ESTIMULADOR G-SPOT ROTATIVO AZUL - Lovme<\/title>\n<meta name=\"robots\" content=\"index, follow, max-snippet:-1, max-image-preview:large, max-video-preview:-1\" \/>\n<link rel=\"canonical\" href=\"https:\/\/lovme.pt\/index.php\/produto\/intense-monica-rabbit-vibrador-com-estimulador-g-spot-rotativo-azul\/\" \/>\n<meta property=\"og:locale\" content=\"pt_PT\" \/>\n<meta property=\"og:type\" content=\"article\" \/>\n<meta property=\"og:title\" content=\"INTENSE - MONICA RABBIT VIBRADOR COM ESTIMULADOR G-SPOT ROTATIVO AZUL - Lovme\" \/>\n<meta property=\"og:description\" content=\"INTENSE - MONICA RABBIT VIBRADOR COM ESTIMULADOR G-SPOT ROTATIVO AZUL\" \/>\n<meta property=\"og:url\" content=\"https:\/\/lovme.pt\/index.php\/produto\/intense-monica-rabbit-vibrador-com-estimulador-g-spot-rotativo-azul\/\" \/>\n<meta property=\"og:site_name\" content=\"Lovme\" \/>\n<meta property=\"article:modified_time\" content=\"2026-02-19T20:09:07+00:00\" \/>\n<meta property=\"og:image\" content=\"https:\/\/erki24nd3ub.exactdn.com\/wp-content\/uploads\/dream\/img\/img_196223_842cd2d374d80f66b5373c6864202e64_1.png?strip=all\" \/>\n\t<meta property=\"og:image:width\" content=\"800\" \/>\n\t<meta property=\"og:image:height\" content=\"800\" \/>\n\t<meta property=\"og:image:type\" content=\"image\/png\" \/>\n<meta name=\"twitter:card\" content=\"summary_large_image\" \/>\n<meta name=\"twitter:label1\" content=\"Tempo estimado de leitura\" \/>\n\t<meta name=\"twitter:data1\" content=\"2 minutos\" \/>\n<script type=\"application\/ld+json\" class=\"yoast-schema-graph\">{\"@context\":\"https:\\\/\\\/schema.org\",\"@graph\":[{\"@type\":\"WebPage\",\"@id\":\"https:\\\/\\\/lovme.pt\\\/index.php\\\/produto\\\/intense-monica-rabbit-vibrador-com-estimulador-g-spot-rotativo-azul\\\/\",\"url\":\"https:\\\/\\\/lovme.pt\\\/index.php\\\/produto\\\/intense-monica-rabbit-vibrador-com-estimulador-g-spot-rotativo-azul\\\/\",\"name\":\"INTENSE - MONICA RABBIT VIBRADOR COM ESTIMULADOR G-SPOT ROTATIVO AZUL - Lovme\",\"isPartOf\":{\"@id\":\"https:\\\/\\\/lovme.pt\\\/#website\"},\"primaryImageOfPage\":{\"@id\":\"https:\\\/\\\/lovme.pt\\\/index.php\\\/produto\\\/intense-monica-rabbit-vibrador-com-estimulador-g-spot-rotativo-azul\\\/#primaryimage\"},\"image\":{\"@id\":\"https:\\\/\\\/lovme.pt\\\/index.php\\\/produto\\\/intense-monica-rabbit-vibrador-com-estimulador-g-spot-rotativo-azul\\\/#primaryimage\"},\"thumbnailUrl\":\"https:\\\/\\\/erki24nd3ub.exactdn.com\\\/wp-content\\\/uploads\\\/dream\\\/img\\\/img_196223_842cd2d374d80f66b5373c6864202e64_1.png?strip=all\",\"datePublished\":\"2025-09-30T22:03:57+00:00\",\"dateModified\":\"2026-02-19T20:09:07+00:00\",\"breadcrumb\":{\"@id\":\"https:\\\/\\\/lovme.pt\\\/index.php\\\/produto\\\/intense-monica-rabbit-vibrador-com-estimulador-g-spot-rotativo-azul\\\/#breadcrumb\"},\"inLanguage\":\"pt-PT\",\"potentialAction\":[{\"@type\":\"ReadAction\",\"target\":[\"https:\\\/\\\/lovme.pt\\\/index.php\\\/produto\\\/intense-monica-rabbit-vibrador-com-estimulador-g-spot-rotativo-azul\\\/\"]}]},{\"@type\":\"ImageObject\",\"inLanguage\":\"pt-PT\",\"@id\":\"https:\\\/\\\/lovme.pt\\\/index.php\\\/produto\\\/intense-monica-rabbit-vibrador-com-estimulador-g-spot-rotativo-azul\\\/#primaryimage\",\"url\":\"https:\\\/\\\/erki24nd3ub.exactdn.com\\\/wp-content\\\/uploads\\\/dream\\\/img\\\/img_196223_842cd2d374d80f66b5373c6864202e64_1.png?strip=all\",\"contentUrl\":\"https:\\\/\\\/erki24nd3ub.exactdn.com\\\/wp-content\\\/uploads\\\/dream\\\/img\\\/img_196223_842cd2d374d80f66b5373c6864202e64_1.png?strip=all\",\"width\":800,\"height\":800},{\"@type\":\"BreadcrumbList\",\"@id\":\"https:\\\/\\\/lovme.pt\\\/index.php\\\/produto\\\/intense-monica-rabbit-vibrador-com-estimulador-g-spot-rotativo-azul\\\/#breadcrumb\",\"itemListElement\":[{\"@type\":\"ListItem\",\"position\":1,\"name\":\"In\u00edcio\",\"item\":\"https:\\\/\\\/lovme.pt\\\/\"},{\"@type\":\"ListItem\",\"position\":2,\"name\":\"Loja\",\"item\":\"https:\\\/\\\/lovme.pt\\\/index.php\\\/loja\\\/\"},{\"@type\":\"ListItem\",\"position\":3,\"name\":\"INTENSE &#8211; MONICA RABBIT VIBRADOR COM ESTIMULADOR G-SPOT ROTATIVO AZUL\"}]},{\"@type\":\"WebSite\",\"@id\":\"https:\\\/\\\/lovme.pt\\\/#website\",\"url\":\"https:\\\/\\\/lovme.pt\\\/\",\"name\":\"Lovme Loja Er\u00f3tica N\u00ba1 em Portugal\",\"description\":\"A melhor loja er\u00f3tica de Portugal.\",\"alternateName\":\"Loja Er\u00f3tica Lovme\",\"potentialAction\":[{\"@type\":\"SearchAction\",\"target\":{\"@type\":\"EntryPoint\",\"urlTemplate\":\"https:\\\/\\\/lovme.pt\\\/?s={search_term_string}\"},\"query-input\":{\"@type\":\"PropertyValueSpecification\",\"valueRequired\":true,\"valueName\":\"search_term_string\"}}],\"inLanguage\":\"pt-PT\"}]}<\/script>\n<!-- \/ Yoast SEO plugin. -->","yoast_head_json":{"title":"INTENSE - MONICA RABBIT VIBRADOR COM ESTIMULADOR G-SPOT ROTATIVO AZUL - Lovme","robots":{"index":"index","follow":"follow","max-snippet":"max-snippet:-1","max-image-preview":"max-image-preview:large","max-video-preview":"max-video-preview:-1"},"canonical":"https:\/\/lovme.pt\/index.php\/produto\/intense-monica-rabbit-vibrador-com-estimulador-g-spot-rotativo-azul\/","og_locale":"pt_PT","og_type":"article","og_title":"INTENSE - MONICA RABBIT VIBRADOR COM ESTIMULADOR G-SPOT ROTATIVO AZUL - Lovme","og_description":"INTENSE - MONICA RABBIT VIBRADOR COM ESTIMULADOR G-SPOT ROTATIVO AZUL","og_url":"https:\/\/lovme.pt\/index.php\/produto\/intense-monica-rabbit-vibrador-com-estimulador-g-spot-rotativo-azul\/","og_site_name":"Lovme","article_modified_time":"2026-02-19T20:09:07+00:00","og_image":[{"width":800,"height":800,"url":"https:\/\/erki24nd3ub.exactdn.com\/wp-content\/uploads\/dream\/img\/img_196223_842cd2d374d80f66b5373c6864202e64_1.png?strip=all","type":"image\/png"}],"twitter_card":"summary_large_image","twitter_misc":{"Tempo estimado de leitura":"2 minutos"},"schema":{"@context":"https:\/\/schema.org","@graph":[{"@type":"WebPage","@id":"https:\/\/lovme.pt\/index.php\/produto\/intense-monica-rabbit-vibrador-com-estimulador-g-spot-rotativo-azul\/","url":"https:\/\/lovme.pt\/index.php\/produto\/intense-monica-rabbit-vibrador-com-estimulador-g-spot-rotativo-azul\/","name":"INTENSE - MONICA RABBIT VIBRADOR COM ESTIMULADOR G-SPOT ROTATIVO AZUL - Lovme","isPartOf":{"@id":"https:\/\/lovme.pt\/#website"},"primaryImageOfPage":{"@id":"https:\/\/lovme.pt\/index.php\/produto\/intense-monica-rabbit-vibrador-com-estimulador-g-spot-rotativo-azul\/#primaryimage"},"image":{"@id":"https:\/\/lovme.pt\/index.php\/produto\/intense-monica-rabbit-vibrador-com-estimulador-g-spot-rotativo-azul\/#primaryimage"},"thumbnailUrl":"https:\/\/erki24nd3ub.exactdn.com\/wp-content\/uploads\/dream\/img\/img_196223_842cd2d374d80f66b5373c6864202e64_1.png?strip=all","datePublished":"2025-09-30T22:03:57+00:00","dateModified":"2026-02-19T20:09:07+00:00","breadcrumb":{"@id":"https:\/\/lovme.pt\/index.php\/produto\/intense-monica-rabbit-vibrador-com-estimulador-g-spot-rotativo-azul\/#breadcrumb"},"inLanguage":"pt-PT","potentialAction":[{"@type":"ReadAction","target":["https:\/\/lovme.pt\/index.php\/produto\/intense-monica-rabbit-vibrador-com-estimulador-g-spot-rotativo-azul\/"]}]},{"@type":"ImageObject","inLanguage":"pt-PT","@id":"https:\/\/lovme.pt\/index.php\/produto\/intense-monica-rabbit-vibrador-com-estimulador-g-spot-rotativo-azul\/#primaryimage","url":"https:\/\/erki24nd3ub.exactdn.com\/wp-content\/uploads\/dream\/img\/img_196223_842cd2d374d80f66b5373c6864202e64_1.png?strip=all","contentUrl":"https:\/\/erki24nd3ub.exactdn.com\/wp-content\/uploads\/dream\/img\/img_196223_842cd2d374d80f66b5373c6864202e64_1.png?strip=all","width":800,"height":800},{"@type":"BreadcrumbList","@id":"https:\/\/lovme.pt\/index.php\/produto\/intense-monica-rabbit-vibrador-com-estimulador-g-spot-rotativo-azul\/#breadcrumb","itemListElement":[{"@type":"ListItem","position":1,"name":"In\u00edcio","item":"https:\/\/lovme.pt\/"},{"@type":"ListItem","position":2,"name":"Loja","item":"https:\/\/lovme.pt\/index.php\/loja\/"},{"@type":"ListItem","position":3,"name":"INTENSE &#8211; MONICA RABBIT VIBRADOR COM ESTIMULADOR G-SPOT ROTATIVO AZUL"}]},{"@type":"WebSite","@id":"https:\/\/lovme.pt\/#website","url":"https:\/\/lovme.pt\/","name":"Lovme Loja Er\u00f3tica N\u00ba1 em Portugal","description":"A melhor loja er\u00f3tica de Portugal.","alternateName":"Loja Er\u00f3tica Lovme","potentialAction":[{"@type":"SearchAction","target":{"@type":"EntryPoint","urlTemplate":"https:\/\/lovme.pt\/?s={search_term_string}"},"query-input":{"@type":"PropertyValueSpecification","valueRequired":true,"valueName":"search_term_string"}}],"inLanguage":"pt-PT"}]}},"_links":{"self":[{"href":"https:\/\/lovme.pt\/index.php\/wp-json\/wp\/v2\/product\/50722","targetHints":{"allow":["GET"]}}],"collection":[{"href":"https:\/\/lovme.pt\/index.php\/wp-json\/wp\/v2\/product"}],"about":[{"href":"https:\/\/lovme.pt\/index.php\/wp-json\/wp\/v2\/types\/product"}],"wp:featuredmedia":[{"embeddable":true,"href":"https:\/\/lovme.pt\/index.php\/wp-json\/wp\/v2\/media\/73542"}],"wp:attachment":[{"href":"https:\/\/lovme.pt\/index.php\/wp-json\/wp\/v2\/media?parent=50722"}],"wp:term":[{"taxonomy":"product_brand","embeddable":true,"href":"https:\/\/lovme.pt\/index.php\/wp-json\/wp\/v2\/product_brand?post=50722"},{"taxonomy":"product_cat","embeddable":true,"href":"https:\/\/lovme.pt\/index.php\/wp-json\/wp\/v2\/product_cat?post=50722"},{"taxonomy":"product_tag","embeddable":true,"href":"https:\/\/lovme.pt\/index.php\/wp-json\/wp\/v2\/product_tag?post=50722"}],"curies":[{"name":"wp","href":"https:\/\/api.w.org\/{rel}","templated":true}]}}