{"id":50706,"date":"2025-09-30T22:03:53","date_gmt":"2025-09-30T22:03:53","guid":{"rendered":"https:\/\/lovme.pt\/?post_type=product&#038;p=50706"},"modified":"2026-02-19T20:09:07","modified_gmt":"2026-02-19T20:09:07","slug":"intense-vibrador-realistico-phoebe-10-vibracoes-controle-remoto-azul","status":"publish","type":"product","link":"https:\/\/lovme.pt\/index.php\/produto\/intense-vibrador-realistico-phoebe-10-vibracoes-controle-remoto-azul\/","title":{"rendered":"INTENSE &#8211; VIBRADOR REAL\u00cdSTICO PHOEBE 10 VIBRA\u00c7\u00d5ES CONTROLE REMOTO AZUL"},"content":{"rendered":"<p>O vibrador <strong>PHOEBE<\/strong> , da marca <strong>INTENSE<\/strong> , \u00e9 a escolha perfeita para quem busca prazer sem limites.<\/p>\n<p>Com um design sofisticado na cor azul e recursos pensados para maximizar sua experi\u00eancia, o PHOEBE oferece um <strong>comprimento total de 19 cm<\/strong> , com <strong>17 cm inser\u00edveis<\/strong> , proporcionando estimula\u00e7\u00e3o intensa e profunda gra\u00e7as \u00e0 sua <strong>espessura de 3,5 cm<\/strong> .<\/p>\n<p><strong>10 N\u00edveis de Vibra\u00e7\u00e3o<\/strong> : Seu motor potente possui 10 modos de vibra\u00e7\u00e3o ajust\u00e1veis, projetados para se adaptar \u00e0s suas prefer\u00eancias e lev\u00e1-lo a novos patamares de prazer. Voc\u00ea pode controlar facilmente as vibra\u00e7\u00f5es usando o controle remoto, permitindo que voc\u00ea experimente uma ampla variedade de sensa\u00e7\u00f5es, seja sozinho ou com seu parceiro.<\/p>\n<p><strong>Silicone supermacio e seguro<\/strong> : Feito de silicone supermacio de alta qualidade, o PHOEBE \u00e9 totalmente seguro para o corpo e livre de ftalatos, garantindo uma experi\u00eancia confort\u00e1vel, segura e sem irrita\u00e7\u00e3o. Sua textura aveludada proporciona uma sensa\u00e7\u00e3o incrivelmente agrad\u00e1vel em contato com a pele.<\/p>\n<p><strong>\u00c0 prova d\u00e1gua<\/strong> : Este vibrador \u00e9 \u00e0 prova d\u00e1gua, o que o torna ideal para uso no chuveiro ou na banheira, permitindo que voc\u00ea aproveite seus momentos \u00edntimos sem preocupa\u00e7\u00f5es.<\/p>\n<p><strong>Carregador magn\u00e9tico<\/strong> : o PHOEBE \u00e9 facilmente recarregado gra\u00e7as ao seu carregador magn\u00e9tico, oferecendo uma maneira conveniente e moderna de manter seu brinquedo sempre pronto para a a\u00e7\u00e3o.<\/p>\n<p>O vibrador PHOEBE \u00e9 uma op\u00e7\u00e3o inovadora e vers\u00e1til, ideal tanto para o prazer individual quanto para casais. Com seu design elegante, tecnologia avan\u00e7ada e \u00f3timo conforto, o PHOEBE foi projetado para tornar cada experi\u00eancia uma jornada inesquec\u00edvel rumo ao prazer.<\/p>\n","protected":false},"excerpt":{"rendered":"<p>EMBALAGEM: BLISTER<\/p>\n","protected":false},"featured_media":73532,"template":"","meta":{"_acf_changed":false},"product_brand":[],"product_cat":[17,115,61,76],"product_tag":[],"class_list":{"0":"post-50706","1":"product","2":"type-product","3":"status-publish","4":"has-post-thumbnail","6":"product_cat-brinquedos-de-bem-estar-sexual","7":"product_cat-ofertas","8":"product_cat-para-elas","9":"product_cat-vibradores","10":"yith_product_brand-intense","11":"yith_product_brand-intenseintense-toysintense-fun","12":"yith_product_brand-intenseintense-toys","14":"first","15":"instock","16":"taxable","17":"shipping-taxable","18":"purchasable","19":"product-type-simple"},"acf":[],"yoast_head":"<!-- This site is optimized with the Yoast SEO plugin v27.4 - https:\/\/yoast.com\/product\/yoast-seo-wordpress\/ -->\n<title>INTENSE - VIBRADOR REAL\u00cdSTICO PHOEBE 10 VIBRA\u00c7\u00d5ES CONTROLE REMOTO AZUL - Lovme<\/title>\n<meta name=\"robots\" content=\"index, follow, max-snippet:-1, max-image-preview:large, max-video-preview:-1\" \/>\n<link rel=\"canonical\" href=\"https:\/\/lovme.pt\/index.php\/produto\/intense-vibrador-realistico-phoebe-10-vibracoes-controle-remoto-azul\/\" \/>\n<meta property=\"og:locale\" content=\"pt_PT\" \/>\n<meta property=\"og:type\" content=\"article\" \/>\n<meta property=\"og:title\" content=\"INTENSE - VIBRADOR REAL\u00cdSTICO PHOEBE 10 VIBRA\u00c7\u00d5ES CONTROLE REMOTO AZUL - Lovme\" \/>\n<meta property=\"og:description\" content=\"EMBALAGEM: BLISTER\" \/>\n<meta property=\"og:url\" content=\"https:\/\/lovme.pt\/index.php\/produto\/intense-vibrador-realistico-phoebe-10-vibracoes-controle-remoto-azul\/\" \/>\n<meta property=\"og:site_name\" content=\"Lovme\" \/>\n<meta property=\"article:modified_time\" content=\"2026-02-19T20:09:07+00:00\" \/>\n<meta property=\"og:image\" content=\"https:\/\/erki24nd3ub.exactdn.com\/wp-content\/uploads\/dream\/img\/img_196212_8a796f099190c768b8feac78162ad2f9_1.png?strip=all\" \/>\n\t<meta property=\"og:image:width\" content=\"800\" \/>\n\t<meta property=\"og:image:height\" content=\"800\" \/>\n\t<meta property=\"og:image:type\" content=\"image\/png\" \/>\n<meta name=\"twitter:card\" content=\"summary_large_image\" \/>\n<meta name=\"twitter:label1\" content=\"Tempo estimado de leitura\" \/>\n\t<meta name=\"twitter:data1\" content=\"1 minuto\" \/>\n<script type=\"application\/ld+json\" class=\"yoast-schema-graph\">{\"@context\":\"https:\\\/\\\/schema.org\",\"@graph\":[{\"@type\":\"WebPage\",\"@id\":\"https:\\\/\\\/lovme.pt\\\/index.php\\\/produto\\\/intense-vibrador-realistico-phoebe-10-vibracoes-controle-remoto-azul\\\/\",\"url\":\"https:\\\/\\\/lovme.pt\\\/index.php\\\/produto\\\/intense-vibrador-realistico-phoebe-10-vibracoes-controle-remoto-azul\\\/\",\"name\":\"INTENSE - VIBRADOR REAL\u00cdSTICO PHOEBE 10 VIBRA\u00c7\u00d5ES CONTROLE REMOTO AZUL - Lovme\",\"isPartOf\":{\"@id\":\"https:\\\/\\\/lovme.pt\\\/#website\"},\"primaryImageOfPage\":{\"@id\":\"https:\\\/\\\/lovme.pt\\\/index.php\\\/produto\\\/intense-vibrador-realistico-phoebe-10-vibracoes-controle-remoto-azul\\\/#primaryimage\"},\"image\":{\"@id\":\"https:\\\/\\\/lovme.pt\\\/index.php\\\/produto\\\/intense-vibrador-realistico-phoebe-10-vibracoes-controle-remoto-azul\\\/#primaryimage\"},\"thumbnailUrl\":\"https:\\\/\\\/erki24nd3ub.exactdn.com\\\/wp-content\\\/uploads\\\/dream\\\/img\\\/img_196212_8a796f099190c768b8feac78162ad2f9_1.png?strip=all\",\"datePublished\":\"2025-09-30T22:03:53+00:00\",\"dateModified\":\"2026-02-19T20:09:07+00:00\",\"breadcrumb\":{\"@id\":\"https:\\\/\\\/lovme.pt\\\/index.php\\\/produto\\\/intense-vibrador-realistico-phoebe-10-vibracoes-controle-remoto-azul\\\/#breadcrumb\"},\"inLanguage\":\"pt-PT\",\"potentialAction\":[{\"@type\":\"ReadAction\",\"target\":[\"https:\\\/\\\/lovme.pt\\\/index.php\\\/produto\\\/intense-vibrador-realistico-phoebe-10-vibracoes-controle-remoto-azul\\\/\"]}]},{\"@type\":\"ImageObject\",\"inLanguage\":\"pt-PT\",\"@id\":\"https:\\\/\\\/lovme.pt\\\/index.php\\\/produto\\\/intense-vibrador-realistico-phoebe-10-vibracoes-controle-remoto-azul\\\/#primaryimage\",\"url\":\"https:\\\/\\\/erki24nd3ub.exactdn.com\\\/wp-content\\\/uploads\\\/dream\\\/img\\\/img_196212_8a796f099190c768b8feac78162ad2f9_1.png?strip=all\",\"contentUrl\":\"https:\\\/\\\/erki24nd3ub.exactdn.com\\\/wp-content\\\/uploads\\\/dream\\\/img\\\/img_196212_8a796f099190c768b8feac78162ad2f9_1.png?strip=all\",\"width\":800,\"height\":800},{\"@type\":\"BreadcrumbList\",\"@id\":\"https:\\\/\\\/lovme.pt\\\/index.php\\\/produto\\\/intense-vibrador-realistico-phoebe-10-vibracoes-controle-remoto-azul\\\/#breadcrumb\",\"itemListElement\":[{\"@type\":\"ListItem\",\"position\":1,\"name\":\"In\u00edcio\",\"item\":\"https:\\\/\\\/lovme.pt\\\/\"},{\"@type\":\"ListItem\",\"position\":2,\"name\":\"Loja\",\"item\":\"https:\\\/\\\/lovme.pt\\\/index.php\\\/loja\\\/\"},{\"@type\":\"ListItem\",\"position\":3,\"name\":\"INTENSE &#8211; VIBRADOR REAL\u00cdSTICO PHOEBE 10 VIBRA\u00c7\u00d5ES CONTROLE REMOTO AZUL\"}]},{\"@type\":\"WebSite\",\"@id\":\"https:\\\/\\\/lovme.pt\\\/#website\",\"url\":\"https:\\\/\\\/lovme.pt\\\/\",\"name\":\"Lovme Loja Er\u00f3tica N\u00ba1 em Portugal\",\"description\":\"A melhor loja er\u00f3tica de Portugal.\",\"alternateName\":\"Loja Er\u00f3tica Lovme\",\"potentialAction\":[{\"@type\":\"SearchAction\",\"target\":{\"@type\":\"EntryPoint\",\"urlTemplate\":\"https:\\\/\\\/lovme.pt\\\/?s={search_term_string}\"},\"query-input\":{\"@type\":\"PropertyValueSpecification\",\"valueRequired\":true,\"valueName\":\"search_term_string\"}}],\"inLanguage\":\"pt-PT\"}]}<\/script>\n<!-- \/ Yoast SEO plugin. -->","yoast_head_json":{"title":"INTENSE - VIBRADOR REAL\u00cdSTICO PHOEBE 10 VIBRA\u00c7\u00d5ES CONTROLE REMOTO AZUL - Lovme","robots":{"index":"index","follow":"follow","max-snippet":"max-snippet:-1","max-image-preview":"max-image-preview:large","max-video-preview":"max-video-preview:-1"},"canonical":"https:\/\/lovme.pt\/index.php\/produto\/intense-vibrador-realistico-phoebe-10-vibracoes-controle-remoto-azul\/","og_locale":"pt_PT","og_type":"article","og_title":"INTENSE - VIBRADOR REAL\u00cdSTICO PHOEBE 10 VIBRA\u00c7\u00d5ES CONTROLE REMOTO AZUL - Lovme","og_description":"EMBALAGEM: BLISTER","og_url":"https:\/\/lovme.pt\/index.php\/produto\/intense-vibrador-realistico-phoebe-10-vibracoes-controle-remoto-azul\/","og_site_name":"Lovme","article_modified_time":"2026-02-19T20:09:07+00:00","og_image":[{"width":800,"height":800,"url":"https:\/\/erki24nd3ub.exactdn.com\/wp-content\/uploads\/dream\/img\/img_196212_8a796f099190c768b8feac78162ad2f9_1.png?strip=all","type":"image\/png"}],"twitter_card":"summary_large_image","twitter_misc":{"Tempo estimado de leitura":"1 minuto"},"schema":{"@context":"https:\/\/schema.org","@graph":[{"@type":"WebPage","@id":"https:\/\/lovme.pt\/index.php\/produto\/intense-vibrador-realistico-phoebe-10-vibracoes-controle-remoto-azul\/","url":"https:\/\/lovme.pt\/index.php\/produto\/intense-vibrador-realistico-phoebe-10-vibracoes-controle-remoto-azul\/","name":"INTENSE - VIBRADOR REAL\u00cdSTICO PHOEBE 10 VIBRA\u00c7\u00d5ES CONTROLE REMOTO AZUL - Lovme","isPartOf":{"@id":"https:\/\/lovme.pt\/#website"},"primaryImageOfPage":{"@id":"https:\/\/lovme.pt\/index.php\/produto\/intense-vibrador-realistico-phoebe-10-vibracoes-controle-remoto-azul\/#primaryimage"},"image":{"@id":"https:\/\/lovme.pt\/index.php\/produto\/intense-vibrador-realistico-phoebe-10-vibracoes-controle-remoto-azul\/#primaryimage"},"thumbnailUrl":"https:\/\/erki24nd3ub.exactdn.com\/wp-content\/uploads\/dream\/img\/img_196212_8a796f099190c768b8feac78162ad2f9_1.png?strip=all","datePublished":"2025-09-30T22:03:53+00:00","dateModified":"2026-02-19T20:09:07+00:00","breadcrumb":{"@id":"https:\/\/lovme.pt\/index.php\/produto\/intense-vibrador-realistico-phoebe-10-vibracoes-controle-remoto-azul\/#breadcrumb"},"inLanguage":"pt-PT","potentialAction":[{"@type":"ReadAction","target":["https:\/\/lovme.pt\/index.php\/produto\/intense-vibrador-realistico-phoebe-10-vibracoes-controle-remoto-azul\/"]}]},{"@type":"ImageObject","inLanguage":"pt-PT","@id":"https:\/\/lovme.pt\/index.php\/produto\/intense-vibrador-realistico-phoebe-10-vibracoes-controle-remoto-azul\/#primaryimage","url":"https:\/\/erki24nd3ub.exactdn.com\/wp-content\/uploads\/dream\/img\/img_196212_8a796f099190c768b8feac78162ad2f9_1.png?strip=all","contentUrl":"https:\/\/erki24nd3ub.exactdn.com\/wp-content\/uploads\/dream\/img\/img_196212_8a796f099190c768b8feac78162ad2f9_1.png?strip=all","width":800,"height":800},{"@type":"BreadcrumbList","@id":"https:\/\/lovme.pt\/index.php\/produto\/intense-vibrador-realistico-phoebe-10-vibracoes-controle-remoto-azul\/#breadcrumb","itemListElement":[{"@type":"ListItem","position":1,"name":"In\u00edcio","item":"https:\/\/lovme.pt\/"},{"@type":"ListItem","position":2,"name":"Loja","item":"https:\/\/lovme.pt\/index.php\/loja\/"},{"@type":"ListItem","position":3,"name":"INTENSE &#8211; VIBRADOR REAL\u00cdSTICO PHOEBE 10 VIBRA\u00c7\u00d5ES CONTROLE REMOTO AZUL"}]},{"@type":"WebSite","@id":"https:\/\/lovme.pt\/#website","url":"https:\/\/lovme.pt\/","name":"Lovme Loja Er\u00f3tica N\u00ba1 em Portugal","description":"A melhor loja er\u00f3tica de Portugal.","alternateName":"Loja Er\u00f3tica Lovme","potentialAction":[{"@type":"SearchAction","target":{"@type":"EntryPoint","urlTemplate":"https:\/\/lovme.pt\/?s={search_term_string}"},"query-input":{"@type":"PropertyValueSpecification","valueRequired":true,"valueName":"search_term_string"}}],"inLanguage":"pt-PT"}]}},"_links":{"self":[{"href":"https:\/\/lovme.pt\/index.php\/wp-json\/wp\/v2\/product\/50706","targetHints":{"allow":["GET"]}}],"collection":[{"href":"https:\/\/lovme.pt\/index.php\/wp-json\/wp\/v2\/product"}],"about":[{"href":"https:\/\/lovme.pt\/index.php\/wp-json\/wp\/v2\/types\/product"}],"wp:featuredmedia":[{"embeddable":true,"href":"https:\/\/lovme.pt\/index.php\/wp-json\/wp\/v2\/media\/73532"}],"wp:attachment":[{"href":"https:\/\/lovme.pt\/index.php\/wp-json\/wp\/v2\/media?parent=50706"}],"wp:term":[{"taxonomy":"product_brand","embeddable":true,"href":"https:\/\/lovme.pt\/index.php\/wp-json\/wp\/v2\/product_brand?post=50706"},{"taxonomy":"product_cat","embeddable":true,"href":"https:\/\/lovme.pt\/index.php\/wp-json\/wp\/v2\/product_cat?post=50706"},{"taxonomy":"product_tag","embeddable":true,"href":"https:\/\/lovme.pt\/index.php\/wp-json\/wp\/v2\/product_tag?post=50706"}],"curies":[{"name":"wp","href":"https:\/\/api.w.org\/{rel}","templated":true}]}}