{"id":50640,"date":"2025-09-30T22:51:24","date_gmt":"2025-09-30T22:51:24","guid":{"rendered":"https:\/\/lovme.pt\/?post_type=product&p=50640"},"modified":"2026-02-19T20:13:16","modified_gmt":"2026-02-19T20:13:16","slug":"secret-dome-kink-club-cabina-bukkake-preto-e-vermelho","status":"publish","type":"product","link":"https:\/\/lovme.pt\/index.php\/produto\/secret-dome-kink-club-cabina-bukkake-preto-e-vermelho\/","title":{"rendered":"SECRET DOME &#8211; KINK CLUB CABINA BUKKAKE PRETO E VERMELHO"},"content":{"rendered":"<p>S\u00e9culos atr\u00e1s, o termo &#8221; <strong>BUKKAKE<\/strong> &#8221; era relacionado a uma puni\u00e7\u00e3o imposta \u00e0s pessoas por infidelidade. Hoje, a cabine <strong>BUKKAKE<\/strong> da Secret Dome reinventa essa pr\u00e1tica antiga para se adaptar aos tempos modernos, transformando-a em uma ferramenta para explora\u00e7\u00e3o consensual, jogo de poder e experi\u00eancias sensoriais.<\/p>\n<p>Esta cabine, em sua elegante vers\u00e3o roxa, n\u00e3o s\u00f3 homenageia o passado, mas oferece uma experi\u00eancia imersiva no presente. Seja para jogos privados ou momentos compartilhados, a cabine <strong>BUKKAKE<\/strong> se adapta aos seus desejos.<\/p>\n<p>O conjunto inclui dois grampos Holedome que permitem uma fixa\u00e7\u00e3o segura, enquanto a luz LED cria a atmosfera perfeita para qualquer cen\u00e1rio. Com as algemas firmemente no lugar e o colch\u00e3o fornecendo o conforto necess\u00e1rio, a experi\u00eancia se torna algo t\u00e3o intenso quanto emocionante.<\/p>\n<p>Quando terminar, coloque o conjunto inteiro na bolsa de viagem inclu\u00edda e leve sua aventura para onde quiser.<\/p>\n<p>Reviva a tradi\u00e7\u00e3o, redefina o presente com <strong>BUKKAKE<\/strong> &#8211; BLACK  RED da Secret Dome.<\/p>\n<p><u><strong>Inclui:<\/strong><\/u><\/p>\n<ul>\n<li>1 cabine<\/li>\n<li>1 colch\u00e3o<\/li>\n<li>2 Gravatas Holedome<\/li>\n<li>1 luz LED<\/li>\n<li>2 Algemas<\/li>\n<li>1 Bolsa de Viagem<\/li>\n<\/ul>\n<p><u><strong>Dimens\u00f5es do produto<\/strong><\/u> :<\/p>\n<ul>\n<li><strong>Tamanho<\/strong> : 60x60x70 cm<\/li>\n<li><strong>Dimens\u00f5es da embalagem<\/strong> : 55,5&#215;33,5&#215;30,5 cm<\/li>\n<li><strong>Peso<\/strong> : 11,6 kg<\/li>\n<\/ul>\n<p>\u00a0<\/p>\n","protected":false},"excerpt":{"rendered":"<p>SECRET DOME &#8211; KINK CLUB CABINA BUKKAKE PRETO E VERMELHO<\/p>\n","protected":false},"featured_media":81595,"template":"","meta":{"_acf_changed":false},"product_brand":[],"product_cat":[48],"product_tag":[],"class_list":{"0":"post-50640","1":"product","2":"type-product","3":"status-publish","4":"has-post-thumbnail","6":"product_cat-bdsm","7":"yith_product_brand-secret-dome","9":"first","10":"instock","11":"taxable","12":"shipping-taxable","13":"purchasable","14":"product-type-simple"},"acf":[],"yoast_head":"<!-- This site is optimized with the Yoast SEO plugin v27.4 - https:\/\/yoast.com\/product\/yoast-seo-wordpress\/ -->\n<title>SECRET DOME - KINK CLUB CABINA BUKKAKE PRETO E VERMELHO - Lovme<\/title>\n<meta name=\"robots\" content=\"index, follow, max-snippet:-1, max-image-preview:large, max-video-preview:-1\" \/>\n<link rel=\"canonical\" href=\"https:\/\/lovme.pt\/index.php\/produto\/secret-dome-kink-club-cabina-bukkake-preto-e-vermelho\/\" \/>\n<meta property=\"og:locale\" content=\"pt_PT\" \/>\n<meta property=\"og:type\" content=\"article\" \/>\n<meta property=\"og:title\" content=\"SECRET DOME - KINK CLUB CABINA BUKKAKE PRETO E VERMELHO - Lovme\" \/>\n<meta property=\"og:description\" content=\"SECRET DOME - KINK CLUB CABINA BUKKAKE PRETO E VERMELHO\" \/>\n<meta property=\"og:url\" content=\"https:\/\/lovme.pt\/index.php\/produto\/secret-dome-kink-club-cabina-bukkake-preto-e-vermelho\/\" \/>\n<meta property=\"og:site_name\" content=\"Lovme\" \/>\n<meta property=\"article:modified_time\" content=\"2026-02-19T20:13:16+00:00\" \/>\n<meta property=\"og:image\" content=\"https:\/\/erki24nd3ub.exactdn.com\/wp-content\/uploads\/dream\/img\/img_192288_dd33900dd29a130c88552892fc74b61c_1.jpg?strip=all\" \/>\n\t<meta property=\"og:image:width\" content=\"800\" \/>\n\t<meta property=\"og:image:height\" content=\"800\" \/>\n\t<meta property=\"og:image:type\" content=\"image\/jpeg\" \/>\n<meta name=\"twitter:card\" content=\"summary_large_image\" \/>\n<meta name=\"twitter:label1\" content=\"Tempo estimado de leitura\" \/>\n\t<meta name=\"twitter:data1\" content=\"1 minuto\" \/>\n<script type=\"application\/ld+json\" class=\"yoast-schema-graph\">{\"@context\":\"https:\\\/\\\/schema.org\",\"@graph\":[{\"@type\":\"WebPage\",\"@id\":\"https:\\\/\\\/lovme.pt\\\/index.php\\\/produto\\\/secret-dome-kink-club-cabina-bukkake-preto-e-vermelho\\\/\",\"url\":\"https:\\\/\\\/lovme.pt\\\/index.php\\\/produto\\\/secret-dome-kink-club-cabina-bukkake-preto-e-vermelho\\\/\",\"name\":\"SECRET DOME - KINK CLUB CABINA BUKKAKE PRETO E VERMELHO - Lovme\",\"isPartOf\":{\"@id\":\"https:\\\/\\\/lovme.pt\\\/#website\"},\"primaryImageOfPage\":{\"@id\":\"https:\\\/\\\/lovme.pt\\\/index.php\\\/produto\\\/secret-dome-kink-club-cabina-bukkake-preto-e-vermelho\\\/#primaryimage\"},\"image\":{\"@id\":\"https:\\\/\\\/lovme.pt\\\/index.php\\\/produto\\\/secret-dome-kink-club-cabina-bukkake-preto-e-vermelho\\\/#primaryimage\"},\"thumbnailUrl\":\"https:\\\/\\\/erki24nd3ub.exactdn.com\\\/wp-content\\\/uploads\\\/dream\\\/img\\\/img_192288_dd33900dd29a130c88552892fc74b61c_1.jpg?strip=all\",\"datePublished\":\"2025-09-30T22:51:24+00:00\",\"dateModified\":\"2026-02-19T20:13:16+00:00\",\"breadcrumb\":{\"@id\":\"https:\\\/\\\/lovme.pt\\\/index.php\\\/produto\\\/secret-dome-kink-club-cabina-bukkake-preto-e-vermelho\\\/#breadcrumb\"},\"inLanguage\":\"pt-PT\",\"potentialAction\":[{\"@type\":\"ReadAction\",\"target\":[\"https:\\\/\\\/lovme.pt\\\/index.php\\\/produto\\\/secret-dome-kink-club-cabina-bukkake-preto-e-vermelho\\\/\"]}]},{\"@type\":\"ImageObject\",\"inLanguage\":\"pt-PT\",\"@id\":\"https:\\\/\\\/lovme.pt\\\/index.php\\\/produto\\\/secret-dome-kink-club-cabina-bukkake-preto-e-vermelho\\\/#primaryimage\",\"url\":\"https:\\\/\\\/erki24nd3ub.exactdn.com\\\/wp-content\\\/uploads\\\/dream\\\/img\\\/img_192288_dd33900dd29a130c88552892fc74b61c_1.jpg?strip=all\",\"contentUrl\":\"https:\\\/\\\/erki24nd3ub.exactdn.com\\\/wp-content\\\/uploads\\\/dream\\\/img\\\/img_192288_dd33900dd29a130c88552892fc74b61c_1.jpg?strip=all\",\"width\":800,\"height\":800},{\"@type\":\"BreadcrumbList\",\"@id\":\"https:\\\/\\\/lovme.pt\\\/index.php\\\/produto\\\/secret-dome-kink-club-cabina-bukkake-preto-e-vermelho\\\/#breadcrumb\",\"itemListElement\":[{\"@type\":\"ListItem\",\"position\":1,\"name\":\"In\u00edcio\",\"item\":\"https:\\\/\\\/lovme.pt\\\/\"},{\"@type\":\"ListItem\",\"position\":2,\"name\":\"Loja\",\"item\":\"https:\\\/\\\/lovme.pt\\\/index.php\\\/loja\\\/\"},{\"@type\":\"ListItem\",\"position\":3,\"name\":\"SECRET DOME &#8211; KINK CLUB CABINA BUKKAKE PRETO E VERMELHO\"}]},{\"@type\":\"WebSite\",\"@id\":\"https:\\\/\\\/lovme.pt\\\/#website\",\"url\":\"https:\\\/\\\/lovme.pt\\\/\",\"name\":\"Lovme Loja Er\u00f3tica N\u00ba1 em Portugal\",\"description\":\"A melhor loja er\u00f3tica de Portugal.\",\"alternateName\":\"Loja Er\u00f3tica Lovme\",\"potentialAction\":[{\"@type\":\"SearchAction\",\"target\":{\"@type\":\"EntryPoint\",\"urlTemplate\":\"https:\\\/\\\/lovme.pt\\\/?s={search_term_string}\"},\"query-input\":{\"@type\":\"PropertyValueSpecification\",\"valueRequired\":true,\"valueName\":\"search_term_string\"}}],\"inLanguage\":\"pt-PT\"}]}<\/script>\n<!-- \/ Yoast SEO plugin. -->","yoast_head_json":{"title":"SECRET DOME - KINK CLUB CABINA BUKKAKE PRETO E VERMELHO - Lovme","robots":{"index":"index","follow":"follow","max-snippet":"max-snippet:-1","max-image-preview":"max-image-preview:large","max-video-preview":"max-video-preview:-1"},"canonical":"https:\/\/lovme.pt\/index.php\/produto\/secret-dome-kink-club-cabina-bukkake-preto-e-vermelho\/","og_locale":"pt_PT","og_type":"article","og_title":"SECRET DOME - KINK CLUB CABINA BUKKAKE PRETO E VERMELHO - Lovme","og_description":"SECRET DOME - KINK CLUB CABINA BUKKAKE PRETO E VERMELHO","og_url":"https:\/\/lovme.pt\/index.php\/produto\/secret-dome-kink-club-cabina-bukkake-preto-e-vermelho\/","og_site_name":"Lovme","article_modified_time":"2026-02-19T20:13:16+00:00","og_image":[{"width":800,"height":800,"url":"https:\/\/erki24nd3ub.exactdn.com\/wp-content\/uploads\/dream\/img\/img_192288_dd33900dd29a130c88552892fc74b61c_1.jpg?strip=all","type":"image\/jpeg"}],"twitter_card":"summary_large_image","twitter_misc":{"Tempo estimado de leitura":"1 minuto"},"schema":{"@context":"https:\/\/schema.org","@graph":[{"@type":"WebPage","@id":"https:\/\/lovme.pt\/index.php\/produto\/secret-dome-kink-club-cabina-bukkake-preto-e-vermelho\/","url":"https:\/\/lovme.pt\/index.php\/produto\/secret-dome-kink-club-cabina-bukkake-preto-e-vermelho\/","name":"SECRET DOME - KINK CLUB CABINA BUKKAKE PRETO E VERMELHO - Lovme","isPartOf":{"@id":"https:\/\/lovme.pt\/#website"},"primaryImageOfPage":{"@id":"https:\/\/lovme.pt\/index.php\/produto\/secret-dome-kink-club-cabina-bukkake-preto-e-vermelho\/#primaryimage"},"image":{"@id":"https:\/\/lovme.pt\/index.php\/produto\/secret-dome-kink-club-cabina-bukkake-preto-e-vermelho\/#primaryimage"},"thumbnailUrl":"https:\/\/erki24nd3ub.exactdn.com\/wp-content\/uploads\/dream\/img\/img_192288_dd33900dd29a130c88552892fc74b61c_1.jpg?strip=all","datePublished":"2025-09-30T22:51:24+00:00","dateModified":"2026-02-19T20:13:16+00:00","breadcrumb":{"@id":"https:\/\/lovme.pt\/index.php\/produto\/secret-dome-kink-club-cabina-bukkake-preto-e-vermelho\/#breadcrumb"},"inLanguage":"pt-PT","potentialAction":[{"@type":"ReadAction","target":["https:\/\/lovme.pt\/index.php\/produto\/secret-dome-kink-club-cabina-bukkake-preto-e-vermelho\/"]}]},{"@type":"ImageObject","inLanguage":"pt-PT","@id":"https:\/\/lovme.pt\/index.php\/produto\/secret-dome-kink-club-cabina-bukkake-preto-e-vermelho\/#primaryimage","url":"https:\/\/erki24nd3ub.exactdn.com\/wp-content\/uploads\/dream\/img\/img_192288_dd33900dd29a130c88552892fc74b61c_1.jpg?strip=all","contentUrl":"https:\/\/erki24nd3ub.exactdn.com\/wp-content\/uploads\/dream\/img\/img_192288_dd33900dd29a130c88552892fc74b61c_1.jpg?strip=all","width":800,"height":800},{"@type":"BreadcrumbList","@id":"https:\/\/lovme.pt\/index.php\/produto\/secret-dome-kink-club-cabina-bukkake-preto-e-vermelho\/#breadcrumb","itemListElement":[{"@type":"ListItem","position":1,"name":"In\u00edcio","item":"https:\/\/lovme.pt\/"},{"@type":"ListItem","position":2,"name":"Loja","item":"https:\/\/lovme.pt\/index.php\/loja\/"},{"@type":"ListItem","position":3,"name":"SECRET DOME &#8211; KINK CLUB CABINA BUKKAKE PRETO E VERMELHO"}]},{"@type":"WebSite","@id":"https:\/\/lovme.pt\/#website","url":"https:\/\/lovme.pt\/","name":"Lovme Loja Er\u00f3tica N\u00ba1 em Portugal","description":"A melhor loja er\u00f3tica de Portugal.","alternateName":"Loja Er\u00f3tica Lovme","potentialAction":[{"@type":"SearchAction","target":{"@type":"EntryPoint","urlTemplate":"https:\/\/lovme.pt\/?s={search_term_string}"},"query-input":{"@type":"PropertyValueSpecification","valueRequired":true,"valueName":"search_term_string"}}],"inLanguage":"pt-PT"}]}},"_links":{"self":[{"href":"https:\/\/lovme.pt\/index.php\/wp-json\/wp\/v2\/product\/50640","targetHints":{"allow":["GET"]}}],"collection":[{"href":"https:\/\/lovme.pt\/index.php\/wp-json\/wp\/v2\/product"}],"about":[{"href":"https:\/\/lovme.pt\/index.php\/wp-json\/wp\/v2\/types\/product"}],"wp:featuredmedia":[{"embeddable":true,"href":"https:\/\/lovme.pt\/index.php\/wp-json\/wp\/v2\/media\/81595"}],"wp:attachment":[{"href":"https:\/\/lovme.pt\/index.php\/wp-json\/wp\/v2\/media?parent=50640"}],"wp:term":[{"taxonomy":"product_brand","embeddable":true,"href":"https:\/\/lovme.pt\/index.php\/wp-json\/wp\/v2\/product_brand?post=50640"},{"taxonomy":"product_cat","embeddable":true,"href":"https:\/\/lovme.pt\/index.php\/wp-json\/wp\/v2\/product_cat?post=50640"},{"taxonomy":"product_tag","embeddable":true,"href":"https:\/\/lovme.pt\/index.php\/wp-json\/wp\/v2\/product_tag?post=50640"}],"curies":[{"name":"wp","href":"https:\/\/api.w.org\/{rel}","templated":true}]}}