{"id":50587,"date":"2026-01-19T16:08:24","date_gmt":"2026-01-19T16:08:24","guid":{"rendered":"https:\/\/lovme.pt\/?post_type=product&p=50587"},"modified":"2026-02-19T20:09:06","modified_gmt":"2026-02-19T20:09:06","slug":"black-silver-geri-usb-recarregavel-vibratoria-bullet-8-vibracoes-preto-10-x-22-cm","status":"publish","type":"product","link":"https:\/\/lovme.pt\/index.php\/produto\/black-silver-geri-usb-recarregavel-vibratoria-bullet-8-vibracoes-preto-10-x-22-cm\/","title":{"rendered":"BLACK  SILVER &#8211; GERI USB RECARREG\u00c1VEL VIBRAT\u00d3RIA BULLET 8 VIBRA\u00c7\u00d5ES PRETO 10 X 2,2 CM"},"content":{"rendered":"<p>A bala vibrat\u00f3ria <b>GERI<\/b> da <strong>BLACKSILVER<\/strong> \u00e9 um brinquedo compacto e discreto, ideal para uma estimula\u00e7\u00e3o precisa e prazerosa. Projetado para proporcionar uma experi\u00eancia de uso confort\u00e1vel e segura, ele conta com materiais de alta qualidade e um motor potente que garante sensa\u00e7\u00f5es intensas. Dispon\u00edvel em tr\u00eas cores vibrantes, esta bala vibrat\u00f3ria \u00e9 perfeita para quem busca discri\u00e7\u00e3o sem abrir m\u00e3o da pot\u00eancia.<\/p>\n<p><u><strong>Caracter\u00edsticas:<\/strong><\/u><\/p>\n<ul>\n<li><strong>Dimens\u00f5es:<\/strong> Comprimento: 10 cm, di\u00e2metro: 2,2 cm<\/li>\n<li><strong>Material:<\/strong> Silicone super macio, hipoalerg\u00eanico e seguro para o corpo. Livre de ftalatos e outras subst\u00e2ncias t\u00f3xicas, para uma experi\u00eancia segura e confort\u00e1vel.<\/li>\n<li><strong>Motor:<\/strong> 1 motor potente que oferece vibra\u00e7\u00e3o intensa, ideal para estimular zonas er\u00f3genas.<\/li>\n<li><strong>Modos de<\/strong> <strong>vibra\u00e7\u00e3o:<\/strong> 8 padr\u00f5es de vibra\u00e7\u00e3o diferentes, para atender \u00e0s prefer\u00eancias e necessidades individuais.<\/li>\n<li><strong>Fonte de energia:<\/strong> USB recarreg\u00e1vel, eliminando a necessidade de pilhas descart\u00e1veis e permitindo um uso mais ecol\u00f3gico. Equipado com uma tampa protetora que cobre a porta USB, mantendo-a limpa e protegida quando n\u00e3o estiver em uso. em uso.<\/li>\n<li><strong>Cor<\/strong> : Preto, um toque elegante e discreto.<\/li>\n<li><strong>Uso e resist\u00eancia:<\/strong> Submers\u00edvel, permitindo seu uso no chuveiro ou banheira e facilitando uma limpeza mais profunda. F\u00e1cil de limpar, basta usar \u00e1gua e sab\u00e3o neutro ou um limpador especial para brinquedos.<\/li>\n<li><strong>Design:<\/strong> Seu design compacto e elegante o torna ideal para viagens ou para quem prefere brinquedos discretos e f\u00e1ceis de manusear.<\/li>\n<\/ul>\n<p>O <b>GERI<\/b> da <strong>BLACKSILVER<\/strong> \u00e9 um bullet vibrat\u00f3rio compacto, potente e f\u00e1cil de usar. Seu design ergon\u00f4mico, combinado com seu motor potente e diferentes padr\u00f5es de vibra\u00e7\u00e3o, o tornam uma excelente escolha tanto para iniciantes quanto para usu\u00e1rios experientes.<\/p>\n","protected":false},"excerpt":{"rendered":"<p>BLACK  SILVER &#8211; GERI USB RECARREG\u00c1VEL VIBRAT\u00d3RIA BULLET 8 VIBRA\u00c7\u00d5ES PRETO 10 X 2,2 CM<\/p>\n","protected":false},"featured_media":106250,"template":"","meta":{"_acf_changed":false},"product_brand":[],"product_cat":[17,61],"product_tag":[],"class_list":{"0":"post-50587","1":"product","2":"type-product","3":"status-publish","4":"has-post-thumbnail","6":"product_cat-brinquedos-de-bem-estar-sexual","7":"product_cat-para-elas","8":"yith_product_brand-blacksilver","10":"first","11":"instock","12":"taxable","13":"shipping-taxable","14":"purchasable","15":"product-type-simple"},"acf":[],"yoast_head":"<!-- This site is optimized with the Yoast SEO plugin v27.4 - https:\/\/yoast.com\/product\/yoast-seo-wordpress\/ -->\n<title>BLACK SILVER - GERI USB RECARREG\u00c1VEL VIBRAT\u00d3RIA BULLET 8 VIBRA\u00c7\u00d5ES PRETO 10 X 2,2 CM - Lovme<\/title>\n<meta name=\"robots\" content=\"index, follow, max-snippet:-1, max-image-preview:large, max-video-preview:-1\" \/>\n<link rel=\"canonical\" href=\"https:\/\/lovme.pt\/index.php\/produto\/black-silver-geri-usb-recarregavel-vibratoria-bullet-8-vibracoes-preto-10-x-22-cm\/\" \/>\n<meta property=\"og:locale\" content=\"pt_PT\" \/>\n<meta property=\"og:type\" content=\"article\" \/>\n<meta property=\"og:title\" content=\"BLACK SILVER - GERI USB RECARREG\u00c1VEL VIBRAT\u00d3RIA BULLET 8 VIBRA\u00c7\u00d5ES PRETO 10 X 2,2 CM - Lovme\" \/>\n<meta property=\"og:description\" content=\"BLACK SILVER - GERI USB RECARREG\u00c1VEL VIBRAT\u00d3RIA BULLET 8 VIBRA\u00c7\u00d5ES PRETO 10 X 2,2 CM\" \/>\n<meta property=\"og:url\" content=\"https:\/\/lovme.pt\/index.php\/produto\/black-silver-geri-usb-recarregavel-vibratoria-bullet-8-vibracoes-preto-10-x-22-cm\/\" \/>\n<meta property=\"og:site_name\" content=\"Lovme\" \/>\n<meta property=\"article:modified_time\" content=\"2026-02-19T20:09:06+00:00\" \/>\n<meta property=\"og:image\" content=\"https:\/\/erki24nd3ub.exactdn.com\/wp-content\/uploads\/dream\/img\/img_191705_e21d905b91bd76af535c76ee7c77d99f_1.png?strip=all\" \/>\n\t<meta property=\"og:image:width\" content=\"800\" \/>\n\t<meta property=\"og:image:height\" content=\"800\" \/>\n\t<meta property=\"og:image:type\" content=\"image\/png\" \/>\n<meta name=\"twitter:card\" content=\"summary_large_image\" \/>\n<meta name=\"twitter:label1\" content=\"Tempo estimado de leitura\" \/>\n\t<meta name=\"twitter:data1\" content=\"1 minuto\" \/>\n<script type=\"application\/ld+json\" class=\"yoast-schema-graph\">{\"@context\":\"https:\\\/\\\/schema.org\",\"@graph\":[{\"@type\":\"WebPage\",\"@id\":\"https:\\\/\\\/lovme.pt\\\/index.php\\\/produto\\\/black-silver-geri-usb-recarregavel-vibratoria-bullet-8-vibracoes-preto-10-x-22-cm\\\/\",\"url\":\"https:\\\/\\\/lovme.pt\\\/index.php\\\/produto\\\/black-silver-geri-usb-recarregavel-vibratoria-bullet-8-vibracoes-preto-10-x-22-cm\\\/\",\"name\":\"BLACK SILVER - GERI USB RECARREG\u00c1VEL VIBRAT\u00d3RIA BULLET 8 VIBRA\u00c7\u00d5ES PRETO 10 X 2,2 CM - Lovme\",\"isPartOf\":{\"@id\":\"https:\\\/\\\/lovme.pt\\\/#website\"},\"primaryImageOfPage\":{\"@id\":\"https:\\\/\\\/lovme.pt\\\/index.php\\\/produto\\\/black-silver-geri-usb-recarregavel-vibratoria-bullet-8-vibracoes-preto-10-x-22-cm\\\/#primaryimage\"},\"image\":{\"@id\":\"https:\\\/\\\/lovme.pt\\\/index.php\\\/produto\\\/black-silver-geri-usb-recarregavel-vibratoria-bullet-8-vibracoes-preto-10-x-22-cm\\\/#primaryimage\"},\"thumbnailUrl\":\"https:\\\/\\\/erki24nd3ub.exactdn.com\\\/wp-content\\\/uploads\\\/dream\\\/img\\\/img_191705_e21d905b91bd76af535c76ee7c77d99f_1.png?strip=all\",\"datePublished\":\"2026-01-19T16:08:24+00:00\",\"dateModified\":\"2026-02-19T20:09:06+00:00\",\"breadcrumb\":{\"@id\":\"https:\\\/\\\/lovme.pt\\\/index.php\\\/produto\\\/black-silver-geri-usb-recarregavel-vibratoria-bullet-8-vibracoes-preto-10-x-22-cm\\\/#breadcrumb\"},\"inLanguage\":\"pt-PT\",\"potentialAction\":[{\"@type\":\"ReadAction\",\"target\":[\"https:\\\/\\\/lovme.pt\\\/index.php\\\/produto\\\/black-silver-geri-usb-recarregavel-vibratoria-bullet-8-vibracoes-preto-10-x-22-cm\\\/\"]}]},{\"@type\":\"ImageObject\",\"inLanguage\":\"pt-PT\",\"@id\":\"https:\\\/\\\/lovme.pt\\\/index.php\\\/produto\\\/black-silver-geri-usb-recarregavel-vibratoria-bullet-8-vibracoes-preto-10-x-22-cm\\\/#primaryimage\",\"url\":\"https:\\\/\\\/erki24nd3ub.exactdn.com\\\/wp-content\\\/uploads\\\/dream\\\/img\\\/img_191705_e21d905b91bd76af535c76ee7c77d99f_1.png?strip=all\",\"contentUrl\":\"https:\\\/\\\/erki24nd3ub.exactdn.com\\\/wp-content\\\/uploads\\\/dream\\\/img\\\/img_191705_e21d905b91bd76af535c76ee7c77d99f_1.png?strip=all\",\"width\":800,\"height\":800},{\"@type\":\"BreadcrumbList\",\"@id\":\"https:\\\/\\\/lovme.pt\\\/index.php\\\/produto\\\/black-silver-geri-usb-recarregavel-vibratoria-bullet-8-vibracoes-preto-10-x-22-cm\\\/#breadcrumb\",\"itemListElement\":[{\"@type\":\"ListItem\",\"position\":1,\"name\":\"In\u00edcio\",\"item\":\"https:\\\/\\\/lovme.pt\\\/\"},{\"@type\":\"ListItem\",\"position\":2,\"name\":\"Loja\",\"item\":\"https:\\\/\\\/lovme.pt\\\/index.php\\\/loja\\\/\"},{\"@type\":\"ListItem\",\"position\":3,\"name\":\"BLACK SILVER &#8211; GERI USB RECARREG\u00c1VEL VIBRAT\u00d3RIA BULLET 8 VIBRA\u00c7\u00d5ES PRETO 10 X 2,2 CM\"}]},{\"@type\":\"WebSite\",\"@id\":\"https:\\\/\\\/lovme.pt\\\/#website\",\"url\":\"https:\\\/\\\/lovme.pt\\\/\",\"name\":\"Lovme Loja Er\u00f3tica N\u00ba1 em Portugal\",\"description\":\"A melhor loja er\u00f3tica de Portugal.\",\"alternateName\":\"Loja Er\u00f3tica Lovme\",\"potentialAction\":[{\"@type\":\"SearchAction\",\"target\":{\"@type\":\"EntryPoint\",\"urlTemplate\":\"https:\\\/\\\/lovme.pt\\\/?s={search_term_string}\"},\"query-input\":{\"@type\":\"PropertyValueSpecification\",\"valueRequired\":true,\"valueName\":\"search_term_string\"}}],\"inLanguage\":\"pt-PT\"}]}<\/script>\n<!-- \/ Yoast SEO plugin. -->","yoast_head_json":{"title":"BLACK SILVER - GERI USB RECARREG\u00c1VEL VIBRAT\u00d3RIA BULLET 8 VIBRA\u00c7\u00d5ES PRETO 10 X 2,2 CM - Lovme","robots":{"index":"index","follow":"follow","max-snippet":"max-snippet:-1","max-image-preview":"max-image-preview:large","max-video-preview":"max-video-preview:-1"},"canonical":"https:\/\/lovme.pt\/index.php\/produto\/black-silver-geri-usb-recarregavel-vibratoria-bullet-8-vibracoes-preto-10-x-22-cm\/","og_locale":"pt_PT","og_type":"article","og_title":"BLACK SILVER - GERI USB RECARREG\u00c1VEL VIBRAT\u00d3RIA BULLET 8 VIBRA\u00c7\u00d5ES PRETO 10 X 2,2 CM - Lovme","og_description":"BLACK SILVER - GERI USB RECARREG\u00c1VEL VIBRAT\u00d3RIA BULLET 8 VIBRA\u00c7\u00d5ES PRETO 10 X 2,2 CM","og_url":"https:\/\/lovme.pt\/index.php\/produto\/black-silver-geri-usb-recarregavel-vibratoria-bullet-8-vibracoes-preto-10-x-22-cm\/","og_site_name":"Lovme","article_modified_time":"2026-02-19T20:09:06+00:00","og_image":[{"width":800,"height":800,"url":"https:\/\/erki24nd3ub.exactdn.com\/wp-content\/uploads\/dream\/img\/img_191705_e21d905b91bd76af535c76ee7c77d99f_1.png?strip=all","type":"image\/png"}],"twitter_card":"summary_large_image","twitter_misc":{"Tempo estimado de leitura":"1 minuto"},"schema":{"@context":"https:\/\/schema.org","@graph":[{"@type":"WebPage","@id":"https:\/\/lovme.pt\/index.php\/produto\/black-silver-geri-usb-recarregavel-vibratoria-bullet-8-vibracoes-preto-10-x-22-cm\/","url":"https:\/\/lovme.pt\/index.php\/produto\/black-silver-geri-usb-recarregavel-vibratoria-bullet-8-vibracoes-preto-10-x-22-cm\/","name":"BLACK SILVER - GERI USB RECARREG\u00c1VEL VIBRAT\u00d3RIA BULLET 8 VIBRA\u00c7\u00d5ES PRETO 10 X 2,2 CM - Lovme","isPartOf":{"@id":"https:\/\/lovme.pt\/#website"},"primaryImageOfPage":{"@id":"https:\/\/lovme.pt\/index.php\/produto\/black-silver-geri-usb-recarregavel-vibratoria-bullet-8-vibracoes-preto-10-x-22-cm\/#primaryimage"},"image":{"@id":"https:\/\/lovme.pt\/index.php\/produto\/black-silver-geri-usb-recarregavel-vibratoria-bullet-8-vibracoes-preto-10-x-22-cm\/#primaryimage"},"thumbnailUrl":"https:\/\/erki24nd3ub.exactdn.com\/wp-content\/uploads\/dream\/img\/img_191705_e21d905b91bd76af535c76ee7c77d99f_1.png?strip=all","datePublished":"2026-01-19T16:08:24+00:00","dateModified":"2026-02-19T20:09:06+00:00","breadcrumb":{"@id":"https:\/\/lovme.pt\/index.php\/produto\/black-silver-geri-usb-recarregavel-vibratoria-bullet-8-vibracoes-preto-10-x-22-cm\/#breadcrumb"},"inLanguage":"pt-PT","potentialAction":[{"@type":"ReadAction","target":["https:\/\/lovme.pt\/index.php\/produto\/black-silver-geri-usb-recarregavel-vibratoria-bullet-8-vibracoes-preto-10-x-22-cm\/"]}]},{"@type":"ImageObject","inLanguage":"pt-PT","@id":"https:\/\/lovme.pt\/index.php\/produto\/black-silver-geri-usb-recarregavel-vibratoria-bullet-8-vibracoes-preto-10-x-22-cm\/#primaryimage","url":"https:\/\/erki24nd3ub.exactdn.com\/wp-content\/uploads\/dream\/img\/img_191705_e21d905b91bd76af535c76ee7c77d99f_1.png?strip=all","contentUrl":"https:\/\/erki24nd3ub.exactdn.com\/wp-content\/uploads\/dream\/img\/img_191705_e21d905b91bd76af535c76ee7c77d99f_1.png?strip=all","width":800,"height":800},{"@type":"BreadcrumbList","@id":"https:\/\/lovme.pt\/index.php\/produto\/black-silver-geri-usb-recarregavel-vibratoria-bullet-8-vibracoes-preto-10-x-22-cm\/#breadcrumb","itemListElement":[{"@type":"ListItem","position":1,"name":"In\u00edcio","item":"https:\/\/lovme.pt\/"},{"@type":"ListItem","position":2,"name":"Loja","item":"https:\/\/lovme.pt\/index.php\/loja\/"},{"@type":"ListItem","position":3,"name":"BLACK SILVER &#8211; GERI USB RECARREG\u00c1VEL VIBRAT\u00d3RIA BULLET 8 VIBRA\u00c7\u00d5ES PRETO 10 X 2,2 CM"}]},{"@type":"WebSite","@id":"https:\/\/lovme.pt\/#website","url":"https:\/\/lovme.pt\/","name":"Lovme Loja Er\u00f3tica N\u00ba1 em Portugal","description":"A melhor loja er\u00f3tica de Portugal.","alternateName":"Loja Er\u00f3tica Lovme","potentialAction":[{"@type":"SearchAction","target":{"@type":"EntryPoint","urlTemplate":"https:\/\/lovme.pt\/?s={search_term_string}"},"query-input":{"@type":"PropertyValueSpecification","valueRequired":true,"valueName":"search_term_string"}}],"inLanguage":"pt-PT"}]}},"_links":{"self":[{"href":"https:\/\/lovme.pt\/index.php\/wp-json\/wp\/v2\/product\/50587","targetHints":{"allow":["GET"]}}],"collection":[{"href":"https:\/\/lovme.pt\/index.php\/wp-json\/wp\/v2\/product"}],"about":[{"href":"https:\/\/lovme.pt\/index.php\/wp-json\/wp\/v2\/types\/product"}],"wp:featuredmedia":[{"embeddable":true,"href":"https:\/\/lovme.pt\/index.php\/wp-json\/wp\/v2\/media\/106250"}],"wp:attachment":[{"href":"https:\/\/lovme.pt\/index.php\/wp-json\/wp\/v2\/media?parent=50587"}],"wp:term":[{"taxonomy":"product_brand","embeddable":true,"href":"https:\/\/lovme.pt\/index.php\/wp-json\/wp\/v2\/product_brand?post=50587"},{"taxonomy":"product_cat","embeddable":true,"href":"https:\/\/lovme.pt\/index.php\/wp-json\/wp\/v2\/product_cat?post=50587"},{"taxonomy":"product_tag","embeddable":true,"href":"https:\/\/lovme.pt\/index.php\/wp-json\/wp\/v2\/product_tag?post=50587"}],"curies":[{"name":"wp","href":"https:\/\/api.w.org\/{rel}","templated":true}]}}