{"id":50573,"date":"2025-09-30T10:14:43","date_gmt":"2025-09-30T10:14:43","guid":{"rendered":"https:\/\/lovme.pt\/?post_type=product&p=50573"},"modified":"2026-02-19T20:07:03","modified_gmt":"2026-02-19T20:07:03","slug":"pretty-love-olga-masturbador-masculino-carne","status":"publish","type":"product","link":"https:\/\/lovme.pt\/index.php\/produto\/pretty-love-olga-masturbador-masculino-carne\/","title":{"rendered":"PRETTY LOVE &#8211; OLGA MASTURBADOR MASCULINO CARNE"},"content":{"rendered":"<p><strong>LINDO AMOR BI-014932-4-2<\/strong><\/p>\n<p> Entregue-se ao prazer delicioso deste incr\u00edvel masturbador e desfrute de sensa\u00e7\u00f5es maravilhosas.<\/p>\n<p> Este brinquedo sexual masculino proporcionar\u00e1 um prazer incr\u00edvel com sua capa interna macia e estimulante, criando sensa\u00e7\u00f5es \u00fanicas e de enfraquecimento dos joelhos repetidamente. Voc\u00ea pode usar o masturbador sofisticado e amigo da pele repetidamente. Muito f\u00e1cil de usar e puro prazer<\/p>\n<\/p>\n<p> <strong><u>CARACTER\u00cdSTICAS<\/u> :<\/strong><\/p>\n<ul>\n<li> Imperme\u00e1vel<\/li>\n<li> Material: TPR ABS<\/li>\n<li> Cor: Carne<\/li>\n<li> Tamanho da embalagem (mm): 130*65<\/li>\n<\/ul>\n","protected":false},"excerpt":{"rendered":"<p>PRETTY LOVE &#8211; OLGA MASTURBADOR MASCULINO CARNE<\/p>\n","protected":false},"featured_media":64662,"template":"","meta":{"_acf_changed":false},"product_brand":[],"product_cat":[17,58,60],"product_tag":[],"class_list":{"0":"post-50573","1":"product","2":"type-product","3":"status-publish","4":"has-post-thumbnail","6":"product_cat-brinquedos-de-bem-estar-sexual","7":"product_cat-masturbadores-para-penis","8":"product_cat-para-eles","9":"yith_product_brand-pretty-love","10":"yith_product_brand-pretty-lovepretty-love-flirtation","12":"first","13":"instock","14":"taxable","15":"shipping-taxable","16":"purchasable","17":"product-type-simple"},"acf":[],"yoast_head":"<!-- This site is optimized with the Yoast SEO plugin v27.4 - https:\/\/yoast.com\/product\/yoast-seo-wordpress\/ -->\n<title>PRETTY LOVE - OLGA MASTURBADOR MASCULINO CARNE - Lovme<\/title>\n<meta name=\"robots\" content=\"index, follow, max-snippet:-1, max-image-preview:large, max-video-preview:-1\" \/>\n<link rel=\"canonical\" href=\"https:\/\/lovme.pt\/index.php\/produto\/pretty-love-olga-masturbador-masculino-carne\/\" \/>\n<meta property=\"og:locale\" content=\"pt_PT\" \/>\n<meta property=\"og:type\" content=\"article\" \/>\n<meta property=\"og:title\" content=\"PRETTY LOVE - OLGA MASTURBADOR MASCULINO CARNE - Lovme\" \/>\n<meta property=\"og:description\" content=\"PRETTY LOVE - OLGA MASTURBADOR MASCULINO CARNE\" \/>\n<meta property=\"og:url\" content=\"https:\/\/lovme.pt\/index.php\/produto\/pretty-love-olga-masturbador-masculino-carne\/\" \/>\n<meta property=\"og:site_name\" content=\"Lovme\" \/>\n<meta property=\"article:modified_time\" content=\"2026-02-19T20:07:03+00:00\" \/>\n<meta property=\"og:image\" content=\"https:\/\/erki24nd3ub.exactdn.com\/wp-content\/uploads\/dream\/img\/img_191592_8f876a94b5dd0f3421f8275400573112_1.jpg?strip=all\" \/>\n\t<meta property=\"og:image:width\" content=\"800\" \/>\n\t<meta property=\"og:image:height\" content=\"800\" \/>\n\t<meta property=\"og:image:type\" content=\"image\/jpeg\" \/>\n<meta name=\"twitter:card\" content=\"summary_large_image\" \/>\n<script type=\"application\/ld+json\" class=\"yoast-schema-graph\">{\"@context\":\"https:\\\/\\\/schema.org\",\"@graph\":[{\"@type\":\"WebPage\",\"@id\":\"https:\\\/\\\/lovme.pt\\\/index.php\\\/produto\\\/pretty-love-olga-masturbador-masculino-carne\\\/\",\"url\":\"https:\\\/\\\/lovme.pt\\\/index.php\\\/produto\\\/pretty-love-olga-masturbador-masculino-carne\\\/\",\"name\":\"PRETTY LOVE - OLGA MASTURBADOR MASCULINO CARNE - Lovme\",\"isPartOf\":{\"@id\":\"https:\\\/\\\/lovme.pt\\\/#website\"},\"primaryImageOfPage\":{\"@id\":\"https:\\\/\\\/lovme.pt\\\/index.php\\\/produto\\\/pretty-love-olga-masturbador-masculino-carne\\\/#primaryimage\"},\"image\":{\"@id\":\"https:\\\/\\\/lovme.pt\\\/index.php\\\/produto\\\/pretty-love-olga-masturbador-masculino-carne\\\/#primaryimage\"},\"thumbnailUrl\":\"https:\\\/\\\/erki24nd3ub.exactdn.com\\\/wp-content\\\/uploads\\\/dream\\\/img\\\/img_191592_8f876a94b5dd0f3421f8275400573112_1.jpg?strip=all\",\"datePublished\":\"2025-09-30T10:14:43+00:00\",\"dateModified\":\"2026-02-19T20:07:03+00:00\",\"breadcrumb\":{\"@id\":\"https:\\\/\\\/lovme.pt\\\/index.php\\\/produto\\\/pretty-love-olga-masturbador-masculino-carne\\\/#breadcrumb\"},\"inLanguage\":\"pt-PT\",\"potentialAction\":[{\"@type\":\"ReadAction\",\"target\":[\"https:\\\/\\\/lovme.pt\\\/index.php\\\/produto\\\/pretty-love-olga-masturbador-masculino-carne\\\/\"]}]},{\"@type\":\"ImageObject\",\"inLanguage\":\"pt-PT\",\"@id\":\"https:\\\/\\\/lovme.pt\\\/index.php\\\/produto\\\/pretty-love-olga-masturbador-masculino-carne\\\/#primaryimage\",\"url\":\"https:\\\/\\\/erki24nd3ub.exactdn.com\\\/wp-content\\\/uploads\\\/dream\\\/img\\\/img_191592_8f876a94b5dd0f3421f8275400573112_1.jpg?strip=all\",\"contentUrl\":\"https:\\\/\\\/erki24nd3ub.exactdn.com\\\/wp-content\\\/uploads\\\/dream\\\/img\\\/img_191592_8f876a94b5dd0f3421f8275400573112_1.jpg?strip=all\",\"width\":800,\"height\":800},{\"@type\":\"BreadcrumbList\",\"@id\":\"https:\\\/\\\/lovme.pt\\\/index.php\\\/produto\\\/pretty-love-olga-masturbador-masculino-carne\\\/#breadcrumb\",\"itemListElement\":[{\"@type\":\"ListItem\",\"position\":1,\"name\":\"In\u00edcio\",\"item\":\"https:\\\/\\\/lovme.pt\\\/\"},{\"@type\":\"ListItem\",\"position\":2,\"name\":\"Loja\",\"item\":\"https:\\\/\\\/lovme.pt\\\/index.php\\\/loja\\\/\"},{\"@type\":\"ListItem\",\"position\":3,\"name\":\"PRETTY LOVE &#8211; OLGA MASTURBADOR MASCULINO CARNE\"}]},{\"@type\":\"WebSite\",\"@id\":\"https:\\\/\\\/lovme.pt\\\/#website\",\"url\":\"https:\\\/\\\/lovme.pt\\\/\",\"name\":\"Lovme Loja Er\u00f3tica N\u00ba1 em Portugal\",\"description\":\"A melhor loja er\u00f3tica de Portugal.\",\"alternateName\":\"Loja Er\u00f3tica Lovme\",\"potentialAction\":[{\"@type\":\"SearchAction\",\"target\":{\"@type\":\"EntryPoint\",\"urlTemplate\":\"https:\\\/\\\/lovme.pt\\\/?s={search_term_string}\"},\"query-input\":{\"@type\":\"PropertyValueSpecification\",\"valueRequired\":true,\"valueName\":\"search_term_string\"}}],\"inLanguage\":\"pt-PT\"}]}<\/script>\n<!-- \/ Yoast SEO plugin. -->","yoast_head_json":{"title":"PRETTY LOVE - OLGA MASTURBADOR MASCULINO CARNE - Lovme","robots":{"index":"index","follow":"follow","max-snippet":"max-snippet:-1","max-image-preview":"max-image-preview:large","max-video-preview":"max-video-preview:-1"},"canonical":"https:\/\/lovme.pt\/index.php\/produto\/pretty-love-olga-masturbador-masculino-carne\/","og_locale":"pt_PT","og_type":"article","og_title":"PRETTY LOVE - OLGA MASTURBADOR MASCULINO CARNE - Lovme","og_description":"PRETTY LOVE - OLGA MASTURBADOR MASCULINO CARNE","og_url":"https:\/\/lovme.pt\/index.php\/produto\/pretty-love-olga-masturbador-masculino-carne\/","og_site_name":"Lovme","article_modified_time":"2026-02-19T20:07:03+00:00","og_image":[{"width":800,"height":800,"url":"https:\/\/erki24nd3ub.exactdn.com\/wp-content\/uploads\/dream\/img\/img_191592_8f876a94b5dd0f3421f8275400573112_1.jpg?strip=all","type":"image\/jpeg"}],"twitter_card":"summary_large_image","schema":{"@context":"https:\/\/schema.org","@graph":[{"@type":"WebPage","@id":"https:\/\/lovme.pt\/index.php\/produto\/pretty-love-olga-masturbador-masculino-carne\/","url":"https:\/\/lovme.pt\/index.php\/produto\/pretty-love-olga-masturbador-masculino-carne\/","name":"PRETTY LOVE - OLGA MASTURBADOR MASCULINO CARNE - Lovme","isPartOf":{"@id":"https:\/\/lovme.pt\/#website"},"primaryImageOfPage":{"@id":"https:\/\/lovme.pt\/index.php\/produto\/pretty-love-olga-masturbador-masculino-carne\/#primaryimage"},"image":{"@id":"https:\/\/lovme.pt\/index.php\/produto\/pretty-love-olga-masturbador-masculino-carne\/#primaryimage"},"thumbnailUrl":"https:\/\/erki24nd3ub.exactdn.com\/wp-content\/uploads\/dream\/img\/img_191592_8f876a94b5dd0f3421f8275400573112_1.jpg?strip=all","datePublished":"2025-09-30T10:14:43+00:00","dateModified":"2026-02-19T20:07:03+00:00","breadcrumb":{"@id":"https:\/\/lovme.pt\/index.php\/produto\/pretty-love-olga-masturbador-masculino-carne\/#breadcrumb"},"inLanguage":"pt-PT","potentialAction":[{"@type":"ReadAction","target":["https:\/\/lovme.pt\/index.php\/produto\/pretty-love-olga-masturbador-masculino-carne\/"]}]},{"@type":"ImageObject","inLanguage":"pt-PT","@id":"https:\/\/lovme.pt\/index.php\/produto\/pretty-love-olga-masturbador-masculino-carne\/#primaryimage","url":"https:\/\/erki24nd3ub.exactdn.com\/wp-content\/uploads\/dream\/img\/img_191592_8f876a94b5dd0f3421f8275400573112_1.jpg?strip=all","contentUrl":"https:\/\/erki24nd3ub.exactdn.com\/wp-content\/uploads\/dream\/img\/img_191592_8f876a94b5dd0f3421f8275400573112_1.jpg?strip=all","width":800,"height":800},{"@type":"BreadcrumbList","@id":"https:\/\/lovme.pt\/index.php\/produto\/pretty-love-olga-masturbador-masculino-carne\/#breadcrumb","itemListElement":[{"@type":"ListItem","position":1,"name":"In\u00edcio","item":"https:\/\/lovme.pt\/"},{"@type":"ListItem","position":2,"name":"Loja","item":"https:\/\/lovme.pt\/index.php\/loja\/"},{"@type":"ListItem","position":3,"name":"PRETTY LOVE &#8211; OLGA MASTURBADOR MASCULINO CARNE"}]},{"@type":"WebSite","@id":"https:\/\/lovme.pt\/#website","url":"https:\/\/lovme.pt\/","name":"Lovme Loja Er\u00f3tica N\u00ba1 em Portugal","description":"A melhor loja er\u00f3tica de Portugal.","alternateName":"Loja Er\u00f3tica Lovme","potentialAction":[{"@type":"SearchAction","target":{"@type":"EntryPoint","urlTemplate":"https:\/\/lovme.pt\/?s={search_term_string}"},"query-input":{"@type":"PropertyValueSpecification","valueRequired":true,"valueName":"search_term_string"}}],"inLanguage":"pt-PT"}]}},"_links":{"self":[{"href":"https:\/\/lovme.pt\/index.php\/wp-json\/wp\/v2\/product\/50573","targetHints":{"allow":["GET"]}}],"collection":[{"href":"https:\/\/lovme.pt\/index.php\/wp-json\/wp\/v2\/product"}],"about":[{"href":"https:\/\/lovme.pt\/index.php\/wp-json\/wp\/v2\/types\/product"}],"wp:featuredmedia":[{"embeddable":true,"href":"https:\/\/lovme.pt\/index.php\/wp-json\/wp\/v2\/media\/64662"}],"wp:attachment":[{"href":"https:\/\/lovme.pt\/index.php\/wp-json\/wp\/v2\/media?parent=50573"}],"wp:term":[{"taxonomy":"product_brand","embeddable":true,"href":"https:\/\/lovme.pt\/index.php\/wp-json\/wp\/v2\/product_brand?post=50573"},{"taxonomy":"product_cat","embeddable":true,"href":"https:\/\/lovme.pt\/index.php\/wp-json\/wp\/v2\/product_cat?post=50573"},{"taxonomy":"product_tag","embeddable":true,"href":"https:\/\/lovme.pt\/index.php\/wp-json\/wp\/v2\/product_tag?post=50573"}],"curies":[{"name":"wp","href":"https:\/\/api.w.org\/{rel}","templated":true}]}}