{"id":50562,"date":"2025-09-30T10:14:52","date_gmt":"2025-09-30T10:14:52","guid":{"rendered":"https:\/\/lovme.pt\/?post_type=product&p=50562"},"modified":"2026-02-19T20:07:03","modified_gmt":"2026-02-19T20:07:03","slug":"b-swish-bcute-clssico-lilac","status":"publish","type":"product","link":"https:\/\/lovme.pt\/index.php\/produto\/b-swish-bcute-clssico-lilac\/","title":{"rendered":"B SWISH &#8211; BCUTE CLSSICO LILAC"},"content":{"rendered":"<p>Cl\u00e1ssico, simples, discreto e feito para o prazer. O massageador B Cute Classic \u00e9 um brinquedo vers\u00e1til de estilo cl\u00e1ssico, perfeito para todos os n\u00edveis de experi\u00eancia.<\/p>\n<p>O formato reto e estreito do Bcute Classic \u00e9 ideal para estimular o clit\u00f3ris, a glande e qualquer outra zona er\u00f3gena desejada pelo usu\u00e1rio. A ponta \u00e9 um pouco mais macia que as demais e endurece \u00e0 medida que se move em dire\u00e7\u00e3o \u00e0 base.<\/p>\n<p>Bcute Classic \u00e9 robusto e preciso, n\u00e3o importa onde seja utilizado, sua base \u00e9 f\u00e1cil de segurar.<\/p>\n<p>Suas principais caracter\u00edsticas s\u00e3o:<\/p>\n<ul>\n<li>Multifuncional, controle as fun\u00e7\u00f5es girando a linha no sentido hor\u00e1rio. Quanto mais voc\u00ea vira para a direita, mais intensa \u00e9 a vibra\u00e7\u00e3o.<\/li>\n<li>Precis\u00e3o pulsante extrema<\/li>\n<li>Submers\u00edvel, adequado para banho.<\/li>\n<li>Silicone macio e sedoso.<\/li>\n<li>Medidas; 11 cm de comprimento x 2,3 de largura.<\/li>\n<\/ul>\n<p>Bbold \u00e9 apresentado numa excelente caixa que inclui; Estojo para guardar, Massageador, se quiser saber mais clique <a href=\"http:\/\/us.bswish.com\/bswish\/Toys\/bcute_classic\/130819_BSBCC_EduFlyer_ES.pdf\">aqui<\/a><\/p>\n<p><img decoding=\"async\" alt=\"\" src=\"https:\/\/interno.dreamlove.es\/UserFiles\/image\/banderas.png\" \/><\/p>\n<p style=\"text-align: center;\">\u00a0<\/p>\n","protected":false},"excerpt":{"rendered":"<p>B SWISH &#8211; BCUTE CLSSICO LILAC<\/p>\n","protected":false},"featured_media":64707,"template":"","meta":{"_acf_changed":false},"product_brand":[],"product_cat":[17,59,60],"product_tag":[],"class_list":{"0":"post-50562","1":"product","2":"type-product","3":"status-publish","4":"has-post-thumbnail","6":"product_cat-brinquedos-de-bem-estar-sexual","7":"product_cat-para-casais","8":"product_cat-para-eles","9":"yith_product_brand-b-swish","11":"first","12":"instock","13":"taxable","14":"shipping-taxable","15":"purchasable","16":"product-type-simple"},"acf":[],"yoast_head":"<!-- This site is optimized with the Yoast SEO plugin v27.3 - https:\/\/yoast.com\/product\/yoast-seo-wordpress\/ -->\n<title>B SWISH - BCUTE CLSSICO LILAC - Lovme<\/title>\n<meta name=\"robots\" content=\"index, follow, max-snippet:-1, max-image-preview:large, max-video-preview:-1\" \/>\n<link rel=\"canonical\" href=\"https:\/\/lovme.pt\/index.php\/produto\/b-swish-bcute-clssico-lilac\/\" \/>\n<meta property=\"og:locale\" content=\"pt_PT\" \/>\n<meta property=\"og:type\" content=\"article\" \/>\n<meta property=\"og:title\" content=\"B SWISH - BCUTE CLSSICO LILAC - Lovme\" \/>\n<meta property=\"og:description\" content=\"B SWISH - BCUTE CLSSICO LILAC\" \/>\n<meta property=\"og:url\" content=\"https:\/\/lovme.pt\/index.php\/produto\/b-swish-bcute-clssico-lilac\/\" \/>\n<meta property=\"og:site_name\" content=\"Lovme\" \/>\n<meta property=\"article:modified_time\" content=\"2026-02-19T20:07:03+00:00\" \/>\n<meta property=\"og:image\" content=\"https:\/\/erki24nd3ub.exactdn.com\/wp-content\/uploads\/dream\/img\/img_191437_f7592380ce81c2846bcc5d6dad7800a1_1.jpg?strip=all\" \/>\n\t<meta property=\"og:image:width\" content=\"800\" \/>\n\t<meta property=\"og:image:height\" content=\"800\" \/>\n\t<meta property=\"og:image:type\" content=\"image\/jpeg\" \/>\n<meta name=\"twitter:card\" content=\"summary_large_image\" \/>\n<meta name=\"twitter:label1\" content=\"Tempo estimado de leitura\" \/>\n\t<meta name=\"twitter:data1\" content=\"1 minuto\" \/>\n<script type=\"application\/ld+json\" class=\"yoast-schema-graph\">{\"@context\":\"https:\\\/\\\/schema.org\",\"@graph\":[{\"@type\":\"WebPage\",\"@id\":\"https:\\\/\\\/lovme.pt\\\/index.php\\\/produto\\\/b-swish-bcute-clssico-lilac\\\/\",\"url\":\"https:\\\/\\\/lovme.pt\\\/index.php\\\/produto\\\/b-swish-bcute-clssico-lilac\\\/\",\"name\":\"B SWISH - BCUTE CLSSICO LILAC - Lovme\",\"isPartOf\":{\"@id\":\"https:\\\/\\\/lovme.pt\\\/#website\"},\"primaryImageOfPage\":{\"@id\":\"https:\\\/\\\/lovme.pt\\\/index.php\\\/produto\\\/b-swish-bcute-clssico-lilac\\\/#primaryimage\"},\"image\":{\"@id\":\"https:\\\/\\\/lovme.pt\\\/index.php\\\/produto\\\/b-swish-bcute-clssico-lilac\\\/#primaryimage\"},\"thumbnailUrl\":\"https:\\\/\\\/erki24nd3ub.exactdn.com\\\/wp-content\\\/uploads\\\/dream\\\/img\\\/img_191437_f7592380ce81c2846bcc5d6dad7800a1_1.jpg?strip=all\",\"datePublished\":\"2025-09-30T10:14:52+00:00\",\"dateModified\":\"2026-02-19T20:07:03+00:00\",\"breadcrumb\":{\"@id\":\"https:\\\/\\\/lovme.pt\\\/index.php\\\/produto\\\/b-swish-bcute-clssico-lilac\\\/#breadcrumb\"},\"inLanguage\":\"pt-PT\",\"potentialAction\":[{\"@type\":\"ReadAction\",\"target\":[\"https:\\\/\\\/lovme.pt\\\/index.php\\\/produto\\\/b-swish-bcute-clssico-lilac\\\/\"]}]},{\"@type\":\"ImageObject\",\"inLanguage\":\"pt-PT\",\"@id\":\"https:\\\/\\\/lovme.pt\\\/index.php\\\/produto\\\/b-swish-bcute-clssico-lilac\\\/#primaryimage\",\"url\":\"https:\\\/\\\/erki24nd3ub.exactdn.com\\\/wp-content\\\/uploads\\\/dream\\\/img\\\/img_191437_f7592380ce81c2846bcc5d6dad7800a1_1.jpg?strip=all\",\"contentUrl\":\"https:\\\/\\\/erki24nd3ub.exactdn.com\\\/wp-content\\\/uploads\\\/dream\\\/img\\\/img_191437_f7592380ce81c2846bcc5d6dad7800a1_1.jpg?strip=all\",\"width\":800,\"height\":800},{\"@type\":\"BreadcrumbList\",\"@id\":\"https:\\\/\\\/lovme.pt\\\/index.php\\\/produto\\\/b-swish-bcute-clssico-lilac\\\/#breadcrumb\",\"itemListElement\":[{\"@type\":\"ListItem\",\"position\":1,\"name\":\"In\u00edcio\",\"item\":\"https:\\\/\\\/lovme.pt\\\/\"},{\"@type\":\"ListItem\",\"position\":2,\"name\":\"Loja\",\"item\":\"https:\\\/\\\/lovme.pt\\\/index.php\\\/loja\\\/\"},{\"@type\":\"ListItem\",\"position\":3,\"name\":\"B SWISH &#8211; BCUTE CLSSICO LILAC\"}]},{\"@type\":\"WebSite\",\"@id\":\"https:\\\/\\\/lovme.pt\\\/#website\",\"url\":\"https:\\\/\\\/lovme.pt\\\/\",\"name\":\"Lovme Loja Er\u00f3tica N\u00ba1 em Portugal\",\"description\":\"A melhor loja er\u00f3tica de Portugal.\",\"alternateName\":\"Loja Er\u00f3tica Lovme\",\"potentialAction\":[{\"@type\":\"SearchAction\",\"target\":{\"@type\":\"EntryPoint\",\"urlTemplate\":\"https:\\\/\\\/lovme.pt\\\/?s={search_term_string}\"},\"query-input\":{\"@type\":\"PropertyValueSpecification\",\"valueRequired\":true,\"valueName\":\"search_term_string\"}}],\"inLanguage\":\"pt-PT\"}]}<\/script>\n<!-- \/ Yoast SEO plugin. -->","yoast_head_json":{"title":"B SWISH - BCUTE CLSSICO LILAC - Lovme","robots":{"index":"index","follow":"follow","max-snippet":"max-snippet:-1","max-image-preview":"max-image-preview:large","max-video-preview":"max-video-preview:-1"},"canonical":"https:\/\/lovme.pt\/index.php\/produto\/b-swish-bcute-clssico-lilac\/","og_locale":"pt_PT","og_type":"article","og_title":"B SWISH - BCUTE CLSSICO LILAC - Lovme","og_description":"B SWISH - BCUTE CLSSICO LILAC","og_url":"https:\/\/lovme.pt\/index.php\/produto\/b-swish-bcute-clssico-lilac\/","og_site_name":"Lovme","article_modified_time":"2026-02-19T20:07:03+00:00","og_image":[{"width":800,"height":800,"url":"https:\/\/erki24nd3ub.exactdn.com\/wp-content\/uploads\/dream\/img\/img_191437_f7592380ce81c2846bcc5d6dad7800a1_1.jpg?strip=all","type":"image\/jpeg"}],"twitter_card":"summary_large_image","twitter_misc":{"Tempo estimado de leitura":"1 minuto"},"schema":{"@context":"https:\/\/schema.org","@graph":[{"@type":"WebPage","@id":"https:\/\/lovme.pt\/index.php\/produto\/b-swish-bcute-clssico-lilac\/","url":"https:\/\/lovme.pt\/index.php\/produto\/b-swish-bcute-clssico-lilac\/","name":"B SWISH - BCUTE CLSSICO LILAC - Lovme","isPartOf":{"@id":"https:\/\/lovme.pt\/#website"},"primaryImageOfPage":{"@id":"https:\/\/lovme.pt\/index.php\/produto\/b-swish-bcute-clssico-lilac\/#primaryimage"},"image":{"@id":"https:\/\/lovme.pt\/index.php\/produto\/b-swish-bcute-clssico-lilac\/#primaryimage"},"thumbnailUrl":"https:\/\/erki24nd3ub.exactdn.com\/wp-content\/uploads\/dream\/img\/img_191437_f7592380ce81c2846bcc5d6dad7800a1_1.jpg?strip=all","datePublished":"2025-09-30T10:14:52+00:00","dateModified":"2026-02-19T20:07:03+00:00","breadcrumb":{"@id":"https:\/\/lovme.pt\/index.php\/produto\/b-swish-bcute-clssico-lilac\/#breadcrumb"},"inLanguage":"pt-PT","potentialAction":[{"@type":"ReadAction","target":["https:\/\/lovme.pt\/index.php\/produto\/b-swish-bcute-clssico-lilac\/"]}]},{"@type":"ImageObject","inLanguage":"pt-PT","@id":"https:\/\/lovme.pt\/index.php\/produto\/b-swish-bcute-clssico-lilac\/#primaryimage","url":"https:\/\/erki24nd3ub.exactdn.com\/wp-content\/uploads\/dream\/img\/img_191437_f7592380ce81c2846bcc5d6dad7800a1_1.jpg?strip=all","contentUrl":"https:\/\/erki24nd3ub.exactdn.com\/wp-content\/uploads\/dream\/img\/img_191437_f7592380ce81c2846bcc5d6dad7800a1_1.jpg?strip=all","width":800,"height":800},{"@type":"BreadcrumbList","@id":"https:\/\/lovme.pt\/index.php\/produto\/b-swish-bcute-clssico-lilac\/#breadcrumb","itemListElement":[{"@type":"ListItem","position":1,"name":"In\u00edcio","item":"https:\/\/lovme.pt\/"},{"@type":"ListItem","position":2,"name":"Loja","item":"https:\/\/lovme.pt\/index.php\/loja\/"},{"@type":"ListItem","position":3,"name":"B SWISH &#8211; BCUTE CLSSICO LILAC"}]},{"@type":"WebSite","@id":"https:\/\/lovme.pt\/#website","url":"https:\/\/lovme.pt\/","name":"Lovme Loja Er\u00f3tica N\u00ba1 em Portugal","description":"A melhor loja er\u00f3tica de Portugal.","alternateName":"Loja Er\u00f3tica Lovme","potentialAction":[{"@type":"SearchAction","target":{"@type":"EntryPoint","urlTemplate":"https:\/\/lovme.pt\/?s={search_term_string}"},"query-input":{"@type":"PropertyValueSpecification","valueRequired":true,"valueName":"search_term_string"}}],"inLanguage":"pt-PT"}]}},"_links":{"self":[{"href":"https:\/\/lovme.pt\/index.php\/wp-json\/wp\/v2\/product\/50562","targetHints":{"allow":["GET"]}}],"collection":[{"href":"https:\/\/lovme.pt\/index.php\/wp-json\/wp\/v2\/product"}],"about":[{"href":"https:\/\/lovme.pt\/index.php\/wp-json\/wp\/v2\/types\/product"}],"wp:featuredmedia":[{"embeddable":true,"href":"https:\/\/lovme.pt\/index.php\/wp-json\/wp\/v2\/media\/64707"}],"wp:attachment":[{"href":"https:\/\/lovme.pt\/index.php\/wp-json\/wp\/v2\/media?parent=50562"}],"wp:term":[{"taxonomy":"product_brand","embeddable":true,"href":"https:\/\/lovme.pt\/index.php\/wp-json\/wp\/v2\/product_brand?post=50562"},{"taxonomy":"product_cat","embeddable":true,"href":"https:\/\/lovme.pt\/index.php\/wp-json\/wp\/v2\/product_cat?post=50562"},{"taxonomy":"product_tag","embeddable":true,"href":"https:\/\/lovme.pt\/index.php\/wp-json\/wp\/v2\/product_tag?post=50562"}],"curies":[{"name":"wp","href":"https:\/\/api.w.org\/{rel}","templated":true}]}}