{"id":50537,"date":"2025-10-01T03:20:14","date_gmt":"2025-10-01T03:20:14","guid":{"rendered":"https:\/\/lovme.pt\/?post_type=product&#038;p=50537"},"modified":"2026-03-31T21:55:27","modified_gmt":"2026-03-31T21:55:27","slug":"adrien-lastic-segredos-de-casal-ii-estimulacao-dupla-rosa-aplicativo-gratuito-2","status":"publish","type":"product","link":"https:\/\/lovme.pt\/index.php\/produto\/adrien-lastic-segredos-de-casal-ii-estimulacao-dupla-rosa-aplicativo-gratuito-2\/","title":{"rendered":"ADRIEN LASTIC &#8211; SEGREDOS DE CASAL II ESTIMULA\u00c7\u00c3O DUPLA ROSA + APLICATIVO GRATUITO"},"content":{"rendered":"<p><u><strong>DESCUBRA OS SEGREDOS DO CASAL II + APP<\/strong><\/u><\/p>\n<p>Deixe-se levar por Adrien Lastics Couple Secrets II e transforme os seus pontos sens\u00edveis em pura felicidade ao mesmo tempo!<\/p>\n<p>\u00c0 primeira vista, este vibrador de cabe\u00e7a dupla inteligentemente criativo pode parecer destinado apenas para uso individual, mas este brinquedo multifuncional \u00e9 perfeito para casais se divertirem e tem o potencial de agradar a ambos para uma experi\u00eancia elevada. para outro n\u00edvel.<\/p>\n<p>Com os seus dois motores potentes mas discretos estrategicamente localizados na barra de estimula\u00e7\u00e3o vaginal e no estimulador anal, este brinquedo oferece um prazer intenso. Esteja voc\u00ea procurando provoca\u00e7\u00f5es sem fim ou satisfa\u00e7\u00e3o total com penetra\u00e7\u00e3o, explore os 10 modos de vibra\u00e7\u00e3o. Voc\u00ea pode escolher entre configura\u00e7\u00f5es lentas e constantes, vibra\u00e7\u00f5es r\u00e1pidas que far\u00e3o voc\u00ea estremecer ou pulsa\u00e7\u00f5es suaves e espor\u00e1dicas.<\/p>\n<p>Feito inteiramente em 100% silicone, a pele sedosa e macia deste vibrador de eixo duplo \u00e9 hipoalerg\u00eanica, segura e muito agrad\u00e1vel ao toque.<\/p>\n<p>O fundo grosso e arredondado \u00e9 projetado com curvas e recortes para f\u00e1cil inser\u00e7\u00e3o e remo\u00e7\u00e3o. Basta conectar o cabo USB inclu\u00eddo na porta traseira do Couple Secrets II por 90 minutos para desfrutar de 40 minutos de jogo ultra-satisfat\u00f3rio.<\/p>\n<p>Este brinquedo de dupla penetra\u00e7\u00e3o Adrien Lastic \u00e9 100% resistente a respingos. Combine-o com o seu lubrificante \u00e0 base de \u00e1gua favorito para uma sensa\u00e7\u00e3o ainda mais suave.<\/p>\n<p><u><strong>COMO US\u00c1-LO?<\/strong><\/u><\/p>\n<div>\n<p>\u00c9 muito f\u00e1cil. Dependendo se voc\u00ea usa sozinho ou acompanhado, aplique seu lubrificante \u00e0 base de \u00e1gua preferido no brinquedo e nas \u00e1reas a serem estimuladas, principalmente no \u00e2nus, pois n\u00e3o lubrifica naturalmente. Quando estiver pronto, voc\u00ea pode come\u00e7ar a penetra\u00e7\u00e3o. E lembre-se, Couple Secrets n\u00e3o precisa que voc\u00ea o segure nas m\u00e3os, est\u00e1 l\u00e1. Projetado para permanecer no lugar enquanto estimula voc\u00ea. Para que voc\u00ea aproveite para curtir com as m\u00e3os estimulando outras partes do seu corpo! Al\u00e9m disso, conecte-se ao App Adrien Lastic e aproveite de todas as maneiras que voc\u00ea imaginar!<\/p>\n<p><u><strong>CARACTER\u00cdSTICAS:<\/strong><\/u><\/p>\n<ul>\n<li>100% silicone premium supermacio e ABS<\/li>\n<li>Resistente a respingos<\/li>\n<li>Dimens\u00f5es: Comprimento 10,8 \/ 7,9 cm \/\/ Di\u00e2metro 3,5 \/ 2,7 cm<\/li>\n<li>USB recarreg\u00e1vel<\/li>\n<li>2 motores potentes<\/li>\n<li>10 modos de vibra\u00e7\u00e3o<\/li>\n<li>Aplicativo m\u00f3vel<\/li>\n<li>Bateria de l\u00edtio<\/li>\n<li>60 gr<\/li>\n<\/ul>\n<p>\u00a0<\/p>\n<p><u><strong>PROPRIEDADES:<\/strong><\/u><\/p>\n<ul>\n<li>Dupla penetra\u00e7\u00e3o sem necessidade de usar as m\u00e3os.<\/li>\n<li>Conecte Couple Secrets atrav\u00e9s do App Adrien Lastic e explore um mundo cheio de sensa\u00e7\u00f5es.<\/li>\n<li>Controle os Segredos do Casal com um controle remoto e cause travessuras mesmo fora de casa.<\/li>\n<li>Com toque macio e sedoso, este vibrador sem fio \u00e9 \u00e0 prova d\u00e1gua e possui 10 fun\u00e7\u00f5es de vibra\u00e7\u00e3o.<\/li>\n<li><strong>LIMPEZA:<\/strong> Limpe bem o brinquedo antes e depois de cada uso com \u00e1gua morna e sab\u00e3o neutro.<\/li>\n<li><strong>ARMAZENAMENTO:<\/strong> Guarde o seu brinquedo Adrien Lastic em local livre de poeira e mantenha-o longe de brinquedos de outros materiais. Evite deix\u00e1-lo exposto \u00e0 luz solar direta e NUNCA exponha-o a calor extremo.<\/li>\n<li><strong>DICAS DE USO:<\/strong> Adrien Lastic recomenda o uso de lubrificantes \u00e0 base de \u00e1gua para uma inser\u00e7\u00e3o f\u00e1cil e suave de todos os produtos de silicone. N\u00e3o utilize lubrificantes, \u00f3leos ou cremes de silicone com qualquer produto de silicone, pois podem degradar o material do produto e limitar o seu desempenho e vida \u00fatil.<\/li>\n<\/ul>\n<p>\u00a0<\/p>\n<p><u><strong>CONTE\u00daDO DA CAIXA<\/strong><\/u><\/p>\n<ul>\n<li>Segredos de casal<\/li>\n<li>Bolsa de cetim<\/li>\n<li>Cart\u00e3o de garantia<\/li>\n<li>Manual de instru\u00e7\u00f5es<\/li>\n<li>cabo USB<\/li>\n<\/ul>\n<\/div>\n","protected":false},"excerpt":{"rendered":"<p>ADRIEN LASTIC &#8211; SEGREDOS DE CASAL II ESTIMULA\u00c7\u00c3O DUPLA ROSA + APLICATIVO GRATUITO<\/p>\n","protected":false},"featured_media":102863,"template":"","meta":{"_acf_changed":false},"product_brand":[],"product_cat":[17,61,76],"product_tag":[],"class_list":{"0":"post-50537","1":"product","2":"type-product","3":"status-publish","4":"has-post-thumbnail","6":"product_cat-brinquedos-de-bem-estar-sexual","7":"product_cat-para-elas","8":"product_cat-vibradores","9":"yith_product_brand-adrien-lastic","11":"first","12":"instock","13":"taxable","14":"shipping-taxable","15":"purchasable","16":"product-type-simple"},"acf":[],"yoast_head":"<!-- This site is optimized with the Yoast SEO plugin v27.3 - https:\/\/yoast.com\/product\/yoast-seo-wordpress\/ -->\n<title>ADRIEN LASTIC - SEGREDOS DE CASAL II ESTIMULA\u00c7\u00c3O DUPLA ROSA + APLICATIVO GRATUITO - Lovme<\/title>\n<meta name=\"robots\" content=\"index, follow, max-snippet:-1, max-image-preview:large, max-video-preview:-1\" \/>\n<link rel=\"canonical\" href=\"https:\/\/lovme.pt\/index.php\/produto\/adrien-lastic-segredos-de-casal-ii-estimulacao-dupla-rosa-aplicativo-gratuito-2\/\" \/>\n<meta property=\"og:locale\" content=\"pt_PT\" \/>\n<meta property=\"og:type\" content=\"article\" \/>\n<meta property=\"og:title\" content=\"ADRIEN LASTIC - SEGREDOS DE CASAL II ESTIMULA\u00c7\u00c3O DUPLA ROSA + APLICATIVO GRATUITO - Lovme\" \/>\n<meta property=\"og:description\" content=\"ADRIEN LASTIC - SEGREDOS DE CASAL II ESTIMULA\u00c7\u00c3O DUPLA ROSA + APLICATIVO GRATUITO\" \/>\n<meta property=\"og:url\" content=\"https:\/\/lovme.pt\/index.php\/produto\/adrien-lastic-segredos-de-casal-ii-estimulacao-dupla-rosa-aplicativo-gratuito-2\/\" \/>\n<meta property=\"og:site_name\" content=\"Lovme\" \/>\n<meta property=\"article:modified_time\" content=\"2026-03-31T21:55:27+00:00\" \/>\n<meta property=\"og:image\" content=\"https:\/\/erki24nd3ub.exactdn.com\/wp-content\/uploads\/dream\/img\/img_191000_e4384da44bf7fd7b94d470c9f828bee3_1.jpg?strip=all\" \/>\n\t<meta property=\"og:image:width\" content=\"800\" \/>\n\t<meta property=\"og:image:height\" content=\"800\" \/>\n\t<meta property=\"og:image:type\" content=\"image\/jpeg\" \/>\n<meta name=\"twitter:card\" content=\"summary_large_image\" \/>\n<meta name=\"twitter:label1\" content=\"Tempo estimado de leitura\" \/>\n\t<meta name=\"twitter:data1\" content=\"3 minutos\" \/>\n<script type=\"application\/ld+json\" class=\"yoast-schema-graph\">{\"@context\":\"https:\\\/\\\/schema.org\",\"@graph\":[{\"@type\":\"WebPage\",\"@id\":\"https:\\\/\\\/lovme.pt\\\/index.php\\\/produto\\\/adrien-lastic-segredos-de-casal-ii-estimulacao-dupla-rosa-aplicativo-gratuito-2\\\/\",\"url\":\"https:\\\/\\\/lovme.pt\\\/index.php\\\/produto\\\/adrien-lastic-segredos-de-casal-ii-estimulacao-dupla-rosa-aplicativo-gratuito-2\\\/\",\"name\":\"ADRIEN LASTIC - SEGREDOS DE CASAL II ESTIMULA\u00c7\u00c3O DUPLA ROSA + APLICATIVO GRATUITO - Lovme\",\"isPartOf\":{\"@id\":\"https:\\\/\\\/lovme.pt\\\/#website\"},\"primaryImageOfPage\":{\"@id\":\"https:\\\/\\\/lovme.pt\\\/index.php\\\/produto\\\/adrien-lastic-segredos-de-casal-ii-estimulacao-dupla-rosa-aplicativo-gratuito-2\\\/#primaryimage\"},\"image\":{\"@id\":\"https:\\\/\\\/lovme.pt\\\/index.php\\\/produto\\\/adrien-lastic-segredos-de-casal-ii-estimulacao-dupla-rosa-aplicativo-gratuito-2\\\/#primaryimage\"},\"thumbnailUrl\":\"https:\\\/\\\/erki24nd3ub.exactdn.com\\\/wp-content\\\/uploads\\\/dream\\\/img\\\/img_191000_e4384da44bf7fd7b94d470c9f828bee3_1.jpg?strip=all\",\"datePublished\":\"2025-10-01T03:20:14+00:00\",\"dateModified\":\"2026-03-31T21:55:27+00:00\",\"breadcrumb\":{\"@id\":\"https:\\\/\\\/lovme.pt\\\/index.php\\\/produto\\\/adrien-lastic-segredos-de-casal-ii-estimulacao-dupla-rosa-aplicativo-gratuito-2\\\/#breadcrumb\"},\"inLanguage\":\"pt-PT\",\"potentialAction\":[{\"@type\":\"ReadAction\",\"target\":[\"https:\\\/\\\/lovme.pt\\\/index.php\\\/produto\\\/adrien-lastic-segredos-de-casal-ii-estimulacao-dupla-rosa-aplicativo-gratuito-2\\\/\"]}]},{\"@type\":\"ImageObject\",\"inLanguage\":\"pt-PT\",\"@id\":\"https:\\\/\\\/lovme.pt\\\/index.php\\\/produto\\\/adrien-lastic-segredos-de-casal-ii-estimulacao-dupla-rosa-aplicativo-gratuito-2\\\/#primaryimage\",\"url\":\"https:\\\/\\\/erki24nd3ub.exactdn.com\\\/wp-content\\\/uploads\\\/dream\\\/img\\\/img_191000_e4384da44bf7fd7b94d470c9f828bee3_1.jpg?strip=all\",\"contentUrl\":\"https:\\\/\\\/erki24nd3ub.exactdn.com\\\/wp-content\\\/uploads\\\/dream\\\/img\\\/img_191000_e4384da44bf7fd7b94d470c9f828bee3_1.jpg?strip=all\",\"width\":800,\"height\":800},{\"@type\":\"BreadcrumbList\",\"@id\":\"https:\\\/\\\/lovme.pt\\\/index.php\\\/produto\\\/adrien-lastic-segredos-de-casal-ii-estimulacao-dupla-rosa-aplicativo-gratuito-2\\\/#breadcrumb\",\"itemListElement\":[{\"@type\":\"ListItem\",\"position\":1,\"name\":\"In\u00edcio\",\"item\":\"https:\\\/\\\/lovme.pt\\\/\"},{\"@type\":\"ListItem\",\"position\":2,\"name\":\"Loja\",\"item\":\"https:\\\/\\\/lovme.pt\\\/index.php\\\/loja\\\/\"},{\"@type\":\"ListItem\",\"position\":3,\"name\":\"ADRIEN LASTIC &#8211; SEGREDOS DE CASAL II ESTIMULA\u00c7\u00c3O DUPLA ROSA + APLICATIVO GRATUITO\"}]},{\"@type\":\"WebSite\",\"@id\":\"https:\\\/\\\/lovme.pt\\\/#website\",\"url\":\"https:\\\/\\\/lovme.pt\\\/\",\"name\":\"Lovme Loja Er\u00f3tica N\u00ba1 em Portugal\",\"description\":\"A melhor loja er\u00f3tica de Portugal.\",\"alternateName\":\"Loja Er\u00f3tica Lovme\",\"potentialAction\":[{\"@type\":\"SearchAction\",\"target\":{\"@type\":\"EntryPoint\",\"urlTemplate\":\"https:\\\/\\\/lovme.pt\\\/?s={search_term_string}\"},\"query-input\":{\"@type\":\"PropertyValueSpecification\",\"valueRequired\":true,\"valueName\":\"search_term_string\"}}],\"inLanguage\":\"pt-PT\"}]}<\/script>\n<!-- \/ Yoast SEO plugin. -->","yoast_head_json":{"title":"ADRIEN LASTIC - SEGREDOS DE CASAL II ESTIMULA\u00c7\u00c3O DUPLA ROSA + APLICATIVO GRATUITO - Lovme","robots":{"index":"index","follow":"follow","max-snippet":"max-snippet:-1","max-image-preview":"max-image-preview:large","max-video-preview":"max-video-preview:-1"},"canonical":"https:\/\/lovme.pt\/index.php\/produto\/adrien-lastic-segredos-de-casal-ii-estimulacao-dupla-rosa-aplicativo-gratuito-2\/","og_locale":"pt_PT","og_type":"article","og_title":"ADRIEN LASTIC - SEGREDOS DE CASAL II ESTIMULA\u00c7\u00c3O DUPLA ROSA + APLICATIVO GRATUITO - Lovme","og_description":"ADRIEN LASTIC - SEGREDOS DE CASAL II ESTIMULA\u00c7\u00c3O DUPLA ROSA + APLICATIVO GRATUITO","og_url":"https:\/\/lovme.pt\/index.php\/produto\/adrien-lastic-segredos-de-casal-ii-estimulacao-dupla-rosa-aplicativo-gratuito-2\/","og_site_name":"Lovme","article_modified_time":"2026-03-31T21:55:27+00:00","og_image":[{"width":800,"height":800,"url":"https:\/\/erki24nd3ub.exactdn.com\/wp-content\/uploads\/dream\/img\/img_191000_e4384da44bf7fd7b94d470c9f828bee3_1.jpg?strip=all","type":"image\/jpeg"}],"twitter_card":"summary_large_image","twitter_misc":{"Tempo estimado de leitura":"3 minutos"},"schema":{"@context":"https:\/\/schema.org","@graph":[{"@type":"WebPage","@id":"https:\/\/lovme.pt\/index.php\/produto\/adrien-lastic-segredos-de-casal-ii-estimulacao-dupla-rosa-aplicativo-gratuito-2\/","url":"https:\/\/lovme.pt\/index.php\/produto\/adrien-lastic-segredos-de-casal-ii-estimulacao-dupla-rosa-aplicativo-gratuito-2\/","name":"ADRIEN LASTIC - SEGREDOS DE CASAL II ESTIMULA\u00c7\u00c3O DUPLA ROSA + APLICATIVO GRATUITO - Lovme","isPartOf":{"@id":"https:\/\/lovme.pt\/#website"},"primaryImageOfPage":{"@id":"https:\/\/lovme.pt\/index.php\/produto\/adrien-lastic-segredos-de-casal-ii-estimulacao-dupla-rosa-aplicativo-gratuito-2\/#primaryimage"},"image":{"@id":"https:\/\/lovme.pt\/index.php\/produto\/adrien-lastic-segredos-de-casal-ii-estimulacao-dupla-rosa-aplicativo-gratuito-2\/#primaryimage"},"thumbnailUrl":"https:\/\/erki24nd3ub.exactdn.com\/wp-content\/uploads\/dream\/img\/img_191000_e4384da44bf7fd7b94d470c9f828bee3_1.jpg?strip=all","datePublished":"2025-10-01T03:20:14+00:00","dateModified":"2026-03-31T21:55:27+00:00","breadcrumb":{"@id":"https:\/\/lovme.pt\/index.php\/produto\/adrien-lastic-segredos-de-casal-ii-estimulacao-dupla-rosa-aplicativo-gratuito-2\/#breadcrumb"},"inLanguage":"pt-PT","potentialAction":[{"@type":"ReadAction","target":["https:\/\/lovme.pt\/index.php\/produto\/adrien-lastic-segredos-de-casal-ii-estimulacao-dupla-rosa-aplicativo-gratuito-2\/"]}]},{"@type":"ImageObject","inLanguage":"pt-PT","@id":"https:\/\/lovme.pt\/index.php\/produto\/adrien-lastic-segredos-de-casal-ii-estimulacao-dupla-rosa-aplicativo-gratuito-2\/#primaryimage","url":"https:\/\/erki24nd3ub.exactdn.com\/wp-content\/uploads\/dream\/img\/img_191000_e4384da44bf7fd7b94d470c9f828bee3_1.jpg?strip=all","contentUrl":"https:\/\/erki24nd3ub.exactdn.com\/wp-content\/uploads\/dream\/img\/img_191000_e4384da44bf7fd7b94d470c9f828bee3_1.jpg?strip=all","width":800,"height":800},{"@type":"BreadcrumbList","@id":"https:\/\/lovme.pt\/index.php\/produto\/adrien-lastic-segredos-de-casal-ii-estimulacao-dupla-rosa-aplicativo-gratuito-2\/#breadcrumb","itemListElement":[{"@type":"ListItem","position":1,"name":"In\u00edcio","item":"https:\/\/lovme.pt\/"},{"@type":"ListItem","position":2,"name":"Loja","item":"https:\/\/lovme.pt\/index.php\/loja\/"},{"@type":"ListItem","position":3,"name":"ADRIEN LASTIC &#8211; SEGREDOS DE CASAL II ESTIMULA\u00c7\u00c3O DUPLA ROSA + APLICATIVO GRATUITO"}]},{"@type":"WebSite","@id":"https:\/\/lovme.pt\/#website","url":"https:\/\/lovme.pt\/","name":"Lovme Loja Er\u00f3tica N\u00ba1 em Portugal","description":"A melhor loja er\u00f3tica de Portugal.","alternateName":"Loja Er\u00f3tica Lovme","potentialAction":[{"@type":"SearchAction","target":{"@type":"EntryPoint","urlTemplate":"https:\/\/lovme.pt\/?s={search_term_string}"},"query-input":{"@type":"PropertyValueSpecification","valueRequired":true,"valueName":"search_term_string"}}],"inLanguage":"pt-PT"}]}},"_links":{"self":[{"href":"https:\/\/lovme.pt\/index.php\/wp-json\/wp\/v2\/product\/50537","targetHints":{"allow":["GET"]}}],"collection":[{"href":"https:\/\/lovme.pt\/index.php\/wp-json\/wp\/v2\/product"}],"about":[{"href":"https:\/\/lovme.pt\/index.php\/wp-json\/wp\/v2\/types\/product"}],"wp:featuredmedia":[{"embeddable":true,"href":"https:\/\/lovme.pt\/index.php\/wp-json\/wp\/v2\/media\/102863"}],"wp:attachment":[{"href":"https:\/\/lovme.pt\/index.php\/wp-json\/wp\/v2\/media?parent=50537"}],"wp:term":[{"taxonomy":"product_brand","embeddable":true,"href":"https:\/\/lovme.pt\/index.php\/wp-json\/wp\/v2\/product_brand?post=50537"},{"taxonomy":"product_cat","embeddable":true,"href":"https:\/\/lovme.pt\/index.php\/wp-json\/wp\/v2\/product_cat?post=50537"},{"taxonomy":"product_tag","embeddable":true,"href":"https:\/\/lovme.pt\/index.php\/wp-json\/wp\/v2\/product_tag?post=50537"}],"curies":[{"name":"wp","href":"https:\/\/api.w.org\/{rel}","templated":true}]}}