{"id":50499,"date":"2025-10-01T03:07:08","date_gmt":"2025-10-01T03:07:08","guid":{"rendered":"https:\/\/lovme.pt\/?post_type=product&p=50499"},"modified":"2026-02-19T20:22:24","modified_gmt":"2026-02-19T20:22:24","slug":"fleshlight-vanna-bardot-vagina","status":"publish","type":"product","link":"https:\/\/lovme.pt\/index.php\/produto\/fleshlight-vanna-bardot-vagina\/","title":{"rendered":"FLESHLIGHT &#8211; VANNA BARDOT VAGINA"},"content":{"rendered":"<p>As garotas da Fleshlights s\u00e3o as estrelas mais quentes da ind\u00fastria adulta, e voc\u00ea pode levar para casa brinquedos de masturba\u00e7\u00e3o realistas e de alta qualidade moldados a partir delas!<\/p>\n<p>Este masturbador \u00e9 um pedacinho apertado de felicidade s\u00f3 esperando sua libera\u00e7\u00e3o. Depois de entrar nos l\u00e1bios doces de Vanna, voc\u00ea encontrar\u00e1 uma c\u00e2mara sedosa de protuber\u00e2ncias e sulcos que far\u00e3o seu cora\u00e7\u00e3o disparar. Voc\u00ea encontrou seu lugar feliz.<\/p>\n<p>\u00a0<\/p>\n<p><u><strong>CARACTER\u00cdSTICAS<\/strong><\/u><\/p>\n<ul>\n<li>Textura extremamente macia e realista<\/li>\n<li>Feito de material patenteado super skin com toque real.<\/li>\n<li>Controle total sobre a quantidade de suc\u00e7\u00e3o atrav\u00e9s da tampa final<\/li>\n<li>Alojado em uma caixa perolada discreta, texturizada e de f\u00e1cil manuseio<\/li>\n<li>Inclui um sach\u00ea de lubrificante Fleshlight \u00e0 base de \u00e1gua.<\/li>\n<li>Manga remov\u00edvel para f\u00e1cil limpeza<\/li>\n<li>Livre de ftalatos, seguro e n\u00e3o t\u00f3xico.<\/li>\n<li>Cor (masturbador): Tom de pele<\/li>\n<li>Cor (carca\u00e7a): Branco p\u00e9rola<\/li>\n<li>Espessura (embalagem): 100 mm<\/li>\n<\/ul>\n<p>\u00a0<\/p>\n<p>A Fleshlight\u00ae \u00e9 l\u00edder mundial na fabrica\u00e7\u00e3o de masturbadores masculinos usando moldes de pessoas reais, suas grandes qualidades e caracter\u00edsticas deram origem a uma marca pensada para os homens e seu prazer que \u00e9 \u00fanica no mundo!!<\/p>\n","protected":false},"excerpt":{"rendered":"<p>FLESHLIGHT &#8211; VANNA BARDOT VAGINA<\/p>\n","protected":false},"featured_media":101584,"template":"","meta":{"_acf_changed":false},"product_brand":[],"product_cat":[17,58,60],"product_tag":[],"class_list":{"0":"post-50499","1":"product","2":"type-product","3":"status-publish","4":"has-post-thumbnail","6":"product_cat-brinquedos-de-bem-estar-sexual","7":"product_cat-masturbadores-para-penis","8":"product_cat-para-eles","9":"yith_product_brand-fleshlight","10":"yith_product_brand-fleshlightfleshlight-girls","12":"first","13":"instock","14":"taxable","15":"shipping-taxable","16":"purchasable","17":"product-type-simple"},"acf":[],"yoast_head":"<!-- This site is optimized with the Yoast SEO plugin v27.4 - https:\/\/yoast.com\/product\/yoast-seo-wordpress\/ -->\n<title>FLESHLIGHT - VANNA BARDOT VAGINA - Lovme<\/title>\n<meta name=\"robots\" content=\"index, follow, max-snippet:-1, max-image-preview:large, max-video-preview:-1\" \/>\n<link rel=\"canonical\" href=\"https:\/\/lovme.pt\/index.php\/produto\/fleshlight-vanna-bardot-vagina\/\" \/>\n<meta property=\"og:locale\" content=\"pt_PT\" \/>\n<meta property=\"og:type\" content=\"article\" \/>\n<meta property=\"og:title\" content=\"FLESHLIGHT - VANNA BARDOT VAGINA - Lovme\" \/>\n<meta property=\"og:description\" content=\"FLESHLIGHT - VANNA BARDOT VAGINA\" \/>\n<meta property=\"og:url\" content=\"https:\/\/lovme.pt\/index.php\/produto\/fleshlight-vanna-bardot-vagina\/\" \/>\n<meta property=\"og:site_name\" content=\"Lovme\" \/>\n<meta property=\"article:modified_time\" content=\"2026-02-19T20:22:24+00:00\" \/>\n<meta property=\"og:image\" content=\"https:\/\/erki24nd3ub.exactdn.com\/wp-content\/uploads\/dream\/img\/img_190636_abb433b2c559a46869058f6c1bba2300_1.jpg?strip=all\" \/>\n\t<meta property=\"og:image:width\" content=\"800\" \/>\n\t<meta property=\"og:image:height\" content=\"800\" \/>\n\t<meta property=\"og:image:type\" content=\"image\/jpeg\" \/>\n<meta name=\"twitter:card\" content=\"summary_large_image\" \/>\n<meta name=\"twitter:label1\" content=\"Tempo estimado de leitura\" \/>\n\t<meta name=\"twitter:data1\" content=\"1 minuto\" \/>\n<script type=\"application\/ld+json\" class=\"yoast-schema-graph\">{\"@context\":\"https:\\\/\\\/schema.org\",\"@graph\":[{\"@type\":\"WebPage\",\"@id\":\"https:\\\/\\\/lovme.pt\\\/index.php\\\/produto\\\/fleshlight-vanna-bardot-vagina\\\/\",\"url\":\"https:\\\/\\\/lovme.pt\\\/index.php\\\/produto\\\/fleshlight-vanna-bardot-vagina\\\/\",\"name\":\"FLESHLIGHT - VANNA BARDOT VAGINA - Lovme\",\"isPartOf\":{\"@id\":\"https:\\\/\\\/lovme.pt\\\/#website\"},\"primaryImageOfPage\":{\"@id\":\"https:\\\/\\\/lovme.pt\\\/index.php\\\/produto\\\/fleshlight-vanna-bardot-vagina\\\/#primaryimage\"},\"image\":{\"@id\":\"https:\\\/\\\/lovme.pt\\\/index.php\\\/produto\\\/fleshlight-vanna-bardot-vagina\\\/#primaryimage\"},\"thumbnailUrl\":\"https:\\\/\\\/erki24nd3ub.exactdn.com\\\/wp-content\\\/uploads\\\/dream\\\/img\\\/img_190636_abb433b2c559a46869058f6c1bba2300_1.jpg?strip=all\",\"datePublished\":\"2025-10-01T03:07:08+00:00\",\"dateModified\":\"2026-02-19T20:22:24+00:00\",\"breadcrumb\":{\"@id\":\"https:\\\/\\\/lovme.pt\\\/index.php\\\/produto\\\/fleshlight-vanna-bardot-vagina\\\/#breadcrumb\"},\"inLanguage\":\"pt-PT\",\"potentialAction\":[{\"@type\":\"ReadAction\",\"target\":[\"https:\\\/\\\/lovme.pt\\\/index.php\\\/produto\\\/fleshlight-vanna-bardot-vagina\\\/\"]}]},{\"@type\":\"ImageObject\",\"inLanguage\":\"pt-PT\",\"@id\":\"https:\\\/\\\/lovme.pt\\\/index.php\\\/produto\\\/fleshlight-vanna-bardot-vagina\\\/#primaryimage\",\"url\":\"https:\\\/\\\/erki24nd3ub.exactdn.com\\\/wp-content\\\/uploads\\\/dream\\\/img\\\/img_190636_abb433b2c559a46869058f6c1bba2300_1.jpg?strip=all\",\"contentUrl\":\"https:\\\/\\\/erki24nd3ub.exactdn.com\\\/wp-content\\\/uploads\\\/dream\\\/img\\\/img_190636_abb433b2c559a46869058f6c1bba2300_1.jpg?strip=all\",\"width\":800,\"height\":800},{\"@type\":\"BreadcrumbList\",\"@id\":\"https:\\\/\\\/lovme.pt\\\/index.php\\\/produto\\\/fleshlight-vanna-bardot-vagina\\\/#breadcrumb\",\"itemListElement\":[{\"@type\":\"ListItem\",\"position\":1,\"name\":\"In\u00edcio\",\"item\":\"https:\\\/\\\/lovme.pt\\\/\"},{\"@type\":\"ListItem\",\"position\":2,\"name\":\"Loja\",\"item\":\"https:\\\/\\\/lovme.pt\\\/index.php\\\/loja\\\/\"},{\"@type\":\"ListItem\",\"position\":3,\"name\":\"FLESHLIGHT &#8211; VANNA BARDOT VAGINA\"}]},{\"@type\":\"WebSite\",\"@id\":\"https:\\\/\\\/lovme.pt\\\/#website\",\"url\":\"https:\\\/\\\/lovme.pt\\\/\",\"name\":\"Lovme Loja Er\u00f3tica N\u00ba1 em Portugal\",\"description\":\"A melhor loja er\u00f3tica de Portugal.\",\"alternateName\":\"Loja Er\u00f3tica Lovme\",\"potentialAction\":[{\"@type\":\"SearchAction\",\"target\":{\"@type\":\"EntryPoint\",\"urlTemplate\":\"https:\\\/\\\/lovme.pt\\\/?s={search_term_string}\"},\"query-input\":{\"@type\":\"PropertyValueSpecification\",\"valueRequired\":true,\"valueName\":\"search_term_string\"}}],\"inLanguage\":\"pt-PT\"}]}<\/script>\n<!-- \/ Yoast SEO plugin. -->","yoast_head_json":{"title":"FLESHLIGHT - VANNA BARDOT VAGINA - Lovme","robots":{"index":"index","follow":"follow","max-snippet":"max-snippet:-1","max-image-preview":"max-image-preview:large","max-video-preview":"max-video-preview:-1"},"canonical":"https:\/\/lovme.pt\/index.php\/produto\/fleshlight-vanna-bardot-vagina\/","og_locale":"pt_PT","og_type":"article","og_title":"FLESHLIGHT - VANNA BARDOT VAGINA - Lovme","og_description":"FLESHLIGHT - VANNA BARDOT VAGINA","og_url":"https:\/\/lovme.pt\/index.php\/produto\/fleshlight-vanna-bardot-vagina\/","og_site_name":"Lovme","article_modified_time":"2026-02-19T20:22:24+00:00","og_image":[{"width":800,"height":800,"url":"https:\/\/erki24nd3ub.exactdn.com\/wp-content\/uploads\/dream\/img\/img_190636_abb433b2c559a46869058f6c1bba2300_1.jpg?strip=all","type":"image\/jpeg"}],"twitter_card":"summary_large_image","twitter_misc":{"Tempo estimado de leitura":"1 minuto"},"schema":{"@context":"https:\/\/schema.org","@graph":[{"@type":"WebPage","@id":"https:\/\/lovme.pt\/index.php\/produto\/fleshlight-vanna-bardot-vagina\/","url":"https:\/\/lovme.pt\/index.php\/produto\/fleshlight-vanna-bardot-vagina\/","name":"FLESHLIGHT - VANNA BARDOT VAGINA - Lovme","isPartOf":{"@id":"https:\/\/lovme.pt\/#website"},"primaryImageOfPage":{"@id":"https:\/\/lovme.pt\/index.php\/produto\/fleshlight-vanna-bardot-vagina\/#primaryimage"},"image":{"@id":"https:\/\/lovme.pt\/index.php\/produto\/fleshlight-vanna-bardot-vagina\/#primaryimage"},"thumbnailUrl":"https:\/\/erki24nd3ub.exactdn.com\/wp-content\/uploads\/dream\/img\/img_190636_abb433b2c559a46869058f6c1bba2300_1.jpg?strip=all","datePublished":"2025-10-01T03:07:08+00:00","dateModified":"2026-02-19T20:22:24+00:00","breadcrumb":{"@id":"https:\/\/lovme.pt\/index.php\/produto\/fleshlight-vanna-bardot-vagina\/#breadcrumb"},"inLanguage":"pt-PT","potentialAction":[{"@type":"ReadAction","target":["https:\/\/lovme.pt\/index.php\/produto\/fleshlight-vanna-bardot-vagina\/"]}]},{"@type":"ImageObject","inLanguage":"pt-PT","@id":"https:\/\/lovme.pt\/index.php\/produto\/fleshlight-vanna-bardot-vagina\/#primaryimage","url":"https:\/\/erki24nd3ub.exactdn.com\/wp-content\/uploads\/dream\/img\/img_190636_abb433b2c559a46869058f6c1bba2300_1.jpg?strip=all","contentUrl":"https:\/\/erki24nd3ub.exactdn.com\/wp-content\/uploads\/dream\/img\/img_190636_abb433b2c559a46869058f6c1bba2300_1.jpg?strip=all","width":800,"height":800},{"@type":"BreadcrumbList","@id":"https:\/\/lovme.pt\/index.php\/produto\/fleshlight-vanna-bardot-vagina\/#breadcrumb","itemListElement":[{"@type":"ListItem","position":1,"name":"In\u00edcio","item":"https:\/\/lovme.pt\/"},{"@type":"ListItem","position":2,"name":"Loja","item":"https:\/\/lovme.pt\/index.php\/loja\/"},{"@type":"ListItem","position":3,"name":"FLESHLIGHT &#8211; VANNA BARDOT VAGINA"}]},{"@type":"WebSite","@id":"https:\/\/lovme.pt\/#website","url":"https:\/\/lovme.pt\/","name":"Lovme Loja Er\u00f3tica N\u00ba1 em Portugal","description":"A melhor loja er\u00f3tica de Portugal.","alternateName":"Loja Er\u00f3tica Lovme","potentialAction":[{"@type":"SearchAction","target":{"@type":"EntryPoint","urlTemplate":"https:\/\/lovme.pt\/?s={search_term_string}"},"query-input":{"@type":"PropertyValueSpecification","valueRequired":true,"valueName":"search_term_string"}}],"inLanguage":"pt-PT"}]}},"_links":{"self":[{"href":"https:\/\/lovme.pt\/index.php\/wp-json\/wp\/v2\/product\/50499","targetHints":{"allow":["GET"]}}],"collection":[{"href":"https:\/\/lovme.pt\/index.php\/wp-json\/wp\/v2\/product"}],"about":[{"href":"https:\/\/lovme.pt\/index.php\/wp-json\/wp\/v2\/types\/product"}],"wp:featuredmedia":[{"embeddable":true,"href":"https:\/\/lovme.pt\/index.php\/wp-json\/wp\/v2\/media\/101584"}],"wp:attachment":[{"href":"https:\/\/lovme.pt\/index.php\/wp-json\/wp\/v2\/media?parent=50499"}],"wp:term":[{"taxonomy":"product_brand","embeddable":true,"href":"https:\/\/lovme.pt\/index.php\/wp-json\/wp\/v2\/product_brand?post=50499"},{"taxonomy":"product_cat","embeddable":true,"href":"https:\/\/lovme.pt\/index.php\/wp-json\/wp\/v2\/product_cat?post=50499"},{"taxonomy":"product_tag","embeddable":true,"href":"https:\/\/lovme.pt\/index.php\/wp-json\/wp\/v2\/product_tag?post=50499"}],"curies":[{"name":"wp","href":"https:\/\/api.w.org\/{rel}","templated":true}]}}