{"id":50480,"date":"2025-09-30T09:49:37","date_gmt":"2025-09-30T09:49:37","guid":{"rendered":"https:\/\/lovme.pt\/?post_type=product&#038;p=50480"},"modified":"2026-02-19T20:05:30","modified_gmt":"2026-02-19T20:05:30","slug":"diablo-picante-vidro-de-penis-de-plstico-fucsia","status":"publish","type":"product","link":"https:\/\/lovme.pt\/index.php\/produto\/diablo-picante-vidro-de-penis-de-plstico-fucsia\/","title":{"rendered":"DIABLO PICANTE &#8211; VIDRO DE P\u00caNIS DE PLSTICO F\u00daCSIA"},"content":{"rendered":"<p>D\u00ea vida \u00e0s suas comemora\u00e7\u00f5es com nosso copo em formato de galo! Feito de pl\u00e1stico r\u00edgido e em uma cor f\u00facsia vibrante, este copo de 500 ml \u00e9 o complemento perfeito para despedidas de solteiro, anivers\u00e1rios, festas ou qualquer evento onde voc\u00ea queira adicionar um toque de divers\u00e3o e travessura. Com uma capacidade ideal para 3, 4 ou 5 cubos de gelo, este copo garante que suas bebidas permane\u00e7am geladas enquanto todos aproveitam o riso e os bons momentos.<\/p>\n<p>Na DIVERTY SEX, sabemos que uma festa n\u00e3o est\u00e1 completa sem um pouco de divers\u00e3o. Este copo n\u00e3o \u00e9 apenas uma \u00f3tima maneira de servir suas bebidas, mas tamb\u00e9m se torna um divertido come\u00e7o de conversa e um \u00f3timo come\u00e7o para risadas entre amigos. Imagine seus convidados aproveitando suas bebidas neste copo original; Divers\u00e3o e alegria s\u00e3o garantidas!<\/p>\n<p>Com mais de 30 anos no mercado, nos especializamos em oferecer presentes sensuais que alegram anivers\u00e1rios, despedidas de solteiro\/a e qualquer celebra\u00e7\u00e3o que exija um toque especial. Nossa ampla gama de produtos sexuais \u00e9 projetada para satisfazer todos os gostos e tornar cada evento \u00fanico e memor\u00e1vel.<\/p>\n<p>Este copo em formato de galo \u00e9 um item essencial em praticamente 100% das lojas de artigos para adultos, o que o torna um presente perfeito para quem quer dar um toque picante \u00e0s suas festas. N\u00e3o importa se voc\u00ea est\u00e1 organizando um jantar divertido ou uma celebra\u00e7\u00e3o tem\u00e1tica, este copo ser\u00e1 um sucesso em qualquer festa. A estrela da noite.<\/p>\n<p>N\u00e3o perca o seu! Com o copo em formato de galo da DIVERTY SEX, suas festas ser\u00e3o cheias de risadas, divers\u00e3o e um toque de originalidade. Fa\u00e7a dos seus eventos uma experi\u00eancia inesquec\u00edvel cheia de surpresas!<\/p>\n","protected":false},"excerpt":{"rendered":"<p>DIABLO PICANTE &#8211; VIDRO DE P\u00caNIS DE PLSTICO F\u00daCSIA<\/p>\n","protected":false},"featured_media":57562,"template":"","meta":{"_acf_changed":false},"product_brand":[],"product_cat":[50,69,15],"product_tag":[],"class_list":{"0":"post-50480","1":"product","2":"type-product","3":"status-publish","4":"has-post-thumbnail","6":"product_cat-complementos-e-acessorios","7":"product_cat-jogos-eroticos","8":"product_cat-loja","9":"yith_product_brand-diverty-sexdiablo-picante","10":"yith_product_brand-diverty-sex","12":"first","13":"instock","14":"taxable","15":"shipping-taxable","16":"purchasable","17":"product-type-simple"},"acf":[],"yoast_head":"<!-- This site is optimized with the Yoast SEO plugin v27.4 - https:\/\/yoast.com\/product\/yoast-seo-wordpress\/ -->\n<title>DIABLO PICANTE - VIDRO DE P\u00caNIS DE PLSTICO F\u00daCSIA - Lovme<\/title>\n<meta name=\"robots\" content=\"index, follow, max-snippet:-1, max-image-preview:large, max-video-preview:-1\" \/>\n<link rel=\"canonical\" href=\"https:\/\/lovme.pt\/index.php\/produto\/diablo-picante-vidro-de-penis-de-plstico-fucsia\/\" \/>\n<meta property=\"og:locale\" content=\"pt_PT\" \/>\n<meta property=\"og:type\" content=\"article\" \/>\n<meta property=\"og:title\" content=\"DIABLO PICANTE - VIDRO DE P\u00caNIS DE PLSTICO F\u00daCSIA - Lovme\" \/>\n<meta property=\"og:description\" content=\"DIABLO PICANTE - VIDRO DE P\u00caNIS DE PLSTICO F\u00daCSIA\" \/>\n<meta property=\"og:url\" content=\"https:\/\/lovme.pt\/index.php\/produto\/diablo-picante-vidro-de-penis-de-plstico-fucsia\/\" \/>\n<meta property=\"og:site_name\" content=\"Lovme\" \/>\n<meta property=\"article:modified_time\" content=\"2026-02-19T20:05:30+00:00\" \/>\n<meta property=\"og:image\" content=\"https:\/\/erki24nd3ub.exactdn.com\/wp-content\/uploads\/dream\/img\/img_190463_08db0fe07c0ca84f08ab98f7d573afca_1.jpg?strip=all\" \/>\n\t<meta property=\"og:image:width\" content=\"800\" \/>\n\t<meta property=\"og:image:height\" content=\"800\" \/>\n\t<meta property=\"og:image:type\" content=\"image\/jpeg\" \/>\n<meta name=\"twitter:card\" content=\"summary_large_image\" \/>\n<meta name=\"twitter:label1\" content=\"Tempo estimado de leitura\" \/>\n\t<meta name=\"twitter:data1\" content=\"1 minuto\" \/>\n<script type=\"application\/ld+json\" class=\"yoast-schema-graph\">{\"@context\":\"https:\\\/\\\/schema.org\",\"@graph\":[{\"@type\":\"WebPage\",\"@id\":\"https:\\\/\\\/lovme.pt\\\/index.php\\\/produto\\\/diablo-picante-vidro-de-penis-de-plstico-fucsia\\\/\",\"url\":\"https:\\\/\\\/lovme.pt\\\/index.php\\\/produto\\\/diablo-picante-vidro-de-penis-de-plstico-fucsia\\\/\",\"name\":\"DIABLO PICANTE - VIDRO DE P\u00caNIS DE PLSTICO F\u00daCSIA - Lovme\",\"isPartOf\":{\"@id\":\"https:\\\/\\\/lovme.pt\\\/#website\"},\"primaryImageOfPage\":{\"@id\":\"https:\\\/\\\/lovme.pt\\\/index.php\\\/produto\\\/diablo-picante-vidro-de-penis-de-plstico-fucsia\\\/#primaryimage\"},\"image\":{\"@id\":\"https:\\\/\\\/lovme.pt\\\/index.php\\\/produto\\\/diablo-picante-vidro-de-penis-de-plstico-fucsia\\\/#primaryimage\"},\"thumbnailUrl\":\"https:\\\/\\\/erki24nd3ub.exactdn.com\\\/wp-content\\\/uploads\\\/dream\\\/img\\\/img_190463_08db0fe07c0ca84f08ab98f7d573afca_1.jpg?strip=all\",\"datePublished\":\"2025-09-30T09:49:37+00:00\",\"dateModified\":\"2026-02-19T20:05:30+00:00\",\"breadcrumb\":{\"@id\":\"https:\\\/\\\/lovme.pt\\\/index.php\\\/produto\\\/diablo-picante-vidro-de-penis-de-plstico-fucsia\\\/#breadcrumb\"},\"inLanguage\":\"pt-PT\",\"potentialAction\":[{\"@type\":\"ReadAction\",\"target\":[\"https:\\\/\\\/lovme.pt\\\/index.php\\\/produto\\\/diablo-picante-vidro-de-penis-de-plstico-fucsia\\\/\"]}]},{\"@type\":\"ImageObject\",\"inLanguage\":\"pt-PT\",\"@id\":\"https:\\\/\\\/lovme.pt\\\/index.php\\\/produto\\\/diablo-picante-vidro-de-penis-de-plstico-fucsia\\\/#primaryimage\",\"url\":\"https:\\\/\\\/erki24nd3ub.exactdn.com\\\/wp-content\\\/uploads\\\/dream\\\/img\\\/img_190463_08db0fe07c0ca84f08ab98f7d573afca_1.jpg?strip=all\",\"contentUrl\":\"https:\\\/\\\/erki24nd3ub.exactdn.com\\\/wp-content\\\/uploads\\\/dream\\\/img\\\/img_190463_08db0fe07c0ca84f08ab98f7d573afca_1.jpg?strip=all\",\"width\":800,\"height\":800},{\"@type\":\"BreadcrumbList\",\"@id\":\"https:\\\/\\\/lovme.pt\\\/index.php\\\/produto\\\/diablo-picante-vidro-de-penis-de-plstico-fucsia\\\/#breadcrumb\",\"itemListElement\":[{\"@type\":\"ListItem\",\"position\":1,\"name\":\"In\u00edcio\",\"item\":\"https:\\\/\\\/lovme.pt\\\/\"},{\"@type\":\"ListItem\",\"position\":2,\"name\":\"Loja\",\"item\":\"https:\\\/\\\/lovme.pt\\\/index.php\\\/loja\\\/\"},{\"@type\":\"ListItem\",\"position\":3,\"name\":\"DIABLO PICANTE &#8211; VIDRO DE P\u00caNIS DE PLSTICO F\u00daCSIA\"}]},{\"@type\":\"WebSite\",\"@id\":\"https:\\\/\\\/lovme.pt\\\/#website\",\"url\":\"https:\\\/\\\/lovme.pt\\\/\",\"name\":\"Lovme Loja Er\u00f3tica N\u00ba1 em Portugal\",\"description\":\"A melhor loja er\u00f3tica de Portugal.\",\"alternateName\":\"Loja Er\u00f3tica Lovme\",\"potentialAction\":[{\"@type\":\"SearchAction\",\"target\":{\"@type\":\"EntryPoint\",\"urlTemplate\":\"https:\\\/\\\/lovme.pt\\\/?s={search_term_string}\"},\"query-input\":{\"@type\":\"PropertyValueSpecification\",\"valueRequired\":true,\"valueName\":\"search_term_string\"}}],\"inLanguage\":\"pt-PT\"}]}<\/script>\n<!-- \/ Yoast SEO plugin. -->","yoast_head_json":{"title":"DIABLO PICANTE - VIDRO DE P\u00caNIS DE PLSTICO F\u00daCSIA - Lovme","robots":{"index":"index","follow":"follow","max-snippet":"max-snippet:-1","max-image-preview":"max-image-preview:large","max-video-preview":"max-video-preview:-1"},"canonical":"https:\/\/lovme.pt\/index.php\/produto\/diablo-picante-vidro-de-penis-de-plstico-fucsia\/","og_locale":"pt_PT","og_type":"article","og_title":"DIABLO PICANTE - VIDRO DE P\u00caNIS DE PLSTICO F\u00daCSIA - Lovme","og_description":"DIABLO PICANTE - VIDRO DE P\u00caNIS DE PLSTICO F\u00daCSIA","og_url":"https:\/\/lovme.pt\/index.php\/produto\/diablo-picante-vidro-de-penis-de-plstico-fucsia\/","og_site_name":"Lovme","article_modified_time":"2026-02-19T20:05:30+00:00","og_image":[{"width":800,"height":800,"url":"https:\/\/erki24nd3ub.exactdn.com\/wp-content\/uploads\/dream\/img\/img_190463_08db0fe07c0ca84f08ab98f7d573afca_1.jpg?strip=all","type":"image\/jpeg"}],"twitter_card":"summary_large_image","twitter_misc":{"Tempo estimado de leitura":"1 minuto"},"schema":{"@context":"https:\/\/schema.org","@graph":[{"@type":"WebPage","@id":"https:\/\/lovme.pt\/index.php\/produto\/diablo-picante-vidro-de-penis-de-plstico-fucsia\/","url":"https:\/\/lovme.pt\/index.php\/produto\/diablo-picante-vidro-de-penis-de-plstico-fucsia\/","name":"DIABLO PICANTE - VIDRO DE P\u00caNIS DE PLSTICO F\u00daCSIA - Lovme","isPartOf":{"@id":"https:\/\/lovme.pt\/#website"},"primaryImageOfPage":{"@id":"https:\/\/lovme.pt\/index.php\/produto\/diablo-picante-vidro-de-penis-de-plstico-fucsia\/#primaryimage"},"image":{"@id":"https:\/\/lovme.pt\/index.php\/produto\/diablo-picante-vidro-de-penis-de-plstico-fucsia\/#primaryimage"},"thumbnailUrl":"https:\/\/erki24nd3ub.exactdn.com\/wp-content\/uploads\/dream\/img\/img_190463_08db0fe07c0ca84f08ab98f7d573afca_1.jpg?strip=all","datePublished":"2025-09-30T09:49:37+00:00","dateModified":"2026-02-19T20:05:30+00:00","breadcrumb":{"@id":"https:\/\/lovme.pt\/index.php\/produto\/diablo-picante-vidro-de-penis-de-plstico-fucsia\/#breadcrumb"},"inLanguage":"pt-PT","potentialAction":[{"@type":"ReadAction","target":["https:\/\/lovme.pt\/index.php\/produto\/diablo-picante-vidro-de-penis-de-plstico-fucsia\/"]}]},{"@type":"ImageObject","inLanguage":"pt-PT","@id":"https:\/\/lovme.pt\/index.php\/produto\/diablo-picante-vidro-de-penis-de-plstico-fucsia\/#primaryimage","url":"https:\/\/erki24nd3ub.exactdn.com\/wp-content\/uploads\/dream\/img\/img_190463_08db0fe07c0ca84f08ab98f7d573afca_1.jpg?strip=all","contentUrl":"https:\/\/erki24nd3ub.exactdn.com\/wp-content\/uploads\/dream\/img\/img_190463_08db0fe07c0ca84f08ab98f7d573afca_1.jpg?strip=all","width":800,"height":800},{"@type":"BreadcrumbList","@id":"https:\/\/lovme.pt\/index.php\/produto\/diablo-picante-vidro-de-penis-de-plstico-fucsia\/#breadcrumb","itemListElement":[{"@type":"ListItem","position":1,"name":"In\u00edcio","item":"https:\/\/lovme.pt\/"},{"@type":"ListItem","position":2,"name":"Loja","item":"https:\/\/lovme.pt\/index.php\/loja\/"},{"@type":"ListItem","position":3,"name":"DIABLO PICANTE &#8211; VIDRO DE P\u00caNIS DE PLSTICO F\u00daCSIA"}]},{"@type":"WebSite","@id":"https:\/\/lovme.pt\/#website","url":"https:\/\/lovme.pt\/","name":"Lovme Loja Er\u00f3tica N\u00ba1 em Portugal","description":"A melhor loja er\u00f3tica de Portugal.","alternateName":"Loja Er\u00f3tica Lovme","potentialAction":[{"@type":"SearchAction","target":{"@type":"EntryPoint","urlTemplate":"https:\/\/lovme.pt\/?s={search_term_string}"},"query-input":{"@type":"PropertyValueSpecification","valueRequired":true,"valueName":"search_term_string"}}],"inLanguage":"pt-PT"}]}},"_links":{"self":[{"href":"https:\/\/lovme.pt\/index.php\/wp-json\/wp\/v2\/product\/50480","targetHints":{"allow":["GET"]}}],"collection":[{"href":"https:\/\/lovme.pt\/index.php\/wp-json\/wp\/v2\/product"}],"about":[{"href":"https:\/\/lovme.pt\/index.php\/wp-json\/wp\/v2\/types\/product"}],"wp:featuredmedia":[{"embeddable":true,"href":"https:\/\/lovme.pt\/index.php\/wp-json\/wp\/v2\/media\/57562"}],"wp:attachment":[{"href":"https:\/\/lovme.pt\/index.php\/wp-json\/wp\/v2\/media?parent=50480"}],"wp:term":[{"taxonomy":"product_brand","embeddable":true,"href":"https:\/\/lovme.pt\/index.php\/wp-json\/wp\/v2\/product_brand?post=50480"},{"taxonomy":"product_cat","embeddable":true,"href":"https:\/\/lovme.pt\/index.php\/wp-json\/wp\/v2\/product_cat?post=50480"},{"taxonomy":"product_tag","embeddable":true,"href":"https:\/\/lovme.pt\/index.php\/wp-json\/wp\/v2\/product_tag?post=50480"}],"curies":[{"name":"wp","href":"https:\/\/api.w.org\/{rel}","templated":true}]}}