{"id":50456,"date":"2025-09-30T22:27:50","date_gmt":"2025-09-30T22:27:50","guid":{"rendered":"https:\/\/lovme.pt\/?post_type=product&p=50456"},"modified":"2026-02-19T20:12:26","modified_gmt":"2026-02-19T20:12:26","slug":"diablo-picante-mechero-barbacoa-pene-dorado","status":"publish","type":"product","link":"https:\/\/lovme.pt\/index.php\/produto\/diablo-picante-mechero-barbacoa-pene-dorado\/","title":{"rendered":"DIABLO PICANTE &#8211; MECHERO BARBACOA PENE DORADO"},"content":{"rendered":"<p>Surpreenda seus convidados em churrascos e eventos com este fant\u00e1stico isqueiro para churrasco em formato de p\u00eanis, na elegante cor dourada e 100% recarreg\u00e1vel. Este acess\u00f3rio divertido \u00e9 perfeito para alegrar jantares, festas e coquet\u00e9is, tornando qualquer reuni\u00e3o mais animada e memor\u00e1vel.<\/p>\n<p> Na DIVERTY SEX, somos especialistas em presentes sensuais, trazendo divers\u00e3o e um toque picante para anivers\u00e1rios, despedidas de solteiro(a) e qualquer celebra\u00e7\u00e3o especial.<\/p>\n<p> Com mais de 20 anos de experi\u00eancia no mercado de produtos sexuais, oferecemos uma variedade de itens exclusivos que s\u00e3o essenciais em qualquer festa tem\u00e1tica. Presente em praticamente todas as lojas de artigos para adultos, este isqueiro \u00e9 um sucesso garantido para animar qualquer evento.<\/p>\n<p> Divers\u00e3o garantida!<\/p>\n","protected":false},"excerpt":{"rendered":"<p>DIABLO PICANTE &#8211; GOLDEN PENIS BARBECUE LIGHTER<\/p>\n","protected":false},"featured_media":77988,"template":"","meta":{"_acf_changed":false},"product_brand":[],"product_cat":[69,15],"product_tag":[],"class_list":{"0":"post-50456","1":"product","2":"type-product","3":"status-publish","4":"has-post-thumbnail","6":"product_cat-jogos-eroticos","7":"product_cat-loja","8":"yith_product_brand-diverty-sexdiablo-picante","9":"yith_product_brand-diverty-sex","11":"first","12":"instock","13":"taxable","14":"shipping-taxable","15":"purchasable","16":"product-type-simple"},"acf":[],"yoast_head":"<!-- This site is optimized with the Yoast SEO plugin v27.3 - https:\/\/yoast.com\/product\/yoast-seo-wordpress\/ -->\n<title>DIABLO PICANTE - MECHERO BARBACOA PENE DORADO - Lovme<\/title>\n<meta name=\"robots\" content=\"index, follow, max-snippet:-1, max-image-preview:large, max-video-preview:-1\" \/>\n<link rel=\"canonical\" href=\"https:\/\/lovme.pt\/index.php\/produto\/diablo-picante-mechero-barbacoa-pene-dorado\/\" \/>\n<meta property=\"og:locale\" content=\"pt_PT\" \/>\n<meta property=\"og:type\" content=\"article\" \/>\n<meta property=\"og:title\" content=\"DIABLO PICANTE - MECHERO BARBACOA PENE DORADO - Lovme\" \/>\n<meta property=\"og:description\" content=\"DIABLO PICANTE - GOLDEN PENIS BARBECUE LIGHTER\" \/>\n<meta property=\"og:url\" content=\"https:\/\/lovme.pt\/index.php\/produto\/diablo-picante-mechero-barbacoa-pene-dorado\/\" \/>\n<meta property=\"og:site_name\" content=\"Lovme\" \/>\n<meta property=\"article:modified_time\" content=\"2026-02-19T20:12:26+00:00\" \/>\n<meta property=\"og:image\" content=\"https:\/\/erki24nd3ub.exactdn.com\/wp-content\/uploads\/dream\/img\/img_190530_bc72174d345e0d0c4be2c1719d02a87e_1.jpg?strip=all\" \/>\n\t<meta property=\"og:image:width\" content=\"800\" \/>\n\t<meta property=\"og:image:height\" content=\"800\" \/>\n\t<meta property=\"og:image:type\" content=\"image\/jpeg\" \/>\n<meta name=\"twitter:card\" content=\"summary_large_image\" \/>\n<meta name=\"twitter:label1\" content=\"Tempo estimado de leitura\" \/>\n\t<meta name=\"twitter:data1\" content=\"1 minuto\" \/>\n<script type=\"application\/ld+json\" class=\"yoast-schema-graph\">{\"@context\":\"https:\\\/\\\/schema.org\",\"@graph\":[{\"@type\":\"WebPage\",\"@id\":\"https:\\\/\\\/lovme.pt\\\/index.php\\\/produto\\\/diablo-picante-mechero-barbacoa-pene-dorado\\\/\",\"url\":\"https:\\\/\\\/lovme.pt\\\/index.php\\\/produto\\\/diablo-picante-mechero-barbacoa-pene-dorado\\\/\",\"name\":\"DIABLO PICANTE - MECHERO BARBACOA PENE DORADO - Lovme\",\"isPartOf\":{\"@id\":\"https:\\\/\\\/lovme.pt\\\/#website\"},\"primaryImageOfPage\":{\"@id\":\"https:\\\/\\\/lovme.pt\\\/index.php\\\/produto\\\/diablo-picante-mechero-barbacoa-pene-dorado\\\/#primaryimage\"},\"image\":{\"@id\":\"https:\\\/\\\/lovme.pt\\\/index.php\\\/produto\\\/diablo-picante-mechero-barbacoa-pene-dorado\\\/#primaryimage\"},\"thumbnailUrl\":\"https:\\\/\\\/erki24nd3ub.exactdn.com\\\/wp-content\\\/uploads\\\/dream\\\/img\\\/img_190530_bc72174d345e0d0c4be2c1719d02a87e_1.jpg?strip=all\",\"datePublished\":\"2025-09-30T22:27:50+00:00\",\"dateModified\":\"2026-02-19T20:12:26+00:00\",\"breadcrumb\":{\"@id\":\"https:\\\/\\\/lovme.pt\\\/index.php\\\/produto\\\/diablo-picante-mechero-barbacoa-pene-dorado\\\/#breadcrumb\"},\"inLanguage\":\"pt-PT\",\"potentialAction\":[{\"@type\":\"ReadAction\",\"target\":[\"https:\\\/\\\/lovme.pt\\\/index.php\\\/produto\\\/diablo-picante-mechero-barbacoa-pene-dorado\\\/\"]}]},{\"@type\":\"ImageObject\",\"inLanguage\":\"pt-PT\",\"@id\":\"https:\\\/\\\/lovme.pt\\\/index.php\\\/produto\\\/diablo-picante-mechero-barbacoa-pene-dorado\\\/#primaryimage\",\"url\":\"https:\\\/\\\/erki24nd3ub.exactdn.com\\\/wp-content\\\/uploads\\\/dream\\\/img\\\/img_190530_bc72174d345e0d0c4be2c1719d02a87e_1.jpg?strip=all\",\"contentUrl\":\"https:\\\/\\\/erki24nd3ub.exactdn.com\\\/wp-content\\\/uploads\\\/dream\\\/img\\\/img_190530_bc72174d345e0d0c4be2c1719d02a87e_1.jpg?strip=all\",\"width\":800,\"height\":800},{\"@type\":\"BreadcrumbList\",\"@id\":\"https:\\\/\\\/lovme.pt\\\/index.php\\\/produto\\\/diablo-picante-mechero-barbacoa-pene-dorado\\\/#breadcrumb\",\"itemListElement\":[{\"@type\":\"ListItem\",\"position\":1,\"name\":\"In\u00edcio\",\"item\":\"https:\\\/\\\/lovme.pt\\\/\"},{\"@type\":\"ListItem\",\"position\":2,\"name\":\"Loja\",\"item\":\"https:\\\/\\\/lovme.pt\\\/index.php\\\/loja\\\/\"},{\"@type\":\"ListItem\",\"position\":3,\"name\":\"DIABLO PICANTE &#8211; MECHERO BARBACOA PENE DORADO\"}]},{\"@type\":\"WebSite\",\"@id\":\"https:\\\/\\\/lovme.pt\\\/#website\",\"url\":\"https:\\\/\\\/lovme.pt\\\/\",\"name\":\"Lovme Loja Er\u00f3tica N\u00ba1 em Portugal\",\"description\":\"A melhor loja er\u00f3tica de Portugal.\",\"alternateName\":\"Loja Er\u00f3tica Lovme\",\"potentialAction\":[{\"@type\":\"SearchAction\",\"target\":{\"@type\":\"EntryPoint\",\"urlTemplate\":\"https:\\\/\\\/lovme.pt\\\/?s={search_term_string}\"},\"query-input\":{\"@type\":\"PropertyValueSpecification\",\"valueRequired\":true,\"valueName\":\"search_term_string\"}}],\"inLanguage\":\"pt-PT\"}]}<\/script>\n<!-- \/ Yoast SEO plugin. -->","yoast_head_json":{"title":"DIABLO PICANTE - MECHERO BARBACOA PENE DORADO - Lovme","robots":{"index":"index","follow":"follow","max-snippet":"max-snippet:-1","max-image-preview":"max-image-preview:large","max-video-preview":"max-video-preview:-1"},"canonical":"https:\/\/lovme.pt\/index.php\/produto\/diablo-picante-mechero-barbacoa-pene-dorado\/","og_locale":"pt_PT","og_type":"article","og_title":"DIABLO PICANTE - MECHERO BARBACOA PENE DORADO - Lovme","og_description":"DIABLO PICANTE - GOLDEN PENIS BARBECUE LIGHTER","og_url":"https:\/\/lovme.pt\/index.php\/produto\/diablo-picante-mechero-barbacoa-pene-dorado\/","og_site_name":"Lovme","article_modified_time":"2026-02-19T20:12:26+00:00","og_image":[{"width":800,"height":800,"url":"https:\/\/erki24nd3ub.exactdn.com\/wp-content\/uploads\/dream\/img\/img_190530_bc72174d345e0d0c4be2c1719d02a87e_1.jpg?strip=all","type":"image\/jpeg"}],"twitter_card":"summary_large_image","twitter_misc":{"Tempo estimado de leitura":"1 minuto"},"schema":{"@context":"https:\/\/schema.org","@graph":[{"@type":"WebPage","@id":"https:\/\/lovme.pt\/index.php\/produto\/diablo-picante-mechero-barbacoa-pene-dorado\/","url":"https:\/\/lovme.pt\/index.php\/produto\/diablo-picante-mechero-barbacoa-pene-dorado\/","name":"DIABLO PICANTE - MECHERO BARBACOA PENE DORADO - Lovme","isPartOf":{"@id":"https:\/\/lovme.pt\/#website"},"primaryImageOfPage":{"@id":"https:\/\/lovme.pt\/index.php\/produto\/diablo-picante-mechero-barbacoa-pene-dorado\/#primaryimage"},"image":{"@id":"https:\/\/lovme.pt\/index.php\/produto\/diablo-picante-mechero-barbacoa-pene-dorado\/#primaryimage"},"thumbnailUrl":"https:\/\/erki24nd3ub.exactdn.com\/wp-content\/uploads\/dream\/img\/img_190530_bc72174d345e0d0c4be2c1719d02a87e_1.jpg?strip=all","datePublished":"2025-09-30T22:27:50+00:00","dateModified":"2026-02-19T20:12:26+00:00","breadcrumb":{"@id":"https:\/\/lovme.pt\/index.php\/produto\/diablo-picante-mechero-barbacoa-pene-dorado\/#breadcrumb"},"inLanguage":"pt-PT","potentialAction":[{"@type":"ReadAction","target":["https:\/\/lovme.pt\/index.php\/produto\/diablo-picante-mechero-barbacoa-pene-dorado\/"]}]},{"@type":"ImageObject","inLanguage":"pt-PT","@id":"https:\/\/lovme.pt\/index.php\/produto\/diablo-picante-mechero-barbacoa-pene-dorado\/#primaryimage","url":"https:\/\/erki24nd3ub.exactdn.com\/wp-content\/uploads\/dream\/img\/img_190530_bc72174d345e0d0c4be2c1719d02a87e_1.jpg?strip=all","contentUrl":"https:\/\/erki24nd3ub.exactdn.com\/wp-content\/uploads\/dream\/img\/img_190530_bc72174d345e0d0c4be2c1719d02a87e_1.jpg?strip=all","width":800,"height":800},{"@type":"BreadcrumbList","@id":"https:\/\/lovme.pt\/index.php\/produto\/diablo-picante-mechero-barbacoa-pene-dorado\/#breadcrumb","itemListElement":[{"@type":"ListItem","position":1,"name":"In\u00edcio","item":"https:\/\/lovme.pt\/"},{"@type":"ListItem","position":2,"name":"Loja","item":"https:\/\/lovme.pt\/index.php\/loja\/"},{"@type":"ListItem","position":3,"name":"DIABLO PICANTE &#8211; MECHERO BARBACOA PENE DORADO"}]},{"@type":"WebSite","@id":"https:\/\/lovme.pt\/#website","url":"https:\/\/lovme.pt\/","name":"Lovme Loja Er\u00f3tica N\u00ba1 em Portugal","description":"A melhor loja er\u00f3tica de Portugal.","alternateName":"Loja Er\u00f3tica Lovme","potentialAction":[{"@type":"SearchAction","target":{"@type":"EntryPoint","urlTemplate":"https:\/\/lovme.pt\/?s={search_term_string}"},"query-input":{"@type":"PropertyValueSpecification","valueRequired":true,"valueName":"search_term_string"}}],"inLanguage":"pt-PT"}]}},"_links":{"self":[{"href":"https:\/\/lovme.pt\/index.php\/wp-json\/wp\/v2\/product\/50456","targetHints":{"allow":["GET"]}}],"collection":[{"href":"https:\/\/lovme.pt\/index.php\/wp-json\/wp\/v2\/product"}],"about":[{"href":"https:\/\/lovme.pt\/index.php\/wp-json\/wp\/v2\/types\/product"}],"wp:featuredmedia":[{"embeddable":true,"href":"https:\/\/lovme.pt\/index.php\/wp-json\/wp\/v2\/media\/77988"}],"wp:attachment":[{"href":"https:\/\/lovme.pt\/index.php\/wp-json\/wp\/v2\/media?parent=50456"}],"wp:term":[{"taxonomy":"product_brand","embeddable":true,"href":"https:\/\/lovme.pt\/index.php\/wp-json\/wp\/v2\/product_brand?post=50456"},{"taxonomy":"product_cat","embeddable":true,"href":"https:\/\/lovme.pt\/index.php\/wp-json\/wp\/v2\/product_cat?post=50456"},{"taxonomy":"product_tag","embeddable":true,"href":"https:\/\/lovme.pt\/index.php\/wp-json\/wp\/v2\/product_tag?post=50456"}],"curies":[{"name":"wp","href":"https:\/\/api.w.org\/{rel}","templated":true}]}}