{"id":50327,"date":"2025-09-30T22:03:01","date_gmt":"2025-09-30T22:03:01","guid":{"rendered":"https:\/\/lovme.pt\/?post_type=product&p=50327"},"modified":"2026-02-19T20:09:05","modified_gmt":"2026-02-19T20:09:05","slug":"satisfyer-heat-flex-4-vibrador-de-efeito-termico-12-vibracoes-azul","status":"publish","type":"product","link":"https:\/\/lovme.pt\/index.php\/produto\/satisfyer-heat-flex-4-vibrador-de-efeito-termico-12-vibracoes-azul\/","title":{"rendered":"SATISFYER &#8211; HEAT FLEX 4 VIBRADOR DE EFEITO T\u00c9RMICO 12 VIBRA\u00c7\u00d5ES AZUL"},"content":{"rendered":"<p>Prepare-se para o <strong>Heat Flex 4<\/strong><\/p>\n<p>Este n\u00e3o \u00e9 qualquer vibrador rabbit: com vibra\u00e7\u00f5es intensas e uma fun\u00e7\u00e3o de aquecimento que chega a 39 \u00b0C, o Heat Flex 4 imita um calor natural e realista para uma experi\u00eancia profundamente satisfat\u00f3ria.<\/p>\n<p>Mas isso n\u00e3o \u00e9 tudo: o Heat Flex 4 traz algo mais \u00e0 mesa. Com o apertar de um bot\u00e3o, o eixo come\u00e7a a girar lentamente, permitindo que os usu\u00e1rios explorem seu \u00e2ngulo perfeito para o prazer ou aproveitem a estimula\u00e7\u00e3o suave e rotativa do ponto G.<\/p>\n<p>Projetado com um anel ao redor do eixo, este vibrador oferece estimula\u00e7\u00e3o mais ampla, mirando tanto o clit\u00f3ris quanto os l\u00e1bios enquanto o eixo estimula o ponto G. Al\u00e9m disso, com 12 programas de vibra\u00e7\u00e3o, h\u00e1 ainda mais op\u00e7\u00f5es de prazer!<\/p>\n<p>\u00a0<\/p>\n<p><u><strong>CARACTER\u00cdSTICAS<\/strong><\/u> :<\/p>\n<ul>\n<li>\u00c0 prova d\u00e1gua (IPX7)<\/li>\n<li>Silicone seguro para o corpo<\/li>\n<li>12 programas de vibra\u00e7\u00e3o<\/li>\n<li>Fun\u00e7\u00e3o de aquecimento  aquece at\u00e9 39\u00b0C<\/li>\n<li>Recarreg\u00e1vel, inclui cabo de carregamento USB<\/li>\n<li>Estimula\u00e7\u00e3o do ponto G, l\u00e1bios e clit\u00f3ris<\/li>\n<li>Eixo de rota\u00e7\u00e3o lenta para prazer personalizado<\/li>\n<\/ul>\n<p>\u00a0<\/p>\n<p>Aque\u00e7a sua vida amorosa com Heat Flex 4!<\/p><\/p>\n","protected":false},"excerpt":{"rendered":"<p>SATISFYER &#8211; HEAT FLEX 4 VIBRADOR DE EFEITO T\u00c9RMICO 12 VIBRA\u00c7\u00d5ES AZUL<\/p>\n","protected":false},"featured_media":73374,"template":"","meta":{"_acf_changed":false},"product_brand":[],"product_cat":[17,115,61,76],"product_tag":[],"class_list":{"0":"post-50327","1":"product","2":"type-product","3":"status-publish","4":"has-post-thumbnail","6":"product_cat-brinquedos-de-bem-estar-sexual","7":"product_cat-ofertas","8":"product_cat-para-elas","9":"product_cat-vibradores","10":"yith_product_brand-satisfyer","11":"yith_product_brand-satisfyer-satisfyer-vibrator","13":"first","14":"instock","15":"taxable","16":"shipping-taxable","17":"purchasable","18":"product-type-simple"},"acf":[],"yoast_head":"<!-- This site is optimized with the Yoast SEO plugin v27.4 - https:\/\/yoast.com\/product\/yoast-seo-wordpress\/ -->\n<title>SATISFYER - HEAT FLEX 4 VIBRADOR DE EFEITO T\u00c9RMICO 12 VIBRA\u00c7\u00d5ES AZUL - Lovme<\/title>\n<meta name=\"robots\" content=\"index, follow, max-snippet:-1, max-image-preview:large, max-video-preview:-1\" \/>\n<link rel=\"canonical\" href=\"https:\/\/lovme.pt\/index.php\/produto\/satisfyer-heat-flex-4-vibrador-de-efeito-termico-12-vibracoes-azul\/\" \/>\n<meta property=\"og:locale\" content=\"pt_PT\" \/>\n<meta property=\"og:type\" content=\"article\" \/>\n<meta property=\"og:title\" content=\"SATISFYER - HEAT FLEX 4 VIBRADOR DE EFEITO T\u00c9RMICO 12 VIBRA\u00c7\u00d5ES AZUL - Lovme\" \/>\n<meta property=\"og:description\" content=\"SATISFYER - HEAT FLEX 4 VIBRADOR DE EFEITO T\u00c9RMICO 12 VIBRA\u00c7\u00d5ES AZUL\" \/>\n<meta property=\"og:url\" content=\"https:\/\/lovme.pt\/index.php\/produto\/satisfyer-heat-flex-4-vibrador-de-efeito-termico-12-vibracoes-azul\/\" \/>\n<meta property=\"og:site_name\" content=\"Lovme\" \/>\n<meta property=\"article:modified_time\" content=\"2026-02-19T20:09:05+00:00\" \/>\n<meta property=\"og:image\" content=\"https:\/\/erki24nd3ub.exactdn.com\/wp-content\/uploads\/dream\/img\/img_188675_a7499cba3ce5d0154d96640d25a0ba2b_1.jpg?strip=all\" \/>\n\t<meta property=\"og:image:width\" content=\"800\" \/>\n\t<meta property=\"og:image:height\" content=\"800\" \/>\n\t<meta property=\"og:image:type\" content=\"image\/jpeg\" \/>\n<meta name=\"twitter:card\" content=\"summary_large_image\" \/>\n<meta name=\"twitter:label1\" content=\"Tempo estimado de leitura\" \/>\n\t<meta name=\"twitter:data1\" content=\"1 minuto\" \/>\n<script type=\"application\/ld+json\" class=\"yoast-schema-graph\">{\"@context\":\"https:\\\/\\\/schema.org\",\"@graph\":[{\"@type\":\"WebPage\",\"@id\":\"https:\\\/\\\/lovme.pt\\\/index.php\\\/produto\\\/satisfyer-heat-flex-4-vibrador-de-efeito-termico-12-vibracoes-azul\\\/\",\"url\":\"https:\\\/\\\/lovme.pt\\\/index.php\\\/produto\\\/satisfyer-heat-flex-4-vibrador-de-efeito-termico-12-vibracoes-azul\\\/\",\"name\":\"SATISFYER - HEAT FLEX 4 VIBRADOR DE EFEITO T\u00c9RMICO 12 VIBRA\u00c7\u00d5ES AZUL - Lovme\",\"isPartOf\":{\"@id\":\"https:\\\/\\\/lovme.pt\\\/#website\"},\"primaryImageOfPage\":{\"@id\":\"https:\\\/\\\/lovme.pt\\\/index.php\\\/produto\\\/satisfyer-heat-flex-4-vibrador-de-efeito-termico-12-vibracoes-azul\\\/#primaryimage\"},\"image\":{\"@id\":\"https:\\\/\\\/lovme.pt\\\/index.php\\\/produto\\\/satisfyer-heat-flex-4-vibrador-de-efeito-termico-12-vibracoes-azul\\\/#primaryimage\"},\"thumbnailUrl\":\"https:\\\/\\\/erki24nd3ub.exactdn.com\\\/wp-content\\\/uploads\\\/dream\\\/img\\\/img_188675_a7499cba3ce5d0154d96640d25a0ba2b_1.jpg?strip=all\",\"datePublished\":\"2025-09-30T22:03:01+00:00\",\"dateModified\":\"2026-02-19T20:09:05+00:00\",\"breadcrumb\":{\"@id\":\"https:\\\/\\\/lovme.pt\\\/index.php\\\/produto\\\/satisfyer-heat-flex-4-vibrador-de-efeito-termico-12-vibracoes-azul\\\/#breadcrumb\"},\"inLanguage\":\"pt-PT\",\"potentialAction\":[{\"@type\":\"ReadAction\",\"target\":[\"https:\\\/\\\/lovme.pt\\\/index.php\\\/produto\\\/satisfyer-heat-flex-4-vibrador-de-efeito-termico-12-vibracoes-azul\\\/\"]}]},{\"@type\":\"ImageObject\",\"inLanguage\":\"pt-PT\",\"@id\":\"https:\\\/\\\/lovme.pt\\\/index.php\\\/produto\\\/satisfyer-heat-flex-4-vibrador-de-efeito-termico-12-vibracoes-azul\\\/#primaryimage\",\"url\":\"https:\\\/\\\/erki24nd3ub.exactdn.com\\\/wp-content\\\/uploads\\\/dream\\\/img\\\/img_188675_a7499cba3ce5d0154d96640d25a0ba2b_1.jpg?strip=all\",\"contentUrl\":\"https:\\\/\\\/erki24nd3ub.exactdn.com\\\/wp-content\\\/uploads\\\/dream\\\/img\\\/img_188675_a7499cba3ce5d0154d96640d25a0ba2b_1.jpg?strip=all\",\"width\":800,\"height\":800},{\"@type\":\"BreadcrumbList\",\"@id\":\"https:\\\/\\\/lovme.pt\\\/index.php\\\/produto\\\/satisfyer-heat-flex-4-vibrador-de-efeito-termico-12-vibracoes-azul\\\/#breadcrumb\",\"itemListElement\":[{\"@type\":\"ListItem\",\"position\":1,\"name\":\"In\u00edcio\",\"item\":\"https:\\\/\\\/lovme.pt\\\/\"},{\"@type\":\"ListItem\",\"position\":2,\"name\":\"Loja\",\"item\":\"https:\\\/\\\/lovme.pt\\\/index.php\\\/loja\\\/\"},{\"@type\":\"ListItem\",\"position\":3,\"name\":\"SATISFYER &#8211; HEAT FLEX 4 VIBRADOR DE EFEITO T\u00c9RMICO 12 VIBRA\u00c7\u00d5ES AZUL\"}]},{\"@type\":\"WebSite\",\"@id\":\"https:\\\/\\\/lovme.pt\\\/#website\",\"url\":\"https:\\\/\\\/lovme.pt\\\/\",\"name\":\"Lovme Loja Er\u00f3tica N\u00ba1 em Portugal\",\"description\":\"A melhor loja er\u00f3tica de Portugal.\",\"alternateName\":\"Loja Er\u00f3tica Lovme\",\"potentialAction\":[{\"@type\":\"SearchAction\",\"target\":{\"@type\":\"EntryPoint\",\"urlTemplate\":\"https:\\\/\\\/lovme.pt\\\/?s={search_term_string}\"},\"query-input\":{\"@type\":\"PropertyValueSpecification\",\"valueRequired\":true,\"valueName\":\"search_term_string\"}}],\"inLanguage\":\"pt-PT\"}]}<\/script>\n<!-- \/ Yoast SEO plugin. -->","yoast_head_json":{"title":"SATISFYER - HEAT FLEX 4 VIBRADOR DE EFEITO T\u00c9RMICO 12 VIBRA\u00c7\u00d5ES AZUL - Lovme","robots":{"index":"index","follow":"follow","max-snippet":"max-snippet:-1","max-image-preview":"max-image-preview:large","max-video-preview":"max-video-preview:-1"},"canonical":"https:\/\/lovme.pt\/index.php\/produto\/satisfyer-heat-flex-4-vibrador-de-efeito-termico-12-vibracoes-azul\/","og_locale":"pt_PT","og_type":"article","og_title":"SATISFYER - HEAT FLEX 4 VIBRADOR DE EFEITO T\u00c9RMICO 12 VIBRA\u00c7\u00d5ES AZUL - Lovme","og_description":"SATISFYER - HEAT FLEX 4 VIBRADOR DE EFEITO T\u00c9RMICO 12 VIBRA\u00c7\u00d5ES AZUL","og_url":"https:\/\/lovme.pt\/index.php\/produto\/satisfyer-heat-flex-4-vibrador-de-efeito-termico-12-vibracoes-azul\/","og_site_name":"Lovme","article_modified_time":"2026-02-19T20:09:05+00:00","og_image":[{"width":800,"height":800,"url":"https:\/\/erki24nd3ub.exactdn.com\/wp-content\/uploads\/dream\/img\/img_188675_a7499cba3ce5d0154d96640d25a0ba2b_1.jpg?strip=all","type":"image\/jpeg"}],"twitter_card":"summary_large_image","twitter_misc":{"Tempo estimado de leitura":"1 minuto"},"schema":{"@context":"https:\/\/schema.org","@graph":[{"@type":"WebPage","@id":"https:\/\/lovme.pt\/index.php\/produto\/satisfyer-heat-flex-4-vibrador-de-efeito-termico-12-vibracoes-azul\/","url":"https:\/\/lovme.pt\/index.php\/produto\/satisfyer-heat-flex-4-vibrador-de-efeito-termico-12-vibracoes-azul\/","name":"SATISFYER - HEAT FLEX 4 VIBRADOR DE EFEITO T\u00c9RMICO 12 VIBRA\u00c7\u00d5ES AZUL - Lovme","isPartOf":{"@id":"https:\/\/lovme.pt\/#website"},"primaryImageOfPage":{"@id":"https:\/\/lovme.pt\/index.php\/produto\/satisfyer-heat-flex-4-vibrador-de-efeito-termico-12-vibracoes-azul\/#primaryimage"},"image":{"@id":"https:\/\/lovme.pt\/index.php\/produto\/satisfyer-heat-flex-4-vibrador-de-efeito-termico-12-vibracoes-azul\/#primaryimage"},"thumbnailUrl":"https:\/\/erki24nd3ub.exactdn.com\/wp-content\/uploads\/dream\/img\/img_188675_a7499cba3ce5d0154d96640d25a0ba2b_1.jpg?strip=all","datePublished":"2025-09-30T22:03:01+00:00","dateModified":"2026-02-19T20:09:05+00:00","breadcrumb":{"@id":"https:\/\/lovme.pt\/index.php\/produto\/satisfyer-heat-flex-4-vibrador-de-efeito-termico-12-vibracoes-azul\/#breadcrumb"},"inLanguage":"pt-PT","potentialAction":[{"@type":"ReadAction","target":["https:\/\/lovme.pt\/index.php\/produto\/satisfyer-heat-flex-4-vibrador-de-efeito-termico-12-vibracoes-azul\/"]}]},{"@type":"ImageObject","inLanguage":"pt-PT","@id":"https:\/\/lovme.pt\/index.php\/produto\/satisfyer-heat-flex-4-vibrador-de-efeito-termico-12-vibracoes-azul\/#primaryimage","url":"https:\/\/erki24nd3ub.exactdn.com\/wp-content\/uploads\/dream\/img\/img_188675_a7499cba3ce5d0154d96640d25a0ba2b_1.jpg?strip=all","contentUrl":"https:\/\/erki24nd3ub.exactdn.com\/wp-content\/uploads\/dream\/img\/img_188675_a7499cba3ce5d0154d96640d25a0ba2b_1.jpg?strip=all","width":800,"height":800},{"@type":"BreadcrumbList","@id":"https:\/\/lovme.pt\/index.php\/produto\/satisfyer-heat-flex-4-vibrador-de-efeito-termico-12-vibracoes-azul\/#breadcrumb","itemListElement":[{"@type":"ListItem","position":1,"name":"In\u00edcio","item":"https:\/\/lovme.pt\/"},{"@type":"ListItem","position":2,"name":"Loja","item":"https:\/\/lovme.pt\/index.php\/loja\/"},{"@type":"ListItem","position":3,"name":"SATISFYER &#8211; HEAT FLEX 4 VIBRADOR DE EFEITO T\u00c9RMICO 12 VIBRA\u00c7\u00d5ES AZUL"}]},{"@type":"WebSite","@id":"https:\/\/lovme.pt\/#website","url":"https:\/\/lovme.pt\/","name":"Lovme Loja Er\u00f3tica N\u00ba1 em Portugal","description":"A melhor loja er\u00f3tica de Portugal.","alternateName":"Loja Er\u00f3tica Lovme","potentialAction":[{"@type":"SearchAction","target":{"@type":"EntryPoint","urlTemplate":"https:\/\/lovme.pt\/?s={search_term_string}"},"query-input":{"@type":"PropertyValueSpecification","valueRequired":true,"valueName":"search_term_string"}}],"inLanguage":"pt-PT"}]}},"_links":{"self":[{"href":"https:\/\/lovme.pt\/index.php\/wp-json\/wp\/v2\/product\/50327","targetHints":{"allow":["GET"]}}],"collection":[{"href":"https:\/\/lovme.pt\/index.php\/wp-json\/wp\/v2\/product"}],"about":[{"href":"https:\/\/lovme.pt\/index.php\/wp-json\/wp\/v2\/types\/product"}],"wp:featuredmedia":[{"embeddable":true,"href":"https:\/\/lovme.pt\/index.php\/wp-json\/wp\/v2\/media\/73374"}],"wp:attachment":[{"href":"https:\/\/lovme.pt\/index.php\/wp-json\/wp\/v2\/media?parent=50327"}],"wp:term":[{"taxonomy":"product_brand","embeddable":true,"href":"https:\/\/lovme.pt\/index.php\/wp-json\/wp\/v2\/product_brand?post=50327"},{"taxonomy":"product_cat","embeddable":true,"href":"https:\/\/lovme.pt\/index.php\/wp-json\/wp\/v2\/product_cat?post=50327"},{"taxonomy":"product_tag","embeddable":true,"href":"https:\/\/lovme.pt\/index.php\/wp-json\/wp\/v2\/product_tag?post=50327"}],"curies":[{"name":"wp","href":"https:\/\/api.w.org\/{rel}","templated":true}]}}