{"id":50325,"date":"2025-09-30T22:25:27","date_gmt":"2025-09-30T22:25:27","guid":{"rendered":"https:\/\/lovme.pt\/?post_type=product&p=50325"},"modified":"2026-02-19T20:12:07","modified_gmt":"2026-02-19T20:12:07","slug":"pjur-toy-foam-limpador-de-brinquedos-espuma-suave-150-ml","status":"publish","type":"product","link":"https:\/\/lovme.pt\/index.php\/produto\/pjur-toy-foam-limpador-de-brinquedos-espuma-suave-150-ml\/","title":{"rendered":"PJUR &#8211; TOY FOAM LIMPADOR DE BRINQUEDOS ESPUMA SUAVE 150 ML"},"content":{"rendered":"<p>Apresentando pjur <strong>TOY FOAM<\/strong> , a alternativa perfeita ao sab\u00e3o e sprays de limpeza para uma limpeza completa e suave de brinquedos sexuais.<\/p>\n<p>Esta espuma remove eficazmente res\u00edduos de lubrificantes \u00e0 base de \u00e1gua e silicone, e requer apenas algumas bombas para limpeza higi\u00eanica sem danificar o material. \u00c9 ideal para uso em vidro, metal, pl\u00e1stico, l\u00e1tex, borracha e silicone, e foi dermatologicamente testada para compatibilidade com a pele. A pjur TOY FOAM oferece cuidados abrangentes e suaves para seus brinquedos  \u00e9 resistente a res\u00edduos, mas suave com os materiais.<\/p>\n<p>\u00a0<\/p>\n<p><u><strong>CARACTER\u00cdSTICAS<\/strong><\/u> :<\/p>\n<ul>\n<li>Espuma suave para limpeza completa e higi\u00eanica de todos os brinquedos sexuais<\/li>\n<li>Remove eficazmente lubrificantes \u00e0 base de \u00e1gua e silicone<\/li>\n<li>Cont\u00e9m surfactantes suaves para limpeza eficaz, especialmente em superf\u00edcies sint\u00e9ticas<\/li>\n<li>Testado dermatologicamente<\/li>\n<li>Sem \u00e1lcool<\/li>\n<\/ul>\n<p>\u00a0<\/p>\n<p>A s\u00e9rie pjur TOY foi projetada para todos os usu\u00e1rios de brinquedos sexuais que valorizam lubrificantes de alta qualidade e uma limpeza completa e suave de seus brinquedos, incluindo a remo\u00e7\u00e3o de lubrificantes \u00e0 base de silicone.<\/p>\n","protected":false},"excerpt":{"rendered":"<p>PJUR &#8211; TOY FOAM LIMPADOR DE BRINQUEDOS ESPUMA SUAVE 150 ML<\/p>\n","protected":false},"featured_media":77645,"template":"","meta":{"_acf_changed":false},"product_brand":[],"product_cat":[49,55],"product_tag":[],"class_list":{"0":"post-50325","1":"product","2":"type-product","3":"status-publish","4":"has-post-thumbnail","6":"product_cat-cosmeticos","7":"product_cat-cuidado-de-brinquedos","8":"yith_product_brand-pjur","10":"first","11":"instock","12":"taxable","13":"shipping-taxable","14":"purchasable","15":"product-type-simple"},"acf":[],"yoast_head":"<!-- This site is optimized with the Yoast SEO plugin v27.4 - https:\/\/yoast.com\/product\/yoast-seo-wordpress\/ -->\n<title>PJUR - TOY FOAM LIMPADOR DE BRINQUEDOS ESPUMA SUAVE 150 ML - Lovme<\/title>\n<meta name=\"robots\" content=\"index, follow, max-snippet:-1, max-image-preview:large, max-video-preview:-1\" \/>\n<link rel=\"canonical\" href=\"https:\/\/lovme.pt\/index.php\/produto\/pjur-toy-foam-limpador-de-brinquedos-espuma-suave-150-ml\/\" \/>\n<meta property=\"og:locale\" content=\"pt_PT\" \/>\n<meta property=\"og:type\" content=\"article\" \/>\n<meta property=\"og:title\" content=\"PJUR - TOY FOAM LIMPADOR DE BRINQUEDOS ESPUMA SUAVE 150 ML - Lovme\" \/>\n<meta property=\"og:description\" content=\"PJUR - TOY FOAM LIMPADOR DE BRINQUEDOS ESPUMA SUAVE 150 ML\" \/>\n<meta property=\"og:url\" content=\"https:\/\/lovme.pt\/index.php\/produto\/pjur-toy-foam-limpador-de-brinquedos-espuma-suave-150-ml\/\" \/>\n<meta property=\"og:site_name\" content=\"Lovme\" \/>\n<meta property=\"article:modified_time\" content=\"2026-02-19T20:12:07+00:00\" \/>\n<meta property=\"og:image\" content=\"https:\/\/erki24nd3ub.exactdn.com\/wp-content\/uploads\/dream\/img\/img_188658_ed3348472cb514c3e0194a9c5bf0d61b_1.jpg?strip=all\" \/>\n\t<meta property=\"og:image:width\" content=\"800\" \/>\n\t<meta property=\"og:image:height\" content=\"800\" \/>\n\t<meta property=\"og:image:type\" content=\"image\/jpeg\" \/>\n<meta name=\"twitter:card\" content=\"summary_large_image\" \/>\n<meta name=\"twitter:label1\" content=\"Tempo estimado de leitura\" \/>\n\t<meta name=\"twitter:data1\" content=\"1 minuto\" \/>\n<script type=\"application\/ld+json\" class=\"yoast-schema-graph\">{\"@context\":\"https:\\\/\\\/schema.org\",\"@graph\":[{\"@type\":\"WebPage\",\"@id\":\"https:\\\/\\\/lovme.pt\\\/index.php\\\/produto\\\/pjur-toy-foam-limpador-de-brinquedos-espuma-suave-150-ml\\\/\",\"url\":\"https:\\\/\\\/lovme.pt\\\/index.php\\\/produto\\\/pjur-toy-foam-limpador-de-brinquedos-espuma-suave-150-ml\\\/\",\"name\":\"PJUR - TOY FOAM LIMPADOR DE BRINQUEDOS ESPUMA SUAVE 150 ML - Lovme\",\"isPartOf\":{\"@id\":\"https:\\\/\\\/lovme.pt\\\/#website\"},\"primaryImageOfPage\":{\"@id\":\"https:\\\/\\\/lovme.pt\\\/index.php\\\/produto\\\/pjur-toy-foam-limpador-de-brinquedos-espuma-suave-150-ml\\\/#primaryimage\"},\"image\":{\"@id\":\"https:\\\/\\\/lovme.pt\\\/index.php\\\/produto\\\/pjur-toy-foam-limpador-de-brinquedos-espuma-suave-150-ml\\\/#primaryimage\"},\"thumbnailUrl\":\"https:\\\/\\\/erki24nd3ub.exactdn.com\\\/wp-content\\\/uploads\\\/dream\\\/img\\\/img_188658_ed3348472cb514c3e0194a9c5bf0d61b_1.jpg?strip=all\",\"datePublished\":\"2025-09-30T22:25:27+00:00\",\"dateModified\":\"2026-02-19T20:12:07+00:00\",\"breadcrumb\":{\"@id\":\"https:\\\/\\\/lovme.pt\\\/index.php\\\/produto\\\/pjur-toy-foam-limpador-de-brinquedos-espuma-suave-150-ml\\\/#breadcrumb\"},\"inLanguage\":\"pt-PT\",\"potentialAction\":[{\"@type\":\"ReadAction\",\"target\":[\"https:\\\/\\\/lovme.pt\\\/index.php\\\/produto\\\/pjur-toy-foam-limpador-de-brinquedos-espuma-suave-150-ml\\\/\"]}]},{\"@type\":\"ImageObject\",\"inLanguage\":\"pt-PT\",\"@id\":\"https:\\\/\\\/lovme.pt\\\/index.php\\\/produto\\\/pjur-toy-foam-limpador-de-brinquedos-espuma-suave-150-ml\\\/#primaryimage\",\"url\":\"https:\\\/\\\/erki24nd3ub.exactdn.com\\\/wp-content\\\/uploads\\\/dream\\\/img\\\/img_188658_ed3348472cb514c3e0194a9c5bf0d61b_1.jpg?strip=all\",\"contentUrl\":\"https:\\\/\\\/erki24nd3ub.exactdn.com\\\/wp-content\\\/uploads\\\/dream\\\/img\\\/img_188658_ed3348472cb514c3e0194a9c5bf0d61b_1.jpg?strip=all\",\"width\":800,\"height\":800},{\"@type\":\"BreadcrumbList\",\"@id\":\"https:\\\/\\\/lovme.pt\\\/index.php\\\/produto\\\/pjur-toy-foam-limpador-de-brinquedos-espuma-suave-150-ml\\\/#breadcrumb\",\"itemListElement\":[{\"@type\":\"ListItem\",\"position\":1,\"name\":\"In\u00edcio\",\"item\":\"https:\\\/\\\/lovme.pt\\\/\"},{\"@type\":\"ListItem\",\"position\":2,\"name\":\"Loja\",\"item\":\"https:\\\/\\\/lovme.pt\\\/index.php\\\/loja\\\/\"},{\"@type\":\"ListItem\",\"position\":3,\"name\":\"PJUR &#8211; TOY FOAM LIMPADOR DE BRINQUEDOS ESPUMA SUAVE 150 ML\"}]},{\"@type\":\"WebSite\",\"@id\":\"https:\\\/\\\/lovme.pt\\\/#website\",\"url\":\"https:\\\/\\\/lovme.pt\\\/\",\"name\":\"Lovme Loja Er\u00f3tica N\u00ba1 em Portugal\",\"description\":\"A melhor loja er\u00f3tica de Portugal.\",\"alternateName\":\"Loja Er\u00f3tica Lovme\",\"potentialAction\":[{\"@type\":\"SearchAction\",\"target\":{\"@type\":\"EntryPoint\",\"urlTemplate\":\"https:\\\/\\\/lovme.pt\\\/?s={search_term_string}\"},\"query-input\":{\"@type\":\"PropertyValueSpecification\",\"valueRequired\":true,\"valueName\":\"search_term_string\"}}],\"inLanguage\":\"pt-PT\"}]}<\/script>\n<!-- \/ Yoast SEO plugin. -->","yoast_head_json":{"title":"PJUR - TOY FOAM LIMPADOR DE BRINQUEDOS ESPUMA SUAVE 150 ML - Lovme","robots":{"index":"index","follow":"follow","max-snippet":"max-snippet:-1","max-image-preview":"max-image-preview:large","max-video-preview":"max-video-preview:-1"},"canonical":"https:\/\/lovme.pt\/index.php\/produto\/pjur-toy-foam-limpador-de-brinquedos-espuma-suave-150-ml\/","og_locale":"pt_PT","og_type":"article","og_title":"PJUR - TOY FOAM LIMPADOR DE BRINQUEDOS ESPUMA SUAVE 150 ML - Lovme","og_description":"PJUR - TOY FOAM LIMPADOR DE BRINQUEDOS ESPUMA SUAVE 150 ML","og_url":"https:\/\/lovme.pt\/index.php\/produto\/pjur-toy-foam-limpador-de-brinquedos-espuma-suave-150-ml\/","og_site_name":"Lovme","article_modified_time":"2026-02-19T20:12:07+00:00","og_image":[{"width":800,"height":800,"url":"https:\/\/erki24nd3ub.exactdn.com\/wp-content\/uploads\/dream\/img\/img_188658_ed3348472cb514c3e0194a9c5bf0d61b_1.jpg?strip=all","type":"image\/jpeg"}],"twitter_card":"summary_large_image","twitter_misc":{"Tempo estimado de leitura":"1 minuto"},"schema":{"@context":"https:\/\/schema.org","@graph":[{"@type":"WebPage","@id":"https:\/\/lovme.pt\/index.php\/produto\/pjur-toy-foam-limpador-de-brinquedos-espuma-suave-150-ml\/","url":"https:\/\/lovme.pt\/index.php\/produto\/pjur-toy-foam-limpador-de-brinquedos-espuma-suave-150-ml\/","name":"PJUR - TOY FOAM LIMPADOR DE BRINQUEDOS ESPUMA SUAVE 150 ML - Lovme","isPartOf":{"@id":"https:\/\/lovme.pt\/#website"},"primaryImageOfPage":{"@id":"https:\/\/lovme.pt\/index.php\/produto\/pjur-toy-foam-limpador-de-brinquedos-espuma-suave-150-ml\/#primaryimage"},"image":{"@id":"https:\/\/lovme.pt\/index.php\/produto\/pjur-toy-foam-limpador-de-brinquedos-espuma-suave-150-ml\/#primaryimage"},"thumbnailUrl":"https:\/\/erki24nd3ub.exactdn.com\/wp-content\/uploads\/dream\/img\/img_188658_ed3348472cb514c3e0194a9c5bf0d61b_1.jpg?strip=all","datePublished":"2025-09-30T22:25:27+00:00","dateModified":"2026-02-19T20:12:07+00:00","breadcrumb":{"@id":"https:\/\/lovme.pt\/index.php\/produto\/pjur-toy-foam-limpador-de-brinquedos-espuma-suave-150-ml\/#breadcrumb"},"inLanguage":"pt-PT","potentialAction":[{"@type":"ReadAction","target":["https:\/\/lovme.pt\/index.php\/produto\/pjur-toy-foam-limpador-de-brinquedos-espuma-suave-150-ml\/"]}]},{"@type":"ImageObject","inLanguage":"pt-PT","@id":"https:\/\/lovme.pt\/index.php\/produto\/pjur-toy-foam-limpador-de-brinquedos-espuma-suave-150-ml\/#primaryimage","url":"https:\/\/erki24nd3ub.exactdn.com\/wp-content\/uploads\/dream\/img\/img_188658_ed3348472cb514c3e0194a9c5bf0d61b_1.jpg?strip=all","contentUrl":"https:\/\/erki24nd3ub.exactdn.com\/wp-content\/uploads\/dream\/img\/img_188658_ed3348472cb514c3e0194a9c5bf0d61b_1.jpg?strip=all","width":800,"height":800},{"@type":"BreadcrumbList","@id":"https:\/\/lovme.pt\/index.php\/produto\/pjur-toy-foam-limpador-de-brinquedos-espuma-suave-150-ml\/#breadcrumb","itemListElement":[{"@type":"ListItem","position":1,"name":"In\u00edcio","item":"https:\/\/lovme.pt\/"},{"@type":"ListItem","position":2,"name":"Loja","item":"https:\/\/lovme.pt\/index.php\/loja\/"},{"@type":"ListItem","position":3,"name":"PJUR &#8211; TOY FOAM LIMPADOR DE BRINQUEDOS ESPUMA SUAVE 150 ML"}]},{"@type":"WebSite","@id":"https:\/\/lovme.pt\/#website","url":"https:\/\/lovme.pt\/","name":"Lovme Loja Er\u00f3tica N\u00ba1 em Portugal","description":"A melhor loja er\u00f3tica de Portugal.","alternateName":"Loja Er\u00f3tica Lovme","potentialAction":[{"@type":"SearchAction","target":{"@type":"EntryPoint","urlTemplate":"https:\/\/lovme.pt\/?s={search_term_string}"},"query-input":{"@type":"PropertyValueSpecification","valueRequired":true,"valueName":"search_term_string"}}],"inLanguage":"pt-PT"}]}},"_links":{"self":[{"href":"https:\/\/lovme.pt\/index.php\/wp-json\/wp\/v2\/product\/50325","targetHints":{"allow":["GET"]}}],"collection":[{"href":"https:\/\/lovme.pt\/index.php\/wp-json\/wp\/v2\/product"}],"about":[{"href":"https:\/\/lovme.pt\/index.php\/wp-json\/wp\/v2\/types\/product"}],"wp:featuredmedia":[{"embeddable":true,"href":"https:\/\/lovme.pt\/index.php\/wp-json\/wp\/v2\/media\/77645"}],"wp:attachment":[{"href":"https:\/\/lovme.pt\/index.php\/wp-json\/wp\/v2\/media?parent=50325"}],"wp:term":[{"taxonomy":"product_brand","embeddable":true,"href":"https:\/\/lovme.pt\/index.php\/wp-json\/wp\/v2\/product_brand?post=50325"},{"taxonomy":"product_cat","embeddable":true,"href":"https:\/\/lovme.pt\/index.php\/wp-json\/wp\/v2\/product_cat?post=50325"},{"taxonomy":"product_tag","embeddable":true,"href":"https:\/\/lovme.pt\/index.php\/wp-json\/wp\/v2\/product_tag?post=50325"}],"curies":[{"name":"wp","href":"https:\/\/api.w.org\/{rel}","templated":true}]}}