{"id":50295,"date":"2025-09-30T22:02:55","date_gmt":"2025-09-30T22:02:55","guid":{"rendered":"https:\/\/lovme.pt\/?post_type=product&p=50295"},"modified":"2026-02-19T20:09:04","modified_gmt":"2026-02-19T20:09:04","slug":"satisfyer-perfect-pair-2-multivibrantes-2-em-1-anel-para-penis-e-estimulador-de-dedo-cinza","status":"publish","type":"product","link":"https:\/\/lovme.pt\/index.php\/produto\/satisfyer-perfect-pair-2-multivibrantes-2-em-1-anel-para-penis-e-estimulador-de-dedo-cinza\/","title":{"rendered":"SATISFYER &#8211; PERFECT PAIR 2 MULTIVIBRANTES 2 EM 1 ANEL PARA P\u00caNIS E ESTIMULADOR DE DEDO CINZA"},"content":{"rendered":"<p><strong>PAR PERFEITO 2<\/strong><\/p>\n<p>Apresentando o Perfect Pair 2, o multivibrador 2 em 1 projetado para divers\u00e3o ilimitada, seja sozinho ou em casal.<\/p>\n<p>O Perfect Pair 2 pode ser usado como um vibrador de dedo, onde as quatro pontas mais longas na parte superior acariciam amorosamente seu clit\u00f3ris e outras zonas er\u00f3genas, ou pode ser acoplado como um anel peniano para intensificar aqueles momentos compartilhados de \u00eaxtase.<\/p>\n<p>Com 12 programas de vibra\u00e7\u00e3o potentes, profundos e fortes, e silicone macio e confort\u00e1vel para o corpo, voc\u00ea desfrutar\u00e1 de sensa\u00e7\u00f5es intensas do in\u00edcio ao fim, n\u00e3o importa como voc\u00ea escolha tocar.<\/p>\n<p>Leve a emo\u00e7\u00e3o para o pr\u00f3ximo n\u00edvel levando seu Perfect Pair 2 para o chuveiro ou banheira  seu acabamento \u00e0 prova d\u00e1gua (IPX7) permite que voc\u00ea mergulhe em um prazer molhado e selvagem.<\/p>\n<p>\u00a0<\/p>\n<p><u><strong>CARACTER\u00cdSTICAS<\/strong><\/u> :<\/p>\n<ul>\n<li>Modo sussurro<\/li>\n<li>\u00c0 prova d\u00e1gua (IPX7)<\/li>\n<li>Silicone seguro para o corpo<\/li>\n<li>12 programas de vibra\u00e7\u00e3o<\/li>\n<li>Recarreg\u00e1vel, incl. cabo de carregamento USB<\/li>\n<li>Fun\u00e7\u00e3o 2 em 1: vibrador de dedo + anel peniano<\/li>\n<\/ul>\n<p>\u00a0<\/p>\n<p>Compre hoje mesmo seu Par Perfeito 2 e duplique sua satisfa\u00e7\u00e3o!<\/p>\n","protected":false},"excerpt":{"rendered":"<p>SATISFYER &#8211; PERFECT PAIR 2 MULTIVIBRANTES 2 EM 1 ANEL PARA P\u00caNIS E ESTIMULADOR DE DEDO CINZA<\/p>\n","protected":false},"featured_media":73354,"template":"","meta":{"_acf_changed":false},"product_brand":[],"product_cat":[17,61],"product_tag":[],"class_list":{"0":"post-50295","1":"product","2":"type-product","3":"status-publish","4":"has-post-thumbnail","6":"product_cat-brinquedos-de-bem-estar-sexual","7":"product_cat-para-elas","8":"yith_product_brand-satisfyer","9":"yith_product_brand-satisfyer-satisfyer-partner","11":"first","12":"instock","13":"taxable","14":"shipping-taxable","15":"purchasable","16":"product-type-simple"},"acf":[],"yoast_head":"<!-- This site is optimized with the Yoast SEO plugin v27.4 - https:\/\/yoast.com\/product\/yoast-seo-wordpress\/ -->\n<title>SATISFYER - PERFECT PAIR 2 MULTIVIBRANTES 2 EM 1 ANEL PARA P\u00caNIS E ESTIMULADOR DE DEDO CINZA - Lovme<\/title>\n<meta name=\"robots\" content=\"index, follow, max-snippet:-1, max-image-preview:large, max-video-preview:-1\" \/>\n<link rel=\"canonical\" href=\"https:\/\/lovme.pt\/index.php\/produto\/satisfyer-perfect-pair-2-multivibrantes-2-em-1-anel-para-penis-e-estimulador-de-dedo-cinza\/\" \/>\n<meta property=\"og:locale\" content=\"pt_PT\" \/>\n<meta property=\"og:type\" content=\"article\" \/>\n<meta property=\"og:title\" content=\"SATISFYER - PERFECT PAIR 2 MULTIVIBRANTES 2 EM 1 ANEL PARA P\u00caNIS E ESTIMULADOR DE DEDO CINZA - Lovme\" \/>\n<meta property=\"og:description\" content=\"SATISFYER - PERFECT PAIR 2 MULTIVIBRANTES 2 EM 1 ANEL PARA P\u00caNIS E ESTIMULADOR DE DEDO CINZA\" \/>\n<meta property=\"og:url\" content=\"https:\/\/lovme.pt\/index.php\/produto\/satisfyer-perfect-pair-2-multivibrantes-2-em-1-anel-para-penis-e-estimulador-de-dedo-cinza\/\" \/>\n<meta property=\"og:site_name\" content=\"Lovme\" \/>\n<meta property=\"article:modified_time\" content=\"2026-02-19T20:09:04+00:00\" \/>\n<meta property=\"og:image\" content=\"https:\/\/erki24nd3ub.exactdn.com\/wp-content\/uploads\/dream\/img\/img_188416_2ee9b0752596e1952003915cd8f357d9_1.jpg?strip=all\" \/>\n\t<meta property=\"og:image:width\" content=\"800\" \/>\n\t<meta property=\"og:image:height\" content=\"800\" \/>\n\t<meta property=\"og:image:type\" content=\"image\/jpeg\" \/>\n<meta name=\"twitter:card\" content=\"summary_large_image\" \/>\n<meta name=\"twitter:label1\" content=\"Tempo estimado de leitura\" \/>\n\t<meta name=\"twitter:data1\" content=\"1 minuto\" \/>\n<script type=\"application\/ld+json\" class=\"yoast-schema-graph\">{\"@context\":\"https:\\\/\\\/schema.org\",\"@graph\":[{\"@type\":\"WebPage\",\"@id\":\"https:\\\/\\\/lovme.pt\\\/index.php\\\/produto\\\/satisfyer-perfect-pair-2-multivibrantes-2-em-1-anel-para-penis-e-estimulador-de-dedo-cinza\\\/\",\"url\":\"https:\\\/\\\/lovme.pt\\\/index.php\\\/produto\\\/satisfyer-perfect-pair-2-multivibrantes-2-em-1-anel-para-penis-e-estimulador-de-dedo-cinza\\\/\",\"name\":\"SATISFYER - PERFECT PAIR 2 MULTIVIBRANTES 2 EM 1 ANEL PARA P\u00caNIS E ESTIMULADOR DE DEDO CINZA - Lovme\",\"isPartOf\":{\"@id\":\"https:\\\/\\\/lovme.pt\\\/#website\"},\"primaryImageOfPage\":{\"@id\":\"https:\\\/\\\/lovme.pt\\\/index.php\\\/produto\\\/satisfyer-perfect-pair-2-multivibrantes-2-em-1-anel-para-penis-e-estimulador-de-dedo-cinza\\\/#primaryimage\"},\"image\":{\"@id\":\"https:\\\/\\\/lovme.pt\\\/index.php\\\/produto\\\/satisfyer-perfect-pair-2-multivibrantes-2-em-1-anel-para-penis-e-estimulador-de-dedo-cinza\\\/#primaryimage\"},\"thumbnailUrl\":\"https:\\\/\\\/erki24nd3ub.exactdn.com\\\/wp-content\\\/uploads\\\/dream\\\/img\\\/img_188416_2ee9b0752596e1952003915cd8f357d9_1.jpg?strip=all\",\"datePublished\":\"2025-09-30T22:02:55+00:00\",\"dateModified\":\"2026-02-19T20:09:04+00:00\",\"breadcrumb\":{\"@id\":\"https:\\\/\\\/lovme.pt\\\/index.php\\\/produto\\\/satisfyer-perfect-pair-2-multivibrantes-2-em-1-anel-para-penis-e-estimulador-de-dedo-cinza\\\/#breadcrumb\"},\"inLanguage\":\"pt-PT\",\"potentialAction\":[{\"@type\":\"ReadAction\",\"target\":[\"https:\\\/\\\/lovme.pt\\\/index.php\\\/produto\\\/satisfyer-perfect-pair-2-multivibrantes-2-em-1-anel-para-penis-e-estimulador-de-dedo-cinza\\\/\"]}]},{\"@type\":\"ImageObject\",\"inLanguage\":\"pt-PT\",\"@id\":\"https:\\\/\\\/lovme.pt\\\/index.php\\\/produto\\\/satisfyer-perfect-pair-2-multivibrantes-2-em-1-anel-para-penis-e-estimulador-de-dedo-cinza\\\/#primaryimage\",\"url\":\"https:\\\/\\\/erki24nd3ub.exactdn.com\\\/wp-content\\\/uploads\\\/dream\\\/img\\\/img_188416_2ee9b0752596e1952003915cd8f357d9_1.jpg?strip=all\",\"contentUrl\":\"https:\\\/\\\/erki24nd3ub.exactdn.com\\\/wp-content\\\/uploads\\\/dream\\\/img\\\/img_188416_2ee9b0752596e1952003915cd8f357d9_1.jpg?strip=all\",\"width\":800,\"height\":800},{\"@type\":\"BreadcrumbList\",\"@id\":\"https:\\\/\\\/lovme.pt\\\/index.php\\\/produto\\\/satisfyer-perfect-pair-2-multivibrantes-2-em-1-anel-para-penis-e-estimulador-de-dedo-cinza\\\/#breadcrumb\",\"itemListElement\":[{\"@type\":\"ListItem\",\"position\":1,\"name\":\"In\u00edcio\",\"item\":\"https:\\\/\\\/lovme.pt\\\/\"},{\"@type\":\"ListItem\",\"position\":2,\"name\":\"Loja\",\"item\":\"https:\\\/\\\/lovme.pt\\\/index.php\\\/loja\\\/\"},{\"@type\":\"ListItem\",\"position\":3,\"name\":\"SATISFYER &#8211; PERFECT PAIR 2 MULTIVIBRANTES 2 EM 1 ANEL PARA P\u00caNIS E ESTIMULADOR DE DEDO CINZA\"}]},{\"@type\":\"WebSite\",\"@id\":\"https:\\\/\\\/lovme.pt\\\/#website\",\"url\":\"https:\\\/\\\/lovme.pt\\\/\",\"name\":\"Lovme Loja Er\u00f3tica N\u00ba1 em Portugal\",\"description\":\"A melhor loja er\u00f3tica de Portugal.\",\"alternateName\":\"Loja Er\u00f3tica Lovme\",\"potentialAction\":[{\"@type\":\"SearchAction\",\"target\":{\"@type\":\"EntryPoint\",\"urlTemplate\":\"https:\\\/\\\/lovme.pt\\\/?s={search_term_string}\"},\"query-input\":{\"@type\":\"PropertyValueSpecification\",\"valueRequired\":true,\"valueName\":\"search_term_string\"}}],\"inLanguage\":\"pt-PT\"}]}<\/script>\n<!-- \/ Yoast SEO plugin. -->","yoast_head_json":{"title":"SATISFYER - PERFECT PAIR 2 MULTIVIBRANTES 2 EM 1 ANEL PARA P\u00caNIS E ESTIMULADOR DE DEDO CINZA - Lovme","robots":{"index":"index","follow":"follow","max-snippet":"max-snippet:-1","max-image-preview":"max-image-preview:large","max-video-preview":"max-video-preview:-1"},"canonical":"https:\/\/lovme.pt\/index.php\/produto\/satisfyer-perfect-pair-2-multivibrantes-2-em-1-anel-para-penis-e-estimulador-de-dedo-cinza\/","og_locale":"pt_PT","og_type":"article","og_title":"SATISFYER - PERFECT PAIR 2 MULTIVIBRANTES 2 EM 1 ANEL PARA P\u00caNIS E ESTIMULADOR DE DEDO CINZA - Lovme","og_description":"SATISFYER - PERFECT PAIR 2 MULTIVIBRANTES 2 EM 1 ANEL PARA P\u00caNIS E ESTIMULADOR DE DEDO CINZA","og_url":"https:\/\/lovme.pt\/index.php\/produto\/satisfyer-perfect-pair-2-multivibrantes-2-em-1-anel-para-penis-e-estimulador-de-dedo-cinza\/","og_site_name":"Lovme","article_modified_time":"2026-02-19T20:09:04+00:00","og_image":[{"width":800,"height":800,"url":"https:\/\/erki24nd3ub.exactdn.com\/wp-content\/uploads\/dream\/img\/img_188416_2ee9b0752596e1952003915cd8f357d9_1.jpg?strip=all","type":"image\/jpeg"}],"twitter_card":"summary_large_image","twitter_misc":{"Tempo estimado de leitura":"1 minuto"},"schema":{"@context":"https:\/\/schema.org","@graph":[{"@type":"WebPage","@id":"https:\/\/lovme.pt\/index.php\/produto\/satisfyer-perfect-pair-2-multivibrantes-2-em-1-anel-para-penis-e-estimulador-de-dedo-cinza\/","url":"https:\/\/lovme.pt\/index.php\/produto\/satisfyer-perfect-pair-2-multivibrantes-2-em-1-anel-para-penis-e-estimulador-de-dedo-cinza\/","name":"SATISFYER - PERFECT PAIR 2 MULTIVIBRANTES 2 EM 1 ANEL PARA P\u00caNIS E ESTIMULADOR DE DEDO CINZA - Lovme","isPartOf":{"@id":"https:\/\/lovme.pt\/#website"},"primaryImageOfPage":{"@id":"https:\/\/lovme.pt\/index.php\/produto\/satisfyer-perfect-pair-2-multivibrantes-2-em-1-anel-para-penis-e-estimulador-de-dedo-cinza\/#primaryimage"},"image":{"@id":"https:\/\/lovme.pt\/index.php\/produto\/satisfyer-perfect-pair-2-multivibrantes-2-em-1-anel-para-penis-e-estimulador-de-dedo-cinza\/#primaryimage"},"thumbnailUrl":"https:\/\/erki24nd3ub.exactdn.com\/wp-content\/uploads\/dream\/img\/img_188416_2ee9b0752596e1952003915cd8f357d9_1.jpg?strip=all","datePublished":"2025-09-30T22:02:55+00:00","dateModified":"2026-02-19T20:09:04+00:00","breadcrumb":{"@id":"https:\/\/lovme.pt\/index.php\/produto\/satisfyer-perfect-pair-2-multivibrantes-2-em-1-anel-para-penis-e-estimulador-de-dedo-cinza\/#breadcrumb"},"inLanguage":"pt-PT","potentialAction":[{"@type":"ReadAction","target":["https:\/\/lovme.pt\/index.php\/produto\/satisfyer-perfect-pair-2-multivibrantes-2-em-1-anel-para-penis-e-estimulador-de-dedo-cinza\/"]}]},{"@type":"ImageObject","inLanguage":"pt-PT","@id":"https:\/\/lovme.pt\/index.php\/produto\/satisfyer-perfect-pair-2-multivibrantes-2-em-1-anel-para-penis-e-estimulador-de-dedo-cinza\/#primaryimage","url":"https:\/\/erki24nd3ub.exactdn.com\/wp-content\/uploads\/dream\/img\/img_188416_2ee9b0752596e1952003915cd8f357d9_1.jpg?strip=all","contentUrl":"https:\/\/erki24nd3ub.exactdn.com\/wp-content\/uploads\/dream\/img\/img_188416_2ee9b0752596e1952003915cd8f357d9_1.jpg?strip=all","width":800,"height":800},{"@type":"BreadcrumbList","@id":"https:\/\/lovme.pt\/index.php\/produto\/satisfyer-perfect-pair-2-multivibrantes-2-em-1-anel-para-penis-e-estimulador-de-dedo-cinza\/#breadcrumb","itemListElement":[{"@type":"ListItem","position":1,"name":"In\u00edcio","item":"https:\/\/lovme.pt\/"},{"@type":"ListItem","position":2,"name":"Loja","item":"https:\/\/lovme.pt\/index.php\/loja\/"},{"@type":"ListItem","position":3,"name":"SATISFYER &#8211; PERFECT PAIR 2 MULTIVIBRANTES 2 EM 1 ANEL PARA P\u00caNIS E ESTIMULADOR DE DEDO CINZA"}]},{"@type":"WebSite","@id":"https:\/\/lovme.pt\/#website","url":"https:\/\/lovme.pt\/","name":"Lovme Loja Er\u00f3tica N\u00ba1 em Portugal","description":"A melhor loja er\u00f3tica de Portugal.","alternateName":"Loja Er\u00f3tica Lovme","potentialAction":[{"@type":"SearchAction","target":{"@type":"EntryPoint","urlTemplate":"https:\/\/lovme.pt\/?s={search_term_string}"},"query-input":{"@type":"PropertyValueSpecification","valueRequired":true,"valueName":"search_term_string"}}],"inLanguage":"pt-PT"}]}},"_links":{"self":[{"href":"https:\/\/lovme.pt\/index.php\/wp-json\/wp\/v2\/product\/50295","targetHints":{"allow":["GET"]}}],"collection":[{"href":"https:\/\/lovme.pt\/index.php\/wp-json\/wp\/v2\/product"}],"about":[{"href":"https:\/\/lovme.pt\/index.php\/wp-json\/wp\/v2\/types\/product"}],"wp:featuredmedia":[{"embeddable":true,"href":"https:\/\/lovme.pt\/index.php\/wp-json\/wp\/v2\/media\/73354"}],"wp:attachment":[{"href":"https:\/\/lovme.pt\/index.php\/wp-json\/wp\/v2\/media?parent=50295"}],"wp:term":[{"taxonomy":"product_brand","embeddable":true,"href":"https:\/\/lovme.pt\/index.php\/wp-json\/wp\/v2\/product_brand?post=50295"},{"taxonomy":"product_cat","embeddable":true,"href":"https:\/\/lovme.pt\/index.php\/wp-json\/wp\/v2\/product_cat?post=50295"},{"taxonomy":"product_tag","embeddable":true,"href":"https:\/\/lovme.pt\/index.php\/wp-json\/wp\/v2\/product_tag?post=50295"}],"curies":[{"name":"wp","href":"https:\/\/api.w.org\/{rel}","templated":true}]}}