{"id":50252,"date":"2025-09-30T22:21:50","date_gmt":"2025-09-30T22:21:50","guid":{"rendered":"https:\/\/lovme.pt\/?post_type=product&p=50252"},"modified":"2026-02-19T20:11:24","modified_gmt":"2026-02-19T20:11:24","slug":"ruf-virgin-tight-creme-firmante-tight-vagina-30-ml","status":"publish","type":"product","link":"https:\/\/lovme.pt\/index.php\/produto\/ruf-virgin-tight-creme-firmante-tight-vagina-30-ml\/","title":{"rendered":"RUF &#8211; VIRGIN TIGHT CREME FIRMANTE TIGHT VAGINA 30 ML"},"content":{"rendered":"<p><strong>Virgin Tight<\/strong> da marca AbsolutSex da Ruf \u00e9 um creme de massagem \u00edntima para a vulva, um creme especial feito com muitos ingredientes hidratantes que podem fortalecer e melhorar a elasticidade da pele. Para uma sensa\u00e7\u00e3o mais intensa durante o ato sexual. O cuidado regular tamb\u00e9m ajuda a combater o envelhecimento vulvar.<\/p>\n<p>\u00a0<\/p>\n<p><u><strong>CARACTER\u00cdSTICAS<\/strong><\/u> :<\/p>\n<ul>\n<li>Creme reafirmante vulvar<\/li>\n<li>30 ml<\/li>\n<li>Feno-grego: Propriedades anti-inflamat\u00f3rias, firma e embeleza a pele, melhora as fun\u00e7\u00f5es sexuais<\/li>\n<li>Gengibre: Propriedades antienvelhecimento, tonifica\u00e7\u00e3o da pele<\/li>\n<li>\u00d3leo de Sarriette da Montanha: poderoso antiparasit\u00e1rio, antif\u00fangico, antibacteriano e antiviral, auxilia contra problemas de pele<\/li>\n<li>Ingredientes: \u00c1gua, glicerina, propilenoglicol, dimeticona, fenoxietanol, trietanolamina, carb\u00f4mero, extrato de semente de Trigonella foenum graecum, extrato de raiz de Zingiber officinale, \u00f3leo de casca de Cinnamomum camphora, pol\u00edmero cruzado de acrilatos\/acrilato de alquila C10-30, etil-hexiglicerina, benzoato de s\u00f3dio, sorbato de pot\u00e1ssio, acetato de tocoferol, \u00f3leo de Satureia montana, geraniol, limoneno, linalol.<\/li>\n<\/ul>\n","protected":false},"excerpt":{"rendered":"<p>RUF &#8211; VIRGIN TIGHT CREME FIRMANTE TIGHT VAGINA 30 ML<\/p>\n","protected":false},"featured_media":77150,"template":"","meta":{"_acf_changed":false},"product_brand":[],"product_cat":[49,52],"product_tag":[],"class_list":{"0":"post-50252","1":"product","2":"type-product","3":"status-publish","4":"has-post-thumbnail","6":"product_cat-cosmeticos","7":"product_cat-estimulantes","8":"yith_product_brand-ruf","10":"first","11":"instock","12":"taxable","13":"shipping-taxable","14":"purchasable","15":"product-type-simple"},"acf":[],"yoast_head":"<!-- This site is optimized with the Yoast SEO plugin v27.4 - https:\/\/yoast.com\/product\/yoast-seo-wordpress\/ -->\n<title>RUF - VIRGIN TIGHT CREME FIRMANTE TIGHT VAGINA 30 ML - Lovme<\/title>\n<meta name=\"robots\" content=\"index, follow, max-snippet:-1, max-image-preview:large, max-video-preview:-1\" \/>\n<link rel=\"canonical\" href=\"https:\/\/lovme.pt\/index.php\/produto\/ruf-virgin-tight-creme-firmante-tight-vagina-30-ml\/\" \/>\n<meta property=\"og:locale\" content=\"pt_PT\" \/>\n<meta property=\"og:type\" content=\"article\" \/>\n<meta property=\"og:title\" content=\"RUF - VIRGIN TIGHT CREME FIRMANTE TIGHT VAGINA 30 ML - Lovme\" \/>\n<meta property=\"og:description\" content=\"RUF - VIRGIN TIGHT CREME FIRMANTE TIGHT VAGINA 30 ML\" \/>\n<meta property=\"og:url\" content=\"https:\/\/lovme.pt\/index.php\/produto\/ruf-virgin-tight-creme-firmante-tight-vagina-30-ml\/\" \/>\n<meta property=\"og:site_name\" content=\"Lovme\" \/>\n<meta property=\"article:modified_time\" content=\"2026-02-19T20:11:24+00:00\" \/>\n<meta property=\"og:image\" content=\"https:\/\/erki24nd3ub.exactdn.com\/wp-content\/uploads\/dream\/img\/img_188249_ecd44ff6941c151042b6d281d098ab7a_1.jpg?strip=all\" \/>\n\t<meta property=\"og:image:width\" content=\"800\" \/>\n\t<meta property=\"og:image:height\" content=\"800\" \/>\n\t<meta property=\"og:image:type\" content=\"image\/jpeg\" \/>\n<meta name=\"twitter:card\" content=\"summary_large_image\" \/>\n<meta name=\"twitter:label1\" content=\"Tempo estimado de leitura\" \/>\n\t<meta name=\"twitter:data1\" content=\"1 minuto\" \/>\n<script type=\"application\/ld+json\" class=\"yoast-schema-graph\">{\"@context\":\"https:\\\/\\\/schema.org\",\"@graph\":[{\"@type\":\"WebPage\",\"@id\":\"https:\\\/\\\/lovme.pt\\\/index.php\\\/produto\\\/ruf-virgin-tight-creme-firmante-tight-vagina-30-ml\\\/\",\"url\":\"https:\\\/\\\/lovme.pt\\\/index.php\\\/produto\\\/ruf-virgin-tight-creme-firmante-tight-vagina-30-ml\\\/\",\"name\":\"RUF - VIRGIN TIGHT CREME FIRMANTE TIGHT VAGINA 30 ML - Lovme\",\"isPartOf\":{\"@id\":\"https:\\\/\\\/lovme.pt\\\/#website\"},\"primaryImageOfPage\":{\"@id\":\"https:\\\/\\\/lovme.pt\\\/index.php\\\/produto\\\/ruf-virgin-tight-creme-firmante-tight-vagina-30-ml\\\/#primaryimage\"},\"image\":{\"@id\":\"https:\\\/\\\/lovme.pt\\\/index.php\\\/produto\\\/ruf-virgin-tight-creme-firmante-tight-vagina-30-ml\\\/#primaryimage\"},\"thumbnailUrl\":\"https:\\\/\\\/erki24nd3ub.exactdn.com\\\/wp-content\\\/uploads\\\/dream\\\/img\\\/img_188249_ecd44ff6941c151042b6d281d098ab7a_1.jpg?strip=all\",\"datePublished\":\"2025-09-30T22:21:50+00:00\",\"dateModified\":\"2026-02-19T20:11:24+00:00\",\"breadcrumb\":{\"@id\":\"https:\\\/\\\/lovme.pt\\\/index.php\\\/produto\\\/ruf-virgin-tight-creme-firmante-tight-vagina-30-ml\\\/#breadcrumb\"},\"inLanguage\":\"pt-PT\",\"potentialAction\":[{\"@type\":\"ReadAction\",\"target\":[\"https:\\\/\\\/lovme.pt\\\/index.php\\\/produto\\\/ruf-virgin-tight-creme-firmante-tight-vagina-30-ml\\\/\"]}]},{\"@type\":\"ImageObject\",\"inLanguage\":\"pt-PT\",\"@id\":\"https:\\\/\\\/lovme.pt\\\/index.php\\\/produto\\\/ruf-virgin-tight-creme-firmante-tight-vagina-30-ml\\\/#primaryimage\",\"url\":\"https:\\\/\\\/erki24nd3ub.exactdn.com\\\/wp-content\\\/uploads\\\/dream\\\/img\\\/img_188249_ecd44ff6941c151042b6d281d098ab7a_1.jpg?strip=all\",\"contentUrl\":\"https:\\\/\\\/erki24nd3ub.exactdn.com\\\/wp-content\\\/uploads\\\/dream\\\/img\\\/img_188249_ecd44ff6941c151042b6d281d098ab7a_1.jpg?strip=all\",\"width\":800,\"height\":800},{\"@type\":\"BreadcrumbList\",\"@id\":\"https:\\\/\\\/lovme.pt\\\/index.php\\\/produto\\\/ruf-virgin-tight-creme-firmante-tight-vagina-30-ml\\\/#breadcrumb\",\"itemListElement\":[{\"@type\":\"ListItem\",\"position\":1,\"name\":\"In\u00edcio\",\"item\":\"https:\\\/\\\/lovme.pt\\\/\"},{\"@type\":\"ListItem\",\"position\":2,\"name\":\"Loja\",\"item\":\"https:\\\/\\\/lovme.pt\\\/index.php\\\/loja\\\/\"},{\"@type\":\"ListItem\",\"position\":3,\"name\":\"RUF &#8211; VIRGIN TIGHT CREME FIRMANTE TIGHT VAGINA 30 ML\"}]},{\"@type\":\"WebSite\",\"@id\":\"https:\\\/\\\/lovme.pt\\\/#website\",\"url\":\"https:\\\/\\\/lovme.pt\\\/\",\"name\":\"Lovme Loja Er\u00f3tica N\u00ba1 em Portugal\",\"description\":\"A melhor loja er\u00f3tica de Portugal.\",\"alternateName\":\"Loja Er\u00f3tica Lovme\",\"potentialAction\":[{\"@type\":\"SearchAction\",\"target\":{\"@type\":\"EntryPoint\",\"urlTemplate\":\"https:\\\/\\\/lovme.pt\\\/?s={search_term_string}\"},\"query-input\":{\"@type\":\"PropertyValueSpecification\",\"valueRequired\":true,\"valueName\":\"search_term_string\"}}],\"inLanguage\":\"pt-PT\"}]}<\/script>\n<!-- \/ Yoast SEO plugin. -->","yoast_head_json":{"title":"RUF - VIRGIN TIGHT CREME FIRMANTE TIGHT VAGINA 30 ML - Lovme","robots":{"index":"index","follow":"follow","max-snippet":"max-snippet:-1","max-image-preview":"max-image-preview:large","max-video-preview":"max-video-preview:-1"},"canonical":"https:\/\/lovme.pt\/index.php\/produto\/ruf-virgin-tight-creme-firmante-tight-vagina-30-ml\/","og_locale":"pt_PT","og_type":"article","og_title":"RUF - VIRGIN TIGHT CREME FIRMANTE TIGHT VAGINA 30 ML - Lovme","og_description":"RUF - VIRGIN TIGHT CREME FIRMANTE TIGHT VAGINA 30 ML","og_url":"https:\/\/lovme.pt\/index.php\/produto\/ruf-virgin-tight-creme-firmante-tight-vagina-30-ml\/","og_site_name":"Lovme","article_modified_time":"2026-02-19T20:11:24+00:00","og_image":[{"width":800,"height":800,"url":"https:\/\/erki24nd3ub.exactdn.com\/wp-content\/uploads\/dream\/img\/img_188249_ecd44ff6941c151042b6d281d098ab7a_1.jpg?strip=all","type":"image\/jpeg"}],"twitter_card":"summary_large_image","twitter_misc":{"Tempo estimado de leitura":"1 minuto"},"schema":{"@context":"https:\/\/schema.org","@graph":[{"@type":"WebPage","@id":"https:\/\/lovme.pt\/index.php\/produto\/ruf-virgin-tight-creme-firmante-tight-vagina-30-ml\/","url":"https:\/\/lovme.pt\/index.php\/produto\/ruf-virgin-tight-creme-firmante-tight-vagina-30-ml\/","name":"RUF - VIRGIN TIGHT CREME FIRMANTE TIGHT VAGINA 30 ML - Lovme","isPartOf":{"@id":"https:\/\/lovme.pt\/#website"},"primaryImageOfPage":{"@id":"https:\/\/lovme.pt\/index.php\/produto\/ruf-virgin-tight-creme-firmante-tight-vagina-30-ml\/#primaryimage"},"image":{"@id":"https:\/\/lovme.pt\/index.php\/produto\/ruf-virgin-tight-creme-firmante-tight-vagina-30-ml\/#primaryimage"},"thumbnailUrl":"https:\/\/erki24nd3ub.exactdn.com\/wp-content\/uploads\/dream\/img\/img_188249_ecd44ff6941c151042b6d281d098ab7a_1.jpg?strip=all","datePublished":"2025-09-30T22:21:50+00:00","dateModified":"2026-02-19T20:11:24+00:00","breadcrumb":{"@id":"https:\/\/lovme.pt\/index.php\/produto\/ruf-virgin-tight-creme-firmante-tight-vagina-30-ml\/#breadcrumb"},"inLanguage":"pt-PT","potentialAction":[{"@type":"ReadAction","target":["https:\/\/lovme.pt\/index.php\/produto\/ruf-virgin-tight-creme-firmante-tight-vagina-30-ml\/"]}]},{"@type":"ImageObject","inLanguage":"pt-PT","@id":"https:\/\/lovme.pt\/index.php\/produto\/ruf-virgin-tight-creme-firmante-tight-vagina-30-ml\/#primaryimage","url":"https:\/\/erki24nd3ub.exactdn.com\/wp-content\/uploads\/dream\/img\/img_188249_ecd44ff6941c151042b6d281d098ab7a_1.jpg?strip=all","contentUrl":"https:\/\/erki24nd3ub.exactdn.com\/wp-content\/uploads\/dream\/img\/img_188249_ecd44ff6941c151042b6d281d098ab7a_1.jpg?strip=all","width":800,"height":800},{"@type":"BreadcrumbList","@id":"https:\/\/lovme.pt\/index.php\/produto\/ruf-virgin-tight-creme-firmante-tight-vagina-30-ml\/#breadcrumb","itemListElement":[{"@type":"ListItem","position":1,"name":"In\u00edcio","item":"https:\/\/lovme.pt\/"},{"@type":"ListItem","position":2,"name":"Loja","item":"https:\/\/lovme.pt\/index.php\/loja\/"},{"@type":"ListItem","position":3,"name":"RUF &#8211; VIRGIN TIGHT CREME FIRMANTE TIGHT VAGINA 30 ML"}]},{"@type":"WebSite","@id":"https:\/\/lovme.pt\/#website","url":"https:\/\/lovme.pt\/","name":"Lovme Loja Er\u00f3tica N\u00ba1 em Portugal","description":"A melhor loja er\u00f3tica de Portugal.","alternateName":"Loja Er\u00f3tica Lovme","potentialAction":[{"@type":"SearchAction","target":{"@type":"EntryPoint","urlTemplate":"https:\/\/lovme.pt\/?s={search_term_string}"},"query-input":{"@type":"PropertyValueSpecification","valueRequired":true,"valueName":"search_term_string"}}],"inLanguage":"pt-PT"}]}},"_links":{"self":[{"href":"https:\/\/lovme.pt\/index.php\/wp-json\/wp\/v2\/product\/50252","targetHints":{"allow":["GET"]}}],"collection":[{"href":"https:\/\/lovme.pt\/index.php\/wp-json\/wp\/v2\/product"}],"about":[{"href":"https:\/\/lovme.pt\/index.php\/wp-json\/wp\/v2\/types\/product"}],"wp:featuredmedia":[{"embeddable":true,"href":"https:\/\/lovme.pt\/index.php\/wp-json\/wp\/v2\/media\/77150"}],"wp:attachment":[{"href":"https:\/\/lovme.pt\/index.php\/wp-json\/wp\/v2\/media?parent=50252"}],"wp:term":[{"taxonomy":"product_brand","embeddable":true,"href":"https:\/\/lovme.pt\/index.php\/wp-json\/wp\/v2\/product_brand?post=50252"},{"taxonomy":"product_cat","embeddable":true,"href":"https:\/\/lovme.pt\/index.php\/wp-json\/wp\/v2\/product_cat?post=50252"},{"taxonomy":"product_tag","embeddable":true,"href":"https:\/\/lovme.pt\/index.php\/wp-json\/wp\/v2\/product_tag?post=50252"}],"curies":[{"name":"wp","href":"https:\/\/api.w.org\/{rel}","templated":true}]}}