{"id":50251,"date":"2025-09-30T09:47:13","date_gmt":"2025-09-30T09:47:13","guid":{"rendered":"https:\/\/lovme.pt\/?post_type=product&p=50251"},"modified":"2026-02-19T20:04:52","modified_gmt":"2026-02-19T20:04:52","slug":"ruf-creme-estimulante-de-orgasmo-feminino-para-ela-30-ml","status":"publish","type":"product","link":"https:\/\/lovme.pt\/index.php\/produto\/ruf-creme-estimulante-de-orgasmo-feminino-para-ela-30-ml\/","title":{"rendered":"RUF &#8211; CREME ESTIMULANTE DE ORGASMO FEMININO PARA ELA 30 ML"},"content":{"rendered":"<p><strong>Female Orgasma<\/strong> \u00e9 um creme de massagem \u00edntima para mulheres da marca AbsolutSex da Ruf.<\/p>\n<p>Pode ser usado para melhorar a estimula\u00e7\u00e3o sexual e aumentar o n\u00famero de orgasmos. A c\u00e2nfora \u00e9 conhecida por suas m\u00faltiplas propriedades, \u00e9 um forte estimulante que aumenta a atividade do sistema circulat\u00f3rio, secre\u00e7\u00e3o e ere\u00e7\u00e3o feminina.<\/p>\n<p><u><strong>CARACTER\u00cdSTICAS<\/strong><\/u> :<\/p>\n<ul>\n<li>Creme de orgasmo<\/li>\n<li>30 ml<\/li>\n<li>Vitamina E<\/li>\n<li>Ylang Ylang: afrodis\u00edaco forte<\/li>\n<li>C\u00e2nfora: promove o fluxo sangu\u00edneo, melhora a ere\u00e7\u00e3o feminina<\/li>\n<li>Ingredientes: cera microcristalina  parafina l\u00edquida  parafina dimeticona  \u00e1lcool cet\u00edlico  \u00f3leo de flor de cananga odorata  \u00f3leo de cinnamomum camphora  \u00f3leo de madeira de linalooliferum acetato de tocoferol  benzoato de benzila  salicilato de benzila  farnesol  geraniol &#8211; linalol<\/li>\n<\/ul>\n","protected":false},"excerpt":{"rendered":"<p>RUF &#8211; CREME ESTIMULANTE DE ORGASMO FEMININO PARA ELA 30 ML<\/p>\n","protected":false},"featured_media":57018,"template":"","meta":{"_acf_changed":false},"product_brand":[],"product_cat":[49,52],"product_tag":[],"class_list":{"0":"post-50251","1":"product","2":"type-product","3":"status-publish","4":"has-post-thumbnail","6":"product_cat-cosmeticos","7":"product_cat-estimulantes","8":"yith_product_brand-ruf","10":"first","11":"instock","12":"taxable","13":"shipping-taxable","14":"purchasable","15":"product-type-simple"},"acf":[],"yoast_head":"<!-- This site is optimized with the Yoast SEO plugin v27.4 - https:\/\/yoast.com\/product\/yoast-seo-wordpress\/ -->\n<title>RUF - CREME ESTIMULANTE DE ORGASMO FEMININO PARA ELA 30 ML - Lovme<\/title>\n<meta name=\"robots\" content=\"index, follow, max-snippet:-1, max-image-preview:large, max-video-preview:-1\" \/>\n<link rel=\"canonical\" href=\"https:\/\/lovme.pt\/index.php\/produto\/ruf-creme-estimulante-de-orgasmo-feminino-para-ela-30-ml\/\" \/>\n<meta property=\"og:locale\" content=\"pt_PT\" \/>\n<meta property=\"og:type\" content=\"article\" \/>\n<meta property=\"og:title\" content=\"RUF - CREME ESTIMULANTE DE ORGASMO FEMININO PARA ELA 30 ML - Lovme\" \/>\n<meta property=\"og:description\" content=\"RUF - CREME ESTIMULANTE DE ORGASMO FEMININO PARA ELA 30 ML\" \/>\n<meta property=\"og:url\" content=\"https:\/\/lovme.pt\/index.php\/produto\/ruf-creme-estimulante-de-orgasmo-feminino-para-ela-30-ml\/\" \/>\n<meta property=\"og:site_name\" content=\"Lovme\" \/>\n<meta property=\"article:modified_time\" content=\"2026-02-19T20:04:52+00:00\" \/>\n<meta property=\"og:image\" content=\"https:\/\/erki24nd3ub.exactdn.com\/wp-content\/uploads\/dream\/img\/img_188194_2121b09bfa46cfaa67552efa6774874d_1.jpg?strip=all\" \/>\n\t<meta property=\"og:image:width\" content=\"800\" \/>\n\t<meta property=\"og:image:height\" content=\"800\" \/>\n\t<meta property=\"og:image:type\" content=\"image\/jpeg\" \/>\n<meta name=\"twitter:card\" content=\"summary_large_image\" \/>\n<meta name=\"twitter:label1\" content=\"Tempo estimado de leitura\" \/>\n\t<meta name=\"twitter:data1\" content=\"1 minuto\" \/>\n<script type=\"application\/ld+json\" class=\"yoast-schema-graph\">{\"@context\":\"https:\\\/\\\/schema.org\",\"@graph\":[{\"@type\":\"WebPage\",\"@id\":\"https:\\\/\\\/lovme.pt\\\/index.php\\\/produto\\\/ruf-creme-estimulante-de-orgasmo-feminino-para-ela-30-ml\\\/\",\"url\":\"https:\\\/\\\/lovme.pt\\\/index.php\\\/produto\\\/ruf-creme-estimulante-de-orgasmo-feminino-para-ela-30-ml\\\/\",\"name\":\"RUF - CREME ESTIMULANTE DE ORGASMO FEMININO PARA ELA 30 ML - Lovme\",\"isPartOf\":{\"@id\":\"https:\\\/\\\/lovme.pt\\\/#website\"},\"primaryImageOfPage\":{\"@id\":\"https:\\\/\\\/lovme.pt\\\/index.php\\\/produto\\\/ruf-creme-estimulante-de-orgasmo-feminino-para-ela-30-ml\\\/#primaryimage\"},\"image\":{\"@id\":\"https:\\\/\\\/lovme.pt\\\/index.php\\\/produto\\\/ruf-creme-estimulante-de-orgasmo-feminino-para-ela-30-ml\\\/#primaryimage\"},\"thumbnailUrl\":\"https:\\\/\\\/erki24nd3ub.exactdn.com\\\/wp-content\\\/uploads\\\/dream\\\/img\\\/img_188194_2121b09bfa46cfaa67552efa6774874d_1.jpg?strip=all\",\"datePublished\":\"2025-09-30T09:47:13+00:00\",\"dateModified\":\"2026-02-19T20:04:52+00:00\",\"breadcrumb\":{\"@id\":\"https:\\\/\\\/lovme.pt\\\/index.php\\\/produto\\\/ruf-creme-estimulante-de-orgasmo-feminino-para-ela-30-ml\\\/#breadcrumb\"},\"inLanguage\":\"pt-PT\",\"potentialAction\":[{\"@type\":\"ReadAction\",\"target\":[\"https:\\\/\\\/lovme.pt\\\/index.php\\\/produto\\\/ruf-creme-estimulante-de-orgasmo-feminino-para-ela-30-ml\\\/\"]}]},{\"@type\":\"ImageObject\",\"inLanguage\":\"pt-PT\",\"@id\":\"https:\\\/\\\/lovme.pt\\\/index.php\\\/produto\\\/ruf-creme-estimulante-de-orgasmo-feminino-para-ela-30-ml\\\/#primaryimage\",\"url\":\"https:\\\/\\\/erki24nd3ub.exactdn.com\\\/wp-content\\\/uploads\\\/dream\\\/img\\\/img_188194_2121b09bfa46cfaa67552efa6774874d_1.jpg?strip=all\",\"contentUrl\":\"https:\\\/\\\/erki24nd3ub.exactdn.com\\\/wp-content\\\/uploads\\\/dream\\\/img\\\/img_188194_2121b09bfa46cfaa67552efa6774874d_1.jpg?strip=all\",\"width\":800,\"height\":800},{\"@type\":\"BreadcrumbList\",\"@id\":\"https:\\\/\\\/lovme.pt\\\/index.php\\\/produto\\\/ruf-creme-estimulante-de-orgasmo-feminino-para-ela-30-ml\\\/#breadcrumb\",\"itemListElement\":[{\"@type\":\"ListItem\",\"position\":1,\"name\":\"In\u00edcio\",\"item\":\"https:\\\/\\\/lovme.pt\\\/\"},{\"@type\":\"ListItem\",\"position\":2,\"name\":\"Loja\",\"item\":\"https:\\\/\\\/lovme.pt\\\/index.php\\\/loja\\\/\"},{\"@type\":\"ListItem\",\"position\":3,\"name\":\"RUF &#8211; CREME ESTIMULANTE DE ORGASMO FEMININO PARA ELA 30 ML\"}]},{\"@type\":\"WebSite\",\"@id\":\"https:\\\/\\\/lovme.pt\\\/#website\",\"url\":\"https:\\\/\\\/lovme.pt\\\/\",\"name\":\"Lovme Loja Er\u00f3tica N\u00ba1 em Portugal\",\"description\":\"A melhor loja er\u00f3tica de Portugal.\",\"alternateName\":\"Loja Er\u00f3tica Lovme\",\"potentialAction\":[{\"@type\":\"SearchAction\",\"target\":{\"@type\":\"EntryPoint\",\"urlTemplate\":\"https:\\\/\\\/lovme.pt\\\/?s={search_term_string}\"},\"query-input\":{\"@type\":\"PropertyValueSpecification\",\"valueRequired\":true,\"valueName\":\"search_term_string\"}}],\"inLanguage\":\"pt-PT\"}]}<\/script>\n<!-- \/ Yoast SEO plugin. -->","yoast_head_json":{"title":"RUF - CREME ESTIMULANTE DE ORGASMO FEMININO PARA ELA 30 ML - Lovme","robots":{"index":"index","follow":"follow","max-snippet":"max-snippet:-1","max-image-preview":"max-image-preview:large","max-video-preview":"max-video-preview:-1"},"canonical":"https:\/\/lovme.pt\/index.php\/produto\/ruf-creme-estimulante-de-orgasmo-feminino-para-ela-30-ml\/","og_locale":"pt_PT","og_type":"article","og_title":"RUF - CREME ESTIMULANTE DE ORGASMO FEMININO PARA ELA 30 ML - Lovme","og_description":"RUF - CREME ESTIMULANTE DE ORGASMO FEMININO PARA ELA 30 ML","og_url":"https:\/\/lovme.pt\/index.php\/produto\/ruf-creme-estimulante-de-orgasmo-feminino-para-ela-30-ml\/","og_site_name":"Lovme","article_modified_time":"2026-02-19T20:04:52+00:00","og_image":[{"width":800,"height":800,"url":"https:\/\/erki24nd3ub.exactdn.com\/wp-content\/uploads\/dream\/img\/img_188194_2121b09bfa46cfaa67552efa6774874d_1.jpg?strip=all","type":"image\/jpeg"}],"twitter_card":"summary_large_image","twitter_misc":{"Tempo estimado de leitura":"1 minuto"},"schema":{"@context":"https:\/\/schema.org","@graph":[{"@type":"WebPage","@id":"https:\/\/lovme.pt\/index.php\/produto\/ruf-creme-estimulante-de-orgasmo-feminino-para-ela-30-ml\/","url":"https:\/\/lovme.pt\/index.php\/produto\/ruf-creme-estimulante-de-orgasmo-feminino-para-ela-30-ml\/","name":"RUF - CREME ESTIMULANTE DE ORGASMO FEMININO PARA ELA 30 ML - Lovme","isPartOf":{"@id":"https:\/\/lovme.pt\/#website"},"primaryImageOfPage":{"@id":"https:\/\/lovme.pt\/index.php\/produto\/ruf-creme-estimulante-de-orgasmo-feminino-para-ela-30-ml\/#primaryimage"},"image":{"@id":"https:\/\/lovme.pt\/index.php\/produto\/ruf-creme-estimulante-de-orgasmo-feminino-para-ela-30-ml\/#primaryimage"},"thumbnailUrl":"https:\/\/erki24nd3ub.exactdn.com\/wp-content\/uploads\/dream\/img\/img_188194_2121b09bfa46cfaa67552efa6774874d_1.jpg?strip=all","datePublished":"2025-09-30T09:47:13+00:00","dateModified":"2026-02-19T20:04:52+00:00","breadcrumb":{"@id":"https:\/\/lovme.pt\/index.php\/produto\/ruf-creme-estimulante-de-orgasmo-feminino-para-ela-30-ml\/#breadcrumb"},"inLanguage":"pt-PT","potentialAction":[{"@type":"ReadAction","target":["https:\/\/lovme.pt\/index.php\/produto\/ruf-creme-estimulante-de-orgasmo-feminino-para-ela-30-ml\/"]}]},{"@type":"ImageObject","inLanguage":"pt-PT","@id":"https:\/\/lovme.pt\/index.php\/produto\/ruf-creme-estimulante-de-orgasmo-feminino-para-ela-30-ml\/#primaryimage","url":"https:\/\/erki24nd3ub.exactdn.com\/wp-content\/uploads\/dream\/img\/img_188194_2121b09bfa46cfaa67552efa6774874d_1.jpg?strip=all","contentUrl":"https:\/\/erki24nd3ub.exactdn.com\/wp-content\/uploads\/dream\/img\/img_188194_2121b09bfa46cfaa67552efa6774874d_1.jpg?strip=all","width":800,"height":800},{"@type":"BreadcrumbList","@id":"https:\/\/lovme.pt\/index.php\/produto\/ruf-creme-estimulante-de-orgasmo-feminino-para-ela-30-ml\/#breadcrumb","itemListElement":[{"@type":"ListItem","position":1,"name":"In\u00edcio","item":"https:\/\/lovme.pt\/"},{"@type":"ListItem","position":2,"name":"Loja","item":"https:\/\/lovme.pt\/index.php\/loja\/"},{"@type":"ListItem","position":3,"name":"RUF &#8211; CREME ESTIMULANTE DE ORGASMO FEMININO PARA ELA 30 ML"}]},{"@type":"WebSite","@id":"https:\/\/lovme.pt\/#website","url":"https:\/\/lovme.pt\/","name":"Lovme Loja Er\u00f3tica N\u00ba1 em Portugal","description":"A melhor loja er\u00f3tica de Portugal.","alternateName":"Loja Er\u00f3tica Lovme","potentialAction":[{"@type":"SearchAction","target":{"@type":"EntryPoint","urlTemplate":"https:\/\/lovme.pt\/?s={search_term_string}"},"query-input":{"@type":"PropertyValueSpecification","valueRequired":true,"valueName":"search_term_string"}}],"inLanguage":"pt-PT"}]}},"_links":{"self":[{"href":"https:\/\/lovme.pt\/index.php\/wp-json\/wp\/v2\/product\/50251","targetHints":{"allow":["GET"]}}],"collection":[{"href":"https:\/\/lovme.pt\/index.php\/wp-json\/wp\/v2\/product"}],"about":[{"href":"https:\/\/lovme.pt\/index.php\/wp-json\/wp\/v2\/types\/product"}],"wp:featuredmedia":[{"embeddable":true,"href":"https:\/\/lovme.pt\/index.php\/wp-json\/wp\/v2\/media\/57018"}],"wp:attachment":[{"href":"https:\/\/lovme.pt\/index.php\/wp-json\/wp\/v2\/media?parent=50251"}],"wp:term":[{"taxonomy":"product_brand","embeddable":true,"href":"https:\/\/lovme.pt\/index.php\/wp-json\/wp\/v2\/product_brand?post=50251"},{"taxonomy":"product_cat","embeddable":true,"href":"https:\/\/lovme.pt\/index.php\/wp-json\/wp\/v2\/product_cat?post=50251"},{"taxonomy":"product_tag","embeddable":true,"href":"https:\/\/lovme.pt\/index.php\/wp-json\/wp\/v2\/product_tag?post=50251"}],"curies":[{"name":"wp","href":"https:\/\/api.w.org\/{rel}","templated":true}]}}