{"id":50247,"date":"2025-09-30T22:20:04","date_gmt":"2025-09-30T22:20:04","guid":{"rendered":"https:\/\/lovme.pt\/?post_type=product&p=50247"},"modified":"2026-02-19T20:09:56","modified_gmt":"2026-02-19T20:09:56","slug":"ruf-taboo-male-delay-gel-retardante-para-homens-30-ml","status":"publish","type":"product","link":"https:\/\/lovme.pt\/index.php\/produto\/ruf-taboo-male-delay-gel-retardante-para-homens-30-ml\/","title":{"rendered":"RUF &#8211; TABOO MALE DELAY GEL RETARDANTE PARA HOMENS 30 ML"},"content":{"rendered":"<p><strong>Taboo Male Delay Gel<\/strong> \u00e9 um gel com a\u00e7\u00e3o calmante e relaxante para prolongar a ere\u00e7\u00e3o. Ele cont\u00e9m ingredientes naturais com propriedades refrescantes, como \u00f3leo Brahmi (Bacopa Monnieri, uma erva tradicional indiana) e \u00f3leo essencial de hortel\u00e3-pimenta. A sensa\u00e7\u00e3o relaxante pode ajudar a reduzir a sensa\u00e7\u00e3o do p\u00eanis. Taboo Male Delay tamb\u00e9m cont\u00e9m \u00f3leo de semente de girassol e aloe vera, que t\u00eam muitos benef\u00edcios para a pele e propriedades hidratantes e promotoras da pele.<\/p>\n<\/p>\n<p> <u><strong>CARACTER\u00cdSTICAS<\/strong><\/u> :<\/p>\n<ul>\n<li> Gel para retardar a ejacula\u00e7\u00e3o<\/li>\n<li> 30 ml<\/li>\n<li> Plantas: hortel\u00e3, \u00f3leo de girassol, aloe vera, alanto\u00edna, bacopa<\/li>\n<li> Ingredientes: \u00e1gua, \u00f3leo h\u00edbrido de helianthus annuus, poliacrilato de s\u00f3dio, triglicer\u00eddeo capr\u00edlico\/c\u00e1prico, glicerina, mentil pca, alanto\u00edna, \u00f3leo de mentha piperita, extrato de bacopa monnieri, extrato de folha de aloe barbadensis, fenoxietanol, etilhexilglicerina, \u00e1lcool benz\u00edlico, butilenoglicol, hidroxietilcelulose, clorfenesina, edetato tetrass\u00f3dico, tocoferol, \u00e1cido asc\u00f3rbico, sorbato de pot\u00e1ssio, benzoato de s\u00f3dio, \u00e1cido c\u00edtrico, limoneno, linalol.<\/li>\n<\/ul>\n","protected":false},"excerpt":{"rendered":"<p>RUF &#8211; TABOO MALE DELAY GEL RETARDANTE PARA HOMENS 30 ML<\/p>\n","protected":false},"featured_media":76906,"template":"","meta":{"_acf_changed":false},"product_brand":[],"product_cat":[49,52],"product_tag":[],"class_list":{"0":"post-50247","1":"product","2":"type-product","3":"status-publish","4":"has-post-thumbnail","6":"product_cat-cosmeticos","7":"product_cat-estimulantes","8":"yith_product_brand-ruf","10":"first","11":"instock","12":"taxable","13":"shipping-taxable","14":"purchasable","15":"product-type-simple"},"acf":[],"yoast_head":"<!-- This site is optimized with the Yoast SEO plugin v27.4 - https:\/\/yoast.com\/product\/yoast-seo-wordpress\/ -->\n<title>RUF - TABOO MALE DELAY GEL RETARDANTE PARA HOMENS 30 ML - Lovme<\/title>\n<meta name=\"robots\" content=\"index, follow, max-snippet:-1, max-image-preview:large, max-video-preview:-1\" \/>\n<link rel=\"canonical\" href=\"https:\/\/lovme.pt\/index.php\/produto\/ruf-taboo-male-delay-gel-retardante-para-homens-30-ml\/\" \/>\n<meta property=\"og:locale\" content=\"pt_PT\" \/>\n<meta property=\"og:type\" content=\"article\" \/>\n<meta property=\"og:title\" content=\"RUF - TABOO MALE DELAY GEL RETARDANTE PARA HOMENS 30 ML - Lovme\" \/>\n<meta property=\"og:description\" content=\"RUF - TABOO MALE DELAY GEL RETARDANTE PARA HOMENS 30 ML\" \/>\n<meta property=\"og:url\" content=\"https:\/\/lovme.pt\/index.php\/produto\/ruf-taboo-male-delay-gel-retardante-para-homens-30-ml\/\" \/>\n<meta property=\"og:site_name\" content=\"Lovme\" \/>\n<meta property=\"article:modified_time\" content=\"2026-02-19T20:09:56+00:00\" \/>\n<meta property=\"og:image\" content=\"https:\/\/erki24nd3ub.exactdn.com\/wp-content\/uploads\/dream\/img\/img_188241_f7003ac6997c2d15ce1ce85719feb085_1.jpg?strip=all\" \/>\n\t<meta property=\"og:image:width\" content=\"800\" \/>\n\t<meta property=\"og:image:height\" content=\"800\" \/>\n\t<meta property=\"og:image:type\" content=\"image\/jpeg\" \/>\n<meta name=\"twitter:card\" content=\"summary_large_image\" \/>\n<meta name=\"twitter:label1\" content=\"Tempo estimado de leitura\" \/>\n\t<meta name=\"twitter:data1\" content=\"1 minuto\" \/>\n<script type=\"application\/ld+json\" class=\"yoast-schema-graph\">{\"@context\":\"https:\\\/\\\/schema.org\",\"@graph\":[{\"@type\":\"WebPage\",\"@id\":\"https:\\\/\\\/lovme.pt\\\/index.php\\\/produto\\\/ruf-taboo-male-delay-gel-retardante-para-homens-30-ml\\\/\",\"url\":\"https:\\\/\\\/lovme.pt\\\/index.php\\\/produto\\\/ruf-taboo-male-delay-gel-retardante-para-homens-30-ml\\\/\",\"name\":\"RUF - TABOO MALE DELAY GEL RETARDANTE PARA HOMENS 30 ML - Lovme\",\"isPartOf\":{\"@id\":\"https:\\\/\\\/lovme.pt\\\/#website\"},\"primaryImageOfPage\":{\"@id\":\"https:\\\/\\\/lovme.pt\\\/index.php\\\/produto\\\/ruf-taboo-male-delay-gel-retardante-para-homens-30-ml\\\/#primaryimage\"},\"image\":{\"@id\":\"https:\\\/\\\/lovme.pt\\\/index.php\\\/produto\\\/ruf-taboo-male-delay-gel-retardante-para-homens-30-ml\\\/#primaryimage\"},\"thumbnailUrl\":\"https:\\\/\\\/erki24nd3ub.exactdn.com\\\/wp-content\\\/uploads\\\/dream\\\/img\\\/img_188241_f7003ac6997c2d15ce1ce85719feb085_1.jpg?strip=all\",\"datePublished\":\"2025-09-30T22:20:04+00:00\",\"dateModified\":\"2026-02-19T20:09:56+00:00\",\"breadcrumb\":{\"@id\":\"https:\\\/\\\/lovme.pt\\\/index.php\\\/produto\\\/ruf-taboo-male-delay-gel-retardante-para-homens-30-ml\\\/#breadcrumb\"},\"inLanguage\":\"pt-PT\",\"potentialAction\":[{\"@type\":\"ReadAction\",\"target\":[\"https:\\\/\\\/lovme.pt\\\/index.php\\\/produto\\\/ruf-taboo-male-delay-gel-retardante-para-homens-30-ml\\\/\"]}]},{\"@type\":\"ImageObject\",\"inLanguage\":\"pt-PT\",\"@id\":\"https:\\\/\\\/lovme.pt\\\/index.php\\\/produto\\\/ruf-taboo-male-delay-gel-retardante-para-homens-30-ml\\\/#primaryimage\",\"url\":\"https:\\\/\\\/erki24nd3ub.exactdn.com\\\/wp-content\\\/uploads\\\/dream\\\/img\\\/img_188241_f7003ac6997c2d15ce1ce85719feb085_1.jpg?strip=all\",\"contentUrl\":\"https:\\\/\\\/erki24nd3ub.exactdn.com\\\/wp-content\\\/uploads\\\/dream\\\/img\\\/img_188241_f7003ac6997c2d15ce1ce85719feb085_1.jpg?strip=all\",\"width\":800,\"height\":800},{\"@type\":\"BreadcrumbList\",\"@id\":\"https:\\\/\\\/lovme.pt\\\/index.php\\\/produto\\\/ruf-taboo-male-delay-gel-retardante-para-homens-30-ml\\\/#breadcrumb\",\"itemListElement\":[{\"@type\":\"ListItem\",\"position\":1,\"name\":\"In\u00edcio\",\"item\":\"https:\\\/\\\/lovme.pt\\\/\"},{\"@type\":\"ListItem\",\"position\":2,\"name\":\"Loja\",\"item\":\"https:\\\/\\\/lovme.pt\\\/index.php\\\/loja\\\/\"},{\"@type\":\"ListItem\",\"position\":3,\"name\":\"RUF &#8211; TABOO MALE DELAY GEL RETARDANTE PARA HOMENS 30 ML\"}]},{\"@type\":\"WebSite\",\"@id\":\"https:\\\/\\\/lovme.pt\\\/#website\",\"url\":\"https:\\\/\\\/lovme.pt\\\/\",\"name\":\"Lovme Loja Er\u00f3tica N\u00ba1 em Portugal\",\"description\":\"A melhor loja er\u00f3tica de Portugal.\",\"alternateName\":\"Loja Er\u00f3tica Lovme\",\"potentialAction\":[{\"@type\":\"SearchAction\",\"target\":{\"@type\":\"EntryPoint\",\"urlTemplate\":\"https:\\\/\\\/lovme.pt\\\/?s={search_term_string}\"},\"query-input\":{\"@type\":\"PropertyValueSpecification\",\"valueRequired\":true,\"valueName\":\"search_term_string\"}}],\"inLanguage\":\"pt-PT\"}]}<\/script>\n<!-- \/ Yoast SEO plugin. -->","yoast_head_json":{"title":"RUF - TABOO MALE DELAY GEL RETARDANTE PARA HOMENS 30 ML - Lovme","robots":{"index":"index","follow":"follow","max-snippet":"max-snippet:-1","max-image-preview":"max-image-preview:large","max-video-preview":"max-video-preview:-1"},"canonical":"https:\/\/lovme.pt\/index.php\/produto\/ruf-taboo-male-delay-gel-retardante-para-homens-30-ml\/","og_locale":"pt_PT","og_type":"article","og_title":"RUF - TABOO MALE DELAY GEL RETARDANTE PARA HOMENS 30 ML - Lovme","og_description":"RUF - TABOO MALE DELAY GEL RETARDANTE PARA HOMENS 30 ML","og_url":"https:\/\/lovme.pt\/index.php\/produto\/ruf-taboo-male-delay-gel-retardante-para-homens-30-ml\/","og_site_name":"Lovme","article_modified_time":"2026-02-19T20:09:56+00:00","og_image":[{"width":800,"height":800,"url":"https:\/\/erki24nd3ub.exactdn.com\/wp-content\/uploads\/dream\/img\/img_188241_f7003ac6997c2d15ce1ce85719feb085_1.jpg?strip=all","type":"image\/jpeg"}],"twitter_card":"summary_large_image","twitter_misc":{"Tempo estimado de leitura":"1 minuto"},"schema":{"@context":"https:\/\/schema.org","@graph":[{"@type":"WebPage","@id":"https:\/\/lovme.pt\/index.php\/produto\/ruf-taboo-male-delay-gel-retardante-para-homens-30-ml\/","url":"https:\/\/lovme.pt\/index.php\/produto\/ruf-taboo-male-delay-gel-retardante-para-homens-30-ml\/","name":"RUF - TABOO MALE DELAY GEL RETARDANTE PARA HOMENS 30 ML - Lovme","isPartOf":{"@id":"https:\/\/lovme.pt\/#website"},"primaryImageOfPage":{"@id":"https:\/\/lovme.pt\/index.php\/produto\/ruf-taboo-male-delay-gel-retardante-para-homens-30-ml\/#primaryimage"},"image":{"@id":"https:\/\/lovme.pt\/index.php\/produto\/ruf-taboo-male-delay-gel-retardante-para-homens-30-ml\/#primaryimage"},"thumbnailUrl":"https:\/\/erki24nd3ub.exactdn.com\/wp-content\/uploads\/dream\/img\/img_188241_f7003ac6997c2d15ce1ce85719feb085_1.jpg?strip=all","datePublished":"2025-09-30T22:20:04+00:00","dateModified":"2026-02-19T20:09:56+00:00","breadcrumb":{"@id":"https:\/\/lovme.pt\/index.php\/produto\/ruf-taboo-male-delay-gel-retardante-para-homens-30-ml\/#breadcrumb"},"inLanguage":"pt-PT","potentialAction":[{"@type":"ReadAction","target":["https:\/\/lovme.pt\/index.php\/produto\/ruf-taboo-male-delay-gel-retardante-para-homens-30-ml\/"]}]},{"@type":"ImageObject","inLanguage":"pt-PT","@id":"https:\/\/lovme.pt\/index.php\/produto\/ruf-taboo-male-delay-gel-retardante-para-homens-30-ml\/#primaryimage","url":"https:\/\/erki24nd3ub.exactdn.com\/wp-content\/uploads\/dream\/img\/img_188241_f7003ac6997c2d15ce1ce85719feb085_1.jpg?strip=all","contentUrl":"https:\/\/erki24nd3ub.exactdn.com\/wp-content\/uploads\/dream\/img\/img_188241_f7003ac6997c2d15ce1ce85719feb085_1.jpg?strip=all","width":800,"height":800},{"@type":"BreadcrumbList","@id":"https:\/\/lovme.pt\/index.php\/produto\/ruf-taboo-male-delay-gel-retardante-para-homens-30-ml\/#breadcrumb","itemListElement":[{"@type":"ListItem","position":1,"name":"In\u00edcio","item":"https:\/\/lovme.pt\/"},{"@type":"ListItem","position":2,"name":"Loja","item":"https:\/\/lovme.pt\/index.php\/loja\/"},{"@type":"ListItem","position":3,"name":"RUF &#8211; TABOO MALE DELAY GEL RETARDANTE PARA HOMENS 30 ML"}]},{"@type":"WebSite","@id":"https:\/\/lovme.pt\/#website","url":"https:\/\/lovme.pt\/","name":"Lovme Loja Er\u00f3tica N\u00ba1 em Portugal","description":"A melhor loja er\u00f3tica de Portugal.","alternateName":"Loja Er\u00f3tica Lovme","potentialAction":[{"@type":"SearchAction","target":{"@type":"EntryPoint","urlTemplate":"https:\/\/lovme.pt\/?s={search_term_string}"},"query-input":{"@type":"PropertyValueSpecification","valueRequired":true,"valueName":"search_term_string"}}],"inLanguage":"pt-PT"}]}},"_links":{"self":[{"href":"https:\/\/lovme.pt\/index.php\/wp-json\/wp\/v2\/product\/50247","targetHints":{"allow":["GET"]}}],"collection":[{"href":"https:\/\/lovme.pt\/index.php\/wp-json\/wp\/v2\/product"}],"about":[{"href":"https:\/\/lovme.pt\/index.php\/wp-json\/wp\/v2\/types\/product"}],"wp:featuredmedia":[{"embeddable":true,"href":"https:\/\/lovme.pt\/index.php\/wp-json\/wp\/v2\/media\/76906"}],"wp:attachment":[{"href":"https:\/\/lovme.pt\/index.php\/wp-json\/wp\/v2\/media?parent=50247"}],"wp:term":[{"taxonomy":"product_brand","embeddable":true,"href":"https:\/\/lovme.pt\/index.php\/wp-json\/wp\/v2\/product_brand?post=50247"},{"taxonomy":"product_cat","embeddable":true,"href":"https:\/\/lovme.pt\/index.php\/wp-json\/wp\/v2\/product_cat?post=50247"},{"taxonomy":"product_tag","embeddable":true,"href":"https:\/\/lovme.pt\/index.php\/wp-json\/wp\/v2\/product_tag?post=50247"}],"curies":[{"name":"wp","href":"https:\/\/api.w.org\/{rel}","templated":true}]}}