{"id":50196,"date":"2025-09-30T22:23:33","date_gmt":"2025-09-30T22:23:33","guid":{"rendered":"https:\/\/lovme.pt\/?post_type=product&p=50196"},"modified":"2026-04-01T05:40:09","modified_gmt":"2026-04-01T05:40:09","slug":"500-cosmetics-u-woman-aumenta-a-libido-feminina-30-capsulas","status":"publish","type":"product","link":"https:\/\/lovme.pt\/index.php\/produto\/500-cosmetics-u-woman-aumenta-a-libido-feminina-30-capsulas\/","title":{"rendered":"500 COSMETICS &#8211; U-WOMAN AUMENTA A LIBIDO FEMININA &#8211; 30 C\u00c1PSULAS"},"content":{"rendered":"<p><span style=\"font-size: 13px;\">U-WOMAN<\/span> \u00e9 um suplemento alimentar desenvolvido para aumentar a libido feminina.<\/p>\n<p>\u00c9 um intensificador de desejo sexual composto por ingredientes naturais que promovem o equil\u00edbrio hormonal e melhoram a excita\u00e7\u00e3o, aumentando a lubrifica\u00e7\u00e3o vaginal e a sensibilidade na \u00e1rea \u00edntima.<\/p>\n<p>Tamb\u00e9m \u00e9 recomendado para a fase da menopausa, pois melhora os n\u00edveis de estrog\u00eanio. Os componentes naturais que comp\u00f5em as p\u00edlulas U-Libido ajudam a melhorar a circula\u00e7\u00e3o sangu\u00ednea, produzindo relaxamento na \u00e1rea \u00edntima que aumenta a lubrifica\u00e7\u00e3o e o relaxamento, causando assim um aumento da libido e melhorando poss\u00edveis problemas de falta de desejo sexual.<\/p>\n<p>Isso torna as rela\u00e7\u00f5es sexuais muito mais prazerosas gra\u00e7as ao seu efeito afrodis\u00edaco e estimulante.<\/p>\n<p>Tamb\u00e9m reduz a secura vaginal e aumenta a energia sexual, conseguindo, ao contr\u00e1rio de outros produtos, uma melhora natural na libido feminina. Tamb\u00e9m melhora os n\u00edveis hormonais que est\u00e3o desequilibrados devido \u00e0 chegada da menopausa.<\/p>\n<p><strong>Dosagem:<\/strong> um comprimido deve ser tomado diariamente. U-Libido Pills \u00e9 um suplemento nutricional que n\u00e3o melhora seus efeitos quando tomado em grandes quantidades. Caso contr\u00e1rio, pode sair pela culatra.<\/p>\n<p><strong>Quando tomar:<\/strong> Recomenda-se tomar as p\u00edlulas U-Libido de manh\u00e3 ou \u00e0 noite.<\/p>\n","protected":false},"excerpt":{"rendered":"<p>500 COSMETICS &#8211; U-WOMAN AUMENTA A LIBIDO FEMININA &#8211; 30 C\u00c1PSULAS<\/p>\n","protected":false},"featured_media":77401,"template":"","meta":{"_acf_changed":false},"product_brand":[],"product_cat":[49,52,70],"product_tag":[],"class_list":{"0":"post-50196","1":"product","2":"type-product","3":"status-publish","4":"has-post-thumbnail","6":"product_cat-cosmeticos","7":"product_cat-estimulantes","8":"product_cat-saude","9":"yith_product_brand-500cosmetics","11":"first","12":"instock","13":"taxable","14":"shipping-taxable","15":"purchasable","16":"product-type-simple"},"acf":[],"yoast_head":"<!-- This site is optimized with the Yoast SEO plugin v27.4 - https:\/\/yoast.com\/product\/yoast-seo-wordpress\/ -->\n<title>500 COSMETICS - U-WOMAN AUMENTA A LIBIDO FEMININA - 30 C\u00c1PSULAS - Lovme<\/title>\n<meta name=\"robots\" content=\"index, follow, max-snippet:-1, max-image-preview:large, max-video-preview:-1\" \/>\n<link rel=\"canonical\" href=\"https:\/\/lovme.pt\/index.php\/produto\/500-cosmetics-u-woman-aumenta-a-libido-feminina-30-capsulas\/\" \/>\n<meta property=\"og:locale\" content=\"pt_PT\" \/>\n<meta property=\"og:type\" content=\"article\" \/>\n<meta property=\"og:title\" content=\"500 COSMETICS - U-WOMAN AUMENTA A LIBIDO FEMININA - 30 C\u00c1PSULAS - Lovme\" \/>\n<meta property=\"og:description\" content=\"500 COSMETICS - U-WOMAN AUMENTA A LIBIDO FEMININA - 30 C\u00c1PSULAS\" \/>\n<meta property=\"og:url\" content=\"https:\/\/lovme.pt\/index.php\/produto\/500-cosmetics-u-woman-aumenta-a-libido-feminina-30-capsulas\/\" \/>\n<meta property=\"og:site_name\" content=\"Lovme\" \/>\n<meta property=\"article:modified_time\" content=\"2026-04-01T05:40:09+00:00\" \/>\n<meta property=\"og:image\" content=\"https:\/\/erki24nd3ub.exactdn.com\/wp-content\/uploads\/dream\/img\/img_203509_7ad75ce96a3ca7a78c28358efd2641b6_1.jpg?strip=all\" \/>\n\t<meta property=\"og:image:width\" content=\"900\" \/>\n\t<meta property=\"og:image:height\" content=\"900\" \/>\n\t<meta property=\"og:image:type\" content=\"image\/jpeg\" \/>\n<meta name=\"twitter:card\" content=\"summary_large_image\" \/>\n<meta name=\"twitter:label1\" content=\"Tempo estimado de leitura\" \/>\n\t<meta name=\"twitter:data1\" content=\"1 minuto\" \/>\n<script type=\"application\/ld+json\" class=\"yoast-schema-graph\">{\"@context\":\"https:\\\/\\\/schema.org\",\"@graph\":[{\"@type\":\"WebPage\",\"@id\":\"https:\\\/\\\/lovme.pt\\\/index.php\\\/produto\\\/500-cosmetics-u-woman-aumenta-a-libido-feminina-30-capsulas\\\/\",\"url\":\"https:\\\/\\\/lovme.pt\\\/index.php\\\/produto\\\/500-cosmetics-u-woman-aumenta-a-libido-feminina-30-capsulas\\\/\",\"name\":\"500 COSMETICS - U-WOMAN AUMENTA A LIBIDO FEMININA - 30 C\u00c1PSULAS - Lovme\",\"isPartOf\":{\"@id\":\"https:\\\/\\\/lovme.pt\\\/#website\"},\"primaryImageOfPage\":{\"@id\":\"https:\\\/\\\/lovme.pt\\\/index.php\\\/produto\\\/500-cosmetics-u-woman-aumenta-a-libido-feminina-30-capsulas\\\/#primaryimage\"},\"image\":{\"@id\":\"https:\\\/\\\/lovme.pt\\\/index.php\\\/produto\\\/500-cosmetics-u-woman-aumenta-a-libido-feminina-30-capsulas\\\/#primaryimage\"},\"thumbnailUrl\":\"https:\\\/\\\/erki24nd3ub.exactdn.com\\\/wp-content\\\/uploads\\\/dream\\\/img\\\/img_203509_7ad75ce96a3ca7a78c28358efd2641b6_1.jpg?strip=all\",\"datePublished\":\"2025-09-30T22:23:33+00:00\",\"dateModified\":\"2026-04-01T05:40:09+00:00\",\"breadcrumb\":{\"@id\":\"https:\\\/\\\/lovme.pt\\\/index.php\\\/produto\\\/500-cosmetics-u-woman-aumenta-a-libido-feminina-30-capsulas\\\/#breadcrumb\"},\"inLanguage\":\"pt-PT\",\"potentialAction\":[{\"@type\":\"ReadAction\",\"target\":[\"https:\\\/\\\/lovme.pt\\\/index.php\\\/produto\\\/500-cosmetics-u-woman-aumenta-a-libido-feminina-30-capsulas\\\/\"]}]},{\"@type\":\"ImageObject\",\"inLanguage\":\"pt-PT\",\"@id\":\"https:\\\/\\\/lovme.pt\\\/index.php\\\/produto\\\/500-cosmetics-u-woman-aumenta-a-libido-feminina-30-capsulas\\\/#primaryimage\",\"url\":\"https:\\\/\\\/erki24nd3ub.exactdn.com\\\/wp-content\\\/uploads\\\/dream\\\/img\\\/img_203509_7ad75ce96a3ca7a78c28358efd2641b6_1.jpg?strip=all\",\"contentUrl\":\"https:\\\/\\\/erki24nd3ub.exactdn.com\\\/wp-content\\\/uploads\\\/dream\\\/img\\\/img_203509_7ad75ce96a3ca7a78c28358efd2641b6_1.jpg?strip=all\",\"width\":900,\"height\":900},{\"@type\":\"BreadcrumbList\",\"@id\":\"https:\\\/\\\/lovme.pt\\\/index.php\\\/produto\\\/500-cosmetics-u-woman-aumenta-a-libido-feminina-30-capsulas\\\/#breadcrumb\",\"itemListElement\":[{\"@type\":\"ListItem\",\"position\":1,\"name\":\"In\u00edcio\",\"item\":\"https:\\\/\\\/lovme.pt\\\/\"},{\"@type\":\"ListItem\",\"position\":2,\"name\":\"Loja\",\"item\":\"https:\\\/\\\/lovme.pt\\\/index.php\\\/loja\\\/\"},{\"@type\":\"ListItem\",\"position\":3,\"name\":\"500 COSMETICS &#8211; U-WOMAN AUMENTA A LIBIDO FEMININA &#8211; 30 C\u00c1PSULAS\"}]},{\"@type\":\"WebSite\",\"@id\":\"https:\\\/\\\/lovme.pt\\\/#website\",\"url\":\"https:\\\/\\\/lovme.pt\\\/\",\"name\":\"Lovme Loja Er\u00f3tica N\u00ba1 em Portugal\",\"description\":\"A melhor loja er\u00f3tica de Portugal.\",\"alternateName\":\"Loja Er\u00f3tica Lovme\",\"potentialAction\":[{\"@type\":\"SearchAction\",\"target\":{\"@type\":\"EntryPoint\",\"urlTemplate\":\"https:\\\/\\\/lovme.pt\\\/?s={search_term_string}\"},\"query-input\":{\"@type\":\"PropertyValueSpecification\",\"valueRequired\":true,\"valueName\":\"search_term_string\"}}],\"inLanguage\":\"pt-PT\"}]}<\/script>\n<!-- \/ Yoast SEO plugin. -->","yoast_head_json":{"title":"500 COSMETICS - U-WOMAN AUMENTA A LIBIDO FEMININA - 30 C\u00c1PSULAS - Lovme","robots":{"index":"index","follow":"follow","max-snippet":"max-snippet:-1","max-image-preview":"max-image-preview:large","max-video-preview":"max-video-preview:-1"},"canonical":"https:\/\/lovme.pt\/index.php\/produto\/500-cosmetics-u-woman-aumenta-a-libido-feminina-30-capsulas\/","og_locale":"pt_PT","og_type":"article","og_title":"500 COSMETICS - U-WOMAN AUMENTA A LIBIDO FEMININA - 30 C\u00c1PSULAS - Lovme","og_description":"500 COSMETICS - U-WOMAN AUMENTA A LIBIDO FEMININA - 30 C\u00c1PSULAS","og_url":"https:\/\/lovme.pt\/index.php\/produto\/500-cosmetics-u-woman-aumenta-a-libido-feminina-30-capsulas\/","og_site_name":"Lovme","article_modified_time":"2026-04-01T05:40:09+00:00","og_image":[{"width":900,"height":900,"url":"https:\/\/erki24nd3ub.exactdn.com\/wp-content\/uploads\/dream\/img\/img_203509_7ad75ce96a3ca7a78c28358efd2641b6_1.jpg?strip=all","type":"image\/jpeg"}],"twitter_card":"summary_large_image","twitter_misc":{"Tempo estimado de leitura":"1 minuto"},"schema":{"@context":"https:\/\/schema.org","@graph":[{"@type":"WebPage","@id":"https:\/\/lovme.pt\/index.php\/produto\/500-cosmetics-u-woman-aumenta-a-libido-feminina-30-capsulas\/","url":"https:\/\/lovme.pt\/index.php\/produto\/500-cosmetics-u-woman-aumenta-a-libido-feminina-30-capsulas\/","name":"500 COSMETICS - U-WOMAN AUMENTA A LIBIDO FEMININA - 30 C\u00c1PSULAS - Lovme","isPartOf":{"@id":"https:\/\/lovme.pt\/#website"},"primaryImageOfPage":{"@id":"https:\/\/lovme.pt\/index.php\/produto\/500-cosmetics-u-woman-aumenta-a-libido-feminina-30-capsulas\/#primaryimage"},"image":{"@id":"https:\/\/lovme.pt\/index.php\/produto\/500-cosmetics-u-woman-aumenta-a-libido-feminina-30-capsulas\/#primaryimage"},"thumbnailUrl":"https:\/\/erki24nd3ub.exactdn.com\/wp-content\/uploads\/dream\/img\/img_203509_7ad75ce96a3ca7a78c28358efd2641b6_1.jpg?strip=all","datePublished":"2025-09-30T22:23:33+00:00","dateModified":"2026-04-01T05:40:09+00:00","breadcrumb":{"@id":"https:\/\/lovme.pt\/index.php\/produto\/500-cosmetics-u-woman-aumenta-a-libido-feminina-30-capsulas\/#breadcrumb"},"inLanguage":"pt-PT","potentialAction":[{"@type":"ReadAction","target":["https:\/\/lovme.pt\/index.php\/produto\/500-cosmetics-u-woman-aumenta-a-libido-feminina-30-capsulas\/"]}]},{"@type":"ImageObject","inLanguage":"pt-PT","@id":"https:\/\/lovme.pt\/index.php\/produto\/500-cosmetics-u-woman-aumenta-a-libido-feminina-30-capsulas\/#primaryimage","url":"https:\/\/erki24nd3ub.exactdn.com\/wp-content\/uploads\/dream\/img\/img_203509_7ad75ce96a3ca7a78c28358efd2641b6_1.jpg?strip=all","contentUrl":"https:\/\/erki24nd3ub.exactdn.com\/wp-content\/uploads\/dream\/img\/img_203509_7ad75ce96a3ca7a78c28358efd2641b6_1.jpg?strip=all","width":900,"height":900},{"@type":"BreadcrumbList","@id":"https:\/\/lovme.pt\/index.php\/produto\/500-cosmetics-u-woman-aumenta-a-libido-feminina-30-capsulas\/#breadcrumb","itemListElement":[{"@type":"ListItem","position":1,"name":"In\u00edcio","item":"https:\/\/lovme.pt\/"},{"@type":"ListItem","position":2,"name":"Loja","item":"https:\/\/lovme.pt\/index.php\/loja\/"},{"@type":"ListItem","position":3,"name":"500 COSMETICS &#8211; U-WOMAN AUMENTA A LIBIDO FEMININA &#8211; 30 C\u00c1PSULAS"}]},{"@type":"WebSite","@id":"https:\/\/lovme.pt\/#website","url":"https:\/\/lovme.pt\/","name":"Lovme Loja Er\u00f3tica N\u00ba1 em Portugal","description":"A melhor loja er\u00f3tica de Portugal.","alternateName":"Loja Er\u00f3tica Lovme","potentialAction":[{"@type":"SearchAction","target":{"@type":"EntryPoint","urlTemplate":"https:\/\/lovme.pt\/?s={search_term_string}"},"query-input":{"@type":"PropertyValueSpecification","valueRequired":true,"valueName":"search_term_string"}}],"inLanguage":"pt-PT"}]}},"_links":{"self":[{"href":"https:\/\/lovme.pt\/index.php\/wp-json\/wp\/v2\/product\/50196","targetHints":{"allow":["GET"]}}],"collection":[{"href":"https:\/\/lovme.pt\/index.php\/wp-json\/wp\/v2\/product"}],"about":[{"href":"https:\/\/lovme.pt\/index.php\/wp-json\/wp\/v2\/types\/product"}],"wp:featuredmedia":[{"embeddable":true,"href":"https:\/\/lovme.pt\/index.php\/wp-json\/wp\/v2\/media\/77401"}],"wp:attachment":[{"href":"https:\/\/lovme.pt\/index.php\/wp-json\/wp\/v2\/media?parent=50196"}],"wp:term":[{"taxonomy":"product_brand","embeddable":true,"href":"https:\/\/lovme.pt\/index.php\/wp-json\/wp\/v2\/product_brand?post=50196"},{"taxonomy":"product_cat","embeddable":true,"href":"https:\/\/lovme.pt\/index.php\/wp-json\/wp\/v2\/product_cat?post=50196"},{"taxonomy":"product_tag","embeddable":true,"href":"https:\/\/lovme.pt\/index.php\/wp-json\/wp\/v2\/product_tag?post=50196"}],"curies":[{"name":"wp","href":"https:\/\/api.w.org\/{rel}","templated":true}]}}