{"id":50186,"date":"2025-09-30T22:21:43","date_gmt":"2025-09-30T22:21:43","guid":{"rendered":"https:\/\/lovme.pt\/?post_type=product&p=50186"},"modified":"2026-02-19T20:11:16","modified_gmt":"2026-02-19T20:11:16","slug":"500-cosmetics-uscar-u-skin-gel-curativo-para-todos-os-tipos-de-pele-tatuada","status":"publish","type":"product","link":"https:\/\/lovme.pt\/index.php\/produto\/500-cosmetics-uscar-u-skin-gel-curativo-para-todos-os-tipos-de-pele-tatuada\/","title":{"rendered":"500 COSMETICS &#8211; USCAR U-SKIN GEL CURATIVO PARA TODOS OS TIPOS DE PELE TATUADA"},"content":{"rendered":"<p>Gel regenerador da pele, recomendado para pele tatuada.<\/p>\n<p>Destaques<\/p>\n<ul>\n<li>Auxilia no processo de regenera\u00e7\u00e3o e cicatriza\u00e7\u00e3o da pele<\/li>\n<li>Protege a pele e estimula a produ\u00e7\u00e3o de col\u00e1geno e elastina<\/li>\n<\/ul>\n<p>Testado dermatologicamente para reduzir a apar\u00eancia de cicatrizes recentes<\/p>\n","protected":false},"excerpt":{"rendered":"<p>500 COSMETICS &#8211; USCAR U-SKIN GEL CURATIVO PARA TODOS OS TIPOS DE PELE TATUADA<\/p>\n","protected":false},"featured_media":77133,"template":"","meta":{"_acf_changed":false},"product_brand":[],"product_cat":[49,51],"product_tag":[],"class_list":{"0":"post-50186","1":"product","2":"type-product","3":"status-publish","4":"has-post-thumbnail","6":"product_cat-cosmeticos","7":"product_cat-oleos-de-massagem","8":"yith_product_brand-500cosmetics","10":"first","11":"instock","12":"taxable","13":"shipping-taxable","14":"purchasable","15":"product-type-simple"},"acf":[],"yoast_head":"<!-- This site is optimized with the Yoast SEO plugin v27.4 - https:\/\/yoast.com\/product\/yoast-seo-wordpress\/ -->\n<title>500 COSMETICS - USCAR U-SKIN GEL CURATIVO PARA TODOS OS TIPOS DE PELE TATUADA - Lovme<\/title>\n<meta name=\"robots\" content=\"index, follow, max-snippet:-1, max-image-preview:large, max-video-preview:-1\" \/>\n<link rel=\"canonical\" href=\"https:\/\/lovme.pt\/index.php\/produto\/500-cosmetics-uscar-u-skin-gel-curativo-para-todos-os-tipos-de-pele-tatuada\/\" \/>\n<meta property=\"og:locale\" content=\"pt_PT\" \/>\n<meta property=\"og:type\" content=\"article\" \/>\n<meta property=\"og:title\" content=\"500 COSMETICS - USCAR U-SKIN GEL CURATIVO PARA TODOS OS TIPOS DE PELE TATUADA - Lovme\" \/>\n<meta property=\"og:description\" content=\"500 COSMETICS - USCAR U-SKIN GEL CURATIVO PARA TODOS OS TIPOS DE PELE TATUADA\" \/>\n<meta property=\"og:url\" content=\"https:\/\/lovme.pt\/index.php\/produto\/500-cosmetics-uscar-u-skin-gel-curativo-para-todos-os-tipos-de-pele-tatuada\/\" \/>\n<meta property=\"og:site_name\" content=\"Lovme\" \/>\n<meta property=\"article:modified_time\" content=\"2026-02-19T20:11:16+00:00\" \/>\n<meta property=\"og:image\" content=\"https:\/\/erki24nd3ub.exactdn.com\/wp-content\/uploads\/dream\/img\/img_187902_26bb92372a85d6b09430473aada31ece_1.jpg?strip=all\" \/>\n\t<meta property=\"og:image:width\" content=\"800\" \/>\n\t<meta property=\"og:image:height\" content=\"800\" \/>\n\t<meta property=\"og:image:type\" content=\"image\/jpeg\" \/>\n<meta name=\"twitter:card\" content=\"summary_large_image\" \/>\n<script type=\"application\/ld+json\" class=\"yoast-schema-graph\">{\"@context\":\"https:\\\/\\\/schema.org\",\"@graph\":[{\"@type\":\"WebPage\",\"@id\":\"https:\\\/\\\/lovme.pt\\\/index.php\\\/produto\\\/500-cosmetics-uscar-u-skin-gel-curativo-para-todos-os-tipos-de-pele-tatuada\\\/\",\"url\":\"https:\\\/\\\/lovme.pt\\\/index.php\\\/produto\\\/500-cosmetics-uscar-u-skin-gel-curativo-para-todos-os-tipos-de-pele-tatuada\\\/\",\"name\":\"500 COSMETICS - USCAR U-SKIN GEL CURATIVO PARA TODOS OS TIPOS DE PELE TATUADA - Lovme\",\"isPartOf\":{\"@id\":\"https:\\\/\\\/lovme.pt\\\/#website\"},\"primaryImageOfPage\":{\"@id\":\"https:\\\/\\\/lovme.pt\\\/index.php\\\/produto\\\/500-cosmetics-uscar-u-skin-gel-curativo-para-todos-os-tipos-de-pele-tatuada\\\/#primaryimage\"},\"image\":{\"@id\":\"https:\\\/\\\/lovme.pt\\\/index.php\\\/produto\\\/500-cosmetics-uscar-u-skin-gel-curativo-para-todos-os-tipos-de-pele-tatuada\\\/#primaryimage\"},\"thumbnailUrl\":\"https:\\\/\\\/erki24nd3ub.exactdn.com\\\/wp-content\\\/uploads\\\/dream\\\/img\\\/img_187902_26bb92372a85d6b09430473aada31ece_1.jpg?strip=all\",\"datePublished\":\"2025-09-30T22:21:43+00:00\",\"dateModified\":\"2026-02-19T20:11:16+00:00\",\"breadcrumb\":{\"@id\":\"https:\\\/\\\/lovme.pt\\\/index.php\\\/produto\\\/500-cosmetics-uscar-u-skin-gel-curativo-para-todos-os-tipos-de-pele-tatuada\\\/#breadcrumb\"},\"inLanguage\":\"pt-PT\",\"potentialAction\":[{\"@type\":\"ReadAction\",\"target\":[\"https:\\\/\\\/lovme.pt\\\/index.php\\\/produto\\\/500-cosmetics-uscar-u-skin-gel-curativo-para-todos-os-tipos-de-pele-tatuada\\\/\"]}]},{\"@type\":\"ImageObject\",\"inLanguage\":\"pt-PT\",\"@id\":\"https:\\\/\\\/lovme.pt\\\/index.php\\\/produto\\\/500-cosmetics-uscar-u-skin-gel-curativo-para-todos-os-tipos-de-pele-tatuada\\\/#primaryimage\",\"url\":\"https:\\\/\\\/erki24nd3ub.exactdn.com\\\/wp-content\\\/uploads\\\/dream\\\/img\\\/img_187902_26bb92372a85d6b09430473aada31ece_1.jpg?strip=all\",\"contentUrl\":\"https:\\\/\\\/erki24nd3ub.exactdn.com\\\/wp-content\\\/uploads\\\/dream\\\/img\\\/img_187902_26bb92372a85d6b09430473aada31ece_1.jpg?strip=all\",\"width\":800,\"height\":800},{\"@type\":\"BreadcrumbList\",\"@id\":\"https:\\\/\\\/lovme.pt\\\/index.php\\\/produto\\\/500-cosmetics-uscar-u-skin-gel-curativo-para-todos-os-tipos-de-pele-tatuada\\\/#breadcrumb\",\"itemListElement\":[{\"@type\":\"ListItem\",\"position\":1,\"name\":\"In\u00edcio\",\"item\":\"https:\\\/\\\/lovme.pt\\\/\"},{\"@type\":\"ListItem\",\"position\":2,\"name\":\"Loja\",\"item\":\"https:\\\/\\\/lovme.pt\\\/index.php\\\/loja\\\/\"},{\"@type\":\"ListItem\",\"position\":3,\"name\":\"500 COSMETICS &#8211; USCAR U-SKIN GEL CURATIVO PARA TODOS OS TIPOS DE PELE TATUADA\"}]},{\"@type\":\"WebSite\",\"@id\":\"https:\\\/\\\/lovme.pt\\\/#website\",\"url\":\"https:\\\/\\\/lovme.pt\\\/\",\"name\":\"Lovme Loja Er\u00f3tica N\u00ba1 em Portugal\",\"description\":\"A melhor loja er\u00f3tica de Portugal.\",\"alternateName\":\"Loja Er\u00f3tica Lovme\",\"potentialAction\":[{\"@type\":\"SearchAction\",\"target\":{\"@type\":\"EntryPoint\",\"urlTemplate\":\"https:\\\/\\\/lovme.pt\\\/?s={search_term_string}\"},\"query-input\":{\"@type\":\"PropertyValueSpecification\",\"valueRequired\":true,\"valueName\":\"search_term_string\"}}],\"inLanguage\":\"pt-PT\"}]}<\/script>\n<!-- \/ Yoast SEO plugin. -->","yoast_head_json":{"title":"500 COSMETICS - USCAR U-SKIN GEL CURATIVO PARA TODOS OS TIPOS DE PELE TATUADA - Lovme","robots":{"index":"index","follow":"follow","max-snippet":"max-snippet:-1","max-image-preview":"max-image-preview:large","max-video-preview":"max-video-preview:-1"},"canonical":"https:\/\/lovme.pt\/index.php\/produto\/500-cosmetics-uscar-u-skin-gel-curativo-para-todos-os-tipos-de-pele-tatuada\/","og_locale":"pt_PT","og_type":"article","og_title":"500 COSMETICS - USCAR U-SKIN GEL CURATIVO PARA TODOS OS TIPOS DE PELE TATUADA - Lovme","og_description":"500 COSMETICS - USCAR U-SKIN GEL CURATIVO PARA TODOS OS TIPOS DE PELE TATUADA","og_url":"https:\/\/lovme.pt\/index.php\/produto\/500-cosmetics-uscar-u-skin-gel-curativo-para-todos-os-tipos-de-pele-tatuada\/","og_site_name":"Lovme","article_modified_time":"2026-02-19T20:11:16+00:00","og_image":[{"width":800,"height":800,"url":"https:\/\/erki24nd3ub.exactdn.com\/wp-content\/uploads\/dream\/img\/img_187902_26bb92372a85d6b09430473aada31ece_1.jpg?strip=all","type":"image\/jpeg"}],"twitter_card":"summary_large_image","schema":{"@context":"https:\/\/schema.org","@graph":[{"@type":"WebPage","@id":"https:\/\/lovme.pt\/index.php\/produto\/500-cosmetics-uscar-u-skin-gel-curativo-para-todos-os-tipos-de-pele-tatuada\/","url":"https:\/\/lovme.pt\/index.php\/produto\/500-cosmetics-uscar-u-skin-gel-curativo-para-todos-os-tipos-de-pele-tatuada\/","name":"500 COSMETICS - USCAR U-SKIN GEL CURATIVO PARA TODOS OS TIPOS DE PELE TATUADA - Lovme","isPartOf":{"@id":"https:\/\/lovme.pt\/#website"},"primaryImageOfPage":{"@id":"https:\/\/lovme.pt\/index.php\/produto\/500-cosmetics-uscar-u-skin-gel-curativo-para-todos-os-tipos-de-pele-tatuada\/#primaryimage"},"image":{"@id":"https:\/\/lovme.pt\/index.php\/produto\/500-cosmetics-uscar-u-skin-gel-curativo-para-todos-os-tipos-de-pele-tatuada\/#primaryimage"},"thumbnailUrl":"https:\/\/erki24nd3ub.exactdn.com\/wp-content\/uploads\/dream\/img\/img_187902_26bb92372a85d6b09430473aada31ece_1.jpg?strip=all","datePublished":"2025-09-30T22:21:43+00:00","dateModified":"2026-02-19T20:11:16+00:00","breadcrumb":{"@id":"https:\/\/lovme.pt\/index.php\/produto\/500-cosmetics-uscar-u-skin-gel-curativo-para-todos-os-tipos-de-pele-tatuada\/#breadcrumb"},"inLanguage":"pt-PT","potentialAction":[{"@type":"ReadAction","target":["https:\/\/lovme.pt\/index.php\/produto\/500-cosmetics-uscar-u-skin-gel-curativo-para-todos-os-tipos-de-pele-tatuada\/"]}]},{"@type":"ImageObject","inLanguage":"pt-PT","@id":"https:\/\/lovme.pt\/index.php\/produto\/500-cosmetics-uscar-u-skin-gel-curativo-para-todos-os-tipos-de-pele-tatuada\/#primaryimage","url":"https:\/\/erki24nd3ub.exactdn.com\/wp-content\/uploads\/dream\/img\/img_187902_26bb92372a85d6b09430473aada31ece_1.jpg?strip=all","contentUrl":"https:\/\/erki24nd3ub.exactdn.com\/wp-content\/uploads\/dream\/img\/img_187902_26bb92372a85d6b09430473aada31ece_1.jpg?strip=all","width":800,"height":800},{"@type":"BreadcrumbList","@id":"https:\/\/lovme.pt\/index.php\/produto\/500-cosmetics-uscar-u-skin-gel-curativo-para-todos-os-tipos-de-pele-tatuada\/#breadcrumb","itemListElement":[{"@type":"ListItem","position":1,"name":"In\u00edcio","item":"https:\/\/lovme.pt\/"},{"@type":"ListItem","position":2,"name":"Loja","item":"https:\/\/lovme.pt\/index.php\/loja\/"},{"@type":"ListItem","position":3,"name":"500 COSMETICS &#8211; USCAR U-SKIN GEL CURATIVO PARA TODOS OS TIPOS DE PELE TATUADA"}]},{"@type":"WebSite","@id":"https:\/\/lovme.pt\/#website","url":"https:\/\/lovme.pt\/","name":"Lovme Loja Er\u00f3tica N\u00ba1 em Portugal","description":"A melhor loja er\u00f3tica de Portugal.","alternateName":"Loja Er\u00f3tica Lovme","potentialAction":[{"@type":"SearchAction","target":{"@type":"EntryPoint","urlTemplate":"https:\/\/lovme.pt\/?s={search_term_string}"},"query-input":{"@type":"PropertyValueSpecification","valueRequired":true,"valueName":"search_term_string"}}],"inLanguage":"pt-PT"}]}},"_links":{"self":[{"href":"https:\/\/lovme.pt\/index.php\/wp-json\/wp\/v2\/product\/50186","targetHints":{"allow":["GET"]}}],"collection":[{"href":"https:\/\/lovme.pt\/index.php\/wp-json\/wp\/v2\/product"}],"about":[{"href":"https:\/\/lovme.pt\/index.php\/wp-json\/wp\/v2\/types\/product"}],"wp:featuredmedia":[{"embeddable":true,"href":"https:\/\/lovme.pt\/index.php\/wp-json\/wp\/v2\/media\/77133"}],"wp:attachment":[{"href":"https:\/\/lovme.pt\/index.php\/wp-json\/wp\/v2\/media?parent=50186"}],"wp:term":[{"taxonomy":"product_brand","embeddable":true,"href":"https:\/\/lovme.pt\/index.php\/wp-json\/wp\/v2\/product_brand?post=50186"},{"taxonomy":"product_cat","embeddable":true,"href":"https:\/\/lovme.pt\/index.php\/wp-json\/wp\/v2\/product_cat?post=50186"},{"taxonomy":"product_tag","embeddable":true,"href":"https:\/\/lovme.pt\/index.php\/wp-json\/wp\/v2\/product_tag?post=50186"}],"curies":[{"name":"wp","href":"https:\/\/api.w.org\/{rel}","templated":true}]}}