{"id":50185,"date":"2025-09-30T22:21:42","date_gmt":"2025-09-30T22:21:42","guid":{"rendered":"https:\/\/lovme.pt\/?post_type=product&p=50185"},"modified":"2026-02-19T20:11:16","modified_gmt":"2026-02-19T20:11:16","slug":"500-cosmetics-u-skin-xtramoisturizing-creme-cicatrizante-para-todos-os-tipos-de-pele-tatuada","status":"publish","type":"product","link":"https:\/\/lovme.pt\/index.php\/produto\/500-cosmetics-u-skin-xtramoisturizing-creme-cicatrizante-para-todos-os-tipos-de-pele-tatuada\/","title":{"rendered":"500 COSMETICS &#8211; U-SKIN XTRAMOISTURIZING CREME CICATRIZANTE PARA TODOS OS TIPOS DE PELE TATUADA"},"content":{"rendered":"<p>O U-Skin XtraMoisturizing Cream \u00e9 um creme hidratante que cont\u00e9m Hydrovance\u00ae e Bio-Hydractyl, componentes inovadores que promovem a hidrata\u00e7\u00e3o natural e preparam a pele antes de ser tatuada ou antes de um procedimento de remo\u00e7\u00e3o de tatuagem a laser. Ao usar esses produtos, a pele estar\u00e1 na melhor condi\u00e7\u00e3o poss\u00edvel para garantir que o processo de receber ou remover uma tatuagem ocorra sem problemas.<\/p>\n<p>Al\u00e9m disso, o Profade 1 cont\u00e9m azeite de oliva, aloe vera e mel, ingredientes que melhoram a resist\u00eancia da pele, a mant\u00eam limpa e afastam as bact\u00e9rias. O U-Skin XtraMoisturizing \u00e9 uma excelente op\u00e7\u00e3o para usar como creme corporal di\u00e1rio, pois quanto mais voc\u00ea usar, mais protegida ela ficar\u00e1. pele contra bact\u00e9rias e outros fatores externos.<\/p>\n<p>Ajuda a remover marcas de laser ap\u00f3s us\u00e1-lo para remover tatuagens. Creme hidratante.<\/p>\n<p>O creme U-Skin XtraMoisturizing \u00e9 indicado para:<\/p>\n<ul>\n<li>Hidrata\u00e7\u00e3o da pele<\/li>\n<li>Preparando a pele para o tratamento a laser<\/li>\n<li>Mantendo a pele protegida e livre de bact\u00e9rias<\/li>\n<\/ul>\n","protected":false},"excerpt":{"rendered":"<p>500 COSMETICS &#8211; U-SKIN XTRAMOISTURIZING CREME CICATRIZANTE PARA TODOS OS TIPOS DE PELE TATUADA<\/p>\n","protected":false},"featured_media":77130,"template":"","meta":{"_acf_changed":false},"product_brand":[],"product_cat":[49,51],"product_tag":[],"class_list":{"0":"post-50185","1":"product","2":"type-product","3":"status-publish","4":"has-post-thumbnail","6":"product_cat-cosmeticos","7":"product_cat-oleos-de-massagem","8":"yith_product_brand-500cosmetics","10":"first","11":"instock","12":"taxable","13":"shipping-taxable","14":"purchasable","15":"product-type-simple"},"acf":[],"yoast_head":"<!-- This site is optimized with the Yoast SEO plugin v27.4 - https:\/\/yoast.com\/product\/yoast-seo-wordpress\/ -->\n<title>500 COSMETICS - U-SKIN XTRAMOISTURIZING CREME CICATRIZANTE PARA TODOS OS TIPOS DE PELE TATUADA - Lovme<\/title>\n<meta name=\"robots\" content=\"index, follow, max-snippet:-1, max-image-preview:large, max-video-preview:-1\" \/>\n<link rel=\"canonical\" href=\"https:\/\/lovme.pt\/index.php\/produto\/500-cosmetics-u-skin-xtramoisturizing-creme-cicatrizante-para-todos-os-tipos-de-pele-tatuada\/\" \/>\n<meta property=\"og:locale\" content=\"pt_PT\" \/>\n<meta property=\"og:type\" content=\"article\" \/>\n<meta property=\"og:title\" content=\"500 COSMETICS - U-SKIN XTRAMOISTURIZING CREME CICATRIZANTE PARA TODOS OS TIPOS DE PELE TATUADA - Lovme\" \/>\n<meta property=\"og:description\" content=\"500 COSMETICS - U-SKIN XTRAMOISTURIZING CREME CICATRIZANTE PARA TODOS OS TIPOS DE PELE TATUADA\" \/>\n<meta property=\"og:url\" content=\"https:\/\/lovme.pt\/index.php\/produto\/500-cosmetics-u-skin-xtramoisturizing-creme-cicatrizante-para-todos-os-tipos-de-pele-tatuada\/\" \/>\n<meta property=\"og:site_name\" content=\"Lovme\" \/>\n<meta property=\"article:modified_time\" content=\"2026-02-19T20:11:16+00:00\" \/>\n<meta property=\"og:image\" content=\"https:\/\/erki24nd3ub.exactdn.com\/wp-content\/uploads\/dream\/img\/img_187899_52d4ee7ba5f6f4af3fec0d0a9cefebce_1.jpg?strip=all\" \/>\n\t<meta property=\"og:image:width\" content=\"800\" \/>\n\t<meta property=\"og:image:height\" content=\"800\" \/>\n\t<meta property=\"og:image:type\" content=\"image\/jpeg\" \/>\n<meta name=\"twitter:card\" content=\"summary_large_image\" \/>\n<meta name=\"twitter:label1\" content=\"Tempo estimado de leitura\" \/>\n\t<meta name=\"twitter:data1\" content=\"1 minuto\" \/>\n<script type=\"application\/ld+json\" class=\"yoast-schema-graph\">{\"@context\":\"https:\\\/\\\/schema.org\",\"@graph\":[{\"@type\":\"WebPage\",\"@id\":\"https:\\\/\\\/lovme.pt\\\/index.php\\\/produto\\\/500-cosmetics-u-skin-xtramoisturizing-creme-cicatrizante-para-todos-os-tipos-de-pele-tatuada\\\/\",\"url\":\"https:\\\/\\\/lovme.pt\\\/index.php\\\/produto\\\/500-cosmetics-u-skin-xtramoisturizing-creme-cicatrizante-para-todos-os-tipos-de-pele-tatuada\\\/\",\"name\":\"500 COSMETICS - U-SKIN XTRAMOISTURIZING CREME CICATRIZANTE PARA TODOS OS TIPOS DE PELE TATUADA - Lovme\",\"isPartOf\":{\"@id\":\"https:\\\/\\\/lovme.pt\\\/#website\"},\"primaryImageOfPage\":{\"@id\":\"https:\\\/\\\/lovme.pt\\\/index.php\\\/produto\\\/500-cosmetics-u-skin-xtramoisturizing-creme-cicatrizante-para-todos-os-tipos-de-pele-tatuada\\\/#primaryimage\"},\"image\":{\"@id\":\"https:\\\/\\\/lovme.pt\\\/index.php\\\/produto\\\/500-cosmetics-u-skin-xtramoisturizing-creme-cicatrizante-para-todos-os-tipos-de-pele-tatuada\\\/#primaryimage\"},\"thumbnailUrl\":\"https:\\\/\\\/erki24nd3ub.exactdn.com\\\/wp-content\\\/uploads\\\/dream\\\/img\\\/img_187899_52d4ee7ba5f6f4af3fec0d0a9cefebce_1.jpg?strip=all\",\"datePublished\":\"2025-09-30T22:21:42+00:00\",\"dateModified\":\"2026-02-19T20:11:16+00:00\",\"breadcrumb\":{\"@id\":\"https:\\\/\\\/lovme.pt\\\/index.php\\\/produto\\\/500-cosmetics-u-skin-xtramoisturizing-creme-cicatrizante-para-todos-os-tipos-de-pele-tatuada\\\/#breadcrumb\"},\"inLanguage\":\"pt-PT\",\"potentialAction\":[{\"@type\":\"ReadAction\",\"target\":[\"https:\\\/\\\/lovme.pt\\\/index.php\\\/produto\\\/500-cosmetics-u-skin-xtramoisturizing-creme-cicatrizante-para-todos-os-tipos-de-pele-tatuada\\\/\"]}]},{\"@type\":\"ImageObject\",\"inLanguage\":\"pt-PT\",\"@id\":\"https:\\\/\\\/lovme.pt\\\/index.php\\\/produto\\\/500-cosmetics-u-skin-xtramoisturizing-creme-cicatrizante-para-todos-os-tipos-de-pele-tatuada\\\/#primaryimage\",\"url\":\"https:\\\/\\\/erki24nd3ub.exactdn.com\\\/wp-content\\\/uploads\\\/dream\\\/img\\\/img_187899_52d4ee7ba5f6f4af3fec0d0a9cefebce_1.jpg?strip=all\",\"contentUrl\":\"https:\\\/\\\/erki24nd3ub.exactdn.com\\\/wp-content\\\/uploads\\\/dream\\\/img\\\/img_187899_52d4ee7ba5f6f4af3fec0d0a9cefebce_1.jpg?strip=all\",\"width\":800,\"height\":800},{\"@type\":\"BreadcrumbList\",\"@id\":\"https:\\\/\\\/lovme.pt\\\/index.php\\\/produto\\\/500-cosmetics-u-skin-xtramoisturizing-creme-cicatrizante-para-todos-os-tipos-de-pele-tatuada\\\/#breadcrumb\",\"itemListElement\":[{\"@type\":\"ListItem\",\"position\":1,\"name\":\"In\u00edcio\",\"item\":\"https:\\\/\\\/lovme.pt\\\/\"},{\"@type\":\"ListItem\",\"position\":2,\"name\":\"Loja\",\"item\":\"https:\\\/\\\/lovme.pt\\\/index.php\\\/loja\\\/\"},{\"@type\":\"ListItem\",\"position\":3,\"name\":\"500 COSMETICS &#8211; U-SKIN XTRAMOISTURIZING CREME CICATRIZANTE PARA TODOS OS TIPOS DE PELE TATUADA\"}]},{\"@type\":\"WebSite\",\"@id\":\"https:\\\/\\\/lovme.pt\\\/#website\",\"url\":\"https:\\\/\\\/lovme.pt\\\/\",\"name\":\"Lovme Loja Er\u00f3tica N\u00ba1 em Portugal\",\"description\":\"A melhor loja er\u00f3tica de Portugal.\",\"alternateName\":\"Loja Er\u00f3tica Lovme\",\"potentialAction\":[{\"@type\":\"SearchAction\",\"target\":{\"@type\":\"EntryPoint\",\"urlTemplate\":\"https:\\\/\\\/lovme.pt\\\/?s={search_term_string}\"},\"query-input\":{\"@type\":\"PropertyValueSpecification\",\"valueRequired\":true,\"valueName\":\"search_term_string\"}}],\"inLanguage\":\"pt-PT\"}]}<\/script>\n<!-- \/ Yoast SEO plugin. -->","yoast_head_json":{"title":"500 COSMETICS - U-SKIN XTRAMOISTURIZING CREME CICATRIZANTE PARA TODOS OS TIPOS DE PELE TATUADA - Lovme","robots":{"index":"index","follow":"follow","max-snippet":"max-snippet:-1","max-image-preview":"max-image-preview:large","max-video-preview":"max-video-preview:-1"},"canonical":"https:\/\/lovme.pt\/index.php\/produto\/500-cosmetics-u-skin-xtramoisturizing-creme-cicatrizante-para-todos-os-tipos-de-pele-tatuada\/","og_locale":"pt_PT","og_type":"article","og_title":"500 COSMETICS - U-SKIN XTRAMOISTURIZING CREME CICATRIZANTE PARA TODOS OS TIPOS DE PELE TATUADA - Lovme","og_description":"500 COSMETICS - U-SKIN XTRAMOISTURIZING CREME CICATRIZANTE PARA TODOS OS TIPOS DE PELE TATUADA","og_url":"https:\/\/lovme.pt\/index.php\/produto\/500-cosmetics-u-skin-xtramoisturizing-creme-cicatrizante-para-todos-os-tipos-de-pele-tatuada\/","og_site_name":"Lovme","article_modified_time":"2026-02-19T20:11:16+00:00","og_image":[{"width":800,"height":800,"url":"https:\/\/erki24nd3ub.exactdn.com\/wp-content\/uploads\/dream\/img\/img_187899_52d4ee7ba5f6f4af3fec0d0a9cefebce_1.jpg?strip=all","type":"image\/jpeg"}],"twitter_card":"summary_large_image","twitter_misc":{"Tempo estimado de leitura":"1 minuto"},"schema":{"@context":"https:\/\/schema.org","@graph":[{"@type":"WebPage","@id":"https:\/\/lovme.pt\/index.php\/produto\/500-cosmetics-u-skin-xtramoisturizing-creme-cicatrizante-para-todos-os-tipos-de-pele-tatuada\/","url":"https:\/\/lovme.pt\/index.php\/produto\/500-cosmetics-u-skin-xtramoisturizing-creme-cicatrizante-para-todos-os-tipos-de-pele-tatuada\/","name":"500 COSMETICS - U-SKIN XTRAMOISTURIZING CREME CICATRIZANTE PARA TODOS OS TIPOS DE PELE TATUADA - Lovme","isPartOf":{"@id":"https:\/\/lovme.pt\/#website"},"primaryImageOfPage":{"@id":"https:\/\/lovme.pt\/index.php\/produto\/500-cosmetics-u-skin-xtramoisturizing-creme-cicatrizante-para-todos-os-tipos-de-pele-tatuada\/#primaryimage"},"image":{"@id":"https:\/\/lovme.pt\/index.php\/produto\/500-cosmetics-u-skin-xtramoisturizing-creme-cicatrizante-para-todos-os-tipos-de-pele-tatuada\/#primaryimage"},"thumbnailUrl":"https:\/\/erki24nd3ub.exactdn.com\/wp-content\/uploads\/dream\/img\/img_187899_52d4ee7ba5f6f4af3fec0d0a9cefebce_1.jpg?strip=all","datePublished":"2025-09-30T22:21:42+00:00","dateModified":"2026-02-19T20:11:16+00:00","breadcrumb":{"@id":"https:\/\/lovme.pt\/index.php\/produto\/500-cosmetics-u-skin-xtramoisturizing-creme-cicatrizante-para-todos-os-tipos-de-pele-tatuada\/#breadcrumb"},"inLanguage":"pt-PT","potentialAction":[{"@type":"ReadAction","target":["https:\/\/lovme.pt\/index.php\/produto\/500-cosmetics-u-skin-xtramoisturizing-creme-cicatrizante-para-todos-os-tipos-de-pele-tatuada\/"]}]},{"@type":"ImageObject","inLanguage":"pt-PT","@id":"https:\/\/lovme.pt\/index.php\/produto\/500-cosmetics-u-skin-xtramoisturizing-creme-cicatrizante-para-todos-os-tipos-de-pele-tatuada\/#primaryimage","url":"https:\/\/erki24nd3ub.exactdn.com\/wp-content\/uploads\/dream\/img\/img_187899_52d4ee7ba5f6f4af3fec0d0a9cefebce_1.jpg?strip=all","contentUrl":"https:\/\/erki24nd3ub.exactdn.com\/wp-content\/uploads\/dream\/img\/img_187899_52d4ee7ba5f6f4af3fec0d0a9cefebce_1.jpg?strip=all","width":800,"height":800},{"@type":"BreadcrumbList","@id":"https:\/\/lovme.pt\/index.php\/produto\/500-cosmetics-u-skin-xtramoisturizing-creme-cicatrizante-para-todos-os-tipos-de-pele-tatuada\/#breadcrumb","itemListElement":[{"@type":"ListItem","position":1,"name":"In\u00edcio","item":"https:\/\/lovme.pt\/"},{"@type":"ListItem","position":2,"name":"Loja","item":"https:\/\/lovme.pt\/index.php\/loja\/"},{"@type":"ListItem","position":3,"name":"500 COSMETICS &#8211; U-SKIN XTRAMOISTURIZING CREME CICATRIZANTE PARA TODOS OS TIPOS DE PELE TATUADA"}]},{"@type":"WebSite","@id":"https:\/\/lovme.pt\/#website","url":"https:\/\/lovme.pt\/","name":"Lovme Loja Er\u00f3tica N\u00ba1 em Portugal","description":"A melhor loja er\u00f3tica de Portugal.","alternateName":"Loja Er\u00f3tica Lovme","potentialAction":[{"@type":"SearchAction","target":{"@type":"EntryPoint","urlTemplate":"https:\/\/lovme.pt\/?s={search_term_string}"},"query-input":{"@type":"PropertyValueSpecification","valueRequired":true,"valueName":"search_term_string"}}],"inLanguage":"pt-PT"}]}},"_links":{"self":[{"href":"https:\/\/lovme.pt\/index.php\/wp-json\/wp\/v2\/product\/50185","targetHints":{"allow":["GET"]}}],"collection":[{"href":"https:\/\/lovme.pt\/index.php\/wp-json\/wp\/v2\/product"}],"about":[{"href":"https:\/\/lovme.pt\/index.php\/wp-json\/wp\/v2\/types\/product"}],"wp:featuredmedia":[{"embeddable":true,"href":"https:\/\/lovme.pt\/index.php\/wp-json\/wp\/v2\/media\/77130"}],"wp:attachment":[{"href":"https:\/\/lovme.pt\/index.php\/wp-json\/wp\/v2\/media?parent=50185"}],"wp:term":[{"taxonomy":"product_brand","embeddable":true,"href":"https:\/\/lovme.pt\/index.php\/wp-json\/wp\/v2\/product_brand?post=50185"},{"taxonomy":"product_cat","embeddable":true,"href":"https:\/\/lovme.pt\/index.php\/wp-json\/wp\/v2\/product_cat?post=50185"},{"taxonomy":"product_tag","embeddable":true,"href":"https:\/\/lovme.pt\/index.php\/wp-json\/wp\/v2\/product_tag?post=50185"}],"curies":[{"name":"wp","href":"https:\/\/api.w.org\/{rel}","templated":true}]}}