{"id":50177,"date":"2025-09-30T10:14:20","date_gmt":"2025-09-30T10:14:20","guid":{"rendered":"https:\/\/lovme.pt\/?post_type=product&p=50177"},"modified":"2026-02-19T20:07:01","modified_gmt":"2026-02-19T20:07:01","slug":"jamyjob-masturbador-automatico-de-vagina-por-gravidade-5-modos-de-succao","status":"publish","type":"product","link":"https:\/\/lovme.pt\/index.php\/produto\/jamyjob-masturbador-automatico-de-vagina-por-gravidade-5-modos-de-succao\/","title":{"rendered":"JAMYJOB &#8211; MASTURBADOR AUTOM\u00c1TICO DE VAGINA POR GRAVIDADE 5 MODOS DE SUC\u00c7\u00c3O"},"content":{"rendered":"<p>O masturbador autom\u00e1tico masculino <strong>GRAVITY<\/strong> da marca <strong>JAMYJOB<\/strong> \u00e9 um dispositivo inovador e elegante, projetado para proporcionar uma experi\u00eancia estimulante e prazerosa de alta qualidade. Com um design preto que se destaca pelos detalhes em vermelho, este masturbador combina est\u00e9tica e funcionalidade em um \u00fanico produto.<\/p>\n<p>\u00a0<\/p>\n<p><u><strong>CARACTER\u00cdSTICAS:<\/strong><\/u><\/p>\n<ul>\n<li><strong>Design moderno:<\/strong> Predominantemente preto, com detalhes em vermelho que d\u00e3o um toque ousado e marcante. Esse visual s\u00f3brio e elegante o torna visualmente atraente e discreto.<\/li>\n<li><strong>Materiais de alta qualidade:<\/strong> O interior \u00e9 feito de silicone transparente, uma textura macia, segura e agrad\u00e1vel ao toque que garante uma experi\u00eancia realista e confort\u00e1vel, ajustando-se perfeitamente a diferentes tamanhos.<\/li>\n<li><strong>Motor potente:<\/strong> Equipado com um motor potente que garante um desempenho s\u00f3lido e constante, proporcionando estimula\u00e7\u00e3o intensa durante o uso.<\/li>\n<li><strong>5 modos de impulso:<\/strong> O <strong>GRAVITY<\/strong> possui cinco modos de impulso diferentes, projetados para se adaptar \u00e0s prefer\u00eancias de cada usu\u00e1rio, desde ritmos suaves e constantes at\u00e9 est\u00edmulos mais r\u00e1pidos e intensos.<\/li>\n<li><strong>Controle de n\u00edvel:<\/strong> O usu\u00e1rio pode ajustar facilmente os n\u00edveis de intensidade e velocidade de acordo com sua prefer\u00eancia, permitindo que a experi\u00eancia seja personalizada com precis\u00e3o.<\/li>\n<li><strong>Sistema de Suc\u00e7\u00e3o Forte:<\/strong> Este masturbador possui um recurso de suc\u00e7\u00e3o forte que complementa o movimento de impulso, proporcionando uma sensa\u00e7\u00e3o envolvente e estimulante.<\/li>\n<li><strong>Recarreg\u00e1vel via USB:<\/strong> O <strong>GRAVITY<\/strong> \u00e9 totalmente recarreg\u00e1vel por meio de uma porta USB, o que o torna f\u00e1cil de usar sem a necessidade de pilhas descart\u00e1veis e oferece a vantagem de ser port\u00e1til e econ\u00f4mico a longo prazo.<\/li>\n<li><strong>F\u00e1cil de limpar:<\/strong> O masturbador \u00e9 projetado para ser f\u00e1cil de limpar e manter. Projetado para ser f\u00e1cil de desmontar e limpar, garantindo higiene ideal ap\u00f3s cada uso, prolongando sua durabilidade e mantendo a seguran\u00e7a do usu\u00e1rio.<\/li>\n<\/ul>\n<p>Este aparelho \u00e9 ideal para quem busca um produto confi\u00e1vel, eficiente e estiloso, oferecendo uma experi\u00eancia personalizada e prazerosa.<\/p>\n<p>\u00a0<\/p>\n<p><strong>MATERIAL E CUIDADOS<\/strong><\/p>\n<p><strong>Jamyjob<\/strong> \u00e9 um brinquedo \u00e0 prova d\u00e1gua feito de silicone m\u00e9dico macio e sedoso, que \u00e9 extremamente escorregadio e absorve o calor do seu corpo rapidamente. O brinquedo pode ser facilmente limpo com um pouco de sab\u00e3o em \u00e1gua morna. Com um pouco de limpador de brinquedos desinfetante, voc\u00ea pode garantir uma higiene particularmente completa depois &#8211; idealmente com o spray de desinfec\u00e7\u00e3o perfeitamente coordenado da Waterfeel. Para o m\u00e1ximo prazer, sempre use seu brinquedo com um dos lubrificantes \u00e0 base de \u00e1gua da Waterfeel que combinam perfeitamente com o produto. Eles est\u00e3o dispon\u00edveis nas vers\u00f5es cl\u00e1ssica, sedosa e quente. A composi\u00e7\u00e3o vegana \u00e0 base de \u00e1gua protege o material e mant\u00e9m a superf\u00edcie do seu brinquedo agrad\u00e1vel e lisa.<\/p>\n","protected":false},"excerpt":{"rendered":"<p>JAMYJOB &#8211; MASTURBADOR AUTOM\u00c1TICO DE VAGINA POR GRAVIDADE 5 MODOS DE SUC\u00c7\u00c3O<\/p>\n","protected":false},"featured_media":64548,"template":"","meta":{"_acf_changed":false},"product_brand":[],"product_cat":[17,58,60],"product_tag":[],"class_list":{"0":"post-50177","1":"product","2":"type-product","3":"status-publish","4":"has-post-thumbnail","6":"product_cat-brinquedos-de-bem-estar-sexual","7":"product_cat-masturbadores-para-penis","8":"product_cat-para-eles","9":"yith_product_brand-jamyjob","11":"first","12":"instock","13":"taxable","14":"shipping-taxable","15":"purchasable","16":"product-type-simple"},"acf":[],"yoast_head":"<!-- This site is optimized with the Yoast SEO plugin v27.4 - https:\/\/yoast.com\/product\/yoast-seo-wordpress\/ -->\n<title>JAMYJOB - MASTURBADOR AUTOM\u00c1TICO DE VAGINA POR GRAVIDADE 5 MODOS DE SUC\u00c7\u00c3O - Lovme<\/title>\n<meta name=\"robots\" content=\"index, follow, max-snippet:-1, max-image-preview:large, max-video-preview:-1\" \/>\n<link rel=\"canonical\" href=\"https:\/\/lovme.pt\/index.php\/produto\/jamyjob-masturbador-automatico-de-vagina-por-gravidade-5-modos-de-succao\/\" \/>\n<meta property=\"og:locale\" content=\"pt_PT\" \/>\n<meta property=\"og:type\" content=\"article\" \/>\n<meta property=\"og:title\" content=\"JAMYJOB - MASTURBADOR AUTOM\u00c1TICO DE VAGINA POR GRAVIDADE 5 MODOS DE SUC\u00c7\u00c3O - Lovme\" \/>\n<meta property=\"og:description\" content=\"JAMYJOB - MASTURBADOR AUTOM\u00c1TICO DE VAGINA POR GRAVIDADE 5 MODOS DE SUC\u00c7\u00c3O\" \/>\n<meta property=\"og:url\" content=\"https:\/\/lovme.pt\/index.php\/produto\/jamyjob-masturbador-automatico-de-vagina-por-gravidade-5-modos-de-succao\/\" \/>\n<meta property=\"og:site_name\" content=\"Lovme\" \/>\n<meta property=\"article:modified_time\" content=\"2026-02-19T20:07:01+00:00\" \/>\n<meta property=\"og:image\" content=\"https:\/\/erki24nd3ub.exactdn.com\/wp-content\/uploads\/dream\/img\/img_196989_b044f0d6a9a8e30012f9aa424bf0c771_1.png?strip=all\" \/>\n\t<meta property=\"og:image:width\" content=\"800\" \/>\n\t<meta property=\"og:image:height\" content=\"800\" \/>\n\t<meta property=\"og:image:type\" content=\"image\/png\" \/>\n<meta name=\"twitter:card\" content=\"summary_large_image\" \/>\n<meta name=\"twitter:label1\" content=\"Tempo estimado de leitura\" \/>\n\t<meta name=\"twitter:data1\" content=\"2 minutos\" \/>\n<script type=\"application\/ld+json\" class=\"yoast-schema-graph\">{\"@context\":\"https:\\\/\\\/schema.org\",\"@graph\":[{\"@type\":\"WebPage\",\"@id\":\"https:\\\/\\\/lovme.pt\\\/index.php\\\/produto\\\/jamyjob-masturbador-automatico-de-vagina-por-gravidade-5-modos-de-succao\\\/\",\"url\":\"https:\\\/\\\/lovme.pt\\\/index.php\\\/produto\\\/jamyjob-masturbador-automatico-de-vagina-por-gravidade-5-modos-de-succao\\\/\",\"name\":\"JAMYJOB - MASTURBADOR AUTOM\u00c1TICO DE VAGINA POR GRAVIDADE 5 MODOS DE SUC\u00c7\u00c3O - Lovme\",\"isPartOf\":{\"@id\":\"https:\\\/\\\/lovme.pt\\\/#website\"},\"primaryImageOfPage\":{\"@id\":\"https:\\\/\\\/lovme.pt\\\/index.php\\\/produto\\\/jamyjob-masturbador-automatico-de-vagina-por-gravidade-5-modos-de-succao\\\/#primaryimage\"},\"image\":{\"@id\":\"https:\\\/\\\/lovme.pt\\\/index.php\\\/produto\\\/jamyjob-masturbador-automatico-de-vagina-por-gravidade-5-modos-de-succao\\\/#primaryimage\"},\"thumbnailUrl\":\"https:\\\/\\\/erki24nd3ub.exactdn.com\\\/wp-content\\\/uploads\\\/dream\\\/img\\\/img_196989_b044f0d6a9a8e30012f9aa424bf0c771_1.png?strip=all\",\"datePublished\":\"2025-09-30T10:14:20+00:00\",\"dateModified\":\"2026-02-19T20:07:01+00:00\",\"breadcrumb\":{\"@id\":\"https:\\\/\\\/lovme.pt\\\/index.php\\\/produto\\\/jamyjob-masturbador-automatico-de-vagina-por-gravidade-5-modos-de-succao\\\/#breadcrumb\"},\"inLanguage\":\"pt-PT\",\"potentialAction\":[{\"@type\":\"ReadAction\",\"target\":[\"https:\\\/\\\/lovme.pt\\\/index.php\\\/produto\\\/jamyjob-masturbador-automatico-de-vagina-por-gravidade-5-modos-de-succao\\\/\"]}]},{\"@type\":\"ImageObject\",\"inLanguage\":\"pt-PT\",\"@id\":\"https:\\\/\\\/lovme.pt\\\/index.php\\\/produto\\\/jamyjob-masturbador-automatico-de-vagina-por-gravidade-5-modos-de-succao\\\/#primaryimage\",\"url\":\"https:\\\/\\\/erki24nd3ub.exactdn.com\\\/wp-content\\\/uploads\\\/dream\\\/img\\\/img_196989_b044f0d6a9a8e30012f9aa424bf0c771_1.png?strip=all\",\"contentUrl\":\"https:\\\/\\\/erki24nd3ub.exactdn.com\\\/wp-content\\\/uploads\\\/dream\\\/img\\\/img_196989_b044f0d6a9a8e30012f9aa424bf0c771_1.png?strip=all\",\"width\":800,\"height\":800},{\"@type\":\"BreadcrumbList\",\"@id\":\"https:\\\/\\\/lovme.pt\\\/index.php\\\/produto\\\/jamyjob-masturbador-automatico-de-vagina-por-gravidade-5-modos-de-succao\\\/#breadcrumb\",\"itemListElement\":[{\"@type\":\"ListItem\",\"position\":1,\"name\":\"In\u00edcio\",\"item\":\"https:\\\/\\\/lovme.pt\\\/\"},{\"@type\":\"ListItem\",\"position\":2,\"name\":\"Loja\",\"item\":\"https:\\\/\\\/lovme.pt\\\/index.php\\\/loja\\\/\"},{\"@type\":\"ListItem\",\"position\":3,\"name\":\"JAMYJOB &#8211; MASTURBADOR AUTOM\u00c1TICO DE VAGINA POR GRAVIDADE 5 MODOS DE SUC\u00c7\u00c3O\"}]},{\"@type\":\"WebSite\",\"@id\":\"https:\\\/\\\/lovme.pt\\\/#website\",\"url\":\"https:\\\/\\\/lovme.pt\\\/\",\"name\":\"Lovme Loja Er\u00f3tica N\u00ba1 em Portugal\",\"description\":\"A melhor loja er\u00f3tica de Portugal.\",\"alternateName\":\"Loja Er\u00f3tica Lovme\",\"potentialAction\":[{\"@type\":\"SearchAction\",\"target\":{\"@type\":\"EntryPoint\",\"urlTemplate\":\"https:\\\/\\\/lovme.pt\\\/?s={search_term_string}\"},\"query-input\":{\"@type\":\"PropertyValueSpecification\",\"valueRequired\":true,\"valueName\":\"search_term_string\"}}],\"inLanguage\":\"pt-PT\"}]}<\/script>\n<!-- \/ Yoast SEO plugin. -->","yoast_head_json":{"title":"JAMYJOB - MASTURBADOR AUTOM\u00c1TICO DE VAGINA POR GRAVIDADE 5 MODOS DE SUC\u00c7\u00c3O - Lovme","robots":{"index":"index","follow":"follow","max-snippet":"max-snippet:-1","max-image-preview":"max-image-preview:large","max-video-preview":"max-video-preview:-1"},"canonical":"https:\/\/lovme.pt\/index.php\/produto\/jamyjob-masturbador-automatico-de-vagina-por-gravidade-5-modos-de-succao\/","og_locale":"pt_PT","og_type":"article","og_title":"JAMYJOB - MASTURBADOR AUTOM\u00c1TICO DE VAGINA POR GRAVIDADE 5 MODOS DE SUC\u00c7\u00c3O - Lovme","og_description":"JAMYJOB - MASTURBADOR AUTOM\u00c1TICO DE VAGINA POR GRAVIDADE 5 MODOS DE SUC\u00c7\u00c3O","og_url":"https:\/\/lovme.pt\/index.php\/produto\/jamyjob-masturbador-automatico-de-vagina-por-gravidade-5-modos-de-succao\/","og_site_name":"Lovme","article_modified_time":"2026-02-19T20:07:01+00:00","og_image":[{"width":800,"height":800,"url":"https:\/\/erki24nd3ub.exactdn.com\/wp-content\/uploads\/dream\/img\/img_196989_b044f0d6a9a8e30012f9aa424bf0c771_1.png?strip=all","type":"image\/png"}],"twitter_card":"summary_large_image","twitter_misc":{"Tempo estimado de leitura":"2 minutos"},"schema":{"@context":"https:\/\/schema.org","@graph":[{"@type":"WebPage","@id":"https:\/\/lovme.pt\/index.php\/produto\/jamyjob-masturbador-automatico-de-vagina-por-gravidade-5-modos-de-succao\/","url":"https:\/\/lovme.pt\/index.php\/produto\/jamyjob-masturbador-automatico-de-vagina-por-gravidade-5-modos-de-succao\/","name":"JAMYJOB - MASTURBADOR AUTOM\u00c1TICO DE VAGINA POR GRAVIDADE 5 MODOS DE SUC\u00c7\u00c3O - Lovme","isPartOf":{"@id":"https:\/\/lovme.pt\/#website"},"primaryImageOfPage":{"@id":"https:\/\/lovme.pt\/index.php\/produto\/jamyjob-masturbador-automatico-de-vagina-por-gravidade-5-modos-de-succao\/#primaryimage"},"image":{"@id":"https:\/\/lovme.pt\/index.php\/produto\/jamyjob-masturbador-automatico-de-vagina-por-gravidade-5-modos-de-succao\/#primaryimage"},"thumbnailUrl":"https:\/\/erki24nd3ub.exactdn.com\/wp-content\/uploads\/dream\/img\/img_196989_b044f0d6a9a8e30012f9aa424bf0c771_1.png?strip=all","datePublished":"2025-09-30T10:14:20+00:00","dateModified":"2026-02-19T20:07:01+00:00","breadcrumb":{"@id":"https:\/\/lovme.pt\/index.php\/produto\/jamyjob-masturbador-automatico-de-vagina-por-gravidade-5-modos-de-succao\/#breadcrumb"},"inLanguage":"pt-PT","potentialAction":[{"@type":"ReadAction","target":["https:\/\/lovme.pt\/index.php\/produto\/jamyjob-masturbador-automatico-de-vagina-por-gravidade-5-modos-de-succao\/"]}]},{"@type":"ImageObject","inLanguage":"pt-PT","@id":"https:\/\/lovme.pt\/index.php\/produto\/jamyjob-masturbador-automatico-de-vagina-por-gravidade-5-modos-de-succao\/#primaryimage","url":"https:\/\/erki24nd3ub.exactdn.com\/wp-content\/uploads\/dream\/img\/img_196989_b044f0d6a9a8e30012f9aa424bf0c771_1.png?strip=all","contentUrl":"https:\/\/erki24nd3ub.exactdn.com\/wp-content\/uploads\/dream\/img\/img_196989_b044f0d6a9a8e30012f9aa424bf0c771_1.png?strip=all","width":800,"height":800},{"@type":"BreadcrumbList","@id":"https:\/\/lovme.pt\/index.php\/produto\/jamyjob-masturbador-automatico-de-vagina-por-gravidade-5-modos-de-succao\/#breadcrumb","itemListElement":[{"@type":"ListItem","position":1,"name":"In\u00edcio","item":"https:\/\/lovme.pt\/"},{"@type":"ListItem","position":2,"name":"Loja","item":"https:\/\/lovme.pt\/index.php\/loja\/"},{"@type":"ListItem","position":3,"name":"JAMYJOB &#8211; MASTURBADOR AUTOM\u00c1TICO DE VAGINA POR GRAVIDADE 5 MODOS DE SUC\u00c7\u00c3O"}]},{"@type":"WebSite","@id":"https:\/\/lovme.pt\/#website","url":"https:\/\/lovme.pt\/","name":"Lovme Loja Er\u00f3tica N\u00ba1 em Portugal","description":"A melhor loja er\u00f3tica de Portugal.","alternateName":"Loja Er\u00f3tica Lovme","potentialAction":[{"@type":"SearchAction","target":{"@type":"EntryPoint","urlTemplate":"https:\/\/lovme.pt\/?s={search_term_string}"},"query-input":{"@type":"PropertyValueSpecification","valueRequired":true,"valueName":"search_term_string"}}],"inLanguage":"pt-PT"}]}},"_links":{"self":[{"href":"https:\/\/lovme.pt\/index.php\/wp-json\/wp\/v2\/product\/50177","targetHints":{"allow":["GET"]}}],"collection":[{"href":"https:\/\/lovme.pt\/index.php\/wp-json\/wp\/v2\/product"}],"about":[{"href":"https:\/\/lovme.pt\/index.php\/wp-json\/wp\/v2\/types\/product"}],"wp:featuredmedia":[{"embeddable":true,"href":"https:\/\/lovme.pt\/index.php\/wp-json\/wp\/v2\/media\/64548"}],"wp:attachment":[{"href":"https:\/\/lovme.pt\/index.php\/wp-json\/wp\/v2\/media?parent=50177"}],"wp:term":[{"taxonomy":"product_brand","embeddable":true,"href":"https:\/\/lovme.pt\/index.php\/wp-json\/wp\/v2\/product_brand?post=50177"},{"taxonomy":"product_cat","embeddable":true,"href":"https:\/\/lovme.pt\/index.php\/wp-json\/wp\/v2\/product_cat?post=50177"},{"taxonomy":"product_tag","embeddable":true,"href":"https:\/\/lovme.pt\/index.php\/wp-json\/wp\/v2\/product_tag?post=50177"}],"curies":[{"name":"wp","href":"https:\/\/api.w.org\/{rel}","templated":true}]}}