{"id":50171,"date":"2025-09-30T10:14:23","date_gmt":"2025-09-30T10:14:23","guid":{"rendered":"https:\/\/lovme.pt\/?post_type=product&#038;p=50171"},"modified":"2026-02-19T20:07:01","modified_gmt":"2026-02-19T20:07:01","slug":"jamyjob-masturbador-automatico-phantom-vagina-5-modos-ondas-estimulantes-e-impulso","status":"publish","type":"product","link":"https:\/\/lovme.pt\/index.php\/produto\/jamyjob-masturbador-automatico-phantom-vagina-5-modos-ondas-estimulantes-e-impulso\/","title":{"rendered":"JAMYJOB &#8211; MASTURBADOR AUTOM\u00c1TICO PHANTOM VAGINA 5 MODOS DE SUC\u00c7\u00c3O E IMPULSO"},"content":{"rendered":"<p>O masturbador masculino autom\u00e1tico em formato de boca <strong>JAMYJOB<\/strong> <strong>PHANTOM<\/strong> \u00e9 um dispositivo inovador e elegante, projetado para proporcionar uma experi\u00eancia estimulante e prazerosa de alta qualidade. Com design preto e vermelho e detalhes em vermelho, este masturbador combina est\u00e9tica e funcionalidade em um \u00fanico produto.<\/p>\n<\/p>\n<p> <u><strong>CARACTER\u00cdSTICAS:<\/strong><\/u><\/p>\n<ul>\n<li> <strong>Design moderno:<\/strong> Predominantemente preto, com detalhes em vermelho que adicionam um toque ousado e chamativo. Este visual discreto e elegante o torna visualmente atraente e discreto.<\/li>\n<li> <strong>Materiais de alta qualidade:<\/strong> O interior \u00e9 feito de silicone transparente, uma textura macia, segura e agrad\u00e1vel ao toque que garante uma experi\u00eancia realista e confort\u00e1vel, ajustando-se perfeitamente a diferentes tamanhos.<\/li>\n<li> <strong>Motor potente:<\/strong> Equipado com um motor potente que garante um desempenho s\u00f3lido e constante, proporcionando estimula\u00e7\u00e3o intensa durante o uso.<\/li>\n<li> <strong>5 modos de suc\u00e7\u00e3o e 5 modos de impulso:<\/strong> o <strong>PHANTOM<\/strong> apresenta cinco modos de impulso diferentes, projetados para atender \u00e0s prefer\u00eancias de cada usu\u00e1rio, desde ritmos suaves e constantes at\u00e9 est\u00edmulos mais r\u00e1pidos e intensos.<\/li>\n<li> <strong>Controle de n\u00edvel<\/strong> : o usu\u00e1rio pode ajustar facilmente os n\u00edveis de intensidade e velocidade de acordo com sua prefer\u00eancia, permitindo uma personaliza\u00e7\u00e3o precisa da experi\u00eancia.<\/li>\n<li> <strong>Sistema de suc\u00e7\u00e3o forte:<\/strong> Este masturbador incorpora uma fun\u00e7\u00e3o de suc\u00e7\u00e3o forte que complementa o movimento de impulso, proporcionando uma sensa\u00e7\u00e3o envolvente e estimulante.<\/li>\n<li> <strong>Recarreg\u00e1vel via USB:<\/strong> O <strong>PHANTOM<\/strong> \u00e9 totalmente recarreg\u00e1vel por meio de uma porta USB, o que o torna f\u00e1cil de usar sem a necessidade de pilhas descart\u00e1veis e oferece a vantagem de ser port\u00e1til e econ\u00f4mico a longo prazo.<\/li>\n<li> <strong>F\u00e1cil de limpar:<\/strong> O masturbador foi projetado para ser f\u00e1cil de desmontar e limpar, garantindo higiene ideal ap\u00f3s cada uso, prolongando sua durabilidade e mantendo a seguran\u00e7a do usu\u00e1rio.<\/li>\n<li> <strong>Material ABS e livre de ftalatos.<\/strong><\/li>\n<li> <strong>\u00c0 prova d\u00e1gua<\/strong> : voc\u00ea pode usar este masturbador nos seus momentos mais \u00edntimos&#8230;<\/li>\n<\/ul>\n<p> Este dispositivo \u00e9 ideal para quem procura um produto confi\u00e1vel, eficiente e elegante que ofere\u00e7a uma experi\u00eancia personalizada e agrad\u00e1vel.<\/p>\n<\/p>\n<p> <strong>MATERIAL E CUIDADOS<\/strong><\/p>\n<p> <strong>Jamyjob<\/strong> \u00e9 um brinquedo \u00e0 prova d\u00e1gua feito de silicone m\u00e9dico sedoso e macio, extremamente escorregadio e que absorve rapidamente o calor do corpo. O brinquedo pode ser facilmente limpo com um pouco de sab\u00e3o em \u00e1gua morna. Com um pouco de limpador desinfetante para brinquedos, voc\u00ea pode garantir uma higiene particularmente completa depois, idealmente com o spray desinfetante perfeitamente coordenado da Waterfeel. Para o m\u00e1ximo prazer, use sempre seu brinquedo com um dos lubrificantes \u00e0 base de \u00e1gua da Waterfeel, perfeitamente adequado ao produto. Eles est\u00e3o dispon\u00edveis nas vers\u00f5es cl\u00e1ssica, sedosa e quente. A composi\u00e7\u00e3o vegana \u00e0 base de \u00e1gua protege o material e mant\u00e9m a superf\u00edcie do seu brinquedo agradavelmente lisa.<\/p><\/p>\n","protected":false},"excerpt":{"rendered":"<p>JAMYJOB &#8211; MASTURBADOR AUTOM\u00c1TICO PHANTOM VAGINA 5 MODOS DE SUC\u00c7\u00c3O E IMPULSO<\/p>\n","protected":false},"featured_media":64558,"template":"","meta":{"_acf_changed":false},"product_brand":[],"product_cat":[17,58,60],"product_tag":[],"class_list":{"0":"post-50171","1":"product","2":"type-product","3":"status-publish","4":"has-post-thumbnail","6":"product_cat-brinquedos-de-bem-estar-sexual","7":"product_cat-masturbadores-para-penis","8":"product_cat-para-eles","9":"yith_product_brand-jamyjob","11":"first","12":"instock","13":"taxable","14":"shipping-taxable","15":"purchasable","16":"product-type-simple"},"acf":[],"yoast_head":"<!-- This site is optimized with the Yoast SEO plugin v27.4 - https:\/\/yoast.com\/product\/yoast-seo-wordpress\/ -->\n<title>JAMYJOB - MASTURBADOR AUTOM\u00c1TICO PHANTOM VAGINA 5 MODOS DE SUC\u00c7\u00c3O E IMPULSO - Lovme<\/title>\n<meta name=\"robots\" content=\"index, follow, max-snippet:-1, max-image-preview:large, max-video-preview:-1\" \/>\n<link rel=\"canonical\" href=\"https:\/\/lovme.pt\/index.php\/produto\/jamyjob-masturbador-automatico-phantom-vagina-5-modos-ondas-estimulantes-e-impulso\/\" \/>\n<meta property=\"og:locale\" content=\"pt_PT\" \/>\n<meta property=\"og:type\" content=\"article\" \/>\n<meta property=\"og:title\" content=\"JAMYJOB - MASTURBADOR AUTOM\u00c1TICO PHANTOM VAGINA 5 MODOS DE SUC\u00c7\u00c3O E IMPULSO - Lovme\" \/>\n<meta property=\"og:description\" content=\"JAMYJOB - MASTURBADOR AUTOM\u00c1TICO PHANTOM VAGINA 5 MODOS DE SUC\u00c7\u00c3O E IMPULSO\" \/>\n<meta property=\"og:url\" content=\"https:\/\/lovme.pt\/index.php\/produto\/jamyjob-masturbador-automatico-phantom-vagina-5-modos-ondas-estimulantes-e-impulso\/\" \/>\n<meta property=\"og:site_name\" content=\"Lovme\" \/>\n<meta property=\"article:modified_time\" content=\"2026-02-19T20:07:01+00:00\" \/>\n<meta property=\"og:image\" content=\"https:\/\/erki24nd3ub.exactdn.com\/wp-content\/uploads\/dream\/img\/img_197024_7b67662966fd33d54bb972e8d8fc8af2_1.png?strip=all\" \/>\n\t<meta property=\"og:image:width\" content=\"800\" \/>\n\t<meta property=\"og:image:height\" content=\"800\" \/>\n\t<meta property=\"og:image:type\" content=\"image\/png\" \/>\n<meta name=\"twitter:card\" content=\"summary_large_image\" \/>\n<meta name=\"twitter:label1\" content=\"Tempo estimado de leitura\" \/>\n\t<meta name=\"twitter:data1\" content=\"2 minutos\" \/>\n<script type=\"application\/ld+json\" class=\"yoast-schema-graph\">{\"@context\":\"https:\\\/\\\/schema.org\",\"@graph\":[{\"@type\":\"WebPage\",\"@id\":\"https:\\\/\\\/lovme.pt\\\/index.php\\\/produto\\\/jamyjob-masturbador-automatico-phantom-vagina-5-modos-ondas-estimulantes-e-impulso\\\/\",\"url\":\"https:\\\/\\\/lovme.pt\\\/index.php\\\/produto\\\/jamyjob-masturbador-automatico-phantom-vagina-5-modos-ondas-estimulantes-e-impulso\\\/\",\"name\":\"JAMYJOB - MASTURBADOR AUTOM\u00c1TICO PHANTOM VAGINA 5 MODOS DE SUC\u00c7\u00c3O E IMPULSO - Lovme\",\"isPartOf\":{\"@id\":\"https:\\\/\\\/lovme.pt\\\/#website\"},\"primaryImageOfPage\":{\"@id\":\"https:\\\/\\\/lovme.pt\\\/index.php\\\/produto\\\/jamyjob-masturbador-automatico-phantom-vagina-5-modos-ondas-estimulantes-e-impulso\\\/#primaryimage\"},\"image\":{\"@id\":\"https:\\\/\\\/lovme.pt\\\/index.php\\\/produto\\\/jamyjob-masturbador-automatico-phantom-vagina-5-modos-ondas-estimulantes-e-impulso\\\/#primaryimage\"},\"thumbnailUrl\":\"https:\\\/\\\/erki24nd3ub.exactdn.com\\\/wp-content\\\/uploads\\\/dream\\\/img\\\/img_197024_7b67662966fd33d54bb972e8d8fc8af2_1.png?strip=all\",\"datePublished\":\"2025-09-30T10:14:23+00:00\",\"dateModified\":\"2026-02-19T20:07:01+00:00\",\"breadcrumb\":{\"@id\":\"https:\\\/\\\/lovme.pt\\\/index.php\\\/produto\\\/jamyjob-masturbador-automatico-phantom-vagina-5-modos-ondas-estimulantes-e-impulso\\\/#breadcrumb\"},\"inLanguage\":\"pt-PT\",\"potentialAction\":[{\"@type\":\"ReadAction\",\"target\":[\"https:\\\/\\\/lovme.pt\\\/index.php\\\/produto\\\/jamyjob-masturbador-automatico-phantom-vagina-5-modos-ondas-estimulantes-e-impulso\\\/\"]}]},{\"@type\":\"ImageObject\",\"inLanguage\":\"pt-PT\",\"@id\":\"https:\\\/\\\/lovme.pt\\\/index.php\\\/produto\\\/jamyjob-masturbador-automatico-phantom-vagina-5-modos-ondas-estimulantes-e-impulso\\\/#primaryimage\",\"url\":\"https:\\\/\\\/erki24nd3ub.exactdn.com\\\/wp-content\\\/uploads\\\/dream\\\/img\\\/img_197024_7b67662966fd33d54bb972e8d8fc8af2_1.png?strip=all\",\"contentUrl\":\"https:\\\/\\\/erki24nd3ub.exactdn.com\\\/wp-content\\\/uploads\\\/dream\\\/img\\\/img_197024_7b67662966fd33d54bb972e8d8fc8af2_1.png?strip=all\",\"width\":800,\"height\":800},{\"@type\":\"BreadcrumbList\",\"@id\":\"https:\\\/\\\/lovme.pt\\\/index.php\\\/produto\\\/jamyjob-masturbador-automatico-phantom-vagina-5-modos-ondas-estimulantes-e-impulso\\\/#breadcrumb\",\"itemListElement\":[{\"@type\":\"ListItem\",\"position\":1,\"name\":\"In\u00edcio\",\"item\":\"https:\\\/\\\/lovme.pt\\\/\"},{\"@type\":\"ListItem\",\"position\":2,\"name\":\"Loja\",\"item\":\"https:\\\/\\\/lovme.pt\\\/index.php\\\/loja\\\/\"},{\"@type\":\"ListItem\",\"position\":3,\"name\":\"JAMYJOB &#8211; MASTURBADOR AUTOM\u00c1TICO PHANTOM VAGINA 5 MODOS DE SUC\u00c7\u00c3O E IMPULSO\"}]},{\"@type\":\"WebSite\",\"@id\":\"https:\\\/\\\/lovme.pt\\\/#website\",\"url\":\"https:\\\/\\\/lovme.pt\\\/\",\"name\":\"Lovme Loja Er\u00f3tica N\u00ba1 em Portugal\",\"description\":\"A melhor loja er\u00f3tica de Portugal.\",\"alternateName\":\"Loja Er\u00f3tica Lovme\",\"potentialAction\":[{\"@type\":\"SearchAction\",\"target\":{\"@type\":\"EntryPoint\",\"urlTemplate\":\"https:\\\/\\\/lovme.pt\\\/?s={search_term_string}\"},\"query-input\":{\"@type\":\"PropertyValueSpecification\",\"valueRequired\":true,\"valueName\":\"search_term_string\"}}],\"inLanguage\":\"pt-PT\"}]}<\/script>\n<!-- \/ Yoast SEO plugin. -->","yoast_head_json":{"title":"JAMYJOB - MASTURBADOR AUTOM\u00c1TICO PHANTOM VAGINA 5 MODOS DE SUC\u00c7\u00c3O E IMPULSO - Lovme","robots":{"index":"index","follow":"follow","max-snippet":"max-snippet:-1","max-image-preview":"max-image-preview:large","max-video-preview":"max-video-preview:-1"},"canonical":"https:\/\/lovme.pt\/index.php\/produto\/jamyjob-masturbador-automatico-phantom-vagina-5-modos-ondas-estimulantes-e-impulso\/","og_locale":"pt_PT","og_type":"article","og_title":"JAMYJOB - MASTURBADOR AUTOM\u00c1TICO PHANTOM VAGINA 5 MODOS DE SUC\u00c7\u00c3O E IMPULSO - Lovme","og_description":"JAMYJOB - MASTURBADOR AUTOM\u00c1TICO PHANTOM VAGINA 5 MODOS DE SUC\u00c7\u00c3O E IMPULSO","og_url":"https:\/\/lovme.pt\/index.php\/produto\/jamyjob-masturbador-automatico-phantom-vagina-5-modos-ondas-estimulantes-e-impulso\/","og_site_name":"Lovme","article_modified_time":"2026-02-19T20:07:01+00:00","og_image":[{"width":800,"height":800,"url":"https:\/\/erki24nd3ub.exactdn.com\/wp-content\/uploads\/dream\/img\/img_197024_7b67662966fd33d54bb972e8d8fc8af2_1.png?strip=all","type":"image\/png"}],"twitter_card":"summary_large_image","twitter_misc":{"Tempo estimado de leitura":"2 minutos"},"schema":{"@context":"https:\/\/schema.org","@graph":[{"@type":"WebPage","@id":"https:\/\/lovme.pt\/index.php\/produto\/jamyjob-masturbador-automatico-phantom-vagina-5-modos-ondas-estimulantes-e-impulso\/","url":"https:\/\/lovme.pt\/index.php\/produto\/jamyjob-masturbador-automatico-phantom-vagina-5-modos-ondas-estimulantes-e-impulso\/","name":"JAMYJOB - MASTURBADOR AUTOM\u00c1TICO PHANTOM VAGINA 5 MODOS DE SUC\u00c7\u00c3O E IMPULSO - Lovme","isPartOf":{"@id":"https:\/\/lovme.pt\/#website"},"primaryImageOfPage":{"@id":"https:\/\/lovme.pt\/index.php\/produto\/jamyjob-masturbador-automatico-phantom-vagina-5-modos-ondas-estimulantes-e-impulso\/#primaryimage"},"image":{"@id":"https:\/\/lovme.pt\/index.php\/produto\/jamyjob-masturbador-automatico-phantom-vagina-5-modos-ondas-estimulantes-e-impulso\/#primaryimage"},"thumbnailUrl":"https:\/\/erki24nd3ub.exactdn.com\/wp-content\/uploads\/dream\/img\/img_197024_7b67662966fd33d54bb972e8d8fc8af2_1.png?strip=all","datePublished":"2025-09-30T10:14:23+00:00","dateModified":"2026-02-19T20:07:01+00:00","breadcrumb":{"@id":"https:\/\/lovme.pt\/index.php\/produto\/jamyjob-masturbador-automatico-phantom-vagina-5-modos-ondas-estimulantes-e-impulso\/#breadcrumb"},"inLanguage":"pt-PT","potentialAction":[{"@type":"ReadAction","target":["https:\/\/lovme.pt\/index.php\/produto\/jamyjob-masturbador-automatico-phantom-vagina-5-modos-ondas-estimulantes-e-impulso\/"]}]},{"@type":"ImageObject","inLanguage":"pt-PT","@id":"https:\/\/lovme.pt\/index.php\/produto\/jamyjob-masturbador-automatico-phantom-vagina-5-modos-ondas-estimulantes-e-impulso\/#primaryimage","url":"https:\/\/erki24nd3ub.exactdn.com\/wp-content\/uploads\/dream\/img\/img_197024_7b67662966fd33d54bb972e8d8fc8af2_1.png?strip=all","contentUrl":"https:\/\/erki24nd3ub.exactdn.com\/wp-content\/uploads\/dream\/img\/img_197024_7b67662966fd33d54bb972e8d8fc8af2_1.png?strip=all","width":800,"height":800},{"@type":"BreadcrumbList","@id":"https:\/\/lovme.pt\/index.php\/produto\/jamyjob-masturbador-automatico-phantom-vagina-5-modos-ondas-estimulantes-e-impulso\/#breadcrumb","itemListElement":[{"@type":"ListItem","position":1,"name":"In\u00edcio","item":"https:\/\/lovme.pt\/"},{"@type":"ListItem","position":2,"name":"Loja","item":"https:\/\/lovme.pt\/index.php\/loja\/"},{"@type":"ListItem","position":3,"name":"JAMYJOB &#8211; MASTURBADOR AUTOM\u00c1TICO PHANTOM VAGINA 5 MODOS DE SUC\u00c7\u00c3O E IMPULSO"}]},{"@type":"WebSite","@id":"https:\/\/lovme.pt\/#website","url":"https:\/\/lovme.pt\/","name":"Lovme Loja Er\u00f3tica N\u00ba1 em Portugal","description":"A melhor loja er\u00f3tica de Portugal.","alternateName":"Loja Er\u00f3tica Lovme","potentialAction":[{"@type":"SearchAction","target":{"@type":"EntryPoint","urlTemplate":"https:\/\/lovme.pt\/?s={search_term_string}"},"query-input":{"@type":"PropertyValueSpecification","valueRequired":true,"valueName":"search_term_string"}}],"inLanguage":"pt-PT"}]}},"_links":{"self":[{"href":"https:\/\/lovme.pt\/index.php\/wp-json\/wp\/v2\/product\/50171","targetHints":{"allow":["GET"]}}],"collection":[{"href":"https:\/\/lovme.pt\/index.php\/wp-json\/wp\/v2\/product"}],"about":[{"href":"https:\/\/lovme.pt\/index.php\/wp-json\/wp\/v2\/types\/product"}],"wp:featuredmedia":[{"embeddable":true,"href":"https:\/\/lovme.pt\/index.php\/wp-json\/wp\/v2\/media\/64558"}],"wp:attachment":[{"href":"https:\/\/lovme.pt\/index.php\/wp-json\/wp\/v2\/media?parent=50171"}],"wp:term":[{"taxonomy":"product_brand","embeddable":true,"href":"https:\/\/lovme.pt\/index.php\/wp-json\/wp\/v2\/product_brand?post=50171"},{"taxonomy":"product_cat","embeddable":true,"href":"https:\/\/lovme.pt\/index.php\/wp-json\/wp\/v2\/product_cat?post=50171"},{"taxonomy":"product_tag","embeddable":true,"href":"https:\/\/lovme.pt\/index.php\/wp-json\/wp\/v2\/product_tag?post=50171"}],"curies":[{"name":"wp","href":"https:\/\/api.w.org\/{rel}","templated":true}]}}